{"id":23511,"date":"2023-06-20T11:25:52","date_gmt":"2023-06-20T09:25:52","guid":{"rendered":"https:\/\/lisakroeber.com\/uus\/?page_id=23511"},"modified":"2024-07-22T12:55:19","modified_gmt":"2024-07-22T10:55:19","slug":"verkaufskonditionen","status":"publish","type":"page","link":"https:\/\/lisakroeber.com\/de\/verkaufskonditionen\/","title":{"rendered":"Verkaufskonditionen"},"content":{"rendered":"\n\n\t<section class=\"section\" id=\"section_1664021916\">\n\t\t<div class=\"section-bg fill\" >\n\t\t\t\t\t\t\t\t\t\n\t\t\t\n\n\t\t<\/div>\n\n\t\t\n\n\t\t<div class=\"section-content relative\">\n\t\t\t\n\n\t<div id=\"gap-1168924513\" class=\"gap-element clearfix\" style=\"display:block; height:auto;\">\n\t\t\n<style>\n#gap-1168924513 {\n  padding-top: 30px;\n}\n<\/style>\n\t<\/div>\n\t\n\n<div class=\"container section-title-container\" ><h1 class=\"section-title section-title-center\"><b aria-hidden=\"true\"><\/b><span class=\"section-title-main\" >Verkaufskonditionen<\/span><b aria-hidden=\"true\"><\/b><\/h1><\/div>\n\n\n\t\t<\/div>\n\n\t\t\n<style>\n#section_1664021916 {\n  padding-top: 30px;\n  padding-bottom: 30px;\n}\n<\/style>\n\t<\/section>\n\t\n\n\t<section class=\"section\" id=\"section_829742252\">\n\t\t<div class=\"section-bg fill\" >\n\t\t\t\t\t\t\t\t\t\n\t\t\t\n\n\t\t<\/div>\n\n\t\t\n\n\t\t<div class=\"section-content relative\">\n\t\t\t\n\n<div class=\"row\"  id=\"row-278647234\">\n\n\n\t<div id=\"col-17168806\" class=\"col small-12 large-12\"  >\n\t\t\t\t<div class=\"col-inner\"  >\n\t\t\t\n\t\t\t\n\n<p>Der Eigent\u00fcmer des Online-Shops Lisa Kroeber Jewellery (shop.lisakroeber.com) (im Folgenden als Online-Shop bezeichnet) ist LKJ O\u00dc (Registrierungscode 14196277) mit Sitz in Lohu talu, Sinialliku k\u00fcla, 84, 71105, Estland.<\/p>\n<p>G\u00fcltigkeit des Kaufvertrages, Produkt- und Preisinformationen<\/p>\n<p>Die Verkaufsbedingungen gelten f\u00fcr den Kauf von Waren im Online-Shop.<\/p>\n<p>Die Preise der im Online-Shop verkauften Produkte sind neben den Produkten angegeben. Zum Preis kommen noch Versandkosten hinzu.<\/p>\n<p>Die Versandkosten h\u00e4ngen vom Standort des K\u00e4ufers und der Versandart ab. Die Versandkosten werden dem K\u00e4ufer bei der Bestellung angezeigt.<\/p>\n<p>Produktinformationen werden im Online-Shop direkt neben dem Produkt bereitgestellt.<\/p>\n<p>Eine Bestellung aufgeben<\/p>\n<p>Legen Sie die gew\u00fcnschten Produkte in Ihren Warenkorb, um sie zu bestellen. F\u00fcllen Sie alle erforderlichen Felder aus und w\u00e4hlen Sie die am besten geeignete Versandart, um die Bestellung abzuschlie\u00dfen. Die Gesamtkosten werden dann auf dem Bildschirm in Euro (\u20ac) angezeigt. Die Zahlung kann per Online-\u00dcberweisung \u00fcber die Bankverbindungen (COOP Bank, LHV Bank, Liisi Hire Purchase, Luminor, POCO Pay, SEB, Swedbank), PayPal oder Kreditkarte (Mastercard, Visa) erfolgen.<\/p>\n<p>Der Vertrag kommt zustande, wenn der zu zahlende Betrag auf das Bankkonto des Online-Shops \u00fcberwiesen wird oder die Online-Zahlung in der Zahlungsart erfasst wird.<\/p>\n<p>K\u00f6nnen wir die bestellte Ware aufgrund von Lagerbest\u00e4nden oder aus anderen Gr\u00fcnden nicht liefern, wird der K\u00e4ufer schnellstm\u00f6glich dar\u00fcber informiert und der gezahlte Betrag (einschlie\u00dflich der Versandkosten) wird umgehend, sp\u00e4testens jedoch innerhalb von 14 Tagen, nach Erhalt der Benachrichtigung zur\u00fcckerstattet.<\/p>\n<p>Sendung<\/p>\n<p>Der Warenversand erfolgt in folgende L\u00e4nder: Estland, Europa und in die ganze Welt. <\/p>\n<p>F\u00fcr den Versand nutzen wir die folgenden Partner: Omniva, SmartPost, Post und andere Versandpartner, sofern erforderlich und mit dem Kunden vereinbart. <\/p>\n<p>Die Versandkosten tr\u00e4gt der K\u00e4ufer und die jeweiligen Preisinformationen werden neben der Versandart angezeigt.<\/p>\n<p>Alle Sendungen innerhalb Estlands treffen in der Regel innerhalb von 3\u20137 Werktagen nach Inkrafttreten des Kaufvertrags am vom K\u00e4ufer angegebenen Bestimmungsort ein.<\/p>\n<p>Alle Sendungen au\u00dferhalb Estlands werden garantiert innerhalb von 30 Kalendertagen geliefert.<\/p>\n<p>In Ausnahmef\u00e4llen haben wir das Recht, die Ware innerhalb von bis zu 45 Kalendertagen zu versenden.<\/p>\n<p>R\u00fccktrittsrecht<\/p>\n<p>Nach Erhalt der Bestellung hat der K\u00e4ufer das Recht, innerhalb von 14 Tagen vom mit dem E-Shop geschlossenen Vertrag zur\u00fcckzutreten. (Je nach Produkt steht dem K\u00e4ufer nicht zwangsl\u00e4ufig ein Widerrufsrecht zu. Nach Erhalt der Bestellung hat der K\u00e4ufer das Recht, innerhalb von 14 Tagen vom mit dem E-Shop geschlossenen Vertrag zur\u00fcckzutreten. (Je nach Produkt steht dem K\u00e4ufer nicht zwangsl\u00e4ufig ein Widerrufsrecht zu.<\/p>\n<p>Das Widerrufsrecht besteht nicht, wenn der K\u00e4ufer eine juristische Person ist.<\/p>\n<p>Um das 14-t\u00e4gige Widerrufsrecht auszu\u00fcben, d\u00fcrfen Sie die bestellten Waren nicht in einer anderen Weise verwenden, als dies erforderlich ist, um die Beschaffenheit, Eigenschaften und Funktionsweise der Waren auf die gleiche Weise sicherzustellen, wie es Ihnen gestattet w\u00e4re, wenn sie die Waren in einem physischen Gesch\u00e4ft getestet h\u00e4tten.<\/p>\n<p>Wenn die Waren f\u00fcr einen anderen Zweck verwendet wurden, als dies zur Gew\u00e4hrleistung der Beschaffenheit, Eigenschaften und Funktionsweise der Waren erforderlich ist, oder wenn Gebrauchs- oder Abnutzungserscheinungen vorliegen, hat der Online-Shop das Recht, den zur\u00fcckgegebenen Betrag zu reduzieren entsprechend der Wertminderung der Ware.<\/p>\n<p>Um die Ware zur\u00fcckzusenden, m\u00fcssen Sie innerhalb von 14 Tagen nach Erhalt der Ware eine Widerrufserkl\u00e4rung (das Formular finden Sie hier: Widerrufserkl\u00e4rung) an die E-Mail-Adresse senden.<\/p>\n<p>Der K\u00e4ufer tr\u00e4gt die Kosten f\u00fcr die R\u00fccksendung der Ware, es sei denn, der Grund f\u00fcr die R\u00fccksendung liegt darin, dass ein erstattungsf\u00e4higes Produkt nicht der Bestellung entspricht (z. B. ein falsches oder defektes Produkt).<\/p>\n<p>Der K\u00e4ufer muss die Ware innerhalb von 14 Tagen nach Abgabe der Widerrufserkl\u00e4rung zur\u00fccksenden oder den Nachweis erbringen, dass er die Ware innerhalb der vorgenannten Frist an den Spediteur \u00fcbergeben hat.<\/p>\n<p>Nach Erhalt der zur\u00fcckgegebenen Ware erstattet der Online-Shop dem K\u00e4ufer unverz\u00fcglich, sp\u00e4testens jedoch nach 14 Tagen alle vom K\u00e4ufer aufgrund des Vertrags erhaltenen Zahlungen zur\u00fcck.<\/p>\n<p>Der Online-Shop hat das Recht, die R\u00fcckerstattung zu verweigern, bis die zur\u00fcckgesandten Waren eingegangen sind oder der K\u00e4ufer den Nachweis \u00fcber die R\u00fccksendung der Produkte erbracht hat, je nachdem, was zuerst eintritt.<\/p>\n<p>Hat der K\u00e4ufer eindeutig eine andere Versandart als die vom Online-Shop angebotene g\u00fcnstigste \u00fcbliche Versandart gew\u00e4hlt, ist der Shop nicht zum Ersatz der \u00fcber die \u00fcblichen Versandkosten hinausgehenden Kosten verpflichtet.<\/p>\n<p>Der Online-Shop hat das Recht, vom Verkauf zur\u00fcckzutreten und die R\u00fcckgabe der Ware vom K\u00e4ufer zu verlangen, wenn der im Online-Shop angegebene Preis der Ware aufgrund eines Irrtums wesentlich niedriger ist als der Marktpreis der Ware.<\/p>\n<p>Besch\u00e4digte G\u00fcter<\/p>\n<p>Der Online-Shop haftet f\u00fcr die Nichteinhaltung der Vertragsbedingungen durch die an den K\u00e4ufer verkaufte Ware oder f\u00fcr M\u00e4ngel, die bereits zum Zeitpunkt der Lieferung vorhanden waren und innerhalb von zwei Jahren nach Lieferung der Ware an den K\u00e4ufer auftreten. In den ersten sechs Monaten nach der Lieferung wird davon ausgegangen, dass der Mangel bereits zum Zeitpunkt der Lieferung vorhanden war. Es liegt in der Verantwortung des Online-Shops, das Gegenteil zu beweisen.<\/p>\n<p>Der K\u00e4ufer hat das Recht, sich innerhalb von zwei Monaten nach Auftreten eines Mangels per E-Mail an info@lisakroeber.com an den Online-Shop zu wenden.<\/p>\n<p>Der Online-Shop haftet nicht f\u00fcr M\u00e4ngel, die nach der Lieferung der Ware an den K\u00e4ufer entstehen.<\/p>\n<p>Wenn im Online-Shop gekaufte Waren M\u00e4ngel aufweisen, die der Online-Shop zu vertreten hat, wird der Online-Shop die mangelhafte Ware reparieren oder ersetzen. Wenn die Ware nicht repariert oder ersetzt werden kann, erstattet der Online-Shop dem K\u00e4ufer alle Zahlungen aus dem Kaufvertrag zur\u00fcck.<\/p>\n<p>Der Online-Shop wird auf die Beschwerde des Verbrauchers innerhalb von 15 Tagen schriftlich oder in einer Form antworten, die eine schriftliche Reproduktion erm\u00f6glicht.<\/p>\n<p>Direktmarketing und Verarbeitung personenbezogener Daten<\/p>\n<p>Der Online-Shop verwendet die vom K\u00e4ufer eingegebenen personenbezogenen Daten (einschlie\u00dflich Name, Telefonnummer, Adresse, E-Mail-Adresse und Bankverbindung) ausschlie\u00dflich zur Abwicklung der Bestellung und zum Versand der Ware an den K\u00e4ufer. Zur Zustellung der Ware gibt der Online-Shop personenbezogene Daten an den Transportdienstleister weiter.<\/p>\n<p>Der Online-Shop versendet Newsletter und Angebote nur dann an die E-Mail-Adresse des K\u00e4ufers, wenn der K\u00e4ufer seinen Wunsch zum Erhalt dieser Newsletter durch die Eingabe seiner E-Mail-Adresse auf der Website und die Angabe seines Wunsches, Direktwerbung zu erhalten, ge\u00e4u\u00dfert hat.<\/p>\n<p>Der K\u00e4ufer kann die Zusendung von Angeboten und Newslettern an seine E-Mail-Adresse jederzeit abbestellen, indem er uns dies per E-Mail mitteilt oder den Anweisungen in einer E-Mail mit einem Angebot folgt.<\/p>\n<p>Beilegung von Streitigkeiten<\/p>\n<p>Alle Beschwerden eines K\u00e4ufers \u00fcber den Online-Shop m\u00fcssen per E-Mail an info@lisakroeber.com gesendet werden.<\/p>\n<p>Wenn der K\u00e4ufer und der Online-Shop den Streit nicht einvernehmlich beilegen k\u00f6nnen, kann sich der K\u00e4ufer an den Ausschuss f\u00fcr Verbraucherstreitigkeiten wenden. Hier k\u00f6nnen Sie die Verfahrensregeln einsehen und eine Beschwerde einreichen. Der Ausschuss f\u00fcr Verbraucherstreitigkeiten ist f\u00fcr die Beilegung von Streitigkeiten zust\u00e4ndig, die sich aus einem Vertrag zwischen einem K\u00e4ufer und dem Online-Shop ergeben. Die Streitbeilegung durch die Verbraucherschlichtungsstelle ist f\u00fcr den K\u00e4ufer kostenfrei.<\/p>\n<p>Ein K\u00e4ufer kann sich auch an die Streitbeilegungsstellen der Europ\u00e4ischen Union wenden.<\/p>\n\n\n\t\t<\/div>\n\t\t\t\t\t<\/div>\n\n\t\n\n<\/div>\n\n\t\t<\/div>\n\n\t\t\n<style>\n#section_829742252 {\n  padding-top: 0px;\n  padding-bottom: 0px;\n}\n<\/style>\n\t<\/section>\n\t\n\n","protected":false},"excerpt":{"rendered":"","protected":false},"author":1,"featured_media":0,"parent":0,"menu_order":0,"comment_status":"closed","ping_status":"closed","template":"page-blank.php","meta":{"content-type":"","footnotes":""},"class_list":["post-23511","page","type-page","status-publish","hentry"],"yoast_head":"<!-- This site is optimized with the Yoast SEO plugin v27.4 - https:\/\/yoast.com\/product\/yoast-seo-wordpress\/ -->\n<title>Verkaufskonditionen - Lisa Kroeber Jewellery Art<\/title>\n<meta name=\"robots\" content=\"index, follow, max-snippet:-1, max-image-preview:large, max-video-preview:-1\" \/>\n<link rel=\"canonical\" href=\"https:\/\/lisakroeber.com\/de\/verkaufskonditionen\/\" \/>\n<meta property=\"og:locale\" content=\"de_DE\" \/>\n<meta property=\"og:type\" content=\"article\" \/>\n<meta property=\"og:title\" content=\"Verkaufskonditionen - Lisa Kroeber Jewellery Art\" \/>\n<meta property=\"og:url\" content=\"https:\/\/lisakroeber.com\/de\/verkaufskonditionen\/\" \/>\n<meta property=\"og:site_name\" content=\"Lisa Kroeber Jewellery Art\" \/>\n<meta property=\"article:modified_time\" content=\"2024-07-22T10:55:19+00:00\" \/>\n<meta name=\"twitter:card\" content=\"summary_large_image\" \/>\n<meta name=\"twitter:label1\" content=\"Gesch\u00e4tzte Lesezeit\" \/>\n\t<meta name=\"twitter:data1\" content=\"5\u00a0Minuten\" \/>\n<script type=\"application\/ld+json\" class=\"yoast-schema-graph\">{\"@context\":\"https:\\\/\\\/schema.org\",\"@graph\":[{\"@type\":\"WebPage\",\"@id\":\"https:\\\/\\\/lisakroeber.com\\\/de\\\/verkaufskonditionen\\\/\",\"url\":\"https:\\\/\\\/lisakroeber.com\\\/de\\\/verkaufskonditionen\\\/\",\"name\":\"Verkaufskonditionen - Lisa Kroeber Jewellery Art\",\"isPartOf\":{\"@id\":\"https:\\\/\\\/lisakroeber.com\\\/#website\"},\"datePublished\":\"2023-06-20T09:25:52+00:00\",\"dateModified\":\"2024-07-22T10:55:19+00:00\",\"breadcrumb\":{\"@id\":\"https:\\\/\\\/lisakroeber.com\\\/de\\\/verkaufskonditionen\\\/#breadcrumb\"},\"inLanguage\":\"de\",\"potentialAction\":[{\"@type\":\"ReadAction\",\"target\":[\"https:\\\/\\\/lisakroeber.com\\\/de\\\/verkaufskonditionen\\\/\"]}]},{\"@type\":\"BreadcrumbList\",\"@id\":\"https:\\\/\\\/lisakroeber.com\\\/de\\\/verkaufskonditionen\\\/#breadcrumb\",\"itemListElement\":[{\"@type\":\"ListItem\",\"position\":1,\"name\":\"Home\",\"item\":\"https:\\\/\\\/lisakroeber.com\\\/de\\\/\"},{\"@type\":\"ListItem\",\"position\":2,\"name\":\"Verkaufskonditionen\"}]},{\"@type\":\"WebSite\",\"@id\":\"https:\\\/\\\/lisakroeber.com\\\/#website\",\"url\":\"https:\\\/\\\/lisakroeber.com\\\/\",\"name\":\"Lisa Kroeber Jewellery Art\",\"description\":\"Lisa Kroeber Jewellery Art e-shop\",\"publisher\":{\"@id\":\"https:\\\/\\\/lisakroeber.com\\\/#organization\"},\"potentialAction\":[{\"@type\":\"SearchAction\",\"target\":{\"@type\":\"EntryPoint\",\"urlTemplate\":\"https:\\\/\\\/lisakroeber.com\\\/?s={search_term_string}\"},\"query-input\":{\"@type\":\"PropertyValueSpecification\",\"valueRequired\":true,\"valueName\":\"search_term_string\"}}],\"inLanguage\":\"de\"},{\"@type\":\"Organization\",\"@id\":\"https:\\\/\\\/lisakroeber.com\\\/#organization\",\"name\":\"Lisa Kroeber Jewellery\",\"url\":\"https:\\\/\\\/lisakroeber.com\\\/\",\"logo\":{\"@type\":\"ImageObject\",\"inLanguage\":\"de\",\"@id\":\"https:\\\/\\\/lisakroeber.com\\\/#\\\/schema\\\/logo\\\/image\\\/\",\"url\":\"https:\\\/\\\/lisakroeber.com\\\/wp-content\\\/uploads\\\/2024\\\/07\\\/47178367_317322115661289_143956003702964224_n-e1543863670541.svg\",\"contentUrl\":\"https:\\\/\\\/lisakroeber.com\\\/wp-content\\\/uploads\\\/2024\\\/07\\\/47178367_317322115661289_143956003702964224_n-e1543863670541.svg\",\"width\":1,\"height\":1,\"caption\":\"Lisa Kroeber Jewellery\"},\"image\":{\"@id\":\"https:\\\/\\\/lisakroeber.com\\\/#\\\/schema\\\/logo\\\/image\\\/\"}}]}<\/script>\n<!-- \/ Yoast SEO plugin. -->","yoast_head_json":{"title":"Verkaufskonditionen - Lisa Kroeber Jewellery Art","robots":{"index":"index","follow":"follow","max-snippet":"max-snippet:-1","max-image-preview":"max-image-preview:large","max-video-preview":"max-video-preview:-1"},"canonical":"https:\/\/lisakroeber.com\/de\/verkaufskonditionen\/","og_locale":"de_DE","og_type":"article","og_title":"Verkaufskonditionen - Lisa Kroeber Jewellery Art","og_url":"https:\/\/lisakroeber.com\/de\/verkaufskonditionen\/","og_site_name":"Lisa Kroeber Jewellery Art","article_modified_time":"2024-07-22T10:55:19+00:00","twitter_card":"summary_large_image","twitter_misc":{"Gesch\u00e4tzte Lesezeit":"5\u00a0Minuten"},"schema":{"@context":"https:\/\/schema.org","@graph":[{"@type":"WebPage","@id":"https:\/\/lisakroeber.com\/de\/verkaufskonditionen\/","url":"https:\/\/lisakroeber.com\/de\/verkaufskonditionen\/","name":"Verkaufskonditionen - Lisa Kroeber Jewellery Art","isPartOf":{"@id":"https:\/\/lisakroeber.com\/#website"},"datePublished":"2023-06-20T09:25:52+00:00","dateModified":"2024-07-22T10:55:19+00:00","breadcrumb":{"@id":"https:\/\/lisakroeber.com\/de\/verkaufskonditionen\/#breadcrumb"},"inLanguage":"de","potentialAction":[{"@type":"ReadAction","target":["https:\/\/lisakroeber.com\/de\/verkaufskonditionen\/"]}]},{"@type":"BreadcrumbList","@id":"https:\/\/lisakroeber.com\/de\/verkaufskonditionen\/#breadcrumb","itemListElement":[{"@type":"ListItem","position":1,"name":"Home","item":"https:\/\/lisakroeber.com\/de\/"},{"@type":"ListItem","position":2,"name":"Verkaufskonditionen"}]},{"@type":"WebSite","@id":"https:\/\/lisakroeber.com\/#website","url":"https:\/\/lisakroeber.com\/","name":"Lisa Kroeber Jewellery Art","description":"Lisa Kroeber Jewellery Art e-shop","publisher":{"@id":"https:\/\/lisakroeber.com\/#organization"},"potentialAction":[{"@type":"SearchAction","target":{"@type":"EntryPoint","urlTemplate":"https:\/\/lisakroeber.com\/?s={search_term_string}"},"query-input":{"@type":"PropertyValueSpecification","valueRequired":true,"valueName":"search_term_string"}}],"inLanguage":"de"},{"@type":"Organization","@id":"https:\/\/lisakroeber.com\/#organization","name":"Lisa Kroeber Jewellery","url":"https:\/\/lisakroeber.com\/","logo":{"@type":"ImageObject","inLanguage":"de","@id":"https:\/\/lisakroeber.com\/#\/schema\/logo\/image\/","url":"https:\/\/lisakroeber.com\/wp-content\/uploads\/2024\/07\/47178367_317322115661289_143956003702964224_n-e1543863670541.svg","contentUrl":"https:\/\/lisakroeber.com\/wp-content\/uploads\/2024\/07\/47178367_317322115661289_143956003702964224_n-e1543863670541.svg","width":1,"height":1,"caption":"Lisa Kroeber Jewellery"},"image":{"@id":"https:\/\/lisakroeber.com\/#\/schema\/logo\/image\/"}}]}},"_links":{"self":[{"href":"https:\/\/lisakroeber.com\/de\/wp-json\/wp\/v2\/pages\/23511","targetHints":{"allow":["GET"]}}],"collection":[{"href":"https:\/\/lisakroeber.com\/de\/wp-json\/wp\/v2\/pages"}],"about":[{"href":"https:\/\/lisakroeber.com\/de\/wp-json\/wp\/v2\/types\/page"}],"author":[{"embeddable":true,"href":"https:\/\/lisakroeber.com\/de\/wp-json\/wp\/v2\/users\/1"}],"replies":[{"embeddable":true,"href":"https:\/\/lisakroeber.com\/de\/wp-json\/wp\/v2\/comments?post=23511"}],"version-history":[{"count":0,"href":"https:\/\/lisakroeber.com\/de\/wp-json\/wp\/v2\/pages\/23511\/revisions"}],"wp:attachment":[{"href":"https:\/\/lisakroeber.com\/de\/wp-json\/wp\/v2\/media?parent=23511"}],"curies":[{"name":"wp","href":"https:\/\/api.w.org\/{rel}","templated":true}]}}