{"id":308200,"date":"2025-03-24T17:55:22","date_gmt":"2025-03-24T15:55:22","guid":{"rendered":"https:\/\/lisakroeber.com\/werkstatt-fuer-verlobungsringe\/"},"modified":"2025-05-19T11:38:29","modified_gmt":"2025-05-19T09:38:29","slug":"werkstatt-fuer-verlobungsringe","status":"publish","type":"page","link":"https:\/\/lisakroeber.com\/de\/werkstatt-fuer-verlobungsringe\/","title":{"rendered":"Eheringe Schmuckkurs"},"content":{"rendered":"\n<div class=\"row\"  id=\"row-551751736\">\n\n\n\t<div id=\"col-1832786597\" class=\"col medium-5 small-12 large-5\"  >\n\t\t\t\t<div class=\"col-inner\"  >\n\t\t\t\n\t\t\t\n\n\t<div class=\"img has-hover x md-x lg-x y md-y lg-y\" id=\"image_1858804990\">\n\t\t<a class=\"image-lightbox lightbox-gallery\" title=\"\" href=\"https:\/\/lisakroeber.com\/wp-content\/uploads\/2025\/05\/abielus6rmus-kursus-1-601x800.jpg\">\t\t\t\t\t\t<div class=\"img-inner dark\" >\n\t\t\t<img decoding=\"async\" width=\"601\" height=\"800\" src=\"https:\/\/lisakroeber.com\/wp-content\/uploads\/2025\/05\/abielus6rmus-kursus-1-601x800.jpg\" class=\"attachment-large size-large\" alt=\"\" srcset=\"https:\/\/lisakroeber.com\/wp-content\/uploads\/2025\/05\/abielus6rmus-kursus-1-601x800.jpg 601w, https:\/\/lisakroeber.com\/wp-content\/uploads\/2025\/05\/abielus6rmus-kursus-1-300x400.jpg 300w, https:\/\/lisakroeber.com\/wp-content\/uploads\/2025\/05\/abielus6rmus-kursus-1-768x1023.jpg 768w, https:\/\/lisakroeber.com\/wp-content\/uploads\/2025\/05\/abielus6rmus-kursus-1-1153x1536.jpg 1153w, https:\/\/lisakroeber.com\/wp-content\/uploads\/2025\/05\/abielus6rmus-kursus-1-1538x2048.jpg 1538w, https:\/\/lisakroeber.com\/wp-content\/uploads\/2025\/05\/abielus6rmus-kursus-1-510x679.jpg 510w, https:\/\/lisakroeber.com\/wp-content\/uploads\/2025\/05\/abielus6rmus-kursus-1-scaled.jpg 1922w\" sizes=\"(max-width: 601px) 100vw, 601px\" \/>\t\t\t\t\t\t\n\t\t\t\t\t<\/div>\n\t\t\t\t\t\t<\/a>\t\t\n<style>\n#image_1858804990 {\n  width: 100%;\n}\n<\/style>\n\t<\/div>\n\t\n\n\n\t\t<\/div>\n\t\t\t\t\n<style>\n#col-1832786597 > .col-inner {\n  padding: 0px 0px 0px 0px;\n  margin: 0px 0px -10px 0px;\n}\n<\/style>\n\t<\/div>\n\n\t\n\n\t<div id=\"col-644899555\" class=\"col medium-7 small-12 large-7\"  >\n\t\t\t\t<div class=\"col-inner\"  >\n\t\t\t\n\t\t\t\n\n<div class=\"container section-title-container\" ><h1 class=\"section-title section-title-normal\"><b aria-hidden=\"true\"><\/b><span class=\"section-title-main\" >Eheringe Schmuckkurs<\/span><b aria-hidden=\"true\"><\/b><\/h1><\/div>\n\n<p>In dem Schmuckkurs kreiert ihr zwei klassische Eheringe<\/p>\n<p>Wenn ihr die Idee m\u00f6gt, eure eigenen Eheringe f\u00fcreinander zu gestalten, seid ihr bei uns genau richtig. Unter unserer Anleitung k\u00f6nnt ihr klassische, schlichte und dennoch elegante goldene Eheringe mit pers\u00f6nlicher Note f\u00fcreinander gestalten. <\/p>\n<p>Wirklich einzigartige Ringe, die euch ein Leben lang begleiten.<\/p>\n<p>Ihr erhaltet die fertigen Ringe in einer sch\u00f6nen schwarzen Ringbox.<\/p>\n\t<div id=\"text-1503939741\" class=\"text\">\n\t\t\n\n<p><b>Der Kurs dauert ca. 3 Stunden<\/b><\/p><b>\n<\/b><p>F\u00fcr 2 Teilnehmer<\/p>\n<p><b>Preis f\u00fcr zwei Personen: 300 \u20ac<br>zzgl. Material<br>zzgl. Zusatzarbeiten wie Steine und deren Fassung und\/oder Gravuren<\/b><\/p>\n\t\t\n<style>\n#text-1503939741 {\n  text-align: left;\n}\n<\/style>\n\t<\/div>\n\t\n\t<div id=\"text-2408887444\" class=\"text\">\n\t\t\n\n<p><b>Wo<br><\/b>Unsere Schmuckkurse finden im Studio von Lisa Kroeber Jewellery und Maarja Palu im Loomehoovik, Raua 4 in Viljandi statt.<\/p>\n\t\t\n<style>\n#text-2408887444 {\n  text-align: left;\n}\n<\/style>\n\t<\/div>\n\t\n\t<div id=\"text-311990540\" class=\"text\">\n\t\t\n\n<p><b>Von wem<br><\/b>Die Kurse werden von Maarja Palu geleitet, die an der Kulturakademie Viljandi Schmuckdesign studiert hat.<br>Maarja ist nicht nur Teil des Teams von Lisa Kroeber Jewellery, sondern arbeitet auch selbstst\u00e4ndig als Schmuckdesignerin.<br>Daher verf\u00fcgt sie \u00fcber umfangreiche Erfahrung und ausgezeichnetes Fachwissen, um Sie anzuleiten, zu unterst\u00fctzen und all Ihre Fragen zu beantworten.  <\/p>\n\t\t\n<style>\n#text-311990540 {\n  text-align: left;\n}\n<\/style>\n\t<\/div>\n\t\n\n\t\t<\/div>\n\t\t\t\t\t<\/div>\n\n\t\n\n<\/div>\n<div class=\"row\"  id=\"row-1301830972\">\n\n\n\t<div id=\"col-805124126\" class=\"col small-12 large-12\"  >\n\t\t\t\t<div class=\"col-inner\"  >\n\t\t\t\n\t\t\t\n\n\t<div id=\"gap-1270255404\" class=\"gap-element clearfix\" style=\"display:block; height:auto;\">\n\t\t\n<style>\n#gap-1270255404 {\n  padding-top: 0px;\n}\n@media (min-width:550px) {\n  #gap-1270255404 {\n    padding-top: 30px;\n  }\n}\n<\/style>\n\t<\/div>\n\t\n\n<div class=\"container section-title-container\" ><h2 class=\"section-title section-title-normal\"><b aria-hidden=\"true\"><\/b><span class=\"section-title-main\" >Anfrage senden<\/span><b aria-hidden=\"true\"><\/b><\/h2><\/div>\n\n\n\n<style id=\"wpforms-css-vars-308180\">\n\t\t\t\t#wpforms-308180 {\n\t\t\t\t\n\t\t\t}\n\t\t\t<\/style><div class=\"wpforms-container wpforms-container-full wpforms-render-modern\" id=\"wpforms-308180\"><form id=\"wpforms-form-308180\" class=\"wpforms-validate wpforms-form wpforms-ajax-form\" data-formid=\"308180\" method=\"post\" enctype=\"multipart\/form-data\" action=\"\/de\/wp-json\/wp\/v2\/pages\/308200\" data-token=\"3f5c2369276dd759027d17689b6cac17\" data-token-time=\"1776675915\"><noscript class=\"wpforms-error-noscript\">Bitte aktiviere JavaScript in deinem Browser, um dieses Formular fertigzustellen.<\/noscript><div id=\"wpforms-error-noscript\" style=\"display: none;\">Bitte aktiviere JavaScript in deinem Browser, um dieses Formular fertigzustellen.<\/div><div class=\"wpforms-field-container\"><div id=\"wpforms-308180-field_1-container\" class=\"wpforms-field wpforms-field-name\" data-field-id=\"1\"><fieldset><legend class=\"wpforms-field-label\">Name <span class=\"wpforms-required-label\" aria-hidden=\"true\">*<\/span><\/legend><div class=\"wpforms-field-row wpforms-field-large\"><div class=\"wpforms-field-row-block wpforms-first wpforms-one-half\"><input type=\"text\" id=\"wpforms-308180-field_1\" class=\"wpforms-field-name-first wpforms-field-required\" name=\"wpforms[fields][1][first]\" aria-errormessage=\"wpforms-308180-field_1-error\" required><label for=\"wpforms-308180-field_1\" class=\"wpforms-field-sublabel after\">Vorname<\/label><\/div><div class=\"wpforms-field-row-block wpforms-one-half\"><input type=\"text\" id=\"wpforms-308180-field_1-last\" class=\"wpforms-field-name-last wpforms-field-required\" name=\"wpforms[fields][1][last]\" aria-errormessage=\"wpforms-308180-field_1-last-error\" required><label for=\"wpforms-308180-field_1-last\" class=\"wpforms-field-sublabel after\">Nachname<\/label><\/div><\/div><\/fieldset><\/div>\t\t<div id=\"wpforms-308180-field_4-container\"\n\t\t\tclass=\"wpforms-field wpforms-field-text\"\n\t\t\tdata-field-type=\"text\"\n\t\t\tdata-field-id=\"4\"\n\t\t\t>\n\t\t\t<label class=\"wpforms-field-label\" for=\"wpforms-308180-field_4\" >kommen, Ringgr\u00f6\u00dfe, Name<\/label>\n\t\t\t<input type=\"text\" id=\"wpforms-308180-field_4\" class=\"wpforms-field-medium\" name=\"wpforms[fields][4]\" >\n\t\t<\/div>\n\t\t<div id=\"wpforms-308180-field_2-container\" class=\"wpforms-field wpforms-field-email\" data-field-id=\"2\"><label class=\"wpforms-field-label\" for=\"wpforms-308180-field_2\">E-mail <span class=\"wpforms-required-label\" aria-hidden=\"true\">*<\/span><\/label><input type=\"email\" id=\"wpforms-308180-field_2\" class=\"wpforms-field-large wpforms-field-required\" name=\"wpforms[fields][2]\" spellcheck=\"false\" aria-errormessage=\"wpforms-308180-field_2-error\" required><\/div><div id=\"wpforms-308180-field_3-container\" class=\"wpforms-field wpforms-field-textarea\" data-field-id=\"3\"><label class=\"wpforms-field-label\" for=\"wpforms-308180-field_3\">Ihre Nachricht (Wann m\u00f6chten Sie kommen, Ringgr\u00f6\u00dfe, Materialw\u00fcnsche etc.) <span class=\"wpforms-required-label\" aria-hidden=\"true\">*<\/span><\/label><textarea id=\"wpforms-308180-field_3\" class=\"wpforms-field-medium wpforms-field-required\" name=\"wpforms[fields][3]\" aria-errormessage=\"wpforms-308180-field_3-error\" required><\/textarea><\/div><script>\n\t\t\t\t( function() {\n\t\t\t\t\tconst style = document.createElement( 'style' );\n\t\t\t\t\tstyle.appendChild( document.createTextNode( '#wpforms-308180-field_4-container { position: absolute !important; overflow: hidden !important; display: inline !important; height: 1px !important; width: 1px !important; z-index: -1000 !important; padding: 0 !important; } #wpforms-308180-field_4-container input { visibility: hidden; } #wpforms-conversational-form-page #wpforms-308180-field_4-container label { counter-increment: none; }' ) );\n\t\t\t\t\tdocument.head.appendChild( style );\n\t\t\t\t\tdocument.currentScript?.remove();\n\t\t\t\t} )();\n\t\t\t<\/script><\/div><!-- .wpforms-field-container --><div class=\"wpforms-recaptcha-container wpforms-is-recaptcha wpforms-is-recaptcha-type-v3\" ><input type=\"hidden\" name=\"wpforms[recaptcha]\" value=\"\"><\/div><div class=\"wpforms-submit-container\" ><input type=\"hidden\" name=\"wpforms[id]\" value=\"308180\"><input type=\"hidden\" name=\"page_title\" value=\"\"><input type=\"hidden\" name=\"page_url\" value=\"https:\/\/lisakroeber.com\/de\/wp-json\/wp\/v2\/pages\/308200\"><input type=\"hidden\" name=\"url_referer\" value=\"\"><button type=\"submit\" name=\"wpforms[submit]\" id=\"wpforms-submit-308180\" class=\"wpforms-submit\" data-alt-text=\"Senden...\" data-submit-text=\"Einreichen\" aria-live=\"assertive\" value=\"wpforms-submit\">Einreichen<\/button><img decoding=\"async\" src=\"https:\/\/lisakroeber.com\/wp-content\/plugins\/wpforms-lite\/assets\/images\/submit-spin.svg\" class=\"wpforms-submit-spinner\" style=\"display: none;\" width=\"26\" height=\"26\" alt=\"Wird geladen\"><\/div><\/form><\/div>  <!-- .wpforms-container -->\n\n\n\t\t<\/div>\n\t\t\t\t\t<\/div>\n\n\t\n\n<\/div>\n\n","protected":false},"excerpt":{"rendered":"","protected":false},"author":1401,"featured_media":0,"parent":0,"menu_order":0,"comment_status":"closed","ping_status":"closed","template":"","meta":{"content-type":"","footnotes":""},"class_list":["post-308200","page","type-page","status-publish","hentry"],"yoast_head":"<!-- This site is optimized with the Yoast SEO plugin v27.4 - https:\/\/yoast.com\/product\/yoast-seo-wordpress\/ -->\n<title>Eheringe Schmuckkurs - Lisa Kroeber Jewellery Art<\/title>\n<meta name=\"robots\" content=\"index, follow, max-snippet:-1, max-image-preview:large, max-video-preview:-1\" \/>\n<link rel=\"canonical\" href=\"https:\/\/lisakroeber.com\/de\/werkstatt-fuer-verlobungsringe\/\" \/>\n<meta property=\"og:locale\" content=\"de_DE\" \/>\n<meta property=\"og:type\" content=\"article\" \/>\n<meta property=\"og:title\" content=\"Eheringe Schmuckkurs - Lisa Kroeber Jewellery Art\" \/>\n<meta property=\"og:url\" content=\"https:\/\/lisakroeber.com\/de\/werkstatt-fuer-verlobungsringe\/\" \/>\n<meta property=\"og:site_name\" content=\"Lisa Kroeber Jewellery Art\" \/>\n<meta property=\"article:modified_time\" content=\"2025-05-19T09:38:29+00:00\" \/>\n<meta name=\"twitter:card\" content=\"summary_large_image\" \/>\n<meta name=\"twitter:label1\" content=\"Gesch\u00e4tzte Lesezeit\" \/>\n\t<meta name=\"twitter:data1\" content=\"1\u00a0Minute\" \/>\n<script type=\"application\/ld+json\" class=\"yoast-schema-graph\">{\"@context\":\"https:\\\/\\\/schema.org\",\"@graph\":[{\"@type\":\"WebPage\",\"@id\":\"https:\\\/\\\/lisakroeber.com\\\/de\\\/werkstatt-fuer-verlobungsringe\\\/\",\"url\":\"https:\\\/\\\/lisakroeber.com\\\/de\\\/werkstatt-fuer-verlobungsringe\\\/\",\"name\":\"Eheringe Schmuckkurs - Lisa Kroeber Jewellery Art\",\"isPartOf\":{\"@id\":\"https:\\\/\\\/lisakroeber.com\\\/#website\"},\"datePublished\":\"2025-03-24T15:55:22+00:00\",\"dateModified\":\"2025-05-19T09:38:29+00:00\",\"breadcrumb\":{\"@id\":\"https:\\\/\\\/lisakroeber.com\\\/de\\\/werkstatt-fuer-verlobungsringe\\\/#breadcrumb\"},\"inLanguage\":\"de\",\"potentialAction\":[{\"@type\":\"ReadAction\",\"target\":[\"https:\\\/\\\/lisakroeber.com\\\/de\\\/werkstatt-fuer-verlobungsringe\\\/\"]}]},{\"@type\":\"BreadcrumbList\",\"@id\":\"https:\\\/\\\/lisakroeber.com\\\/de\\\/werkstatt-fuer-verlobungsringe\\\/#breadcrumb\",\"itemListElement\":[{\"@type\":\"ListItem\",\"position\":1,\"name\":\"Home\",\"item\":\"https:\\\/\\\/lisakroeber.com\\\/de\\\/\"},{\"@type\":\"ListItem\",\"position\":2,\"name\":\"Eheringe Schmuckkurs\"}]},{\"@type\":\"WebSite\",\"@id\":\"https:\\\/\\\/lisakroeber.com\\\/#website\",\"url\":\"https:\\\/\\\/lisakroeber.com\\\/\",\"name\":\"Lisa Kroeber Jewellery Art\",\"description\":\"Lisa Kroeber Jewellery Art e-shop\",\"publisher\":{\"@id\":\"https:\\\/\\\/lisakroeber.com\\\/#organization\"},\"potentialAction\":[{\"@type\":\"SearchAction\",\"target\":{\"@type\":\"EntryPoint\",\"urlTemplate\":\"https:\\\/\\\/lisakroeber.com\\\/?s={search_term_string}\"},\"query-input\":{\"@type\":\"PropertyValueSpecification\",\"valueRequired\":true,\"valueName\":\"search_term_string\"}}],\"inLanguage\":\"de\"},{\"@type\":\"Organization\",\"@id\":\"https:\\\/\\\/lisakroeber.com\\\/#organization\",\"name\":\"Lisa Kroeber Jewellery\",\"url\":\"https:\\\/\\\/lisakroeber.com\\\/\",\"logo\":{\"@type\":\"ImageObject\",\"inLanguage\":\"de\",\"@id\":\"https:\\\/\\\/lisakroeber.com\\\/#\\\/schema\\\/logo\\\/image\\\/\",\"url\":\"https:\\\/\\\/lisakroeber.com\\\/wp-content\\\/uploads\\\/2024\\\/07\\\/47178367_317322115661289_143956003702964224_n-e1543863670541.svg\",\"contentUrl\":\"https:\\\/\\\/lisakroeber.com\\\/wp-content\\\/uploads\\\/2024\\\/07\\\/47178367_317322115661289_143956003702964224_n-e1543863670541.svg\",\"width\":1,\"height\":1,\"caption\":\"Lisa Kroeber Jewellery\"},\"image\":{\"@id\":\"https:\\\/\\\/lisakroeber.com\\\/#\\\/schema\\\/logo\\\/image\\\/\"}}]}<\/script>\n<!-- \/ Yoast SEO plugin. -->","yoast_head_json":{"title":"Eheringe Schmuckkurs - Lisa Kroeber Jewellery Art","robots":{"index":"index","follow":"follow","max-snippet":"max-snippet:-1","max-image-preview":"max-image-preview:large","max-video-preview":"max-video-preview:-1"},"canonical":"https:\/\/lisakroeber.com\/de\/werkstatt-fuer-verlobungsringe\/","og_locale":"de_DE","og_type":"article","og_title":"Eheringe Schmuckkurs - Lisa Kroeber Jewellery Art","og_url":"https:\/\/lisakroeber.com\/de\/werkstatt-fuer-verlobungsringe\/","og_site_name":"Lisa Kroeber Jewellery Art","article_modified_time":"2025-05-19T09:38:29+00:00","twitter_card":"summary_large_image","twitter_misc":{"Gesch\u00e4tzte Lesezeit":"1\u00a0Minute"},"schema":{"@context":"https:\/\/schema.org","@graph":[{"@type":"WebPage","@id":"https:\/\/lisakroeber.com\/de\/werkstatt-fuer-verlobungsringe\/","url":"https:\/\/lisakroeber.com\/de\/werkstatt-fuer-verlobungsringe\/","name":"Eheringe Schmuckkurs - Lisa Kroeber Jewellery Art","isPartOf":{"@id":"https:\/\/lisakroeber.com\/#website"},"datePublished":"2025-03-24T15:55:22+00:00","dateModified":"2025-05-19T09:38:29+00:00","breadcrumb":{"@id":"https:\/\/lisakroeber.com\/de\/werkstatt-fuer-verlobungsringe\/#breadcrumb"},"inLanguage":"de","potentialAction":[{"@type":"ReadAction","target":["https:\/\/lisakroeber.com\/de\/werkstatt-fuer-verlobungsringe\/"]}]},{"@type":"BreadcrumbList","@id":"https:\/\/lisakroeber.com\/de\/werkstatt-fuer-verlobungsringe\/#breadcrumb","itemListElement":[{"@type":"ListItem","position":1,"name":"Home","item":"https:\/\/lisakroeber.com\/de\/"},{"@type":"ListItem","position":2,"name":"Eheringe Schmuckkurs"}]},{"@type":"WebSite","@id":"https:\/\/lisakroeber.com\/#website","url":"https:\/\/lisakroeber.com\/","name":"Lisa Kroeber Jewellery Art","description":"Lisa Kroeber Jewellery Art e-shop","publisher":{"@id":"https:\/\/lisakroeber.com\/#organization"},"potentialAction":[{"@type":"SearchAction","target":{"@type":"EntryPoint","urlTemplate":"https:\/\/lisakroeber.com\/?s={search_term_string}"},"query-input":{"@type":"PropertyValueSpecification","valueRequired":true,"valueName":"search_term_string"}}],"inLanguage":"de"},{"@type":"Organization","@id":"https:\/\/lisakroeber.com\/#organization","name":"Lisa Kroeber Jewellery","url":"https:\/\/lisakroeber.com\/","logo":{"@type":"ImageObject","inLanguage":"de","@id":"https:\/\/lisakroeber.com\/#\/schema\/logo\/image\/","url":"https:\/\/lisakroeber.com\/wp-content\/uploads\/2024\/07\/47178367_317322115661289_143956003702964224_n-e1543863670541.svg","contentUrl":"https:\/\/lisakroeber.com\/wp-content\/uploads\/2024\/07\/47178367_317322115661289_143956003702964224_n-e1543863670541.svg","width":1,"height":1,"caption":"Lisa Kroeber Jewellery"},"image":{"@id":"https:\/\/lisakroeber.com\/#\/schema\/logo\/image\/"}}]}},"_links":{"self":[{"href":"https:\/\/lisakroeber.com\/de\/wp-json\/wp\/v2\/pages\/308200","targetHints":{"allow":["GET"]}}],"collection":[{"href":"https:\/\/lisakroeber.com\/de\/wp-json\/wp\/v2\/pages"}],"about":[{"href":"https:\/\/lisakroeber.com\/de\/wp-json\/wp\/v2\/types\/page"}],"author":[{"embeddable":true,"href":"https:\/\/lisakroeber.com\/de\/wp-json\/wp\/v2\/users\/1401"}],"replies":[{"embeddable":true,"href":"https:\/\/lisakroeber.com\/de\/wp-json\/wp\/v2\/comments?post=308200"}],"version-history":[{"count":13,"href":"https:\/\/lisakroeber.com\/de\/wp-json\/wp\/v2\/pages\/308200\/revisions"}],"predecessor-version":[{"id":308893,"href":"https:\/\/lisakroeber.com\/de\/wp-json\/wp\/v2\/pages\/308200\/revisions\/308893"}],"wp:attachment":[{"href":"https:\/\/lisakroeber.com\/de\/wp-json\/wp\/v2\/media?parent=308200"}],"curies":[{"name":"wp","href":"https:\/\/api.w.org\/{rel}","templated":true}]}}