{"id":308691,"date":"2025-04-10T15:55:04","date_gmt":"2025-04-10T13:55:04","guid":{"rendered":"https:\/\/lisakroeber.com\/workshops\/"},"modified":"2025-05-01T12:50:36","modified_gmt":"2025-05-01T10:50:36","slug":"workshops","status":"publish","type":"page","link":"https:\/\/lisakroeber.com\/de\/workshops\/","title":{"rendered":"Workshops"},"content":{"rendered":"\n\n\t<section class=\"section\" id=\"section_1666651990\">\n\t\t<div class=\"section-bg fill\" >\n\t\t\t\t\t\t\t\t\t\n\t\t\t\n\n\t\t<\/div>\n\n\t\t\n\n\t\t<div class=\"section-content relative\">\n\t\t\t\n\n\t<div id=\"gap-511374814\" class=\"gap-element clearfix\" style=\"display:block; height:auto;\">\n\t\t\n<style>\n#gap-511374814 {\n  padding-top: 30px;\n}\n<\/style>\n\t<\/div>\n\t\n\n<div class=\"container section-title-container\" ><h1 class=\"section-title section-title-center\"><b aria-hidden=\"true\"><\/b><span class=\"section-title-main\" >Workshops<\/span><b aria-hidden=\"true\"><\/b><\/h1><\/div>\n\n\n\t\t<\/div>\n\n\t\t\n<style>\n#section_1666651990 {\n  padding-top: 30px;\n  padding-bottom: 30px;\n}\n<\/style>\n\t<\/section>\n\t\n<div class=\"row\"  id=\"row-833148505\">\n\n\n\t<div id=\"col-386300129\" class=\"col medium-4 small-12 large-4 col-divided\"  >\n\t\t\t\t<div class=\"col-inner\"  >\n\t\t\t\n\t\t\t\n\n\t<div class=\"img has-hover x md-x lg-x y md-y lg-y\" id=\"image_1274706131\">\n\t\t\t\t\t\t\t\t<div class=\"img-inner image-cover dark\" style=\"padding-top:400px;\">\n\t\t\t<img decoding=\"async\" width=\"971\" height=\"1096\" src=\"https:\/\/lisakroeber.com\/wp-content\/uploads\/2025\/05\/IMG_5175.jpg\" class=\"attachment-original size-original\" alt=\"\" srcset=\"https:\/\/lisakroeber.com\/wp-content\/uploads\/2025\/05\/IMG_5175.jpg 971w, https:\/\/lisakroeber.com\/wp-content\/uploads\/2025\/05\/IMG_5175-354x400.jpg 354w, https:\/\/lisakroeber.com\/wp-content\/uploads\/2025\/05\/IMG_5175-709x800.jpg 709w, https:\/\/lisakroeber.com\/wp-content\/uploads\/2025\/05\/IMG_5175-768x867.jpg 768w, https:\/\/lisakroeber.com\/wp-content\/uploads\/2025\/05\/IMG_5175-510x576.jpg 510w\" sizes=\"(max-width: 971px) 100vw, 971px\" \/>\t\t\t\t\t\t\n\t\t\t\t\t<\/div>\n\t\t\t\t\t\t\t\t\n<style>\n#image_1274706131 {\n  width: 100%;\n}\n<\/style>\n\t<\/div>\n\t\n\n<div class=\"container section-title-container head\" ><h3 class=\"section-title section-title-normal\"><b aria-hidden=\"true\"><\/b><span class=\"section-title-main\" >Einzigartige Schmuckwerkstatt<\/span><b aria-hidden=\"true\"><\/b><\/h3><\/div>\n\n\t<div id=\"text-231380343\" class=\"text\">\n\t\t\n\n<p>Unter unserer fachkundigen Anleitung kannst du dein neues Lieblingsschmuckst\u00fcck aus Silber ganz nach deinem Geschmack und Stil gestalten. Ein echtes Unikat, das Sie ein Leben lang begleitet. Ob Ring, Ohrringe oder Anh\u00e4nger \u2013 die M\u00f6glichkeiten sind nahezu unbegrenzt.  <\/p>\n\t\t\n<style>\n#text-231380343 {\n  line-height: 1.8;\n}\n<\/style>\n\t<\/div>\n\t\n<a href=\"https:\/\/lisakroeber.com\/de\/einzigartiger-design-workshop\/\" class=\"button primary\" >\n\t\t<span>Mehr anzeigen<\/span>\n\t<\/a>\n\n\n\n\t\t<\/div>\n\t\t\t\t\n<style>\n#col-386300129 > .col-inner {\n  padding: 0px 0px 0px 0px;\n  margin: 0px 0px 0px 0px;\n}\n<\/style>\n\t<\/div>\n\n\t\n\n\t<div id=\"col-1572743623\" class=\"col medium-4 small-12 large-4 col-divided\"  >\n\t\t\t\t<div class=\"col-inner\"  >\n\t\t\t\n\t\t\t\n\n\t<div class=\"img has-hover x md-x lg-x y md-y lg-y\" id=\"image_1928910401\">\n\t\t\t\t\t\t\t\t<div class=\"img-inner image-cover dark\" style=\"padding-top:400px;\">\n\t\t\t<img decoding=\"async\" width=\"1536\" height=\"1536\" src=\"https:\/\/lisakroeber.com\/wp-content\/uploads\/2025\/05\/IMG_3661.jpg\" class=\"attachment-original size-original\" alt=\"\" srcset=\"https:\/\/lisakroeber.com\/wp-content\/uploads\/2025\/05\/IMG_3661.jpg 1536w, https:\/\/lisakroeber.com\/wp-content\/uploads\/2025\/05\/IMG_3661-400x400.jpg 400w, https:\/\/lisakroeber.com\/wp-content\/uploads\/2025\/05\/IMG_3661-800x800.jpg 800w, https:\/\/lisakroeber.com\/wp-content\/uploads\/2025\/05\/IMG_3661-280x280.jpg 280w, https:\/\/lisakroeber.com\/wp-content\/uploads\/2025\/05\/IMG_3661-768x768.jpg 768w, https:\/\/lisakroeber.com\/wp-content\/uploads\/2025\/05\/IMG_3661-247x247.jpg 247w, https:\/\/lisakroeber.com\/wp-content\/uploads\/2025\/05\/IMG_3661-510x510.jpg 510w, https:\/\/lisakroeber.com\/wp-content\/uploads\/2025\/05\/IMG_3661-100x100.jpg 100w\" sizes=\"(max-width: 1536px) 100vw, 1536px\" \/>\t\t\t\t\t\t\n\t\t\t\t\t<\/div>\n\t\t\t\t\t\t\t\t\n<style>\n#image_1928910401 {\n  width: 100%;\n}\n<\/style>\n\t<\/div>\n\t\n\n<div class=\"container section-title-container head\" ><h3 class=\"section-title section-title-normal\"><b aria-hidden=\"true\"><\/b><span class=\"section-title-main\" >Workshop f\u00fcr Gruppen<\/span><b aria-hidden=\"true\"><\/b><\/h3><\/div>\n\n\t<div id=\"text-1219465957\" class=\"text\">\n\t\t\n\n<p>Planst du einen Geburtstag, einen Junggesellinnenabschied oder eine kleine Firmenveranstaltung?<br>Wir bieten Schmuckkurse f\u00fcr Gruppen mit 4 bis 10 Teilnehmern an. <\/p>\n\t\t\n<style>\n#text-1219465957 {\n  line-height: 1.8;\n}\n<\/style>\n\t<\/div>\n\t\n<a href=\"https:\/\/lisakroeber.com\/de\/workshop-fuer-gruppen\/\" class=\"button primary\" >\n\t\t<span>Mehr anzeigen<\/span>\n\t<\/a>\n\n\n\n\t\t<\/div>\n\t\t\t\t\n<style>\n#col-1572743623 > .col-inner {\n  padding: 0px 0px 0px 0px;\n  margin: 0px 0px 0px 0px;\n}\n<\/style>\n\t<\/div>\n\n\t\n\n\t<div id=\"col-1074050870\" class=\"col medium-4 small-12 large-4 col-divided\"  >\n\t\t\t\t<div class=\"col-inner\"  >\n\t\t\t\n\t\t\t\n\n\t<div class=\"img has-hover x md-x lg-x y md-y lg-y\" id=\"image_1235440498\">\n\t\t\t\t\t\t\t\t<div class=\"img-inner image-cover dark\" style=\"padding-top:400px;\">\n\t\t\t<img decoding=\"async\" width=\"1922\" height=\"2560\" src=\"https:\/\/lisakroeber.com\/wp-content\/uploads\/2025\/05\/abielus6rmus-kursus-1-scaled.jpg\" class=\"attachment-original size-original\" alt=\"\" srcset=\"https:\/\/lisakroeber.com\/wp-content\/uploads\/2025\/05\/abielus6rmus-kursus-1-scaled.jpg 1922w, https:\/\/lisakroeber.com\/wp-content\/uploads\/2025\/05\/abielus6rmus-kursus-1-300x400.jpg 300w, https:\/\/lisakroeber.com\/wp-content\/uploads\/2025\/05\/abielus6rmus-kursus-1-601x800.jpg 601w, https:\/\/lisakroeber.com\/wp-content\/uploads\/2025\/05\/abielus6rmus-kursus-1-768x1023.jpg 768w, https:\/\/lisakroeber.com\/wp-content\/uploads\/2025\/05\/abielus6rmus-kursus-1-1153x1536.jpg 1153w, https:\/\/lisakroeber.com\/wp-content\/uploads\/2025\/05\/abielus6rmus-kursus-1-1538x2048.jpg 1538w, https:\/\/lisakroeber.com\/wp-content\/uploads\/2025\/05\/abielus6rmus-kursus-1-510x679.jpg 510w\" sizes=\"(max-width: 1922px) 100vw, 1922px\" \/>\t\t\t\t\t\t\n\t\t\t\t\t<\/div>\n\t\t\t\t\t\t\t\t\n<style>\n#image_1235440498 {\n  width: 100%;\n}\n<\/style>\n\t<\/div>\n\t\n\n<div class=\"container section-title-container head\" ><h3 class=\"section-title section-title-normal\"><b aria-hidden=\"true\"><\/b><span class=\"section-title-main\" >Eheringe Schmuckkurs<\/span><b aria-hidden=\"true\"><\/b><\/h3><\/div>\n\n\t<div id=\"text-3839793064\" class=\"text\">\n\t\t\n\n<p>Wenn ihr die Idee m\u00f6gt, eure eigenen Eheringe f\u00fcreinander zu gestalten, seid ihr bei uns genau richtig. Unter unserer Anleitung k\u00f6nnt ihr klassische, schlichte und dennoch elegante goldene Eheringe mit pers\u00f6nlicher Note f\u00fcreinander gestalten. <\/p>\n\t\t\n<style>\n#text-3839793064 {\n  line-height: 1.8;\n}\n<\/style>\n\t<\/div>\n\t\n<a href=\"https:\/\/lisakroeber.com\/de\/werkstatt-fuer-verlobungsringe\/\" class=\"button primary\" >\n\t\t<span>Mehr anzeigen<\/span>\n\t<\/a>\n\n\n\n\t\t<\/div>\n\t\t\t\t\n<style>\n#col-1074050870 > .col-inner {\n  padding: 0px 0px 0px 0px;\n  margin: 0px 0px 0px 0px;\n}\n<\/style>\n\t<\/div>\n\n\t\n\n<\/div>\n\n","protected":false},"excerpt":{"rendered":"","protected":false},"author":1401,"featured_media":0,"parent":0,"menu_order":0,"comment_status":"closed","ping_status":"closed","template":"","meta":{"content-type":"","footnotes":""},"class_list":["post-308691","page","type-page","status-publish","hentry"],"yoast_head":"<!-- This site is optimized with the Yoast SEO plugin v27.3 - https:\/\/yoast.com\/product\/yoast-seo-wordpress\/ -->\n<title>Workshops - Lisa Kroeber Jewellery Art<\/title>\n<meta name=\"robots\" content=\"index, follow, max-snippet:-1, max-image-preview:large, max-video-preview:-1\" \/>\n<link rel=\"canonical\" href=\"https:\/\/lisakroeber.com\/de\/workshops\/\" \/>\n<meta property=\"og:locale\" content=\"de_DE\" \/>\n<meta property=\"og:type\" content=\"article\" \/>\n<meta property=\"og:title\" content=\"Workshops - Lisa Kroeber Jewellery Art\" \/>\n<meta property=\"og:url\" content=\"https:\/\/lisakroeber.com\/de\/workshops\/\" \/>\n<meta property=\"og:site_name\" content=\"Lisa Kroeber Jewellery Art\" \/>\n<meta property=\"article:modified_time\" content=\"2025-05-01T10:50:36+00:00\" \/>\n<meta name=\"twitter:card\" content=\"summary_large_image\" \/>\n<meta name=\"twitter:label1\" content=\"Gesch\u00e4tzte Lesezeit\" \/>\n\t<meta name=\"twitter:data1\" content=\"1\u00a0Minute\" \/>\n<script type=\"application\/ld+json\" class=\"yoast-schema-graph\">{\"@context\":\"https:\\\/\\\/schema.org\",\"@graph\":[{\"@type\":\"WebPage\",\"@id\":\"https:\\\/\\\/lisakroeber.com\\\/de\\\/workshops\\\/\",\"url\":\"https:\\\/\\\/lisakroeber.com\\\/de\\\/workshops\\\/\",\"name\":\"Workshops - Lisa Kroeber Jewellery Art\",\"isPartOf\":{\"@id\":\"https:\\\/\\\/lisakroeber.com\\\/#website\"},\"datePublished\":\"2025-04-10T13:55:04+00:00\",\"dateModified\":\"2025-05-01T10:50:36+00:00\",\"breadcrumb\":{\"@id\":\"https:\\\/\\\/lisakroeber.com\\\/de\\\/workshops\\\/#breadcrumb\"},\"inLanguage\":\"de\",\"potentialAction\":[{\"@type\":\"ReadAction\",\"target\":[\"https:\\\/\\\/lisakroeber.com\\\/de\\\/workshops\\\/\"]}]},{\"@type\":\"BreadcrumbList\",\"@id\":\"https:\\\/\\\/lisakroeber.com\\\/de\\\/workshops\\\/#breadcrumb\",\"itemListElement\":[{\"@type\":\"ListItem\",\"position\":1,\"name\":\"Home\",\"item\":\"https:\\\/\\\/lisakroeber.com\\\/de\\\/\"},{\"@type\":\"ListItem\",\"position\":2,\"name\":\"Workshops\"}]},{\"@type\":\"WebSite\",\"@id\":\"https:\\\/\\\/lisakroeber.com\\\/#website\",\"url\":\"https:\\\/\\\/lisakroeber.com\\\/\",\"name\":\"Lisa Kroeber Jewellery Art\",\"description\":\"Lisa Kroeber Jewellery Art e-shop\",\"publisher\":{\"@id\":\"https:\\\/\\\/lisakroeber.com\\\/#organization\"},\"potentialAction\":[{\"@type\":\"SearchAction\",\"target\":{\"@type\":\"EntryPoint\",\"urlTemplate\":\"https:\\\/\\\/lisakroeber.com\\\/?s={search_term_string}\"},\"query-input\":{\"@type\":\"PropertyValueSpecification\",\"valueRequired\":true,\"valueName\":\"search_term_string\"}}],\"inLanguage\":\"de\"},{\"@type\":\"Organization\",\"@id\":\"https:\\\/\\\/lisakroeber.com\\\/#organization\",\"name\":\"Lisa Kroeber Jewellery\",\"url\":\"https:\\\/\\\/lisakroeber.com\\\/\",\"logo\":{\"@type\":\"ImageObject\",\"inLanguage\":\"de\",\"@id\":\"https:\\\/\\\/lisakroeber.com\\\/#\\\/schema\\\/logo\\\/image\\\/\",\"url\":\"https:\\\/\\\/lisakroeber.com\\\/wp-content\\\/uploads\\\/2024\\\/07\\\/47178367_317322115661289_143956003702964224_n-e1543863670541.svg\",\"contentUrl\":\"https:\\\/\\\/lisakroeber.com\\\/wp-content\\\/uploads\\\/2024\\\/07\\\/47178367_317322115661289_143956003702964224_n-e1543863670541.svg\",\"width\":1,\"height\":1,\"caption\":\"Lisa Kroeber Jewellery\"},\"image\":{\"@id\":\"https:\\\/\\\/lisakroeber.com\\\/#\\\/schema\\\/logo\\\/image\\\/\"}}]}<\/script>\n<!-- \/ Yoast SEO plugin. -->","yoast_head_json":{"title":"Workshops - Lisa Kroeber Jewellery Art","robots":{"index":"index","follow":"follow","max-snippet":"max-snippet:-1","max-image-preview":"max-image-preview:large","max-video-preview":"max-video-preview:-1"},"canonical":"https:\/\/lisakroeber.com\/de\/workshops\/","og_locale":"de_DE","og_type":"article","og_title":"Workshops - Lisa Kroeber Jewellery Art","og_url":"https:\/\/lisakroeber.com\/de\/workshops\/","og_site_name":"Lisa Kroeber Jewellery Art","article_modified_time":"2025-05-01T10:50:36+00:00","twitter_card":"summary_large_image","twitter_misc":{"Gesch\u00e4tzte Lesezeit":"1\u00a0Minute"},"schema":{"@context":"https:\/\/schema.org","@graph":[{"@type":"WebPage","@id":"https:\/\/lisakroeber.com\/de\/workshops\/","url":"https:\/\/lisakroeber.com\/de\/workshops\/","name":"Workshops - Lisa Kroeber Jewellery Art","isPartOf":{"@id":"https:\/\/lisakroeber.com\/#website"},"datePublished":"2025-04-10T13:55:04+00:00","dateModified":"2025-05-01T10:50:36+00:00","breadcrumb":{"@id":"https:\/\/lisakroeber.com\/de\/workshops\/#breadcrumb"},"inLanguage":"de","potentialAction":[{"@type":"ReadAction","target":["https:\/\/lisakroeber.com\/de\/workshops\/"]}]},{"@type":"BreadcrumbList","@id":"https:\/\/lisakroeber.com\/de\/workshops\/#breadcrumb","itemListElement":[{"@type":"ListItem","position":1,"name":"Home","item":"https:\/\/lisakroeber.com\/de\/"},{"@type":"ListItem","position":2,"name":"Workshops"}]},{"@type":"WebSite","@id":"https:\/\/lisakroeber.com\/#website","url":"https:\/\/lisakroeber.com\/","name":"Lisa Kroeber Jewellery Art","description":"Lisa Kroeber Jewellery Art e-shop","publisher":{"@id":"https:\/\/lisakroeber.com\/#organization"},"potentialAction":[{"@type":"SearchAction","target":{"@type":"EntryPoint","urlTemplate":"https:\/\/lisakroeber.com\/?s={search_term_string}"},"query-input":{"@type":"PropertyValueSpecification","valueRequired":true,"valueName":"search_term_string"}}],"inLanguage":"de"},{"@type":"Organization","@id":"https:\/\/lisakroeber.com\/#organization","name":"Lisa Kroeber Jewellery","url":"https:\/\/lisakroeber.com\/","logo":{"@type":"ImageObject","inLanguage":"de","@id":"https:\/\/lisakroeber.com\/#\/schema\/logo\/image\/","url":"https:\/\/lisakroeber.com\/wp-content\/uploads\/2024\/07\/47178367_317322115661289_143956003702964224_n-e1543863670541.svg","contentUrl":"https:\/\/lisakroeber.com\/wp-content\/uploads\/2024\/07\/47178367_317322115661289_143956003702964224_n-e1543863670541.svg","width":1,"height":1,"caption":"Lisa Kroeber Jewellery"},"image":{"@id":"https:\/\/lisakroeber.com\/#\/schema\/logo\/image\/"}}]}},"_links":{"self":[{"href":"https:\/\/lisakroeber.com\/de\/wp-json\/wp\/v2\/pages\/308691","targetHints":{"allow":["GET"]}}],"collection":[{"href":"https:\/\/lisakroeber.com\/de\/wp-json\/wp\/v2\/pages"}],"about":[{"href":"https:\/\/lisakroeber.com\/de\/wp-json\/wp\/v2\/types\/page"}],"author":[{"embeddable":true,"href":"https:\/\/lisakroeber.com\/de\/wp-json\/wp\/v2\/users\/1401"}],"replies":[{"embeddable":true,"href":"https:\/\/lisakroeber.com\/de\/wp-json\/wp\/v2\/comments?post=308691"}],"version-history":[{"count":7,"href":"https:\/\/lisakroeber.com\/de\/wp-json\/wp\/v2\/pages\/308691\/revisions"}],"predecessor-version":[{"id":308766,"href":"https:\/\/lisakroeber.com\/de\/wp-json\/wp\/v2\/pages\/308691\/revisions\/308766"}],"wp:attachment":[{"href":"https:\/\/lisakroeber.com\/de\/wp-json\/wp\/v2\/media?parent=308691"}],"curies":[{"name":"wp","href":"https:\/\/api.w.org\/{rel}","templated":true}]}}