{"id":308693,"date":"2025-04-10T15:56:43","date_gmt":"2025-04-10T13:56:43","guid":{"rendered":"https:\/\/lisakroeber.com\/ueber-uns\/"},"modified":"2025-04-10T15:56:43","modified_gmt":"2025-04-10T13:56:43","slug":"ueber-uns","status":"publish","type":"page","link":"https:\/\/lisakroeber.com\/de\/ueber-uns\/","title":{"rendered":"\u00fcber uns"},"content":{"rendered":"\n\n\t<section class=\"section\" id=\"section_391356779\">\n\t\t<div class=\"section-bg fill\" >\n\t\t\t\t\t\t\t\t\t\n\t\t\t\n\n\t\t<\/div>\n\n\t\t\n\n\t\t<div class=\"section-content relative\">\n\t\t\t\n\n\t<div id=\"gap-1715668249\" class=\"gap-element clearfix\" style=\"display:block; height:auto;\">\n\t\t\n<style>\n#gap-1715668249 {\n  padding-top: 30px;\n}\n<\/style>\n\t<\/div>\n\t\n\n<div class=\"container section-title-container\" ><h1 class=\"section-title section-title-center\"><b aria-hidden=\"true\"><\/b><span class=\"section-title-main\" >\u00fcber uns<\/span><b aria-hidden=\"true\"><\/b><\/h1><\/div>\n\n\n\t\t<\/div>\n\n\t\t\n<style>\n#section_391356779 {\n  padding-top: 30px;\n  padding-bottom: 30px;\n}\n<\/style>\n\t<\/section>\n\t\n\n\t<section class=\"section\" id=\"section_1119485505\">\n\t\t<div class=\"section-bg fill\" >\n\t\t\t\t\t\t\t\t\t\n\t\t\t\n\n\t\t<\/div>\n\n\t\t\n\n\t\t<div class=\"section-content relative\">\n\t\t\t\n\n<div class=\"row align-middle align-center row-about\"  id=\"row-1386623595\">\n\n\n\t<div id=\"col-1690113720\" class=\"col small-12 large-12\"  >\n\t\t\t\t<div class=\"col-inner\"  >\n\t\t\t\n\t\t\t\n\n\n  <div class=\"banner has-hover about-banner\" id=\"banner-376760654\">\n          <div class=\"banner-inner fill\">\n        <div class=\"banner-bg fill\" >\n            <img decoding=\"async\" width=\"1707\" height=\"2560\" src=\"https:\/\/lisakroeber.com\/wp-content\/uploads\/2024\/09\/IMG_6476-scaled.jpg\" class=\"bg attachment-original size-original\" alt=\"\" \/>                                    \n            <div class=\"effect-sparkle bg-effect fill no-click\"><\/div>        <\/div>\n\t\t\n        <div class=\"banner-layers container\">\n            <div class=\"fill banner-link\"><\/div>            \n\n   <div id=\"text-box-1251041071\" class=\"text-box banner-layer x50 md-x50 lg-x50 y90 md-y90 lg-y90 res-text\">\n                                <div class=\"text-box-content text dark\">\n              \n              <div class=\"text-inner text-center\">\n                  \n\n\t<div id=\"text-890765258\" class=\"text\">\n\t\t\n\n<h4>\u201eIch bin Lisa, eine Deutsche in Estland, Mutter von zwei entz\u00fcckenden Jungen, Ehefrau, Naturliebhaberin, Kochfan, Besitzerin unserer Katze \u201eMau\u201c und die Sch\u00f6pferin von Lisa Kroeber Jewelry.\u201c<\/h4>\n\t\t\n<style>\n#text-890765258 {\n  text-align: center;\n  color: rgb(255,255,255);\n}\n#text-890765258 > * {\n  color: rgb(255,255,255);\n}\n<\/style>\n\t<\/div>\n\t\n\n              <\/div>\n           <\/div>\n                            \n<style>\n#text-box-1251041071 {\n  width: 77%;\n}\n#text-box-1251041071 .text-box-content {\n  font-size: 100%;\n}\n<\/style>\n    <\/div>\n \n\n        <\/div>\n      <\/div>\n\n            \n<style>\n#banner-376760654 {\n  padding-top: 420px;\n  background-color: rgba(255, 255, 255, 0);\n}\n#banner-376760654 .banner-bg img {\n  object-position: 0% 50%;\n}\n@media (min-width:850px) {\n  #banner-376760654 {\n    padding-top: 544px;\n  }\n}\n<\/style>\n  <\/div>\n\n\n\t<div id=\"gap-197756667\" class=\"gap-element clearfix\" style=\"display:block; height:auto;\">\n\t\t\n<style>\n#gap-197756667 {\n  padding-top: 100px;\n}\n<\/style>\n\t<\/div>\n\t\n\n<div class=\"row align-middle\"  id=\"row-1213137061\">\n\n\n\t<div id=\"col-1448470017\" class=\"col small-12 large-12\"  >\n\t\t\t\t<div class=\"col-inner\"  >\n\t\t\t\n\t\t\t\n\n<p>Wir stecken all unsere Gedanken, Zeit und Liebe in die Kreation unseres Schmucks und entwickeln Produkte, die ein paar einfache Kriterien erf\u00fcllen: Sie m\u00fcssen langlebig und hochwertig sein und mit einem einfachen, nachhaltigen und ethischen Ansatz hergestellt werden. Produkte, die die Zeit \u00fcberdauern, gut altern, aus den besten Materialien bestehen und nicht dazu bestimmt sind, auf der M\u00fclldeponie zu landen. Lebenslange Garantie garantiert!<\/p>\n<p>Lifetime warranty guaranteed!<\/p>\n\n\t\t<\/div>\n\t\t\t\t\t<\/div>\n\n\t\n\n<\/div>\n\t<div id=\"gap-46363297\" class=\"gap-element clearfix\" style=\"display:block; height:auto;\">\n\t\t\n<style>\n#gap-46363297 {\n  padding-top: 20px;\n}\n<\/style>\n\t<\/div>\n\t\n\n<div class=\"row align-middle align-center\"  id=\"row-1239641851\">\n\n\n\t<div id=\"col-1106875456\" class=\"col medium-6 small-12 large-6\"  >\n\t\t\t\t<div class=\"col-inner\"  >\n\t\t\t\n\t\t\t\n\n\t<div class=\"img has-hover x md-x lg-x y md-y lg-y\" id=\"image_1827140144\">\n\t\t\t\t\t\t\t\t<div class=\"img-inner dark\" >\n\t\t\t<img decoding=\"async\" width=\"1020\" height=\"734\" src=\"https:\/\/lisakroeber.com\/wp-content\/uploads\/2023\/04\/Lisa-3-edit-1205x800-1-1112x800.png\" class=\"attachment-large size-large\" alt=\"\" srcset=\"https:\/\/lisakroeber.com\/wp-content\/uploads\/2023\/04\/Lisa-3-edit-1205x800-1-1112x800.png 1112w, https:\/\/lisakroeber.com\/wp-content\/uploads\/2023\/04\/Lisa-3-edit-1205x800-1-510x367.png 510w, https:\/\/lisakroeber.com\/wp-content\/uploads\/2023\/04\/Lisa-3-edit-1205x800-1-556x400.png 556w, https:\/\/lisakroeber.com\/wp-content\/uploads\/2023\/04\/Lisa-3-edit-1205x800-1-768x553.png 768w, https:\/\/lisakroeber.com\/wp-content\/uploads\/2023\/04\/Lisa-3-edit-1205x800-1-1536x1105.png 1536w, https:\/\/lisakroeber.com\/wp-content\/uploads\/2023\/04\/Lisa-3-edit-1205x800-1.png 1740w\" sizes=\"(max-width: 1020px) 100vw, 1020px\" \/>\t\t\t\t\t\t\n\t\t\t\t\t<\/div>\n\t\t\t\t\t\t\t\t\n<style>\n#image_1827140144 {\n  width: 92%;\n}\n<\/style>\n\t<\/div>\n\t\n\n\n\t\t<\/div>\n\t\t\t\t\t<\/div>\n\n\t\n\n\t<div id=\"col-304175447\" class=\"col medium-6 small-12 large-6\"  >\n\t\t\t\t<div class=\"col-inner\"  >\n\t\t\t\n\t\t\t\n\n<p>Ich bin Lisa Lohu, die Designerin hinter Lisa Kroeber Jewellery, einer deutschen Schmuckk\u00fcnstlerin, die ihre Liebe und ihr Leben in Estland gefunden hat. <\/p>\n<p>2010, nach Abschluss meines Schmuck- und Edelsteindesign-Studiums in Deutschland (Idar-Oberstein), zog ich nach Estland und begann in einem gemeinsamen Atelier in Tallinn an meiner eigenen Schmuckserie zu arbeiten. Damals hie\u00df ich Lisa Kr\u00f6ber und so gr\u00fcndete ich meine Marke unter diesem Namen \u2013 Lisa Kroeber Jewellery war geboren. <\/p>\n<p>2018 zog ich zusammen mit meinem Mann Viljar und unserem erstgeborenen Kind Ekke aufs Land nach Estland. Seitdem leben wir im S\u00fcden Estlands, mitten in der Natur, in der N\u00e4he von Viljandi. Und nicht nur unsere Familie ist mit unserem zweiten Sohn Uku und unserer Katze Mau gewachsen, sondern auch meine Marke hat sich zu einem kleinen Familienunternehmen entwickelt: Gemeinsam mit Viljar leite ich unsere Werkstatt in Viljandi und arbeite mit zwei Mitarbeiterinnen, Maarja und Hanna-Elisabeth.  <\/p>\n\n\t\t<\/div>\n\t\t\t\t\t<\/div>\n\n\t\n\n<\/div>\n\t<div id=\"gap-1350175572\" class=\"gap-element clearfix\" style=\"display:block; height:auto;\">\n\t\t\n<style>\n#gap-1350175572 {\n  padding-top: 50px;\n}\n<\/style>\n\t<\/div>\n\t\n\n<div class=\"row align-middle align-center\"  id=\"row-749490098\">\n\n\n\t<div id=\"col-359729366\" class=\"col medium-6 small-12 large-6\"  >\n\t\t\t\t<div class=\"col-inner\"  >\n\t\t\t\n\t\t\t\n\n<p>Maarja und ich teilen uns die Goldschmiede, wo ich neue Prototypen und Serien erstelle, den Arbeitsablauf und die Kundenauftr\u00e4ge organisiere und am Computer und hinter der Werkbank arbeite.<\/p>\n<p>Maarja hilft bei der Produktion und dem Fertigstellen der St\u00fccke. Sie gibt auch Schmuckkurse in unserer Werkstatt.<\/p>\n<p>Neben der Goldschmiede hat Viljar seine Werkstatt, in der er an der Fr\u00e4se arbeitet und die Schmuckst\u00fccke pulverbeschichtet. Er k\u00fcmmert sich auch um die gesamte Logistik und hilft mir in allen m\u00f6glichen Angelegenheiten.<\/p>\n<p>Hanna ist f\u00fcr unsere Social Media-Auftritte verantwortlich, kommt f\u00fcr Foto- und Videoaufnahmen in unser Studio und hilft bei der Entwicklung von Marketingstrategien.<\/p>\n\n\t\t<\/div>\n\t\t\t\t\t<\/div>\n\n\t\n\n\t<div id=\"col-1323293048\" class=\"col medium-6 small-12 large-6\"  >\n\t\t\t\t<div class=\"col-inner\"  >\n\t\t\t\n\t\t\t\n\n\t<div class=\"img has-hover x md-x lg-x y md-y lg-y\" id=\"image_673495362\">\n\t\t\t\t\t\t\t\t<div class=\"img-inner dark\" >\n\t\t\t<img decoding=\"async\" width=\"1020\" height=\"697\" src=\"https:\/\/lisakroeber.com\/wp-content\/uploads\/2024\/09\/Rauas-11-41-1170x800.jpg\" class=\"attachment-large size-large\" alt=\"\" srcset=\"https:\/\/lisakroeber.com\/wp-content\/uploads\/2024\/09\/Rauas-11-41-1170x800.jpg 1170w, https:\/\/lisakroeber.com\/wp-content\/uploads\/2024\/09\/Rauas-11-41-585x400.jpg 585w, https:\/\/lisakroeber.com\/wp-content\/uploads\/2024\/09\/Rauas-11-41-768x525.jpg 768w, https:\/\/lisakroeber.com\/wp-content\/uploads\/2024\/09\/Rauas-11-41-1536x1050.jpg 1536w, https:\/\/lisakroeber.com\/wp-content\/uploads\/2024\/09\/Rauas-11-41-2048x1400.jpg 2048w, https:\/\/lisakroeber.com\/wp-content\/uploads\/2024\/09\/Rauas-11-41-510x349.jpg 510w\" sizes=\"(max-width: 1020px) 100vw, 1020px\" \/>\t\t\t\t\t\t\n\t\t\t\t\t<\/div>\n\t\t\t\t\t\t\t\t\n<style>\n#image_673495362 {\n  width: 100%;\n}\n<\/style>\n\t<\/div>\n\t\n\n\n\t\t<\/div>\n\t\t\t\t\t<\/div>\n\n\t\n\n<\/div>\n\t<div id=\"gap-1338995788\" class=\"gap-element clearfix\" style=\"display:block; height:auto;\">\n\t\t\n<style>\n#gap-1338995788 {\n  padding-top: 50px;\n}\n<\/style>\n\t<\/div>\n\t\n\n<div class=\"row\"  id=\"row-1178528610\">\n\n\n\t<div id=\"col-1029231949\" class=\"col medium-4 small-12 large-4\"  >\n\t\t\t\t<div class=\"col-inner\"  >\n\t\t\t\n\t\t\t\n\n\t<div class=\"img has-hover x md-x lg-x y md-y lg-y\" id=\"image_1848234562\">\n\t\t\t\t\t\t\t\t<div class=\"img-inner dark\" >\n\t\t\t<img decoding=\"async\" width=\"616\" height=\"800\" src=\"https:\/\/lisakroeber.com\/wp-content\/uploads\/2023\/04\/IMG_6194-1-616x800.png\" class=\"attachment-large size-large\" alt=\"\" srcset=\"https:\/\/lisakroeber.com\/wp-content\/uploads\/2023\/04\/IMG_6194-1-616x800.png 616w, https:\/\/lisakroeber.com\/wp-content\/uploads\/2023\/04\/IMG_6194-1-510x663.png 510w, https:\/\/lisakroeber.com\/wp-content\/uploads\/2023\/04\/IMG_6194-1-308x400.png 308w, https:\/\/lisakroeber.com\/wp-content\/uploads\/2023\/04\/IMG_6194-1-768x998.png 768w, https:\/\/lisakroeber.com\/wp-content\/uploads\/2023\/04\/IMG_6194-1-1182x1536.png 1182w, https:\/\/lisakroeber.com\/wp-content\/uploads\/2023\/04\/IMG_6194-1.png 1588w\" sizes=\"(max-width: 616px) 100vw, 616px\" \/>\t\t\t\t\t\t\n\t\t\t\t\t<\/div>\n\t\t\t\t\t\t\t\t\n<style>\n#image_1848234562 {\n  width: 100%;\n}\n<\/style>\n\t<\/div>\n\t\n\n\n\t\t<\/div>\n\t\t\t\t\t<\/div>\n\n\t\n\n\t<div id=\"col-1370451592\" class=\"col medium-4 small-12 large-4\"  >\n\t\t\t\t<div class=\"col-inner\"  >\n\t\t\t\n\t\t\t\n\n\t<div class=\"img has-hover image-smaller x md-x lg-x y md-y lg-y\" id=\"image_634276148\">\n\t\t\t\t\t\t\t\t<div class=\"img-inner dark\" >\n\t\t\t<img decoding=\"async\" width=\"549\" height=\"800\" src=\"https:\/\/lisakroeber.com\/wp-content\/uploads\/2023\/04\/IMG_6251-1-549x800.png\" class=\"attachment-large size-large\" alt=\"\" srcset=\"https:\/\/lisakroeber.com\/wp-content\/uploads\/2023\/04\/IMG_6251-1-549x800.png 549w, https:\/\/lisakroeber.com\/wp-content\/uploads\/2023\/04\/IMG_6251-1-510x744.png 510w, https:\/\/lisakroeber.com\/wp-content\/uploads\/2023\/04\/IMG_6251-1-274x400.png 274w, https:\/\/lisakroeber.com\/wp-content\/uploads\/2023\/04\/IMG_6251-1-768x1120.png 768w, https:\/\/lisakroeber.com\/wp-content\/uploads\/2023\/04\/IMG_6251-1-1053x1536.png 1053w, https:\/\/lisakroeber.com\/wp-content\/uploads\/2023\/04\/IMG_6251-1.png 1100w\" sizes=\"(max-width: 549px) 100vw, 549px\" \/>\t\t\t\t\t\t\n\t\t\t\t\t<\/div>\n\t\t\t\t\t\t\t\t\n<style>\n#image_634276148 {\n  width: 100%;\n}\n<\/style>\n\t<\/div>\n\t\n\n\n\t\t<\/div>\n\t\t\t\t\t<\/div>\n\n\t\n\n\t<div id=\"col-1278938490\" class=\"col medium-4 small-12 large-4\"  >\n\t\t\t\t<div class=\"col-inner\"  >\n\t\t\t\n\t\t\t\n\n\t<div class=\"img has-hover x md-x lg-x y md-y lg-y\" id=\"image_315238804\">\n\t\t\t\t\t\t\t\t<div class=\"img-inner dark\" >\n\t\t\t<img decoding=\"async\" width=\"397\" height=\"516\" src=\"https:\/\/lisakroeber.com\/wp-content\/uploads\/2023\/04\/IMG_6206-1.png\" class=\"attachment-large size-large\" alt=\"\" srcset=\"https:\/\/lisakroeber.com\/wp-content\/uploads\/2023\/04\/IMG_6206-1.png 397w, https:\/\/lisakroeber.com\/wp-content\/uploads\/2023\/04\/IMG_6206-1-308x400.png 308w, https:\/\/lisakroeber.com\/wp-content\/uploads\/2023\/04\/IMG_6206-1-300x390.png 300w\" sizes=\"(max-width: 397px) 100vw, 397px\" \/>\t\t\t\t\t\t\n\t\t\t\t\t<\/div>\n\t\t\t\t\t\t\t\t\n<style>\n#image_315238804 {\n  width: 100%;\n}\n<\/style>\n\t<\/div>\n\t\n\n\n\t\t<\/div>\n\t\t\t\t\t<\/div>\n\n\t\n\n<\/div>\n\n\t\t<\/div>\n\t\t\t\t\t<\/div>\n\n\t\n\n\t<div id=\"col-623364936\" class=\"col medium-8 small-12 large-8\"  >\n\t\t\t\t<div class=\"col-inner text-center\"  >\n\t\t\t\n\t\t\t\n\n\t<div id=\"text-1345061956\" class=\"text\">\n\t\t\n\n<p>Wir glauben daran, Produkte zu schaffen, die besser f\u00fcr unsere Welt sind, die Teil deiner Lebensgeschichte werden und eine Intimit\u00e4t zwischen dir und deinen Besitzt\u00fcmern schaffen, die du sch\u00e4tzt und bewahren kannst. Alle Produkte werden bewusst hergestellt und verantwortungsvoll und ethisch bezogen, um einen umweltfreundlicheren und nachhaltigeren Lebensstil zu erm\u00f6glichen.<\/p>\n<p>Wir glauben an Qualit\u00e4tswaren mit ehrlicher Herkunft, Schmuck, der mit Liebe und Sorgfalt hergestellt wird und die Umwelt nicht belastet. Wir achten darauf, dass alle unsere Schmuckst\u00fccke vor Ort und unter besten Arbeitsbedingungen hergestellt werden.<\/p>\n\t\t\n<style>\n#text-1345061956 {\n  text-align: center;\n}\n<\/style>\n\t<\/div>\n\t\n\n\t\t<\/div>\n\t\t\t\t\t<\/div>\n\n\t\n\n<\/div>\n\n\t\t<\/div>\n\n\t\t\n<style>\n#section_1119485505 {\n  padding-top: 30px;\n  padding-bottom: 30px;\n}\n<\/style>\n\t<\/section>\n\t\n\n","protected":false},"excerpt":{"rendered":"","protected":false},"author":1,"featured_media":0,"parent":0,"menu_order":0,"comment_status":"closed","ping_status":"open","template":"page-blank.php","meta":{"content-type":"","footnotes":""},"class_list":["post-308693","page","type-page","status-publish","hentry"],"yoast_head":"<!-- This site is optimized with the Yoast SEO plugin v27.4 - https:\/\/yoast.com\/product\/yoast-seo-wordpress\/ -->\n<title>\u00fcber uns - Lisa Kroeber Jewellery Art<\/title>\n<meta name=\"robots\" content=\"index, follow, max-snippet:-1, max-image-preview:large, max-video-preview:-1\" \/>\n<link rel=\"canonical\" href=\"https:\/\/lisakroeber.com\/de\/ueber-uns\/\" \/>\n<meta property=\"og:locale\" content=\"de_DE\" \/>\n<meta property=\"og:type\" content=\"article\" \/>\n<meta property=\"og:title\" content=\"\u00fcber uns - Lisa Kroeber Jewellery Art\" \/>\n<meta property=\"og:url\" content=\"https:\/\/lisakroeber.com\/de\/ueber-uns\/\" \/>\n<meta property=\"og:site_name\" content=\"Lisa Kroeber Jewellery Art\" \/>\n<meta name=\"twitter:card\" content=\"summary_large_image\" \/>\n<meta name=\"twitter:label1\" content=\"Gesch\u00e4tzte Lesezeit\" \/>\n\t<meta name=\"twitter:data1\" content=\"3\u00a0Minuten\" \/>\n<script type=\"application\/ld+json\" class=\"yoast-schema-graph\">{\"@context\":\"https:\\\/\\\/schema.org\",\"@graph\":[{\"@type\":\"WebPage\",\"@id\":\"https:\\\/\\\/lisakroeber.com\\\/de\\\/ueber-uns\\\/\",\"url\":\"https:\\\/\\\/lisakroeber.com\\\/de\\\/ueber-uns\\\/\",\"name\":\"\u00fcber uns - Lisa Kroeber Jewellery Art\",\"isPartOf\":{\"@id\":\"https:\\\/\\\/lisakroeber.com\\\/#website\"},\"datePublished\":\"2025-04-10T13:56:43+00:00\",\"breadcrumb\":{\"@id\":\"https:\\\/\\\/lisakroeber.com\\\/de\\\/ueber-uns\\\/#breadcrumb\"},\"inLanguage\":\"de\",\"potentialAction\":[{\"@type\":\"ReadAction\",\"target\":[\"https:\\\/\\\/lisakroeber.com\\\/de\\\/ueber-uns\\\/\"]}]},{\"@type\":\"BreadcrumbList\",\"@id\":\"https:\\\/\\\/lisakroeber.com\\\/de\\\/ueber-uns\\\/#breadcrumb\",\"itemListElement\":[{\"@type\":\"ListItem\",\"position\":1,\"name\":\"Home\",\"item\":\"https:\\\/\\\/lisakroeber.com\\\/de\\\/\"},{\"@type\":\"ListItem\",\"position\":2,\"name\":\"\u00fcber uns\"}]},{\"@type\":\"WebSite\",\"@id\":\"https:\\\/\\\/lisakroeber.com\\\/#website\",\"url\":\"https:\\\/\\\/lisakroeber.com\\\/\",\"name\":\"Lisa Kroeber Jewellery Art\",\"description\":\"Lisa Kroeber Jewellery Art e-shop\",\"publisher\":{\"@id\":\"https:\\\/\\\/lisakroeber.com\\\/#organization\"},\"potentialAction\":[{\"@type\":\"SearchAction\",\"target\":{\"@type\":\"EntryPoint\",\"urlTemplate\":\"https:\\\/\\\/lisakroeber.com\\\/?s={search_term_string}\"},\"query-input\":{\"@type\":\"PropertyValueSpecification\",\"valueRequired\":true,\"valueName\":\"search_term_string\"}}],\"inLanguage\":\"de\"},{\"@type\":\"Organization\",\"@id\":\"https:\\\/\\\/lisakroeber.com\\\/#organization\",\"name\":\"Lisa Kroeber Jewellery\",\"url\":\"https:\\\/\\\/lisakroeber.com\\\/\",\"logo\":{\"@type\":\"ImageObject\",\"inLanguage\":\"de\",\"@id\":\"https:\\\/\\\/lisakroeber.com\\\/#\\\/schema\\\/logo\\\/image\\\/\",\"url\":\"https:\\\/\\\/lisakroeber.com\\\/wp-content\\\/uploads\\\/2024\\\/07\\\/47178367_317322115661289_143956003702964224_n-e1543863670541.svg\",\"contentUrl\":\"https:\\\/\\\/lisakroeber.com\\\/wp-content\\\/uploads\\\/2024\\\/07\\\/47178367_317322115661289_143956003702964224_n-e1543863670541.svg\",\"width\":1,\"height\":1,\"caption\":\"Lisa Kroeber Jewellery\"},\"image\":{\"@id\":\"https:\\\/\\\/lisakroeber.com\\\/#\\\/schema\\\/logo\\\/image\\\/\"}}]}<\/script>\n<!-- \/ Yoast SEO plugin. -->","yoast_head_json":{"title":"\u00fcber uns - Lisa Kroeber Jewellery Art","robots":{"index":"index","follow":"follow","max-snippet":"max-snippet:-1","max-image-preview":"max-image-preview:large","max-video-preview":"max-video-preview:-1"},"canonical":"https:\/\/lisakroeber.com\/de\/ueber-uns\/","og_locale":"de_DE","og_type":"article","og_title":"\u00fcber uns - Lisa Kroeber Jewellery Art","og_url":"https:\/\/lisakroeber.com\/de\/ueber-uns\/","og_site_name":"Lisa Kroeber Jewellery Art","twitter_card":"summary_large_image","twitter_misc":{"Gesch\u00e4tzte Lesezeit":"3\u00a0Minuten"},"schema":{"@context":"https:\/\/schema.org","@graph":[{"@type":"WebPage","@id":"https:\/\/lisakroeber.com\/de\/ueber-uns\/","url":"https:\/\/lisakroeber.com\/de\/ueber-uns\/","name":"\u00fcber uns - Lisa Kroeber Jewellery Art","isPartOf":{"@id":"https:\/\/lisakroeber.com\/#website"},"datePublished":"2025-04-10T13:56:43+00:00","breadcrumb":{"@id":"https:\/\/lisakroeber.com\/de\/ueber-uns\/#breadcrumb"},"inLanguage":"de","potentialAction":[{"@type":"ReadAction","target":["https:\/\/lisakroeber.com\/de\/ueber-uns\/"]}]},{"@type":"BreadcrumbList","@id":"https:\/\/lisakroeber.com\/de\/ueber-uns\/#breadcrumb","itemListElement":[{"@type":"ListItem","position":1,"name":"Home","item":"https:\/\/lisakroeber.com\/de\/"},{"@type":"ListItem","position":2,"name":"\u00fcber uns"}]},{"@type":"WebSite","@id":"https:\/\/lisakroeber.com\/#website","url":"https:\/\/lisakroeber.com\/","name":"Lisa Kroeber Jewellery Art","description":"Lisa Kroeber Jewellery Art e-shop","publisher":{"@id":"https:\/\/lisakroeber.com\/#organization"},"potentialAction":[{"@type":"SearchAction","target":{"@type":"EntryPoint","urlTemplate":"https:\/\/lisakroeber.com\/?s={search_term_string}"},"query-input":{"@type":"PropertyValueSpecification","valueRequired":true,"valueName":"search_term_string"}}],"inLanguage":"de"},{"@type":"Organization","@id":"https:\/\/lisakroeber.com\/#organization","name":"Lisa Kroeber Jewellery","url":"https:\/\/lisakroeber.com\/","logo":{"@type":"ImageObject","inLanguage":"de","@id":"https:\/\/lisakroeber.com\/#\/schema\/logo\/image\/","url":"https:\/\/lisakroeber.com\/wp-content\/uploads\/2024\/07\/47178367_317322115661289_143956003702964224_n-e1543863670541.svg","contentUrl":"https:\/\/lisakroeber.com\/wp-content\/uploads\/2024\/07\/47178367_317322115661289_143956003702964224_n-e1543863670541.svg","width":1,"height":1,"caption":"Lisa Kroeber Jewellery"},"image":{"@id":"https:\/\/lisakroeber.com\/#\/schema\/logo\/image\/"}}]}},"_links":{"self":[{"href":"https:\/\/lisakroeber.com\/de\/wp-json\/wp\/v2\/pages\/308693","targetHints":{"allow":["GET"]}}],"collection":[{"href":"https:\/\/lisakroeber.com\/de\/wp-json\/wp\/v2\/pages"}],"about":[{"href":"https:\/\/lisakroeber.com\/de\/wp-json\/wp\/v2\/types\/page"}],"author":[{"embeddable":true,"href":"https:\/\/lisakroeber.com\/de\/wp-json\/wp\/v2\/users\/1"}],"replies":[{"embeddable":true,"href":"https:\/\/lisakroeber.com\/de\/wp-json\/wp\/v2\/comments?post=308693"}],"version-history":[{"count":1,"href":"https:\/\/lisakroeber.com\/de\/wp-json\/wp\/v2\/pages\/308693\/revisions"}],"predecessor-version":[{"id":308694,"href":"https:\/\/lisakroeber.com\/de\/wp-json\/wp\/v2\/pages\/308693\/revisions\/308694"}],"wp:attachment":[{"href":"https:\/\/lisakroeber.com\/de\/wp-json\/wp\/v2\/media?parent=308693"}],"curies":[{"name":"wp","href":"https:\/\/api.w.org\/{rel}","templated":true}]}}