{"id":23994,"date":"2023-05-03T13:14:18","date_gmt":"2023-05-03T11:14:18","guid":{"rendered":"https:\/\/lisakroeber.com\/uus\/product\/earrings-folded-tiny\/"},"modified":"2026-01-29T15:57:03","modified_gmt":"2026-01-29T13:57:03","slug":"earrings-folded-tiny","status":"publish","type":"product","link":"https:\/\/lisakroeber.com\/de\/produkt\/earrings-folded-tiny\/","title":{"rendered":"Ohrschmuck Folded Tiny"},"content":{"rendered":"<p>Ein neues Mitglied unserer beliebtesten Serie FOLDED- unsere neuen FOLDED TINIES. Die kleinste und s\u00fc\u00dfeste Version und nat\u00fcrlich auch erh\u00e4ltlich in etwa 30 verschiedenen Farben.<\/p>\n","protected":false},"excerpt":{"rendered":"<p><b>Folded Tiny Ohrringe<\/b><b><br \/>\n<\/b><span style=\"font-weight: 400;\"> Klein. Ikonisch. Verspielt.  <\/span><\/p>\n<p>Die Folded Tiny<span style=\"font-weight: 400;\"> ohrringe sind das neueste Mitglied unserer beliebtesten Folded Serie. Als kleinste und s\u00fc\u00dfeste Version des Designs tragen sie die charakteristische Faltform in einer feinen und leichten Ausf\u00fchrung. <\/span><\/p>\n<p>Erh\u00e4ltlich in rund 30 verschiedenen Farben, setzen die Folded Tinies einen dezenten, aber ausdrucksstarken Akzent \u2014 perfekt f\u00fcr den Alltag und f\u00fcr alle, die minimalistisches Design mit einem Hauch Verspieltheit lieben.<\/p>\n<p>&nbsp;<\/p>\n","protected":false},"featured_media":23240,"template":"","meta":{"content-type":""},"product_brand":[],"product_cat":[445,341,344],"product_tag":[],"class_list":{"0":"post-23994","1":"product","2":"type-product","3":"status-publish","4":"has-post-thumbnail","6":"product_cat-folded-de","7":"product_cat-kollektionen","8":"product_cat-ohrschmuck","10":"first","11":"instock","12":"taxable","13":"shipping-taxable","14":"purchasable","15":"product-type-variable"},"yoast_head":"<!-- This site is optimized with the Yoast SEO plugin v27.4 - https:\/\/yoast.com\/product\/yoast-seo-wordpress\/ -->\n<title>Ohrschmuck Folded Tiny - Lisa Kroeber Jewellery Art<\/title>\n<meta name=\"robots\" content=\"index, follow, max-snippet:-1, max-image-preview:large, max-video-preview:-1\" \/>\n<link rel=\"canonical\" href=\"https:\/\/lisakroeber.com\/de\/produkt\/earrings-folded-tiny\/\" \/>\n<meta property=\"og:locale\" content=\"de_DE\" \/>\n<meta property=\"og:type\" content=\"article\" \/>\n<meta property=\"og:title\" content=\"Ohrschmuck Folded Tiny - Lisa Kroeber Jewellery Art\" \/>\n<meta property=\"og:description\" content=\"Folded Tiny Ohrringe Klein. Ikonisch. Verspielt.  Die Folded Tiny ohrringe sind das neueste Mitglied unserer beliebtesten Folded Serie. Als kleinste und s\u00fc\u00dfeste Version des Designs tragen sie die charakteristische Faltform in einer feinen und leichten Ausf\u00fchrung.  Erh\u00e4ltlich in rund 30 verschiedenen Farben, setzen die Folded Tinies einen dezenten, aber ausdrucksstarken Akzent \u2014 perfekt f\u00fcr den Alltag und f\u00fcr alle, die minimalistisches Design mit einem Hauch Verspieltheit lieben. &nbsp;\" \/>\n<meta property=\"og:url\" content=\"https:\/\/lisakroeber.com\/de\/produkt\/earrings-folded-tiny\/\" \/>\n<meta property=\"og:site_name\" content=\"Lisa Kroeber Jewellery Art\" \/>\n<meta property=\"article:modified_time\" content=\"2026-01-29T13:57:03+00:00\" \/>\n<meta property=\"og:image\" content=\"https:\/\/lisakroeber.com\/wp-content\/uploads\/2023\/05\/Folded-Tiny-web-scaled.jpg\" \/>\n\t<meta property=\"og:image:width\" content=\"2560\" \/>\n\t<meta property=\"og:image:height\" content=\"1690\" \/>\n\t<meta property=\"og:image:type\" content=\"image\/jpeg\" \/>\n<meta name=\"twitter:card\" content=\"summary_large_image\" \/>\n<meta name=\"twitter:label1\" content=\"Gesch\u00e4tzte Lesezeit\" \/>\n\t<meta name=\"twitter:data1\" content=\"1\u00a0Minute\" \/>\n<script type=\"application\/ld+json\" class=\"yoast-schema-graph\">{\"@context\":\"https:\\\/\\\/schema.org\",\"@graph\":[{\"@type\":\"WebPage\",\"@id\":\"https:\\\/\\\/lisakroeber.com\\\/de\\\/produkt\\\/earrings-folded-tiny\\\/\",\"url\":\"https:\\\/\\\/lisakroeber.com\\\/de\\\/produkt\\\/earrings-folded-tiny\\\/\",\"name\":\"Ohrschmuck Folded Tiny - Lisa Kroeber Jewellery Art\",\"isPartOf\":{\"@id\":\"https:\\\/\\\/lisakroeber.com\\\/#website\"},\"primaryImageOfPage\":{\"@id\":\"https:\\\/\\\/lisakroeber.com\\\/de\\\/produkt\\\/earrings-folded-tiny\\\/#primaryimage\"},\"image\":{\"@id\":\"https:\\\/\\\/lisakroeber.com\\\/de\\\/produkt\\\/earrings-folded-tiny\\\/#primaryimage\"},\"thumbnailUrl\":\"https:\\\/\\\/lisakroeber.com\\\/wp-content\\\/uploads\\\/2023\\\/05\\\/Folded-Tiny-web-scaled.jpg\",\"datePublished\":\"2023-05-03T11:14:18+00:00\",\"dateModified\":\"2026-01-29T13:57:03+00:00\",\"breadcrumb\":{\"@id\":\"https:\\\/\\\/lisakroeber.com\\\/de\\\/produkt\\\/earrings-folded-tiny\\\/#breadcrumb\"},\"inLanguage\":\"de\",\"potentialAction\":[{\"@type\":\"ReadAction\",\"target\":[\"https:\\\/\\\/lisakroeber.com\\\/de\\\/produkt\\\/earrings-folded-tiny\\\/\"]}]},{\"@type\":\"ImageObject\",\"inLanguage\":\"de\",\"@id\":\"https:\\\/\\\/lisakroeber.com\\\/de\\\/produkt\\\/earrings-folded-tiny\\\/#primaryimage\",\"url\":\"https:\\\/\\\/lisakroeber.com\\\/wp-content\\\/uploads\\\/2023\\\/05\\\/Folded-Tiny-web-scaled.jpg\",\"contentUrl\":\"https:\\\/\\\/lisakroeber.com\\\/wp-content\\\/uploads\\\/2023\\\/05\\\/Folded-Tiny-web-scaled.jpg\",\"width\":2560,\"height\":1690},{\"@type\":\"BreadcrumbList\",\"@id\":\"https:\\\/\\\/lisakroeber.com\\\/de\\\/produkt\\\/earrings-folded-tiny\\\/#breadcrumb\",\"itemListElement\":[{\"@type\":\"ListItem\",\"position\":1,\"name\":\"Home\",\"item\":\"https:\\\/\\\/lisakroeber.com\\\/de\\\/\"},{\"@type\":\"ListItem\",\"position\":2,\"name\":\"Gesch\u00e4ft\",\"item\":\"https:\\\/\\\/lisakroeber.com\\\/de\\\/geschaeft\\\/\"},{\"@type\":\"ListItem\",\"position\":3,\"name\":\"Ohrschmuck Folded Tiny\"}]},{\"@type\":\"WebSite\",\"@id\":\"https:\\\/\\\/lisakroeber.com\\\/#website\",\"url\":\"https:\\\/\\\/lisakroeber.com\\\/\",\"name\":\"Lisa Kroeber Jewellery Art\",\"description\":\"Lisa Kroeber Jewellery Art e-shop\",\"publisher\":{\"@id\":\"https:\\\/\\\/lisakroeber.com\\\/#organization\"},\"potentialAction\":[{\"@type\":\"SearchAction\",\"target\":{\"@type\":\"EntryPoint\",\"urlTemplate\":\"https:\\\/\\\/lisakroeber.com\\\/?s={search_term_string}\"},\"query-input\":{\"@type\":\"PropertyValueSpecification\",\"valueRequired\":true,\"valueName\":\"search_term_string\"}}],\"inLanguage\":\"de\"},{\"@type\":\"Organization\",\"@id\":\"https:\\\/\\\/lisakroeber.com\\\/#organization\",\"name\":\"Lisa Kroeber Jewellery\",\"url\":\"https:\\\/\\\/lisakroeber.com\\\/\",\"logo\":{\"@type\":\"ImageObject\",\"inLanguage\":\"de\",\"@id\":\"https:\\\/\\\/lisakroeber.com\\\/#\\\/schema\\\/logo\\\/image\\\/\",\"url\":\"https:\\\/\\\/lisakroeber.com\\\/wp-content\\\/uploads\\\/2024\\\/07\\\/47178367_317322115661289_143956003702964224_n-e1543863670541.svg\",\"contentUrl\":\"https:\\\/\\\/lisakroeber.com\\\/wp-content\\\/uploads\\\/2024\\\/07\\\/47178367_317322115661289_143956003702964224_n-e1543863670541.svg\",\"width\":1,\"height\":1,\"caption\":\"Lisa Kroeber Jewellery\"},\"image\":{\"@id\":\"https:\\\/\\\/lisakroeber.com\\\/#\\\/schema\\\/logo\\\/image\\\/\"}}]}<\/script>\n<!-- \/ Yoast SEO plugin. -->","yoast_head_json":{"title":"Ohrschmuck Folded Tiny - Lisa Kroeber Jewellery Art","robots":{"index":"index","follow":"follow","max-snippet":"max-snippet:-1","max-image-preview":"max-image-preview:large","max-video-preview":"max-video-preview:-1"},"canonical":"https:\/\/lisakroeber.com\/de\/produkt\/earrings-folded-tiny\/","og_locale":"de_DE","og_type":"article","og_title":"Ohrschmuck Folded Tiny - Lisa Kroeber Jewellery Art","og_description":"Folded Tiny Ohrringe Klein. Ikonisch. Verspielt.  Die Folded Tiny ohrringe sind das neueste Mitglied unserer beliebtesten Folded Serie. Als kleinste und s\u00fc\u00dfeste Version des Designs tragen sie die charakteristische Faltform in einer feinen und leichten Ausf\u00fchrung.  Erh\u00e4ltlich in rund 30 verschiedenen Farben, setzen die Folded Tinies einen dezenten, aber ausdrucksstarken Akzent \u2014 perfekt f\u00fcr den Alltag und f\u00fcr alle, die minimalistisches Design mit einem Hauch Verspieltheit lieben. &nbsp;","og_url":"https:\/\/lisakroeber.com\/de\/produkt\/earrings-folded-tiny\/","og_site_name":"Lisa Kroeber Jewellery Art","article_modified_time":"2026-01-29T13:57:03+00:00","og_image":[{"width":2560,"height":1690,"url":"https:\/\/lisakroeber.com\/wp-content\/uploads\/2023\/05\/Folded-Tiny-web-scaled.jpg","type":"image\/jpeg"}],"twitter_card":"summary_large_image","twitter_misc":{"Gesch\u00e4tzte Lesezeit":"1\u00a0Minute"},"schema":{"@context":"https:\/\/schema.org","@graph":[{"@type":"WebPage","@id":"https:\/\/lisakroeber.com\/de\/produkt\/earrings-folded-tiny\/","url":"https:\/\/lisakroeber.com\/de\/produkt\/earrings-folded-tiny\/","name":"Ohrschmuck Folded Tiny - Lisa Kroeber Jewellery Art","isPartOf":{"@id":"https:\/\/lisakroeber.com\/#website"},"primaryImageOfPage":{"@id":"https:\/\/lisakroeber.com\/de\/produkt\/earrings-folded-tiny\/#primaryimage"},"image":{"@id":"https:\/\/lisakroeber.com\/de\/produkt\/earrings-folded-tiny\/#primaryimage"},"thumbnailUrl":"https:\/\/lisakroeber.com\/wp-content\/uploads\/2023\/05\/Folded-Tiny-web-scaled.jpg","datePublished":"2023-05-03T11:14:18+00:00","dateModified":"2026-01-29T13:57:03+00:00","breadcrumb":{"@id":"https:\/\/lisakroeber.com\/de\/produkt\/earrings-folded-tiny\/#breadcrumb"},"inLanguage":"de","potentialAction":[{"@type":"ReadAction","target":["https:\/\/lisakroeber.com\/de\/produkt\/earrings-folded-tiny\/"]}]},{"@type":"ImageObject","inLanguage":"de","@id":"https:\/\/lisakroeber.com\/de\/produkt\/earrings-folded-tiny\/#primaryimage","url":"https:\/\/lisakroeber.com\/wp-content\/uploads\/2023\/05\/Folded-Tiny-web-scaled.jpg","contentUrl":"https:\/\/lisakroeber.com\/wp-content\/uploads\/2023\/05\/Folded-Tiny-web-scaled.jpg","width":2560,"height":1690},{"@type":"BreadcrumbList","@id":"https:\/\/lisakroeber.com\/de\/produkt\/earrings-folded-tiny\/#breadcrumb","itemListElement":[{"@type":"ListItem","position":1,"name":"Home","item":"https:\/\/lisakroeber.com\/de\/"},{"@type":"ListItem","position":2,"name":"Gesch\u00e4ft","item":"https:\/\/lisakroeber.com\/de\/geschaeft\/"},{"@type":"ListItem","position":3,"name":"Ohrschmuck Folded Tiny"}]},{"@type":"WebSite","@id":"https:\/\/lisakroeber.com\/#website","url":"https:\/\/lisakroeber.com\/","name":"Lisa Kroeber Jewellery Art","description":"Lisa Kroeber Jewellery Art e-shop","publisher":{"@id":"https:\/\/lisakroeber.com\/#organization"},"potentialAction":[{"@type":"SearchAction","target":{"@type":"EntryPoint","urlTemplate":"https:\/\/lisakroeber.com\/?s={search_term_string}"},"query-input":{"@type":"PropertyValueSpecification","valueRequired":true,"valueName":"search_term_string"}}],"inLanguage":"de"},{"@type":"Organization","@id":"https:\/\/lisakroeber.com\/#organization","name":"Lisa Kroeber Jewellery","url":"https:\/\/lisakroeber.com\/","logo":{"@type":"ImageObject","inLanguage":"de","@id":"https:\/\/lisakroeber.com\/#\/schema\/logo\/image\/","url":"https:\/\/lisakroeber.com\/wp-content\/uploads\/2024\/07\/47178367_317322115661289_143956003702964224_n-e1543863670541.svg","contentUrl":"https:\/\/lisakroeber.com\/wp-content\/uploads\/2024\/07\/47178367_317322115661289_143956003702964224_n-e1543863670541.svg","width":1,"height":1,"caption":"Lisa Kroeber Jewellery"},"image":{"@id":"https:\/\/lisakroeber.com\/#\/schema\/logo\/image\/"}}]}},"_links":{"self":[{"href":"https:\/\/lisakroeber.com\/de\/wp-json\/wp\/v2\/product\/23994","targetHints":{"allow":["GET"]}}],"collection":[{"href":"https:\/\/lisakroeber.com\/de\/wp-json\/wp\/v2\/product"}],"about":[{"href":"https:\/\/lisakroeber.com\/de\/wp-json\/wp\/v2\/types\/product"}],"wp:featuredmedia":[{"embeddable":true,"href":"https:\/\/lisakroeber.com\/de\/wp-json\/wp\/v2\/media\/23240"}],"wp:attachment":[{"href":"https:\/\/lisakroeber.com\/de\/wp-json\/wp\/v2\/media?parent=23994"}],"wp:term":[{"taxonomy":"product_brand","embeddable":true,"href":"https:\/\/lisakroeber.com\/de\/wp-json\/wp\/v2\/product_brand?post=23994"},{"taxonomy":"product_cat","embeddable":true,"href":"https:\/\/lisakroeber.com\/de\/wp-json\/wp\/v2\/product_cat?post=23994"},{"taxonomy":"product_tag","embeddable":true,"href":"https:\/\/lisakroeber.com\/de\/wp-json\/wp\/v2\/product_tag?post=23994"}],"curies":[{"name":"wp","href":"https:\/\/api.w.org\/{rel}","templated":true}]}}