{"id":24168,"date":"2019-03-19T11:44:06","date_gmt":"2019-03-19T09:44:06","guid":{"rendered":"https:\/\/lisakroeber.com\/uus\/product\/folded-earrings-slim\/"},"modified":"2025-12-16T15:51:23","modified_gmt":"2025-12-16T13:51:23","slug":"folded-earrings-slim","status":"publish","type":"product","link":"https:\/\/lisakroeber.com\/de\/produkt\/folded-earrings-slim\/","title":{"rendered":"Ohrschmuck Folded Slim"},"content":{"rendered":"<p>Geometrisch und geradlinig, bunt und frisch \u2013 FOLDED ist die erfolgreichste Serie von Lisa Kroeber Jewellery. Du kannst zwischen f\u00fcnf verschiedene Formen von FOLDED-Ohrringen sowie FOLDED-Armb\u00e4ndern, Halsketten und Broschen w\u00e4hlen. Und du hast die Wahl zwischen einer riesigen Farbpalette, die st\u00e4ndig erweitert wird \u2013 f\u00fcr jedes Outfit, f\u00fcr jeden Geschmack, f\u00fcr jede Jahreszeit ist etwas dabei.<\/p>\n<p>Die Ohrringe FOLDED SLIM sind extrem leicht und einfach zu tragen, sodass sie die perfekte Wahl f\u00fcr jeden Tag sind und dir am Abend einen einzigartigen Look verleihen.<\/p>\n","protected":false},"excerpt":{"rendered":"<p data-start=\"142\" data-end=\"194\"><strong data-start=\"142\" data-end=\"166\">Folded Slim Ohrringe<\/strong><br data-start=\"166\" data-end=\"169\">Klar. Leicht. Zeitlos.  <\/p>\n<p data-start=\"196\" data-end=\"506\"><strong><em data-start=\"196\" data-end=\"204\">FOLDED<\/em><\/strong> ist eine unserer charakteristischsten Serien, gepr\u00e4gt von klaren Linien, geometrischen Formen und einem frischen, ausdrucksstarken Einsatz von Farbe. Die Kollektion umfasst Ohrringe in f\u00fcnf verschiedenen Formen sowie Armb\u00e4nder, Halsketten und Broschen \u2014 mit einer gro\u00dfen Farbvielfalt f\u00fcr jedes Outfit, jeden Geschmack und jede Jahreszeit. <\/p>\n<p data-start=\"508\" data-end=\"805\">Die<strong><em data-start=\"512\" data-end=\"525\"> Folded Slim<\/em><\/strong> Ohrringe zeigen das Folded-Design in einer schlankeren Form. Sie sind extrem leicht und angenehm zu tragen, ideal f\u00fcr den Alltag und zugleich mit einer dezenten, modernen Ausstrahlung. Ein raffiniertes Statement-Piece, das architektonische Klarheit mit zur\u00fcckhaltender Eleganz verbindet.  <\/p>\n","protected":false},"featured_media":309991,"template":"","meta":{"content-type":""},"product_brand":[],"product_cat":[445,341,344],"product_tag":[],"class_list":{"0":"post-24168","1":"product","2":"type-product","3":"status-publish","4":"has-post-thumbnail","6":"product_cat-folded-de","7":"product_cat-kollektionen","8":"product_cat-ohrschmuck","10":"first","11":"instock","12":"taxable","13":"shipping-taxable","14":"purchasable","15":"product-type-variable"},"yoast_head":"<!-- This site is optimized with the Yoast SEO plugin v27.4 - https:\/\/yoast.com\/product\/yoast-seo-wordpress\/ -->\n<title>Ohrschmuck Folded Slim - Lisa Kroeber Jewellery Art<\/title>\n<meta name=\"robots\" content=\"index, follow, max-snippet:-1, max-image-preview:large, max-video-preview:-1\" \/>\n<link rel=\"canonical\" href=\"https:\/\/lisakroeber.com\/de\/produkt\/folded-earrings-slim\/\" \/>\n<meta property=\"og:locale\" content=\"de_DE\" \/>\n<meta property=\"og:type\" content=\"article\" \/>\n<meta property=\"og:title\" content=\"Ohrschmuck Folded Slim - Lisa Kroeber Jewellery Art\" \/>\n<meta property=\"og:description\" content=\"Folded Slim OhrringeKlar. Leicht. Zeitlos.  FOLDED ist eine unserer charakteristischsten Serien, gepr\u00e4gt von klaren Linien, geometrischen Formen und einem frischen, ausdrucksstarken Einsatz von Farbe. Die Kollektion umfasst Ohrringe in f\u00fcnf verschiedenen Formen sowie Armb\u00e4nder, Halsketten und Broschen \u2014 mit einer gro\u00dfen Farbvielfalt f\u00fcr jedes Outfit, jeden Geschmack und jede Jahreszeit. Die Folded Slim Ohrringe zeigen das Folded-Design in einer schlankeren Form. Sie sind extrem leicht und angenehm zu tragen, ideal f\u00fcr den Alltag und zugleich mit einer dezenten, modernen Ausstrahlung. Ein raffiniertes Statement-Piece, das architektonische Klarheit mit zur\u00fcckhaltender Eleganz verbindet.\" \/>\n<meta property=\"og:url\" content=\"https:\/\/lisakroeber.com\/de\/produkt\/folded-earrings-slim\/\" \/>\n<meta property=\"og:site_name\" content=\"Lisa Kroeber Jewellery Art\" \/>\n<meta property=\"article:modified_time\" content=\"2025-12-16T13:51:23+00:00\" \/>\n<meta property=\"og:image\" content=\"https:\/\/lisakroeber.com\/wp-content\/uploads\/2019\/03\/Folded-slim-light-pink-scaled.jpg\" \/>\n\t<meta property=\"og:image:width\" content=\"2560\" \/>\n\t<meta property=\"og:image:height\" content=\"1710\" \/>\n\t<meta property=\"og:image:type\" content=\"image\/jpeg\" \/>\n<meta name=\"twitter:card\" content=\"summary_large_image\" \/>\n<meta name=\"twitter:label1\" content=\"Gesch\u00e4tzte Lesezeit\" \/>\n\t<meta name=\"twitter:data1\" content=\"1\u00a0Minute\" \/>\n<script type=\"application\/ld+json\" class=\"yoast-schema-graph\">{\"@context\":\"https:\\\/\\\/schema.org\",\"@graph\":[{\"@type\":\"WebPage\",\"@id\":\"https:\\\/\\\/lisakroeber.com\\\/de\\\/produkt\\\/folded-earrings-slim\\\/\",\"url\":\"https:\\\/\\\/lisakroeber.com\\\/de\\\/produkt\\\/folded-earrings-slim\\\/\",\"name\":\"Ohrschmuck Folded Slim - Lisa Kroeber Jewellery Art\",\"isPartOf\":{\"@id\":\"https:\\\/\\\/lisakroeber.com\\\/#website\"},\"primaryImageOfPage\":{\"@id\":\"https:\\\/\\\/lisakroeber.com\\\/de\\\/produkt\\\/folded-earrings-slim\\\/#primaryimage\"},\"image\":{\"@id\":\"https:\\\/\\\/lisakroeber.com\\\/de\\\/produkt\\\/folded-earrings-slim\\\/#primaryimage\"},\"thumbnailUrl\":\"https:\\\/\\\/lisakroeber.com\\\/wp-content\\\/uploads\\\/2019\\\/03\\\/Folded-slim-light-pink-scaled.jpg\",\"datePublished\":\"2019-03-19T09:44:06+00:00\",\"dateModified\":\"2025-12-16T13:51:23+00:00\",\"breadcrumb\":{\"@id\":\"https:\\\/\\\/lisakroeber.com\\\/de\\\/produkt\\\/folded-earrings-slim\\\/#breadcrumb\"},\"inLanguage\":\"de\",\"potentialAction\":[{\"@type\":\"ReadAction\",\"target\":[\"https:\\\/\\\/lisakroeber.com\\\/de\\\/produkt\\\/folded-earrings-slim\\\/\"]}]},{\"@type\":\"ImageObject\",\"inLanguage\":\"de\",\"@id\":\"https:\\\/\\\/lisakroeber.com\\\/de\\\/produkt\\\/folded-earrings-slim\\\/#primaryimage\",\"url\":\"https:\\\/\\\/lisakroeber.com\\\/wp-content\\\/uploads\\\/2019\\\/03\\\/Folded-slim-light-pink-scaled.jpg\",\"contentUrl\":\"https:\\\/\\\/lisakroeber.com\\\/wp-content\\\/uploads\\\/2019\\\/03\\\/Folded-slim-light-pink-scaled.jpg\",\"width\":2560,\"height\":1710},{\"@type\":\"BreadcrumbList\",\"@id\":\"https:\\\/\\\/lisakroeber.com\\\/de\\\/produkt\\\/folded-earrings-slim\\\/#breadcrumb\",\"itemListElement\":[{\"@type\":\"ListItem\",\"position\":1,\"name\":\"Home\",\"item\":\"https:\\\/\\\/lisakroeber.com\\\/de\\\/\"},{\"@type\":\"ListItem\",\"position\":2,\"name\":\"Gesch\u00e4ft\",\"item\":\"https:\\\/\\\/lisakroeber.com\\\/de\\\/geschaeft\\\/\"},{\"@type\":\"ListItem\",\"position\":3,\"name\":\"Ohrschmuck Folded Slim\"}]},{\"@type\":\"WebSite\",\"@id\":\"https:\\\/\\\/lisakroeber.com\\\/#website\",\"url\":\"https:\\\/\\\/lisakroeber.com\\\/\",\"name\":\"Lisa Kroeber Jewellery Art\",\"description\":\"Lisa Kroeber Jewellery Art e-shop\",\"publisher\":{\"@id\":\"https:\\\/\\\/lisakroeber.com\\\/#organization\"},\"potentialAction\":[{\"@type\":\"SearchAction\",\"target\":{\"@type\":\"EntryPoint\",\"urlTemplate\":\"https:\\\/\\\/lisakroeber.com\\\/?s={search_term_string}\"},\"query-input\":{\"@type\":\"PropertyValueSpecification\",\"valueRequired\":true,\"valueName\":\"search_term_string\"}}],\"inLanguage\":\"de\"},{\"@type\":\"Organization\",\"@id\":\"https:\\\/\\\/lisakroeber.com\\\/#organization\",\"name\":\"Lisa Kroeber Jewellery\",\"url\":\"https:\\\/\\\/lisakroeber.com\\\/\",\"logo\":{\"@type\":\"ImageObject\",\"inLanguage\":\"de\",\"@id\":\"https:\\\/\\\/lisakroeber.com\\\/#\\\/schema\\\/logo\\\/image\\\/\",\"url\":\"https:\\\/\\\/lisakroeber.com\\\/wp-content\\\/uploads\\\/2024\\\/07\\\/47178367_317322115661289_143956003702964224_n-e1543863670541.svg\",\"contentUrl\":\"https:\\\/\\\/lisakroeber.com\\\/wp-content\\\/uploads\\\/2024\\\/07\\\/47178367_317322115661289_143956003702964224_n-e1543863670541.svg\",\"width\":1,\"height\":1,\"caption\":\"Lisa Kroeber Jewellery\"},\"image\":{\"@id\":\"https:\\\/\\\/lisakroeber.com\\\/#\\\/schema\\\/logo\\\/image\\\/\"}}]}<\/script>\n<!-- \/ Yoast SEO plugin. -->","yoast_head_json":{"title":"Ohrschmuck Folded Slim - Lisa Kroeber Jewellery Art","robots":{"index":"index","follow":"follow","max-snippet":"max-snippet:-1","max-image-preview":"max-image-preview:large","max-video-preview":"max-video-preview:-1"},"canonical":"https:\/\/lisakroeber.com\/de\/produkt\/folded-earrings-slim\/","og_locale":"de_DE","og_type":"article","og_title":"Ohrschmuck Folded Slim - Lisa Kroeber Jewellery Art","og_description":"Folded Slim OhrringeKlar. Leicht. Zeitlos.  FOLDED ist eine unserer charakteristischsten Serien, gepr\u00e4gt von klaren Linien, geometrischen Formen und einem frischen, ausdrucksstarken Einsatz von Farbe. Die Kollektion umfasst Ohrringe in f\u00fcnf verschiedenen Formen sowie Armb\u00e4nder, Halsketten und Broschen \u2014 mit einer gro\u00dfen Farbvielfalt f\u00fcr jedes Outfit, jeden Geschmack und jede Jahreszeit. Die Folded Slim Ohrringe zeigen das Folded-Design in einer schlankeren Form. Sie sind extrem leicht und angenehm zu tragen, ideal f\u00fcr den Alltag und zugleich mit einer dezenten, modernen Ausstrahlung. Ein raffiniertes Statement-Piece, das architektonische Klarheit mit zur\u00fcckhaltender Eleganz verbindet.","og_url":"https:\/\/lisakroeber.com\/de\/produkt\/folded-earrings-slim\/","og_site_name":"Lisa Kroeber Jewellery Art","article_modified_time":"2025-12-16T13:51:23+00:00","og_image":[{"width":2560,"height":1710,"url":"https:\/\/lisakroeber.com\/wp-content\/uploads\/2019\/03\/Folded-slim-light-pink-scaled.jpg","type":"image\/jpeg"}],"twitter_card":"summary_large_image","twitter_misc":{"Gesch\u00e4tzte Lesezeit":"1\u00a0Minute"},"schema":{"@context":"https:\/\/schema.org","@graph":[{"@type":"WebPage","@id":"https:\/\/lisakroeber.com\/de\/produkt\/folded-earrings-slim\/","url":"https:\/\/lisakroeber.com\/de\/produkt\/folded-earrings-slim\/","name":"Ohrschmuck Folded Slim - Lisa Kroeber Jewellery Art","isPartOf":{"@id":"https:\/\/lisakroeber.com\/#website"},"primaryImageOfPage":{"@id":"https:\/\/lisakroeber.com\/de\/produkt\/folded-earrings-slim\/#primaryimage"},"image":{"@id":"https:\/\/lisakroeber.com\/de\/produkt\/folded-earrings-slim\/#primaryimage"},"thumbnailUrl":"https:\/\/lisakroeber.com\/wp-content\/uploads\/2019\/03\/Folded-slim-light-pink-scaled.jpg","datePublished":"2019-03-19T09:44:06+00:00","dateModified":"2025-12-16T13:51:23+00:00","breadcrumb":{"@id":"https:\/\/lisakroeber.com\/de\/produkt\/folded-earrings-slim\/#breadcrumb"},"inLanguage":"de","potentialAction":[{"@type":"ReadAction","target":["https:\/\/lisakroeber.com\/de\/produkt\/folded-earrings-slim\/"]}]},{"@type":"ImageObject","inLanguage":"de","@id":"https:\/\/lisakroeber.com\/de\/produkt\/folded-earrings-slim\/#primaryimage","url":"https:\/\/lisakroeber.com\/wp-content\/uploads\/2019\/03\/Folded-slim-light-pink-scaled.jpg","contentUrl":"https:\/\/lisakroeber.com\/wp-content\/uploads\/2019\/03\/Folded-slim-light-pink-scaled.jpg","width":2560,"height":1710},{"@type":"BreadcrumbList","@id":"https:\/\/lisakroeber.com\/de\/produkt\/folded-earrings-slim\/#breadcrumb","itemListElement":[{"@type":"ListItem","position":1,"name":"Home","item":"https:\/\/lisakroeber.com\/de\/"},{"@type":"ListItem","position":2,"name":"Gesch\u00e4ft","item":"https:\/\/lisakroeber.com\/de\/geschaeft\/"},{"@type":"ListItem","position":3,"name":"Ohrschmuck Folded Slim"}]},{"@type":"WebSite","@id":"https:\/\/lisakroeber.com\/#website","url":"https:\/\/lisakroeber.com\/","name":"Lisa Kroeber Jewellery Art","description":"Lisa Kroeber Jewellery Art e-shop","publisher":{"@id":"https:\/\/lisakroeber.com\/#organization"},"potentialAction":[{"@type":"SearchAction","target":{"@type":"EntryPoint","urlTemplate":"https:\/\/lisakroeber.com\/?s={search_term_string}"},"query-input":{"@type":"PropertyValueSpecification","valueRequired":true,"valueName":"search_term_string"}}],"inLanguage":"de"},{"@type":"Organization","@id":"https:\/\/lisakroeber.com\/#organization","name":"Lisa Kroeber Jewellery","url":"https:\/\/lisakroeber.com\/","logo":{"@type":"ImageObject","inLanguage":"de","@id":"https:\/\/lisakroeber.com\/#\/schema\/logo\/image\/","url":"https:\/\/lisakroeber.com\/wp-content\/uploads\/2024\/07\/47178367_317322115661289_143956003702964224_n-e1543863670541.svg","contentUrl":"https:\/\/lisakroeber.com\/wp-content\/uploads\/2024\/07\/47178367_317322115661289_143956003702964224_n-e1543863670541.svg","width":1,"height":1,"caption":"Lisa Kroeber Jewellery"},"image":{"@id":"https:\/\/lisakroeber.com\/#\/schema\/logo\/image\/"}}]}},"_links":{"self":[{"href":"https:\/\/lisakroeber.com\/de\/wp-json\/wp\/v2\/product\/24168","targetHints":{"allow":["GET"]}}],"collection":[{"href":"https:\/\/lisakroeber.com\/de\/wp-json\/wp\/v2\/product"}],"about":[{"href":"https:\/\/lisakroeber.com\/de\/wp-json\/wp\/v2\/types\/product"}],"wp:featuredmedia":[{"embeddable":true,"href":"https:\/\/lisakroeber.com\/de\/wp-json\/wp\/v2\/media\/309991"}],"wp:attachment":[{"href":"https:\/\/lisakroeber.com\/de\/wp-json\/wp\/v2\/media?parent=24168"}],"wp:term":[{"taxonomy":"product_brand","embeddable":true,"href":"https:\/\/lisakroeber.com\/de\/wp-json\/wp\/v2\/product_brand?post=24168"},{"taxonomy":"product_cat","embeddable":true,"href":"https:\/\/lisakroeber.com\/de\/wp-json\/wp\/v2\/product_cat?post=24168"},{"taxonomy":"product_tag","embeddable":true,"href":"https:\/\/lisakroeber.com\/de\/wp-json\/wp\/v2\/product_tag?post=24168"}],"curies":[{"name":"wp","href":"https:\/\/api.w.org\/{rel}","templated":true}]}}