{"id":24231,"date":"2019-08-09T15:20:18","date_gmt":"2019-08-09T13:20:18","guid":{"rendered":"https:\/\/lisakroeber.com\/uus\/product\/ohrschmuck-mini\/"},"modified":"2026-01-28T15:47:36","modified_gmt":"2026-01-28T13:47:36","slug":"ohrschmuck-mini","status":"publish","type":"product","link":"https:\/\/lisakroeber.com\/de\/produkt\/ohrschmuck-mini\/","title":{"rendered":"Ohrringe Mini"},"content":{"rendered":"<p><span data-sheets-value=\"{&quot;1&quot;:2,&quot;2&quot;:&quot;F\u00fcr all die sch\u00f6nen Menschen da drau\u00dfen, die mich gebeten haben, etwas Kleineres zu entwerfen. Hier sind sie: MINIs \u2013 kleine, farbenfrohe Ohrringe, die eurem Leben Farbe verleihen.&quot;}\" data-sheets-userformat=\"{&quot;2&quot;:577,&quot;3&quot;:{&quot;1&quot;:0},&quot;9&quot;:1,&quot;12&quot;:0}\">F\u00fcr all die sch\u00f6nen Menschen da drau\u00dfen, die mich gebeten haben, etwas Kleineres zu entwerfen. Hier sind sie: MINIs \u2013 kleine, farbenfrohe Ohrringe, die eurem Leben Farbe verleihen.<\/span><\/p>\n","protected":false},"excerpt":{"rendered":"<p><b>Mini-Ohrringe<\/b><b><br \/>\n<\/b><span style=\"font-weight: 400;\"> Klein. Farbenfroh.  Durchdacht.<\/span><\/p>\n<p><span style=\"font-weight: 400;\">Die <\/span><i><span style=\"font-weight: 400;\">Mini-Ohrringe<\/span><\/i><span style=\"font-weight: 400;\"> sind Teil unserer zartesten Kollektion \u2013 entworfen als Antwort auf den Wunsch nach etwas wirklich Kleinem und Subtilem. Minimal in der Gr\u00f6\u00dfe, aber voller Charakter beweisen diese winzigen Ohrringe, dass weniger tats\u00e4chlich mehr sein kann. <\/span><\/p>\n<p>Erh\u00e4ltlich in einer gro\u00dfen Farbvielfalt, darunter 12 funkelnde Farben<span style=\"font-weight: 400;\"> sind in einer breiten Farbpalette erh\u00e4ltlich, darunter 12 funkelnde Farbt\u00f6ne, und verleihen Ihrem Alltagslook einen dezenten, verspielten Akzent. Leicht, bequem und f\u00fcr alle, die feine Details und dezente Statements lieben. <\/span><\/p>\n<p><a href=\"https:\/\/lisakroeber.com\/product\/earrings-sparkling-loops\/\"><span style=\"font-weight: 400;\">Folgen Sie dem Link, um die funkelnden Mini-Ohrringe zu entdecken.<\/span><\/a><\/p>\n<p>&nbsp;<\/p>\n<p>&nbsp;<\/p>\n","protected":false},"featured_media":16517,"template":"","meta":{"content-type":""},"product_brand":[],"product_cat":[341,461,344],"product_tag":[],"class_list":{"0":"post-24231","1":"product","2":"type-product","3":"status-publish","4":"has-post-thumbnail","6":"product_cat-kollektionen","7":"product_cat-mini-de","8":"product_cat-ohrschmuck","10":"first","11":"instock","12":"taxable","13":"shipping-taxable","14":"purchasable","15":"product-type-variable"},"yoast_head":"<!-- This site is optimized with the Yoast SEO plugin v27.4 - https:\/\/yoast.com\/product\/yoast-seo-wordpress\/ -->\n<title>Ohrringe Mini - Lisa Kroeber Jewellery Art<\/title>\n<meta name=\"robots\" content=\"index, follow, max-snippet:-1, max-image-preview:large, max-video-preview:-1\" \/>\n<link rel=\"canonical\" href=\"https:\/\/lisakroeber.com\/de\/produkt\/ohrschmuck-mini\/\" \/>\n<meta property=\"og:locale\" content=\"de_DE\" \/>\n<meta property=\"og:type\" content=\"article\" \/>\n<meta property=\"og:title\" content=\"Ohrringe Mini - Lisa Kroeber Jewellery Art\" \/>\n<meta property=\"og:description\" content=\"Mini-Ohrringe Klein. Farbenfroh. Durchdacht. Die Mini-Ohrringe sind Teil unserer zartesten Kollektion \u2013 entworfen als Antwort auf den Wunsch nach etwas wirklich Kleinem und Subtilem. Minimal in der Gr\u00f6\u00dfe, aber voller Charakter beweisen diese winzigen Ohrringe, dass weniger tats\u00e4chlich mehr sein kann.  Erh\u00e4ltlich in einer gro\u00dfen Farbvielfalt, darunter 12 funkelnde Farben sind in einer breiten Farbpalette erh\u00e4ltlich, darunter 12 funkelnde Farbt\u00f6ne, und verleihen Ihrem Alltagslook einen dezenten, verspielten Akzent. Leicht, bequem und f\u00fcr alle, die feine Details und dezente Statements lieben.  Folgen Sie dem Link, um die funkelnden Mini-Ohrringe zu entdecken. &nbsp; &nbsp;\" \/>\n<meta property=\"og:url\" content=\"https:\/\/lisakroeber.com\/de\/produkt\/ohrschmuck-mini\/\" \/>\n<meta property=\"og:site_name\" content=\"Lisa Kroeber Jewellery Art\" \/>\n<meta property=\"article:modified_time\" content=\"2026-01-28T13:47:36+00:00\" \/>\n<meta property=\"og:image\" content=\"https:\/\/lisakroeber.com\/wp-content\/uploads\/2019\/08\/Mini-ivory.jpg\" \/>\n\t<meta property=\"og:image:width\" content=\"900\" \/>\n\t<meta property=\"og:image:height\" content=\"900\" \/>\n\t<meta property=\"og:image:type\" content=\"image\/jpeg\" \/>\n<meta name=\"twitter:card\" content=\"summary_large_image\" \/>\n<meta name=\"twitter:label1\" content=\"Gesch\u00e4tzte Lesezeit\" \/>\n\t<meta name=\"twitter:data1\" content=\"1\u00a0Minute\" \/>\n<script type=\"application\/ld+json\" class=\"yoast-schema-graph\">{\"@context\":\"https:\\\/\\\/schema.org\",\"@graph\":[{\"@type\":\"WebPage\",\"@id\":\"https:\\\/\\\/lisakroeber.com\\\/de\\\/produkt\\\/ohrschmuck-mini\\\/\",\"url\":\"https:\\\/\\\/lisakroeber.com\\\/de\\\/produkt\\\/ohrschmuck-mini\\\/\",\"name\":\"Ohrringe Mini - Lisa Kroeber Jewellery Art\",\"isPartOf\":{\"@id\":\"https:\\\/\\\/lisakroeber.com\\\/#website\"},\"primaryImageOfPage\":{\"@id\":\"https:\\\/\\\/lisakroeber.com\\\/de\\\/produkt\\\/ohrschmuck-mini\\\/#primaryimage\"},\"image\":{\"@id\":\"https:\\\/\\\/lisakroeber.com\\\/de\\\/produkt\\\/ohrschmuck-mini\\\/#primaryimage\"},\"thumbnailUrl\":\"https:\\\/\\\/lisakroeber.com\\\/wp-content\\\/uploads\\\/2019\\\/08\\\/Mini-ivory.jpg\",\"datePublished\":\"2019-08-09T13:20:18+00:00\",\"dateModified\":\"2026-01-28T13:47:36+00:00\",\"breadcrumb\":{\"@id\":\"https:\\\/\\\/lisakroeber.com\\\/de\\\/produkt\\\/ohrschmuck-mini\\\/#breadcrumb\"},\"inLanguage\":\"de\",\"potentialAction\":[{\"@type\":\"ReadAction\",\"target\":[\"https:\\\/\\\/lisakroeber.com\\\/de\\\/produkt\\\/ohrschmuck-mini\\\/\"]}]},{\"@type\":\"ImageObject\",\"inLanguage\":\"de\",\"@id\":\"https:\\\/\\\/lisakroeber.com\\\/de\\\/produkt\\\/ohrschmuck-mini\\\/#primaryimage\",\"url\":\"https:\\\/\\\/lisakroeber.com\\\/wp-content\\\/uploads\\\/2019\\\/08\\\/Mini-ivory.jpg\",\"contentUrl\":\"https:\\\/\\\/lisakroeber.com\\\/wp-content\\\/uploads\\\/2019\\\/08\\\/Mini-ivory.jpg\",\"width\":900,\"height\":900},{\"@type\":\"BreadcrumbList\",\"@id\":\"https:\\\/\\\/lisakroeber.com\\\/de\\\/produkt\\\/ohrschmuck-mini\\\/#breadcrumb\",\"itemListElement\":[{\"@type\":\"ListItem\",\"position\":1,\"name\":\"Home\",\"item\":\"https:\\\/\\\/lisakroeber.com\\\/de\\\/\"},{\"@type\":\"ListItem\",\"position\":2,\"name\":\"Gesch\u00e4ft\",\"item\":\"https:\\\/\\\/lisakroeber.com\\\/de\\\/geschaeft\\\/\"},{\"@type\":\"ListItem\",\"position\":3,\"name\":\"Ohrringe Mini\"}]},{\"@type\":\"WebSite\",\"@id\":\"https:\\\/\\\/lisakroeber.com\\\/#website\",\"url\":\"https:\\\/\\\/lisakroeber.com\\\/\",\"name\":\"Lisa Kroeber Jewellery Art\",\"description\":\"Lisa Kroeber Jewellery Art e-shop\",\"publisher\":{\"@id\":\"https:\\\/\\\/lisakroeber.com\\\/#organization\"},\"potentialAction\":[{\"@type\":\"SearchAction\",\"target\":{\"@type\":\"EntryPoint\",\"urlTemplate\":\"https:\\\/\\\/lisakroeber.com\\\/?s={search_term_string}\"},\"query-input\":{\"@type\":\"PropertyValueSpecification\",\"valueRequired\":true,\"valueName\":\"search_term_string\"}}],\"inLanguage\":\"de\"},{\"@type\":\"Organization\",\"@id\":\"https:\\\/\\\/lisakroeber.com\\\/#organization\",\"name\":\"Lisa Kroeber Jewellery\",\"url\":\"https:\\\/\\\/lisakroeber.com\\\/\",\"logo\":{\"@type\":\"ImageObject\",\"inLanguage\":\"de\",\"@id\":\"https:\\\/\\\/lisakroeber.com\\\/#\\\/schema\\\/logo\\\/image\\\/\",\"url\":\"https:\\\/\\\/lisakroeber.com\\\/wp-content\\\/uploads\\\/2024\\\/07\\\/47178367_317322115661289_143956003702964224_n-e1543863670541.svg\",\"contentUrl\":\"https:\\\/\\\/lisakroeber.com\\\/wp-content\\\/uploads\\\/2024\\\/07\\\/47178367_317322115661289_143956003702964224_n-e1543863670541.svg\",\"width\":1,\"height\":1,\"caption\":\"Lisa Kroeber Jewellery\"},\"image\":{\"@id\":\"https:\\\/\\\/lisakroeber.com\\\/#\\\/schema\\\/logo\\\/image\\\/\"}}]}<\/script>\n<!-- \/ Yoast SEO plugin. -->","yoast_head_json":{"title":"Ohrringe Mini - Lisa Kroeber Jewellery Art","robots":{"index":"index","follow":"follow","max-snippet":"max-snippet:-1","max-image-preview":"max-image-preview:large","max-video-preview":"max-video-preview:-1"},"canonical":"https:\/\/lisakroeber.com\/de\/produkt\/ohrschmuck-mini\/","og_locale":"de_DE","og_type":"article","og_title":"Ohrringe Mini - Lisa Kroeber Jewellery Art","og_description":"Mini-Ohrringe Klein. Farbenfroh. Durchdacht. Die Mini-Ohrringe sind Teil unserer zartesten Kollektion \u2013 entworfen als Antwort auf den Wunsch nach etwas wirklich Kleinem und Subtilem. Minimal in der Gr\u00f6\u00dfe, aber voller Charakter beweisen diese winzigen Ohrringe, dass weniger tats\u00e4chlich mehr sein kann.  Erh\u00e4ltlich in einer gro\u00dfen Farbvielfalt, darunter 12 funkelnde Farben sind in einer breiten Farbpalette erh\u00e4ltlich, darunter 12 funkelnde Farbt\u00f6ne, und verleihen Ihrem Alltagslook einen dezenten, verspielten Akzent. Leicht, bequem und f\u00fcr alle, die feine Details und dezente Statements lieben.  Folgen Sie dem Link, um die funkelnden Mini-Ohrringe zu entdecken. &nbsp; &nbsp;","og_url":"https:\/\/lisakroeber.com\/de\/produkt\/ohrschmuck-mini\/","og_site_name":"Lisa Kroeber Jewellery Art","article_modified_time":"2026-01-28T13:47:36+00:00","og_image":[{"width":900,"height":900,"url":"https:\/\/lisakroeber.com\/wp-content\/uploads\/2019\/08\/Mini-ivory.jpg","type":"image\/jpeg"}],"twitter_card":"summary_large_image","twitter_misc":{"Gesch\u00e4tzte Lesezeit":"1\u00a0Minute"},"schema":{"@context":"https:\/\/schema.org","@graph":[{"@type":"WebPage","@id":"https:\/\/lisakroeber.com\/de\/produkt\/ohrschmuck-mini\/","url":"https:\/\/lisakroeber.com\/de\/produkt\/ohrschmuck-mini\/","name":"Ohrringe Mini - Lisa Kroeber Jewellery Art","isPartOf":{"@id":"https:\/\/lisakroeber.com\/#website"},"primaryImageOfPage":{"@id":"https:\/\/lisakroeber.com\/de\/produkt\/ohrschmuck-mini\/#primaryimage"},"image":{"@id":"https:\/\/lisakroeber.com\/de\/produkt\/ohrschmuck-mini\/#primaryimage"},"thumbnailUrl":"https:\/\/lisakroeber.com\/wp-content\/uploads\/2019\/08\/Mini-ivory.jpg","datePublished":"2019-08-09T13:20:18+00:00","dateModified":"2026-01-28T13:47:36+00:00","breadcrumb":{"@id":"https:\/\/lisakroeber.com\/de\/produkt\/ohrschmuck-mini\/#breadcrumb"},"inLanguage":"de","potentialAction":[{"@type":"ReadAction","target":["https:\/\/lisakroeber.com\/de\/produkt\/ohrschmuck-mini\/"]}]},{"@type":"ImageObject","inLanguage":"de","@id":"https:\/\/lisakroeber.com\/de\/produkt\/ohrschmuck-mini\/#primaryimage","url":"https:\/\/lisakroeber.com\/wp-content\/uploads\/2019\/08\/Mini-ivory.jpg","contentUrl":"https:\/\/lisakroeber.com\/wp-content\/uploads\/2019\/08\/Mini-ivory.jpg","width":900,"height":900},{"@type":"BreadcrumbList","@id":"https:\/\/lisakroeber.com\/de\/produkt\/ohrschmuck-mini\/#breadcrumb","itemListElement":[{"@type":"ListItem","position":1,"name":"Home","item":"https:\/\/lisakroeber.com\/de\/"},{"@type":"ListItem","position":2,"name":"Gesch\u00e4ft","item":"https:\/\/lisakroeber.com\/de\/geschaeft\/"},{"@type":"ListItem","position":3,"name":"Ohrringe Mini"}]},{"@type":"WebSite","@id":"https:\/\/lisakroeber.com\/#website","url":"https:\/\/lisakroeber.com\/","name":"Lisa Kroeber Jewellery Art","description":"Lisa Kroeber Jewellery Art e-shop","publisher":{"@id":"https:\/\/lisakroeber.com\/#organization"},"potentialAction":[{"@type":"SearchAction","target":{"@type":"EntryPoint","urlTemplate":"https:\/\/lisakroeber.com\/?s={search_term_string}"},"query-input":{"@type":"PropertyValueSpecification","valueRequired":true,"valueName":"search_term_string"}}],"inLanguage":"de"},{"@type":"Organization","@id":"https:\/\/lisakroeber.com\/#organization","name":"Lisa Kroeber Jewellery","url":"https:\/\/lisakroeber.com\/","logo":{"@type":"ImageObject","inLanguage":"de","@id":"https:\/\/lisakroeber.com\/#\/schema\/logo\/image\/","url":"https:\/\/lisakroeber.com\/wp-content\/uploads\/2024\/07\/47178367_317322115661289_143956003702964224_n-e1543863670541.svg","contentUrl":"https:\/\/lisakroeber.com\/wp-content\/uploads\/2024\/07\/47178367_317322115661289_143956003702964224_n-e1543863670541.svg","width":1,"height":1,"caption":"Lisa Kroeber Jewellery"},"image":{"@id":"https:\/\/lisakroeber.com\/#\/schema\/logo\/image\/"}}]}},"_links":{"self":[{"href":"https:\/\/lisakroeber.com\/de\/wp-json\/wp\/v2\/product\/24231","targetHints":{"allow":["GET"]}}],"collection":[{"href":"https:\/\/lisakroeber.com\/de\/wp-json\/wp\/v2\/product"}],"about":[{"href":"https:\/\/lisakroeber.com\/de\/wp-json\/wp\/v2\/types\/product"}],"wp:featuredmedia":[{"embeddable":true,"href":"https:\/\/lisakroeber.com\/de\/wp-json\/wp\/v2\/media\/16517"}],"wp:attachment":[{"href":"https:\/\/lisakroeber.com\/de\/wp-json\/wp\/v2\/media?parent=24231"}],"wp:term":[{"taxonomy":"product_brand","embeddable":true,"href":"https:\/\/lisakroeber.com\/de\/wp-json\/wp\/v2\/product_brand?post=24231"},{"taxonomy":"product_cat","embeddable":true,"href":"https:\/\/lisakroeber.com\/de\/wp-json\/wp\/v2\/product_cat?post=24231"},{"taxonomy":"product_tag","embeddable":true,"href":"https:\/\/lisakroeber.com\/de\/wp-json\/wp\/v2\/product_tag?post=24231"}],"curies":[{"name":"wp","href":"https:\/\/api.w.org\/{rel}","templated":true}]}}