{"id":24334,"date":"2022-11-03T13:33:26","date_gmt":"2022-11-03T11:33:26","guid":{"rendered":"https:\/\/lisakroeber.com\/uus\/product\/brustnadel-mini\/"},"modified":"2026-02-08T18:34:04","modified_gmt":"2026-02-08T16:34:04","slug":"brustnadel-mini","status":"publish","type":"product","link":"https:\/\/lisakroeber.com\/de\/produkt\/brustnadel-mini\/","title":{"rendered":"Brustnadel Mini"},"content":{"rendered":"<p><span data-sheets-value=\"{&quot;1&quot;:2,&quot;2&quot;:&quot;Kleine Mini-Pins, f\u00fcr M\u00e4nner und Frauen. Passt perfekt zu unseren Mini-Manschettenkn\u00f6pfen, Ohrringen oder Halsketten.&quot;}\" data-sheets-userformat=\"{&quot;2&quot;:577,&quot;3&quot;:{&quot;1&quot;:0},&quot;9&quot;:1,&quot;12&quot;:0}\">Kleine Mini-Pins, f\u00fcr M\u00e4nner und Frauen. Passt perfekt zu unseren Mini-Manschettenkn\u00f6pfen, Ohrringen oder Halsketten.<\/span><\/p>\n","protected":false},"excerpt":{"rendered":"<p><b>Mini Brustnadel<\/b><b><br \/>\n<\/b><span style=\"font-weight: 400;\"> Klein. Vielseitig. Perfekt abgestimmt.<br \/>  <\/span><\/p>\n<p>Die <span style=\"font-weight: 400;\"><i><span style=\"font-weight: 400;\">Mini Pins<\/span><\/i><\/span><span style=\"font-weight: 400;\"> sind kleine, feine Akzente f\u00fcr Damen und Herren. Zur\u00fcckhaltend in der Gr\u00f6\u00dfe, aber ausdrucksstark im Detail, verleihen sie Jacken, Hemden, Schals oder Taschen einen dezenten Farbakzent. <\/span><\/p>\n<p>Perfekt kombinierbar mit unseren Mini Manschettenkn\u00f6pfen, Ohrringen oder Halsketten runden die Mini Pins den Look auf spielerische und elegante Weise ab.<\/p>\n<p>&nbsp;<\/p>\n<p>&nbsp;<\/p>\n","protected":false},"featured_media":21423,"template":"","meta":{"content-type":""},"product_brand":[],"product_cat":[339,345,341,461],"product_tag":[],"class_list":{"0":"post-24334","1":"product","2":"type-product","3":"status-publish","4":"has-post-thumbnail","6":"product_cat-broschen","7":"product_cat-fuer-maenner","8":"product_cat-kollektionen","9":"product_cat-mini-de","11":"first","12":"instock","13":"taxable","14":"shipping-taxable","15":"purchasable","16":"product-type-variable"},"yoast_head":"<!-- This site is optimized with the Yoast SEO plugin v27.4 - https:\/\/yoast.com\/product\/yoast-seo-wordpress\/ -->\n<title>Brustnadel Mini - Lisa Kroeber Jewellery Art<\/title>\n<meta name=\"robots\" content=\"index, follow, max-snippet:-1, max-image-preview:large, max-video-preview:-1\" \/>\n<link rel=\"canonical\" href=\"https:\/\/lisakroeber.com\/de\/produkt\/brustnadel-mini\/\" \/>\n<meta property=\"og:locale\" content=\"de_DE\" \/>\n<meta property=\"og:type\" content=\"article\" \/>\n<meta property=\"og:title\" content=\"Brustnadel Mini - Lisa Kroeber Jewellery Art\" \/>\n<meta property=\"og:description\" content=\"Mini Brustnadel Klein. Vielseitig. Perfekt abgestimmt.  Die Mini Pins sind kleine, feine Akzente f\u00fcr Damen und Herren. Zur\u00fcckhaltend in der Gr\u00f6\u00dfe, aber ausdrucksstark im Detail, verleihen sie Jacken, Hemden, Schals oder Taschen einen dezenten Farbakzent.  Perfekt kombinierbar mit unseren Mini Manschettenkn\u00f6pfen, Ohrringen oder Halsketten runden die Mini Pins den Look auf spielerische und elegante Weise ab. &nbsp; &nbsp;\" \/>\n<meta property=\"og:url\" content=\"https:\/\/lisakroeber.com\/de\/produkt\/brustnadel-mini\/\" \/>\n<meta property=\"og:site_name\" content=\"Lisa Kroeber Jewellery Art\" \/>\n<meta property=\"article:modified_time\" content=\"2026-02-08T16:34:04+00:00\" \/>\n<meta property=\"og:image\" content=\"https:\/\/lisakroeber.com\/wp-content\/uploads\/2022\/11\/brooch_pastel_green.jpg\" \/>\n\t<meta property=\"og:image:width\" content=\"954\" \/>\n\t<meta property=\"og:image:height\" content=\"954\" \/>\n\t<meta property=\"og:image:type\" content=\"image\/jpeg\" \/>\n<meta name=\"twitter:card\" content=\"summary_large_image\" \/>\n<meta name=\"twitter:label1\" content=\"Gesch\u00e4tzte Lesezeit\" \/>\n\t<meta name=\"twitter:data1\" content=\"1\u00a0Minute\" \/>\n<script type=\"application\/ld+json\" class=\"yoast-schema-graph\">{\"@context\":\"https:\\\/\\\/schema.org\",\"@graph\":[{\"@type\":\"WebPage\",\"@id\":\"https:\\\/\\\/lisakroeber.com\\\/de\\\/produkt\\\/brustnadel-mini\\\/\",\"url\":\"https:\\\/\\\/lisakroeber.com\\\/de\\\/produkt\\\/brustnadel-mini\\\/\",\"name\":\"Brustnadel Mini - Lisa Kroeber Jewellery Art\",\"isPartOf\":{\"@id\":\"https:\\\/\\\/lisakroeber.com\\\/#website\"},\"primaryImageOfPage\":{\"@id\":\"https:\\\/\\\/lisakroeber.com\\\/de\\\/produkt\\\/brustnadel-mini\\\/#primaryimage\"},\"image\":{\"@id\":\"https:\\\/\\\/lisakroeber.com\\\/de\\\/produkt\\\/brustnadel-mini\\\/#primaryimage\"},\"thumbnailUrl\":\"https:\\\/\\\/lisakroeber.com\\\/wp-content\\\/uploads\\\/2022\\\/11\\\/brooch_pastel_green.jpg\",\"datePublished\":\"2022-11-03T11:33:26+00:00\",\"dateModified\":\"2026-02-08T16:34:04+00:00\",\"breadcrumb\":{\"@id\":\"https:\\\/\\\/lisakroeber.com\\\/de\\\/produkt\\\/brustnadel-mini\\\/#breadcrumb\"},\"inLanguage\":\"de\",\"potentialAction\":[{\"@type\":\"ReadAction\",\"target\":[\"https:\\\/\\\/lisakroeber.com\\\/de\\\/produkt\\\/brustnadel-mini\\\/\"]}]},{\"@type\":\"ImageObject\",\"inLanguage\":\"de\",\"@id\":\"https:\\\/\\\/lisakroeber.com\\\/de\\\/produkt\\\/brustnadel-mini\\\/#primaryimage\",\"url\":\"https:\\\/\\\/lisakroeber.com\\\/wp-content\\\/uploads\\\/2022\\\/11\\\/brooch_pastel_green.jpg\",\"contentUrl\":\"https:\\\/\\\/lisakroeber.com\\\/wp-content\\\/uploads\\\/2022\\\/11\\\/brooch_pastel_green.jpg\",\"width\":954,\"height\":954},{\"@type\":\"BreadcrumbList\",\"@id\":\"https:\\\/\\\/lisakroeber.com\\\/de\\\/produkt\\\/brustnadel-mini\\\/#breadcrumb\",\"itemListElement\":[{\"@type\":\"ListItem\",\"position\":1,\"name\":\"Home\",\"item\":\"https:\\\/\\\/lisakroeber.com\\\/de\\\/\"},{\"@type\":\"ListItem\",\"position\":2,\"name\":\"Gesch\u00e4ft\",\"item\":\"https:\\\/\\\/lisakroeber.com\\\/de\\\/geschaeft\\\/\"},{\"@type\":\"ListItem\",\"position\":3,\"name\":\"Brustnadel Mini\"}]},{\"@type\":\"WebSite\",\"@id\":\"https:\\\/\\\/lisakroeber.com\\\/#website\",\"url\":\"https:\\\/\\\/lisakroeber.com\\\/\",\"name\":\"Lisa Kroeber Jewellery Art\",\"description\":\"Lisa Kroeber Jewellery Art e-shop\",\"publisher\":{\"@id\":\"https:\\\/\\\/lisakroeber.com\\\/#organization\"},\"potentialAction\":[{\"@type\":\"SearchAction\",\"target\":{\"@type\":\"EntryPoint\",\"urlTemplate\":\"https:\\\/\\\/lisakroeber.com\\\/?s={search_term_string}\"},\"query-input\":{\"@type\":\"PropertyValueSpecification\",\"valueRequired\":true,\"valueName\":\"search_term_string\"}}],\"inLanguage\":\"de\"},{\"@type\":\"Organization\",\"@id\":\"https:\\\/\\\/lisakroeber.com\\\/#organization\",\"name\":\"Lisa Kroeber Jewellery\",\"url\":\"https:\\\/\\\/lisakroeber.com\\\/\",\"logo\":{\"@type\":\"ImageObject\",\"inLanguage\":\"de\",\"@id\":\"https:\\\/\\\/lisakroeber.com\\\/#\\\/schema\\\/logo\\\/image\\\/\",\"url\":\"https:\\\/\\\/lisakroeber.com\\\/wp-content\\\/uploads\\\/2024\\\/07\\\/47178367_317322115661289_143956003702964224_n-e1543863670541.svg\",\"contentUrl\":\"https:\\\/\\\/lisakroeber.com\\\/wp-content\\\/uploads\\\/2024\\\/07\\\/47178367_317322115661289_143956003702964224_n-e1543863670541.svg\",\"width\":1,\"height\":1,\"caption\":\"Lisa Kroeber Jewellery\"},\"image\":{\"@id\":\"https:\\\/\\\/lisakroeber.com\\\/#\\\/schema\\\/logo\\\/image\\\/\"}}]}<\/script>\n<!-- \/ Yoast SEO plugin. -->","yoast_head_json":{"title":"Brustnadel Mini - Lisa Kroeber Jewellery Art","robots":{"index":"index","follow":"follow","max-snippet":"max-snippet:-1","max-image-preview":"max-image-preview:large","max-video-preview":"max-video-preview:-1"},"canonical":"https:\/\/lisakroeber.com\/de\/produkt\/brustnadel-mini\/","og_locale":"de_DE","og_type":"article","og_title":"Brustnadel Mini - Lisa Kroeber Jewellery Art","og_description":"Mini Brustnadel Klein. Vielseitig. Perfekt abgestimmt.  Die Mini Pins sind kleine, feine Akzente f\u00fcr Damen und Herren. Zur\u00fcckhaltend in der Gr\u00f6\u00dfe, aber ausdrucksstark im Detail, verleihen sie Jacken, Hemden, Schals oder Taschen einen dezenten Farbakzent.  Perfekt kombinierbar mit unseren Mini Manschettenkn\u00f6pfen, Ohrringen oder Halsketten runden die Mini Pins den Look auf spielerische und elegante Weise ab. &nbsp; &nbsp;","og_url":"https:\/\/lisakroeber.com\/de\/produkt\/brustnadel-mini\/","og_site_name":"Lisa Kroeber Jewellery Art","article_modified_time":"2026-02-08T16:34:04+00:00","og_image":[{"width":954,"height":954,"url":"https:\/\/lisakroeber.com\/wp-content\/uploads\/2022\/11\/brooch_pastel_green.jpg","type":"image\/jpeg"}],"twitter_card":"summary_large_image","twitter_misc":{"Gesch\u00e4tzte Lesezeit":"1\u00a0Minute"},"schema":{"@context":"https:\/\/schema.org","@graph":[{"@type":"WebPage","@id":"https:\/\/lisakroeber.com\/de\/produkt\/brustnadel-mini\/","url":"https:\/\/lisakroeber.com\/de\/produkt\/brustnadel-mini\/","name":"Brustnadel Mini - Lisa Kroeber Jewellery Art","isPartOf":{"@id":"https:\/\/lisakroeber.com\/#website"},"primaryImageOfPage":{"@id":"https:\/\/lisakroeber.com\/de\/produkt\/brustnadel-mini\/#primaryimage"},"image":{"@id":"https:\/\/lisakroeber.com\/de\/produkt\/brustnadel-mini\/#primaryimage"},"thumbnailUrl":"https:\/\/lisakroeber.com\/wp-content\/uploads\/2022\/11\/brooch_pastel_green.jpg","datePublished":"2022-11-03T11:33:26+00:00","dateModified":"2026-02-08T16:34:04+00:00","breadcrumb":{"@id":"https:\/\/lisakroeber.com\/de\/produkt\/brustnadel-mini\/#breadcrumb"},"inLanguage":"de","potentialAction":[{"@type":"ReadAction","target":["https:\/\/lisakroeber.com\/de\/produkt\/brustnadel-mini\/"]}]},{"@type":"ImageObject","inLanguage":"de","@id":"https:\/\/lisakroeber.com\/de\/produkt\/brustnadel-mini\/#primaryimage","url":"https:\/\/lisakroeber.com\/wp-content\/uploads\/2022\/11\/brooch_pastel_green.jpg","contentUrl":"https:\/\/lisakroeber.com\/wp-content\/uploads\/2022\/11\/brooch_pastel_green.jpg","width":954,"height":954},{"@type":"BreadcrumbList","@id":"https:\/\/lisakroeber.com\/de\/produkt\/brustnadel-mini\/#breadcrumb","itemListElement":[{"@type":"ListItem","position":1,"name":"Home","item":"https:\/\/lisakroeber.com\/de\/"},{"@type":"ListItem","position":2,"name":"Gesch\u00e4ft","item":"https:\/\/lisakroeber.com\/de\/geschaeft\/"},{"@type":"ListItem","position":3,"name":"Brustnadel Mini"}]},{"@type":"WebSite","@id":"https:\/\/lisakroeber.com\/#website","url":"https:\/\/lisakroeber.com\/","name":"Lisa Kroeber Jewellery Art","description":"Lisa Kroeber Jewellery Art e-shop","publisher":{"@id":"https:\/\/lisakroeber.com\/#organization"},"potentialAction":[{"@type":"SearchAction","target":{"@type":"EntryPoint","urlTemplate":"https:\/\/lisakroeber.com\/?s={search_term_string}"},"query-input":{"@type":"PropertyValueSpecification","valueRequired":true,"valueName":"search_term_string"}}],"inLanguage":"de"},{"@type":"Organization","@id":"https:\/\/lisakroeber.com\/#organization","name":"Lisa Kroeber Jewellery","url":"https:\/\/lisakroeber.com\/","logo":{"@type":"ImageObject","inLanguage":"de","@id":"https:\/\/lisakroeber.com\/#\/schema\/logo\/image\/","url":"https:\/\/lisakroeber.com\/wp-content\/uploads\/2024\/07\/47178367_317322115661289_143956003702964224_n-e1543863670541.svg","contentUrl":"https:\/\/lisakroeber.com\/wp-content\/uploads\/2024\/07\/47178367_317322115661289_143956003702964224_n-e1543863670541.svg","width":1,"height":1,"caption":"Lisa Kroeber Jewellery"},"image":{"@id":"https:\/\/lisakroeber.com\/#\/schema\/logo\/image\/"}}]}},"_links":{"self":[{"href":"https:\/\/lisakroeber.com\/de\/wp-json\/wp\/v2\/product\/24334","targetHints":{"allow":["GET"]}}],"collection":[{"href":"https:\/\/lisakroeber.com\/de\/wp-json\/wp\/v2\/product"}],"about":[{"href":"https:\/\/lisakroeber.com\/de\/wp-json\/wp\/v2\/types\/product"}],"wp:featuredmedia":[{"embeddable":true,"href":"https:\/\/lisakroeber.com\/de\/wp-json\/wp\/v2\/media\/21423"}],"wp:attachment":[{"href":"https:\/\/lisakroeber.com\/de\/wp-json\/wp\/v2\/media?parent=24334"}],"wp:term":[{"taxonomy":"product_brand","embeddable":true,"href":"https:\/\/lisakroeber.com\/de\/wp-json\/wp\/v2\/product_brand?post=24334"},{"taxonomy":"product_cat","embeddable":true,"href":"https:\/\/lisakroeber.com\/de\/wp-json\/wp\/v2\/product_cat?post=24334"},{"taxonomy":"product_tag","embeddable":true,"href":"https:\/\/lisakroeber.com\/de\/wp-json\/wp\/v2\/product_tag?post=24334"}],"curies":[{"name":"wp","href":"https:\/\/api.w.org\/{rel}","templated":true}]}}