{"id":24637,"date":"2019-03-07T13:52:03","date_gmt":"2019-03-07T11:52:03","guid":{"rendered":"https:\/\/lisakroeber.com\/uus\/product\/ohrschmuck-leaves-small\/"},"modified":"2026-04-16T21:51:52","modified_gmt":"2026-04-16T19:51:52","slug":"ohrschmuck-leaves-small","status":"publish","type":"product","link":"https:\/\/lisakroeber.com\/de\/produkt\/ohrschmuck-leaves-small\/","title":{"rendered":"Ohrringe Leaves Small"},"content":{"rendered":"<p><span data-sheets-value=\"{&quot;1&quot;:2,&quot;2&quot;:&quot;LEAVES sind organisch geformte Ohrringe und Anh\u00e4nger, die gleichzeitig schlicht und auff\u00e4llig sind. Du kannst sie in zwei verschiedenen Formen und in einer gro\u00dfen Farbauswahl finden. LEAVES passen zu allen Arten von Outfits, egal ob du auf eine Party gehst oder deine beste Freundin triffst, ob du zur Arbeit eilst oder zu einem Date gehst.nnLEAVES SMALL sind die kleinste Variante von LEAVES. Diese Form war eine der ersten, die ich entworfen habe, und daher findet man sie auch in unserem Logo.&quot;}\" data-sheets-userformat=\"{&quot;2&quot;:577,&quot;3&quot;:{&quot;1&quot;:0},&quot;9&quot;:1,&quot;12&quot;:0}\">LEAVES sind organisch geformte Ohrringe und Anh\u00e4nger, die gleichzeitig schlicht und auff\u00e4llig sind. Du kannst sie in zwei verschiedenen Formen und in einer gro\u00dfen Farbauswahl finden. LEAVES passen zu allen Arten von Outfits, egal ob du auf eine Party gehst oder deine beste Freundin triffst, ob du zur Arbeit eilst oder zu einem Date gehst.<\/span><\/p>\n<p>LEAVES SMALL sind die kleinste Variante von LEAVES. Diese Form war eine der ersten, die ich entworfen habe, und daher findet man sie auch in unserem Logo.<\/p>\n","protected":false},"excerpt":{"rendered":"<p><b>Leaves Small Ohrringe<\/b><b><br \/>\n<\/b><span style=\"font-weight: 400;\"> Organisch. Zur\u00fcckhaltend.  Zeitlos.<\/span><\/p>\n<p>Leaves<span style=\"font-weight: 400;\"> Ohrringe zeichnen sich durch ihre organische Form aus, die zugleich dezent und ausdrucksstark ist. Erh\u00e4ltlich in einer gro\u00dfen Farbvielfalt, verleihen sie jedem Outfit einen nat\u00fcrlichen und m\u00fchelosen Akzent. <\/span><\/p>\n<p>Vielseitig und angenehm zu tragen, passen die Leaves Small<span style=\"font-weight: 400;\"> zu jedem Anlass \u2014 ob Party, Treffen mit der besten Freundin, ein hektischer Arbeitstag oder das erste Date. Diese Form war eines meiner allerersten Designs und findet sich deshalb auch in unserem Logo wieder \u2014 ein echtes Signature-St\u00fcck.<br \/> <\/span><\/p>\n<p><a href=\"https:\/\/lisakroeber.com\/de\/produkt\/ohrschmuck-sparkling-loops-copy-4\/\"><span style=\"font-weight: 400;\">Folgen Sie dem Link, um die Sparkling Leaves Ohrringe zu entdecken.<\/span><\/a><\/p>\n","protected":false},"featured_media":19794,"template":"","meta":{"content-type":""},"product_brand":[],"product_cat":[341,442,344],"product_tag":[],"class_list":{"0":"post-24637","1":"product","2":"type-product","3":"status-publish","4":"has-post-thumbnail","6":"product_cat-kollektionen","7":"product_cat-leaves-de","8":"product_cat-ohrschmuck","10":"first","11":"outofstock","12":"taxable","13":"shipping-taxable","14":"product-type-variable"},"yoast_head":"<!-- This site is optimized with the Yoast SEO plugin v27.4 - https:\/\/yoast.com\/product\/yoast-seo-wordpress\/ -->\n<title>Ohrringe Leaves Small - Lisa Kroeber Jewellery Art<\/title>\n<meta name=\"robots\" content=\"index, follow, max-snippet:-1, max-image-preview:large, max-video-preview:-1\" \/>\n<link rel=\"canonical\" href=\"https:\/\/lisakroeber.com\/de\/produkt\/ohrschmuck-leaves-small\/\" \/>\n<meta property=\"og:locale\" content=\"de_DE\" \/>\n<meta property=\"og:type\" content=\"article\" \/>\n<meta property=\"og:title\" content=\"Ohrringe Leaves Small - Lisa Kroeber Jewellery Art\" \/>\n<meta property=\"og:description\" content=\"Leaves Small Ohrringe Organisch. Zur\u00fcckhaltend. Zeitlos. Leaves Ohrringe zeichnen sich durch ihre organische Form aus, die zugleich dezent und ausdrucksstark ist. Erh\u00e4ltlich in einer gro\u00dfen Farbvielfalt, verleihen sie jedem Outfit einen nat\u00fcrlichen und m\u00fchelosen Akzent.  Vielseitig und angenehm zu tragen, passen die Leaves Small zu jedem Anlass \u2014 ob Party, Treffen mit der besten Freundin, ein hektischer Arbeitstag oder das erste Date. Diese Form war eines meiner allerersten Designs und findet sich deshalb auch in unserem Logo wieder \u2014 ein echtes Signature-St\u00fcck.  Folgen Sie dem Link, um die Sparkling Leaves Ohrringe zu entdecken.\" \/>\n<meta property=\"og:url\" content=\"https:\/\/lisakroeber.com\/de\/produkt\/ohrschmuck-leaves-small\/\" \/>\n<meta property=\"og:site_name\" content=\"Lisa Kroeber Jewellery Art\" \/>\n<meta property=\"article:modified_time\" content=\"2026-04-16T19:51:52+00:00\" \/>\n<meta property=\"og:image\" content=\"https:\/\/lisakroeber.com\/wp-content\/uploads\/2019\/03\/Leaves-Small-traffic-yellow-web-1-scaled.jpg\" \/>\n\t<meta property=\"og:image:width\" content=\"2419\" \/>\n\t<meta property=\"og:image:height\" content=\"2560\" \/>\n\t<meta property=\"og:image:type\" content=\"image\/jpeg\" \/>\n<meta name=\"twitter:card\" content=\"summary_large_image\" \/>\n<meta name=\"twitter:label1\" content=\"Gesch\u00e4tzte Lesezeit\" \/>\n\t<meta name=\"twitter:data1\" content=\"1\u00a0Minute\" \/>\n<script type=\"application\/ld+json\" class=\"yoast-schema-graph\">{\"@context\":\"https:\\\/\\\/schema.org\",\"@graph\":[{\"@type\":\"WebPage\",\"@id\":\"https:\\\/\\\/lisakroeber.com\\\/de\\\/produkt\\\/ohrschmuck-leaves-small\\\/\",\"url\":\"https:\\\/\\\/lisakroeber.com\\\/de\\\/produkt\\\/ohrschmuck-leaves-small\\\/\",\"name\":\"Ohrringe Leaves Small - Lisa Kroeber Jewellery Art\",\"isPartOf\":{\"@id\":\"https:\\\/\\\/lisakroeber.com\\\/#website\"},\"primaryImageOfPage\":{\"@id\":\"https:\\\/\\\/lisakroeber.com\\\/de\\\/produkt\\\/ohrschmuck-leaves-small\\\/#primaryimage\"},\"image\":{\"@id\":\"https:\\\/\\\/lisakroeber.com\\\/de\\\/produkt\\\/ohrschmuck-leaves-small\\\/#primaryimage\"},\"thumbnailUrl\":\"https:\\\/\\\/lisakroeber.com\\\/wp-content\\\/uploads\\\/2019\\\/03\\\/Leaves-Small-traffic-yellow-web-1-scaled.jpg\",\"datePublished\":\"2019-03-07T11:52:03+00:00\",\"dateModified\":\"2026-04-16T19:51:52+00:00\",\"breadcrumb\":{\"@id\":\"https:\\\/\\\/lisakroeber.com\\\/de\\\/produkt\\\/ohrschmuck-leaves-small\\\/#breadcrumb\"},\"inLanguage\":\"de\",\"potentialAction\":[{\"@type\":\"ReadAction\",\"target\":[\"https:\\\/\\\/lisakroeber.com\\\/de\\\/produkt\\\/ohrschmuck-leaves-small\\\/\"]}]},{\"@type\":\"ImageObject\",\"inLanguage\":\"de\",\"@id\":\"https:\\\/\\\/lisakroeber.com\\\/de\\\/produkt\\\/ohrschmuck-leaves-small\\\/#primaryimage\",\"url\":\"https:\\\/\\\/lisakroeber.com\\\/wp-content\\\/uploads\\\/2019\\\/03\\\/Leaves-Small-traffic-yellow-web-1-scaled.jpg\",\"contentUrl\":\"https:\\\/\\\/lisakroeber.com\\\/wp-content\\\/uploads\\\/2019\\\/03\\\/Leaves-Small-traffic-yellow-web-1-scaled.jpg\",\"width\":2419,\"height\":2560},{\"@type\":\"BreadcrumbList\",\"@id\":\"https:\\\/\\\/lisakroeber.com\\\/de\\\/produkt\\\/ohrschmuck-leaves-small\\\/#breadcrumb\",\"itemListElement\":[{\"@type\":\"ListItem\",\"position\":1,\"name\":\"Home\",\"item\":\"https:\\\/\\\/lisakroeber.com\\\/de\\\/\"},{\"@type\":\"ListItem\",\"position\":2,\"name\":\"Gesch\u00e4ft\",\"item\":\"https:\\\/\\\/lisakroeber.com\\\/de\\\/geschaeft\\\/\"},{\"@type\":\"ListItem\",\"position\":3,\"name\":\"Ohrringe Leaves Small\"}]},{\"@type\":\"WebSite\",\"@id\":\"https:\\\/\\\/lisakroeber.com\\\/#website\",\"url\":\"https:\\\/\\\/lisakroeber.com\\\/\",\"name\":\"Lisa Kroeber Jewellery Art\",\"description\":\"Lisa Kroeber Jewellery Art e-shop\",\"publisher\":{\"@id\":\"https:\\\/\\\/lisakroeber.com\\\/#organization\"},\"potentialAction\":[{\"@type\":\"SearchAction\",\"target\":{\"@type\":\"EntryPoint\",\"urlTemplate\":\"https:\\\/\\\/lisakroeber.com\\\/?s={search_term_string}\"},\"query-input\":{\"@type\":\"PropertyValueSpecification\",\"valueRequired\":true,\"valueName\":\"search_term_string\"}}],\"inLanguage\":\"de\"},{\"@type\":\"Organization\",\"@id\":\"https:\\\/\\\/lisakroeber.com\\\/#organization\",\"name\":\"Lisa Kroeber Jewellery\",\"url\":\"https:\\\/\\\/lisakroeber.com\\\/\",\"logo\":{\"@type\":\"ImageObject\",\"inLanguage\":\"de\",\"@id\":\"https:\\\/\\\/lisakroeber.com\\\/#\\\/schema\\\/logo\\\/image\\\/\",\"url\":\"https:\\\/\\\/lisakroeber.com\\\/wp-content\\\/uploads\\\/2024\\\/07\\\/47178367_317322115661289_143956003702964224_n-e1543863670541.svg\",\"contentUrl\":\"https:\\\/\\\/lisakroeber.com\\\/wp-content\\\/uploads\\\/2024\\\/07\\\/47178367_317322115661289_143956003702964224_n-e1543863670541.svg\",\"width\":1,\"height\":1,\"caption\":\"Lisa Kroeber Jewellery\"},\"image\":{\"@id\":\"https:\\\/\\\/lisakroeber.com\\\/#\\\/schema\\\/logo\\\/image\\\/\"}}]}<\/script>\n<!-- \/ Yoast SEO plugin. -->","yoast_head_json":{"title":"Ohrringe Leaves Small - Lisa Kroeber Jewellery Art","robots":{"index":"index","follow":"follow","max-snippet":"max-snippet:-1","max-image-preview":"max-image-preview:large","max-video-preview":"max-video-preview:-1"},"canonical":"https:\/\/lisakroeber.com\/de\/produkt\/ohrschmuck-leaves-small\/","og_locale":"de_DE","og_type":"article","og_title":"Ohrringe Leaves Small - Lisa Kroeber Jewellery Art","og_description":"Leaves Small Ohrringe Organisch. Zur\u00fcckhaltend. Zeitlos. Leaves Ohrringe zeichnen sich durch ihre organische Form aus, die zugleich dezent und ausdrucksstark ist. Erh\u00e4ltlich in einer gro\u00dfen Farbvielfalt, verleihen sie jedem Outfit einen nat\u00fcrlichen und m\u00fchelosen Akzent.  Vielseitig und angenehm zu tragen, passen die Leaves Small zu jedem Anlass \u2014 ob Party, Treffen mit der besten Freundin, ein hektischer Arbeitstag oder das erste Date. Diese Form war eines meiner allerersten Designs und findet sich deshalb auch in unserem Logo wieder \u2014 ein echtes Signature-St\u00fcck.  Folgen Sie dem Link, um die Sparkling Leaves Ohrringe zu entdecken.","og_url":"https:\/\/lisakroeber.com\/de\/produkt\/ohrschmuck-leaves-small\/","og_site_name":"Lisa Kroeber Jewellery Art","article_modified_time":"2026-04-16T19:51:52+00:00","og_image":[{"width":2419,"height":2560,"url":"https:\/\/lisakroeber.com\/wp-content\/uploads\/2019\/03\/Leaves-Small-traffic-yellow-web-1-scaled.jpg","type":"image\/jpeg"}],"twitter_card":"summary_large_image","twitter_misc":{"Gesch\u00e4tzte Lesezeit":"1\u00a0Minute"},"schema":{"@context":"https:\/\/schema.org","@graph":[{"@type":"WebPage","@id":"https:\/\/lisakroeber.com\/de\/produkt\/ohrschmuck-leaves-small\/","url":"https:\/\/lisakroeber.com\/de\/produkt\/ohrschmuck-leaves-small\/","name":"Ohrringe Leaves Small - Lisa Kroeber Jewellery Art","isPartOf":{"@id":"https:\/\/lisakroeber.com\/#website"},"primaryImageOfPage":{"@id":"https:\/\/lisakroeber.com\/de\/produkt\/ohrschmuck-leaves-small\/#primaryimage"},"image":{"@id":"https:\/\/lisakroeber.com\/de\/produkt\/ohrschmuck-leaves-small\/#primaryimage"},"thumbnailUrl":"https:\/\/lisakroeber.com\/wp-content\/uploads\/2019\/03\/Leaves-Small-traffic-yellow-web-1-scaled.jpg","datePublished":"2019-03-07T11:52:03+00:00","dateModified":"2026-04-16T19:51:52+00:00","breadcrumb":{"@id":"https:\/\/lisakroeber.com\/de\/produkt\/ohrschmuck-leaves-small\/#breadcrumb"},"inLanguage":"de","potentialAction":[{"@type":"ReadAction","target":["https:\/\/lisakroeber.com\/de\/produkt\/ohrschmuck-leaves-small\/"]}]},{"@type":"ImageObject","inLanguage":"de","@id":"https:\/\/lisakroeber.com\/de\/produkt\/ohrschmuck-leaves-small\/#primaryimage","url":"https:\/\/lisakroeber.com\/wp-content\/uploads\/2019\/03\/Leaves-Small-traffic-yellow-web-1-scaled.jpg","contentUrl":"https:\/\/lisakroeber.com\/wp-content\/uploads\/2019\/03\/Leaves-Small-traffic-yellow-web-1-scaled.jpg","width":2419,"height":2560},{"@type":"BreadcrumbList","@id":"https:\/\/lisakroeber.com\/de\/produkt\/ohrschmuck-leaves-small\/#breadcrumb","itemListElement":[{"@type":"ListItem","position":1,"name":"Home","item":"https:\/\/lisakroeber.com\/de\/"},{"@type":"ListItem","position":2,"name":"Gesch\u00e4ft","item":"https:\/\/lisakroeber.com\/de\/geschaeft\/"},{"@type":"ListItem","position":3,"name":"Ohrringe Leaves Small"}]},{"@type":"WebSite","@id":"https:\/\/lisakroeber.com\/#website","url":"https:\/\/lisakroeber.com\/","name":"Lisa Kroeber Jewellery Art","description":"Lisa Kroeber Jewellery Art e-shop","publisher":{"@id":"https:\/\/lisakroeber.com\/#organization"},"potentialAction":[{"@type":"SearchAction","target":{"@type":"EntryPoint","urlTemplate":"https:\/\/lisakroeber.com\/?s={search_term_string}"},"query-input":{"@type":"PropertyValueSpecification","valueRequired":true,"valueName":"search_term_string"}}],"inLanguage":"de"},{"@type":"Organization","@id":"https:\/\/lisakroeber.com\/#organization","name":"Lisa Kroeber Jewellery","url":"https:\/\/lisakroeber.com\/","logo":{"@type":"ImageObject","inLanguage":"de","@id":"https:\/\/lisakroeber.com\/#\/schema\/logo\/image\/","url":"https:\/\/lisakroeber.com\/wp-content\/uploads\/2024\/07\/47178367_317322115661289_143956003702964224_n-e1543863670541.svg","contentUrl":"https:\/\/lisakroeber.com\/wp-content\/uploads\/2024\/07\/47178367_317322115661289_143956003702964224_n-e1543863670541.svg","width":1,"height":1,"caption":"Lisa Kroeber Jewellery"},"image":{"@id":"https:\/\/lisakroeber.com\/#\/schema\/logo\/image\/"}}]}},"_links":{"self":[{"href":"https:\/\/lisakroeber.com\/de\/wp-json\/wp\/v2\/product\/24637","targetHints":{"allow":["GET"]}}],"collection":[{"href":"https:\/\/lisakroeber.com\/de\/wp-json\/wp\/v2\/product"}],"about":[{"href":"https:\/\/lisakroeber.com\/de\/wp-json\/wp\/v2\/types\/product"}],"wp:featuredmedia":[{"embeddable":true,"href":"https:\/\/lisakroeber.com\/de\/wp-json\/wp\/v2\/media\/19794"}],"wp:attachment":[{"href":"https:\/\/lisakroeber.com\/de\/wp-json\/wp\/v2\/media?parent=24637"}],"wp:term":[{"taxonomy":"product_brand","embeddable":true,"href":"https:\/\/lisakroeber.com\/de\/wp-json\/wp\/v2\/product_brand?post=24637"},{"taxonomy":"product_cat","embeddable":true,"href":"https:\/\/lisakroeber.com\/de\/wp-json\/wp\/v2\/product_cat?post=24637"},{"taxonomy":"product_tag","embeddable":true,"href":"https:\/\/lisakroeber.com\/de\/wp-json\/wp\/v2\/product_tag?post=24637"}],"curies":[{"name":"wp","href":"https:\/\/api.w.org\/{rel}","templated":true}]}}