{"id":25000,"date":"2019-03-07T14:23:59","date_gmt":"2019-03-07T12:23:59","guid":{"rendered":"https:\/\/lisakroeber.com\/uus\/product\/brustnadel-bird\/"},"modified":"2026-02-08T17:49:07","modified_gmt":"2026-02-08T15:49:07","slug":"brustnadel-bird","status":"publish","type":"product","link":"https:\/\/lisakroeber.com\/de\/produkt\/brustnadel-bird\/","title":{"rendered":"Brustnadel Bird"},"content":{"rendered":"<p><span data-sheets-value=\"{&quot;1&quot;:2,&quot;2&quot;:&quot;Die BIRD Pins sind handgeformt und in 925 Silber gegossene kleine Broschen. Auch als Ohrringe erh\u00e4ltlich. Uns auf Bestellung auch sogar als Kettenanh\u00e4nger.&quot;}\" data-sheets-userformat=\"{&quot;2&quot;:577,&quot;3&quot;:{&quot;1&quot;:0},&quot;9&quot;:1,&quot;12&quot;:0}\">Die BIRD Pins sind handgeformt und in 925 Silber gegossene kleine Broschen. Auch als Ohrringe erh\u00e4ltlich. Uns auf Bestellung auch sogar als Kettenanh\u00e4nger.<\/span><\/p>\n","protected":false},"excerpt":{"rendered":"<p><b>Bird Brustnadel<\/b><b><br \/>\n<\/b><span style=\"font-weight: 400;\"> Frei. Symbolisch. Ausdrucksstark.<\/span><\/p>\n<p><span style=\"font-weight: 400;\"><i><span style=\"font-weight: 400;\">Die Birds<\/span><\/i><\/span><span style=\"font-weight: 400;\"> Die Birds Serie ist meine pers\u00f6nlichste und charakterst\u00e4rkste Kollektion. Urspr\u00fcnglich f\u00fcr meine Einzelausstellung \u201eIn Between\u201c entworfen, hat sie sich zu einem ausdrucksstarken Begleiter f\u00fcr alle entwickelt, die V\u00f6gel und ihren freien Geist lieben. <\/span><\/p>\n<p>Die <i><span style=\"font-weight: 400;\">Bird Broschen <\/span><\/i>werden <span style=\"font-weight: 400;\">von Hand geformt und in Sterlingsilber gegossen, wodurch jedes St\u00fcck seinen ganz eigenen Charakter erh\u00e4lt. Diese Broschen sind ein starkes Statement \u2014 voller Bewegung, Bedeutung und zeitloser Sch\u00f6nheit. <\/span><\/p>\n<p>&nbsp;<\/p>\n<p>Farbe: Light, poliertes Silber<\/p>\n<p>Kollektion: Birds<\/p>\n<p>Material: Sterling Silber<\/p>\n<p>Gr\u00f6\u00dfe: 1,5 \u00d7 1,1 cm<br \/>Gewicht pro St\u00fcck: 3,5 g <\/p>\n<p>Alle Produkte werden innerhalb von 1-5 Tagen versendet.<\/p>\n<p>Alle Artikel werden in einer Geschenkbox verschickt.<\/p>\n","protected":false},"featured_media":19697,"template":"","meta":{"content-type":""},"product_brand":[],"product_cat":[453,339,341],"product_tag":[],"class_list":{"0":"post-25000","1":"product","2":"type-product","3":"status-publish","4":"has-post-thumbnail","6":"product_cat-birds-de","7":"product_cat-broschen","8":"product_cat-kollektionen","10":"first","11":"instock","12":"taxable","13":"shipping-taxable","14":"purchasable","15":"product-type-simple"},"yoast_head":"<!-- This site is optimized with the Yoast SEO plugin v27.3 - https:\/\/yoast.com\/product\/yoast-seo-wordpress\/ -->\n<title>Brustnadel Bird - Lisa Kroeber Jewellery Art<\/title>\n<meta name=\"robots\" content=\"index, follow, max-snippet:-1, max-image-preview:large, max-video-preview:-1\" \/>\n<link rel=\"canonical\" href=\"https:\/\/lisakroeber.com\/de\/produkt\/brustnadel-bird\/\" \/>\n<meta property=\"og:locale\" content=\"de_DE\" \/>\n<meta property=\"og:type\" content=\"article\" \/>\n<meta property=\"og:title\" content=\"Brustnadel Bird - Lisa Kroeber Jewellery Art\" \/>\n<meta property=\"og:description\" content=\"Bird Brustnadel Frei. Symbolisch. Ausdrucksstark. Die Birds Die Birds Serie ist meine pers\u00f6nlichste und charakterst\u00e4rkste Kollektion. Urspr\u00fcnglich f\u00fcr meine Einzelausstellung \u201eIn Between\u201c entworfen, hat sie sich zu einem ausdrucksstarken Begleiter f\u00fcr alle entwickelt, die V\u00f6gel und ihren freien Geist lieben.  Die Bird Broschen werden von Hand geformt und in Sterlingsilber gegossen, wodurch jedes St\u00fcck seinen ganz eigenen Charakter erh\u00e4lt. Diese Broschen sind ein starkes Statement \u2014 voller Bewegung, Bedeutung und zeitloser Sch\u00f6nheit.  &nbsp; Farbe: Light, poliertes Silber Kollektion: Birds Material: Sterling Silber Gr\u00f6\u00dfe: 1,5 \u00d7 1,1 cmGewicht pro St\u00fcck: 3,5 g  Alle Produkte werden innerhalb von 1-5 Tagen versendet. Alle Artikel werden in einer Geschenkbox verschickt.\" \/>\n<meta property=\"og:url\" content=\"https:\/\/lisakroeber.com\/de\/produkt\/brustnadel-bird\/\" \/>\n<meta property=\"og:site_name\" content=\"Lisa Kroeber Jewellery Art\" \/>\n<meta property=\"article:modified_time\" content=\"2026-02-08T15:49:07+00:00\" \/>\n<meta property=\"og:image\" content=\"https:\/\/lisakroeber.com\/wp-content\/uploads\/2019\/03\/Birds-web-pin-scaled.jpg\" \/>\n\t<meta property=\"og:image:width\" content=\"1707\" \/>\n\t<meta property=\"og:image:height\" content=\"2560\" \/>\n\t<meta property=\"og:image:type\" content=\"image\/jpeg\" \/>\n<meta name=\"twitter:card\" content=\"summary_large_image\" \/>\n<meta name=\"twitter:label1\" content=\"Gesch\u00e4tzte Lesezeit\" \/>\n\t<meta name=\"twitter:data1\" content=\"1\u00a0Minute\" \/>\n<script type=\"application\/ld+json\" class=\"yoast-schema-graph\">{\"@context\":\"https:\\\/\\\/schema.org\",\"@graph\":[{\"@type\":\"WebPage\",\"@id\":\"https:\\\/\\\/lisakroeber.com\\\/de\\\/produkt\\\/brustnadel-bird\\\/\",\"url\":\"https:\\\/\\\/lisakroeber.com\\\/de\\\/produkt\\\/brustnadel-bird\\\/\",\"name\":\"Brustnadel Bird - Lisa Kroeber Jewellery Art\",\"isPartOf\":{\"@id\":\"https:\\\/\\\/lisakroeber.com\\\/#website\"},\"primaryImageOfPage\":{\"@id\":\"https:\\\/\\\/lisakroeber.com\\\/de\\\/produkt\\\/brustnadel-bird\\\/#primaryimage\"},\"image\":{\"@id\":\"https:\\\/\\\/lisakroeber.com\\\/de\\\/produkt\\\/brustnadel-bird\\\/#primaryimage\"},\"thumbnailUrl\":\"https:\\\/\\\/lisakroeber.com\\\/wp-content\\\/uploads\\\/2019\\\/03\\\/Birds-web-pin-scaled.jpg\",\"datePublished\":\"2019-03-07T12:23:59+00:00\",\"dateModified\":\"2026-02-08T15:49:07+00:00\",\"breadcrumb\":{\"@id\":\"https:\\\/\\\/lisakroeber.com\\\/de\\\/produkt\\\/brustnadel-bird\\\/#breadcrumb\"},\"inLanguage\":\"de\",\"potentialAction\":[{\"@type\":\"ReadAction\",\"target\":[\"https:\\\/\\\/lisakroeber.com\\\/de\\\/produkt\\\/brustnadel-bird\\\/\"]}]},{\"@type\":\"ImageObject\",\"inLanguage\":\"de\",\"@id\":\"https:\\\/\\\/lisakroeber.com\\\/de\\\/produkt\\\/brustnadel-bird\\\/#primaryimage\",\"url\":\"https:\\\/\\\/lisakroeber.com\\\/wp-content\\\/uploads\\\/2019\\\/03\\\/Birds-web-pin-scaled.jpg\",\"contentUrl\":\"https:\\\/\\\/lisakroeber.com\\\/wp-content\\\/uploads\\\/2019\\\/03\\\/Birds-web-pin-scaled.jpg\",\"width\":1707,\"height\":2560},{\"@type\":\"BreadcrumbList\",\"@id\":\"https:\\\/\\\/lisakroeber.com\\\/de\\\/produkt\\\/brustnadel-bird\\\/#breadcrumb\",\"itemListElement\":[{\"@type\":\"ListItem\",\"position\":1,\"name\":\"Home\",\"item\":\"https:\\\/\\\/lisakroeber.com\\\/de\\\/\"},{\"@type\":\"ListItem\",\"position\":2,\"name\":\"Gesch\u00e4ft\",\"item\":\"https:\\\/\\\/lisakroeber.com\\\/de\\\/geschaeft\\\/\"},{\"@type\":\"ListItem\",\"position\":3,\"name\":\"Brustnadel Bird\"}]},{\"@type\":\"WebSite\",\"@id\":\"https:\\\/\\\/lisakroeber.com\\\/#website\",\"url\":\"https:\\\/\\\/lisakroeber.com\\\/\",\"name\":\"Lisa Kroeber Jewellery Art\",\"description\":\"Lisa Kroeber Jewellery Art e-shop\",\"publisher\":{\"@id\":\"https:\\\/\\\/lisakroeber.com\\\/#organization\"},\"potentialAction\":[{\"@type\":\"SearchAction\",\"target\":{\"@type\":\"EntryPoint\",\"urlTemplate\":\"https:\\\/\\\/lisakroeber.com\\\/?s={search_term_string}\"},\"query-input\":{\"@type\":\"PropertyValueSpecification\",\"valueRequired\":true,\"valueName\":\"search_term_string\"}}],\"inLanguage\":\"de\"},{\"@type\":\"Organization\",\"@id\":\"https:\\\/\\\/lisakroeber.com\\\/#organization\",\"name\":\"Lisa Kroeber Jewellery\",\"url\":\"https:\\\/\\\/lisakroeber.com\\\/\",\"logo\":{\"@type\":\"ImageObject\",\"inLanguage\":\"de\",\"@id\":\"https:\\\/\\\/lisakroeber.com\\\/#\\\/schema\\\/logo\\\/image\\\/\",\"url\":\"https:\\\/\\\/lisakroeber.com\\\/wp-content\\\/uploads\\\/2024\\\/07\\\/47178367_317322115661289_143956003702964224_n-e1543863670541.svg\",\"contentUrl\":\"https:\\\/\\\/lisakroeber.com\\\/wp-content\\\/uploads\\\/2024\\\/07\\\/47178367_317322115661289_143956003702964224_n-e1543863670541.svg\",\"width\":1,\"height\":1,\"caption\":\"Lisa Kroeber Jewellery\"},\"image\":{\"@id\":\"https:\\\/\\\/lisakroeber.com\\\/#\\\/schema\\\/logo\\\/image\\\/\"}}]}<\/script>\n<!-- \/ Yoast SEO plugin. -->","yoast_head_json":{"title":"Brustnadel Bird - Lisa Kroeber Jewellery Art","robots":{"index":"index","follow":"follow","max-snippet":"max-snippet:-1","max-image-preview":"max-image-preview:large","max-video-preview":"max-video-preview:-1"},"canonical":"https:\/\/lisakroeber.com\/de\/produkt\/brustnadel-bird\/","og_locale":"de_DE","og_type":"article","og_title":"Brustnadel Bird - Lisa Kroeber Jewellery Art","og_description":"Bird Brustnadel Frei. Symbolisch. Ausdrucksstark. Die Birds Die Birds Serie ist meine pers\u00f6nlichste und charakterst\u00e4rkste Kollektion. Urspr\u00fcnglich f\u00fcr meine Einzelausstellung \u201eIn Between\u201c entworfen, hat sie sich zu einem ausdrucksstarken Begleiter f\u00fcr alle entwickelt, die V\u00f6gel und ihren freien Geist lieben.  Die Bird Broschen werden von Hand geformt und in Sterlingsilber gegossen, wodurch jedes St\u00fcck seinen ganz eigenen Charakter erh\u00e4lt. Diese Broschen sind ein starkes Statement \u2014 voller Bewegung, Bedeutung und zeitloser Sch\u00f6nheit.  &nbsp; Farbe: Light, poliertes Silber Kollektion: Birds Material: Sterling Silber Gr\u00f6\u00dfe: 1,5 \u00d7 1,1 cmGewicht pro St\u00fcck: 3,5 g  Alle Produkte werden innerhalb von 1-5 Tagen versendet. Alle Artikel werden in einer Geschenkbox verschickt.","og_url":"https:\/\/lisakroeber.com\/de\/produkt\/brustnadel-bird\/","og_site_name":"Lisa Kroeber Jewellery Art","article_modified_time":"2026-02-08T15:49:07+00:00","og_image":[{"width":1707,"height":2560,"url":"https:\/\/lisakroeber.com\/wp-content\/uploads\/2019\/03\/Birds-web-pin-scaled.jpg","type":"image\/jpeg"}],"twitter_card":"summary_large_image","twitter_misc":{"Gesch\u00e4tzte Lesezeit":"1\u00a0Minute"},"schema":{"@context":"https:\/\/schema.org","@graph":[{"@type":"WebPage","@id":"https:\/\/lisakroeber.com\/de\/produkt\/brustnadel-bird\/","url":"https:\/\/lisakroeber.com\/de\/produkt\/brustnadel-bird\/","name":"Brustnadel Bird - Lisa Kroeber Jewellery Art","isPartOf":{"@id":"https:\/\/lisakroeber.com\/#website"},"primaryImageOfPage":{"@id":"https:\/\/lisakroeber.com\/de\/produkt\/brustnadel-bird\/#primaryimage"},"image":{"@id":"https:\/\/lisakroeber.com\/de\/produkt\/brustnadel-bird\/#primaryimage"},"thumbnailUrl":"https:\/\/lisakroeber.com\/wp-content\/uploads\/2019\/03\/Birds-web-pin-scaled.jpg","datePublished":"2019-03-07T12:23:59+00:00","dateModified":"2026-02-08T15:49:07+00:00","breadcrumb":{"@id":"https:\/\/lisakroeber.com\/de\/produkt\/brustnadel-bird\/#breadcrumb"},"inLanguage":"de","potentialAction":[{"@type":"ReadAction","target":["https:\/\/lisakroeber.com\/de\/produkt\/brustnadel-bird\/"]}]},{"@type":"ImageObject","inLanguage":"de","@id":"https:\/\/lisakroeber.com\/de\/produkt\/brustnadel-bird\/#primaryimage","url":"https:\/\/lisakroeber.com\/wp-content\/uploads\/2019\/03\/Birds-web-pin-scaled.jpg","contentUrl":"https:\/\/lisakroeber.com\/wp-content\/uploads\/2019\/03\/Birds-web-pin-scaled.jpg","width":1707,"height":2560},{"@type":"BreadcrumbList","@id":"https:\/\/lisakroeber.com\/de\/produkt\/brustnadel-bird\/#breadcrumb","itemListElement":[{"@type":"ListItem","position":1,"name":"Home","item":"https:\/\/lisakroeber.com\/de\/"},{"@type":"ListItem","position":2,"name":"Gesch\u00e4ft","item":"https:\/\/lisakroeber.com\/de\/geschaeft\/"},{"@type":"ListItem","position":3,"name":"Brustnadel Bird"}]},{"@type":"WebSite","@id":"https:\/\/lisakroeber.com\/#website","url":"https:\/\/lisakroeber.com\/","name":"Lisa Kroeber Jewellery Art","description":"Lisa Kroeber Jewellery Art e-shop","publisher":{"@id":"https:\/\/lisakroeber.com\/#organization"},"potentialAction":[{"@type":"SearchAction","target":{"@type":"EntryPoint","urlTemplate":"https:\/\/lisakroeber.com\/?s={search_term_string}"},"query-input":{"@type":"PropertyValueSpecification","valueRequired":true,"valueName":"search_term_string"}}],"inLanguage":"de"},{"@type":"Organization","@id":"https:\/\/lisakroeber.com\/#organization","name":"Lisa Kroeber Jewellery","url":"https:\/\/lisakroeber.com\/","logo":{"@type":"ImageObject","inLanguage":"de","@id":"https:\/\/lisakroeber.com\/#\/schema\/logo\/image\/","url":"https:\/\/lisakroeber.com\/wp-content\/uploads\/2024\/07\/47178367_317322115661289_143956003702964224_n-e1543863670541.svg","contentUrl":"https:\/\/lisakroeber.com\/wp-content\/uploads\/2024\/07\/47178367_317322115661289_143956003702964224_n-e1543863670541.svg","width":1,"height":1,"caption":"Lisa Kroeber Jewellery"},"image":{"@id":"https:\/\/lisakroeber.com\/#\/schema\/logo\/image\/"}}]}},"_links":{"self":[{"href":"https:\/\/lisakroeber.com\/de\/wp-json\/wp\/v2\/product\/25000","targetHints":{"allow":["GET"]}}],"collection":[{"href":"https:\/\/lisakroeber.com\/de\/wp-json\/wp\/v2\/product"}],"about":[{"href":"https:\/\/lisakroeber.com\/de\/wp-json\/wp\/v2\/types\/product"}],"wp:featuredmedia":[{"embeddable":true,"href":"https:\/\/lisakroeber.com\/de\/wp-json\/wp\/v2\/media\/19697"}],"wp:attachment":[{"href":"https:\/\/lisakroeber.com\/de\/wp-json\/wp\/v2\/media?parent=25000"}],"wp:term":[{"taxonomy":"product_brand","embeddable":true,"href":"https:\/\/lisakroeber.com\/de\/wp-json\/wp\/v2\/product_brand?post=25000"},{"taxonomy":"product_cat","embeddable":true,"href":"https:\/\/lisakroeber.com\/de\/wp-json\/wp\/v2\/product_cat?post=25000"},{"taxonomy":"product_tag","embeddable":true,"href":"https:\/\/lisakroeber.com\/de\/wp-json\/wp\/v2\/product_tag?post=25000"}],"curies":[{"name":"wp","href":"https:\/\/api.w.org\/{rel}","templated":true}]}}