{"id":25030,"date":"2021-03-01T13:43:33","date_gmt":"2021-03-01T11:43:33","guid":{"rendered":"https:\/\/lisakroeber.com\/uus\/product\/manschettenknoepfe-mini-2\/"},"modified":"2026-02-08T21:06:07","modified_gmt":"2026-02-08T19:06:07","slug":"manschettenknoepfe-mini-2","status":"publish","type":"product","link":"https:\/\/lisakroeber.com\/de\/produkt\/manschettenknoepfe-mini-2\/","title":{"rendered":"Manschettenkn\u00f6pfe Mini"},"content":{"rendered":"","protected":false},"excerpt":{"rendered":"<p><b>Mini Manschettenkn\u00f6pfe<\/b><b><br \/>\n<\/b><span style=\"font-weight: 400;\"> Klein. Verspielt. Perfekt abgestimmt.  <\/span><\/p>\n<p>Als Gegenst\u00fcck zu unseren Mini Ohrringen und Halsketten haben wir die <span style=\"font-weight: 400;\"><i><span style=\"font-weight: 400;\"><span style=\"font-weight: 400;\"><span style=\"font-weight: 400;\">Mini Manschettenkn\u00f6pfe<\/span><\/span><\/span><\/i><\/span><span style=\"font-weight: 400;\"> f\u00fcr Damen und Herren entworfen. Klein in der Gr\u00f6\u00dfe, aber voller Charakter, setzen sie einen dezenten Farbakzent und verleihen jedem Outfit Stil. <\/span><\/p>\n<p>Erh\u00e4ltlich in derselben Farbpalette wie unsere <span style=\"font-weight: 400;\"><i><span style=\"font-weight: 400;\">Mini <\/span><\/i><\/span><span style=\"font-weight: 400;\"> Schmuckst\u00fccke, eignen sich die Manschettenkn\u00f6pfe perfekt f\u00fcr ein abgestimmtes Partner-Set oder zur Betonung des eigenen Looks. Ein feines Detail mit klarer Wirkung. <\/span><\/p>\n<p>&nbsp;<\/p>\n","protected":false},"featured_media":18239,"template":"","meta":{"content-type":""},"product_brand":[],"product_cat":[345,341,461],"product_tag":[],"class_list":{"0":"post-25030","1":"product","2":"type-product","3":"status-publish","4":"has-post-thumbnail","6":"product_cat-fuer-maenner","7":"product_cat-kollektionen","8":"product_cat-mini-de","10":"first","11":"instock","12":"taxable","13":"shipping-taxable","14":"purchasable","15":"product-type-variable"},"yoast_head":"<!-- This site is optimized with the Yoast SEO plugin v27.4 - https:\/\/yoast.com\/product\/yoast-seo-wordpress\/ -->\n<title>Manschettenkn\u00f6pfe Mini - Lisa Kroeber Jewellery Art<\/title>\n<meta name=\"robots\" content=\"index, follow, max-snippet:-1, max-image-preview:large, max-video-preview:-1\" \/>\n<link rel=\"canonical\" href=\"https:\/\/lisakroeber.com\/de\/produkt\/manschettenknoepfe-mini-2\/\" \/>\n<meta property=\"og:locale\" content=\"de_DE\" \/>\n<meta property=\"og:type\" content=\"article\" \/>\n<meta property=\"og:title\" content=\"Manschettenkn\u00f6pfe Mini - Lisa Kroeber Jewellery Art\" \/>\n<meta property=\"og:description\" content=\"Mini Manschettenkn\u00f6pfe Klein. Verspielt. Perfekt abgestimmt.  Als Gegenst\u00fcck zu unseren Mini Ohrringen und Halsketten haben wir die Mini Manschettenkn\u00f6pfe f\u00fcr Damen und Herren entworfen. Klein in der Gr\u00f6\u00dfe, aber voller Charakter, setzen sie einen dezenten Farbakzent und verleihen jedem Outfit Stil.  Erh\u00e4ltlich in derselben Farbpalette wie unsere Mini Schmuckst\u00fccke, eignen sich die Manschettenkn\u00f6pfe perfekt f\u00fcr ein abgestimmtes Partner-Set oder zur Betonung des eigenen Looks. Ein feines Detail mit klarer Wirkung.  &nbsp;\" \/>\n<meta property=\"og:url\" content=\"https:\/\/lisakroeber.com\/de\/produkt\/manschettenknoepfe-mini-2\/\" \/>\n<meta property=\"og:site_name\" content=\"Lisa Kroeber Jewellery Art\" \/>\n<meta property=\"article:modified_time\" content=\"2026-02-08T19:06:07+00:00\" \/>\n<meta property=\"og:image\" content=\"https:\/\/lisakroeber.com\/wp-content\/uploads\/2021\/03\/mini-cufflinks-signal-white-scaled.jpg\" \/>\n\t<meta property=\"og:image:width\" content=\"2560\" \/>\n\t<meta property=\"og:image:height\" content=\"2560\" \/>\n\t<meta property=\"og:image:type\" content=\"image\/jpeg\" \/>\n<meta name=\"twitter:card\" content=\"summary_large_image\" \/>\n<meta name=\"twitter:label1\" content=\"Gesch\u00e4tzte Lesezeit\" \/>\n\t<meta name=\"twitter:data1\" content=\"1\u00a0Minute\" \/>\n<script type=\"application\/ld+json\" class=\"yoast-schema-graph\">{\"@context\":\"https:\\\/\\\/schema.org\",\"@graph\":[{\"@type\":\"WebPage\",\"@id\":\"https:\\\/\\\/lisakroeber.com\\\/de\\\/produkt\\\/manschettenknoepfe-mini-2\\\/\",\"url\":\"https:\\\/\\\/lisakroeber.com\\\/de\\\/produkt\\\/manschettenknoepfe-mini-2\\\/\",\"name\":\"Manschettenkn\u00f6pfe Mini - Lisa Kroeber Jewellery Art\",\"isPartOf\":{\"@id\":\"https:\\\/\\\/lisakroeber.com\\\/#website\"},\"primaryImageOfPage\":{\"@id\":\"https:\\\/\\\/lisakroeber.com\\\/de\\\/produkt\\\/manschettenknoepfe-mini-2\\\/#primaryimage\"},\"image\":{\"@id\":\"https:\\\/\\\/lisakroeber.com\\\/de\\\/produkt\\\/manschettenknoepfe-mini-2\\\/#primaryimage\"},\"thumbnailUrl\":\"https:\\\/\\\/lisakroeber.com\\\/wp-content\\\/uploads\\\/2021\\\/03\\\/mini-cufflinks-signal-white-scaled.jpg\",\"datePublished\":\"2021-03-01T11:43:33+00:00\",\"dateModified\":\"2026-02-08T19:06:07+00:00\",\"breadcrumb\":{\"@id\":\"https:\\\/\\\/lisakroeber.com\\\/de\\\/produkt\\\/manschettenknoepfe-mini-2\\\/#breadcrumb\"},\"inLanguage\":\"de\",\"potentialAction\":[{\"@type\":\"ReadAction\",\"target\":[\"https:\\\/\\\/lisakroeber.com\\\/de\\\/produkt\\\/manschettenknoepfe-mini-2\\\/\"]}]},{\"@type\":\"ImageObject\",\"inLanguage\":\"de\",\"@id\":\"https:\\\/\\\/lisakroeber.com\\\/de\\\/produkt\\\/manschettenknoepfe-mini-2\\\/#primaryimage\",\"url\":\"https:\\\/\\\/lisakroeber.com\\\/wp-content\\\/uploads\\\/2021\\\/03\\\/mini-cufflinks-signal-white-scaled.jpg\",\"contentUrl\":\"https:\\\/\\\/lisakroeber.com\\\/wp-content\\\/uploads\\\/2021\\\/03\\\/mini-cufflinks-signal-white-scaled.jpg\",\"width\":2560,\"height\":2560},{\"@type\":\"BreadcrumbList\",\"@id\":\"https:\\\/\\\/lisakroeber.com\\\/de\\\/produkt\\\/manschettenknoepfe-mini-2\\\/#breadcrumb\",\"itemListElement\":[{\"@type\":\"ListItem\",\"position\":1,\"name\":\"Home\",\"item\":\"https:\\\/\\\/lisakroeber.com\\\/de\\\/\"},{\"@type\":\"ListItem\",\"position\":2,\"name\":\"Gesch\u00e4ft\",\"item\":\"https:\\\/\\\/lisakroeber.com\\\/de\\\/geschaeft\\\/\"},{\"@type\":\"ListItem\",\"position\":3,\"name\":\"Manschettenkn\u00f6pfe Mini\"}]},{\"@type\":\"WebSite\",\"@id\":\"https:\\\/\\\/lisakroeber.com\\\/#website\",\"url\":\"https:\\\/\\\/lisakroeber.com\\\/\",\"name\":\"Lisa Kroeber Jewellery Art\",\"description\":\"Lisa Kroeber Jewellery Art e-shop\",\"publisher\":{\"@id\":\"https:\\\/\\\/lisakroeber.com\\\/#organization\"},\"potentialAction\":[{\"@type\":\"SearchAction\",\"target\":{\"@type\":\"EntryPoint\",\"urlTemplate\":\"https:\\\/\\\/lisakroeber.com\\\/?s={search_term_string}\"},\"query-input\":{\"@type\":\"PropertyValueSpecification\",\"valueRequired\":true,\"valueName\":\"search_term_string\"}}],\"inLanguage\":\"de\"},{\"@type\":\"Organization\",\"@id\":\"https:\\\/\\\/lisakroeber.com\\\/#organization\",\"name\":\"Lisa Kroeber Jewellery\",\"url\":\"https:\\\/\\\/lisakroeber.com\\\/\",\"logo\":{\"@type\":\"ImageObject\",\"inLanguage\":\"de\",\"@id\":\"https:\\\/\\\/lisakroeber.com\\\/#\\\/schema\\\/logo\\\/image\\\/\",\"url\":\"https:\\\/\\\/lisakroeber.com\\\/wp-content\\\/uploads\\\/2024\\\/07\\\/47178367_317322115661289_143956003702964224_n-e1543863670541.svg\",\"contentUrl\":\"https:\\\/\\\/lisakroeber.com\\\/wp-content\\\/uploads\\\/2024\\\/07\\\/47178367_317322115661289_143956003702964224_n-e1543863670541.svg\",\"width\":1,\"height\":1,\"caption\":\"Lisa Kroeber Jewellery\"},\"image\":{\"@id\":\"https:\\\/\\\/lisakroeber.com\\\/#\\\/schema\\\/logo\\\/image\\\/\"}}]}<\/script>\n<!-- \/ Yoast SEO plugin. -->","yoast_head_json":{"title":"Manschettenkn\u00f6pfe Mini - Lisa Kroeber Jewellery Art","robots":{"index":"index","follow":"follow","max-snippet":"max-snippet:-1","max-image-preview":"max-image-preview:large","max-video-preview":"max-video-preview:-1"},"canonical":"https:\/\/lisakroeber.com\/de\/produkt\/manschettenknoepfe-mini-2\/","og_locale":"de_DE","og_type":"article","og_title":"Manschettenkn\u00f6pfe Mini - Lisa Kroeber Jewellery Art","og_description":"Mini Manschettenkn\u00f6pfe Klein. Verspielt. Perfekt abgestimmt.  Als Gegenst\u00fcck zu unseren Mini Ohrringen und Halsketten haben wir die Mini Manschettenkn\u00f6pfe f\u00fcr Damen und Herren entworfen. Klein in der Gr\u00f6\u00dfe, aber voller Charakter, setzen sie einen dezenten Farbakzent und verleihen jedem Outfit Stil.  Erh\u00e4ltlich in derselben Farbpalette wie unsere Mini Schmuckst\u00fccke, eignen sich die Manschettenkn\u00f6pfe perfekt f\u00fcr ein abgestimmtes Partner-Set oder zur Betonung des eigenen Looks. Ein feines Detail mit klarer Wirkung.  &nbsp;","og_url":"https:\/\/lisakroeber.com\/de\/produkt\/manschettenknoepfe-mini-2\/","og_site_name":"Lisa Kroeber Jewellery Art","article_modified_time":"2026-02-08T19:06:07+00:00","og_image":[{"width":2560,"height":2560,"url":"https:\/\/lisakroeber.com\/wp-content\/uploads\/2021\/03\/mini-cufflinks-signal-white-scaled.jpg","type":"image\/jpeg"}],"twitter_card":"summary_large_image","twitter_misc":{"Gesch\u00e4tzte Lesezeit":"1\u00a0Minute"},"schema":{"@context":"https:\/\/schema.org","@graph":[{"@type":"WebPage","@id":"https:\/\/lisakroeber.com\/de\/produkt\/manschettenknoepfe-mini-2\/","url":"https:\/\/lisakroeber.com\/de\/produkt\/manschettenknoepfe-mini-2\/","name":"Manschettenkn\u00f6pfe Mini - Lisa Kroeber Jewellery Art","isPartOf":{"@id":"https:\/\/lisakroeber.com\/#website"},"primaryImageOfPage":{"@id":"https:\/\/lisakroeber.com\/de\/produkt\/manschettenknoepfe-mini-2\/#primaryimage"},"image":{"@id":"https:\/\/lisakroeber.com\/de\/produkt\/manschettenknoepfe-mini-2\/#primaryimage"},"thumbnailUrl":"https:\/\/lisakroeber.com\/wp-content\/uploads\/2021\/03\/mini-cufflinks-signal-white-scaled.jpg","datePublished":"2021-03-01T11:43:33+00:00","dateModified":"2026-02-08T19:06:07+00:00","breadcrumb":{"@id":"https:\/\/lisakroeber.com\/de\/produkt\/manschettenknoepfe-mini-2\/#breadcrumb"},"inLanguage":"de","potentialAction":[{"@type":"ReadAction","target":["https:\/\/lisakroeber.com\/de\/produkt\/manschettenknoepfe-mini-2\/"]}]},{"@type":"ImageObject","inLanguage":"de","@id":"https:\/\/lisakroeber.com\/de\/produkt\/manschettenknoepfe-mini-2\/#primaryimage","url":"https:\/\/lisakroeber.com\/wp-content\/uploads\/2021\/03\/mini-cufflinks-signal-white-scaled.jpg","contentUrl":"https:\/\/lisakroeber.com\/wp-content\/uploads\/2021\/03\/mini-cufflinks-signal-white-scaled.jpg","width":2560,"height":2560},{"@type":"BreadcrumbList","@id":"https:\/\/lisakroeber.com\/de\/produkt\/manschettenknoepfe-mini-2\/#breadcrumb","itemListElement":[{"@type":"ListItem","position":1,"name":"Home","item":"https:\/\/lisakroeber.com\/de\/"},{"@type":"ListItem","position":2,"name":"Gesch\u00e4ft","item":"https:\/\/lisakroeber.com\/de\/geschaeft\/"},{"@type":"ListItem","position":3,"name":"Manschettenkn\u00f6pfe Mini"}]},{"@type":"WebSite","@id":"https:\/\/lisakroeber.com\/#website","url":"https:\/\/lisakroeber.com\/","name":"Lisa Kroeber Jewellery Art","description":"Lisa Kroeber Jewellery Art e-shop","publisher":{"@id":"https:\/\/lisakroeber.com\/#organization"},"potentialAction":[{"@type":"SearchAction","target":{"@type":"EntryPoint","urlTemplate":"https:\/\/lisakroeber.com\/?s={search_term_string}"},"query-input":{"@type":"PropertyValueSpecification","valueRequired":true,"valueName":"search_term_string"}}],"inLanguage":"de"},{"@type":"Organization","@id":"https:\/\/lisakroeber.com\/#organization","name":"Lisa Kroeber Jewellery","url":"https:\/\/lisakroeber.com\/","logo":{"@type":"ImageObject","inLanguage":"de","@id":"https:\/\/lisakroeber.com\/#\/schema\/logo\/image\/","url":"https:\/\/lisakroeber.com\/wp-content\/uploads\/2024\/07\/47178367_317322115661289_143956003702964224_n-e1543863670541.svg","contentUrl":"https:\/\/lisakroeber.com\/wp-content\/uploads\/2024\/07\/47178367_317322115661289_143956003702964224_n-e1543863670541.svg","width":1,"height":1,"caption":"Lisa Kroeber Jewellery"},"image":{"@id":"https:\/\/lisakroeber.com\/#\/schema\/logo\/image\/"}}]}},"_links":{"self":[{"href":"https:\/\/lisakroeber.com\/de\/wp-json\/wp\/v2\/product\/25030","targetHints":{"allow":["GET"]}}],"collection":[{"href":"https:\/\/lisakroeber.com\/de\/wp-json\/wp\/v2\/product"}],"about":[{"href":"https:\/\/lisakroeber.com\/de\/wp-json\/wp\/v2\/types\/product"}],"wp:featuredmedia":[{"embeddable":true,"href":"https:\/\/lisakroeber.com\/de\/wp-json\/wp\/v2\/media\/18239"}],"wp:attachment":[{"href":"https:\/\/lisakroeber.com\/de\/wp-json\/wp\/v2\/media?parent=25030"}],"wp:term":[{"taxonomy":"product_brand","embeddable":true,"href":"https:\/\/lisakroeber.com\/de\/wp-json\/wp\/v2\/product_brand?post=25030"},{"taxonomy":"product_cat","embeddable":true,"href":"https:\/\/lisakroeber.com\/de\/wp-json\/wp\/v2\/product_cat?post=25030"},{"taxonomy":"product_tag","embeddable":true,"href":"https:\/\/lisakroeber.com\/de\/wp-json\/wp\/v2\/product_tag?post=25030"}],"curies":[{"name":"wp","href":"https:\/\/api.w.org\/{rel}","templated":true}]}}