{"id":25060,"date":"2019-03-19T12:03:59","date_gmt":"2019-03-19T10:03:59","guid":{"rendered":"https:\/\/lisakroeber.com\/uus\/product\/menellery-manschettenknoepfe-silver\/"},"modified":"2026-02-08T17:34:35","modified_gmt":"2026-02-08T15:34:35","slug":"forma-manschettenknoepfe","status":"publish","type":"product","link":"https:\/\/lisakroeber.com\/de\/produkt\/forma-manschettenknoepfe\/","title":{"rendered":"Forma Manschettenkn\u00f6pfe"},"content":{"rendered":"","protected":false},"excerpt":{"rendered":"<p><strong>Forma Manschettenkn\u00f6pfe<\/strong><br \/>\nSchlicht. Skulptural. Zeitlos.<\/p>\n<p>Die <em>Forma Manschettenkn\u00f6pfe <\/em>werden von Hand aus Sterlingsilber gefertigt und tragen das charakteristische gefaltete Design der Kollektion. Minimalistisch und zugleich markant verleihen sie jedem Hemd eine raffinierte architektonische Note. Perfekt f\u00fcr alle, die klares Design und handwerkliche Qualit\u00e4t sch\u00e4tzen.  <\/p>\n<p>&nbsp;<\/p>\n<p>Kollektion: Forma<\/p>\n<p>Material: 925 Silber<\/p>\n<p>Gr\u00f6\u00dfe: 2 x 1,4 cm<br \/>Gewicht pro St\u00fcck: 8 g <\/p>\n<p>unisex<\/p>\n<p>Alle Produkte werden innerhalb von 1-5 Tagen versendet.<\/p>\n<p>Alle Artikel werden in einer Geschenkbox verschickt.<\/p>\n","protected":false},"featured_media":15401,"template":"","meta":{"content-type":""},"product_brand":[],"product_cat":[345,1072],"product_tag":[],"class_list":{"0":"post-25060","1":"product","2":"type-product","3":"status-publish","4":"has-post-thumbnail","6":"product_cat-fuer-maenner","7":"product_cat-forma","9":"first","10":"instock","11":"taxable","12":"shipping-taxable","13":"purchasable","14":"product-type-simple"},"yoast_head":"<!-- This site is optimized with the Yoast SEO plugin v27.4 - https:\/\/yoast.com\/product\/yoast-seo-wordpress\/ -->\n<title>Forma Manschettenkn\u00f6pfe - Lisa Kroeber Jewellery Art<\/title>\n<meta name=\"robots\" content=\"index, follow, max-snippet:-1, max-image-preview:large, max-video-preview:-1\" \/>\n<link rel=\"canonical\" href=\"https:\/\/lisakroeber.com\/de\/produkt\/forma-manschettenknoepfe\/\" \/>\n<meta property=\"og:locale\" content=\"de_DE\" \/>\n<meta property=\"og:type\" content=\"article\" \/>\n<meta property=\"og:title\" content=\"Forma Manschettenkn\u00f6pfe - Lisa Kroeber Jewellery Art\" \/>\n<meta property=\"og:description\" content=\"Forma Manschettenkn\u00f6pfe Schlicht. Skulptural. Zeitlos. Die Forma Manschettenkn\u00f6pfe werden von Hand aus Sterlingsilber gefertigt und tragen das charakteristische gefaltete Design der Kollektion. Minimalistisch und zugleich markant verleihen sie jedem Hemd eine raffinierte architektonische Note. Perfekt f\u00fcr alle, die klares Design und handwerkliche Qualit\u00e4t sch\u00e4tzen.  &nbsp; Kollektion: Forma Material: 925 Silber Gr\u00f6\u00dfe: 2 x 1,4 cmGewicht pro St\u00fcck: 8 g  unisex Alle Produkte werden innerhalb von 1-5 Tagen versendet. Alle Artikel werden in einer Geschenkbox verschickt.\" \/>\n<meta property=\"og:url\" content=\"https:\/\/lisakroeber.com\/de\/produkt\/forma-manschettenknoepfe\/\" \/>\n<meta property=\"og:site_name\" content=\"Lisa Kroeber Jewellery Art\" \/>\n<meta property=\"article:modified_time\" content=\"2026-02-08T15:34:35+00:00\" \/>\n<meta property=\"og:image\" content=\"https:\/\/lisakroeber.com\/wp-content\/uploads\/2019\/03\/MENellery-Cufflings-Silver-scaled.jpg\" \/>\n\t<meta property=\"og:image:width\" content=\"2560\" \/>\n\t<meta property=\"og:image:height\" content=\"2560\" \/>\n\t<meta property=\"og:image:type\" content=\"image\/jpeg\" \/>\n<meta name=\"twitter:card\" content=\"summary_large_image\" \/>\n<meta name=\"twitter:label1\" content=\"Gesch\u00e4tzte Lesezeit\" \/>\n\t<meta name=\"twitter:data1\" content=\"1\u00a0Minute\" \/>\n<script type=\"application\/ld+json\" class=\"yoast-schema-graph\">{\"@context\":\"https:\\\/\\\/schema.org\",\"@graph\":[{\"@type\":\"WebPage\",\"@id\":\"https:\\\/\\\/lisakroeber.com\\\/de\\\/produkt\\\/forma-manschettenknoepfe\\\/\",\"url\":\"https:\\\/\\\/lisakroeber.com\\\/de\\\/produkt\\\/forma-manschettenknoepfe\\\/\",\"name\":\"Forma Manschettenkn\u00f6pfe - Lisa Kroeber Jewellery Art\",\"isPartOf\":{\"@id\":\"https:\\\/\\\/lisakroeber.com\\\/#website\"},\"primaryImageOfPage\":{\"@id\":\"https:\\\/\\\/lisakroeber.com\\\/de\\\/produkt\\\/forma-manschettenknoepfe\\\/#primaryimage\"},\"image\":{\"@id\":\"https:\\\/\\\/lisakroeber.com\\\/de\\\/produkt\\\/forma-manschettenknoepfe\\\/#primaryimage\"},\"thumbnailUrl\":\"https:\\\/\\\/lisakroeber.com\\\/wp-content\\\/uploads\\\/2019\\\/03\\\/MENellery-Cufflings-Silver-scaled.jpg\",\"datePublished\":\"2019-03-19T10:03:59+00:00\",\"dateModified\":\"2026-02-08T15:34:35+00:00\",\"breadcrumb\":{\"@id\":\"https:\\\/\\\/lisakroeber.com\\\/de\\\/produkt\\\/forma-manschettenknoepfe\\\/#breadcrumb\"},\"inLanguage\":\"de\",\"potentialAction\":[{\"@type\":\"ReadAction\",\"target\":[\"https:\\\/\\\/lisakroeber.com\\\/de\\\/produkt\\\/forma-manschettenknoepfe\\\/\"]}]},{\"@type\":\"ImageObject\",\"inLanguage\":\"de\",\"@id\":\"https:\\\/\\\/lisakroeber.com\\\/de\\\/produkt\\\/forma-manschettenknoepfe\\\/#primaryimage\",\"url\":\"https:\\\/\\\/lisakroeber.com\\\/wp-content\\\/uploads\\\/2019\\\/03\\\/MENellery-Cufflings-Silver-scaled.jpg\",\"contentUrl\":\"https:\\\/\\\/lisakroeber.com\\\/wp-content\\\/uploads\\\/2019\\\/03\\\/MENellery-Cufflings-Silver-scaled.jpg\",\"width\":2560,\"height\":2560},{\"@type\":\"BreadcrumbList\",\"@id\":\"https:\\\/\\\/lisakroeber.com\\\/de\\\/produkt\\\/forma-manschettenknoepfe\\\/#breadcrumb\",\"itemListElement\":[{\"@type\":\"ListItem\",\"position\":1,\"name\":\"Home\",\"item\":\"https:\\\/\\\/lisakroeber.com\\\/de\\\/\"},{\"@type\":\"ListItem\",\"position\":2,\"name\":\"Gesch\u00e4ft\",\"item\":\"https:\\\/\\\/lisakroeber.com\\\/de\\\/geschaeft\\\/\"},{\"@type\":\"ListItem\",\"position\":3,\"name\":\"Forma Manschettenkn\u00f6pfe\"}]},{\"@type\":\"WebSite\",\"@id\":\"https:\\\/\\\/lisakroeber.com\\\/#website\",\"url\":\"https:\\\/\\\/lisakroeber.com\\\/\",\"name\":\"Lisa Kroeber Jewellery Art\",\"description\":\"Lisa Kroeber Jewellery Art e-shop\",\"publisher\":{\"@id\":\"https:\\\/\\\/lisakroeber.com\\\/#organization\"},\"potentialAction\":[{\"@type\":\"SearchAction\",\"target\":{\"@type\":\"EntryPoint\",\"urlTemplate\":\"https:\\\/\\\/lisakroeber.com\\\/?s={search_term_string}\"},\"query-input\":{\"@type\":\"PropertyValueSpecification\",\"valueRequired\":true,\"valueName\":\"search_term_string\"}}],\"inLanguage\":\"de\"},{\"@type\":\"Organization\",\"@id\":\"https:\\\/\\\/lisakroeber.com\\\/#organization\",\"name\":\"Lisa Kroeber Jewellery\",\"url\":\"https:\\\/\\\/lisakroeber.com\\\/\",\"logo\":{\"@type\":\"ImageObject\",\"inLanguage\":\"de\",\"@id\":\"https:\\\/\\\/lisakroeber.com\\\/#\\\/schema\\\/logo\\\/image\\\/\",\"url\":\"https:\\\/\\\/lisakroeber.com\\\/wp-content\\\/uploads\\\/2024\\\/07\\\/47178367_317322115661289_143956003702964224_n-e1543863670541.svg\",\"contentUrl\":\"https:\\\/\\\/lisakroeber.com\\\/wp-content\\\/uploads\\\/2024\\\/07\\\/47178367_317322115661289_143956003702964224_n-e1543863670541.svg\",\"width\":1,\"height\":1,\"caption\":\"Lisa Kroeber Jewellery\"},\"image\":{\"@id\":\"https:\\\/\\\/lisakroeber.com\\\/#\\\/schema\\\/logo\\\/image\\\/\"}}]}<\/script>\n<!-- \/ Yoast SEO plugin. -->","yoast_head_json":{"title":"Forma Manschettenkn\u00f6pfe - Lisa Kroeber Jewellery Art","robots":{"index":"index","follow":"follow","max-snippet":"max-snippet:-1","max-image-preview":"max-image-preview:large","max-video-preview":"max-video-preview:-1"},"canonical":"https:\/\/lisakroeber.com\/de\/produkt\/forma-manschettenknoepfe\/","og_locale":"de_DE","og_type":"article","og_title":"Forma Manschettenkn\u00f6pfe - Lisa Kroeber Jewellery Art","og_description":"Forma Manschettenkn\u00f6pfe Schlicht. Skulptural. Zeitlos. Die Forma Manschettenkn\u00f6pfe werden von Hand aus Sterlingsilber gefertigt und tragen das charakteristische gefaltete Design der Kollektion. Minimalistisch und zugleich markant verleihen sie jedem Hemd eine raffinierte architektonische Note. Perfekt f\u00fcr alle, die klares Design und handwerkliche Qualit\u00e4t sch\u00e4tzen.  &nbsp; Kollektion: Forma Material: 925 Silber Gr\u00f6\u00dfe: 2 x 1,4 cmGewicht pro St\u00fcck: 8 g  unisex Alle Produkte werden innerhalb von 1-5 Tagen versendet. Alle Artikel werden in einer Geschenkbox verschickt.","og_url":"https:\/\/lisakroeber.com\/de\/produkt\/forma-manschettenknoepfe\/","og_site_name":"Lisa Kroeber Jewellery Art","article_modified_time":"2026-02-08T15:34:35+00:00","og_image":[{"width":2560,"height":2560,"url":"https:\/\/lisakroeber.com\/wp-content\/uploads\/2019\/03\/MENellery-Cufflings-Silver-scaled.jpg","type":"image\/jpeg"}],"twitter_card":"summary_large_image","twitter_misc":{"Gesch\u00e4tzte Lesezeit":"1\u00a0Minute"},"schema":{"@context":"https:\/\/schema.org","@graph":[{"@type":"WebPage","@id":"https:\/\/lisakroeber.com\/de\/produkt\/forma-manschettenknoepfe\/","url":"https:\/\/lisakroeber.com\/de\/produkt\/forma-manschettenknoepfe\/","name":"Forma Manschettenkn\u00f6pfe - Lisa Kroeber Jewellery Art","isPartOf":{"@id":"https:\/\/lisakroeber.com\/#website"},"primaryImageOfPage":{"@id":"https:\/\/lisakroeber.com\/de\/produkt\/forma-manschettenknoepfe\/#primaryimage"},"image":{"@id":"https:\/\/lisakroeber.com\/de\/produkt\/forma-manschettenknoepfe\/#primaryimage"},"thumbnailUrl":"https:\/\/lisakroeber.com\/wp-content\/uploads\/2019\/03\/MENellery-Cufflings-Silver-scaled.jpg","datePublished":"2019-03-19T10:03:59+00:00","dateModified":"2026-02-08T15:34:35+00:00","breadcrumb":{"@id":"https:\/\/lisakroeber.com\/de\/produkt\/forma-manschettenknoepfe\/#breadcrumb"},"inLanguage":"de","potentialAction":[{"@type":"ReadAction","target":["https:\/\/lisakroeber.com\/de\/produkt\/forma-manschettenknoepfe\/"]}]},{"@type":"ImageObject","inLanguage":"de","@id":"https:\/\/lisakroeber.com\/de\/produkt\/forma-manschettenknoepfe\/#primaryimage","url":"https:\/\/lisakroeber.com\/wp-content\/uploads\/2019\/03\/MENellery-Cufflings-Silver-scaled.jpg","contentUrl":"https:\/\/lisakroeber.com\/wp-content\/uploads\/2019\/03\/MENellery-Cufflings-Silver-scaled.jpg","width":2560,"height":2560},{"@type":"BreadcrumbList","@id":"https:\/\/lisakroeber.com\/de\/produkt\/forma-manschettenknoepfe\/#breadcrumb","itemListElement":[{"@type":"ListItem","position":1,"name":"Home","item":"https:\/\/lisakroeber.com\/de\/"},{"@type":"ListItem","position":2,"name":"Gesch\u00e4ft","item":"https:\/\/lisakroeber.com\/de\/geschaeft\/"},{"@type":"ListItem","position":3,"name":"Forma Manschettenkn\u00f6pfe"}]},{"@type":"WebSite","@id":"https:\/\/lisakroeber.com\/#website","url":"https:\/\/lisakroeber.com\/","name":"Lisa Kroeber Jewellery Art","description":"Lisa Kroeber Jewellery Art e-shop","publisher":{"@id":"https:\/\/lisakroeber.com\/#organization"},"potentialAction":[{"@type":"SearchAction","target":{"@type":"EntryPoint","urlTemplate":"https:\/\/lisakroeber.com\/?s={search_term_string}"},"query-input":{"@type":"PropertyValueSpecification","valueRequired":true,"valueName":"search_term_string"}}],"inLanguage":"de"},{"@type":"Organization","@id":"https:\/\/lisakroeber.com\/#organization","name":"Lisa Kroeber Jewellery","url":"https:\/\/lisakroeber.com\/","logo":{"@type":"ImageObject","inLanguage":"de","@id":"https:\/\/lisakroeber.com\/#\/schema\/logo\/image\/","url":"https:\/\/lisakroeber.com\/wp-content\/uploads\/2024\/07\/47178367_317322115661289_143956003702964224_n-e1543863670541.svg","contentUrl":"https:\/\/lisakroeber.com\/wp-content\/uploads\/2024\/07\/47178367_317322115661289_143956003702964224_n-e1543863670541.svg","width":1,"height":1,"caption":"Lisa Kroeber Jewellery"},"image":{"@id":"https:\/\/lisakroeber.com\/#\/schema\/logo\/image\/"}}]}},"_links":{"self":[{"href":"https:\/\/lisakroeber.com\/de\/wp-json\/wp\/v2\/product\/25060","targetHints":{"allow":["GET"]}}],"collection":[{"href":"https:\/\/lisakroeber.com\/de\/wp-json\/wp\/v2\/product"}],"about":[{"href":"https:\/\/lisakroeber.com\/de\/wp-json\/wp\/v2\/types\/product"}],"wp:featuredmedia":[{"embeddable":true,"href":"https:\/\/lisakroeber.com\/de\/wp-json\/wp\/v2\/media\/15401"}],"wp:attachment":[{"href":"https:\/\/lisakroeber.com\/de\/wp-json\/wp\/v2\/media?parent=25060"}],"wp:term":[{"taxonomy":"product_brand","embeddable":true,"href":"https:\/\/lisakroeber.com\/de\/wp-json\/wp\/v2\/product_brand?post=25060"},{"taxonomy":"product_cat","embeddable":true,"href":"https:\/\/lisakroeber.com\/de\/wp-json\/wp\/v2\/product_cat?post=25060"},{"taxonomy":"product_tag","embeddable":true,"href":"https:\/\/lisakroeber.com\/de\/wp-json\/wp\/v2\/product_tag?post=25060"}],"curies":[{"name":"wp","href":"https:\/\/api.w.org\/{rel}","templated":true}]}}