{"id":25064,"date":"2019-08-12T13:18:41","date_gmt":"2019-08-12T11:18:41","guid":{"rendered":"https:\/\/lisakroeber.com\/uus\/product\/halsschmuck-corners\/"},"modified":"2024-09-19T22:49:26","modified_gmt":"2024-09-19T20:49:26","slug":"halsschmuck-corners","status":"publish","type":"product","link":"https:\/\/lisakroeber.com\/de\/produkt\/halsschmuck-corners\/","title":{"rendered":"Halsschmuck Corners"},"content":{"rendered":"<p><span data-sheets-value=\"{&quot;1&quot;:2,&quot;2&quot;:&quot;Die CORNER Serie ist eine Hommage an unsere farbenfrohen FOLDED Ohrringe \u2013 etwas ruhiger und zur\u00fcckhaltender, eleganter und etwas schicker. Aber genauso einfach und cool, geometrisch und geradlinig, einzigartig und auff\u00e4llig.rnrnDie kurze CORNER Halskette schm\u00fcckt dein Dekollet\u00e9 auf kantige und au\u00dfergew\u00f6hnliche Weise, umspielt den Hals und formt dasGesicht.rnrnSei schnell, nur noch ein letztes St\u00fcck ist verf\u00fcgbar!&quot;}\" data-sheets-userformat=\"{&quot;2&quot;:577,&quot;3&quot;:{&quot;1&quot;:0},&quot;9&quot;:1,&quot;12&quot;:0}\">Die CORNER Serie ist eine Hommage an unsere farbenfrohen FOLDED Ohrringe \u2013 etwas ruhiger und zur\u00fcckhaltender, eleganter und etwas schicker. Aber genauso einfach und cool, geometrisch und geradlinig, einzigartig und auff\u00e4llig.<\/span><\/p>\n<p>Die kurze CORNER Halskette schm\u00fcckt dein Dekollet\u00e9 auf kantige und au\u00dfergew\u00f6hnliche Weise, umspielt den Hals und formt dasGesicht.<\/p>\n<p>Sei schnell, nur noch ein letztes St\u00fcck ist verf\u00fcgbar!<\/p>\n","protected":false},"excerpt":{"rendered":"<p><span style=\"color: #333333;\">!LAST PIECE OF LIMITED EDITION!<\/span><\/p>\n<p>Kollektion: Corner<\/p>\n<p>Material: 925 Silver<\/p>\n<p><span style=\"color: #333333;\">Anh\u00e4ngergr\u00f6\u00dfe 11 x 3cm, L\u00e4nge der Halskette40cm, Gewicht: 5g<\/span><\/p>\n<p>Alle Produkte werden innerhalb von 1-5 Tagen versendet. W\u00e4hlen Sie auf der Checkout-Seite das passende Terminal zur Abholung aus. Alle Artikel werden in einer Geschenkbox verschickt.<\/p>\n<p>&nbsp;<\/p>\n","protected":false},"featured_media":19681,"template":"","meta":{"content-type":""},"product_brand":[],"product_cat":[349,341],"product_tag":[],"class_list":{"0":"post-25064","1":"product","2":"type-product","3":"status-publish","4":"has-post-thumbnail","6":"product_cat-halsschmuck","7":"product_cat-kollektionen","9":"first","10":"outofstock","11":"taxable","12":"shipping-taxable","13":"purchasable","14":"product-type-simple"},"yoast_head":"<!-- This site is optimized with the Yoast SEO plugin v27.4 - https:\/\/yoast.com\/product\/yoast-seo-wordpress\/ -->\n<title>Halsschmuck Corners - Lisa Kroeber Jewellery Art<\/title>\n<meta name=\"robots\" content=\"index, follow, max-snippet:-1, max-image-preview:large, max-video-preview:-1\" \/>\n<link rel=\"canonical\" href=\"https:\/\/lisakroeber.com\/de\/produkt\/halsschmuck-corners\/\" \/>\n<meta property=\"og:locale\" content=\"de_DE\" \/>\n<meta property=\"og:type\" content=\"article\" \/>\n<meta property=\"og:title\" content=\"Halsschmuck Corners - Lisa Kroeber Jewellery Art\" \/>\n<meta property=\"og:description\" content=\"!LAST PIECE OF LIMITED EDITION!  Kollektion: Corner  Material: 925 Silver  Anh\u00e4ngergr\u00f6\u00dfe 11 x 3cm, L\u00e4nge der Halskette40cm, Gewicht: 5g  Alle Produkte werden innerhalb von 1-5 Tagen versendet. W\u00e4hlen Sie auf der Checkout-Seite das passende Terminal zur Abholung aus. Alle Artikel werden in einer Geschenkbox verschickt.  &nbsp;\" \/>\n<meta property=\"og:url\" content=\"https:\/\/lisakroeber.com\/de\/produkt\/halsschmuck-corners\/\" \/>\n<meta property=\"og:site_name\" content=\"Lisa Kroeber Jewellery Art\" \/>\n<meta property=\"article:modified_time\" content=\"2024-09-19T20:49:26+00:00\" \/>\n<meta property=\"og:image\" content=\"https:\/\/lisakroeber.com\/wp-content\/uploads\/2019\/08\/Corner-kee-web-scaled.jpg\" \/>\n\t<meta property=\"og:image:width\" content=\"1707\" \/>\n\t<meta property=\"og:image:height\" content=\"2560\" \/>\n\t<meta property=\"og:image:type\" content=\"image\/jpeg\" \/>\n<meta name=\"twitter:card\" content=\"summary_large_image\" \/>\n<meta name=\"twitter:label1\" content=\"Gesch\u00e4tzte Lesezeit\" \/>\n\t<meta name=\"twitter:data1\" content=\"1\u00a0Minute\" \/>\n<script type=\"application\/ld+json\" class=\"yoast-schema-graph\">{\"@context\":\"https:\\\/\\\/schema.org\",\"@graph\":[{\"@type\":\"WebPage\",\"@id\":\"https:\\\/\\\/lisakroeber.com\\\/de\\\/produkt\\\/halsschmuck-corners\\\/\",\"url\":\"https:\\\/\\\/lisakroeber.com\\\/de\\\/produkt\\\/halsschmuck-corners\\\/\",\"name\":\"Halsschmuck Corners - Lisa Kroeber Jewellery Art\",\"isPartOf\":{\"@id\":\"https:\\\/\\\/lisakroeber.com\\\/#website\"},\"primaryImageOfPage\":{\"@id\":\"https:\\\/\\\/lisakroeber.com\\\/de\\\/produkt\\\/halsschmuck-corners\\\/#primaryimage\"},\"image\":{\"@id\":\"https:\\\/\\\/lisakroeber.com\\\/de\\\/produkt\\\/halsschmuck-corners\\\/#primaryimage\"},\"thumbnailUrl\":\"https:\\\/\\\/lisakroeber.com\\\/wp-content\\\/uploads\\\/2019\\\/08\\\/Corner-kee-web-scaled.jpg\",\"datePublished\":\"2019-08-12T11:18:41+00:00\",\"dateModified\":\"2024-09-19T20:49:26+00:00\",\"breadcrumb\":{\"@id\":\"https:\\\/\\\/lisakroeber.com\\\/de\\\/produkt\\\/halsschmuck-corners\\\/#breadcrumb\"},\"inLanguage\":\"de\",\"potentialAction\":[{\"@type\":\"ReadAction\",\"target\":[\"https:\\\/\\\/lisakroeber.com\\\/de\\\/produkt\\\/halsschmuck-corners\\\/\"]}]},{\"@type\":\"ImageObject\",\"inLanguage\":\"de\",\"@id\":\"https:\\\/\\\/lisakroeber.com\\\/de\\\/produkt\\\/halsschmuck-corners\\\/#primaryimage\",\"url\":\"https:\\\/\\\/lisakroeber.com\\\/wp-content\\\/uploads\\\/2019\\\/08\\\/Corner-kee-web-scaled.jpg\",\"contentUrl\":\"https:\\\/\\\/lisakroeber.com\\\/wp-content\\\/uploads\\\/2019\\\/08\\\/Corner-kee-web-scaled.jpg\",\"width\":1707,\"height\":2560},{\"@type\":\"BreadcrumbList\",\"@id\":\"https:\\\/\\\/lisakroeber.com\\\/de\\\/produkt\\\/halsschmuck-corners\\\/#breadcrumb\",\"itemListElement\":[{\"@type\":\"ListItem\",\"position\":1,\"name\":\"Home\",\"item\":\"https:\\\/\\\/lisakroeber.com\\\/de\\\/\"},{\"@type\":\"ListItem\",\"position\":2,\"name\":\"Gesch\u00e4ft\",\"item\":\"https:\\\/\\\/lisakroeber.com\\\/de\\\/geschaeft\\\/\"},{\"@type\":\"ListItem\",\"position\":3,\"name\":\"Halsschmuck Corners\"}]},{\"@type\":\"WebSite\",\"@id\":\"https:\\\/\\\/lisakroeber.com\\\/#website\",\"url\":\"https:\\\/\\\/lisakroeber.com\\\/\",\"name\":\"Lisa Kroeber Jewellery Art\",\"description\":\"Lisa Kroeber Jewellery Art e-shop\",\"publisher\":{\"@id\":\"https:\\\/\\\/lisakroeber.com\\\/#organization\"},\"potentialAction\":[{\"@type\":\"SearchAction\",\"target\":{\"@type\":\"EntryPoint\",\"urlTemplate\":\"https:\\\/\\\/lisakroeber.com\\\/?s={search_term_string}\"},\"query-input\":{\"@type\":\"PropertyValueSpecification\",\"valueRequired\":true,\"valueName\":\"search_term_string\"}}],\"inLanguage\":\"de\"},{\"@type\":\"Organization\",\"@id\":\"https:\\\/\\\/lisakroeber.com\\\/#organization\",\"name\":\"Lisa Kroeber Jewellery\",\"url\":\"https:\\\/\\\/lisakroeber.com\\\/\",\"logo\":{\"@type\":\"ImageObject\",\"inLanguage\":\"de\",\"@id\":\"https:\\\/\\\/lisakroeber.com\\\/#\\\/schema\\\/logo\\\/image\\\/\",\"url\":\"https:\\\/\\\/lisakroeber.com\\\/wp-content\\\/uploads\\\/2024\\\/07\\\/47178367_317322115661289_143956003702964224_n-e1543863670541.svg\",\"contentUrl\":\"https:\\\/\\\/lisakroeber.com\\\/wp-content\\\/uploads\\\/2024\\\/07\\\/47178367_317322115661289_143956003702964224_n-e1543863670541.svg\",\"width\":1,\"height\":1,\"caption\":\"Lisa Kroeber Jewellery\"},\"image\":{\"@id\":\"https:\\\/\\\/lisakroeber.com\\\/#\\\/schema\\\/logo\\\/image\\\/\"}}]}<\/script>\n<!-- \/ Yoast SEO plugin. -->","yoast_head_json":{"title":"Halsschmuck Corners - Lisa Kroeber Jewellery Art","robots":{"index":"index","follow":"follow","max-snippet":"max-snippet:-1","max-image-preview":"max-image-preview:large","max-video-preview":"max-video-preview:-1"},"canonical":"https:\/\/lisakroeber.com\/de\/produkt\/halsschmuck-corners\/","og_locale":"de_DE","og_type":"article","og_title":"Halsschmuck Corners - Lisa Kroeber Jewellery Art","og_description":"!LAST PIECE OF LIMITED EDITION!  Kollektion: Corner  Material: 925 Silver  Anh\u00e4ngergr\u00f6\u00dfe 11 x 3cm, L\u00e4nge der Halskette40cm, Gewicht: 5g  Alle Produkte werden innerhalb von 1-5 Tagen versendet. W\u00e4hlen Sie auf der Checkout-Seite das passende Terminal zur Abholung aus. Alle Artikel werden in einer Geschenkbox verschickt.  &nbsp;","og_url":"https:\/\/lisakroeber.com\/de\/produkt\/halsschmuck-corners\/","og_site_name":"Lisa Kroeber Jewellery Art","article_modified_time":"2024-09-19T20:49:26+00:00","og_image":[{"width":1707,"height":2560,"url":"https:\/\/lisakroeber.com\/wp-content\/uploads\/2019\/08\/Corner-kee-web-scaled.jpg","type":"image\/jpeg"}],"twitter_card":"summary_large_image","twitter_misc":{"Gesch\u00e4tzte Lesezeit":"1\u00a0Minute"},"schema":{"@context":"https:\/\/schema.org","@graph":[{"@type":"WebPage","@id":"https:\/\/lisakroeber.com\/de\/produkt\/halsschmuck-corners\/","url":"https:\/\/lisakroeber.com\/de\/produkt\/halsschmuck-corners\/","name":"Halsschmuck Corners - Lisa Kroeber Jewellery Art","isPartOf":{"@id":"https:\/\/lisakroeber.com\/#website"},"primaryImageOfPage":{"@id":"https:\/\/lisakroeber.com\/de\/produkt\/halsschmuck-corners\/#primaryimage"},"image":{"@id":"https:\/\/lisakroeber.com\/de\/produkt\/halsschmuck-corners\/#primaryimage"},"thumbnailUrl":"https:\/\/lisakroeber.com\/wp-content\/uploads\/2019\/08\/Corner-kee-web-scaled.jpg","datePublished":"2019-08-12T11:18:41+00:00","dateModified":"2024-09-19T20:49:26+00:00","breadcrumb":{"@id":"https:\/\/lisakroeber.com\/de\/produkt\/halsschmuck-corners\/#breadcrumb"},"inLanguage":"de","potentialAction":[{"@type":"ReadAction","target":["https:\/\/lisakroeber.com\/de\/produkt\/halsschmuck-corners\/"]}]},{"@type":"ImageObject","inLanguage":"de","@id":"https:\/\/lisakroeber.com\/de\/produkt\/halsschmuck-corners\/#primaryimage","url":"https:\/\/lisakroeber.com\/wp-content\/uploads\/2019\/08\/Corner-kee-web-scaled.jpg","contentUrl":"https:\/\/lisakroeber.com\/wp-content\/uploads\/2019\/08\/Corner-kee-web-scaled.jpg","width":1707,"height":2560},{"@type":"BreadcrumbList","@id":"https:\/\/lisakroeber.com\/de\/produkt\/halsschmuck-corners\/#breadcrumb","itemListElement":[{"@type":"ListItem","position":1,"name":"Home","item":"https:\/\/lisakroeber.com\/de\/"},{"@type":"ListItem","position":2,"name":"Gesch\u00e4ft","item":"https:\/\/lisakroeber.com\/de\/geschaeft\/"},{"@type":"ListItem","position":3,"name":"Halsschmuck Corners"}]},{"@type":"WebSite","@id":"https:\/\/lisakroeber.com\/#website","url":"https:\/\/lisakroeber.com\/","name":"Lisa Kroeber Jewellery Art","description":"Lisa Kroeber Jewellery Art e-shop","publisher":{"@id":"https:\/\/lisakroeber.com\/#organization"},"potentialAction":[{"@type":"SearchAction","target":{"@type":"EntryPoint","urlTemplate":"https:\/\/lisakroeber.com\/?s={search_term_string}"},"query-input":{"@type":"PropertyValueSpecification","valueRequired":true,"valueName":"search_term_string"}}],"inLanguage":"de"},{"@type":"Organization","@id":"https:\/\/lisakroeber.com\/#organization","name":"Lisa Kroeber Jewellery","url":"https:\/\/lisakroeber.com\/","logo":{"@type":"ImageObject","inLanguage":"de","@id":"https:\/\/lisakroeber.com\/#\/schema\/logo\/image\/","url":"https:\/\/lisakroeber.com\/wp-content\/uploads\/2024\/07\/47178367_317322115661289_143956003702964224_n-e1543863670541.svg","contentUrl":"https:\/\/lisakroeber.com\/wp-content\/uploads\/2024\/07\/47178367_317322115661289_143956003702964224_n-e1543863670541.svg","width":1,"height":1,"caption":"Lisa Kroeber Jewellery"},"image":{"@id":"https:\/\/lisakroeber.com\/#\/schema\/logo\/image\/"}}]}},"_links":{"self":[{"href":"https:\/\/lisakroeber.com\/de\/wp-json\/wp\/v2\/product\/25064","targetHints":{"allow":["GET"]}}],"collection":[{"href":"https:\/\/lisakroeber.com\/de\/wp-json\/wp\/v2\/product"}],"about":[{"href":"https:\/\/lisakroeber.com\/de\/wp-json\/wp\/v2\/types\/product"}],"wp:featuredmedia":[{"embeddable":true,"href":"https:\/\/lisakroeber.com\/de\/wp-json\/wp\/v2\/media\/19681"}],"wp:attachment":[{"href":"https:\/\/lisakroeber.com\/de\/wp-json\/wp\/v2\/media?parent=25064"}],"wp:term":[{"taxonomy":"product_brand","embeddable":true,"href":"https:\/\/lisakroeber.com\/de\/wp-json\/wp\/v2\/product_brand?post=25064"},{"taxonomy":"product_cat","embeddable":true,"href":"https:\/\/lisakroeber.com\/de\/wp-json\/wp\/v2\/product_cat?post=25064"},{"taxonomy":"product_tag","embeddable":true,"href":"https:\/\/lisakroeber.com\/de\/wp-json\/wp\/v2\/product_tag?post=25064"}],"curies":[{"name":"wp","href":"https:\/\/api.w.org\/{rel}","templated":true}]}}