{"id":25240,"date":"2023-01-25T13:51:26","date_gmt":"2023-01-25T11:51:26","guid":{"rendered":"https:\/\/lisakroeber.com\/uus\/product\/ohrschmuck-manhattan\/"},"modified":"2024-09-19T22:49:21","modified_gmt":"2024-09-19T20:49:21","slug":"ohrschmuck-manhattan","status":"publish","type":"product","link":"https:\/\/lisakroeber.com\/de\/produkt\/ohrschmuck-manhattan\/","title":{"rendered":"Ohrschmuck Manhattan"},"content":{"rendered":"<p><span data-sheets-value=\"{&quot;1&quot;:2,&quot;2&quot;:&quot;Die MANHATTAN Ohrringe sind einzigartige Statement-Ohrringe mit einer Hommage an New York City. Bei meinem Aufenthalt in Manhattan lie\u00df ich mich von den riesigen Geb\u00e4uden und Wolkenkratzern um mich herum inspirieren.rnrnSei schnell, nur noch ein letztes St\u00fcck ist verf\u00fcgbar!&quot;}\" data-sheets-userformat=\"{&quot;2&quot;:577,&quot;3&quot;:{&quot;1&quot;:0},&quot;9&quot;:1,&quot;12&quot;:0}\">Die MANHATTAN Ohrringe sind einzigartige Statement-Ohrringe mit einer Hommage an New York City. Bei meinem Aufenthalt in Manhattan lie\u00df ich mich von den riesigen Geb\u00e4uden und Wolkenkratzern um mich herum inspirieren.<\/span><\/p>\n<p>Sei schnell, nur noch ein letztes St\u00fcck ist verf\u00fcgbar!<\/p>\n","protected":false},"excerpt":{"rendered":"<p>!LAST PIECE OF LIMITED EDITION!<\/p>\n<p>Kollektion: Manhattan<\/p>\n<p class=\"p1\">Material: 925 Silver<\/p>\n<p>L\u00e4nge 5,5cm, Breite 1,2cm<\/p>\n<p>Gewicht: 4,7g<\/p>\n<p class=\"p1\">F\u00fcr Ohrl\u00f6cher<\/p>\n<p class=\"p1\">Alle Produkte werden innerhalb von 1-5 Tagen versendet. W\u00e4hlen Sie auf der Checkout-Seite das passende Terminal zur Abholung aus. Alle Artikel werden in einer Geschenkbox verschickt.<\/p>\n","protected":false},"featured_media":21837,"template":"","meta":{"content-type":""},"product_brand":[],"product_cat":[341,344],"product_tag":[],"class_list":{"0":"post-25240","1":"product","2":"type-product","3":"status-publish","4":"has-post-thumbnail","6":"product_cat-kollektionen","7":"product_cat-ohrschmuck","9":"first","10":"outofstock","11":"taxable","12":"shipping-taxable","13":"purchasable","14":"product-type-simple"},"yoast_head":"<!-- This site is optimized with the Yoast SEO plugin v27.4 - https:\/\/yoast.com\/product\/yoast-seo-wordpress\/ -->\n<title>Ohrschmuck Manhattan - Lisa Kroeber Jewellery Art<\/title>\n<meta name=\"robots\" content=\"index, follow, max-snippet:-1, max-image-preview:large, max-video-preview:-1\" \/>\n<link rel=\"canonical\" href=\"https:\/\/lisakroeber.com\/de\/produkt\/ohrschmuck-manhattan\/\" \/>\n<meta property=\"og:locale\" content=\"de_DE\" \/>\n<meta property=\"og:type\" content=\"article\" \/>\n<meta property=\"og:title\" content=\"Ohrschmuck Manhattan - Lisa Kroeber Jewellery Art\" \/>\n<meta property=\"og:description\" content=\"!LAST PIECE OF LIMITED EDITION!  Kollektion: Manhattan Material: 925 Silver L\u00e4nge 5,5cm, Breite 1,2cm  Gewicht: 4,7g F\u00fcr Ohrl\u00f6cher Alle Produkte werden innerhalb von 1-5 Tagen versendet. W\u00e4hlen Sie auf der Checkout-Seite das passende Terminal zur Abholung aus. Alle Artikel werden in einer Geschenkbox verschickt.\" \/>\n<meta property=\"og:url\" content=\"https:\/\/lisakroeber.com\/de\/produkt\/ohrschmuck-manhattan\/\" \/>\n<meta property=\"og:site_name\" content=\"Lisa Kroeber Jewellery Art\" \/>\n<meta property=\"article:modified_time\" content=\"2024-09-19T20:49:21+00:00\" \/>\n<meta property=\"og:image\" content=\"https:\/\/lisakroeber.com\/wp-content\/uploads\/2023\/01\/Manhattan-web-scaled.jpg\" \/>\n\t<meta property=\"og:image:width\" content=\"2419\" \/>\n\t<meta property=\"og:image:height\" content=\"2560\" \/>\n\t<meta property=\"og:image:type\" content=\"image\/jpeg\" \/>\n<meta name=\"twitter:card\" content=\"summary_large_image\" \/>\n<meta name=\"twitter:label1\" content=\"Gesch\u00e4tzte Lesezeit\" \/>\n\t<meta name=\"twitter:data1\" content=\"1\u00a0Minute\" \/>\n<script type=\"application\/ld+json\" class=\"yoast-schema-graph\">{\"@context\":\"https:\\\/\\\/schema.org\",\"@graph\":[{\"@type\":\"WebPage\",\"@id\":\"https:\\\/\\\/lisakroeber.com\\\/de\\\/produkt\\\/ohrschmuck-manhattan\\\/\",\"url\":\"https:\\\/\\\/lisakroeber.com\\\/de\\\/produkt\\\/ohrschmuck-manhattan\\\/\",\"name\":\"Ohrschmuck Manhattan - Lisa Kroeber Jewellery Art\",\"isPartOf\":{\"@id\":\"https:\\\/\\\/lisakroeber.com\\\/#website\"},\"primaryImageOfPage\":{\"@id\":\"https:\\\/\\\/lisakroeber.com\\\/de\\\/produkt\\\/ohrschmuck-manhattan\\\/#primaryimage\"},\"image\":{\"@id\":\"https:\\\/\\\/lisakroeber.com\\\/de\\\/produkt\\\/ohrschmuck-manhattan\\\/#primaryimage\"},\"thumbnailUrl\":\"https:\\\/\\\/lisakroeber.com\\\/wp-content\\\/uploads\\\/2023\\\/01\\\/Manhattan-web-scaled.jpg\",\"datePublished\":\"2023-01-25T11:51:26+00:00\",\"dateModified\":\"2024-09-19T20:49:21+00:00\",\"breadcrumb\":{\"@id\":\"https:\\\/\\\/lisakroeber.com\\\/de\\\/produkt\\\/ohrschmuck-manhattan\\\/#breadcrumb\"},\"inLanguage\":\"de\",\"potentialAction\":[{\"@type\":\"ReadAction\",\"target\":[\"https:\\\/\\\/lisakroeber.com\\\/de\\\/produkt\\\/ohrschmuck-manhattan\\\/\"]}]},{\"@type\":\"ImageObject\",\"inLanguage\":\"de\",\"@id\":\"https:\\\/\\\/lisakroeber.com\\\/de\\\/produkt\\\/ohrschmuck-manhattan\\\/#primaryimage\",\"url\":\"https:\\\/\\\/lisakroeber.com\\\/wp-content\\\/uploads\\\/2023\\\/01\\\/Manhattan-web-scaled.jpg\",\"contentUrl\":\"https:\\\/\\\/lisakroeber.com\\\/wp-content\\\/uploads\\\/2023\\\/01\\\/Manhattan-web-scaled.jpg\",\"width\":2419,\"height\":2560},{\"@type\":\"BreadcrumbList\",\"@id\":\"https:\\\/\\\/lisakroeber.com\\\/de\\\/produkt\\\/ohrschmuck-manhattan\\\/#breadcrumb\",\"itemListElement\":[{\"@type\":\"ListItem\",\"position\":1,\"name\":\"Home\",\"item\":\"https:\\\/\\\/lisakroeber.com\\\/de\\\/\"},{\"@type\":\"ListItem\",\"position\":2,\"name\":\"Gesch\u00e4ft\",\"item\":\"https:\\\/\\\/lisakroeber.com\\\/de\\\/geschaeft\\\/\"},{\"@type\":\"ListItem\",\"position\":3,\"name\":\"Ohrschmuck Manhattan\"}]},{\"@type\":\"WebSite\",\"@id\":\"https:\\\/\\\/lisakroeber.com\\\/#website\",\"url\":\"https:\\\/\\\/lisakroeber.com\\\/\",\"name\":\"Lisa Kroeber Jewellery Art\",\"description\":\"Lisa Kroeber Jewellery Art e-shop\",\"publisher\":{\"@id\":\"https:\\\/\\\/lisakroeber.com\\\/#organization\"},\"potentialAction\":[{\"@type\":\"SearchAction\",\"target\":{\"@type\":\"EntryPoint\",\"urlTemplate\":\"https:\\\/\\\/lisakroeber.com\\\/?s={search_term_string}\"},\"query-input\":{\"@type\":\"PropertyValueSpecification\",\"valueRequired\":true,\"valueName\":\"search_term_string\"}}],\"inLanguage\":\"de\"},{\"@type\":\"Organization\",\"@id\":\"https:\\\/\\\/lisakroeber.com\\\/#organization\",\"name\":\"Lisa Kroeber Jewellery\",\"url\":\"https:\\\/\\\/lisakroeber.com\\\/\",\"logo\":{\"@type\":\"ImageObject\",\"inLanguage\":\"de\",\"@id\":\"https:\\\/\\\/lisakroeber.com\\\/#\\\/schema\\\/logo\\\/image\\\/\",\"url\":\"https:\\\/\\\/lisakroeber.com\\\/wp-content\\\/uploads\\\/2024\\\/07\\\/47178367_317322115661289_143956003702964224_n-e1543863670541.svg\",\"contentUrl\":\"https:\\\/\\\/lisakroeber.com\\\/wp-content\\\/uploads\\\/2024\\\/07\\\/47178367_317322115661289_143956003702964224_n-e1543863670541.svg\",\"width\":1,\"height\":1,\"caption\":\"Lisa Kroeber Jewellery\"},\"image\":{\"@id\":\"https:\\\/\\\/lisakroeber.com\\\/#\\\/schema\\\/logo\\\/image\\\/\"}}]}<\/script>\n<!-- \/ Yoast SEO plugin. -->","yoast_head_json":{"title":"Ohrschmuck Manhattan - Lisa Kroeber Jewellery Art","robots":{"index":"index","follow":"follow","max-snippet":"max-snippet:-1","max-image-preview":"max-image-preview:large","max-video-preview":"max-video-preview:-1"},"canonical":"https:\/\/lisakroeber.com\/de\/produkt\/ohrschmuck-manhattan\/","og_locale":"de_DE","og_type":"article","og_title":"Ohrschmuck Manhattan - Lisa Kroeber Jewellery Art","og_description":"!LAST PIECE OF LIMITED EDITION!  Kollektion: Manhattan Material: 925 Silver L\u00e4nge 5,5cm, Breite 1,2cm  Gewicht: 4,7g F\u00fcr Ohrl\u00f6cher Alle Produkte werden innerhalb von 1-5 Tagen versendet. W\u00e4hlen Sie auf der Checkout-Seite das passende Terminal zur Abholung aus. Alle Artikel werden in einer Geschenkbox verschickt.","og_url":"https:\/\/lisakroeber.com\/de\/produkt\/ohrschmuck-manhattan\/","og_site_name":"Lisa Kroeber Jewellery Art","article_modified_time":"2024-09-19T20:49:21+00:00","og_image":[{"width":2419,"height":2560,"url":"https:\/\/lisakroeber.com\/wp-content\/uploads\/2023\/01\/Manhattan-web-scaled.jpg","type":"image\/jpeg"}],"twitter_card":"summary_large_image","twitter_misc":{"Gesch\u00e4tzte Lesezeit":"1\u00a0Minute"},"schema":{"@context":"https:\/\/schema.org","@graph":[{"@type":"WebPage","@id":"https:\/\/lisakroeber.com\/de\/produkt\/ohrschmuck-manhattan\/","url":"https:\/\/lisakroeber.com\/de\/produkt\/ohrschmuck-manhattan\/","name":"Ohrschmuck Manhattan - Lisa Kroeber Jewellery Art","isPartOf":{"@id":"https:\/\/lisakroeber.com\/#website"},"primaryImageOfPage":{"@id":"https:\/\/lisakroeber.com\/de\/produkt\/ohrschmuck-manhattan\/#primaryimage"},"image":{"@id":"https:\/\/lisakroeber.com\/de\/produkt\/ohrschmuck-manhattan\/#primaryimage"},"thumbnailUrl":"https:\/\/lisakroeber.com\/wp-content\/uploads\/2023\/01\/Manhattan-web-scaled.jpg","datePublished":"2023-01-25T11:51:26+00:00","dateModified":"2024-09-19T20:49:21+00:00","breadcrumb":{"@id":"https:\/\/lisakroeber.com\/de\/produkt\/ohrschmuck-manhattan\/#breadcrumb"},"inLanguage":"de","potentialAction":[{"@type":"ReadAction","target":["https:\/\/lisakroeber.com\/de\/produkt\/ohrschmuck-manhattan\/"]}]},{"@type":"ImageObject","inLanguage":"de","@id":"https:\/\/lisakroeber.com\/de\/produkt\/ohrschmuck-manhattan\/#primaryimage","url":"https:\/\/lisakroeber.com\/wp-content\/uploads\/2023\/01\/Manhattan-web-scaled.jpg","contentUrl":"https:\/\/lisakroeber.com\/wp-content\/uploads\/2023\/01\/Manhattan-web-scaled.jpg","width":2419,"height":2560},{"@type":"BreadcrumbList","@id":"https:\/\/lisakroeber.com\/de\/produkt\/ohrschmuck-manhattan\/#breadcrumb","itemListElement":[{"@type":"ListItem","position":1,"name":"Home","item":"https:\/\/lisakroeber.com\/de\/"},{"@type":"ListItem","position":2,"name":"Gesch\u00e4ft","item":"https:\/\/lisakroeber.com\/de\/geschaeft\/"},{"@type":"ListItem","position":3,"name":"Ohrschmuck Manhattan"}]},{"@type":"WebSite","@id":"https:\/\/lisakroeber.com\/#website","url":"https:\/\/lisakroeber.com\/","name":"Lisa Kroeber Jewellery Art","description":"Lisa Kroeber Jewellery Art e-shop","publisher":{"@id":"https:\/\/lisakroeber.com\/#organization"},"potentialAction":[{"@type":"SearchAction","target":{"@type":"EntryPoint","urlTemplate":"https:\/\/lisakroeber.com\/?s={search_term_string}"},"query-input":{"@type":"PropertyValueSpecification","valueRequired":true,"valueName":"search_term_string"}}],"inLanguage":"de"},{"@type":"Organization","@id":"https:\/\/lisakroeber.com\/#organization","name":"Lisa Kroeber Jewellery","url":"https:\/\/lisakroeber.com\/","logo":{"@type":"ImageObject","inLanguage":"de","@id":"https:\/\/lisakroeber.com\/#\/schema\/logo\/image\/","url":"https:\/\/lisakroeber.com\/wp-content\/uploads\/2024\/07\/47178367_317322115661289_143956003702964224_n-e1543863670541.svg","contentUrl":"https:\/\/lisakroeber.com\/wp-content\/uploads\/2024\/07\/47178367_317322115661289_143956003702964224_n-e1543863670541.svg","width":1,"height":1,"caption":"Lisa Kroeber Jewellery"},"image":{"@id":"https:\/\/lisakroeber.com\/#\/schema\/logo\/image\/"}}]}},"_links":{"self":[{"href":"https:\/\/lisakroeber.com\/de\/wp-json\/wp\/v2\/product\/25240","targetHints":{"allow":["GET"]}}],"collection":[{"href":"https:\/\/lisakroeber.com\/de\/wp-json\/wp\/v2\/product"}],"about":[{"href":"https:\/\/lisakroeber.com\/de\/wp-json\/wp\/v2\/types\/product"}],"wp:featuredmedia":[{"embeddable":true,"href":"https:\/\/lisakroeber.com\/de\/wp-json\/wp\/v2\/media\/21837"}],"wp:attachment":[{"href":"https:\/\/lisakroeber.com\/de\/wp-json\/wp\/v2\/media?parent=25240"}],"wp:term":[{"taxonomy":"product_brand","embeddable":true,"href":"https:\/\/lisakroeber.com\/de\/wp-json\/wp\/v2\/product_brand?post=25240"},{"taxonomy":"product_cat","embeddable":true,"href":"https:\/\/lisakroeber.com\/de\/wp-json\/wp\/v2\/product_cat?post=25240"},{"taxonomy":"product_tag","embeddable":true,"href":"https:\/\/lisakroeber.com\/de\/wp-json\/wp\/v2\/product_tag?post=25240"}],"curies":[{"name":"wp","href":"https:\/\/api.w.org\/{rel}","templated":true}]}}