{"id":25256,"date":"2020-11-05T12:15:04","date_gmt":"2020-11-05T10:15:04","guid":{"rendered":"https:\/\/lisakroeber.com\/uus\/product\/ohrschmuck-folded-silver-slim\/"},"modified":"2026-02-08T21:35:07","modified_gmt":"2026-02-08T19:35:07","slug":"ohrschmuck-folded-silver-slim","status":"publish","type":"product","link":"https:\/\/lisakroeber.com\/de\/produkt\/ohrschmuck-folded-silver-slim\/","title":{"rendered":"Ohrschmuck Folded Silver. Slim"},"content":{"rendered":"<p><span data-sheets-value=\"{&quot;1&quot;:2,&quot;2&quot;:&quot;Die FOLDED SILVER Edition ist nur online und in begrenzter St\u00fcckzahl erh\u00e4ltlich. Im Moment haben wir 4 verschiedene Modelle. FOLDED SILVER WIDE in gro\u00df und klein und FOLDED SILVER SLIM in gro\u00df und klein.nn&quot;}\" data-sheets-userformat=\"{&quot;2&quot;:577,&quot;3&quot;:{&quot;1&quot;:0},&quot;9&quot;:1,&quot;12&quot;:0}\">Die FOLDED SILVER Edition ist nur online und in begrenzter St\u00fcckzahl erh\u00e4ltlich. Im Moment haben wir 4 verschiedene Modelle. FOLDED SILVER WIDE in gro\u00df und klein und FOLDED SILVER SLIM in gro\u00df und klein.<\/span><\/p>\n<p>&nbsp;<\/p>\n","protected":false},"excerpt":{"rendered":"<p data-start=\"163\" data-end=\"220\"><strong data-start=\"163\" data-end=\"187\">Folded Silver Serie<\/strong><br data-start=\"187\" data-end=\"190\">Klar. Skulptural. Exklusiv.<\/p>\n<p data-start=\"222\" data-end=\"418\">Die <em data-start=\"226\" data-end=\"241\">Folded Silver <\/em>Edition ist ausschlie\u00dflich online erh\u00e4ltlich und wird auf Bestellung gefertigt. Gefertigt aus Sterlingsilber, zeigt diese Serie das Folded-Design in seiner reinsten und reduzierten Form. <\/p>\n<p data-start=\"420\" data-end=\"674\">Die Kollektion umfasst vier Modelle:<em data-start=\"461\" data-end=\"474\"> Folded Wide <\/em>in Big und Small sowie <em data-start=\"505\" data-end=\"518\">Folded Slim<\/em> in Big und Small. Zeitlos, edel und ausdrucksstark \u2014 eine silberne Edition f\u00fcr alle, die Klarheit und Handwerk sch\u00e4tzen. <\/p>\n<p>Kollektion: Folded<\/p>\n<p data-start=\"420\" data-end=\"674\">Variation: Ohrschmuck Folded Silver. Slim <\/p>\n<p>Material: 925 Silber<\/p>\n<p>Gr\u00f6sse: 3,5\u00d72cm. Gewicht: 5g <\/p>\n<p>Die Form kann leicht variieren, da jedes St\u00fcck handgefertigt ist.<\/p>\n<p>F\u00fcr gestochene Ohren<\/p>\n<p>Alle Produkte werden innerhalb von 1-5 Tagen versendet.<\/p>\n<p>Alle Artikel werden in einer Geschenkbox verschickt.<\/p>\n","protected":false},"featured_media":19321,"template":"","meta":{"content-type":""},"product_brand":[],"product_cat":[445,341,344],"product_tag":[],"class_list":{"0":"post-25256","1":"product","2":"type-product","3":"status-publish","4":"has-post-thumbnail","6":"product_cat-folded-de","7":"product_cat-kollektionen","8":"product_cat-ohrschmuck","10":"first","11":"instock","12":"taxable","13":"shipping-taxable","14":"purchasable","15":"product-type-simple"},"yoast_head":"<!-- This site is optimized with the Yoast SEO plugin v27.4 - https:\/\/yoast.com\/product\/yoast-seo-wordpress\/ -->\n<title>Ohrschmuck Folded Silver. Slim - Lisa Kroeber Jewellery Art<\/title>\n<meta name=\"robots\" content=\"index, follow, max-snippet:-1, max-image-preview:large, max-video-preview:-1\" \/>\n<link rel=\"canonical\" href=\"https:\/\/lisakroeber.com\/de\/produkt\/ohrschmuck-folded-silver-slim\/\" \/>\n<meta property=\"og:locale\" content=\"de_DE\" \/>\n<meta property=\"og:type\" content=\"article\" \/>\n<meta property=\"og:title\" content=\"Ohrschmuck Folded Silver. Slim - Lisa Kroeber Jewellery Art\" \/>\n<meta property=\"og:description\" content=\"Folded Silver SerieKlar. Skulptural. Exklusiv. Die Folded Silver Edition ist ausschlie\u00dflich online erh\u00e4ltlich und wird auf Bestellung gefertigt. Gefertigt aus Sterlingsilber, zeigt diese Serie das Folded-Design in seiner reinsten und reduzierten Form. Die Kollektion umfasst vier Modelle: Folded Wide in Big und Small sowie Folded Slim in Big und Small. Zeitlos, edel und ausdrucksstark \u2014 eine silberne Edition f\u00fcr alle, die Klarheit und Handwerk sch\u00e4tzen. Kollektion: Folded Variation: Ohrschmuck Folded Silver. Slim Material: 925 Silber Gr\u00f6sse: 3,5\u00d72cm. Gewicht: 5g  Die Form kann leicht variieren, da jedes St\u00fcck handgefertigt ist. F\u00fcr gestochene Ohren Alle Produkte werden innerhalb von 1-5 Tagen versendet. Alle Artikel werden in einer Geschenkbox verschickt.\" \/>\n<meta property=\"og:url\" content=\"https:\/\/lisakroeber.com\/de\/produkt\/ohrschmuck-folded-silver-slim\/\" \/>\n<meta property=\"og:site_name\" content=\"Lisa Kroeber Jewellery Art\" \/>\n<meta property=\"article:modified_time\" content=\"2026-02-08T19:35:07+00:00\" \/>\n<meta property=\"og:image\" content=\"https:\/\/lisakroeber.com\/wp-content\/uploads\/2020\/11\/Folded-silver-slim-big-web-scaled.jpg\" \/>\n\t<meta property=\"og:image:width\" content=\"2560\" \/>\n\t<meta property=\"og:image:height\" content=\"1710\" \/>\n\t<meta property=\"og:image:type\" content=\"image\/jpeg\" \/>\n<meta name=\"twitter:card\" content=\"summary_large_image\" \/>\n<meta name=\"twitter:label1\" content=\"Gesch\u00e4tzte Lesezeit\" \/>\n\t<meta name=\"twitter:data1\" content=\"1\u00a0Minute\" \/>\n<script type=\"application\/ld+json\" class=\"yoast-schema-graph\">{\"@context\":\"https:\\\/\\\/schema.org\",\"@graph\":[{\"@type\":\"WebPage\",\"@id\":\"https:\\\/\\\/lisakroeber.com\\\/de\\\/produkt\\\/ohrschmuck-folded-silver-slim\\\/\",\"url\":\"https:\\\/\\\/lisakroeber.com\\\/de\\\/produkt\\\/ohrschmuck-folded-silver-slim\\\/\",\"name\":\"Ohrschmuck Folded Silver. Slim - Lisa Kroeber Jewellery Art\",\"isPartOf\":{\"@id\":\"https:\\\/\\\/lisakroeber.com\\\/#website\"},\"primaryImageOfPage\":{\"@id\":\"https:\\\/\\\/lisakroeber.com\\\/de\\\/produkt\\\/ohrschmuck-folded-silver-slim\\\/#primaryimage\"},\"image\":{\"@id\":\"https:\\\/\\\/lisakroeber.com\\\/de\\\/produkt\\\/ohrschmuck-folded-silver-slim\\\/#primaryimage\"},\"thumbnailUrl\":\"https:\\\/\\\/lisakroeber.com\\\/wp-content\\\/uploads\\\/2020\\\/11\\\/Folded-silver-slim-big-web-scaled.jpg\",\"datePublished\":\"2020-11-05T10:15:04+00:00\",\"dateModified\":\"2026-02-08T19:35:07+00:00\",\"breadcrumb\":{\"@id\":\"https:\\\/\\\/lisakroeber.com\\\/de\\\/produkt\\\/ohrschmuck-folded-silver-slim\\\/#breadcrumb\"},\"inLanguage\":\"de\",\"potentialAction\":[{\"@type\":\"ReadAction\",\"target\":[\"https:\\\/\\\/lisakroeber.com\\\/de\\\/produkt\\\/ohrschmuck-folded-silver-slim\\\/\"]}]},{\"@type\":\"ImageObject\",\"inLanguage\":\"de\",\"@id\":\"https:\\\/\\\/lisakroeber.com\\\/de\\\/produkt\\\/ohrschmuck-folded-silver-slim\\\/#primaryimage\",\"url\":\"https:\\\/\\\/lisakroeber.com\\\/wp-content\\\/uploads\\\/2020\\\/11\\\/Folded-silver-slim-big-web-scaled.jpg\",\"contentUrl\":\"https:\\\/\\\/lisakroeber.com\\\/wp-content\\\/uploads\\\/2020\\\/11\\\/Folded-silver-slim-big-web-scaled.jpg\",\"width\":2560,\"height\":1710},{\"@type\":\"BreadcrumbList\",\"@id\":\"https:\\\/\\\/lisakroeber.com\\\/de\\\/produkt\\\/ohrschmuck-folded-silver-slim\\\/#breadcrumb\",\"itemListElement\":[{\"@type\":\"ListItem\",\"position\":1,\"name\":\"Home\",\"item\":\"https:\\\/\\\/lisakroeber.com\\\/de\\\/\"},{\"@type\":\"ListItem\",\"position\":2,\"name\":\"Gesch\u00e4ft\",\"item\":\"https:\\\/\\\/lisakroeber.com\\\/de\\\/geschaeft\\\/\"},{\"@type\":\"ListItem\",\"position\":3,\"name\":\"Ohrschmuck Folded Silver. Slim\"}]},{\"@type\":\"WebSite\",\"@id\":\"https:\\\/\\\/lisakroeber.com\\\/#website\",\"url\":\"https:\\\/\\\/lisakroeber.com\\\/\",\"name\":\"Lisa Kroeber Jewellery Art\",\"description\":\"Lisa Kroeber Jewellery Art e-shop\",\"publisher\":{\"@id\":\"https:\\\/\\\/lisakroeber.com\\\/#organization\"},\"potentialAction\":[{\"@type\":\"SearchAction\",\"target\":{\"@type\":\"EntryPoint\",\"urlTemplate\":\"https:\\\/\\\/lisakroeber.com\\\/?s={search_term_string}\"},\"query-input\":{\"@type\":\"PropertyValueSpecification\",\"valueRequired\":true,\"valueName\":\"search_term_string\"}}],\"inLanguage\":\"de\"},{\"@type\":\"Organization\",\"@id\":\"https:\\\/\\\/lisakroeber.com\\\/#organization\",\"name\":\"Lisa Kroeber Jewellery\",\"url\":\"https:\\\/\\\/lisakroeber.com\\\/\",\"logo\":{\"@type\":\"ImageObject\",\"inLanguage\":\"de\",\"@id\":\"https:\\\/\\\/lisakroeber.com\\\/#\\\/schema\\\/logo\\\/image\\\/\",\"url\":\"https:\\\/\\\/lisakroeber.com\\\/wp-content\\\/uploads\\\/2024\\\/07\\\/47178367_317322115661289_143956003702964224_n-e1543863670541.svg\",\"contentUrl\":\"https:\\\/\\\/lisakroeber.com\\\/wp-content\\\/uploads\\\/2024\\\/07\\\/47178367_317322115661289_143956003702964224_n-e1543863670541.svg\",\"width\":1,\"height\":1,\"caption\":\"Lisa Kroeber Jewellery\"},\"image\":{\"@id\":\"https:\\\/\\\/lisakroeber.com\\\/#\\\/schema\\\/logo\\\/image\\\/\"}}]}<\/script>\n<!-- \/ Yoast SEO plugin. -->","yoast_head_json":{"title":"Ohrschmuck Folded Silver. Slim - Lisa Kroeber Jewellery Art","robots":{"index":"index","follow":"follow","max-snippet":"max-snippet:-1","max-image-preview":"max-image-preview:large","max-video-preview":"max-video-preview:-1"},"canonical":"https:\/\/lisakroeber.com\/de\/produkt\/ohrschmuck-folded-silver-slim\/","og_locale":"de_DE","og_type":"article","og_title":"Ohrschmuck Folded Silver. Slim - Lisa Kroeber Jewellery Art","og_description":"Folded Silver SerieKlar. Skulptural. Exklusiv. Die Folded Silver Edition ist ausschlie\u00dflich online erh\u00e4ltlich und wird auf Bestellung gefertigt. Gefertigt aus Sterlingsilber, zeigt diese Serie das Folded-Design in seiner reinsten und reduzierten Form. Die Kollektion umfasst vier Modelle: Folded Wide in Big und Small sowie Folded Slim in Big und Small. Zeitlos, edel und ausdrucksstark \u2014 eine silberne Edition f\u00fcr alle, die Klarheit und Handwerk sch\u00e4tzen. Kollektion: Folded Variation: Ohrschmuck Folded Silver. Slim Material: 925 Silber Gr\u00f6sse: 3,5\u00d72cm. Gewicht: 5g  Die Form kann leicht variieren, da jedes St\u00fcck handgefertigt ist. F\u00fcr gestochene Ohren Alle Produkte werden innerhalb von 1-5 Tagen versendet. Alle Artikel werden in einer Geschenkbox verschickt.","og_url":"https:\/\/lisakroeber.com\/de\/produkt\/ohrschmuck-folded-silver-slim\/","og_site_name":"Lisa Kroeber Jewellery Art","article_modified_time":"2026-02-08T19:35:07+00:00","og_image":[{"width":2560,"height":1710,"url":"https:\/\/lisakroeber.com\/wp-content\/uploads\/2020\/11\/Folded-silver-slim-big-web-scaled.jpg","type":"image\/jpeg"}],"twitter_card":"summary_large_image","twitter_misc":{"Gesch\u00e4tzte Lesezeit":"1\u00a0Minute"},"schema":{"@context":"https:\/\/schema.org","@graph":[{"@type":"WebPage","@id":"https:\/\/lisakroeber.com\/de\/produkt\/ohrschmuck-folded-silver-slim\/","url":"https:\/\/lisakroeber.com\/de\/produkt\/ohrschmuck-folded-silver-slim\/","name":"Ohrschmuck Folded Silver. Slim - Lisa Kroeber Jewellery Art","isPartOf":{"@id":"https:\/\/lisakroeber.com\/#website"},"primaryImageOfPage":{"@id":"https:\/\/lisakroeber.com\/de\/produkt\/ohrschmuck-folded-silver-slim\/#primaryimage"},"image":{"@id":"https:\/\/lisakroeber.com\/de\/produkt\/ohrschmuck-folded-silver-slim\/#primaryimage"},"thumbnailUrl":"https:\/\/lisakroeber.com\/wp-content\/uploads\/2020\/11\/Folded-silver-slim-big-web-scaled.jpg","datePublished":"2020-11-05T10:15:04+00:00","dateModified":"2026-02-08T19:35:07+00:00","breadcrumb":{"@id":"https:\/\/lisakroeber.com\/de\/produkt\/ohrschmuck-folded-silver-slim\/#breadcrumb"},"inLanguage":"de","potentialAction":[{"@type":"ReadAction","target":["https:\/\/lisakroeber.com\/de\/produkt\/ohrschmuck-folded-silver-slim\/"]}]},{"@type":"ImageObject","inLanguage":"de","@id":"https:\/\/lisakroeber.com\/de\/produkt\/ohrschmuck-folded-silver-slim\/#primaryimage","url":"https:\/\/lisakroeber.com\/wp-content\/uploads\/2020\/11\/Folded-silver-slim-big-web-scaled.jpg","contentUrl":"https:\/\/lisakroeber.com\/wp-content\/uploads\/2020\/11\/Folded-silver-slim-big-web-scaled.jpg","width":2560,"height":1710},{"@type":"BreadcrumbList","@id":"https:\/\/lisakroeber.com\/de\/produkt\/ohrschmuck-folded-silver-slim\/#breadcrumb","itemListElement":[{"@type":"ListItem","position":1,"name":"Home","item":"https:\/\/lisakroeber.com\/de\/"},{"@type":"ListItem","position":2,"name":"Gesch\u00e4ft","item":"https:\/\/lisakroeber.com\/de\/geschaeft\/"},{"@type":"ListItem","position":3,"name":"Ohrschmuck Folded Silver. Slim"}]},{"@type":"WebSite","@id":"https:\/\/lisakroeber.com\/#website","url":"https:\/\/lisakroeber.com\/","name":"Lisa Kroeber Jewellery Art","description":"Lisa Kroeber Jewellery Art e-shop","publisher":{"@id":"https:\/\/lisakroeber.com\/#organization"},"potentialAction":[{"@type":"SearchAction","target":{"@type":"EntryPoint","urlTemplate":"https:\/\/lisakroeber.com\/?s={search_term_string}"},"query-input":{"@type":"PropertyValueSpecification","valueRequired":true,"valueName":"search_term_string"}}],"inLanguage":"de"},{"@type":"Organization","@id":"https:\/\/lisakroeber.com\/#organization","name":"Lisa Kroeber Jewellery","url":"https:\/\/lisakroeber.com\/","logo":{"@type":"ImageObject","inLanguage":"de","@id":"https:\/\/lisakroeber.com\/#\/schema\/logo\/image\/","url":"https:\/\/lisakroeber.com\/wp-content\/uploads\/2024\/07\/47178367_317322115661289_143956003702964224_n-e1543863670541.svg","contentUrl":"https:\/\/lisakroeber.com\/wp-content\/uploads\/2024\/07\/47178367_317322115661289_143956003702964224_n-e1543863670541.svg","width":1,"height":1,"caption":"Lisa Kroeber Jewellery"},"image":{"@id":"https:\/\/lisakroeber.com\/#\/schema\/logo\/image\/"}}]}},"_links":{"self":[{"href":"https:\/\/lisakroeber.com\/de\/wp-json\/wp\/v2\/product\/25256","targetHints":{"allow":["GET"]}}],"collection":[{"href":"https:\/\/lisakroeber.com\/de\/wp-json\/wp\/v2\/product"}],"about":[{"href":"https:\/\/lisakroeber.com\/de\/wp-json\/wp\/v2\/types\/product"}],"wp:featuredmedia":[{"embeddable":true,"href":"https:\/\/lisakroeber.com\/de\/wp-json\/wp\/v2\/media\/19321"}],"wp:attachment":[{"href":"https:\/\/lisakroeber.com\/de\/wp-json\/wp\/v2\/media?parent=25256"}],"wp:term":[{"taxonomy":"product_brand","embeddable":true,"href":"https:\/\/lisakroeber.com\/de\/wp-json\/wp\/v2\/product_brand?post=25256"},{"taxonomy":"product_cat","embeddable":true,"href":"https:\/\/lisakroeber.com\/de\/wp-json\/wp\/v2\/product_cat?post=25256"},{"taxonomy":"product_tag","embeddable":true,"href":"https:\/\/lisakroeber.com\/de\/wp-json\/wp\/v2\/product_tag?post=25256"}],"curies":[{"name":"wp","href":"https:\/\/api.w.org\/{rel}","templated":true}]}}