{"id":25304,"date":"2019-03-17T14:13:16","date_gmt":"2019-03-17T12:13:16","guid":{"rendered":"https:\/\/lisakroeber.com\/uus\/product\/brosche-folded\/"},"modified":"2025-10-07T16:34:23","modified_gmt":"2025-10-07T14:34:23","slug":"brosche-folded","status":"publish","type":"product","link":"https:\/\/lisakroeber.com\/de\/produkt\/brosche-folded\/","title":{"rendered":"Brosche Folded"},"content":{"rendered":"","protected":false},"excerpt":{"rendered":"<p><span data-sheets-value=\"{&quot;1&quot;:2,&quot;2&quot;:&quot;Geometrisch und geradlinig, bunt und frisch \u2013 FOLDED ist die erfolgreichste Serie von Lisa Kroeber Jewellery. Du kannst zwischen f\u00fcnf verschiedene Formen von FOLDED-Ohrringen sowie FOLDED-Armb\u00e4ndern, Halsketten und Broschen w\u00e4hlen. Und du hast die Wahl zwischen einer riesigen Farbpalette, die st\u00e4ndig erweitert wird \u2013 f\u00fcr jedes Outfit, f\u00fcr jeden Geschmack, f\u00fcr jede Jahreszeit ist etwas dabei. Stelle dir deinen warmen und dicken, grauen oder schwarzen Wintermantel mit einer supersch\u00f6nen bunten FOLDED Brosche vor \u2013 sie bringt Farbe in den Leben. Nat\u00fcrlich kann man es zu allen m\u00f6glichen Outfits tragen, sie ist in ihrer Schlichtheit anpassungsf\u00e4hig.&quot;}\" data-sheets-userformat=\"{&quot;2&quot;:577,&quot;3&quot;:{&quot;1&quot;:0},&quot;9&quot;:1,&quot;12&quot;:0}\">Geometrisch und geradlinig, bunt und frisch \u2013 FOLDED ist die erfolgreichste Serie von Lisa Kroeber Jewellery. Du kannst zwischen f\u00fcnf verschiedene Formen von FOLDED-Ohrringen sowie FOLDED-Armb\u00e4ndern, Halsketten und Broschen w\u00e4hlen. Und du hast die Wahl zwischen einer riesigen Farbpalette \u2013 f\u00fcr jedes Outfit, f\u00fcr jeden Geschmack.<\/span><\/p>\n<p><span data-sheets-value=\"{&quot;1&quot;:2,&quot;2&quot;:&quot;Geometrisch und geradlinig, bunt und frisch \u2013 FOLDED ist die erfolgreichste Serie von Lisa Kroeber Jewellery. Du kannst zwischen f\u00fcnf verschiedene Formen von FOLDED-Ohrringen sowie FOLDED-Armb\u00e4ndern, Halsketten und Broschen w\u00e4hlen. Und du hast die Wahl zwischen einer riesigen Farbpalette, die st\u00e4ndig erweitert wird \u2013 f\u00fcr jedes Outfit, f\u00fcr jeden Geschmack, f\u00fcr jede Jahreszeit ist etwas dabei. Stelle dir deinen warmen und dicken, grauen oder schwarzen Wintermantel mit einer supersch\u00f6nen bunten FOLDED Brosche vor \u2013 sie bringt Farbe in den Leben. Nat\u00fcrlich kann man es zu allen m\u00f6glichen Outfits tragen, sie ist in ihrer Schlichtheit anpassungsf\u00e4hig.&quot;}\" data-sheets-userformat=\"{&quot;2&quot;:577,&quot;3&quot;:{&quot;1&quot;:0},&quot;9&quot;:1,&quot;12&quot;:0}\">Stelle dir deinen warmen und dicken, grauen oder schwarzen Wintermantel mit einer supersch\u00f6nen bunten FOLDED Brosche vor \u2013 sie bringt Farbe in dein Leben. Nat\u00fcrlich kann man es zu allen m\u00f6glichen Outfits tragen, sie ist in ihrer Schlichtheit anpassungsf\u00e4hig.<\/span><\/p>\n","protected":false},"featured_media":19579,"template":"","meta":{"content-type":""},"product_brand":[],"product_cat":[339,445,341],"product_tag":[869],"class_list":{"0":"post-25304","1":"product","2":"type-product","3":"status-publish","4":"has-post-thumbnail","6":"product_cat-broschen","7":"product_cat-folded-de","8":"product_cat-kollektionen","9":"product_tag-rabatt","11":"first","12":"instock","13":"sale","14":"taxable","15":"shipping-taxable","16":"purchasable","17":"product-type-variable"},"yoast_head":"<!-- This site is optimized with the Yoast SEO plugin v27.4 - https:\/\/yoast.com\/product\/yoast-seo-wordpress\/ -->\n<title>Brosche Folded - Lisa Kroeber Jewellery Art<\/title>\n<meta name=\"robots\" content=\"index, follow, max-snippet:-1, max-image-preview:large, max-video-preview:-1\" \/>\n<link rel=\"canonical\" href=\"https:\/\/lisakroeber.com\/de\/produkt\/brosche-folded\/\" \/>\n<meta property=\"og:locale\" content=\"de_DE\" \/>\n<meta property=\"og:type\" content=\"article\" \/>\n<meta property=\"og:title\" content=\"Brosche Folded - Lisa Kroeber Jewellery Art\" \/>\n<meta property=\"og:description\" content=\"Geometrisch und geradlinig, bunt und frisch \u2013 FOLDED ist die erfolgreichste Serie von Lisa Kroeber Jewellery. Du kannst zwischen f\u00fcnf verschiedene Formen von FOLDED-Ohrringen sowie FOLDED-Armb\u00e4ndern, Halsketten und Broschen w\u00e4hlen. Und du hast die Wahl zwischen einer riesigen Farbpalette \u2013 f\u00fcr jedes Outfit, f\u00fcr jeden Geschmack.  Stelle dir deinen warmen und dicken, grauen oder schwarzen Wintermantel mit einer supersch\u00f6nen bunten FOLDED Brosche vor \u2013 sie bringt Farbe in dein Leben. Nat\u00fcrlich kann man es zu allen m\u00f6glichen Outfits tragen, sie ist in ihrer Schlichtheit anpassungsf\u00e4hig.\" \/>\n<meta property=\"og:url\" content=\"https:\/\/lisakroeber.com\/de\/produkt\/brosche-folded\/\" \/>\n<meta property=\"og:site_name\" content=\"Lisa Kroeber Jewellery Art\" \/>\n<meta property=\"article:modified_time\" content=\"2025-10-07T14:34:23+00:00\" \/>\n<meta property=\"og:image\" content=\"https:\/\/lisakroeber.com\/wp-content\/uploads\/2019\/10\/Brooch-ultramarine-Blue-scaled.jpg\" \/>\n\t<meta property=\"og:image:width\" content=\"2560\" \/>\n\t<meta property=\"og:image:height\" content=\"1920\" \/>\n\t<meta property=\"og:image:type\" content=\"image\/jpeg\" \/>\n<meta name=\"twitter:card\" content=\"summary_large_image\" \/>\n<meta name=\"twitter:label1\" content=\"Gesch\u00e4tzte Lesezeit\" \/>\n\t<meta name=\"twitter:data1\" content=\"1\u00a0Minute\" \/>\n<script type=\"application\/ld+json\" class=\"yoast-schema-graph\">{\"@context\":\"https:\\\/\\\/schema.org\",\"@graph\":[{\"@type\":\"WebPage\",\"@id\":\"https:\\\/\\\/lisakroeber.com\\\/de\\\/produkt\\\/brosche-folded\\\/\",\"url\":\"https:\\\/\\\/lisakroeber.com\\\/de\\\/produkt\\\/brosche-folded\\\/\",\"name\":\"Brosche Folded - Lisa Kroeber Jewellery Art\",\"isPartOf\":{\"@id\":\"https:\\\/\\\/lisakroeber.com\\\/#website\"},\"primaryImageOfPage\":{\"@id\":\"https:\\\/\\\/lisakroeber.com\\\/de\\\/produkt\\\/brosche-folded\\\/#primaryimage\"},\"image\":{\"@id\":\"https:\\\/\\\/lisakroeber.com\\\/de\\\/produkt\\\/brosche-folded\\\/#primaryimage\"},\"thumbnailUrl\":\"https:\\\/\\\/lisakroeber.com\\\/wp-content\\\/uploads\\\/2019\\\/10\\\/Brooch-ultramarine-Blue-scaled.jpg\",\"datePublished\":\"2019-03-17T12:13:16+00:00\",\"dateModified\":\"2025-10-07T14:34:23+00:00\",\"breadcrumb\":{\"@id\":\"https:\\\/\\\/lisakroeber.com\\\/de\\\/produkt\\\/brosche-folded\\\/#breadcrumb\"},\"inLanguage\":\"de\",\"potentialAction\":[{\"@type\":\"ReadAction\",\"target\":[\"https:\\\/\\\/lisakroeber.com\\\/de\\\/produkt\\\/brosche-folded\\\/\"]}]},{\"@type\":\"ImageObject\",\"inLanguage\":\"de\",\"@id\":\"https:\\\/\\\/lisakroeber.com\\\/de\\\/produkt\\\/brosche-folded\\\/#primaryimage\",\"url\":\"https:\\\/\\\/lisakroeber.com\\\/wp-content\\\/uploads\\\/2019\\\/10\\\/Brooch-ultramarine-Blue-scaled.jpg\",\"contentUrl\":\"https:\\\/\\\/lisakroeber.com\\\/wp-content\\\/uploads\\\/2019\\\/10\\\/Brooch-ultramarine-Blue-scaled.jpg\",\"width\":2560,\"height\":1920,\"caption\":\"bty\"},{\"@type\":\"BreadcrumbList\",\"@id\":\"https:\\\/\\\/lisakroeber.com\\\/de\\\/produkt\\\/brosche-folded\\\/#breadcrumb\",\"itemListElement\":[{\"@type\":\"ListItem\",\"position\":1,\"name\":\"Home\",\"item\":\"https:\\\/\\\/lisakroeber.com\\\/de\\\/\"},{\"@type\":\"ListItem\",\"position\":2,\"name\":\"Gesch\u00e4ft\",\"item\":\"https:\\\/\\\/lisakroeber.com\\\/de\\\/geschaeft\\\/\"},{\"@type\":\"ListItem\",\"position\":3,\"name\":\"Brosche Folded\"}]},{\"@type\":\"WebSite\",\"@id\":\"https:\\\/\\\/lisakroeber.com\\\/#website\",\"url\":\"https:\\\/\\\/lisakroeber.com\\\/\",\"name\":\"Lisa Kroeber Jewellery Art\",\"description\":\"Lisa Kroeber Jewellery Art e-shop\",\"publisher\":{\"@id\":\"https:\\\/\\\/lisakroeber.com\\\/#organization\"},\"potentialAction\":[{\"@type\":\"SearchAction\",\"target\":{\"@type\":\"EntryPoint\",\"urlTemplate\":\"https:\\\/\\\/lisakroeber.com\\\/?s={search_term_string}\"},\"query-input\":{\"@type\":\"PropertyValueSpecification\",\"valueRequired\":true,\"valueName\":\"search_term_string\"}}],\"inLanguage\":\"de\"},{\"@type\":\"Organization\",\"@id\":\"https:\\\/\\\/lisakroeber.com\\\/#organization\",\"name\":\"Lisa Kroeber Jewellery\",\"url\":\"https:\\\/\\\/lisakroeber.com\\\/\",\"logo\":{\"@type\":\"ImageObject\",\"inLanguage\":\"de\",\"@id\":\"https:\\\/\\\/lisakroeber.com\\\/#\\\/schema\\\/logo\\\/image\\\/\",\"url\":\"https:\\\/\\\/lisakroeber.com\\\/wp-content\\\/uploads\\\/2024\\\/07\\\/47178367_317322115661289_143956003702964224_n-e1543863670541.svg\",\"contentUrl\":\"https:\\\/\\\/lisakroeber.com\\\/wp-content\\\/uploads\\\/2024\\\/07\\\/47178367_317322115661289_143956003702964224_n-e1543863670541.svg\",\"width\":1,\"height\":1,\"caption\":\"Lisa Kroeber Jewellery\"},\"image\":{\"@id\":\"https:\\\/\\\/lisakroeber.com\\\/#\\\/schema\\\/logo\\\/image\\\/\"}}]}<\/script>\n<!-- \/ Yoast SEO plugin. -->","yoast_head_json":{"title":"Brosche Folded - Lisa Kroeber Jewellery Art","robots":{"index":"index","follow":"follow","max-snippet":"max-snippet:-1","max-image-preview":"max-image-preview:large","max-video-preview":"max-video-preview:-1"},"canonical":"https:\/\/lisakroeber.com\/de\/produkt\/brosche-folded\/","og_locale":"de_DE","og_type":"article","og_title":"Brosche Folded - Lisa Kroeber Jewellery Art","og_description":"Geometrisch und geradlinig, bunt und frisch \u2013 FOLDED ist die erfolgreichste Serie von Lisa Kroeber Jewellery. Du kannst zwischen f\u00fcnf verschiedene Formen von FOLDED-Ohrringen sowie FOLDED-Armb\u00e4ndern, Halsketten und Broschen w\u00e4hlen. Und du hast die Wahl zwischen einer riesigen Farbpalette \u2013 f\u00fcr jedes Outfit, f\u00fcr jeden Geschmack.  Stelle dir deinen warmen und dicken, grauen oder schwarzen Wintermantel mit einer supersch\u00f6nen bunten FOLDED Brosche vor \u2013 sie bringt Farbe in dein Leben. Nat\u00fcrlich kann man es zu allen m\u00f6glichen Outfits tragen, sie ist in ihrer Schlichtheit anpassungsf\u00e4hig.","og_url":"https:\/\/lisakroeber.com\/de\/produkt\/brosche-folded\/","og_site_name":"Lisa Kroeber Jewellery Art","article_modified_time":"2025-10-07T14:34:23+00:00","og_image":[{"width":2560,"height":1920,"url":"https:\/\/lisakroeber.com\/wp-content\/uploads\/2019\/10\/Brooch-ultramarine-Blue-scaled.jpg","type":"image\/jpeg"}],"twitter_card":"summary_large_image","twitter_misc":{"Gesch\u00e4tzte Lesezeit":"1\u00a0Minute"},"schema":{"@context":"https:\/\/schema.org","@graph":[{"@type":"WebPage","@id":"https:\/\/lisakroeber.com\/de\/produkt\/brosche-folded\/","url":"https:\/\/lisakroeber.com\/de\/produkt\/brosche-folded\/","name":"Brosche Folded - Lisa Kroeber Jewellery Art","isPartOf":{"@id":"https:\/\/lisakroeber.com\/#website"},"primaryImageOfPage":{"@id":"https:\/\/lisakroeber.com\/de\/produkt\/brosche-folded\/#primaryimage"},"image":{"@id":"https:\/\/lisakroeber.com\/de\/produkt\/brosche-folded\/#primaryimage"},"thumbnailUrl":"https:\/\/lisakroeber.com\/wp-content\/uploads\/2019\/10\/Brooch-ultramarine-Blue-scaled.jpg","datePublished":"2019-03-17T12:13:16+00:00","dateModified":"2025-10-07T14:34:23+00:00","breadcrumb":{"@id":"https:\/\/lisakroeber.com\/de\/produkt\/brosche-folded\/#breadcrumb"},"inLanguage":"de","potentialAction":[{"@type":"ReadAction","target":["https:\/\/lisakroeber.com\/de\/produkt\/brosche-folded\/"]}]},{"@type":"ImageObject","inLanguage":"de","@id":"https:\/\/lisakroeber.com\/de\/produkt\/brosche-folded\/#primaryimage","url":"https:\/\/lisakroeber.com\/wp-content\/uploads\/2019\/10\/Brooch-ultramarine-Blue-scaled.jpg","contentUrl":"https:\/\/lisakroeber.com\/wp-content\/uploads\/2019\/10\/Brooch-ultramarine-Blue-scaled.jpg","width":2560,"height":1920,"caption":"bty"},{"@type":"BreadcrumbList","@id":"https:\/\/lisakroeber.com\/de\/produkt\/brosche-folded\/#breadcrumb","itemListElement":[{"@type":"ListItem","position":1,"name":"Home","item":"https:\/\/lisakroeber.com\/de\/"},{"@type":"ListItem","position":2,"name":"Gesch\u00e4ft","item":"https:\/\/lisakroeber.com\/de\/geschaeft\/"},{"@type":"ListItem","position":3,"name":"Brosche Folded"}]},{"@type":"WebSite","@id":"https:\/\/lisakroeber.com\/#website","url":"https:\/\/lisakroeber.com\/","name":"Lisa Kroeber Jewellery Art","description":"Lisa Kroeber Jewellery Art e-shop","publisher":{"@id":"https:\/\/lisakroeber.com\/#organization"},"potentialAction":[{"@type":"SearchAction","target":{"@type":"EntryPoint","urlTemplate":"https:\/\/lisakroeber.com\/?s={search_term_string}"},"query-input":{"@type":"PropertyValueSpecification","valueRequired":true,"valueName":"search_term_string"}}],"inLanguage":"de"},{"@type":"Organization","@id":"https:\/\/lisakroeber.com\/#organization","name":"Lisa Kroeber Jewellery","url":"https:\/\/lisakroeber.com\/","logo":{"@type":"ImageObject","inLanguage":"de","@id":"https:\/\/lisakroeber.com\/#\/schema\/logo\/image\/","url":"https:\/\/lisakroeber.com\/wp-content\/uploads\/2024\/07\/47178367_317322115661289_143956003702964224_n-e1543863670541.svg","contentUrl":"https:\/\/lisakroeber.com\/wp-content\/uploads\/2024\/07\/47178367_317322115661289_143956003702964224_n-e1543863670541.svg","width":1,"height":1,"caption":"Lisa Kroeber Jewellery"},"image":{"@id":"https:\/\/lisakroeber.com\/#\/schema\/logo\/image\/"}}]}},"_links":{"self":[{"href":"https:\/\/lisakroeber.com\/de\/wp-json\/wp\/v2\/product\/25304","targetHints":{"allow":["GET"]}}],"collection":[{"href":"https:\/\/lisakroeber.com\/de\/wp-json\/wp\/v2\/product"}],"about":[{"href":"https:\/\/lisakroeber.com\/de\/wp-json\/wp\/v2\/types\/product"}],"wp:featuredmedia":[{"embeddable":true,"href":"https:\/\/lisakroeber.com\/de\/wp-json\/wp\/v2\/media\/19579"}],"wp:attachment":[{"href":"https:\/\/lisakroeber.com\/de\/wp-json\/wp\/v2\/media?parent=25304"}],"wp:term":[{"taxonomy":"product_brand","embeddable":true,"href":"https:\/\/lisakroeber.com\/de\/wp-json\/wp\/v2\/product_brand?post=25304"},{"taxonomy":"product_cat","embeddable":true,"href":"https:\/\/lisakroeber.com\/de\/wp-json\/wp\/v2\/product_cat?post=25304"},{"taxonomy":"product_tag","embeddable":true,"href":"https:\/\/lisakroeber.com\/de\/wp-json\/wp\/v2\/product_tag?post=25304"}],"curies":[{"name":"wp","href":"https:\/\/api.w.org\/{rel}","templated":true}]}}