{"id":25875,"date":"2023-10-26T12:34:46","date_gmt":"2023-10-26T10:34:46","guid":{"rendered":"https:\/\/lisakroeber.com\/uus\/?post_type=product&#038;p=25875"},"modified":"2026-03-19T14:45:59","modified_gmt":"2026-03-19T12:45:59","slug":"ohrschmuck-folded-tiny-silver","status":"publish","type":"product","link":"https:\/\/lisakroeber.com\/de\/produkt\/ohrschmuck-folded-tiny-silver\/","title":{"rendered":"Ohrschmuck Folded Tiny Silver"},"content":{"rendered":"<p>Die FOLDED TINYs in hochglanzpoliertem Silber sind die exklusivere Variante unserer farbenfrohen FOLDED TINY Serie. Sie verbinden perfekt Alltagstauglichkeit, Minimalismus und Niedlichkeit mit Exklusivit\u00e4t, Chic und Qualit\u00e4t. Alles in einem kleinen Schmuckst\u00fcck.<\/p>\n","protected":false},"excerpt":{"rendered":"<p><b>Folded Tiny Silver Ohrringe<\/b><b><br \/>\n<\/b><span style=\"font-weight: 400;\"> Minimalistisch. Elegant.  Exklusiv.<\/span><\/p>\n<p>Die <span style=\"font-weight: 400;\"><i><span style=\"font-weight: 400;\">Folded Tiny Silver<\/span><\/i><\/span><span style=\"font-weight: 400;\"> Die Folded Tiny Silver Ohrringe sind die exklusivste Variante unserer farbenfrohen Folded Tiny Serie. Gefertigt aus hochglanzpoliertem Sterlingsilber, verbinden sie Alltagstauglichkeit, minimalistisches Design und eine charmante Form mit Exklusivit\u00e4t, Eleganz und hoher Qualit\u00e4t. <\/span><\/p>\n<p><span style=\"font-weight: 400;\">Ein kleines Schmuckst\u00fcck, das alles vereint \u2014 dezent, edel und zeitlos.<\/span><\/p>\n<p><span style=\"font-weight: 400;\">Klicke hier, um auch <a href=\"https:\/\/lisakroeber.com\/de\/produkt\/earrings-folded-tiny\/\">die anderen Farben unserer Folded Tinys<\/a> zu entdecken. <\/span><\/p>\n<p><span style=\"font-weight: 400;\">Kollektion: Folded<\/span><\/p>\n<p><span style=\"font-weight: 400;\">Material: 925 Silber<\/span><\/p>\n<p><span style=\"font-weight: 400;\">Gr\u00f6\u00dfe: 0,7&#215;1,4cm. Gewicht: 1,3g <\/span><\/p>\n<p><span style=\"font-weight: 400;\">F\u00fcr gestochene Ohren<\/span><\/p>\n<p><span style=\"font-weight: 400;\">Alle Produkte werden innerhalb von 1-5 Tagen versendet. Alle Artikel werden in einer Geschenkbox verschickt.<\/span><\/p>\n","protected":false},"featured_media":25871,"template":"","meta":{"content-type":""},"product_brand":[],"product_cat":[445,341,344],"product_tag":[],"class_list":{"0":"post-25875","1":"product","2":"type-product","3":"status-publish","4":"has-post-thumbnail","6":"product_cat-folded-de","7":"product_cat-kollektionen","8":"product_cat-ohrschmuck","10":"first","11":"instock","12":"taxable","13":"shipping-taxable","14":"purchasable","15":"product-type-simple"},"yoast_head":"<!-- This site is optimized with the Yoast SEO plugin v27.4 - https:\/\/yoast.com\/product\/yoast-seo-wordpress\/ -->\n<title>Ohrschmuck Folded Tiny Silver - Lisa Kroeber Jewellery Art<\/title>\n<meta name=\"robots\" content=\"index, follow, max-snippet:-1, max-image-preview:large, max-video-preview:-1\" \/>\n<link rel=\"canonical\" href=\"https:\/\/lisakroeber.com\/de\/produkt\/ohrschmuck-folded-tiny-silver\/\" \/>\n<meta property=\"og:locale\" content=\"de_DE\" \/>\n<meta property=\"og:type\" content=\"article\" \/>\n<meta property=\"og:title\" content=\"Ohrschmuck Folded Tiny Silver - Lisa Kroeber Jewellery Art\" \/>\n<meta property=\"og:description\" content=\"Folded Tiny Silver Ohrringe Minimalistisch. Elegant. Exklusiv. Die Folded Tiny Silver Die Folded Tiny Silver Ohrringe sind die exklusivste Variante unserer farbenfrohen Folded Tiny Serie. Gefertigt aus hochglanzpoliertem Sterlingsilber, verbinden sie Alltagstauglichkeit, minimalistisches Design und eine charmante Form mit Exklusivit\u00e4t, Eleganz und hoher Qualit\u00e4t.  Ein kleines Schmuckst\u00fcck, das alles vereint \u2014 dezent, edel und zeitlos. Klicke hier, um auch die anderen Farben unserer Folded Tinys zu entdecken.  Kollektion: Folded Material: 925 Silber Gr\u00f6\u00dfe: 0,7x1,4cm. Gewicht: 1,3g  F\u00fcr gestochene Ohren Alle Produkte werden innerhalb von 1-5 Tagen versendet. Alle Artikel werden in einer Geschenkbox verschickt.\" \/>\n<meta property=\"og:url\" content=\"https:\/\/lisakroeber.com\/de\/produkt\/ohrschmuck-folded-tiny-silver\/\" \/>\n<meta property=\"og:site_name\" content=\"Lisa Kroeber Jewellery Art\" \/>\n<meta property=\"article:modified_time\" content=\"2026-03-19T12:45:59+00:00\" \/>\n<meta property=\"og:image\" content=\"https:\/\/lisakroeber.com\/wp-content\/uploads\/2023\/10\/FT-HOBE-scaled.jpg\" \/>\n\t<meta property=\"og:image:width\" content=\"2560\" \/>\n\t<meta property=\"og:image:height\" content=\"2560\" \/>\n\t<meta property=\"og:image:type\" content=\"image\/jpeg\" \/>\n<meta name=\"twitter:card\" content=\"summary_large_image\" \/>\n<meta name=\"twitter:label1\" content=\"Gesch\u00e4tzte Lesezeit\" \/>\n\t<meta name=\"twitter:data1\" content=\"1\u00a0Minute\" \/>\n<script type=\"application\/ld+json\" class=\"yoast-schema-graph\">{\"@context\":\"https:\\\/\\\/schema.org\",\"@graph\":[{\"@type\":\"WebPage\",\"@id\":\"https:\\\/\\\/lisakroeber.com\\\/de\\\/produkt\\\/ohrschmuck-folded-tiny-silver\\\/\",\"url\":\"https:\\\/\\\/lisakroeber.com\\\/de\\\/produkt\\\/ohrschmuck-folded-tiny-silver\\\/\",\"name\":\"Ohrschmuck Folded Tiny Silver - Lisa Kroeber Jewellery Art\",\"isPartOf\":{\"@id\":\"https:\\\/\\\/lisakroeber.com\\\/#website\"},\"primaryImageOfPage\":{\"@id\":\"https:\\\/\\\/lisakroeber.com\\\/de\\\/produkt\\\/ohrschmuck-folded-tiny-silver\\\/#primaryimage\"},\"image\":{\"@id\":\"https:\\\/\\\/lisakroeber.com\\\/de\\\/produkt\\\/ohrschmuck-folded-tiny-silver\\\/#primaryimage\"},\"thumbnailUrl\":\"https:\\\/\\\/lisakroeber.com\\\/wp-content\\\/uploads\\\/2023\\\/10\\\/FT-HOBE-scaled.jpg\",\"datePublished\":\"2023-10-26T10:34:46+00:00\",\"dateModified\":\"2026-03-19T12:45:59+00:00\",\"breadcrumb\":{\"@id\":\"https:\\\/\\\/lisakroeber.com\\\/de\\\/produkt\\\/ohrschmuck-folded-tiny-silver\\\/#breadcrumb\"},\"inLanguage\":\"de\",\"potentialAction\":[{\"@type\":\"ReadAction\",\"target\":[\"https:\\\/\\\/lisakroeber.com\\\/de\\\/produkt\\\/ohrschmuck-folded-tiny-silver\\\/\"]}]},{\"@type\":\"ImageObject\",\"inLanguage\":\"de\",\"@id\":\"https:\\\/\\\/lisakroeber.com\\\/de\\\/produkt\\\/ohrschmuck-folded-tiny-silver\\\/#primaryimage\",\"url\":\"https:\\\/\\\/lisakroeber.com\\\/wp-content\\\/uploads\\\/2023\\\/10\\\/FT-HOBE-scaled.jpg\",\"contentUrl\":\"https:\\\/\\\/lisakroeber.com\\\/wp-content\\\/uploads\\\/2023\\\/10\\\/FT-HOBE-scaled.jpg\",\"width\":2560,\"height\":2560},{\"@type\":\"BreadcrumbList\",\"@id\":\"https:\\\/\\\/lisakroeber.com\\\/de\\\/produkt\\\/ohrschmuck-folded-tiny-silver\\\/#breadcrumb\",\"itemListElement\":[{\"@type\":\"ListItem\",\"position\":1,\"name\":\"Home\",\"item\":\"https:\\\/\\\/lisakroeber.com\\\/de\\\/\"},{\"@type\":\"ListItem\",\"position\":2,\"name\":\"Gesch\u00e4ft\",\"item\":\"https:\\\/\\\/lisakroeber.com\\\/de\\\/geschaeft\\\/\"},{\"@type\":\"ListItem\",\"position\":3,\"name\":\"Ohrschmuck Folded Tiny Silver\"}]},{\"@type\":\"WebSite\",\"@id\":\"https:\\\/\\\/lisakroeber.com\\\/#website\",\"url\":\"https:\\\/\\\/lisakroeber.com\\\/\",\"name\":\"Lisa Kroeber Jewellery Art\",\"description\":\"Lisa Kroeber Jewellery Art e-shop\",\"publisher\":{\"@id\":\"https:\\\/\\\/lisakroeber.com\\\/#organization\"},\"potentialAction\":[{\"@type\":\"SearchAction\",\"target\":{\"@type\":\"EntryPoint\",\"urlTemplate\":\"https:\\\/\\\/lisakroeber.com\\\/?s={search_term_string}\"},\"query-input\":{\"@type\":\"PropertyValueSpecification\",\"valueRequired\":true,\"valueName\":\"search_term_string\"}}],\"inLanguage\":\"de\"},{\"@type\":\"Organization\",\"@id\":\"https:\\\/\\\/lisakroeber.com\\\/#organization\",\"name\":\"Lisa Kroeber Jewellery\",\"url\":\"https:\\\/\\\/lisakroeber.com\\\/\",\"logo\":{\"@type\":\"ImageObject\",\"inLanguage\":\"de\",\"@id\":\"https:\\\/\\\/lisakroeber.com\\\/#\\\/schema\\\/logo\\\/image\\\/\",\"url\":\"https:\\\/\\\/lisakroeber.com\\\/wp-content\\\/uploads\\\/2024\\\/07\\\/47178367_317322115661289_143956003702964224_n-e1543863670541.svg\",\"contentUrl\":\"https:\\\/\\\/lisakroeber.com\\\/wp-content\\\/uploads\\\/2024\\\/07\\\/47178367_317322115661289_143956003702964224_n-e1543863670541.svg\",\"width\":1,\"height\":1,\"caption\":\"Lisa Kroeber Jewellery\"},\"image\":{\"@id\":\"https:\\\/\\\/lisakroeber.com\\\/#\\\/schema\\\/logo\\\/image\\\/\"}}]}<\/script>\n<!-- \/ Yoast SEO plugin. -->","yoast_head_json":{"title":"Ohrschmuck Folded Tiny Silver - Lisa Kroeber Jewellery Art","robots":{"index":"index","follow":"follow","max-snippet":"max-snippet:-1","max-image-preview":"max-image-preview:large","max-video-preview":"max-video-preview:-1"},"canonical":"https:\/\/lisakroeber.com\/de\/produkt\/ohrschmuck-folded-tiny-silver\/","og_locale":"de_DE","og_type":"article","og_title":"Ohrschmuck Folded Tiny Silver - Lisa Kroeber Jewellery Art","og_description":"Folded Tiny Silver Ohrringe Minimalistisch. Elegant. Exklusiv. Die Folded Tiny Silver Die Folded Tiny Silver Ohrringe sind die exklusivste Variante unserer farbenfrohen Folded Tiny Serie. Gefertigt aus hochglanzpoliertem Sterlingsilber, verbinden sie Alltagstauglichkeit, minimalistisches Design und eine charmante Form mit Exklusivit\u00e4t, Eleganz und hoher Qualit\u00e4t.  Ein kleines Schmuckst\u00fcck, das alles vereint \u2014 dezent, edel und zeitlos. Klicke hier, um auch die anderen Farben unserer Folded Tinys zu entdecken.  Kollektion: Folded Material: 925 Silber Gr\u00f6\u00dfe: 0,7x1,4cm. Gewicht: 1,3g  F\u00fcr gestochene Ohren Alle Produkte werden innerhalb von 1-5 Tagen versendet. Alle Artikel werden in einer Geschenkbox verschickt.","og_url":"https:\/\/lisakroeber.com\/de\/produkt\/ohrschmuck-folded-tiny-silver\/","og_site_name":"Lisa Kroeber Jewellery Art","article_modified_time":"2026-03-19T12:45:59+00:00","og_image":[{"width":2560,"height":2560,"url":"https:\/\/lisakroeber.com\/wp-content\/uploads\/2023\/10\/FT-HOBE-scaled.jpg","type":"image\/jpeg"}],"twitter_card":"summary_large_image","twitter_misc":{"Gesch\u00e4tzte Lesezeit":"1\u00a0Minute"},"schema":{"@context":"https:\/\/schema.org","@graph":[{"@type":"WebPage","@id":"https:\/\/lisakroeber.com\/de\/produkt\/ohrschmuck-folded-tiny-silver\/","url":"https:\/\/lisakroeber.com\/de\/produkt\/ohrschmuck-folded-tiny-silver\/","name":"Ohrschmuck Folded Tiny Silver - Lisa Kroeber Jewellery Art","isPartOf":{"@id":"https:\/\/lisakroeber.com\/#website"},"primaryImageOfPage":{"@id":"https:\/\/lisakroeber.com\/de\/produkt\/ohrschmuck-folded-tiny-silver\/#primaryimage"},"image":{"@id":"https:\/\/lisakroeber.com\/de\/produkt\/ohrschmuck-folded-tiny-silver\/#primaryimage"},"thumbnailUrl":"https:\/\/lisakroeber.com\/wp-content\/uploads\/2023\/10\/FT-HOBE-scaled.jpg","datePublished":"2023-10-26T10:34:46+00:00","dateModified":"2026-03-19T12:45:59+00:00","breadcrumb":{"@id":"https:\/\/lisakroeber.com\/de\/produkt\/ohrschmuck-folded-tiny-silver\/#breadcrumb"},"inLanguage":"de","potentialAction":[{"@type":"ReadAction","target":["https:\/\/lisakroeber.com\/de\/produkt\/ohrschmuck-folded-tiny-silver\/"]}]},{"@type":"ImageObject","inLanguage":"de","@id":"https:\/\/lisakroeber.com\/de\/produkt\/ohrschmuck-folded-tiny-silver\/#primaryimage","url":"https:\/\/lisakroeber.com\/wp-content\/uploads\/2023\/10\/FT-HOBE-scaled.jpg","contentUrl":"https:\/\/lisakroeber.com\/wp-content\/uploads\/2023\/10\/FT-HOBE-scaled.jpg","width":2560,"height":2560},{"@type":"BreadcrumbList","@id":"https:\/\/lisakroeber.com\/de\/produkt\/ohrschmuck-folded-tiny-silver\/#breadcrumb","itemListElement":[{"@type":"ListItem","position":1,"name":"Home","item":"https:\/\/lisakroeber.com\/de\/"},{"@type":"ListItem","position":2,"name":"Gesch\u00e4ft","item":"https:\/\/lisakroeber.com\/de\/geschaeft\/"},{"@type":"ListItem","position":3,"name":"Ohrschmuck Folded Tiny Silver"}]},{"@type":"WebSite","@id":"https:\/\/lisakroeber.com\/#website","url":"https:\/\/lisakroeber.com\/","name":"Lisa Kroeber Jewellery Art","description":"Lisa Kroeber Jewellery Art e-shop","publisher":{"@id":"https:\/\/lisakroeber.com\/#organization"},"potentialAction":[{"@type":"SearchAction","target":{"@type":"EntryPoint","urlTemplate":"https:\/\/lisakroeber.com\/?s={search_term_string}"},"query-input":{"@type":"PropertyValueSpecification","valueRequired":true,"valueName":"search_term_string"}}],"inLanguage":"de"},{"@type":"Organization","@id":"https:\/\/lisakroeber.com\/#organization","name":"Lisa Kroeber Jewellery","url":"https:\/\/lisakroeber.com\/","logo":{"@type":"ImageObject","inLanguage":"de","@id":"https:\/\/lisakroeber.com\/#\/schema\/logo\/image\/","url":"https:\/\/lisakroeber.com\/wp-content\/uploads\/2024\/07\/47178367_317322115661289_143956003702964224_n-e1543863670541.svg","contentUrl":"https:\/\/lisakroeber.com\/wp-content\/uploads\/2024\/07\/47178367_317322115661289_143956003702964224_n-e1543863670541.svg","width":1,"height":1,"caption":"Lisa Kroeber Jewellery"},"image":{"@id":"https:\/\/lisakroeber.com\/#\/schema\/logo\/image\/"}}]}},"_links":{"self":[{"href":"https:\/\/lisakroeber.com\/de\/wp-json\/wp\/v2\/product\/25875","targetHints":{"allow":["GET"]}}],"collection":[{"href":"https:\/\/lisakroeber.com\/de\/wp-json\/wp\/v2\/product"}],"about":[{"href":"https:\/\/lisakroeber.com\/de\/wp-json\/wp\/v2\/types\/product"}],"wp:featuredmedia":[{"embeddable":true,"href":"https:\/\/lisakroeber.com\/de\/wp-json\/wp\/v2\/media\/25871"}],"wp:attachment":[{"href":"https:\/\/lisakroeber.com\/de\/wp-json\/wp\/v2\/media?parent=25875"}],"wp:term":[{"taxonomy":"product_brand","embeddable":true,"href":"https:\/\/lisakroeber.com\/de\/wp-json\/wp\/v2\/product_brand?post=25875"},{"taxonomy":"product_cat","embeddable":true,"href":"https:\/\/lisakroeber.com\/de\/wp-json\/wp\/v2\/product_cat?post=25875"},{"taxonomy":"product_tag","embeddable":true,"href":"https:\/\/lisakroeber.com\/de\/wp-json\/wp\/v2\/product_tag?post=25875"}],"curies":[{"name":"wp","href":"https:\/\/api.w.org\/{rel}","templated":true}]}}