{"id":26221,"date":"2023-11-04T21:48:56","date_gmt":"2023-11-04T19:48:56","guid":{"rendered":"https:\/\/lisakroeber.com\/uus\/?post_type=product&#038;p=26221"},"modified":"2026-03-17T16:39:32","modified_gmt":"2026-03-17T14:39:32","slug":"ohrschmuck-flower-petals-copy","status":"publish","type":"product","link":"https:\/\/lisakroeber.com\/de\/produkt\/ohrschmuck-flower-petals-copy\/","title":{"rendered":"Ohrringe GLITZER Double Petals"},"content":{"rendered":"","protected":false},"excerpt":{"rendered":"<p data-start=\"209\" data-end=\"273\"><strong data-start=\"209\" data-end=\"245\">Sparkling Double Petal Ohrringe<\/strong><br data-start=\"245\" data-end=\"248\">Strahlend. Auff\u00e4llig. Limitiert.<\/p>\n<p data-start=\"275\" data-end=\"645\">Die <strong><em data-start=\"279\" data-end=\"304\">GLITZER Double Petal Ohrringe <\/em><\/strong>sind eine limitierte Edition unseres <em data-start=\"522\" data-end=\"537\">Double Petal<\/em> Designs. Durch die Kombination unserer funkelnden Farben mit anderen T\u00f6nen bringen sie zus\u00e4tzlichen Glanz und Licht in diese markante Form. Als gr\u00f6\u00dfere Schwester unserer <em data-start=\"347\" data-end=\"362\">Flower Petals<\/em> eignen sie sich perfekt f\u00fcr mehrfarbige Looks, sind aber ebenso in einer klaren, einfarbigen Version erh\u00e4ltlich.  <\/p>\n<p data-start=\"647\" data-end=\"893\">Einige Farbkombinationen zeigen wir hier, doch deiner Kreativit\u00e4t sind keine Grenzen gesetzt. Teile uns im Kommentarfeld beim Checkout mit, welche Farbe du oben und welche unten m\u00f6chtest und wir fertigen deine Wunschversion ganz individuell f\u00fcr dich an. <\/p>\n<p><a href=\"https:\/\/lisakroeber.com\/de\/produkt\/ohrschmuck-sparkling-double-petals-copy\/\"><span style=\"font-weight: 400;\">Folge dem Link, um <em><a href=\"https:\/\/lisakroeber.com\/de\/produkt\/ohrschmuck-sparkling-double-petals-copy\/\">die anderen Farben der Double Petal Ohrringe<\/a><\/em> zu entdecken.<\/span><\/a><\/p>\n<p>&nbsp;<\/p>\n","protected":false},"featured_media":26854,"template":"","meta":{"content-type":""},"product_brand":[],"product_cat":[526,341,344,1075],"product_tag":[],"class_list":{"0":"post-26221","1":"product","2":"type-product","3":"status-publish","4":"has-post-thumbnail","6":"product_cat-flowerpetals-de","7":"product_cat-kollektionen","8":"product_cat-ohrschmuck","9":"product_cat-sparkling","11":"first","12":"instock","13":"taxable","14":"shipping-taxable","15":"purchasable","16":"product-type-variable"},"yoast_head":"<!-- This site is optimized with the Yoast SEO plugin v27.4 - https:\/\/yoast.com\/product\/yoast-seo-wordpress\/ -->\n<title>Ohrringe GLITZER Double Petals - Lisa Kroeber Jewellery Art<\/title>\n<meta name=\"robots\" content=\"index, follow, max-snippet:-1, max-image-preview:large, max-video-preview:-1\" \/>\n<link rel=\"canonical\" href=\"https:\/\/lisakroeber.com\/de\/produkt\/ohrschmuck-flower-petals-copy\/\" \/>\n<meta property=\"og:locale\" content=\"de_DE\" \/>\n<meta property=\"og:type\" content=\"article\" \/>\n<meta property=\"og:title\" content=\"Ohrringe GLITZER Double Petals - Lisa Kroeber Jewellery Art\" \/>\n<meta property=\"og:description\" content=\"Sparkling Double Petal OhrringeStrahlend. Auff\u00e4llig. Limitiert. Die GLITZER Double Petal Ohrringe sind eine limitierte Edition unseres Double Petal Designs. Durch die Kombination unserer funkelnden Farben mit anderen T\u00f6nen bringen sie zus\u00e4tzlichen Glanz und Licht in diese markante Form. Als gr\u00f6\u00dfere Schwester unserer Flower Petals eignen sie sich perfekt f\u00fcr mehrfarbige Looks, sind aber ebenso in einer klaren, einfarbigen Version erh\u00e4ltlich.  Einige Farbkombinationen zeigen wir hier, doch deiner Kreativit\u00e4t sind keine Grenzen gesetzt. Teile uns im Kommentarfeld beim Checkout mit, welche Farbe du oben und welche unten m\u00f6chtest und wir fertigen deine Wunschversion ganz individuell f\u00fcr dich an. Folge dem Link, um die anderen Farben der Double Petal Ohrringe zu entdecken. &nbsp;\" \/>\n<meta property=\"og:url\" content=\"https:\/\/lisakroeber.com\/de\/produkt\/ohrschmuck-flower-petals-copy\/\" \/>\n<meta property=\"og:site_name\" content=\"Lisa Kroeber Jewellery Art\" \/>\n<meta property=\"article:modified_time\" content=\"2026-03-17T14:39:32+00:00\" \/>\n<meta property=\"og:image\" content=\"https:\/\/lisakroeber.com\/wp-content\/uploads\/2023\/11\/DP-Sp.Ocean-Chrome-Pink-scaled.jpg\" \/>\n\t<meta property=\"og:image:width\" content=\"2560\" \/>\n\t<meta property=\"og:image:height\" content=\"1707\" \/>\n\t<meta property=\"og:image:type\" content=\"image\/jpeg\" \/>\n<meta name=\"twitter:card\" content=\"summary_large_image\" \/>\n<meta name=\"twitter:label1\" content=\"Gesch\u00e4tzte Lesezeit\" \/>\n\t<meta name=\"twitter:data1\" content=\"1\u00a0Minute\" \/>\n<script type=\"application\/ld+json\" class=\"yoast-schema-graph\">{\"@context\":\"https:\\\/\\\/schema.org\",\"@graph\":[{\"@type\":\"WebPage\",\"@id\":\"https:\\\/\\\/lisakroeber.com\\\/de\\\/produkt\\\/ohrschmuck-flower-petals-copy\\\/\",\"url\":\"https:\\\/\\\/lisakroeber.com\\\/de\\\/produkt\\\/ohrschmuck-flower-petals-copy\\\/\",\"name\":\"Ohrringe GLITZER Double Petals - Lisa Kroeber Jewellery Art\",\"isPartOf\":{\"@id\":\"https:\\\/\\\/lisakroeber.com\\\/#website\"},\"primaryImageOfPage\":{\"@id\":\"https:\\\/\\\/lisakroeber.com\\\/de\\\/produkt\\\/ohrschmuck-flower-petals-copy\\\/#primaryimage\"},\"image\":{\"@id\":\"https:\\\/\\\/lisakroeber.com\\\/de\\\/produkt\\\/ohrschmuck-flower-petals-copy\\\/#primaryimage\"},\"thumbnailUrl\":\"https:\\\/\\\/lisakroeber.com\\\/wp-content\\\/uploads\\\/2023\\\/11\\\/DP-Sp.Ocean-Chrome-Pink-scaled.jpg\",\"datePublished\":\"2023-11-04T19:48:56+00:00\",\"dateModified\":\"2026-03-17T14:39:32+00:00\",\"breadcrumb\":{\"@id\":\"https:\\\/\\\/lisakroeber.com\\\/de\\\/produkt\\\/ohrschmuck-flower-petals-copy\\\/#breadcrumb\"},\"inLanguage\":\"de\",\"potentialAction\":[{\"@type\":\"ReadAction\",\"target\":[\"https:\\\/\\\/lisakroeber.com\\\/de\\\/produkt\\\/ohrschmuck-flower-petals-copy\\\/\"]}]},{\"@type\":\"ImageObject\",\"inLanguage\":\"de\",\"@id\":\"https:\\\/\\\/lisakroeber.com\\\/de\\\/produkt\\\/ohrschmuck-flower-petals-copy\\\/#primaryimage\",\"url\":\"https:\\\/\\\/lisakroeber.com\\\/wp-content\\\/uploads\\\/2023\\\/11\\\/DP-Sp.Ocean-Chrome-Pink-scaled.jpg\",\"contentUrl\":\"https:\\\/\\\/lisakroeber.com\\\/wp-content\\\/uploads\\\/2023\\\/11\\\/DP-Sp.Ocean-Chrome-Pink-scaled.jpg\",\"width\":2560,\"height\":1707},{\"@type\":\"BreadcrumbList\",\"@id\":\"https:\\\/\\\/lisakroeber.com\\\/de\\\/produkt\\\/ohrschmuck-flower-petals-copy\\\/#breadcrumb\",\"itemListElement\":[{\"@type\":\"ListItem\",\"position\":1,\"name\":\"Home\",\"item\":\"https:\\\/\\\/lisakroeber.com\\\/de\\\/\"},{\"@type\":\"ListItem\",\"position\":2,\"name\":\"Gesch\u00e4ft\",\"item\":\"https:\\\/\\\/lisakroeber.com\\\/de\\\/geschaeft\\\/\"},{\"@type\":\"ListItem\",\"position\":3,\"name\":\"Ohrringe GLITZER Double Petals\"}]},{\"@type\":\"WebSite\",\"@id\":\"https:\\\/\\\/lisakroeber.com\\\/#website\",\"url\":\"https:\\\/\\\/lisakroeber.com\\\/\",\"name\":\"Lisa Kroeber Jewellery Art\",\"description\":\"Lisa Kroeber Jewellery Art e-shop\",\"publisher\":{\"@id\":\"https:\\\/\\\/lisakroeber.com\\\/#organization\"},\"potentialAction\":[{\"@type\":\"SearchAction\",\"target\":{\"@type\":\"EntryPoint\",\"urlTemplate\":\"https:\\\/\\\/lisakroeber.com\\\/?s={search_term_string}\"},\"query-input\":{\"@type\":\"PropertyValueSpecification\",\"valueRequired\":true,\"valueName\":\"search_term_string\"}}],\"inLanguage\":\"de\"},{\"@type\":\"Organization\",\"@id\":\"https:\\\/\\\/lisakroeber.com\\\/#organization\",\"name\":\"Lisa Kroeber Jewellery\",\"url\":\"https:\\\/\\\/lisakroeber.com\\\/\",\"logo\":{\"@type\":\"ImageObject\",\"inLanguage\":\"de\",\"@id\":\"https:\\\/\\\/lisakroeber.com\\\/#\\\/schema\\\/logo\\\/image\\\/\",\"url\":\"https:\\\/\\\/lisakroeber.com\\\/wp-content\\\/uploads\\\/2024\\\/07\\\/47178367_317322115661289_143956003702964224_n-e1543863670541.svg\",\"contentUrl\":\"https:\\\/\\\/lisakroeber.com\\\/wp-content\\\/uploads\\\/2024\\\/07\\\/47178367_317322115661289_143956003702964224_n-e1543863670541.svg\",\"width\":1,\"height\":1,\"caption\":\"Lisa Kroeber Jewellery\"},\"image\":{\"@id\":\"https:\\\/\\\/lisakroeber.com\\\/#\\\/schema\\\/logo\\\/image\\\/\"}}]}<\/script>\n<!-- \/ Yoast SEO plugin. -->","yoast_head_json":{"title":"Ohrringe GLITZER Double Petals - Lisa Kroeber Jewellery Art","robots":{"index":"index","follow":"follow","max-snippet":"max-snippet:-1","max-image-preview":"max-image-preview:large","max-video-preview":"max-video-preview:-1"},"canonical":"https:\/\/lisakroeber.com\/de\/produkt\/ohrschmuck-flower-petals-copy\/","og_locale":"de_DE","og_type":"article","og_title":"Ohrringe GLITZER Double Petals - Lisa Kroeber Jewellery Art","og_description":"Sparkling Double Petal OhrringeStrahlend. Auff\u00e4llig. Limitiert. Die GLITZER Double Petal Ohrringe sind eine limitierte Edition unseres Double Petal Designs. Durch die Kombination unserer funkelnden Farben mit anderen T\u00f6nen bringen sie zus\u00e4tzlichen Glanz und Licht in diese markante Form. Als gr\u00f6\u00dfere Schwester unserer Flower Petals eignen sie sich perfekt f\u00fcr mehrfarbige Looks, sind aber ebenso in einer klaren, einfarbigen Version erh\u00e4ltlich.  Einige Farbkombinationen zeigen wir hier, doch deiner Kreativit\u00e4t sind keine Grenzen gesetzt. Teile uns im Kommentarfeld beim Checkout mit, welche Farbe du oben und welche unten m\u00f6chtest und wir fertigen deine Wunschversion ganz individuell f\u00fcr dich an. Folge dem Link, um die anderen Farben der Double Petal Ohrringe zu entdecken. &nbsp;","og_url":"https:\/\/lisakroeber.com\/de\/produkt\/ohrschmuck-flower-petals-copy\/","og_site_name":"Lisa Kroeber Jewellery Art","article_modified_time":"2026-03-17T14:39:32+00:00","og_image":[{"width":2560,"height":1707,"url":"https:\/\/lisakroeber.com\/wp-content\/uploads\/2023\/11\/DP-Sp.Ocean-Chrome-Pink-scaled.jpg","type":"image\/jpeg"}],"twitter_card":"summary_large_image","twitter_misc":{"Gesch\u00e4tzte Lesezeit":"1\u00a0Minute"},"schema":{"@context":"https:\/\/schema.org","@graph":[{"@type":"WebPage","@id":"https:\/\/lisakroeber.com\/de\/produkt\/ohrschmuck-flower-petals-copy\/","url":"https:\/\/lisakroeber.com\/de\/produkt\/ohrschmuck-flower-petals-copy\/","name":"Ohrringe GLITZER Double Petals - Lisa Kroeber Jewellery Art","isPartOf":{"@id":"https:\/\/lisakroeber.com\/#website"},"primaryImageOfPage":{"@id":"https:\/\/lisakroeber.com\/de\/produkt\/ohrschmuck-flower-petals-copy\/#primaryimage"},"image":{"@id":"https:\/\/lisakroeber.com\/de\/produkt\/ohrschmuck-flower-petals-copy\/#primaryimage"},"thumbnailUrl":"https:\/\/lisakroeber.com\/wp-content\/uploads\/2023\/11\/DP-Sp.Ocean-Chrome-Pink-scaled.jpg","datePublished":"2023-11-04T19:48:56+00:00","dateModified":"2026-03-17T14:39:32+00:00","breadcrumb":{"@id":"https:\/\/lisakroeber.com\/de\/produkt\/ohrschmuck-flower-petals-copy\/#breadcrumb"},"inLanguage":"de","potentialAction":[{"@type":"ReadAction","target":["https:\/\/lisakroeber.com\/de\/produkt\/ohrschmuck-flower-petals-copy\/"]}]},{"@type":"ImageObject","inLanguage":"de","@id":"https:\/\/lisakroeber.com\/de\/produkt\/ohrschmuck-flower-petals-copy\/#primaryimage","url":"https:\/\/lisakroeber.com\/wp-content\/uploads\/2023\/11\/DP-Sp.Ocean-Chrome-Pink-scaled.jpg","contentUrl":"https:\/\/lisakroeber.com\/wp-content\/uploads\/2023\/11\/DP-Sp.Ocean-Chrome-Pink-scaled.jpg","width":2560,"height":1707},{"@type":"BreadcrumbList","@id":"https:\/\/lisakroeber.com\/de\/produkt\/ohrschmuck-flower-petals-copy\/#breadcrumb","itemListElement":[{"@type":"ListItem","position":1,"name":"Home","item":"https:\/\/lisakroeber.com\/de\/"},{"@type":"ListItem","position":2,"name":"Gesch\u00e4ft","item":"https:\/\/lisakroeber.com\/de\/geschaeft\/"},{"@type":"ListItem","position":3,"name":"Ohrringe GLITZER Double Petals"}]},{"@type":"WebSite","@id":"https:\/\/lisakroeber.com\/#website","url":"https:\/\/lisakroeber.com\/","name":"Lisa Kroeber Jewellery Art","description":"Lisa Kroeber Jewellery Art e-shop","publisher":{"@id":"https:\/\/lisakroeber.com\/#organization"},"potentialAction":[{"@type":"SearchAction","target":{"@type":"EntryPoint","urlTemplate":"https:\/\/lisakroeber.com\/?s={search_term_string}"},"query-input":{"@type":"PropertyValueSpecification","valueRequired":true,"valueName":"search_term_string"}}],"inLanguage":"de"},{"@type":"Organization","@id":"https:\/\/lisakroeber.com\/#organization","name":"Lisa Kroeber Jewellery","url":"https:\/\/lisakroeber.com\/","logo":{"@type":"ImageObject","inLanguage":"de","@id":"https:\/\/lisakroeber.com\/#\/schema\/logo\/image\/","url":"https:\/\/lisakroeber.com\/wp-content\/uploads\/2024\/07\/47178367_317322115661289_143956003702964224_n-e1543863670541.svg","contentUrl":"https:\/\/lisakroeber.com\/wp-content\/uploads\/2024\/07\/47178367_317322115661289_143956003702964224_n-e1543863670541.svg","width":1,"height":1,"caption":"Lisa Kroeber Jewellery"},"image":{"@id":"https:\/\/lisakroeber.com\/#\/schema\/logo\/image\/"}}]}},"_links":{"self":[{"href":"https:\/\/lisakroeber.com\/de\/wp-json\/wp\/v2\/product\/26221","targetHints":{"allow":["GET"]}}],"collection":[{"href":"https:\/\/lisakroeber.com\/de\/wp-json\/wp\/v2\/product"}],"about":[{"href":"https:\/\/lisakroeber.com\/de\/wp-json\/wp\/v2\/types\/product"}],"wp:featuredmedia":[{"embeddable":true,"href":"https:\/\/lisakroeber.com\/de\/wp-json\/wp\/v2\/media\/26854"}],"wp:attachment":[{"href":"https:\/\/lisakroeber.com\/de\/wp-json\/wp\/v2\/media?parent=26221"}],"wp:term":[{"taxonomy":"product_brand","embeddable":true,"href":"https:\/\/lisakroeber.com\/de\/wp-json\/wp\/v2\/product_brand?post=26221"},{"taxonomy":"product_cat","embeddable":true,"href":"https:\/\/lisakroeber.com\/de\/wp-json\/wp\/v2\/product_cat?post=26221"},{"taxonomy":"product_tag","embeddable":true,"href":"https:\/\/lisakroeber.com\/de\/wp-json\/wp\/v2\/product_tag?post=26221"}],"curies":[{"name":"wp","href":"https:\/\/api.w.org\/{rel}","templated":true}]}}