{"id":26942,"date":"2023-11-30T10:29:46","date_gmt":"2023-11-30T08:29:46","guid":{"rendered":"https:\/\/lisakroeber.com\/uus\/?post_type=product&#038;p=26942"},"modified":"2026-03-17T12:36:31","modified_gmt":"2026-03-17T10:36:31","slug":"ohrschmuck-sparkling-loops-copy","status":"publish","type":"product","link":"https:\/\/lisakroeber.com\/de\/produkt\/ohrschmuck-sparkling-loops-copy\/","title":{"rendered":"Armschmuck Folded SPARKLING"},"content":{"rendered":"","protected":false},"excerpt":{"rendered":"<p><b>Sparkling Folded Armschmuck<\/b><b><br \/>\n<\/b><span style=\"font-weight: 400;\"> Klar. Modern. Strahlend.<\/span><\/p>\n<p>Das <span style=\"font-weight: 400;\"><i><span style=\"font-weight: 400;\">Sparkling Folded Armband<\/span><\/i><\/span><span style=\"font-weight: 400;\"> bringt einen dezenten Schimmer in unser ikonisches Folded Design. Leicht und leicht flexibel, l\u00e4sst es sich einfach anlegen und ist den ganzen Tag \u00fcber angenehm zu tragen. Die klare geometrische Form spiegelt die charakteristische Designsprache der Folded Serie wider, w\u00e4hrend die funkelnde Oberfl\u00e4che einen eleganten und ausdrucksstarken Akzent setzt.  <\/span><\/p>\n<p>L\u00e4sst sich perfekt mit<span style=\"font-weight: 400;\"><i><span style=\"font-weight: 400;\"><span style=\"font-weight: 400;\"> Folded Ohrringen, Halsketten oder Broschen<\/span><\/span><\/i><\/span> kombinieren \u2014 und wirkt ebenso stark als eigenst\u00e4ndiges Statement.<\/p>\n<p><span style=\"font-weight: 400;\">Folge dem Link, um die <a href=\"https:\/\/lisakroeber.com\/de\/produkt\/armschmuc-folded\/\">anderen Farben des Folded Armbands<\/a> zu entdecken.<\/span><\/p>\n","protected":false},"featured_media":26981,"template":"","meta":{"content-type":""},"product_brand":[],"product_cat":[337,445,1075],"product_tag":[],"class_list":{"0":"post-26942","1":"product","2":"type-product","3":"status-publish","4":"has-post-thumbnail","6":"product_cat-armschmuck","7":"product_cat-folded-de","8":"product_cat-sparkling","10":"first","11":"instock","12":"taxable","13":"shipping-taxable","14":"purchasable","15":"product-type-variable"},"yoast_head":"<!-- This site is optimized with the Yoast SEO plugin v27.4 - https:\/\/yoast.com\/product\/yoast-seo-wordpress\/ -->\n<title>Armschmuck Folded SPARKLING - Lisa Kroeber Jewellery Art<\/title>\n<meta name=\"robots\" content=\"index, follow, max-snippet:-1, max-image-preview:large, max-video-preview:-1\" \/>\n<link rel=\"canonical\" href=\"https:\/\/lisakroeber.com\/de\/produkt\/ohrschmuck-sparkling-loops-copy\/\" \/>\n<meta property=\"og:locale\" content=\"de_DE\" \/>\n<meta property=\"og:type\" content=\"article\" \/>\n<meta property=\"og:title\" content=\"Armschmuck Folded SPARKLING - Lisa Kroeber Jewellery Art\" \/>\n<meta property=\"og:description\" content=\"Sparkling Folded Armschmuck Klar. Modern. Strahlend. Das Sparkling Folded Armband bringt einen dezenten Schimmer in unser ikonisches Folded Design. Leicht und leicht flexibel, l\u00e4sst es sich einfach anlegen und ist den ganzen Tag \u00fcber angenehm zu tragen. Die klare geometrische Form spiegelt die charakteristische Designsprache der Folded Serie wider, w\u00e4hrend die funkelnde Oberfl\u00e4che einen eleganten und ausdrucksstarken Akzent setzt.  L\u00e4sst sich perfekt mit Folded Ohrringen, Halsketten oder Broschen kombinieren \u2014 und wirkt ebenso stark als eigenst\u00e4ndiges Statement. Folge dem Link, um die anderen Farben des Folded Armbands zu entdecken.\" \/>\n<meta property=\"og:url\" content=\"https:\/\/lisakroeber.com\/de\/produkt\/ohrschmuck-sparkling-loops-copy\/\" \/>\n<meta property=\"og:site_name\" content=\"Lisa Kroeber Jewellery Art\" \/>\n<meta property=\"article:modified_time\" content=\"2026-03-17T10:36:31+00:00\" \/>\n<meta property=\"og:image\" content=\"https:\/\/lisakroeber.com\/wp-content\/uploads\/2023\/11\/FB6005Sveeb.jpg\" \/>\n\t<meta property=\"og:image:width\" content=\"1632\" \/>\n\t<meta property=\"og:image:height\" content=\"1632\" \/>\n\t<meta property=\"og:image:type\" content=\"image\/jpeg\" \/>\n<meta name=\"twitter:card\" content=\"summary_large_image\" \/>\n<meta name=\"twitter:label1\" content=\"Gesch\u00e4tzte Lesezeit\" \/>\n\t<meta name=\"twitter:data1\" content=\"1\u00a0Minute\" \/>\n<script type=\"application\/ld+json\" class=\"yoast-schema-graph\">{\"@context\":\"https:\\\/\\\/schema.org\",\"@graph\":[{\"@type\":\"WebPage\",\"@id\":\"https:\\\/\\\/lisakroeber.com\\\/de\\\/produkt\\\/ohrschmuck-sparkling-loops-copy\\\/\",\"url\":\"https:\\\/\\\/lisakroeber.com\\\/de\\\/produkt\\\/ohrschmuck-sparkling-loops-copy\\\/\",\"name\":\"Armschmuck Folded SPARKLING - Lisa Kroeber Jewellery Art\",\"isPartOf\":{\"@id\":\"https:\\\/\\\/lisakroeber.com\\\/#website\"},\"primaryImageOfPage\":{\"@id\":\"https:\\\/\\\/lisakroeber.com\\\/de\\\/produkt\\\/ohrschmuck-sparkling-loops-copy\\\/#primaryimage\"},\"image\":{\"@id\":\"https:\\\/\\\/lisakroeber.com\\\/de\\\/produkt\\\/ohrschmuck-sparkling-loops-copy\\\/#primaryimage\"},\"thumbnailUrl\":\"https:\\\/\\\/lisakroeber.com\\\/wp-content\\\/uploads\\\/2023\\\/11\\\/FB6005Sveeb.jpg\",\"datePublished\":\"2023-11-30T08:29:46+00:00\",\"dateModified\":\"2026-03-17T10:36:31+00:00\",\"breadcrumb\":{\"@id\":\"https:\\\/\\\/lisakroeber.com\\\/de\\\/produkt\\\/ohrschmuck-sparkling-loops-copy\\\/#breadcrumb\"},\"inLanguage\":\"de\",\"potentialAction\":[{\"@type\":\"ReadAction\",\"target\":[\"https:\\\/\\\/lisakroeber.com\\\/de\\\/produkt\\\/ohrschmuck-sparkling-loops-copy\\\/\"]}]},{\"@type\":\"ImageObject\",\"inLanguage\":\"de\",\"@id\":\"https:\\\/\\\/lisakroeber.com\\\/de\\\/produkt\\\/ohrschmuck-sparkling-loops-copy\\\/#primaryimage\",\"url\":\"https:\\\/\\\/lisakroeber.com\\\/wp-content\\\/uploads\\\/2023\\\/11\\\/FB6005Sveeb.jpg\",\"contentUrl\":\"https:\\\/\\\/lisakroeber.com\\\/wp-content\\\/uploads\\\/2023\\\/11\\\/FB6005Sveeb.jpg\",\"width\":1632,\"height\":1632},{\"@type\":\"BreadcrumbList\",\"@id\":\"https:\\\/\\\/lisakroeber.com\\\/de\\\/produkt\\\/ohrschmuck-sparkling-loops-copy\\\/#breadcrumb\",\"itemListElement\":[{\"@type\":\"ListItem\",\"position\":1,\"name\":\"Home\",\"item\":\"https:\\\/\\\/lisakroeber.com\\\/de\\\/\"},{\"@type\":\"ListItem\",\"position\":2,\"name\":\"Gesch\u00e4ft\",\"item\":\"https:\\\/\\\/lisakroeber.com\\\/de\\\/geschaeft\\\/\"},{\"@type\":\"ListItem\",\"position\":3,\"name\":\"Armschmuck Folded SPARKLING\"}]},{\"@type\":\"WebSite\",\"@id\":\"https:\\\/\\\/lisakroeber.com\\\/#website\",\"url\":\"https:\\\/\\\/lisakroeber.com\\\/\",\"name\":\"Lisa Kroeber Jewellery Art\",\"description\":\"Lisa Kroeber Jewellery Art e-shop\",\"publisher\":{\"@id\":\"https:\\\/\\\/lisakroeber.com\\\/#organization\"},\"potentialAction\":[{\"@type\":\"SearchAction\",\"target\":{\"@type\":\"EntryPoint\",\"urlTemplate\":\"https:\\\/\\\/lisakroeber.com\\\/?s={search_term_string}\"},\"query-input\":{\"@type\":\"PropertyValueSpecification\",\"valueRequired\":true,\"valueName\":\"search_term_string\"}}],\"inLanguage\":\"de\"},{\"@type\":\"Organization\",\"@id\":\"https:\\\/\\\/lisakroeber.com\\\/#organization\",\"name\":\"Lisa Kroeber Jewellery\",\"url\":\"https:\\\/\\\/lisakroeber.com\\\/\",\"logo\":{\"@type\":\"ImageObject\",\"inLanguage\":\"de\",\"@id\":\"https:\\\/\\\/lisakroeber.com\\\/#\\\/schema\\\/logo\\\/image\\\/\",\"url\":\"https:\\\/\\\/lisakroeber.com\\\/wp-content\\\/uploads\\\/2024\\\/07\\\/47178367_317322115661289_143956003702964224_n-e1543863670541.svg\",\"contentUrl\":\"https:\\\/\\\/lisakroeber.com\\\/wp-content\\\/uploads\\\/2024\\\/07\\\/47178367_317322115661289_143956003702964224_n-e1543863670541.svg\",\"width\":1,\"height\":1,\"caption\":\"Lisa Kroeber Jewellery\"},\"image\":{\"@id\":\"https:\\\/\\\/lisakroeber.com\\\/#\\\/schema\\\/logo\\\/image\\\/\"}}]}<\/script>\n<!-- \/ Yoast SEO plugin. -->","yoast_head_json":{"title":"Armschmuck Folded SPARKLING - Lisa Kroeber Jewellery Art","robots":{"index":"index","follow":"follow","max-snippet":"max-snippet:-1","max-image-preview":"max-image-preview:large","max-video-preview":"max-video-preview:-1"},"canonical":"https:\/\/lisakroeber.com\/de\/produkt\/ohrschmuck-sparkling-loops-copy\/","og_locale":"de_DE","og_type":"article","og_title":"Armschmuck Folded SPARKLING - Lisa Kroeber Jewellery Art","og_description":"Sparkling Folded Armschmuck Klar. Modern. Strahlend. Das Sparkling Folded Armband bringt einen dezenten Schimmer in unser ikonisches Folded Design. Leicht und leicht flexibel, l\u00e4sst es sich einfach anlegen und ist den ganzen Tag \u00fcber angenehm zu tragen. Die klare geometrische Form spiegelt die charakteristische Designsprache der Folded Serie wider, w\u00e4hrend die funkelnde Oberfl\u00e4che einen eleganten und ausdrucksstarken Akzent setzt.  L\u00e4sst sich perfekt mit Folded Ohrringen, Halsketten oder Broschen kombinieren \u2014 und wirkt ebenso stark als eigenst\u00e4ndiges Statement. Folge dem Link, um die anderen Farben des Folded Armbands zu entdecken.","og_url":"https:\/\/lisakroeber.com\/de\/produkt\/ohrschmuck-sparkling-loops-copy\/","og_site_name":"Lisa Kroeber Jewellery Art","article_modified_time":"2026-03-17T10:36:31+00:00","og_image":[{"width":1632,"height":1632,"url":"https:\/\/lisakroeber.com\/wp-content\/uploads\/2023\/11\/FB6005Sveeb.jpg","type":"image\/jpeg"}],"twitter_card":"summary_large_image","twitter_misc":{"Gesch\u00e4tzte Lesezeit":"1\u00a0Minute"},"schema":{"@context":"https:\/\/schema.org","@graph":[{"@type":"WebPage","@id":"https:\/\/lisakroeber.com\/de\/produkt\/ohrschmuck-sparkling-loops-copy\/","url":"https:\/\/lisakroeber.com\/de\/produkt\/ohrschmuck-sparkling-loops-copy\/","name":"Armschmuck Folded SPARKLING - Lisa Kroeber Jewellery Art","isPartOf":{"@id":"https:\/\/lisakroeber.com\/#website"},"primaryImageOfPage":{"@id":"https:\/\/lisakroeber.com\/de\/produkt\/ohrschmuck-sparkling-loops-copy\/#primaryimage"},"image":{"@id":"https:\/\/lisakroeber.com\/de\/produkt\/ohrschmuck-sparkling-loops-copy\/#primaryimage"},"thumbnailUrl":"https:\/\/lisakroeber.com\/wp-content\/uploads\/2023\/11\/FB6005Sveeb.jpg","datePublished":"2023-11-30T08:29:46+00:00","dateModified":"2026-03-17T10:36:31+00:00","breadcrumb":{"@id":"https:\/\/lisakroeber.com\/de\/produkt\/ohrschmuck-sparkling-loops-copy\/#breadcrumb"},"inLanguage":"de","potentialAction":[{"@type":"ReadAction","target":["https:\/\/lisakroeber.com\/de\/produkt\/ohrschmuck-sparkling-loops-copy\/"]}]},{"@type":"ImageObject","inLanguage":"de","@id":"https:\/\/lisakroeber.com\/de\/produkt\/ohrschmuck-sparkling-loops-copy\/#primaryimage","url":"https:\/\/lisakroeber.com\/wp-content\/uploads\/2023\/11\/FB6005Sveeb.jpg","contentUrl":"https:\/\/lisakroeber.com\/wp-content\/uploads\/2023\/11\/FB6005Sveeb.jpg","width":1632,"height":1632},{"@type":"BreadcrumbList","@id":"https:\/\/lisakroeber.com\/de\/produkt\/ohrschmuck-sparkling-loops-copy\/#breadcrumb","itemListElement":[{"@type":"ListItem","position":1,"name":"Home","item":"https:\/\/lisakroeber.com\/de\/"},{"@type":"ListItem","position":2,"name":"Gesch\u00e4ft","item":"https:\/\/lisakroeber.com\/de\/geschaeft\/"},{"@type":"ListItem","position":3,"name":"Armschmuck Folded SPARKLING"}]},{"@type":"WebSite","@id":"https:\/\/lisakroeber.com\/#website","url":"https:\/\/lisakroeber.com\/","name":"Lisa Kroeber Jewellery Art","description":"Lisa Kroeber Jewellery Art e-shop","publisher":{"@id":"https:\/\/lisakroeber.com\/#organization"},"potentialAction":[{"@type":"SearchAction","target":{"@type":"EntryPoint","urlTemplate":"https:\/\/lisakroeber.com\/?s={search_term_string}"},"query-input":{"@type":"PropertyValueSpecification","valueRequired":true,"valueName":"search_term_string"}}],"inLanguage":"de"},{"@type":"Organization","@id":"https:\/\/lisakroeber.com\/#organization","name":"Lisa Kroeber Jewellery","url":"https:\/\/lisakroeber.com\/","logo":{"@type":"ImageObject","inLanguage":"de","@id":"https:\/\/lisakroeber.com\/#\/schema\/logo\/image\/","url":"https:\/\/lisakroeber.com\/wp-content\/uploads\/2024\/07\/47178367_317322115661289_143956003702964224_n-e1543863670541.svg","contentUrl":"https:\/\/lisakroeber.com\/wp-content\/uploads\/2024\/07\/47178367_317322115661289_143956003702964224_n-e1543863670541.svg","width":1,"height":1,"caption":"Lisa Kroeber Jewellery"},"image":{"@id":"https:\/\/lisakroeber.com\/#\/schema\/logo\/image\/"}}]}},"_links":{"self":[{"href":"https:\/\/lisakroeber.com\/de\/wp-json\/wp\/v2\/product\/26942","targetHints":{"allow":["GET"]}}],"collection":[{"href":"https:\/\/lisakroeber.com\/de\/wp-json\/wp\/v2\/product"}],"about":[{"href":"https:\/\/lisakroeber.com\/de\/wp-json\/wp\/v2\/types\/product"}],"wp:featuredmedia":[{"embeddable":true,"href":"https:\/\/lisakroeber.com\/de\/wp-json\/wp\/v2\/media\/26981"}],"wp:attachment":[{"href":"https:\/\/lisakroeber.com\/de\/wp-json\/wp\/v2\/media?parent=26942"}],"wp:term":[{"taxonomy":"product_brand","embeddable":true,"href":"https:\/\/lisakroeber.com\/de\/wp-json\/wp\/v2\/product_brand?post=26942"},{"taxonomy":"product_cat","embeddable":true,"href":"https:\/\/lisakroeber.com\/de\/wp-json\/wp\/v2\/product_cat?post=26942"},{"taxonomy":"product_tag","embeddable":true,"href":"https:\/\/lisakroeber.com\/de\/wp-json\/wp\/v2\/product_tag?post=26942"}],"curies":[{"name":"wp","href":"https:\/\/api.w.org\/{rel}","templated":true}]}}