{"id":27194,"date":"2023-11-30T22:12:08","date_gmt":"2023-11-30T20:12:08","guid":{"rendered":"https:\/\/lisakroeber.com\/uus\/?post_type=product&#038;p=27194"},"modified":"2026-03-17T13:31:44","modified_gmt":"2026-03-17T11:31:44","slug":"ohrschmuck-sparkling-loops-copy-3","status":"publish","type":"product","link":"https:\/\/lisakroeber.com\/de\/produkt\/ohrschmuck-sparkling-loops-copy-3\/","title":{"rendered":"Ohrschmuck Folded Wide SPARKLING"},"content":{"rendered":"","protected":false},"excerpt":{"rendered":"<p><b>Sparkling Folded Wide Ohrringe<\/b><b><br \/>\n<\/b><span style=\"font-weight: 400;\"> Auff\u00e4llig. Strahlend. Architektonisch.<\/span><\/p>\n<p><span style=\"font-weight: 400;\">Die <\/span><i><span style=\"font-weight: 400;\">Sparkling Folded Wide<\/span><\/i><span style=\"font-weight: 400;\"> Die Ohrringe bringen eine schimmernde Oberfl\u00e4che in unser ikonisches Folded Design. Ihre breite, skulpturale Form und die klaren geometrischen Faltungen erzeugen ein starkes Gef\u00fchl von Tiefe und Struktur, w\u00e4hrend die funkelnde Oberfl\u00e4che das Licht wundersch\u00f6n einf\u00e4ngt. <\/span><\/p>\n<p><span style=\"font-weight: 400;\">Trotz ihrer markanten Erscheinung bleiben diese Ohrringe leicht und angenehm zu tragen \u2014 ein selbstbewusstes Statement-Piece, das architektonische Klarheit mit feinem Glanz verbindet.<\/span><\/p>\n<p><span style=\"font-weight: 400;\">Folge dem Link, um die <a href=\"https:\/\/lisakroeber.com\/et\/toode\/earrings-folded\/\">anderen Farben der Folded Wide Ohrringe<\/a> zu entdecken.<\/span><\/p>\n","protected":false},"featured_media":27220,"template":"","meta":{"content-type":""},"product_brand":[],"product_cat":[445,344,1075],"product_tag":[],"class_list":{"0":"post-27194","1":"product","2":"type-product","3":"status-publish","4":"has-post-thumbnail","6":"product_cat-folded-de","7":"product_cat-ohrschmuck","8":"product_cat-sparkling","10":"first","11":"instock","12":"taxable","13":"shipping-taxable","14":"purchasable","15":"product-type-variable"},"yoast_head":"<!-- This site is optimized with the Yoast SEO plugin v27.4 - https:\/\/yoast.com\/product\/yoast-seo-wordpress\/ -->\n<title>Ohrschmuck Folded Wide SPARKLING - Lisa Kroeber Jewellery Art<\/title>\n<meta name=\"robots\" content=\"index, follow, max-snippet:-1, max-image-preview:large, max-video-preview:-1\" \/>\n<link rel=\"canonical\" href=\"https:\/\/lisakroeber.com\/de\/produkt\/ohrschmuck-sparkling-loops-copy-3\/\" \/>\n<meta property=\"og:locale\" content=\"de_DE\" \/>\n<meta property=\"og:type\" content=\"article\" \/>\n<meta property=\"og:title\" content=\"Ohrschmuck Folded Wide SPARKLING - Lisa Kroeber Jewellery Art\" \/>\n<meta property=\"og:description\" content=\"Sparkling Folded Wide Ohrringe Auff\u00e4llig. Strahlend. Architektonisch. Die Sparkling Folded Wide Die Ohrringe bringen eine schimmernde Oberfl\u00e4che in unser ikonisches Folded Design. Ihre breite, skulpturale Form und die klaren geometrischen Faltungen erzeugen ein starkes Gef\u00fchl von Tiefe und Struktur, w\u00e4hrend die funkelnde Oberfl\u00e4che das Licht wundersch\u00f6n einf\u00e4ngt.  Trotz ihrer markanten Erscheinung bleiben diese Ohrringe leicht und angenehm zu tragen \u2014 ein selbstbewusstes Statement-Piece, das architektonische Klarheit mit feinem Glanz verbindet. Folge dem Link, um die anderen Farben der Folded Wide Ohrringe zu entdecken.\" \/>\n<meta property=\"og:url\" content=\"https:\/\/lisakroeber.com\/de\/produkt\/ohrschmuck-sparkling-loops-copy-3\/\" \/>\n<meta property=\"og:site_name\" content=\"Lisa Kroeber Jewellery Art\" \/>\n<meta property=\"article:modified_time\" content=\"2026-03-17T11:31:44+00:00\" \/>\n<meta property=\"og:image\" content=\"https:\/\/lisakroeber.com\/wp-content\/uploads\/2023\/11\/FW3004S-1.jpg\" \/>\n\t<meta property=\"og:image:width\" content=\"2560\" \/>\n\t<meta property=\"og:image:height\" content=\"1710\" \/>\n\t<meta property=\"og:image:type\" content=\"image\/jpeg\" \/>\n<meta name=\"twitter:card\" content=\"summary_large_image\" \/>\n<meta name=\"twitter:label1\" content=\"Gesch\u00e4tzte Lesezeit\" \/>\n\t<meta name=\"twitter:data1\" content=\"1\u00a0Minute\" \/>\n<script type=\"application\/ld+json\" class=\"yoast-schema-graph\">{\"@context\":\"https:\\\/\\\/schema.org\",\"@graph\":[{\"@type\":\"WebPage\",\"@id\":\"https:\\\/\\\/lisakroeber.com\\\/de\\\/produkt\\\/ohrschmuck-sparkling-loops-copy-3\\\/\",\"url\":\"https:\\\/\\\/lisakroeber.com\\\/de\\\/produkt\\\/ohrschmuck-sparkling-loops-copy-3\\\/\",\"name\":\"Ohrschmuck Folded Wide SPARKLING - Lisa Kroeber Jewellery Art\",\"isPartOf\":{\"@id\":\"https:\\\/\\\/lisakroeber.com\\\/#website\"},\"primaryImageOfPage\":{\"@id\":\"https:\\\/\\\/lisakroeber.com\\\/de\\\/produkt\\\/ohrschmuck-sparkling-loops-copy-3\\\/#primaryimage\"},\"image\":{\"@id\":\"https:\\\/\\\/lisakroeber.com\\\/de\\\/produkt\\\/ohrschmuck-sparkling-loops-copy-3\\\/#primaryimage\"},\"thumbnailUrl\":\"https:\\\/\\\/lisakroeber.com\\\/wp-content\\\/uploads\\\/2023\\\/11\\\/FW3004S-1.jpg\",\"datePublished\":\"2023-11-30T20:12:08+00:00\",\"dateModified\":\"2026-03-17T11:31:44+00:00\",\"breadcrumb\":{\"@id\":\"https:\\\/\\\/lisakroeber.com\\\/de\\\/produkt\\\/ohrschmuck-sparkling-loops-copy-3\\\/#breadcrumb\"},\"inLanguage\":\"de\",\"potentialAction\":[{\"@type\":\"ReadAction\",\"target\":[\"https:\\\/\\\/lisakroeber.com\\\/de\\\/produkt\\\/ohrschmuck-sparkling-loops-copy-3\\\/\"]}]},{\"@type\":\"ImageObject\",\"inLanguage\":\"de\",\"@id\":\"https:\\\/\\\/lisakroeber.com\\\/de\\\/produkt\\\/ohrschmuck-sparkling-loops-copy-3\\\/#primaryimage\",\"url\":\"https:\\\/\\\/lisakroeber.com\\\/wp-content\\\/uploads\\\/2023\\\/11\\\/FW3004S-1.jpg\",\"contentUrl\":\"https:\\\/\\\/lisakroeber.com\\\/wp-content\\\/uploads\\\/2023\\\/11\\\/FW3004S-1.jpg\",\"width\":2560,\"height\":1710},{\"@type\":\"BreadcrumbList\",\"@id\":\"https:\\\/\\\/lisakroeber.com\\\/de\\\/produkt\\\/ohrschmuck-sparkling-loops-copy-3\\\/#breadcrumb\",\"itemListElement\":[{\"@type\":\"ListItem\",\"position\":1,\"name\":\"Home\",\"item\":\"https:\\\/\\\/lisakroeber.com\\\/de\\\/\"},{\"@type\":\"ListItem\",\"position\":2,\"name\":\"Gesch\u00e4ft\",\"item\":\"https:\\\/\\\/lisakroeber.com\\\/de\\\/geschaeft\\\/\"},{\"@type\":\"ListItem\",\"position\":3,\"name\":\"Ohrschmuck Folded Wide SPARKLING\"}]},{\"@type\":\"WebSite\",\"@id\":\"https:\\\/\\\/lisakroeber.com\\\/#website\",\"url\":\"https:\\\/\\\/lisakroeber.com\\\/\",\"name\":\"Lisa Kroeber Jewellery Art\",\"description\":\"Lisa Kroeber Jewellery Art e-shop\",\"publisher\":{\"@id\":\"https:\\\/\\\/lisakroeber.com\\\/#organization\"},\"potentialAction\":[{\"@type\":\"SearchAction\",\"target\":{\"@type\":\"EntryPoint\",\"urlTemplate\":\"https:\\\/\\\/lisakroeber.com\\\/?s={search_term_string}\"},\"query-input\":{\"@type\":\"PropertyValueSpecification\",\"valueRequired\":true,\"valueName\":\"search_term_string\"}}],\"inLanguage\":\"de\"},{\"@type\":\"Organization\",\"@id\":\"https:\\\/\\\/lisakroeber.com\\\/#organization\",\"name\":\"Lisa Kroeber Jewellery\",\"url\":\"https:\\\/\\\/lisakroeber.com\\\/\",\"logo\":{\"@type\":\"ImageObject\",\"inLanguage\":\"de\",\"@id\":\"https:\\\/\\\/lisakroeber.com\\\/#\\\/schema\\\/logo\\\/image\\\/\",\"url\":\"https:\\\/\\\/lisakroeber.com\\\/wp-content\\\/uploads\\\/2024\\\/07\\\/47178367_317322115661289_143956003702964224_n-e1543863670541.svg\",\"contentUrl\":\"https:\\\/\\\/lisakroeber.com\\\/wp-content\\\/uploads\\\/2024\\\/07\\\/47178367_317322115661289_143956003702964224_n-e1543863670541.svg\",\"width\":1,\"height\":1,\"caption\":\"Lisa Kroeber Jewellery\"},\"image\":{\"@id\":\"https:\\\/\\\/lisakroeber.com\\\/#\\\/schema\\\/logo\\\/image\\\/\"}}]}<\/script>\n<!-- \/ Yoast SEO plugin. -->","yoast_head_json":{"title":"Ohrschmuck Folded Wide SPARKLING - Lisa Kroeber Jewellery Art","robots":{"index":"index","follow":"follow","max-snippet":"max-snippet:-1","max-image-preview":"max-image-preview:large","max-video-preview":"max-video-preview:-1"},"canonical":"https:\/\/lisakroeber.com\/de\/produkt\/ohrschmuck-sparkling-loops-copy-3\/","og_locale":"de_DE","og_type":"article","og_title":"Ohrschmuck Folded Wide SPARKLING - Lisa Kroeber Jewellery Art","og_description":"Sparkling Folded Wide Ohrringe Auff\u00e4llig. Strahlend. Architektonisch. Die Sparkling Folded Wide Die Ohrringe bringen eine schimmernde Oberfl\u00e4che in unser ikonisches Folded Design. Ihre breite, skulpturale Form und die klaren geometrischen Faltungen erzeugen ein starkes Gef\u00fchl von Tiefe und Struktur, w\u00e4hrend die funkelnde Oberfl\u00e4che das Licht wundersch\u00f6n einf\u00e4ngt.  Trotz ihrer markanten Erscheinung bleiben diese Ohrringe leicht und angenehm zu tragen \u2014 ein selbstbewusstes Statement-Piece, das architektonische Klarheit mit feinem Glanz verbindet. Folge dem Link, um die anderen Farben der Folded Wide Ohrringe zu entdecken.","og_url":"https:\/\/lisakroeber.com\/de\/produkt\/ohrschmuck-sparkling-loops-copy-3\/","og_site_name":"Lisa Kroeber Jewellery Art","article_modified_time":"2026-03-17T11:31:44+00:00","og_image":[{"width":2560,"height":1710,"url":"https:\/\/lisakroeber.com\/wp-content\/uploads\/2023\/11\/FW3004S-1.jpg","type":"image\/jpeg"}],"twitter_card":"summary_large_image","twitter_misc":{"Gesch\u00e4tzte Lesezeit":"1\u00a0Minute"},"schema":{"@context":"https:\/\/schema.org","@graph":[{"@type":"WebPage","@id":"https:\/\/lisakroeber.com\/de\/produkt\/ohrschmuck-sparkling-loops-copy-3\/","url":"https:\/\/lisakroeber.com\/de\/produkt\/ohrschmuck-sparkling-loops-copy-3\/","name":"Ohrschmuck Folded Wide SPARKLING - Lisa Kroeber Jewellery Art","isPartOf":{"@id":"https:\/\/lisakroeber.com\/#website"},"primaryImageOfPage":{"@id":"https:\/\/lisakroeber.com\/de\/produkt\/ohrschmuck-sparkling-loops-copy-3\/#primaryimage"},"image":{"@id":"https:\/\/lisakroeber.com\/de\/produkt\/ohrschmuck-sparkling-loops-copy-3\/#primaryimage"},"thumbnailUrl":"https:\/\/lisakroeber.com\/wp-content\/uploads\/2023\/11\/FW3004S-1.jpg","datePublished":"2023-11-30T20:12:08+00:00","dateModified":"2026-03-17T11:31:44+00:00","breadcrumb":{"@id":"https:\/\/lisakroeber.com\/de\/produkt\/ohrschmuck-sparkling-loops-copy-3\/#breadcrumb"},"inLanguage":"de","potentialAction":[{"@type":"ReadAction","target":["https:\/\/lisakroeber.com\/de\/produkt\/ohrschmuck-sparkling-loops-copy-3\/"]}]},{"@type":"ImageObject","inLanguage":"de","@id":"https:\/\/lisakroeber.com\/de\/produkt\/ohrschmuck-sparkling-loops-copy-3\/#primaryimage","url":"https:\/\/lisakroeber.com\/wp-content\/uploads\/2023\/11\/FW3004S-1.jpg","contentUrl":"https:\/\/lisakroeber.com\/wp-content\/uploads\/2023\/11\/FW3004S-1.jpg","width":2560,"height":1710},{"@type":"BreadcrumbList","@id":"https:\/\/lisakroeber.com\/de\/produkt\/ohrschmuck-sparkling-loops-copy-3\/#breadcrumb","itemListElement":[{"@type":"ListItem","position":1,"name":"Home","item":"https:\/\/lisakroeber.com\/de\/"},{"@type":"ListItem","position":2,"name":"Gesch\u00e4ft","item":"https:\/\/lisakroeber.com\/de\/geschaeft\/"},{"@type":"ListItem","position":3,"name":"Ohrschmuck Folded Wide SPARKLING"}]},{"@type":"WebSite","@id":"https:\/\/lisakroeber.com\/#website","url":"https:\/\/lisakroeber.com\/","name":"Lisa Kroeber Jewellery Art","description":"Lisa Kroeber Jewellery Art e-shop","publisher":{"@id":"https:\/\/lisakroeber.com\/#organization"},"potentialAction":[{"@type":"SearchAction","target":{"@type":"EntryPoint","urlTemplate":"https:\/\/lisakroeber.com\/?s={search_term_string}"},"query-input":{"@type":"PropertyValueSpecification","valueRequired":true,"valueName":"search_term_string"}}],"inLanguage":"de"},{"@type":"Organization","@id":"https:\/\/lisakroeber.com\/#organization","name":"Lisa Kroeber Jewellery","url":"https:\/\/lisakroeber.com\/","logo":{"@type":"ImageObject","inLanguage":"de","@id":"https:\/\/lisakroeber.com\/#\/schema\/logo\/image\/","url":"https:\/\/lisakroeber.com\/wp-content\/uploads\/2024\/07\/47178367_317322115661289_143956003702964224_n-e1543863670541.svg","contentUrl":"https:\/\/lisakroeber.com\/wp-content\/uploads\/2024\/07\/47178367_317322115661289_143956003702964224_n-e1543863670541.svg","width":1,"height":1,"caption":"Lisa Kroeber Jewellery"},"image":{"@id":"https:\/\/lisakroeber.com\/#\/schema\/logo\/image\/"}}]}},"_links":{"self":[{"href":"https:\/\/lisakroeber.com\/de\/wp-json\/wp\/v2\/product\/27194","targetHints":{"allow":["GET"]}}],"collection":[{"href":"https:\/\/lisakroeber.com\/de\/wp-json\/wp\/v2\/product"}],"about":[{"href":"https:\/\/lisakroeber.com\/de\/wp-json\/wp\/v2\/types\/product"}],"wp:featuredmedia":[{"embeddable":true,"href":"https:\/\/lisakroeber.com\/de\/wp-json\/wp\/v2\/media\/27220"}],"wp:attachment":[{"href":"https:\/\/lisakroeber.com\/de\/wp-json\/wp\/v2\/media?parent=27194"}],"wp:term":[{"taxonomy":"product_brand","embeddable":true,"href":"https:\/\/lisakroeber.com\/de\/wp-json\/wp\/v2\/product_brand?post=27194"},{"taxonomy":"product_cat","embeddable":true,"href":"https:\/\/lisakroeber.com\/de\/wp-json\/wp\/v2\/product_cat?post=27194"},{"taxonomy":"product_tag","embeddable":true,"href":"https:\/\/lisakroeber.com\/de\/wp-json\/wp\/v2\/product_tag?post=27194"}],"curies":[{"name":"wp","href":"https:\/\/api.w.org\/{rel}","templated":true}]}}