{"id":27308,"date":"2023-12-01T20:32:55","date_gmt":"2023-12-01T18:32:55","guid":{"rendered":"https:\/\/lisakroeber.com\/uus\/?post_type=product&#038;p=27308"},"modified":"2026-03-17T13:11:06","modified_gmt":"2026-03-17T11:11:06","slug":"ohrschmuck-sparkling-minis-copy","status":"publish","type":"product","link":"https:\/\/lisakroeber.com\/de\/produkt\/ohrschmuck-sparkling-minis-copy\/","title":{"rendered":"Ohrringe SPARKLING Loops"},"content":{"rendered":"","protected":false},"excerpt":{"rendered":"<p><b>Sparkling Loops Ohrringe<\/b><b><br \/>\n<\/b><span style=\"font-weight: 400;\"> Leicht. Organisch. Funkelnd.  <\/span><\/p>\n<p><i><span style=\"font-weight: 400;\">Sparkling Loops<\/span><\/i><span style=\"font-weight: 400;\"> Ohrringe \u00fcberzeugen durch ihre organische, luftige Form, inspiriert von farbigen Bl\u00fctenbl\u00e4ttern \u2014 reduziert auf das Wesentliche und dennoch voller Leichtigkeit und Zartheit. In schimmernden Farben gehalten, fangen sie das Licht wundersch\u00f6n ein und sind dabei federleicht und angenehm zu tragen. Eine limitierte Edition, die deinem Alltag einen dezenten Glanz und eine fr\u00f6hliche Ausstrahlung verleiht.  <\/span><\/p>\n<p><a href=\"https:\/\/lisakroeber.com\/de\/produkt\/earrings-loops\/\"><span style=\"font-weight: 400;\">anderen Farben unserer Loops Ohrringe <\/span><\/a><\/p>\n","protected":false},"featured_media":27679,"template":"","meta":{"content-type":""},"product_brand":[],"product_cat":[341,437,344,1075],"product_tag":[],"class_list":{"0":"post-27308","1":"product","2":"type-product","3":"status-publish","4":"has-post-thumbnail","6":"product_cat-kollektionen","7":"product_cat-loops","8":"product_cat-ohrschmuck","9":"product_cat-sparkling","11":"first","12":"instock","13":"taxable","14":"shipping-taxable","15":"purchasable","16":"product-type-variable"},"yoast_head":"<!-- This site is optimized with the Yoast SEO plugin v27.4 - https:\/\/yoast.com\/product\/yoast-seo-wordpress\/ -->\n<title>Ohrringe SPARKLING Loops - Lisa Kroeber Jewellery Art<\/title>\n<meta name=\"robots\" content=\"index, follow, max-snippet:-1, max-image-preview:large, max-video-preview:-1\" \/>\n<link rel=\"canonical\" href=\"https:\/\/lisakroeber.com\/de\/produkt\/ohrschmuck-sparkling-minis-copy\/\" \/>\n<meta property=\"og:locale\" content=\"de_DE\" \/>\n<meta property=\"og:type\" content=\"article\" \/>\n<meta property=\"og:title\" content=\"Ohrringe SPARKLING Loops - Lisa Kroeber Jewellery Art\" \/>\n<meta property=\"og:description\" content=\"Sparkling Loops Ohrringe Leicht. Organisch. Funkelnd.  Sparkling Loops Ohrringe \u00fcberzeugen durch ihre organische, luftige Form, inspiriert von farbigen Bl\u00fctenbl\u00e4ttern \u2014 reduziert auf das Wesentliche und dennoch voller Leichtigkeit und Zartheit. In schimmernden Farben gehalten, fangen sie das Licht wundersch\u00f6n ein und sind dabei federleicht und angenehm zu tragen. Eine limitierte Edition, die deinem Alltag einen dezenten Glanz und eine fr\u00f6hliche Ausstrahlung verleiht.  anderen Farben unserer Loops Ohrringe\" \/>\n<meta property=\"og:url\" content=\"https:\/\/lisakroeber.com\/de\/produkt\/ohrschmuck-sparkling-minis-copy\/\" \/>\n<meta property=\"og:site_name\" content=\"Lisa Kroeber Jewellery Art\" \/>\n<meta property=\"article:modified_time\" content=\"2026-03-17T11:11:06+00:00\" \/>\n<meta property=\"og:image\" content=\"https:\/\/lisakroeber.com\/wp-content\/uploads\/2023\/12\/sparkle-veb-scaled.jpg\" \/>\n\t<meta property=\"og:image:width\" content=\"2560\" \/>\n\t<meta property=\"og:image:height\" content=\"2560\" \/>\n\t<meta property=\"og:image:type\" content=\"image\/jpeg\" \/>\n<meta name=\"twitter:card\" content=\"summary_large_image\" \/>\n<meta name=\"twitter:label1\" content=\"Gesch\u00e4tzte Lesezeit\" \/>\n\t<meta name=\"twitter:data1\" content=\"1\u00a0Minute\" \/>\n<script type=\"application\/ld+json\" class=\"yoast-schema-graph\">{\"@context\":\"https:\\\/\\\/schema.org\",\"@graph\":[{\"@type\":\"WebPage\",\"@id\":\"https:\\\/\\\/lisakroeber.com\\\/de\\\/produkt\\\/ohrschmuck-sparkling-minis-copy\\\/\",\"url\":\"https:\\\/\\\/lisakroeber.com\\\/de\\\/produkt\\\/ohrschmuck-sparkling-minis-copy\\\/\",\"name\":\"Ohrringe SPARKLING Loops - Lisa Kroeber Jewellery Art\",\"isPartOf\":{\"@id\":\"https:\\\/\\\/lisakroeber.com\\\/#website\"},\"primaryImageOfPage\":{\"@id\":\"https:\\\/\\\/lisakroeber.com\\\/de\\\/produkt\\\/ohrschmuck-sparkling-minis-copy\\\/#primaryimage\"},\"image\":{\"@id\":\"https:\\\/\\\/lisakroeber.com\\\/de\\\/produkt\\\/ohrschmuck-sparkling-minis-copy\\\/#primaryimage\"},\"thumbnailUrl\":\"https:\\\/\\\/lisakroeber.com\\\/wp-content\\\/uploads\\\/2023\\\/12\\\/sparkle-veb-scaled.jpg\",\"datePublished\":\"2023-12-01T18:32:55+00:00\",\"dateModified\":\"2026-03-17T11:11:06+00:00\",\"breadcrumb\":{\"@id\":\"https:\\\/\\\/lisakroeber.com\\\/de\\\/produkt\\\/ohrschmuck-sparkling-minis-copy\\\/#breadcrumb\"},\"inLanguage\":\"de\",\"potentialAction\":[{\"@type\":\"ReadAction\",\"target\":[\"https:\\\/\\\/lisakroeber.com\\\/de\\\/produkt\\\/ohrschmuck-sparkling-minis-copy\\\/\"]}]},{\"@type\":\"ImageObject\",\"inLanguage\":\"de\",\"@id\":\"https:\\\/\\\/lisakroeber.com\\\/de\\\/produkt\\\/ohrschmuck-sparkling-minis-copy\\\/#primaryimage\",\"url\":\"https:\\\/\\\/lisakroeber.com\\\/wp-content\\\/uploads\\\/2023\\\/12\\\/sparkle-veb-scaled.jpg\",\"contentUrl\":\"https:\\\/\\\/lisakroeber.com\\\/wp-content\\\/uploads\\\/2023\\\/12\\\/sparkle-veb-scaled.jpg\",\"width\":2560,\"height\":2560},{\"@type\":\"BreadcrumbList\",\"@id\":\"https:\\\/\\\/lisakroeber.com\\\/de\\\/produkt\\\/ohrschmuck-sparkling-minis-copy\\\/#breadcrumb\",\"itemListElement\":[{\"@type\":\"ListItem\",\"position\":1,\"name\":\"Home\",\"item\":\"https:\\\/\\\/lisakroeber.com\\\/de\\\/\"},{\"@type\":\"ListItem\",\"position\":2,\"name\":\"Gesch\u00e4ft\",\"item\":\"https:\\\/\\\/lisakroeber.com\\\/de\\\/geschaeft\\\/\"},{\"@type\":\"ListItem\",\"position\":3,\"name\":\"Ohrringe SPARKLING Loops\"}]},{\"@type\":\"WebSite\",\"@id\":\"https:\\\/\\\/lisakroeber.com\\\/#website\",\"url\":\"https:\\\/\\\/lisakroeber.com\\\/\",\"name\":\"Lisa Kroeber Jewellery Art\",\"description\":\"Lisa Kroeber Jewellery Art e-shop\",\"publisher\":{\"@id\":\"https:\\\/\\\/lisakroeber.com\\\/#organization\"},\"potentialAction\":[{\"@type\":\"SearchAction\",\"target\":{\"@type\":\"EntryPoint\",\"urlTemplate\":\"https:\\\/\\\/lisakroeber.com\\\/?s={search_term_string}\"},\"query-input\":{\"@type\":\"PropertyValueSpecification\",\"valueRequired\":true,\"valueName\":\"search_term_string\"}}],\"inLanguage\":\"de\"},{\"@type\":\"Organization\",\"@id\":\"https:\\\/\\\/lisakroeber.com\\\/#organization\",\"name\":\"Lisa Kroeber Jewellery\",\"url\":\"https:\\\/\\\/lisakroeber.com\\\/\",\"logo\":{\"@type\":\"ImageObject\",\"inLanguage\":\"de\",\"@id\":\"https:\\\/\\\/lisakroeber.com\\\/#\\\/schema\\\/logo\\\/image\\\/\",\"url\":\"https:\\\/\\\/lisakroeber.com\\\/wp-content\\\/uploads\\\/2024\\\/07\\\/47178367_317322115661289_143956003702964224_n-e1543863670541.svg\",\"contentUrl\":\"https:\\\/\\\/lisakroeber.com\\\/wp-content\\\/uploads\\\/2024\\\/07\\\/47178367_317322115661289_143956003702964224_n-e1543863670541.svg\",\"width\":1,\"height\":1,\"caption\":\"Lisa Kroeber Jewellery\"},\"image\":{\"@id\":\"https:\\\/\\\/lisakroeber.com\\\/#\\\/schema\\\/logo\\\/image\\\/\"}}]}<\/script>\n<!-- \/ Yoast SEO plugin. -->","yoast_head_json":{"title":"Ohrringe SPARKLING Loops - Lisa Kroeber Jewellery Art","robots":{"index":"index","follow":"follow","max-snippet":"max-snippet:-1","max-image-preview":"max-image-preview:large","max-video-preview":"max-video-preview:-1"},"canonical":"https:\/\/lisakroeber.com\/de\/produkt\/ohrschmuck-sparkling-minis-copy\/","og_locale":"de_DE","og_type":"article","og_title":"Ohrringe SPARKLING Loops - Lisa Kroeber Jewellery Art","og_description":"Sparkling Loops Ohrringe Leicht. Organisch. Funkelnd.  Sparkling Loops Ohrringe \u00fcberzeugen durch ihre organische, luftige Form, inspiriert von farbigen Bl\u00fctenbl\u00e4ttern \u2014 reduziert auf das Wesentliche und dennoch voller Leichtigkeit und Zartheit. In schimmernden Farben gehalten, fangen sie das Licht wundersch\u00f6n ein und sind dabei federleicht und angenehm zu tragen. Eine limitierte Edition, die deinem Alltag einen dezenten Glanz und eine fr\u00f6hliche Ausstrahlung verleiht.  anderen Farben unserer Loops Ohrringe","og_url":"https:\/\/lisakroeber.com\/de\/produkt\/ohrschmuck-sparkling-minis-copy\/","og_site_name":"Lisa Kroeber Jewellery Art","article_modified_time":"2026-03-17T11:11:06+00:00","og_image":[{"width":2560,"height":2560,"url":"https:\/\/lisakroeber.com\/wp-content\/uploads\/2023\/12\/sparkle-veb-scaled.jpg","type":"image\/jpeg"}],"twitter_card":"summary_large_image","twitter_misc":{"Gesch\u00e4tzte Lesezeit":"1\u00a0Minute"},"schema":{"@context":"https:\/\/schema.org","@graph":[{"@type":"WebPage","@id":"https:\/\/lisakroeber.com\/de\/produkt\/ohrschmuck-sparkling-minis-copy\/","url":"https:\/\/lisakroeber.com\/de\/produkt\/ohrschmuck-sparkling-minis-copy\/","name":"Ohrringe SPARKLING Loops - Lisa Kroeber Jewellery Art","isPartOf":{"@id":"https:\/\/lisakroeber.com\/#website"},"primaryImageOfPage":{"@id":"https:\/\/lisakroeber.com\/de\/produkt\/ohrschmuck-sparkling-minis-copy\/#primaryimage"},"image":{"@id":"https:\/\/lisakroeber.com\/de\/produkt\/ohrschmuck-sparkling-minis-copy\/#primaryimage"},"thumbnailUrl":"https:\/\/lisakroeber.com\/wp-content\/uploads\/2023\/12\/sparkle-veb-scaled.jpg","datePublished":"2023-12-01T18:32:55+00:00","dateModified":"2026-03-17T11:11:06+00:00","breadcrumb":{"@id":"https:\/\/lisakroeber.com\/de\/produkt\/ohrschmuck-sparkling-minis-copy\/#breadcrumb"},"inLanguage":"de","potentialAction":[{"@type":"ReadAction","target":["https:\/\/lisakroeber.com\/de\/produkt\/ohrschmuck-sparkling-minis-copy\/"]}]},{"@type":"ImageObject","inLanguage":"de","@id":"https:\/\/lisakroeber.com\/de\/produkt\/ohrschmuck-sparkling-minis-copy\/#primaryimage","url":"https:\/\/lisakroeber.com\/wp-content\/uploads\/2023\/12\/sparkle-veb-scaled.jpg","contentUrl":"https:\/\/lisakroeber.com\/wp-content\/uploads\/2023\/12\/sparkle-veb-scaled.jpg","width":2560,"height":2560},{"@type":"BreadcrumbList","@id":"https:\/\/lisakroeber.com\/de\/produkt\/ohrschmuck-sparkling-minis-copy\/#breadcrumb","itemListElement":[{"@type":"ListItem","position":1,"name":"Home","item":"https:\/\/lisakroeber.com\/de\/"},{"@type":"ListItem","position":2,"name":"Gesch\u00e4ft","item":"https:\/\/lisakroeber.com\/de\/geschaeft\/"},{"@type":"ListItem","position":3,"name":"Ohrringe SPARKLING Loops"}]},{"@type":"WebSite","@id":"https:\/\/lisakroeber.com\/#website","url":"https:\/\/lisakroeber.com\/","name":"Lisa Kroeber Jewellery Art","description":"Lisa Kroeber Jewellery Art e-shop","publisher":{"@id":"https:\/\/lisakroeber.com\/#organization"},"potentialAction":[{"@type":"SearchAction","target":{"@type":"EntryPoint","urlTemplate":"https:\/\/lisakroeber.com\/?s={search_term_string}"},"query-input":{"@type":"PropertyValueSpecification","valueRequired":true,"valueName":"search_term_string"}}],"inLanguage":"de"},{"@type":"Organization","@id":"https:\/\/lisakroeber.com\/#organization","name":"Lisa Kroeber Jewellery","url":"https:\/\/lisakroeber.com\/","logo":{"@type":"ImageObject","inLanguage":"de","@id":"https:\/\/lisakroeber.com\/#\/schema\/logo\/image\/","url":"https:\/\/lisakroeber.com\/wp-content\/uploads\/2024\/07\/47178367_317322115661289_143956003702964224_n-e1543863670541.svg","contentUrl":"https:\/\/lisakroeber.com\/wp-content\/uploads\/2024\/07\/47178367_317322115661289_143956003702964224_n-e1543863670541.svg","width":1,"height":1,"caption":"Lisa Kroeber Jewellery"},"image":{"@id":"https:\/\/lisakroeber.com\/#\/schema\/logo\/image\/"}}]}},"_links":{"self":[{"href":"https:\/\/lisakroeber.com\/de\/wp-json\/wp\/v2\/product\/27308","targetHints":{"allow":["GET"]}}],"collection":[{"href":"https:\/\/lisakroeber.com\/de\/wp-json\/wp\/v2\/product"}],"about":[{"href":"https:\/\/lisakroeber.com\/de\/wp-json\/wp\/v2\/types\/product"}],"wp:featuredmedia":[{"embeddable":true,"href":"https:\/\/lisakroeber.com\/de\/wp-json\/wp\/v2\/media\/27679"}],"wp:attachment":[{"href":"https:\/\/lisakroeber.com\/de\/wp-json\/wp\/v2\/media?parent=27308"}],"wp:term":[{"taxonomy":"product_brand","embeddable":true,"href":"https:\/\/lisakroeber.com\/de\/wp-json\/wp\/v2\/product_brand?post=27308"},{"taxonomy":"product_cat","embeddable":true,"href":"https:\/\/lisakroeber.com\/de\/wp-json\/wp\/v2\/product_cat?post=27308"},{"taxonomy":"product_tag","embeddable":true,"href":"https:\/\/lisakroeber.com\/de\/wp-json\/wp\/v2\/product_tag?post=27308"}],"curies":[{"name":"wp","href":"https:\/\/api.w.org\/{rel}","templated":true}]}}