{"id":27451,"date":"2023-12-03T13:37:35","date_gmt":"2023-12-03T11:37:35","guid":{"rendered":"https:\/\/lisakroeber.com\/uus\/?post_type=product&#038;p=27451"},"modified":"2026-03-17T12:59:26","modified_gmt":"2026-03-17T10:59:26","slug":"ohrschmuck-sparkling-loops-copy-5","status":"publish","type":"product","link":"https:\/\/lisakroeber.com\/de\/produkt\/ohrschmuck-sparkling-loops-copy-5\/","title":{"rendered":"Ohrringe SPARKLING Double Folded"},"content":{"rendered":"","protected":false},"excerpt":{"rendered":"<p><b>Sparkling Double Folded Ohrringe<\/b><b><br \/>\n<\/b><span style=\"font-weight: 400;\"> Auff\u00e4llig. Skulptural. Architektonisch.<\/span><\/p>\n<p><span style=\"font-weight: 400;\">Sparkling Double Folded<\/span><span style=\"font-weight: 400;\"> Die Sparkling Double Folded Ohrringe vereinen zwei gefaltete Elemente zu einer ausdrucksstarken, architektonischen Form. Klare Kanten, scharfe Winkel und eine geschichtete Struktur erzeugen Tiefe und Rhythmus und verleihen dem Design eine kraftvolle, zugleich ausgewogene Ausstrahlung. <\/span><\/p>\n<p><span style=\"font-weight: 400;\">Die funkelnde Oberfl\u00e4che f\u00e4ngt das Licht wundersch\u00f6n ein und verleiht der skulpturalen Form einen eleganten Glanz. Trotz ihrer markanten Erscheinung sind die Ohrringe angenehm zu tragen \u2014 ein selbstbewusstes Statement-Piece mit zeitlosem Charakter. <\/span><\/p>\n<p><a href=\"https:\/\/lisakroeber.com\/de\/produkt\/ohrschmuck-double-folded\/\"><span style=\"font-weight: 400;\">Folgen Sie dem Link, um die anderen Farben der Double Folded Ohrringe zu entdecken.<\/span><\/a><\/p>\n","protected":false},"featured_media":27480,"template":"","meta":{"content-type":""},"product_brand":[],"product_cat":[445,341,344,1075],"product_tag":[],"class_list":{"0":"post-27451","1":"product","2":"type-product","3":"status-publish","4":"has-post-thumbnail","6":"product_cat-folded-de","7":"product_cat-kollektionen","8":"product_cat-ohrschmuck","9":"product_cat-sparkling","11":"first","12":"instock","13":"taxable","14":"shipping-taxable","15":"purchasable","16":"product-type-variable"},"yoast_head":"<!-- This site is optimized with the Yoast SEO plugin v27.4 - https:\/\/yoast.com\/product\/yoast-seo-wordpress\/ -->\n<title>Ohrringe SPARKLING Double Folded - Lisa Kroeber Jewellery Art<\/title>\n<meta name=\"robots\" content=\"index, follow, max-snippet:-1, max-image-preview:large, max-video-preview:-1\" \/>\n<link rel=\"canonical\" href=\"https:\/\/lisakroeber.com\/de\/produkt\/ohrschmuck-sparkling-loops-copy-5\/\" \/>\n<meta property=\"og:locale\" content=\"de_DE\" \/>\n<meta property=\"og:type\" content=\"article\" \/>\n<meta property=\"og:title\" content=\"Ohrringe SPARKLING Double Folded - Lisa Kroeber Jewellery Art\" \/>\n<meta property=\"og:description\" content=\"Sparkling Double Folded Ohrringe Auff\u00e4llig. Skulptural. Architektonisch. Sparkling Double Folded Die Sparkling Double Folded Ohrringe vereinen zwei gefaltete Elemente zu einer ausdrucksstarken, architektonischen Form. Klare Kanten, scharfe Winkel und eine geschichtete Struktur erzeugen Tiefe und Rhythmus und verleihen dem Design eine kraftvolle, zugleich ausgewogene Ausstrahlung.  Die funkelnde Oberfl\u00e4che f\u00e4ngt das Licht wundersch\u00f6n ein und verleiht der skulpturalen Form einen eleganten Glanz. Trotz ihrer markanten Erscheinung sind die Ohrringe angenehm zu tragen \u2014 ein selbstbewusstes Statement-Piece mit zeitlosem Charakter.  Folgen Sie dem Link, um die anderen Farben der Double Folded Ohrringe zu entdecken.\" \/>\n<meta property=\"og:url\" content=\"https:\/\/lisakroeber.com\/de\/produkt\/ohrschmuck-sparkling-loops-copy-5\/\" \/>\n<meta property=\"og:site_name\" content=\"Lisa Kroeber Jewellery Art\" \/>\n<meta property=\"article:modified_time\" content=\"2026-03-17T10:59:26+00:00\" \/>\n<meta property=\"og:image\" content=\"https:\/\/lisakroeber.com\/wp-content\/uploads\/2023\/12\/double_folded_sparkling_gold.jpg\" \/>\n\t<meta property=\"og:image:width\" content=\"1500\" \/>\n\t<meta property=\"og:image:height\" content=\"1500\" \/>\n\t<meta property=\"og:image:type\" content=\"image\/jpeg\" \/>\n<meta name=\"twitter:card\" content=\"summary_large_image\" \/>\n<meta name=\"twitter:label1\" content=\"Gesch\u00e4tzte Lesezeit\" \/>\n\t<meta name=\"twitter:data1\" content=\"1\u00a0Minute\" \/>\n<script type=\"application\/ld+json\" class=\"yoast-schema-graph\">{\"@context\":\"https:\\\/\\\/schema.org\",\"@graph\":[{\"@type\":\"WebPage\",\"@id\":\"https:\\\/\\\/lisakroeber.com\\\/de\\\/produkt\\\/ohrschmuck-sparkling-loops-copy-5\\\/\",\"url\":\"https:\\\/\\\/lisakroeber.com\\\/de\\\/produkt\\\/ohrschmuck-sparkling-loops-copy-5\\\/\",\"name\":\"Ohrringe SPARKLING Double Folded - Lisa Kroeber Jewellery Art\",\"isPartOf\":{\"@id\":\"https:\\\/\\\/lisakroeber.com\\\/#website\"},\"primaryImageOfPage\":{\"@id\":\"https:\\\/\\\/lisakroeber.com\\\/de\\\/produkt\\\/ohrschmuck-sparkling-loops-copy-5\\\/#primaryimage\"},\"image\":{\"@id\":\"https:\\\/\\\/lisakroeber.com\\\/de\\\/produkt\\\/ohrschmuck-sparkling-loops-copy-5\\\/#primaryimage\"},\"thumbnailUrl\":\"https:\\\/\\\/lisakroeber.com\\\/wp-content\\\/uploads\\\/2023\\\/12\\\/double_folded_sparkling_gold.jpg\",\"datePublished\":\"2023-12-03T11:37:35+00:00\",\"dateModified\":\"2026-03-17T10:59:26+00:00\",\"breadcrumb\":{\"@id\":\"https:\\\/\\\/lisakroeber.com\\\/de\\\/produkt\\\/ohrschmuck-sparkling-loops-copy-5\\\/#breadcrumb\"},\"inLanguage\":\"de\",\"potentialAction\":[{\"@type\":\"ReadAction\",\"target\":[\"https:\\\/\\\/lisakroeber.com\\\/de\\\/produkt\\\/ohrschmuck-sparkling-loops-copy-5\\\/\"]}]},{\"@type\":\"ImageObject\",\"inLanguage\":\"de\",\"@id\":\"https:\\\/\\\/lisakroeber.com\\\/de\\\/produkt\\\/ohrschmuck-sparkling-loops-copy-5\\\/#primaryimage\",\"url\":\"https:\\\/\\\/lisakroeber.com\\\/wp-content\\\/uploads\\\/2023\\\/12\\\/double_folded_sparkling_gold.jpg\",\"contentUrl\":\"https:\\\/\\\/lisakroeber.com\\\/wp-content\\\/uploads\\\/2023\\\/12\\\/double_folded_sparkling_gold.jpg\",\"width\":1500,\"height\":1500},{\"@type\":\"BreadcrumbList\",\"@id\":\"https:\\\/\\\/lisakroeber.com\\\/de\\\/produkt\\\/ohrschmuck-sparkling-loops-copy-5\\\/#breadcrumb\",\"itemListElement\":[{\"@type\":\"ListItem\",\"position\":1,\"name\":\"Home\",\"item\":\"https:\\\/\\\/lisakroeber.com\\\/de\\\/\"},{\"@type\":\"ListItem\",\"position\":2,\"name\":\"Gesch\u00e4ft\",\"item\":\"https:\\\/\\\/lisakroeber.com\\\/de\\\/geschaeft\\\/\"},{\"@type\":\"ListItem\",\"position\":3,\"name\":\"Ohrringe SPARKLING Double Folded\"}]},{\"@type\":\"WebSite\",\"@id\":\"https:\\\/\\\/lisakroeber.com\\\/#website\",\"url\":\"https:\\\/\\\/lisakroeber.com\\\/\",\"name\":\"Lisa Kroeber Jewellery Art\",\"description\":\"Lisa Kroeber Jewellery Art e-shop\",\"publisher\":{\"@id\":\"https:\\\/\\\/lisakroeber.com\\\/#organization\"},\"potentialAction\":[{\"@type\":\"SearchAction\",\"target\":{\"@type\":\"EntryPoint\",\"urlTemplate\":\"https:\\\/\\\/lisakroeber.com\\\/?s={search_term_string}\"},\"query-input\":{\"@type\":\"PropertyValueSpecification\",\"valueRequired\":true,\"valueName\":\"search_term_string\"}}],\"inLanguage\":\"de\"},{\"@type\":\"Organization\",\"@id\":\"https:\\\/\\\/lisakroeber.com\\\/#organization\",\"name\":\"Lisa Kroeber Jewellery\",\"url\":\"https:\\\/\\\/lisakroeber.com\\\/\",\"logo\":{\"@type\":\"ImageObject\",\"inLanguage\":\"de\",\"@id\":\"https:\\\/\\\/lisakroeber.com\\\/#\\\/schema\\\/logo\\\/image\\\/\",\"url\":\"https:\\\/\\\/lisakroeber.com\\\/wp-content\\\/uploads\\\/2024\\\/07\\\/47178367_317322115661289_143956003702964224_n-e1543863670541.svg\",\"contentUrl\":\"https:\\\/\\\/lisakroeber.com\\\/wp-content\\\/uploads\\\/2024\\\/07\\\/47178367_317322115661289_143956003702964224_n-e1543863670541.svg\",\"width\":1,\"height\":1,\"caption\":\"Lisa Kroeber Jewellery\"},\"image\":{\"@id\":\"https:\\\/\\\/lisakroeber.com\\\/#\\\/schema\\\/logo\\\/image\\\/\"}}]}<\/script>\n<!-- \/ Yoast SEO plugin. -->","yoast_head_json":{"title":"Ohrringe SPARKLING Double Folded - Lisa Kroeber Jewellery Art","robots":{"index":"index","follow":"follow","max-snippet":"max-snippet:-1","max-image-preview":"max-image-preview:large","max-video-preview":"max-video-preview:-1"},"canonical":"https:\/\/lisakroeber.com\/de\/produkt\/ohrschmuck-sparkling-loops-copy-5\/","og_locale":"de_DE","og_type":"article","og_title":"Ohrringe SPARKLING Double Folded - Lisa Kroeber Jewellery Art","og_description":"Sparkling Double Folded Ohrringe Auff\u00e4llig. Skulptural. Architektonisch. Sparkling Double Folded Die Sparkling Double Folded Ohrringe vereinen zwei gefaltete Elemente zu einer ausdrucksstarken, architektonischen Form. Klare Kanten, scharfe Winkel und eine geschichtete Struktur erzeugen Tiefe und Rhythmus und verleihen dem Design eine kraftvolle, zugleich ausgewogene Ausstrahlung.  Die funkelnde Oberfl\u00e4che f\u00e4ngt das Licht wundersch\u00f6n ein und verleiht der skulpturalen Form einen eleganten Glanz. Trotz ihrer markanten Erscheinung sind die Ohrringe angenehm zu tragen \u2014 ein selbstbewusstes Statement-Piece mit zeitlosem Charakter.  Folgen Sie dem Link, um die anderen Farben der Double Folded Ohrringe zu entdecken.","og_url":"https:\/\/lisakroeber.com\/de\/produkt\/ohrschmuck-sparkling-loops-copy-5\/","og_site_name":"Lisa Kroeber Jewellery Art","article_modified_time":"2026-03-17T10:59:26+00:00","og_image":[{"width":1500,"height":1500,"url":"https:\/\/lisakroeber.com\/wp-content\/uploads\/2023\/12\/double_folded_sparkling_gold.jpg","type":"image\/jpeg"}],"twitter_card":"summary_large_image","twitter_misc":{"Gesch\u00e4tzte Lesezeit":"1\u00a0Minute"},"schema":{"@context":"https:\/\/schema.org","@graph":[{"@type":"WebPage","@id":"https:\/\/lisakroeber.com\/de\/produkt\/ohrschmuck-sparkling-loops-copy-5\/","url":"https:\/\/lisakroeber.com\/de\/produkt\/ohrschmuck-sparkling-loops-copy-5\/","name":"Ohrringe SPARKLING Double Folded - Lisa Kroeber Jewellery Art","isPartOf":{"@id":"https:\/\/lisakroeber.com\/#website"},"primaryImageOfPage":{"@id":"https:\/\/lisakroeber.com\/de\/produkt\/ohrschmuck-sparkling-loops-copy-5\/#primaryimage"},"image":{"@id":"https:\/\/lisakroeber.com\/de\/produkt\/ohrschmuck-sparkling-loops-copy-5\/#primaryimage"},"thumbnailUrl":"https:\/\/lisakroeber.com\/wp-content\/uploads\/2023\/12\/double_folded_sparkling_gold.jpg","datePublished":"2023-12-03T11:37:35+00:00","dateModified":"2026-03-17T10:59:26+00:00","breadcrumb":{"@id":"https:\/\/lisakroeber.com\/de\/produkt\/ohrschmuck-sparkling-loops-copy-5\/#breadcrumb"},"inLanguage":"de","potentialAction":[{"@type":"ReadAction","target":["https:\/\/lisakroeber.com\/de\/produkt\/ohrschmuck-sparkling-loops-copy-5\/"]}]},{"@type":"ImageObject","inLanguage":"de","@id":"https:\/\/lisakroeber.com\/de\/produkt\/ohrschmuck-sparkling-loops-copy-5\/#primaryimage","url":"https:\/\/lisakroeber.com\/wp-content\/uploads\/2023\/12\/double_folded_sparkling_gold.jpg","contentUrl":"https:\/\/lisakroeber.com\/wp-content\/uploads\/2023\/12\/double_folded_sparkling_gold.jpg","width":1500,"height":1500},{"@type":"BreadcrumbList","@id":"https:\/\/lisakroeber.com\/de\/produkt\/ohrschmuck-sparkling-loops-copy-5\/#breadcrumb","itemListElement":[{"@type":"ListItem","position":1,"name":"Home","item":"https:\/\/lisakroeber.com\/de\/"},{"@type":"ListItem","position":2,"name":"Gesch\u00e4ft","item":"https:\/\/lisakroeber.com\/de\/geschaeft\/"},{"@type":"ListItem","position":3,"name":"Ohrringe SPARKLING Double Folded"}]},{"@type":"WebSite","@id":"https:\/\/lisakroeber.com\/#website","url":"https:\/\/lisakroeber.com\/","name":"Lisa Kroeber Jewellery Art","description":"Lisa Kroeber Jewellery Art e-shop","publisher":{"@id":"https:\/\/lisakroeber.com\/#organization"},"potentialAction":[{"@type":"SearchAction","target":{"@type":"EntryPoint","urlTemplate":"https:\/\/lisakroeber.com\/?s={search_term_string}"},"query-input":{"@type":"PropertyValueSpecification","valueRequired":true,"valueName":"search_term_string"}}],"inLanguage":"de"},{"@type":"Organization","@id":"https:\/\/lisakroeber.com\/#organization","name":"Lisa Kroeber Jewellery","url":"https:\/\/lisakroeber.com\/","logo":{"@type":"ImageObject","inLanguage":"de","@id":"https:\/\/lisakroeber.com\/#\/schema\/logo\/image\/","url":"https:\/\/lisakroeber.com\/wp-content\/uploads\/2024\/07\/47178367_317322115661289_143956003702964224_n-e1543863670541.svg","contentUrl":"https:\/\/lisakroeber.com\/wp-content\/uploads\/2024\/07\/47178367_317322115661289_143956003702964224_n-e1543863670541.svg","width":1,"height":1,"caption":"Lisa Kroeber Jewellery"},"image":{"@id":"https:\/\/lisakroeber.com\/#\/schema\/logo\/image\/"}}]}},"_links":{"self":[{"href":"https:\/\/lisakroeber.com\/de\/wp-json\/wp\/v2\/product\/27451","targetHints":{"allow":["GET"]}}],"collection":[{"href":"https:\/\/lisakroeber.com\/de\/wp-json\/wp\/v2\/product"}],"about":[{"href":"https:\/\/lisakroeber.com\/de\/wp-json\/wp\/v2\/types\/product"}],"wp:featuredmedia":[{"embeddable":true,"href":"https:\/\/lisakroeber.com\/de\/wp-json\/wp\/v2\/media\/27480"}],"wp:attachment":[{"href":"https:\/\/lisakroeber.com\/de\/wp-json\/wp\/v2\/media?parent=27451"}],"wp:term":[{"taxonomy":"product_brand","embeddable":true,"href":"https:\/\/lisakroeber.com\/de\/wp-json\/wp\/v2\/product_brand?post=27451"},{"taxonomy":"product_cat","embeddable":true,"href":"https:\/\/lisakroeber.com\/de\/wp-json\/wp\/v2\/product_cat?post=27451"},{"taxonomy":"product_tag","embeddable":true,"href":"https:\/\/lisakroeber.com\/de\/wp-json\/wp\/v2\/product_tag?post=27451"}],"curies":[{"name":"wp","href":"https:\/\/api.w.org\/{rel}","templated":true}]}}