{"id":29988,"date":"2024-05-23T14:21:22","date_gmt":"2024-05-23T12:21:22","guid":{"rendered":"https:\/\/lisakroeber.com\/uus\/?post_type=product&#038;p=29988"},"modified":"2026-01-09T10:29:48","modified_gmt":"2026-01-09T08:29:48","slug":"ohrringe-erdbeere","status":"publish","type":"product","link":"https:\/\/lisakroeber.com\/de\/produkt\/ohrringe-erdbeere\/","title":{"rendered":"Ohrringe Erdbeere"},"content":{"rendered":"<p data-start=\"983\" data-end=\"1038\"><strong data-start=\"983\" data-end=\"1006\">Erdbeer Ohrringe<\/strong><br data-start=\"1006\" data-end=\"1009\" \/>Verspielt. Ikonisch. Lokal.<\/p>\n<p data-start=\"1040\" data-end=\"1399\">Unsere <em><strong>Erdbeer<\/strong><\/em> Ohrringe sind inspiriert von unserer kleinen Heimatstadt Viljandi im S\u00fcden Estlands \u2014 einem Ort, der im Sommer f\u00fcr seine \u00fcppigen Erdbeeren bekannt ist. Als Symbol der Stadt war die Erdbeere die perfekte Inspiration f\u00fcr diese Schmuckst\u00fccke. Die kleinen Erdbeeren bringen Freude, Farbe und einen Hauch lokaler Identit\u00e4t in deinen Alltag.<\/p>\n","protected":false},"excerpt":{"rendered":"<p data-start=\"134\" data-end=\"185\"><strong data-start=\"134\" data-end=\"157\">Erdbeer-Ohrringe<\/strong><br data-start=\"157\" data-end=\"160\">Verspielt. Kultig. Lokal.  <\/p>\n<p data-start=\"187\" data-end=\"528\">Unsere <em data-start=\"191\" data-end=\"203\">Erdbeer<\/em>-Ohrringe sind von unserer kleinen Heimatstadt Viljandi im S\u00fcden Estlands inspiriert \u2013 einem Ort, der f\u00fcr seine \u00fcppigen Sommererdbeeren bekannt ist. Als Symbol der Stadt schien die Erdbeere das perfekte Motiv zu sein, um sie in Schmuck zu verwandeln. Diese winzigen Erdbeeren bringen einen Hauch von Freude, Farbe und lokalem Charakter in Ihren Alltagslook.  <\/p>\n<p>Kollektion: Erdbeere<\/p>\n<p>Materialien: pulverbeschichtetes Messing, Sterlingsilber<\/p>\n<p><span style=\"color: #333333;\">Gr\u00f6\u00dfe: 2 cm x 2,5 cm <\/span><\/p>\n<p><span style=\"color: #333333;\">Gewicht pro St\u00fcck: 2 g<\/span><\/p>\n<p>Alle Produkte werden innerhalb von 1-5 Tagen versendet.<\/p>\n<p>Alle Artikel werden in einer Geschenkbox verschickt.<\/p>\n","protected":false},"featured_media":30157,"template":"","meta":{"content-type":""},"product_brand":[],"product_cat":[341,344,822],"product_tag":[],"class_list":{"0":"post-29988","1":"product","2":"type-product","3":"status-publish","4":"has-post-thumbnail","6":"product_cat-kollektionen","7":"product_cat-ohrschmuck","8":"product_cat-strawberries","10":"first","11":"instock","12":"taxable","13":"shipping-taxable","14":"purchasable","15":"product-type-simple"},"yoast_head":"<!-- This site is optimized with the Yoast SEO plugin v27.3 - https:\/\/yoast.com\/product\/yoast-seo-wordpress\/ -->\n<title>Ohrringe Erdbeere - Lisa Kroeber Jewellery Art<\/title>\n<meta name=\"robots\" content=\"index, follow, max-snippet:-1, max-image-preview:large, max-video-preview:-1\" \/>\n<link rel=\"canonical\" href=\"https:\/\/lisakroeber.com\/de\/produkt\/ohrringe-erdbeere\/\" \/>\n<meta property=\"og:locale\" content=\"de_DE\" \/>\n<meta property=\"og:type\" content=\"article\" \/>\n<meta property=\"og:title\" content=\"Ohrringe Erdbeere - Lisa Kroeber Jewellery Art\" \/>\n<meta property=\"og:description\" content=\"Erdbeer-OhrringeVerspielt. Kultig. Lokal.  Unsere Erdbeer-Ohrringe sind von unserer kleinen Heimatstadt Viljandi im S\u00fcden Estlands inspiriert \u2013 einem Ort, der f\u00fcr seine \u00fcppigen Sommererdbeeren bekannt ist. Als Symbol der Stadt schien die Erdbeere das perfekte Motiv zu sein, um sie in Schmuck zu verwandeln. Diese winzigen Erdbeeren bringen einen Hauch von Freude, Farbe und lokalem Charakter in Ihren Alltagslook.  Kollektion: Erdbeere Materialien: pulverbeschichtetes Messing, Sterlingsilber Gr\u00f6\u00dfe: 2 cm x 2,5 cm  Gewicht pro St\u00fcck: 2 g Alle Produkte werden innerhalb von 1-5 Tagen versendet. Alle Artikel werden in einer Geschenkbox verschickt.\" \/>\n<meta property=\"og:url\" content=\"https:\/\/lisakroeber.com\/de\/produkt\/ohrringe-erdbeere\/\" \/>\n<meta property=\"og:site_name\" content=\"Lisa Kroeber Jewellery Art\" \/>\n<meta property=\"article:modified_time\" content=\"2026-01-09T08:29:48+00:00\" \/>\n<meta property=\"og:image\" content=\"https:\/\/lisakroeber.com\/wp-content\/uploads\/2024\/06\/Maasikad-earrings-front.jpg\" \/>\n\t<meta property=\"og:image:width\" content=\"1772\" \/>\n\t<meta property=\"og:image:height\" content=\"1772\" \/>\n\t<meta property=\"og:image:type\" content=\"image\/jpeg\" \/>\n<meta name=\"twitter:card\" content=\"summary_large_image\" \/>\n<meta name=\"twitter:label1\" content=\"Gesch\u00e4tzte Lesezeit\" \/>\n\t<meta name=\"twitter:data1\" content=\"1\u00a0Minute\" \/>\n<script type=\"application\/ld+json\" class=\"yoast-schema-graph\">{\"@context\":\"https:\\\/\\\/schema.org\",\"@graph\":[{\"@type\":\"WebPage\",\"@id\":\"https:\\\/\\\/lisakroeber.com\\\/de\\\/produkt\\\/ohrringe-erdbeere\\\/\",\"url\":\"https:\\\/\\\/lisakroeber.com\\\/de\\\/produkt\\\/ohrringe-erdbeere\\\/\",\"name\":\"Ohrringe Erdbeere - Lisa Kroeber Jewellery Art\",\"isPartOf\":{\"@id\":\"https:\\\/\\\/lisakroeber.com\\\/#website\"},\"primaryImageOfPage\":{\"@id\":\"https:\\\/\\\/lisakroeber.com\\\/de\\\/produkt\\\/ohrringe-erdbeere\\\/#primaryimage\"},\"image\":{\"@id\":\"https:\\\/\\\/lisakroeber.com\\\/de\\\/produkt\\\/ohrringe-erdbeere\\\/#primaryimage\"},\"thumbnailUrl\":\"https:\\\/\\\/lisakroeber.com\\\/wp-content\\\/uploads\\\/2024\\\/06\\\/Maasikad-earrings-front.jpg\",\"datePublished\":\"2024-05-23T12:21:22+00:00\",\"dateModified\":\"2026-01-09T08:29:48+00:00\",\"breadcrumb\":{\"@id\":\"https:\\\/\\\/lisakroeber.com\\\/de\\\/produkt\\\/ohrringe-erdbeere\\\/#breadcrumb\"},\"inLanguage\":\"de\",\"potentialAction\":[{\"@type\":\"ReadAction\",\"target\":[\"https:\\\/\\\/lisakroeber.com\\\/de\\\/produkt\\\/ohrringe-erdbeere\\\/\"]}]},{\"@type\":\"ImageObject\",\"inLanguage\":\"de\",\"@id\":\"https:\\\/\\\/lisakroeber.com\\\/de\\\/produkt\\\/ohrringe-erdbeere\\\/#primaryimage\",\"url\":\"https:\\\/\\\/lisakroeber.com\\\/wp-content\\\/uploads\\\/2024\\\/06\\\/Maasikad-earrings-front.jpg\",\"contentUrl\":\"https:\\\/\\\/lisakroeber.com\\\/wp-content\\\/uploads\\\/2024\\\/06\\\/Maasikad-earrings-front.jpg\",\"width\":1772,\"height\":1772,\"caption\":\"KONICA MINOLTA DIGITALKAMERA\"},{\"@type\":\"BreadcrumbList\",\"@id\":\"https:\\\/\\\/lisakroeber.com\\\/de\\\/produkt\\\/ohrringe-erdbeere\\\/#breadcrumb\",\"itemListElement\":[{\"@type\":\"ListItem\",\"position\":1,\"name\":\"Home\",\"item\":\"https:\\\/\\\/lisakroeber.com\\\/de\\\/\"},{\"@type\":\"ListItem\",\"position\":2,\"name\":\"Gesch\u00e4ft\",\"item\":\"https:\\\/\\\/lisakroeber.com\\\/de\\\/geschaeft\\\/\"},{\"@type\":\"ListItem\",\"position\":3,\"name\":\"Ohrringe Erdbeere\"}]},{\"@type\":\"WebSite\",\"@id\":\"https:\\\/\\\/lisakroeber.com\\\/#website\",\"url\":\"https:\\\/\\\/lisakroeber.com\\\/\",\"name\":\"Lisa Kroeber Jewellery Art\",\"description\":\"Lisa Kroeber Jewellery Art e-shop\",\"publisher\":{\"@id\":\"https:\\\/\\\/lisakroeber.com\\\/#organization\"},\"potentialAction\":[{\"@type\":\"SearchAction\",\"target\":{\"@type\":\"EntryPoint\",\"urlTemplate\":\"https:\\\/\\\/lisakroeber.com\\\/?s={search_term_string}\"},\"query-input\":{\"@type\":\"PropertyValueSpecification\",\"valueRequired\":true,\"valueName\":\"search_term_string\"}}],\"inLanguage\":\"de\"},{\"@type\":\"Organization\",\"@id\":\"https:\\\/\\\/lisakroeber.com\\\/#organization\",\"name\":\"Lisa Kroeber Jewellery\",\"url\":\"https:\\\/\\\/lisakroeber.com\\\/\",\"logo\":{\"@type\":\"ImageObject\",\"inLanguage\":\"de\",\"@id\":\"https:\\\/\\\/lisakroeber.com\\\/#\\\/schema\\\/logo\\\/image\\\/\",\"url\":\"https:\\\/\\\/lisakroeber.com\\\/wp-content\\\/uploads\\\/2024\\\/07\\\/47178367_317322115661289_143956003702964224_n-e1543863670541.svg\",\"contentUrl\":\"https:\\\/\\\/lisakroeber.com\\\/wp-content\\\/uploads\\\/2024\\\/07\\\/47178367_317322115661289_143956003702964224_n-e1543863670541.svg\",\"width\":1,\"height\":1,\"caption\":\"Lisa Kroeber Jewellery\"},\"image\":{\"@id\":\"https:\\\/\\\/lisakroeber.com\\\/#\\\/schema\\\/logo\\\/image\\\/\"}}]}<\/script>\n<!-- \/ Yoast SEO plugin. -->","yoast_head_json":{"title":"Ohrringe Erdbeere - Lisa Kroeber Jewellery Art","robots":{"index":"index","follow":"follow","max-snippet":"max-snippet:-1","max-image-preview":"max-image-preview:large","max-video-preview":"max-video-preview:-1"},"canonical":"https:\/\/lisakroeber.com\/de\/produkt\/ohrringe-erdbeere\/","og_locale":"de_DE","og_type":"article","og_title":"Ohrringe Erdbeere - Lisa Kroeber Jewellery Art","og_description":"Erdbeer-OhrringeVerspielt. Kultig. Lokal.  Unsere Erdbeer-Ohrringe sind von unserer kleinen Heimatstadt Viljandi im S\u00fcden Estlands inspiriert \u2013 einem Ort, der f\u00fcr seine \u00fcppigen Sommererdbeeren bekannt ist. Als Symbol der Stadt schien die Erdbeere das perfekte Motiv zu sein, um sie in Schmuck zu verwandeln. Diese winzigen Erdbeeren bringen einen Hauch von Freude, Farbe und lokalem Charakter in Ihren Alltagslook.  Kollektion: Erdbeere Materialien: pulverbeschichtetes Messing, Sterlingsilber Gr\u00f6\u00dfe: 2 cm x 2,5 cm  Gewicht pro St\u00fcck: 2 g Alle Produkte werden innerhalb von 1-5 Tagen versendet. Alle Artikel werden in einer Geschenkbox verschickt.","og_url":"https:\/\/lisakroeber.com\/de\/produkt\/ohrringe-erdbeere\/","og_site_name":"Lisa Kroeber Jewellery Art","article_modified_time":"2026-01-09T08:29:48+00:00","og_image":[{"width":1772,"height":1772,"url":"https:\/\/lisakroeber.com\/wp-content\/uploads\/2024\/06\/Maasikad-earrings-front.jpg","type":"image\/jpeg"}],"twitter_card":"summary_large_image","twitter_misc":{"Gesch\u00e4tzte Lesezeit":"1\u00a0Minute"},"schema":{"@context":"https:\/\/schema.org","@graph":[{"@type":"WebPage","@id":"https:\/\/lisakroeber.com\/de\/produkt\/ohrringe-erdbeere\/","url":"https:\/\/lisakroeber.com\/de\/produkt\/ohrringe-erdbeere\/","name":"Ohrringe Erdbeere - Lisa Kroeber Jewellery Art","isPartOf":{"@id":"https:\/\/lisakroeber.com\/#website"},"primaryImageOfPage":{"@id":"https:\/\/lisakroeber.com\/de\/produkt\/ohrringe-erdbeere\/#primaryimage"},"image":{"@id":"https:\/\/lisakroeber.com\/de\/produkt\/ohrringe-erdbeere\/#primaryimage"},"thumbnailUrl":"https:\/\/lisakroeber.com\/wp-content\/uploads\/2024\/06\/Maasikad-earrings-front.jpg","datePublished":"2024-05-23T12:21:22+00:00","dateModified":"2026-01-09T08:29:48+00:00","breadcrumb":{"@id":"https:\/\/lisakroeber.com\/de\/produkt\/ohrringe-erdbeere\/#breadcrumb"},"inLanguage":"de","potentialAction":[{"@type":"ReadAction","target":["https:\/\/lisakroeber.com\/de\/produkt\/ohrringe-erdbeere\/"]}]},{"@type":"ImageObject","inLanguage":"de","@id":"https:\/\/lisakroeber.com\/de\/produkt\/ohrringe-erdbeere\/#primaryimage","url":"https:\/\/lisakroeber.com\/wp-content\/uploads\/2024\/06\/Maasikad-earrings-front.jpg","contentUrl":"https:\/\/lisakroeber.com\/wp-content\/uploads\/2024\/06\/Maasikad-earrings-front.jpg","width":1772,"height":1772,"caption":"KONICA MINOLTA DIGITALKAMERA"},{"@type":"BreadcrumbList","@id":"https:\/\/lisakroeber.com\/de\/produkt\/ohrringe-erdbeere\/#breadcrumb","itemListElement":[{"@type":"ListItem","position":1,"name":"Home","item":"https:\/\/lisakroeber.com\/de\/"},{"@type":"ListItem","position":2,"name":"Gesch\u00e4ft","item":"https:\/\/lisakroeber.com\/de\/geschaeft\/"},{"@type":"ListItem","position":3,"name":"Ohrringe Erdbeere"}]},{"@type":"WebSite","@id":"https:\/\/lisakroeber.com\/#website","url":"https:\/\/lisakroeber.com\/","name":"Lisa Kroeber Jewellery Art","description":"Lisa Kroeber Jewellery Art e-shop","publisher":{"@id":"https:\/\/lisakroeber.com\/#organization"},"potentialAction":[{"@type":"SearchAction","target":{"@type":"EntryPoint","urlTemplate":"https:\/\/lisakroeber.com\/?s={search_term_string}"},"query-input":{"@type":"PropertyValueSpecification","valueRequired":true,"valueName":"search_term_string"}}],"inLanguage":"de"},{"@type":"Organization","@id":"https:\/\/lisakroeber.com\/#organization","name":"Lisa Kroeber Jewellery","url":"https:\/\/lisakroeber.com\/","logo":{"@type":"ImageObject","inLanguage":"de","@id":"https:\/\/lisakroeber.com\/#\/schema\/logo\/image\/","url":"https:\/\/lisakroeber.com\/wp-content\/uploads\/2024\/07\/47178367_317322115661289_143956003702964224_n-e1543863670541.svg","contentUrl":"https:\/\/lisakroeber.com\/wp-content\/uploads\/2024\/07\/47178367_317322115661289_143956003702964224_n-e1543863670541.svg","width":1,"height":1,"caption":"Lisa Kroeber Jewellery"},"image":{"@id":"https:\/\/lisakroeber.com\/#\/schema\/logo\/image\/"}}]}},"_links":{"self":[{"href":"https:\/\/lisakroeber.com\/de\/wp-json\/wp\/v2\/product\/29988","targetHints":{"allow":["GET"]}}],"collection":[{"href":"https:\/\/lisakroeber.com\/de\/wp-json\/wp\/v2\/product"}],"about":[{"href":"https:\/\/lisakroeber.com\/de\/wp-json\/wp\/v2\/types\/product"}],"wp:featuredmedia":[{"embeddable":true,"href":"https:\/\/lisakroeber.com\/de\/wp-json\/wp\/v2\/media\/30157"}],"wp:attachment":[{"href":"https:\/\/lisakroeber.com\/de\/wp-json\/wp\/v2\/media?parent=29988"}],"wp:term":[{"taxonomy":"product_brand","embeddable":true,"href":"https:\/\/lisakroeber.com\/de\/wp-json\/wp\/v2\/product_brand?post=29988"},{"taxonomy":"product_cat","embeddable":true,"href":"https:\/\/lisakroeber.com\/de\/wp-json\/wp\/v2\/product_cat?post=29988"},{"taxonomy":"product_tag","embeddable":true,"href":"https:\/\/lisakroeber.com\/de\/wp-json\/wp\/v2\/product_tag?post=29988"}],"curies":[{"name":"wp","href":"https:\/\/api.w.org\/{rel}","templated":true}]}}