{"id":30117,"date":"2024-06-03T15:20:46","date_gmt":"2024-06-03T13:20:46","guid":{"rendered":"https:\/\/lisakroeber.com\/uus\/?post_type=product&#038;p=30117"},"modified":"2026-01-09T11:46:54","modified_gmt":"2026-01-09T09:46:54","slug":"ohrschmuck-rose","status":"publish","type":"product","link":"https:\/\/lisakroeber.com\/de\/produkt\/ohrschmuck-rose\/","title":{"rendered":"Ohrschmuck Viljandi Rose"},"content":{"rendered":"","protected":false},"excerpt":{"rendered":"<div>\n<p data-start=\"135\" data-end=\"192\"><strong data-start=\"135\" data-end=\"161\">Viljandi Rosenohrringe<\/strong><br data-start=\"161\" data-end=\"164\">Symboltr\u00e4chtig. Zeitlos. Lokal.<\/p>\n<p data-start=\"194\" data-end=\"481\">Die <em data-start=\"198\" data-end=\"213\">Viljandi Rose<\/em> Ohrringe sind von der wei\u00dfen Rose inspiriert, dem Symbol unserer Heimatstadt Viljandi im S\u00fcden Estlands \u2013 eine Rose, die sogar Teil des Stadtwappens ist. Das Rosensiegel wird seit mindestens 1432 verwendet und ist somit ein starkes Zeichen f\u00fcr Geschichte und Identit\u00e4t. <\/p>\n<p data-start=\"713\" data-end=\"937\">Auch in diesem Jahr haben wir wieder <em data-start=\"751\" data-end=\"767\">Viljandi Rosen<\/em> als Schmuckst\u00fccke entworfen \u2013 zarte Ohrringe und kleine Broschen, erh\u00e4ltlich in polierter Silber- und vergoldeter Ausf\u00fchrung. Ein bedeutungsvolles Schmuckst\u00fcck, das die Geschichte eines Ortes in sich tr\u00e4gt. <\/p>\n<\/div>\n<p>&nbsp;<\/p>\n","protected":false},"featured_media":30084,"template":"","meta":{"content-type":""},"product_brand":[],"product_cat":[341,344,843],"product_tag":[],"class_list":{"0":"post-30117","1":"product","2":"type-product","3":"status-publish","4":"has-post-thumbnail","6":"product_cat-kollektionen","7":"product_cat-ohrschmuck","8":"product_cat-vijandi-rose","10":"first","11":"instock","12":"taxable","13":"shipping-taxable","14":"purchasable","15":"product-type-variable"},"yoast_head":"<!-- This site is optimized with the Yoast SEO plugin v27.3 - https:\/\/yoast.com\/product\/yoast-seo-wordpress\/ -->\n<title>Ohrschmuck Viljandi Rose - Lisa Kroeber Jewellery Art<\/title>\n<meta name=\"robots\" content=\"index, follow, max-snippet:-1, max-image-preview:large, max-video-preview:-1\" \/>\n<link rel=\"canonical\" href=\"https:\/\/lisakroeber.com\/de\/produkt\/ohrschmuck-rose\/\" \/>\n<meta property=\"og:locale\" content=\"de_DE\" \/>\n<meta property=\"og:type\" content=\"article\" \/>\n<meta property=\"og:title\" content=\"Ohrschmuck Viljandi Rose - Lisa Kroeber Jewellery Art\" \/>\n<meta property=\"og:description\" content=\"Viljandi RosenohrringeSymboltr\u00e4chtig. Zeitlos. Lokal. Die Viljandi Rose Ohrringe sind von der wei\u00dfen Rose inspiriert, dem Symbol unserer Heimatstadt Viljandi im S\u00fcden Estlands \u2013 eine Rose, die sogar Teil des Stadtwappens ist. Das Rosensiegel wird seit mindestens 1432 verwendet und ist somit ein starkes Zeichen f\u00fcr Geschichte und Identit\u00e4t. Auch in diesem Jahr haben wir wieder Viljandi Rosen als Schmuckst\u00fccke entworfen \u2013 zarte Ohrringe und kleine Broschen, erh\u00e4ltlich in polierter Silber- und vergoldeter Ausf\u00fchrung. Ein bedeutungsvolles Schmuckst\u00fcck, das die Geschichte eines Ortes in sich tr\u00e4gt.  &nbsp;\" \/>\n<meta property=\"og:url\" content=\"https:\/\/lisakroeber.com\/de\/produkt\/ohrschmuck-rose\/\" \/>\n<meta property=\"og:site_name\" content=\"Lisa Kroeber Jewellery Art\" \/>\n<meta property=\"article:modified_time\" content=\"2026-01-09T09:46:54+00:00\" \/>\n<meta property=\"og:image\" content=\"https:\/\/lisakroeber.com\/wp-content\/uploads\/2024\/05\/Roos-Earrings-Silver-front.jpg\" \/>\n\t<meta property=\"og:image:width\" content=\"1772\" \/>\n\t<meta property=\"og:image:height\" content=\"1772\" \/>\n\t<meta property=\"og:image:type\" content=\"image\/jpeg\" \/>\n<meta name=\"twitter:card\" content=\"summary_large_image\" \/>\n<meta name=\"twitter:label1\" content=\"Gesch\u00e4tzte Lesezeit\" \/>\n\t<meta name=\"twitter:data1\" content=\"1\u00a0Minute\" \/>\n<script type=\"application\/ld+json\" class=\"yoast-schema-graph\">{\"@context\":\"https:\\\/\\\/schema.org\",\"@graph\":[{\"@type\":\"WebPage\",\"@id\":\"https:\\\/\\\/lisakroeber.com\\\/de\\\/produkt\\\/ohrschmuck-rose\\\/\",\"url\":\"https:\\\/\\\/lisakroeber.com\\\/de\\\/produkt\\\/ohrschmuck-rose\\\/\",\"name\":\"Ohrschmuck Viljandi Rose - Lisa Kroeber Jewellery Art\",\"isPartOf\":{\"@id\":\"https:\\\/\\\/lisakroeber.com\\\/#website\"},\"primaryImageOfPage\":{\"@id\":\"https:\\\/\\\/lisakroeber.com\\\/de\\\/produkt\\\/ohrschmuck-rose\\\/#primaryimage\"},\"image\":{\"@id\":\"https:\\\/\\\/lisakroeber.com\\\/de\\\/produkt\\\/ohrschmuck-rose\\\/#primaryimage\"},\"thumbnailUrl\":\"https:\\\/\\\/lisakroeber.com\\\/wp-content\\\/uploads\\\/2024\\\/05\\\/Roos-Earrings-Silver-front.jpg\",\"datePublished\":\"2024-06-03T13:20:46+00:00\",\"dateModified\":\"2026-01-09T09:46:54+00:00\",\"breadcrumb\":{\"@id\":\"https:\\\/\\\/lisakroeber.com\\\/de\\\/produkt\\\/ohrschmuck-rose\\\/#breadcrumb\"},\"inLanguage\":\"de\",\"potentialAction\":[{\"@type\":\"ReadAction\",\"target\":[\"https:\\\/\\\/lisakroeber.com\\\/de\\\/produkt\\\/ohrschmuck-rose\\\/\"]}]},{\"@type\":\"ImageObject\",\"inLanguage\":\"de\",\"@id\":\"https:\\\/\\\/lisakroeber.com\\\/de\\\/produkt\\\/ohrschmuck-rose\\\/#primaryimage\",\"url\":\"https:\\\/\\\/lisakroeber.com\\\/wp-content\\\/uploads\\\/2024\\\/05\\\/Roos-Earrings-Silver-front.jpg\",\"contentUrl\":\"https:\\\/\\\/lisakroeber.com\\\/wp-content\\\/uploads\\\/2024\\\/05\\\/Roos-Earrings-Silver-front.jpg\",\"width\":1772,\"height\":1772,\"caption\":\"KONICA MINOLTA DIGITALKAMERA\"},{\"@type\":\"BreadcrumbList\",\"@id\":\"https:\\\/\\\/lisakroeber.com\\\/de\\\/produkt\\\/ohrschmuck-rose\\\/#breadcrumb\",\"itemListElement\":[{\"@type\":\"ListItem\",\"position\":1,\"name\":\"Home\",\"item\":\"https:\\\/\\\/lisakroeber.com\\\/de\\\/\"},{\"@type\":\"ListItem\",\"position\":2,\"name\":\"Gesch\u00e4ft\",\"item\":\"https:\\\/\\\/lisakroeber.com\\\/de\\\/geschaeft\\\/\"},{\"@type\":\"ListItem\",\"position\":3,\"name\":\"Ohrschmuck Viljandi Rose\"}]},{\"@type\":\"WebSite\",\"@id\":\"https:\\\/\\\/lisakroeber.com\\\/#website\",\"url\":\"https:\\\/\\\/lisakroeber.com\\\/\",\"name\":\"Lisa Kroeber Jewellery Art\",\"description\":\"Lisa Kroeber Jewellery Art e-shop\",\"publisher\":{\"@id\":\"https:\\\/\\\/lisakroeber.com\\\/#organization\"},\"potentialAction\":[{\"@type\":\"SearchAction\",\"target\":{\"@type\":\"EntryPoint\",\"urlTemplate\":\"https:\\\/\\\/lisakroeber.com\\\/?s={search_term_string}\"},\"query-input\":{\"@type\":\"PropertyValueSpecification\",\"valueRequired\":true,\"valueName\":\"search_term_string\"}}],\"inLanguage\":\"de\"},{\"@type\":\"Organization\",\"@id\":\"https:\\\/\\\/lisakroeber.com\\\/#organization\",\"name\":\"Lisa Kroeber Jewellery\",\"url\":\"https:\\\/\\\/lisakroeber.com\\\/\",\"logo\":{\"@type\":\"ImageObject\",\"inLanguage\":\"de\",\"@id\":\"https:\\\/\\\/lisakroeber.com\\\/#\\\/schema\\\/logo\\\/image\\\/\",\"url\":\"https:\\\/\\\/lisakroeber.com\\\/wp-content\\\/uploads\\\/2024\\\/07\\\/47178367_317322115661289_143956003702964224_n-e1543863670541.svg\",\"contentUrl\":\"https:\\\/\\\/lisakroeber.com\\\/wp-content\\\/uploads\\\/2024\\\/07\\\/47178367_317322115661289_143956003702964224_n-e1543863670541.svg\",\"width\":1,\"height\":1,\"caption\":\"Lisa Kroeber Jewellery\"},\"image\":{\"@id\":\"https:\\\/\\\/lisakroeber.com\\\/#\\\/schema\\\/logo\\\/image\\\/\"}}]}<\/script>\n<!-- \/ Yoast SEO plugin. -->","yoast_head_json":{"title":"Ohrschmuck Viljandi Rose - Lisa Kroeber Jewellery Art","robots":{"index":"index","follow":"follow","max-snippet":"max-snippet:-1","max-image-preview":"max-image-preview:large","max-video-preview":"max-video-preview:-1"},"canonical":"https:\/\/lisakroeber.com\/de\/produkt\/ohrschmuck-rose\/","og_locale":"de_DE","og_type":"article","og_title":"Ohrschmuck Viljandi Rose - Lisa Kroeber Jewellery Art","og_description":"Viljandi RosenohrringeSymboltr\u00e4chtig. Zeitlos. Lokal. Die Viljandi Rose Ohrringe sind von der wei\u00dfen Rose inspiriert, dem Symbol unserer Heimatstadt Viljandi im S\u00fcden Estlands \u2013 eine Rose, die sogar Teil des Stadtwappens ist. Das Rosensiegel wird seit mindestens 1432 verwendet und ist somit ein starkes Zeichen f\u00fcr Geschichte und Identit\u00e4t. Auch in diesem Jahr haben wir wieder Viljandi Rosen als Schmuckst\u00fccke entworfen \u2013 zarte Ohrringe und kleine Broschen, erh\u00e4ltlich in polierter Silber- und vergoldeter Ausf\u00fchrung. Ein bedeutungsvolles Schmuckst\u00fcck, das die Geschichte eines Ortes in sich tr\u00e4gt.  &nbsp;","og_url":"https:\/\/lisakroeber.com\/de\/produkt\/ohrschmuck-rose\/","og_site_name":"Lisa Kroeber Jewellery Art","article_modified_time":"2026-01-09T09:46:54+00:00","og_image":[{"width":1772,"height":1772,"url":"https:\/\/lisakroeber.com\/wp-content\/uploads\/2024\/05\/Roos-Earrings-Silver-front.jpg","type":"image\/jpeg"}],"twitter_card":"summary_large_image","twitter_misc":{"Gesch\u00e4tzte Lesezeit":"1\u00a0Minute"},"schema":{"@context":"https:\/\/schema.org","@graph":[{"@type":"WebPage","@id":"https:\/\/lisakroeber.com\/de\/produkt\/ohrschmuck-rose\/","url":"https:\/\/lisakroeber.com\/de\/produkt\/ohrschmuck-rose\/","name":"Ohrschmuck Viljandi Rose - Lisa Kroeber Jewellery Art","isPartOf":{"@id":"https:\/\/lisakroeber.com\/#website"},"primaryImageOfPage":{"@id":"https:\/\/lisakroeber.com\/de\/produkt\/ohrschmuck-rose\/#primaryimage"},"image":{"@id":"https:\/\/lisakroeber.com\/de\/produkt\/ohrschmuck-rose\/#primaryimage"},"thumbnailUrl":"https:\/\/lisakroeber.com\/wp-content\/uploads\/2024\/05\/Roos-Earrings-Silver-front.jpg","datePublished":"2024-06-03T13:20:46+00:00","dateModified":"2026-01-09T09:46:54+00:00","breadcrumb":{"@id":"https:\/\/lisakroeber.com\/de\/produkt\/ohrschmuck-rose\/#breadcrumb"},"inLanguage":"de","potentialAction":[{"@type":"ReadAction","target":["https:\/\/lisakroeber.com\/de\/produkt\/ohrschmuck-rose\/"]}]},{"@type":"ImageObject","inLanguage":"de","@id":"https:\/\/lisakroeber.com\/de\/produkt\/ohrschmuck-rose\/#primaryimage","url":"https:\/\/lisakroeber.com\/wp-content\/uploads\/2024\/05\/Roos-Earrings-Silver-front.jpg","contentUrl":"https:\/\/lisakroeber.com\/wp-content\/uploads\/2024\/05\/Roos-Earrings-Silver-front.jpg","width":1772,"height":1772,"caption":"KONICA MINOLTA DIGITALKAMERA"},{"@type":"BreadcrumbList","@id":"https:\/\/lisakroeber.com\/de\/produkt\/ohrschmuck-rose\/#breadcrumb","itemListElement":[{"@type":"ListItem","position":1,"name":"Home","item":"https:\/\/lisakroeber.com\/de\/"},{"@type":"ListItem","position":2,"name":"Gesch\u00e4ft","item":"https:\/\/lisakroeber.com\/de\/geschaeft\/"},{"@type":"ListItem","position":3,"name":"Ohrschmuck Viljandi Rose"}]},{"@type":"WebSite","@id":"https:\/\/lisakroeber.com\/#website","url":"https:\/\/lisakroeber.com\/","name":"Lisa Kroeber Jewellery Art","description":"Lisa Kroeber Jewellery Art e-shop","publisher":{"@id":"https:\/\/lisakroeber.com\/#organization"},"potentialAction":[{"@type":"SearchAction","target":{"@type":"EntryPoint","urlTemplate":"https:\/\/lisakroeber.com\/?s={search_term_string}"},"query-input":{"@type":"PropertyValueSpecification","valueRequired":true,"valueName":"search_term_string"}}],"inLanguage":"de"},{"@type":"Organization","@id":"https:\/\/lisakroeber.com\/#organization","name":"Lisa Kroeber Jewellery","url":"https:\/\/lisakroeber.com\/","logo":{"@type":"ImageObject","inLanguage":"de","@id":"https:\/\/lisakroeber.com\/#\/schema\/logo\/image\/","url":"https:\/\/lisakroeber.com\/wp-content\/uploads\/2024\/07\/47178367_317322115661289_143956003702964224_n-e1543863670541.svg","contentUrl":"https:\/\/lisakroeber.com\/wp-content\/uploads\/2024\/07\/47178367_317322115661289_143956003702964224_n-e1543863670541.svg","width":1,"height":1,"caption":"Lisa Kroeber Jewellery"},"image":{"@id":"https:\/\/lisakroeber.com\/#\/schema\/logo\/image\/"}}]}},"_links":{"self":[{"href":"https:\/\/lisakroeber.com\/de\/wp-json\/wp\/v2\/product\/30117","targetHints":{"allow":["GET"]}}],"collection":[{"href":"https:\/\/lisakroeber.com\/de\/wp-json\/wp\/v2\/product"}],"about":[{"href":"https:\/\/lisakroeber.com\/de\/wp-json\/wp\/v2\/types\/product"}],"wp:featuredmedia":[{"embeddable":true,"href":"https:\/\/lisakroeber.com\/de\/wp-json\/wp\/v2\/media\/30084"}],"wp:attachment":[{"href":"https:\/\/lisakroeber.com\/de\/wp-json\/wp\/v2\/media?parent=30117"}],"wp:term":[{"taxonomy":"product_brand","embeddable":true,"href":"https:\/\/lisakroeber.com\/de\/wp-json\/wp\/v2\/product_brand?post=30117"},{"taxonomy":"product_cat","embeddable":true,"href":"https:\/\/lisakroeber.com\/de\/wp-json\/wp\/v2\/product_cat?post=30117"},{"taxonomy":"product_tag","embeddable":true,"href":"https:\/\/lisakroeber.com\/de\/wp-json\/wp\/v2\/product_tag?post=30117"}],"curies":[{"name":"wp","href":"https:\/\/api.w.org\/{rel}","templated":true}]}}