{"id":30132,"date":"2024-06-03T15:29:21","date_gmt":"2024-06-03T13:29:21","guid":{"rendered":"https:\/\/lisakroeber.com\/uus\/?post_type=product&#038;p=30132"},"modified":"2024-07-11T10:55:41","modified_gmt":"2024-07-11T08:55:41","slug":"ohrschmuck-birds-big-copy-copy","status":"publish","type":"product","link":"https:\/\/lisakroeber.com\/de\/produkt\/ohrschmuck-birds-big-copy-copy\/","title":{"rendered":"Brosche Viljandi Rose"},"content":{"rendered":"","protected":false},"excerpt":{"rendered":"<h3 class=\"oBOnKe\">Die wei\u00dfe Rose ist das Symbol unserer kleinen Stadt Viljandi im S\u00fcden Estlands, sie ist sogar Teil des Stadtwappens.<\/h3>\n<h3 class=\"oBOnKe\">Ein Siegel mit der Rose wurde sp\u00e4testens 1432 verwendet. Im Rathauspark wachsen 720 wei\u00dfe Rosen, die zum Stadtjubil\u00e4um 2003 gepflanzt wurden. \u00dcberall in der Stadt gibt es Rosenbeete, und Viljandi feiert im Sommer den Tag der wei\u00dfen Rose.<\/h3>\n<h3 class=\"oBOnKe\">In diesem Jahr haben auch wir Viljandi Rosen kreiert, einige als Ohrringe, andere als kleine Broschen, in vergoldetem und in poliertem Silber.<\/h3>\n","protected":false},"featured_media":30096,"template":"","meta":{"content-type":""},"product_brand":[],"product_cat":[339,345,341,843],"product_tag":[],"class_list":{"0":"post-30132","1":"product","2":"type-product","3":"status-publish","4":"has-post-thumbnail","6":"product_cat-broschen","7":"product_cat-fuer-maenner","8":"product_cat-kollektionen","9":"product_cat-vijandi-rose","11":"first","12":"instock","13":"taxable","14":"shipping-taxable","15":"purchasable","16":"product-type-variable"},"yoast_head":"<!-- This site is optimized with the Yoast SEO plugin v27.3 - https:\/\/yoast.com\/product\/yoast-seo-wordpress\/ -->\n<title>Brosche Viljandi Rose - Lisa Kroeber Jewellery Art<\/title>\n<meta name=\"robots\" content=\"index, follow, max-snippet:-1, max-image-preview:large, max-video-preview:-1\" \/>\n<link rel=\"canonical\" href=\"https:\/\/lisakroeber.com\/de\/produkt\/ohrschmuck-birds-big-copy-copy\/\" \/>\n<meta property=\"og:locale\" content=\"de_DE\" \/>\n<meta property=\"og:type\" content=\"article\" \/>\n<meta property=\"og:title\" content=\"Brosche Viljandi Rose - Lisa Kroeber Jewellery Art\" \/>\n<meta property=\"og:description\" content=\"Die wei\u00dfe Rose ist das Symbol unserer kleinen Stadt Viljandi im S\u00fcden Estlands, sie ist sogar Teil des Stadtwappens. Ein Siegel mit der Rose wurde sp\u00e4testens 1432 verwendet. Im Rathauspark wachsen 720 wei\u00dfe Rosen, die zum Stadtjubil\u00e4um 2003 gepflanzt wurden. \u00dcberall in der Stadt gibt es Rosenbeete, und Viljandi feiert im Sommer den Tag der wei\u00dfen Rose. In diesem Jahr haben auch wir Viljandi Rosen kreiert, einige als Ohrringe, andere als kleine Broschen, in vergoldetem und in poliertem Silber.\" \/>\n<meta property=\"og:url\" content=\"https:\/\/lisakroeber.com\/de\/produkt\/ohrschmuck-birds-big-copy-copy\/\" \/>\n<meta property=\"og:site_name\" content=\"Lisa Kroeber Jewellery Art\" \/>\n<meta property=\"article:modified_time\" content=\"2024-07-11T08:55:41+00:00\" \/>\n<meta property=\"og:image\" content=\"https:\/\/lisakroeber.com\/wp-content\/uploads\/2024\/05\/Roos-Pross-Silver-front.jpg\" \/>\n\t<meta property=\"og:image:width\" content=\"1772\" \/>\n\t<meta property=\"og:image:height\" content=\"1772\" \/>\n\t<meta property=\"og:image:type\" content=\"image\/jpeg\" \/>\n<meta name=\"twitter:card\" content=\"summary_large_image\" \/>\n<meta name=\"twitter:label1\" content=\"Gesch\u00e4tzte Lesezeit\" \/>\n\t<meta name=\"twitter:data1\" content=\"1\u00a0Minute\" \/>\n<script type=\"application\/ld+json\" class=\"yoast-schema-graph\">{\"@context\":\"https:\\\/\\\/schema.org\",\"@graph\":[{\"@type\":\"WebPage\",\"@id\":\"https:\\\/\\\/lisakroeber.com\\\/de\\\/produkt\\\/ohrschmuck-birds-big-copy-copy\\\/\",\"url\":\"https:\\\/\\\/lisakroeber.com\\\/de\\\/produkt\\\/ohrschmuck-birds-big-copy-copy\\\/\",\"name\":\"Brosche Viljandi Rose - Lisa Kroeber Jewellery Art\",\"isPartOf\":{\"@id\":\"https:\\\/\\\/lisakroeber.com\\\/#website\"},\"primaryImageOfPage\":{\"@id\":\"https:\\\/\\\/lisakroeber.com\\\/de\\\/produkt\\\/ohrschmuck-birds-big-copy-copy\\\/#primaryimage\"},\"image\":{\"@id\":\"https:\\\/\\\/lisakroeber.com\\\/de\\\/produkt\\\/ohrschmuck-birds-big-copy-copy\\\/#primaryimage\"},\"thumbnailUrl\":\"https:\\\/\\\/lisakroeber.com\\\/wp-content\\\/uploads\\\/2024\\\/05\\\/Roos-Pross-Silver-front.jpg\",\"datePublished\":\"2024-06-03T13:29:21+00:00\",\"dateModified\":\"2024-07-11T08:55:41+00:00\",\"breadcrumb\":{\"@id\":\"https:\\\/\\\/lisakroeber.com\\\/de\\\/produkt\\\/ohrschmuck-birds-big-copy-copy\\\/#breadcrumb\"},\"inLanguage\":\"de\",\"potentialAction\":[{\"@type\":\"ReadAction\",\"target\":[\"https:\\\/\\\/lisakroeber.com\\\/de\\\/produkt\\\/ohrschmuck-birds-big-copy-copy\\\/\"]}]},{\"@type\":\"ImageObject\",\"inLanguage\":\"de\",\"@id\":\"https:\\\/\\\/lisakroeber.com\\\/de\\\/produkt\\\/ohrschmuck-birds-big-copy-copy\\\/#primaryimage\",\"url\":\"https:\\\/\\\/lisakroeber.com\\\/wp-content\\\/uploads\\\/2024\\\/05\\\/Roos-Pross-Silver-front.jpg\",\"contentUrl\":\"https:\\\/\\\/lisakroeber.com\\\/wp-content\\\/uploads\\\/2024\\\/05\\\/Roos-Pross-Silver-front.jpg\",\"width\":1772,\"height\":1772,\"caption\":\"KONICA MINOLTA DIGITAL CAMERA\"},{\"@type\":\"BreadcrumbList\",\"@id\":\"https:\\\/\\\/lisakroeber.com\\\/de\\\/produkt\\\/ohrschmuck-birds-big-copy-copy\\\/#breadcrumb\",\"itemListElement\":[{\"@type\":\"ListItem\",\"position\":1,\"name\":\"Home\",\"item\":\"https:\\\/\\\/lisakroeber.com\\\/de\\\/\"},{\"@type\":\"ListItem\",\"position\":2,\"name\":\"Gesch\u00e4ft\",\"item\":\"https:\\\/\\\/lisakroeber.com\\\/de\\\/geschaeft\\\/\"},{\"@type\":\"ListItem\",\"position\":3,\"name\":\"Brosche Viljandi Rose\"}]},{\"@type\":\"WebSite\",\"@id\":\"https:\\\/\\\/lisakroeber.com\\\/#website\",\"url\":\"https:\\\/\\\/lisakroeber.com\\\/\",\"name\":\"Lisa Kroeber Jewellery Art\",\"description\":\"Lisa Kroeber Jewellery Art e-shop\",\"publisher\":{\"@id\":\"https:\\\/\\\/lisakroeber.com\\\/#organization\"},\"potentialAction\":[{\"@type\":\"SearchAction\",\"target\":{\"@type\":\"EntryPoint\",\"urlTemplate\":\"https:\\\/\\\/lisakroeber.com\\\/?s={search_term_string}\"},\"query-input\":{\"@type\":\"PropertyValueSpecification\",\"valueRequired\":true,\"valueName\":\"search_term_string\"}}],\"inLanguage\":\"de\"},{\"@type\":\"Organization\",\"@id\":\"https:\\\/\\\/lisakroeber.com\\\/#organization\",\"name\":\"Lisa Kroeber Jewellery\",\"url\":\"https:\\\/\\\/lisakroeber.com\\\/\",\"logo\":{\"@type\":\"ImageObject\",\"inLanguage\":\"de\",\"@id\":\"https:\\\/\\\/lisakroeber.com\\\/#\\\/schema\\\/logo\\\/image\\\/\",\"url\":\"https:\\\/\\\/lisakroeber.com\\\/wp-content\\\/uploads\\\/2024\\\/07\\\/47178367_317322115661289_143956003702964224_n-e1543863670541.svg\",\"contentUrl\":\"https:\\\/\\\/lisakroeber.com\\\/wp-content\\\/uploads\\\/2024\\\/07\\\/47178367_317322115661289_143956003702964224_n-e1543863670541.svg\",\"width\":1,\"height\":1,\"caption\":\"Lisa Kroeber Jewellery\"},\"image\":{\"@id\":\"https:\\\/\\\/lisakroeber.com\\\/#\\\/schema\\\/logo\\\/image\\\/\"}}]}<\/script>\n<!-- \/ Yoast SEO plugin. -->","yoast_head_json":{"title":"Brosche Viljandi Rose - Lisa Kroeber Jewellery Art","robots":{"index":"index","follow":"follow","max-snippet":"max-snippet:-1","max-image-preview":"max-image-preview:large","max-video-preview":"max-video-preview:-1"},"canonical":"https:\/\/lisakroeber.com\/de\/produkt\/ohrschmuck-birds-big-copy-copy\/","og_locale":"de_DE","og_type":"article","og_title":"Brosche Viljandi Rose - Lisa Kroeber Jewellery Art","og_description":"Die wei\u00dfe Rose ist das Symbol unserer kleinen Stadt Viljandi im S\u00fcden Estlands, sie ist sogar Teil des Stadtwappens. Ein Siegel mit der Rose wurde sp\u00e4testens 1432 verwendet. Im Rathauspark wachsen 720 wei\u00dfe Rosen, die zum Stadtjubil\u00e4um 2003 gepflanzt wurden. \u00dcberall in der Stadt gibt es Rosenbeete, und Viljandi feiert im Sommer den Tag der wei\u00dfen Rose. In diesem Jahr haben auch wir Viljandi Rosen kreiert, einige als Ohrringe, andere als kleine Broschen, in vergoldetem und in poliertem Silber.","og_url":"https:\/\/lisakroeber.com\/de\/produkt\/ohrschmuck-birds-big-copy-copy\/","og_site_name":"Lisa Kroeber Jewellery Art","article_modified_time":"2024-07-11T08:55:41+00:00","og_image":[{"width":1772,"height":1772,"url":"https:\/\/lisakroeber.com\/wp-content\/uploads\/2024\/05\/Roos-Pross-Silver-front.jpg","type":"image\/jpeg"}],"twitter_card":"summary_large_image","twitter_misc":{"Gesch\u00e4tzte Lesezeit":"1\u00a0Minute"},"schema":{"@context":"https:\/\/schema.org","@graph":[{"@type":"WebPage","@id":"https:\/\/lisakroeber.com\/de\/produkt\/ohrschmuck-birds-big-copy-copy\/","url":"https:\/\/lisakroeber.com\/de\/produkt\/ohrschmuck-birds-big-copy-copy\/","name":"Brosche Viljandi Rose - Lisa Kroeber Jewellery Art","isPartOf":{"@id":"https:\/\/lisakroeber.com\/#website"},"primaryImageOfPage":{"@id":"https:\/\/lisakroeber.com\/de\/produkt\/ohrschmuck-birds-big-copy-copy\/#primaryimage"},"image":{"@id":"https:\/\/lisakroeber.com\/de\/produkt\/ohrschmuck-birds-big-copy-copy\/#primaryimage"},"thumbnailUrl":"https:\/\/lisakroeber.com\/wp-content\/uploads\/2024\/05\/Roos-Pross-Silver-front.jpg","datePublished":"2024-06-03T13:29:21+00:00","dateModified":"2024-07-11T08:55:41+00:00","breadcrumb":{"@id":"https:\/\/lisakroeber.com\/de\/produkt\/ohrschmuck-birds-big-copy-copy\/#breadcrumb"},"inLanguage":"de","potentialAction":[{"@type":"ReadAction","target":["https:\/\/lisakroeber.com\/de\/produkt\/ohrschmuck-birds-big-copy-copy\/"]}]},{"@type":"ImageObject","inLanguage":"de","@id":"https:\/\/lisakroeber.com\/de\/produkt\/ohrschmuck-birds-big-copy-copy\/#primaryimage","url":"https:\/\/lisakroeber.com\/wp-content\/uploads\/2024\/05\/Roos-Pross-Silver-front.jpg","contentUrl":"https:\/\/lisakroeber.com\/wp-content\/uploads\/2024\/05\/Roos-Pross-Silver-front.jpg","width":1772,"height":1772,"caption":"KONICA MINOLTA DIGITAL CAMERA"},{"@type":"BreadcrumbList","@id":"https:\/\/lisakroeber.com\/de\/produkt\/ohrschmuck-birds-big-copy-copy\/#breadcrumb","itemListElement":[{"@type":"ListItem","position":1,"name":"Home","item":"https:\/\/lisakroeber.com\/de\/"},{"@type":"ListItem","position":2,"name":"Gesch\u00e4ft","item":"https:\/\/lisakroeber.com\/de\/geschaeft\/"},{"@type":"ListItem","position":3,"name":"Brosche Viljandi Rose"}]},{"@type":"WebSite","@id":"https:\/\/lisakroeber.com\/#website","url":"https:\/\/lisakroeber.com\/","name":"Lisa Kroeber Jewellery Art","description":"Lisa Kroeber Jewellery Art e-shop","publisher":{"@id":"https:\/\/lisakroeber.com\/#organization"},"potentialAction":[{"@type":"SearchAction","target":{"@type":"EntryPoint","urlTemplate":"https:\/\/lisakroeber.com\/?s={search_term_string}"},"query-input":{"@type":"PropertyValueSpecification","valueRequired":true,"valueName":"search_term_string"}}],"inLanguage":"de"},{"@type":"Organization","@id":"https:\/\/lisakroeber.com\/#organization","name":"Lisa Kroeber Jewellery","url":"https:\/\/lisakroeber.com\/","logo":{"@type":"ImageObject","inLanguage":"de","@id":"https:\/\/lisakroeber.com\/#\/schema\/logo\/image\/","url":"https:\/\/lisakroeber.com\/wp-content\/uploads\/2024\/07\/47178367_317322115661289_143956003702964224_n-e1543863670541.svg","contentUrl":"https:\/\/lisakroeber.com\/wp-content\/uploads\/2024\/07\/47178367_317322115661289_143956003702964224_n-e1543863670541.svg","width":1,"height":1,"caption":"Lisa Kroeber Jewellery"},"image":{"@id":"https:\/\/lisakroeber.com\/#\/schema\/logo\/image\/"}}]}},"_links":{"self":[{"href":"https:\/\/lisakroeber.com\/de\/wp-json\/wp\/v2\/product\/30132","targetHints":{"allow":["GET"]}}],"collection":[{"href":"https:\/\/lisakroeber.com\/de\/wp-json\/wp\/v2\/product"}],"about":[{"href":"https:\/\/lisakroeber.com\/de\/wp-json\/wp\/v2\/types\/product"}],"wp:featuredmedia":[{"embeddable":true,"href":"https:\/\/lisakroeber.com\/de\/wp-json\/wp\/v2\/media\/30096"}],"wp:attachment":[{"href":"https:\/\/lisakroeber.com\/de\/wp-json\/wp\/v2\/media?parent=30132"}],"wp:term":[{"taxonomy":"product_brand","embeddable":true,"href":"https:\/\/lisakroeber.com\/de\/wp-json\/wp\/v2\/product_brand?post=30132"},{"taxonomy":"product_cat","embeddable":true,"href":"https:\/\/lisakroeber.com\/de\/wp-json\/wp\/v2\/product_cat?post=30132"},{"taxonomy":"product_tag","embeddable":true,"href":"https:\/\/lisakroeber.com\/de\/wp-json\/wp\/v2\/product_tag?post=30132"}],"curies":[{"name":"wp","href":"https:\/\/api.w.org\/{rel}","templated":true}]}}