{"id":306378,"date":"2024-10-11T14:59:28","date_gmt":"2024-10-11T12:59:28","guid":{"rendered":"https:\/\/lisakroeber.com\/?post_type=product&#038;p=306378"},"modified":"2025-12-15T16:17:15","modified_gmt":"2025-12-15T14:17:15","slug":"ohrschmuck-mixmatch-platten","status":"publish","type":"product","link":"https:\/\/lisakroeber.com\/de\/produkt\/ohrschmuck-mixmatch-platten\/","title":{"rendered":"Ohrschmuck Mix&#038;Match Anh\u00e4nger"},"content":{"rendered":"","protected":false},"excerpt":{"rendered":"<p data-start=\"1561\" data-end=\"1620\"><strong data-start=\"1561\" data-end=\"1583\">Mix &amp; Match Anh\u00e4nger<\/strong><br data-start=\"1583\" data-end=\"1586\" \/>Spielen. Kombinieren. Gestalten.<\/p>\n<p data-start=\"1622\" data-end=\"1919\">Hier kannst du die <strong><em data-start=\"1641\" data-end=\"1661\">Mix &amp; Match Anh\u00e4nger<\/em><\/strong> finden \u2014 farbige Elemente, die daf\u00fcr gemacht sind, mit unseren Mix &amp; Match Hoops kombiniert zu werden. W\u00e4hle aus 33 verschiedenen Farben und gestalte deine Ohrringe selbst, indem du die Plates mit silbernen oder gelb vergoldeten Creolen\u00a0kombinierst.<\/p>\n<p data-start=\"1921\" data-end=\"2065\">Die Anh\u00e4nger lassen sich au\u00dferdem mit unseren Mix &amp; Match Rahmen\u00a0kombinieren und bieten so noch mehr M\u00f6glichkeiten zum Layern und Gestalten.<\/p>\n<p data-start=\"2067\" data-end=\"2264\">Creolen, Anh\u00f6nger und Rahmen werden separat verkauft und geben dir maximale Freiheit, Farben und Materialien jederzeit zu wechseln. Ein flexibles System f\u00fcr Spiel, Kreativit\u00e4t und individuellen Stil.<\/p>\n<p data-start=\"2266\" data-end=\"2341\"><em data-start=\"2266\" data-end=\"2299\">Hier klicken f\u00fcr die passenden:<\/em> <a href=\"https:\/\/lisakroeber.com\/de\/produkt\/ohrschmuck-mixmatch-creolen\/\">Mix &amp; Match Creolen<\/a><\/p>\n<p data-start=\"2266\" data-end=\"2341\"><em data-start=\"2266\" data-end=\"2299\">Hier klicken f\u00fcr die passenden:<\/em> <a href=\"https:\/\/lisakroeber.com\/de\/produkt\/ohrringe-mixmatch-rahmen\/\">Mix &amp; Match Rahmen<\/a><\/p>\n","protected":false},"featured_media":306833,"template":"","meta":{"content-type":""},"product_brand":[],"product_cat":[341,1026,344],"product_tag":[1069],"class_list":{"0":"post-306378","1":"product","2":"type-product","3":"status-publish","4":"has-post-thumbnail","6":"product_cat-kollektionen","7":"product_cat-mixmatch-de","8":"product_cat-ohrschmuck","9":"product_tag-neu","11":"first","12":"instock","13":"taxable","14":"shipping-taxable","15":"purchasable","16":"product-type-variable"},"yoast_head":"<!-- This site is optimized with the Yoast SEO plugin v27.4 - https:\/\/yoast.com\/product\/yoast-seo-wordpress\/ -->\n<title>Ohrschmuck Mix&amp;Match Anh\u00e4nger - Lisa Kroeber Jewellery Art<\/title>\n<meta name=\"robots\" content=\"index, follow, max-snippet:-1, max-image-preview:large, max-video-preview:-1\" \/>\n<link rel=\"canonical\" href=\"https:\/\/lisakroeber.com\/de\/produkt\/ohrschmuck-mixmatch-platten\/\" \/>\n<meta property=\"og:locale\" content=\"de_DE\" \/>\n<meta property=\"og:type\" content=\"article\" \/>\n<meta property=\"og:title\" content=\"Ohrschmuck Mix&amp;Match Anh\u00e4nger - Lisa Kroeber Jewellery Art\" \/>\n<meta property=\"og:description\" content=\"Mix &amp; Match Anh\u00e4ngerSpielen. Kombinieren. Gestalten. Hier kannst du die Mix &amp; Match Anh\u00e4nger finden \u2014 farbige Elemente, die daf\u00fcr gemacht sind, mit unseren Mix &amp; Match Hoops kombiniert zu werden. W\u00e4hle aus 33 verschiedenen Farben und gestalte deine Ohrringe selbst, indem du die Plates mit silbernen oder gelb vergoldeten Creolen\u00a0kombinierst. Die Anh\u00e4nger lassen sich au\u00dferdem mit unseren Mix &amp; Match Rahmen\u00a0kombinieren und bieten so noch mehr M\u00f6glichkeiten zum Layern und Gestalten. Creolen, Anh\u00f6nger und Rahmen werden separat verkauft und geben dir maximale Freiheit, Farben und Materialien jederzeit zu wechseln. Ein flexibles System f\u00fcr Spiel, Kreativit\u00e4t und individuellen Stil. Hier klicken f\u00fcr die passenden: Mix &amp; Match Creolen Hier klicken f\u00fcr die passenden: Mix &amp; Match Rahmen\" \/>\n<meta property=\"og:url\" content=\"https:\/\/lisakroeber.com\/de\/produkt\/ohrschmuck-mixmatch-platten\/\" \/>\n<meta property=\"og:site_name\" content=\"Lisa Kroeber Jewellery Art\" \/>\n<meta property=\"article:modified_time\" content=\"2025-12-15T14:17:15+00:00\" \/>\n<meta property=\"og:image\" content=\"https:\/\/lisakroeber.com\/wp-content\/uploads\/2024\/10\/MM6025-scaled.jpg\" \/>\n\t<meta property=\"og:image:width\" content=\"2560\" \/>\n\t<meta property=\"og:image:height\" content=\"1707\" \/>\n\t<meta property=\"og:image:type\" content=\"image\/jpeg\" \/>\n<meta name=\"twitter:card\" content=\"summary_large_image\" \/>\n<meta name=\"twitter:label1\" content=\"Gesch\u00e4tzte Lesezeit\" \/>\n\t<meta name=\"twitter:data1\" content=\"1\u00a0Minute\" \/>\n<script type=\"application\/ld+json\" class=\"yoast-schema-graph\">{\"@context\":\"https:\\\/\\\/schema.org\",\"@graph\":[{\"@type\":\"WebPage\",\"@id\":\"https:\\\/\\\/lisakroeber.com\\\/de\\\/produkt\\\/ohrschmuck-mixmatch-platten\\\/\",\"url\":\"https:\\\/\\\/lisakroeber.com\\\/de\\\/produkt\\\/ohrschmuck-mixmatch-platten\\\/\",\"name\":\"Ohrschmuck Mix&Match Anh\u00e4nger - Lisa Kroeber Jewellery Art\",\"isPartOf\":{\"@id\":\"https:\\\/\\\/lisakroeber.com\\\/#website\"},\"primaryImageOfPage\":{\"@id\":\"https:\\\/\\\/lisakroeber.com\\\/de\\\/produkt\\\/ohrschmuck-mixmatch-platten\\\/#primaryimage\"},\"image\":{\"@id\":\"https:\\\/\\\/lisakroeber.com\\\/de\\\/produkt\\\/ohrschmuck-mixmatch-platten\\\/#primaryimage\"},\"thumbnailUrl\":\"https:\\\/\\\/lisakroeber.com\\\/wp-content\\\/uploads\\\/2024\\\/10\\\/MM6025-scaled.jpg\",\"datePublished\":\"2024-10-11T12:59:28+00:00\",\"dateModified\":\"2025-12-15T14:17:15+00:00\",\"breadcrumb\":{\"@id\":\"https:\\\/\\\/lisakroeber.com\\\/de\\\/produkt\\\/ohrschmuck-mixmatch-platten\\\/#breadcrumb\"},\"inLanguage\":\"de\",\"potentialAction\":[{\"@type\":\"ReadAction\",\"target\":[\"https:\\\/\\\/lisakroeber.com\\\/de\\\/produkt\\\/ohrschmuck-mixmatch-platten\\\/\"]}]},{\"@type\":\"ImageObject\",\"inLanguage\":\"de\",\"@id\":\"https:\\\/\\\/lisakroeber.com\\\/de\\\/produkt\\\/ohrschmuck-mixmatch-platten\\\/#primaryimage\",\"url\":\"https:\\\/\\\/lisakroeber.com\\\/wp-content\\\/uploads\\\/2024\\\/10\\\/MM6025-scaled.jpg\",\"contentUrl\":\"https:\\\/\\\/lisakroeber.com\\\/wp-content\\\/uploads\\\/2024\\\/10\\\/MM6025-scaled.jpg\",\"width\":2560,\"height\":1707},{\"@type\":\"BreadcrumbList\",\"@id\":\"https:\\\/\\\/lisakroeber.com\\\/de\\\/produkt\\\/ohrschmuck-mixmatch-platten\\\/#breadcrumb\",\"itemListElement\":[{\"@type\":\"ListItem\",\"position\":1,\"name\":\"Home\",\"item\":\"https:\\\/\\\/lisakroeber.com\\\/de\\\/\"},{\"@type\":\"ListItem\",\"position\":2,\"name\":\"Gesch\u00e4ft\",\"item\":\"https:\\\/\\\/lisakroeber.com\\\/de\\\/geschaeft\\\/\"},{\"@type\":\"ListItem\",\"position\":3,\"name\":\"Ohrschmuck Mix&#038;Match Anh\u00e4nger\"}]},{\"@type\":\"WebSite\",\"@id\":\"https:\\\/\\\/lisakroeber.com\\\/#website\",\"url\":\"https:\\\/\\\/lisakroeber.com\\\/\",\"name\":\"Lisa Kroeber Jewellery Art\",\"description\":\"Lisa Kroeber Jewellery Art e-shop\",\"publisher\":{\"@id\":\"https:\\\/\\\/lisakroeber.com\\\/#organization\"},\"potentialAction\":[{\"@type\":\"SearchAction\",\"target\":{\"@type\":\"EntryPoint\",\"urlTemplate\":\"https:\\\/\\\/lisakroeber.com\\\/?s={search_term_string}\"},\"query-input\":{\"@type\":\"PropertyValueSpecification\",\"valueRequired\":true,\"valueName\":\"search_term_string\"}}],\"inLanguage\":\"de\"},{\"@type\":\"Organization\",\"@id\":\"https:\\\/\\\/lisakroeber.com\\\/#organization\",\"name\":\"Lisa Kroeber Jewellery\",\"url\":\"https:\\\/\\\/lisakroeber.com\\\/\",\"logo\":{\"@type\":\"ImageObject\",\"inLanguage\":\"de\",\"@id\":\"https:\\\/\\\/lisakroeber.com\\\/#\\\/schema\\\/logo\\\/image\\\/\",\"url\":\"https:\\\/\\\/lisakroeber.com\\\/wp-content\\\/uploads\\\/2024\\\/07\\\/47178367_317322115661289_143956003702964224_n-e1543863670541.svg\",\"contentUrl\":\"https:\\\/\\\/lisakroeber.com\\\/wp-content\\\/uploads\\\/2024\\\/07\\\/47178367_317322115661289_143956003702964224_n-e1543863670541.svg\",\"width\":1,\"height\":1,\"caption\":\"Lisa Kroeber Jewellery\"},\"image\":{\"@id\":\"https:\\\/\\\/lisakroeber.com\\\/#\\\/schema\\\/logo\\\/image\\\/\"}}]}<\/script>\n<!-- \/ Yoast SEO plugin. -->","yoast_head_json":{"title":"Ohrschmuck Mix&Match Anh\u00e4nger - Lisa Kroeber Jewellery Art","robots":{"index":"index","follow":"follow","max-snippet":"max-snippet:-1","max-image-preview":"max-image-preview:large","max-video-preview":"max-video-preview:-1"},"canonical":"https:\/\/lisakroeber.com\/de\/produkt\/ohrschmuck-mixmatch-platten\/","og_locale":"de_DE","og_type":"article","og_title":"Ohrschmuck Mix&Match Anh\u00e4nger - Lisa Kroeber Jewellery Art","og_description":"Mix &amp; Match Anh\u00e4ngerSpielen. Kombinieren. Gestalten. Hier kannst du die Mix &amp; Match Anh\u00e4nger finden \u2014 farbige Elemente, die daf\u00fcr gemacht sind, mit unseren Mix &amp; Match Hoops kombiniert zu werden. W\u00e4hle aus 33 verschiedenen Farben und gestalte deine Ohrringe selbst, indem du die Plates mit silbernen oder gelb vergoldeten Creolen\u00a0kombinierst. Die Anh\u00e4nger lassen sich au\u00dferdem mit unseren Mix &amp; Match Rahmen\u00a0kombinieren und bieten so noch mehr M\u00f6glichkeiten zum Layern und Gestalten. Creolen, Anh\u00f6nger und Rahmen werden separat verkauft und geben dir maximale Freiheit, Farben und Materialien jederzeit zu wechseln. Ein flexibles System f\u00fcr Spiel, Kreativit\u00e4t und individuellen Stil. Hier klicken f\u00fcr die passenden: Mix &amp; Match Creolen Hier klicken f\u00fcr die passenden: Mix &amp; Match Rahmen","og_url":"https:\/\/lisakroeber.com\/de\/produkt\/ohrschmuck-mixmatch-platten\/","og_site_name":"Lisa Kroeber Jewellery Art","article_modified_time":"2025-12-15T14:17:15+00:00","og_image":[{"width":2560,"height":1707,"url":"https:\/\/lisakroeber.com\/wp-content\/uploads\/2024\/10\/MM6025-scaled.jpg","type":"image\/jpeg"}],"twitter_card":"summary_large_image","twitter_misc":{"Gesch\u00e4tzte Lesezeit":"1\u00a0Minute"},"schema":{"@context":"https:\/\/schema.org","@graph":[{"@type":"WebPage","@id":"https:\/\/lisakroeber.com\/de\/produkt\/ohrschmuck-mixmatch-platten\/","url":"https:\/\/lisakroeber.com\/de\/produkt\/ohrschmuck-mixmatch-platten\/","name":"Ohrschmuck Mix&Match Anh\u00e4nger - Lisa Kroeber Jewellery Art","isPartOf":{"@id":"https:\/\/lisakroeber.com\/#website"},"primaryImageOfPage":{"@id":"https:\/\/lisakroeber.com\/de\/produkt\/ohrschmuck-mixmatch-platten\/#primaryimage"},"image":{"@id":"https:\/\/lisakroeber.com\/de\/produkt\/ohrschmuck-mixmatch-platten\/#primaryimage"},"thumbnailUrl":"https:\/\/lisakroeber.com\/wp-content\/uploads\/2024\/10\/MM6025-scaled.jpg","datePublished":"2024-10-11T12:59:28+00:00","dateModified":"2025-12-15T14:17:15+00:00","breadcrumb":{"@id":"https:\/\/lisakroeber.com\/de\/produkt\/ohrschmuck-mixmatch-platten\/#breadcrumb"},"inLanguage":"de","potentialAction":[{"@type":"ReadAction","target":["https:\/\/lisakroeber.com\/de\/produkt\/ohrschmuck-mixmatch-platten\/"]}]},{"@type":"ImageObject","inLanguage":"de","@id":"https:\/\/lisakroeber.com\/de\/produkt\/ohrschmuck-mixmatch-platten\/#primaryimage","url":"https:\/\/lisakroeber.com\/wp-content\/uploads\/2024\/10\/MM6025-scaled.jpg","contentUrl":"https:\/\/lisakroeber.com\/wp-content\/uploads\/2024\/10\/MM6025-scaled.jpg","width":2560,"height":1707},{"@type":"BreadcrumbList","@id":"https:\/\/lisakroeber.com\/de\/produkt\/ohrschmuck-mixmatch-platten\/#breadcrumb","itemListElement":[{"@type":"ListItem","position":1,"name":"Home","item":"https:\/\/lisakroeber.com\/de\/"},{"@type":"ListItem","position":2,"name":"Gesch\u00e4ft","item":"https:\/\/lisakroeber.com\/de\/geschaeft\/"},{"@type":"ListItem","position":3,"name":"Ohrschmuck Mix&#038;Match Anh\u00e4nger"}]},{"@type":"WebSite","@id":"https:\/\/lisakroeber.com\/#website","url":"https:\/\/lisakroeber.com\/","name":"Lisa Kroeber Jewellery Art","description":"Lisa Kroeber Jewellery Art e-shop","publisher":{"@id":"https:\/\/lisakroeber.com\/#organization"},"potentialAction":[{"@type":"SearchAction","target":{"@type":"EntryPoint","urlTemplate":"https:\/\/lisakroeber.com\/?s={search_term_string}"},"query-input":{"@type":"PropertyValueSpecification","valueRequired":true,"valueName":"search_term_string"}}],"inLanguage":"de"},{"@type":"Organization","@id":"https:\/\/lisakroeber.com\/#organization","name":"Lisa Kroeber Jewellery","url":"https:\/\/lisakroeber.com\/","logo":{"@type":"ImageObject","inLanguage":"de","@id":"https:\/\/lisakroeber.com\/#\/schema\/logo\/image\/","url":"https:\/\/lisakroeber.com\/wp-content\/uploads\/2024\/07\/47178367_317322115661289_143956003702964224_n-e1543863670541.svg","contentUrl":"https:\/\/lisakroeber.com\/wp-content\/uploads\/2024\/07\/47178367_317322115661289_143956003702964224_n-e1543863670541.svg","width":1,"height":1,"caption":"Lisa Kroeber Jewellery"},"image":{"@id":"https:\/\/lisakroeber.com\/#\/schema\/logo\/image\/"}}]}},"_links":{"self":[{"href":"https:\/\/lisakroeber.com\/de\/wp-json\/wp\/v2\/product\/306378","targetHints":{"allow":["GET"]}}],"collection":[{"href":"https:\/\/lisakroeber.com\/de\/wp-json\/wp\/v2\/product"}],"about":[{"href":"https:\/\/lisakroeber.com\/de\/wp-json\/wp\/v2\/types\/product"}],"wp:featuredmedia":[{"embeddable":true,"href":"https:\/\/lisakroeber.com\/de\/wp-json\/wp\/v2\/media\/306833"}],"wp:attachment":[{"href":"https:\/\/lisakroeber.com\/de\/wp-json\/wp\/v2\/media?parent=306378"}],"wp:term":[{"taxonomy":"product_brand","embeddable":true,"href":"https:\/\/lisakroeber.com\/de\/wp-json\/wp\/v2\/product_brand?post=306378"},{"taxonomy":"product_cat","embeddable":true,"href":"https:\/\/lisakroeber.com\/de\/wp-json\/wp\/v2\/product_cat?post=306378"},{"taxonomy":"product_tag","embeddable":true,"href":"https:\/\/lisakroeber.com\/de\/wp-json\/wp\/v2\/product_tag?post=306378"}],"curies":[{"name":"wp","href":"https:\/\/api.w.org\/{rel}","templated":true}]}}