{"id":306414,"date":"2024-10-14T10:46:21","date_gmt":"2024-10-14T08:46:21","guid":{"rendered":"https:\/\/lisakroeber.com\/?post_type=product&#038;p=306414"},"modified":"2026-03-12T13:27:42","modified_gmt":"2026-03-12T11:27:42","slug":"ohrschmuck-mixmatch-creolen","status":"publish","type":"product","link":"https:\/\/lisakroeber.com\/de\/produkt\/ohrschmuck-mixmatch-creolen\/","title":{"rendered":"Ohrschmuck Mix&amp;Match CREOLEN"},"content":{"rendered":"","protected":false},"excerpt":{"rendered":"<div>\n<p data-start=\"154\" data-end=\"208\"><strong data-start=\"154\" data-end=\"175\">Mix &amp; Match Creolen<\/strong><br data-start=\"175\" data-end=\"178\">Verspielt. Flexibel.  Pers\u00f6nlich.<\/p>\n<p data-start=\"210\" data-end=\"425\">Die <em data-start=\"214\" data-end=\"233\">Mix &amp; Match Creolen<\/em> sind zum Spielen gemacht. W\u00e4hle zwischen Creolen aus Silber oder gelbvergoldetem Silber und gestalte dein eigenes Design, indem du sie mit \u00fcber 30 farbigen Anh\u00e4ngern und Rahmen kombinierst. <\/p>\n<p data-start=\"427\" data-end=\"664\">Die Creolen, Anh\u00e4nger und Rahmen k\u00f6nnen separat gekauft werden. So hast du die volle Freiheit, Materialien, Farben und Kombinationen jederzeit zu ver\u00e4ndern \u2014 ganz nach deinem Stil oder deiner Stimmung. Ein modulares Schmuckkonzept, das f\u00fcr Kreativit\u00e4t und Individualit\u00e4t entworfen wurde. <\/p>\n<\/div>\n<div>\n<div class=\"n4sEPd\">\n<div class=\"FFpbKc\">\n<div class=\"xMmqsf\"><span class=\"ZTPlmc\" dir=\"ltr\" role=\"img\" aria-label=\"39 von 5.000 Zeichen verwendet\"><br \/>\n<\/span>Klicke hier, f\u00fcr die passenden <a href=\"https:\/\/lisakroeber.com\/de\/produkt\/ohrschmuck-mixmatch-platten\/\" target=\"_blank\" rel=\"noopener\">Mix&amp;Match ANH\u00c4NGER<\/a><\/div>\n<\/div>\n<\/div>\n<\/div>\n<div><\/div>\n<p>Klicke hier, f\u00fcr die passenden <a href=\"https:\/\/lisakroeber.com\/de\/produkt\/ohrschmuck-mixmatch-creolen\/\">Mix&amp;Match RAHMEN<\/a><\/p>\n","protected":false},"featured_media":307068,"template":"","meta":{"content-type":""},"product_brand":[],"product_cat":[341,1026],"product_tag":[1069],"class_list":{"0":"post-306414","1":"product","2":"type-product","3":"status-publish","4":"has-post-thumbnail","6":"product_cat-kollektionen","7":"product_cat-mixmatch-de","8":"product_tag-neu","10":"first","11":"instock","12":"taxable","13":"shipping-taxable","14":"purchasable","15":"product-type-variable"},"yoast_head":"<!-- This site is optimized with the Yoast SEO plugin v27.4 - https:\/\/yoast.com\/product\/yoast-seo-wordpress\/ -->\n<title>Ohrschmuck Mix&amp;Match CREOLEN - Lisa Kroeber Jewellery Art<\/title>\n<meta name=\"robots\" content=\"index, follow, max-snippet:-1, max-image-preview:large, max-video-preview:-1\" \/>\n<link rel=\"canonical\" href=\"https:\/\/lisakroeber.com\/de\/produkt\/ohrschmuck-mixmatch-creolen\/\" \/>\n<meta property=\"og:locale\" content=\"de_DE\" \/>\n<meta property=\"og:type\" content=\"article\" \/>\n<meta property=\"og:title\" content=\"Ohrschmuck Mix&amp;Match CREOLEN - Lisa Kroeber Jewellery Art\" \/>\n<meta property=\"og:description\" content=\"Mix &amp; Match CreolenVerspielt. Flexibel. Pers\u00f6nlich. Die Mix &amp; Match Creolen sind zum Spielen gemacht. W\u00e4hle zwischen Creolen aus Silber oder gelbvergoldetem Silber und gestalte dein eigenes Design, indem du sie mit \u00fcber 30 farbigen Anh\u00e4ngern und Rahmen kombinierst. Die Creolen, Anh\u00e4nger und Rahmen k\u00f6nnen separat gekauft werden. So hast du die volle Freiheit, Materialien, Farben und Kombinationen jederzeit zu ver\u00e4ndern \u2014 ganz nach deinem Stil oder deiner Stimmung. Ein modulares Schmuckkonzept, das f\u00fcr Kreativit\u00e4t und Individualit\u00e4t entworfen wurde.    Klicke hier, f\u00fcr die passenden Mix&amp;Match ANH\u00c4NGER   Klicke hier, f\u00fcr die passenden Mix&amp;Match RAHMEN\" \/>\n<meta property=\"og:url\" content=\"https:\/\/lisakroeber.com\/de\/produkt\/ohrschmuck-mixmatch-creolen\/\" \/>\n<meta property=\"og:site_name\" content=\"Lisa Kroeber Jewellery Art\" \/>\n<meta property=\"article:modified_time\" content=\"2026-03-12T11:27:42+00:00\" \/>\n<meta property=\"og:image\" content=\"https:\/\/lisakroeber.com\/wp-content\/uploads\/2024\/10\/MMS-MMG-scaled.jpg\" \/>\n\t<meta property=\"og:image:width\" content=\"2560\" \/>\n\t<meta property=\"og:image:height\" content=\"2504\" \/>\n\t<meta property=\"og:image:type\" content=\"image\/jpeg\" \/>\n<meta name=\"twitter:card\" content=\"summary_large_image\" \/>\n<meta name=\"twitter:label1\" content=\"Gesch\u00e4tzte Lesezeit\" \/>\n\t<meta name=\"twitter:data1\" content=\"1\u00a0Minute\" \/>\n<script type=\"application\/ld+json\" class=\"yoast-schema-graph\">{\"@context\":\"https:\\\/\\\/schema.org\",\"@graph\":[{\"@type\":\"WebPage\",\"@id\":\"https:\\\/\\\/lisakroeber.com\\\/de\\\/produkt\\\/ohrschmuck-mixmatch-creolen\\\/\",\"url\":\"https:\\\/\\\/lisakroeber.com\\\/de\\\/produkt\\\/ohrschmuck-mixmatch-creolen\\\/\",\"name\":\"Ohrschmuck Mix&amp;Match CREOLEN - Lisa Kroeber Jewellery Art\",\"isPartOf\":{\"@id\":\"https:\\\/\\\/lisakroeber.com\\\/#website\"},\"primaryImageOfPage\":{\"@id\":\"https:\\\/\\\/lisakroeber.com\\\/de\\\/produkt\\\/ohrschmuck-mixmatch-creolen\\\/#primaryimage\"},\"image\":{\"@id\":\"https:\\\/\\\/lisakroeber.com\\\/de\\\/produkt\\\/ohrschmuck-mixmatch-creolen\\\/#primaryimage\"},\"thumbnailUrl\":\"https:\\\/\\\/lisakroeber.com\\\/wp-content\\\/uploads\\\/2024\\\/10\\\/MMS-MMG-scaled.jpg\",\"datePublished\":\"2024-10-14T08:46:21+00:00\",\"dateModified\":\"2026-03-12T11:27:42+00:00\",\"breadcrumb\":{\"@id\":\"https:\\\/\\\/lisakroeber.com\\\/de\\\/produkt\\\/ohrschmuck-mixmatch-creolen\\\/#breadcrumb\"},\"inLanguage\":\"de\",\"potentialAction\":[{\"@type\":\"ReadAction\",\"target\":[\"https:\\\/\\\/lisakroeber.com\\\/de\\\/produkt\\\/ohrschmuck-mixmatch-creolen\\\/\"]}]},{\"@type\":\"ImageObject\",\"inLanguage\":\"de\",\"@id\":\"https:\\\/\\\/lisakroeber.com\\\/de\\\/produkt\\\/ohrschmuck-mixmatch-creolen\\\/#primaryimage\",\"url\":\"https:\\\/\\\/lisakroeber.com\\\/wp-content\\\/uploads\\\/2024\\\/10\\\/MMS-MMG-scaled.jpg\",\"contentUrl\":\"https:\\\/\\\/lisakroeber.com\\\/wp-content\\\/uploads\\\/2024\\\/10\\\/MMS-MMG-scaled.jpg\",\"width\":2560,\"height\":2504},{\"@type\":\"BreadcrumbList\",\"@id\":\"https:\\\/\\\/lisakroeber.com\\\/de\\\/produkt\\\/ohrschmuck-mixmatch-creolen\\\/#breadcrumb\",\"itemListElement\":[{\"@type\":\"ListItem\",\"position\":1,\"name\":\"Home\",\"item\":\"https:\\\/\\\/lisakroeber.com\\\/de\\\/\"},{\"@type\":\"ListItem\",\"position\":2,\"name\":\"Gesch\u00e4ft\",\"item\":\"https:\\\/\\\/lisakroeber.com\\\/de\\\/geschaeft\\\/\"},{\"@type\":\"ListItem\",\"position\":3,\"name\":\"Ohrschmuck Mix&amp;Match CREOLEN\"}]},{\"@type\":\"WebSite\",\"@id\":\"https:\\\/\\\/lisakroeber.com\\\/#website\",\"url\":\"https:\\\/\\\/lisakroeber.com\\\/\",\"name\":\"Lisa Kroeber Jewellery Art\",\"description\":\"Lisa Kroeber Jewellery Art e-shop\",\"publisher\":{\"@id\":\"https:\\\/\\\/lisakroeber.com\\\/#organization\"},\"potentialAction\":[{\"@type\":\"SearchAction\",\"target\":{\"@type\":\"EntryPoint\",\"urlTemplate\":\"https:\\\/\\\/lisakroeber.com\\\/?s={search_term_string}\"},\"query-input\":{\"@type\":\"PropertyValueSpecification\",\"valueRequired\":true,\"valueName\":\"search_term_string\"}}],\"inLanguage\":\"de\"},{\"@type\":\"Organization\",\"@id\":\"https:\\\/\\\/lisakroeber.com\\\/#organization\",\"name\":\"Lisa Kroeber Jewellery\",\"url\":\"https:\\\/\\\/lisakroeber.com\\\/\",\"logo\":{\"@type\":\"ImageObject\",\"inLanguage\":\"de\",\"@id\":\"https:\\\/\\\/lisakroeber.com\\\/#\\\/schema\\\/logo\\\/image\\\/\",\"url\":\"https:\\\/\\\/lisakroeber.com\\\/wp-content\\\/uploads\\\/2024\\\/07\\\/47178367_317322115661289_143956003702964224_n-e1543863670541.svg\",\"contentUrl\":\"https:\\\/\\\/lisakroeber.com\\\/wp-content\\\/uploads\\\/2024\\\/07\\\/47178367_317322115661289_143956003702964224_n-e1543863670541.svg\",\"width\":1,\"height\":1,\"caption\":\"Lisa Kroeber Jewellery\"},\"image\":{\"@id\":\"https:\\\/\\\/lisakroeber.com\\\/#\\\/schema\\\/logo\\\/image\\\/\"}}]}<\/script>\n<!-- \/ Yoast SEO plugin. -->","yoast_head_json":{"title":"Ohrschmuck Mix&amp;Match CREOLEN - Lisa Kroeber Jewellery Art","robots":{"index":"index","follow":"follow","max-snippet":"max-snippet:-1","max-image-preview":"max-image-preview:large","max-video-preview":"max-video-preview:-1"},"canonical":"https:\/\/lisakroeber.com\/de\/produkt\/ohrschmuck-mixmatch-creolen\/","og_locale":"de_DE","og_type":"article","og_title":"Ohrschmuck Mix&amp;Match CREOLEN - Lisa Kroeber Jewellery Art","og_description":"Mix &amp; Match CreolenVerspielt. Flexibel. Pers\u00f6nlich. Die Mix &amp; Match Creolen sind zum Spielen gemacht. W\u00e4hle zwischen Creolen aus Silber oder gelbvergoldetem Silber und gestalte dein eigenes Design, indem du sie mit \u00fcber 30 farbigen Anh\u00e4ngern und Rahmen kombinierst. Die Creolen, Anh\u00e4nger und Rahmen k\u00f6nnen separat gekauft werden. So hast du die volle Freiheit, Materialien, Farben und Kombinationen jederzeit zu ver\u00e4ndern \u2014 ganz nach deinem Stil oder deiner Stimmung. Ein modulares Schmuckkonzept, das f\u00fcr Kreativit\u00e4t und Individualit\u00e4t entworfen wurde.    Klicke hier, f\u00fcr die passenden Mix&amp;Match ANH\u00c4NGER   Klicke hier, f\u00fcr die passenden Mix&amp;Match RAHMEN","og_url":"https:\/\/lisakroeber.com\/de\/produkt\/ohrschmuck-mixmatch-creolen\/","og_site_name":"Lisa Kroeber Jewellery Art","article_modified_time":"2026-03-12T11:27:42+00:00","og_image":[{"width":2560,"height":2504,"url":"https:\/\/lisakroeber.com\/wp-content\/uploads\/2024\/10\/MMS-MMG-scaled.jpg","type":"image\/jpeg"}],"twitter_card":"summary_large_image","twitter_misc":{"Gesch\u00e4tzte Lesezeit":"1\u00a0Minute"},"schema":{"@context":"https:\/\/schema.org","@graph":[{"@type":"WebPage","@id":"https:\/\/lisakroeber.com\/de\/produkt\/ohrschmuck-mixmatch-creolen\/","url":"https:\/\/lisakroeber.com\/de\/produkt\/ohrschmuck-mixmatch-creolen\/","name":"Ohrschmuck Mix&amp;Match CREOLEN - Lisa Kroeber Jewellery Art","isPartOf":{"@id":"https:\/\/lisakroeber.com\/#website"},"primaryImageOfPage":{"@id":"https:\/\/lisakroeber.com\/de\/produkt\/ohrschmuck-mixmatch-creolen\/#primaryimage"},"image":{"@id":"https:\/\/lisakroeber.com\/de\/produkt\/ohrschmuck-mixmatch-creolen\/#primaryimage"},"thumbnailUrl":"https:\/\/lisakroeber.com\/wp-content\/uploads\/2024\/10\/MMS-MMG-scaled.jpg","datePublished":"2024-10-14T08:46:21+00:00","dateModified":"2026-03-12T11:27:42+00:00","breadcrumb":{"@id":"https:\/\/lisakroeber.com\/de\/produkt\/ohrschmuck-mixmatch-creolen\/#breadcrumb"},"inLanguage":"de","potentialAction":[{"@type":"ReadAction","target":["https:\/\/lisakroeber.com\/de\/produkt\/ohrschmuck-mixmatch-creolen\/"]}]},{"@type":"ImageObject","inLanguage":"de","@id":"https:\/\/lisakroeber.com\/de\/produkt\/ohrschmuck-mixmatch-creolen\/#primaryimage","url":"https:\/\/lisakroeber.com\/wp-content\/uploads\/2024\/10\/MMS-MMG-scaled.jpg","contentUrl":"https:\/\/lisakroeber.com\/wp-content\/uploads\/2024\/10\/MMS-MMG-scaled.jpg","width":2560,"height":2504},{"@type":"BreadcrumbList","@id":"https:\/\/lisakroeber.com\/de\/produkt\/ohrschmuck-mixmatch-creolen\/#breadcrumb","itemListElement":[{"@type":"ListItem","position":1,"name":"Home","item":"https:\/\/lisakroeber.com\/de\/"},{"@type":"ListItem","position":2,"name":"Gesch\u00e4ft","item":"https:\/\/lisakroeber.com\/de\/geschaeft\/"},{"@type":"ListItem","position":3,"name":"Ohrschmuck Mix&amp;Match CREOLEN"}]},{"@type":"WebSite","@id":"https:\/\/lisakroeber.com\/#website","url":"https:\/\/lisakroeber.com\/","name":"Lisa Kroeber Jewellery Art","description":"Lisa Kroeber Jewellery Art e-shop","publisher":{"@id":"https:\/\/lisakroeber.com\/#organization"},"potentialAction":[{"@type":"SearchAction","target":{"@type":"EntryPoint","urlTemplate":"https:\/\/lisakroeber.com\/?s={search_term_string}"},"query-input":{"@type":"PropertyValueSpecification","valueRequired":true,"valueName":"search_term_string"}}],"inLanguage":"de"},{"@type":"Organization","@id":"https:\/\/lisakroeber.com\/#organization","name":"Lisa Kroeber Jewellery","url":"https:\/\/lisakroeber.com\/","logo":{"@type":"ImageObject","inLanguage":"de","@id":"https:\/\/lisakroeber.com\/#\/schema\/logo\/image\/","url":"https:\/\/lisakroeber.com\/wp-content\/uploads\/2024\/07\/47178367_317322115661289_143956003702964224_n-e1543863670541.svg","contentUrl":"https:\/\/lisakroeber.com\/wp-content\/uploads\/2024\/07\/47178367_317322115661289_143956003702964224_n-e1543863670541.svg","width":1,"height":1,"caption":"Lisa Kroeber Jewellery"},"image":{"@id":"https:\/\/lisakroeber.com\/#\/schema\/logo\/image\/"}}]}},"_links":{"self":[{"href":"https:\/\/lisakroeber.com\/de\/wp-json\/wp\/v2\/product\/306414","targetHints":{"allow":["GET"]}}],"collection":[{"href":"https:\/\/lisakroeber.com\/de\/wp-json\/wp\/v2\/product"}],"about":[{"href":"https:\/\/lisakroeber.com\/de\/wp-json\/wp\/v2\/types\/product"}],"wp:featuredmedia":[{"embeddable":true,"href":"https:\/\/lisakroeber.com\/de\/wp-json\/wp\/v2\/media\/307068"}],"wp:attachment":[{"href":"https:\/\/lisakroeber.com\/de\/wp-json\/wp\/v2\/media?parent=306414"}],"wp:term":[{"taxonomy":"product_brand","embeddable":true,"href":"https:\/\/lisakroeber.com\/de\/wp-json\/wp\/v2\/product_brand?post=306414"},{"taxonomy":"product_cat","embeddable":true,"href":"https:\/\/lisakroeber.com\/de\/wp-json\/wp\/v2\/product_cat?post=306414"},{"taxonomy":"product_tag","embeddable":true,"href":"https:\/\/lisakroeber.com\/de\/wp-json\/wp\/v2\/product_tag?post=306414"}],"curies":[{"name":"wp","href":"https:\/\/api.w.org\/{rel}","templated":true}]}}