{"id":309506,"date":"2025-10-22T13:16:14","date_gmt":"2025-10-22T11:16:14","guid":{"rendered":"https:\/\/lisakroeber.com\/?post_type=product&#038;p=309506"},"modified":"2026-03-12T12:56:27","modified_gmt":"2026-03-12T10:56:27","slug":"armband-forma","status":"publish","type":"product","link":"https:\/\/lisakroeber.com\/de\/produkt\/armband-forma\/","title":{"rendered":"Armband Forma"},"content":{"rendered":"","protected":false},"excerpt":{"rendered":"<p><strong>Forma Armband<\/strong><br \/>\nMarkant. Minimalistisch.  Zeitlos.<\/p>\n<p>Das <em><wpml_linebreak>FORMA <\/wpml_linebreak><\/em>Armband vereint skulpturales Silber mit einem doppelt gewickelten Lederband \u2013 eine perfekte Balance zwischen St\u00e4rke und Eleganz.<br \/>\nEntworfen f\u00fcr M\u00e4nner und Frauen, verf\u00fcgt es \u00fcber eine verstellbare Passform und robuste Verschl\u00fcsse aus Edelstahl.<br \/>Es ist ein ideales Geschenk f\u00fcr M\u00e4nner und auch ein sch\u00f6nes Partnerarmband, wenn man es gemeinsam tr\u00e4gt.<br \/>Das Armband kann personalisiert werden \u2013 auf der Seite des Silberteils kann eine Gravur angebracht werden.<br \/>(Gravur kostet zus\u00e4tzlich 30 \u20ac.)   <\/p>\n<p>Ein Statement klaren Designs und handwerklicher Pr\u00e4zision \u2013 gemacht, um jeden Tag getragen zu werden.<\/p>\n<p>Kollektion: Forma<\/p>\n<p>Material: 925 Silber, Leder<\/p>\n<p>Gr\u00f6\u00dfe des Silberdetails: 2 cm x 2,8 cm x 0,6 cm<\/p>\n<p>Gewicht pro Armband: 24 g<\/p>\n<p>Maximale L\u00e4nge: 59,5 cm. Das Lederband ist so konzipiert, dass es zweimal um das Handgelenk gewickelt wird. <\/p>\n<p>unisex<\/p>\n<p>Alle Produkte werden innerhalb von 1-5 Tagen versendet. Alle Artikel werden in einer Geschenkbox verschickt.<\/p>\n<p>&nbsp;<\/p>\n","protected":false},"featured_media":309495,"template":"","meta":{"content-type":""},"product_brand":[],"product_cat":[337,345,1072,341],"product_tag":[],"class_list":{"0":"post-309506","1":"product","2":"type-product","3":"status-publish","4":"has-post-thumbnail","6":"product_cat-armschmuck","7":"product_cat-fuer-maenner","8":"product_cat-forma","9":"product_cat-kollektionen","11":"first","12":"instock","13":"taxable","14":"shipping-taxable","15":"purchasable","16":"product-type-simple"},"yoast_head":"<!-- This site is optimized with the Yoast SEO plugin v27.4 - https:\/\/yoast.com\/product\/yoast-seo-wordpress\/ -->\n<title>Armband Forma - Lisa Kroeber Jewellery Art<\/title>\n<meta name=\"robots\" content=\"index, follow, max-snippet:-1, max-image-preview:large, max-video-preview:-1\" \/>\n<link rel=\"canonical\" href=\"https:\/\/lisakroeber.com\/de\/produkt\/armband-forma\/\" \/>\n<meta property=\"og:locale\" content=\"de_DE\" \/>\n<meta property=\"og:type\" content=\"article\" \/>\n<meta property=\"og:title\" content=\"Armband Forma - Lisa Kroeber Jewellery Art\" \/>\n<meta property=\"og:description\" content=\"Forma Armband Markant. Minimalistisch. Zeitlos. Das FORMA Armband vereint skulpturales Silber mit einem doppelt gewickelten Lederband \u2013 eine perfekte Balance zwischen St\u00e4rke und Eleganz. Entworfen f\u00fcr M\u00e4nner und Frauen, verf\u00fcgt es \u00fcber eine verstellbare Passform und robuste Verschl\u00fcsse aus Edelstahl.Es ist ein ideales Geschenk f\u00fcr M\u00e4nner und auch ein sch\u00f6nes Partnerarmband, wenn man es gemeinsam tr\u00e4gt.Das Armband kann personalisiert werden \u2013 auf der Seite des Silberteils kann eine Gravur angebracht werden.(Gravur kostet zus\u00e4tzlich 30 \u20ac.)   Ein Statement klaren Designs und handwerklicher Pr\u00e4zision \u2013 gemacht, um jeden Tag getragen zu werden. Kollektion: Forma Material: 925 Silber, Leder Gr\u00f6\u00dfe des Silberdetails: 2 cm x 2,8 cm x 0,6 cm Gewicht pro Armband: 24 g Maximale L\u00e4nge: 59,5 cm. Das Lederband ist so konzipiert, dass es zweimal um das Handgelenk gewickelt wird.  unisex Alle Produkte werden innerhalb von 1-5 Tagen versendet. Alle Artikel werden in einer Geschenkbox verschickt. &nbsp;\" \/>\n<meta property=\"og:url\" content=\"https:\/\/lisakroeber.com\/de\/produkt\/armband-forma\/\" \/>\n<meta property=\"og:site_name\" content=\"Lisa Kroeber Jewellery Art\" \/>\n<meta property=\"article:modified_time\" content=\"2026-03-12T10:56:27+00:00\" \/>\n<meta property=\"og:image\" content=\"https:\/\/lisakroeber.com\/wp-content\/uploads\/2025\/10\/KaevoruEest-1-scaled.jpg\" \/>\n\t<meta property=\"og:image:width\" content=\"2560\" \/>\n\t<meta property=\"og:image:height\" content=\"1707\" \/>\n\t<meta property=\"og:image:type\" content=\"image\/jpeg\" \/>\n<meta name=\"twitter:card\" content=\"summary_large_image\" \/>\n<meta name=\"twitter:label1\" content=\"Gesch\u00e4tzte Lesezeit\" \/>\n\t<meta name=\"twitter:data1\" content=\"1\u00a0Minute\" \/>\n<script type=\"application\/ld+json\" class=\"yoast-schema-graph\">{\"@context\":\"https:\\\/\\\/schema.org\",\"@graph\":[{\"@type\":\"WebPage\",\"@id\":\"https:\\\/\\\/lisakroeber.com\\\/de\\\/produkt\\\/armband-forma\\\/\",\"url\":\"https:\\\/\\\/lisakroeber.com\\\/de\\\/produkt\\\/armband-forma\\\/\",\"name\":\"Armband Forma - Lisa Kroeber Jewellery Art\",\"isPartOf\":{\"@id\":\"https:\\\/\\\/lisakroeber.com\\\/#website\"},\"primaryImageOfPage\":{\"@id\":\"https:\\\/\\\/lisakroeber.com\\\/de\\\/produkt\\\/armband-forma\\\/#primaryimage\"},\"image\":{\"@id\":\"https:\\\/\\\/lisakroeber.com\\\/de\\\/produkt\\\/armband-forma\\\/#primaryimage\"},\"thumbnailUrl\":\"https:\\\/\\\/lisakroeber.com\\\/wp-content\\\/uploads\\\/2025\\\/10\\\/KaevoruEest-1-scaled.jpg\",\"datePublished\":\"2025-10-22T11:16:14+00:00\",\"dateModified\":\"2026-03-12T10:56:27+00:00\",\"breadcrumb\":{\"@id\":\"https:\\\/\\\/lisakroeber.com\\\/de\\\/produkt\\\/armband-forma\\\/#breadcrumb\"},\"inLanguage\":\"de\",\"potentialAction\":[{\"@type\":\"ReadAction\",\"target\":[\"https:\\\/\\\/lisakroeber.com\\\/de\\\/produkt\\\/armband-forma\\\/\"]}]},{\"@type\":\"ImageObject\",\"inLanguage\":\"de\",\"@id\":\"https:\\\/\\\/lisakroeber.com\\\/de\\\/produkt\\\/armband-forma\\\/#primaryimage\",\"url\":\"https:\\\/\\\/lisakroeber.com\\\/wp-content\\\/uploads\\\/2025\\\/10\\\/KaevoruEest-1-scaled.jpg\",\"contentUrl\":\"https:\\\/\\\/lisakroeber.com\\\/wp-content\\\/uploads\\\/2025\\\/10\\\/KaevoruEest-1-scaled.jpg\",\"width\":2560,\"height\":1707},{\"@type\":\"BreadcrumbList\",\"@id\":\"https:\\\/\\\/lisakroeber.com\\\/de\\\/produkt\\\/armband-forma\\\/#breadcrumb\",\"itemListElement\":[{\"@type\":\"ListItem\",\"position\":1,\"name\":\"Home\",\"item\":\"https:\\\/\\\/lisakroeber.com\\\/de\\\/\"},{\"@type\":\"ListItem\",\"position\":2,\"name\":\"Gesch\u00e4ft\",\"item\":\"https:\\\/\\\/lisakroeber.com\\\/de\\\/geschaeft\\\/\"},{\"@type\":\"ListItem\",\"position\":3,\"name\":\"Armband Forma\"}]},{\"@type\":\"WebSite\",\"@id\":\"https:\\\/\\\/lisakroeber.com\\\/#website\",\"url\":\"https:\\\/\\\/lisakroeber.com\\\/\",\"name\":\"Lisa Kroeber Jewellery Art\",\"description\":\"Lisa Kroeber Jewellery Art e-shop\",\"publisher\":{\"@id\":\"https:\\\/\\\/lisakroeber.com\\\/#organization\"},\"potentialAction\":[{\"@type\":\"SearchAction\",\"target\":{\"@type\":\"EntryPoint\",\"urlTemplate\":\"https:\\\/\\\/lisakroeber.com\\\/?s={search_term_string}\"},\"query-input\":{\"@type\":\"PropertyValueSpecification\",\"valueRequired\":true,\"valueName\":\"search_term_string\"}}],\"inLanguage\":\"de\"},{\"@type\":\"Organization\",\"@id\":\"https:\\\/\\\/lisakroeber.com\\\/#organization\",\"name\":\"Lisa Kroeber Jewellery\",\"url\":\"https:\\\/\\\/lisakroeber.com\\\/\",\"logo\":{\"@type\":\"ImageObject\",\"inLanguage\":\"de\",\"@id\":\"https:\\\/\\\/lisakroeber.com\\\/#\\\/schema\\\/logo\\\/image\\\/\",\"url\":\"https:\\\/\\\/lisakroeber.com\\\/wp-content\\\/uploads\\\/2024\\\/07\\\/47178367_317322115661289_143956003702964224_n-e1543863670541.svg\",\"contentUrl\":\"https:\\\/\\\/lisakroeber.com\\\/wp-content\\\/uploads\\\/2024\\\/07\\\/47178367_317322115661289_143956003702964224_n-e1543863670541.svg\",\"width\":1,\"height\":1,\"caption\":\"Lisa Kroeber Jewellery\"},\"image\":{\"@id\":\"https:\\\/\\\/lisakroeber.com\\\/#\\\/schema\\\/logo\\\/image\\\/\"}}]}<\/script>\n<!-- \/ Yoast SEO plugin. -->","yoast_head_json":{"title":"Armband Forma - Lisa Kroeber Jewellery Art","robots":{"index":"index","follow":"follow","max-snippet":"max-snippet:-1","max-image-preview":"max-image-preview:large","max-video-preview":"max-video-preview:-1"},"canonical":"https:\/\/lisakroeber.com\/de\/produkt\/armband-forma\/","og_locale":"de_DE","og_type":"article","og_title":"Armband Forma - Lisa Kroeber Jewellery Art","og_description":"Forma Armband Markant. Minimalistisch. Zeitlos. Das FORMA Armband vereint skulpturales Silber mit einem doppelt gewickelten Lederband \u2013 eine perfekte Balance zwischen St\u00e4rke und Eleganz. Entworfen f\u00fcr M\u00e4nner und Frauen, verf\u00fcgt es \u00fcber eine verstellbare Passform und robuste Verschl\u00fcsse aus Edelstahl.Es ist ein ideales Geschenk f\u00fcr M\u00e4nner und auch ein sch\u00f6nes Partnerarmband, wenn man es gemeinsam tr\u00e4gt.Das Armband kann personalisiert werden \u2013 auf der Seite des Silberteils kann eine Gravur angebracht werden.(Gravur kostet zus\u00e4tzlich 30 \u20ac.)   Ein Statement klaren Designs und handwerklicher Pr\u00e4zision \u2013 gemacht, um jeden Tag getragen zu werden. Kollektion: Forma Material: 925 Silber, Leder Gr\u00f6\u00dfe des Silberdetails: 2 cm x 2,8 cm x 0,6 cm Gewicht pro Armband: 24 g Maximale L\u00e4nge: 59,5 cm. Das Lederband ist so konzipiert, dass es zweimal um das Handgelenk gewickelt wird.  unisex Alle Produkte werden innerhalb von 1-5 Tagen versendet. Alle Artikel werden in einer Geschenkbox verschickt. &nbsp;","og_url":"https:\/\/lisakroeber.com\/de\/produkt\/armband-forma\/","og_site_name":"Lisa Kroeber Jewellery Art","article_modified_time":"2026-03-12T10:56:27+00:00","og_image":[{"width":2560,"height":1707,"url":"https:\/\/lisakroeber.com\/wp-content\/uploads\/2025\/10\/KaevoruEest-1-scaled.jpg","type":"image\/jpeg"}],"twitter_card":"summary_large_image","twitter_misc":{"Gesch\u00e4tzte Lesezeit":"1\u00a0Minute"},"schema":{"@context":"https:\/\/schema.org","@graph":[{"@type":"WebPage","@id":"https:\/\/lisakroeber.com\/de\/produkt\/armband-forma\/","url":"https:\/\/lisakroeber.com\/de\/produkt\/armband-forma\/","name":"Armband Forma - Lisa Kroeber Jewellery Art","isPartOf":{"@id":"https:\/\/lisakroeber.com\/#website"},"primaryImageOfPage":{"@id":"https:\/\/lisakroeber.com\/de\/produkt\/armband-forma\/#primaryimage"},"image":{"@id":"https:\/\/lisakroeber.com\/de\/produkt\/armband-forma\/#primaryimage"},"thumbnailUrl":"https:\/\/lisakroeber.com\/wp-content\/uploads\/2025\/10\/KaevoruEest-1-scaled.jpg","datePublished":"2025-10-22T11:16:14+00:00","dateModified":"2026-03-12T10:56:27+00:00","breadcrumb":{"@id":"https:\/\/lisakroeber.com\/de\/produkt\/armband-forma\/#breadcrumb"},"inLanguage":"de","potentialAction":[{"@type":"ReadAction","target":["https:\/\/lisakroeber.com\/de\/produkt\/armband-forma\/"]}]},{"@type":"ImageObject","inLanguage":"de","@id":"https:\/\/lisakroeber.com\/de\/produkt\/armband-forma\/#primaryimage","url":"https:\/\/lisakroeber.com\/wp-content\/uploads\/2025\/10\/KaevoruEest-1-scaled.jpg","contentUrl":"https:\/\/lisakroeber.com\/wp-content\/uploads\/2025\/10\/KaevoruEest-1-scaled.jpg","width":2560,"height":1707},{"@type":"BreadcrumbList","@id":"https:\/\/lisakroeber.com\/de\/produkt\/armband-forma\/#breadcrumb","itemListElement":[{"@type":"ListItem","position":1,"name":"Home","item":"https:\/\/lisakroeber.com\/de\/"},{"@type":"ListItem","position":2,"name":"Gesch\u00e4ft","item":"https:\/\/lisakroeber.com\/de\/geschaeft\/"},{"@type":"ListItem","position":3,"name":"Armband Forma"}]},{"@type":"WebSite","@id":"https:\/\/lisakroeber.com\/#website","url":"https:\/\/lisakroeber.com\/","name":"Lisa Kroeber Jewellery Art","description":"Lisa Kroeber Jewellery Art e-shop","publisher":{"@id":"https:\/\/lisakroeber.com\/#organization"},"potentialAction":[{"@type":"SearchAction","target":{"@type":"EntryPoint","urlTemplate":"https:\/\/lisakroeber.com\/?s={search_term_string}"},"query-input":{"@type":"PropertyValueSpecification","valueRequired":true,"valueName":"search_term_string"}}],"inLanguage":"de"},{"@type":"Organization","@id":"https:\/\/lisakroeber.com\/#organization","name":"Lisa Kroeber Jewellery","url":"https:\/\/lisakroeber.com\/","logo":{"@type":"ImageObject","inLanguage":"de","@id":"https:\/\/lisakroeber.com\/#\/schema\/logo\/image\/","url":"https:\/\/lisakroeber.com\/wp-content\/uploads\/2024\/07\/47178367_317322115661289_143956003702964224_n-e1543863670541.svg","contentUrl":"https:\/\/lisakroeber.com\/wp-content\/uploads\/2024\/07\/47178367_317322115661289_143956003702964224_n-e1543863670541.svg","width":1,"height":1,"caption":"Lisa Kroeber Jewellery"},"image":{"@id":"https:\/\/lisakroeber.com\/#\/schema\/logo\/image\/"}}]}},"_links":{"self":[{"href":"https:\/\/lisakroeber.com\/de\/wp-json\/wp\/v2\/product\/309506","targetHints":{"allow":["GET"]}}],"collection":[{"href":"https:\/\/lisakroeber.com\/de\/wp-json\/wp\/v2\/product"}],"about":[{"href":"https:\/\/lisakroeber.com\/de\/wp-json\/wp\/v2\/types\/product"}],"wp:featuredmedia":[{"embeddable":true,"href":"https:\/\/lisakroeber.com\/de\/wp-json\/wp\/v2\/media\/309495"}],"wp:attachment":[{"href":"https:\/\/lisakroeber.com\/de\/wp-json\/wp\/v2\/media?parent=309506"}],"wp:term":[{"taxonomy":"product_brand","embeddable":true,"href":"https:\/\/lisakroeber.com\/de\/wp-json\/wp\/v2\/product_brand?post=309506"},{"taxonomy":"product_cat","embeddable":true,"href":"https:\/\/lisakroeber.com\/de\/wp-json\/wp\/v2\/product_cat?post=309506"},{"taxonomy":"product_tag","embeddable":true,"href":"https:\/\/lisakroeber.com\/de\/wp-json\/wp\/v2\/product_tag?post=309506"}],"curies":[{"name":"wp","href":"https:\/\/api.w.org\/{rel}","templated":true}]}}