{"id":309534,"date":"2025-10-22T12:35:37","date_gmt":"2025-10-22T10:35:37","guid":{"rendered":"https:\/\/lisakroeber.com\/product\/ohrringe-forma\/"},"modified":"2026-03-09T13:43:59","modified_gmt":"2026-03-09T11:43:59","slug":"ohrringe-forma","status":"publish","type":"product","link":"https:\/\/lisakroeber.com\/de\/produkt\/ohrringe-forma\/","title":{"rendered":"Ohrringe Forma"},"content":{"rendered":"","protected":false},"excerpt":{"rendered":"<p data-start=\"154\" data-end=\"207\"><strong data-start=\"154\" data-end=\"172\">Forma Ohrringe<\/strong><br data-start=\"172\" data-end=\"175\">Minimalistisch. Skulptural. Zeitlos.<\/p>\n<p data-start=\"209\" data-end=\"483\">Die <em data-start=\"213\" data-end=\"220\">Forma Ohrringe<\/em> sind minimalistisch und zugleich ausdrucksstark. Gefertigt aus Sterlingsilber mit einer klar gefalteten Oberfl\u00e4che, die wundersch\u00f6n mit Licht und Schatten spielt. Ihre geometrische Form schafft eine starke und dennoch elegante Pr\u00e4senz und verbindet skulpturalen Ausdruck mit zeitlosem Design.  <\/p>\n<p data-start=\"485\" data-end=\"671\">Die<em data-start=\"533\" data-end=\"540\"> Forma Ohrringe<\/em> sind in zwei Gr\u00f6\u00dfen erh\u00e4ltlich: Small und Big und erm\u00f6glichen die Wahl zwischen dezenter Zur\u00fcckhaltung und einem markanten Statement. Ein modernes Schmuckst\u00fcck, geschaffen f\u00fcr den Alltag und dar\u00fcber hinaus. <\/p>\n","protected":false},"featured_media":309515,"template":"","meta":{"content-type":""},"product_brand":[],"product_cat":[1072,341,344],"product_tag":[1069],"class_list":{"0":"post-309534","1":"product","2":"type-product","3":"status-publish","4":"has-post-thumbnail","6":"product_cat-forma","7":"product_cat-kollektionen","8":"product_cat-ohrschmuck","9":"product_tag-neu","11":"first","12":"instock","13":"taxable","14":"shipping-taxable","15":"purchasable","16":"product-type-variable"},"yoast_head":"<!-- This site is optimized with the Yoast SEO plugin v27.4 - https:\/\/yoast.com\/product\/yoast-seo-wordpress\/ -->\n<title>Ohrringe Forma - Lisa Kroeber Jewellery Art<\/title>\n<meta name=\"robots\" content=\"index, follow, max-snippet:-1, max-image-preview:large, max-video-preview:-1\" \/>\n<link rel=\"canonical\" href=\"https:\/\/lisakroeber.com\/de\/produkt\/ohrringe-forma\/\" \/>\n<meta property=\"og:locale\" content=\"de_DE\" \/>\n<meta property=\"og:type\" content=\"article\" \/>\n<meta property=\"og:title\" content=\"Ohrringe Forma - Lisa Kroeber Jewellery Art\" \/>\n<meta property=\"og:description\" content=\"Forma OhrringeMinimalistisch. Skulptural. Zeitlos. Die Forma Ohrringe sind minimalistisch und zugleich ausdrucksstark. Gefertigt aus Sterlingsilber mit einer klar gefalteten Oberfl\u00e4che, die wundersch\u00f6n mit Licht und Schatten spielt. Ihre geometrische Form schafft eine starke und dennoch elegante Pr\u00e4senz und verbindet skulpturalen Ausdruck mit zeitlosem Design.  Die Forma Ohrringe sind in zwei Gr\u00f6\u00dfen erh\u00e4ltlich: Small und Big und erm\u00f6glichen die Wahl zwischen dezenter Zur\u00fcckhaltung und einem markanten Statement. Ein modernes Schmuckst\u00fcck, geschaffen f\u00fcr den Alltag und dar\u00fcber hinaus.\" \/>\n<meta property=\"og:url\" content=\"https:\/\/lisakroeber.com\/de\/produkt\/ohrringe-forma\/\" \/>\n<meta property=\"og:site_name\" content=\"Lisa Kroeber Jewellery Art\" \/>\n<meta property=\"article:modified_time\" content=\"2026-03-09T11:43:59+00:00\" \/>\n<meta property=\"og:image\" content=\"https:\/\/lisakroeber.com\/wp-content\/uploads\/2025\/10\/FormaSuur-1-scaled.jpg\" \/>\n\t<meta property=\"og:image:width\" content=\"2560\" \/>\n\t<meta property=\"og:image:height\" content=\"1707\" \/>\n\t<meta property=\"og:image:type\" content=\"image\/jpeg\" \/>\n<meta name=\"twitter:card\" content=\"summary_large_image\" \/>\n<script type=\"application\/ld+json\" class=\"yoast-schema-graph\">{\"@context\":\"https:\\\/\\\/schema.org\",\"@graph\":[{\"@type\":\"WebPage\",\"@id\":\"https:\\\/\\\/lisakroeber.com\\\/de\\\/produkt\\\/ohrringe-forma\\\/\",\"url\":\"https:\\\/\\\/lisakroeber.com\\\/de\\\/produkt\\\/ohrringe-forma\\\/\",\"name\":\"Ohrringe Forma - Lisa Kroeber Jewellery Art\",\"isPartOf\":{\"@id\":\"https:\\\/\\\/lisakroeber.com\\\/#website\"},\"primaryImageOfPage\":{\"@id\":\"https:\\\/\\\/lisakroeber.com\\\/de\\\/produkt\\\/ohrringe-forma\\\/#primaryimage\"},\"image\":{\"@id\":\"https:\\\/\\\/lisakroeber.com\\\/de\\\/produkt\\\/ohrringe-forma\\\/#primaryimage\"},\"thumbnailUrl\":\"https:\\\/\\\/lisakroeber.com\\\/wp-content\\\/uploads\\\/2025\\\/10\\\/FormaSuur-1-scaled.jpg\",\"datePublished\":\"2025-10-22T10:35:37+00:00\",\"dateModified\":\"2026-03-09T11:43:59+00:00\",\"breadcrumb\":{\"@id\":\"https:\\\/\\\/lisakroeber.com\\\/de\\\/produkt\\\/ohrringe-forma\\\/#breadcrumb\"},\"inLanguage\":\"de\",\"potentialAction\":[{\"@type\":\"ReadAction\",\"target\":[\"https:\\\/\\\/lisakroeber.com\\\/de\\\/produkt\\\/ohrringe-forma\\\/\"]}]},{\"@type\":\"ImageObject\",\"inLanguage\":\"de\",\"@id\":\"https:\\\/\\\/lisakroeber.com\\\/de\\\/produkt\\\/ohrringe-forma\\\/#primaryimage\",\"url\":\"https:\\\/\\\/lisakroeber.com\\\/wp-content\\\/uploads\\\/2025\\\/10\\\/FormaSuur-1-scaled.jpg\",\"contentUrl\":\"https:\\\/\\\/lisakroeber.com\\\/wp-content\\\/uploads\\\/2025\\\/10\\\/FormaSuur-1-scaled.jpg\",\"width\":2560,\"height\":1707},{\"@type\":\"BreadcrumbList\",\"@id\":\"https:\\\/\\\/lisakroeber.com\\\/de\\\/produkt\\\/ohrringe-forma\\\/#breadcrumb\",\"itemListElement\":[{\"@type\":\"ListItem\",\"position\":1,\"name\":\"Home\",\"item\":\"https:\\\/\\\/lisakroeber.com\\\/de\\\/\"},{\"@type\":\"ListItem\",\"position\":2,\"name\":\"Gesch\u00e4ft\",\"item\":\"https:\\\/\\\/lisakroeber.com\\\/de\\\/geschaeft\\\/\"},{\"@type\":\"ListItem\",\"position\":3,\"name\":\"Ohrringe Forma\"}]},{\"@type\":\"WebSite\",\"@id\":\"https:\\\/\\\/lisakroeber.com\\\/#website\",\"url\":\"https:\\\/\\\/lisakroeber.com\\\/\",\"name\":\"Lisa Kroeber Jewellery Art\",\"description\":\"Lisa Kroeber Jewellery Art e-shop\",\"publisher\":{\"@id\":\"https:\\\/\\\/lisakroeber.com\\\/#organization\"},\"potentialAction\":[{\"@type\":\"SearchAction\",\"target\":{\"@type\":\"EntryPoint\",\"urlTemplate\":\"https:\\\/\\\/lisakroeber.com\\\/?s={search_term_string}\"},\"query-input\":{\"@type\":\"PropertyValueSpecification\",\"valueRequired\":true,\"valueName\":\"search_term_string\"}}],\"inLanguage\":\"de\"},{\"@type\":\"Organization\",\"@id\":\"https:\\\/\\\/lisakroeber.com\\\/#organization\",\"name\":\"Lisa Kroeber Jewellery\",\"url\":\"https:\\\/\\\/lisakroeber.com\\\/\",\"logo\":{\"@type\":\"ImageObject\",\"inLanguage\":\"de\",\"@id\":\"https:\\\/\\\/lisakroeber.com\\\/#\\\/schema\\\/logo\\\/image\\\/\",\"url\":\"https:\\\/\\\/lisakroeber.com\\\/wp-content\\\/uploads\\\/2024\\\/07\\\/47178367_317322115661289_143956003702964224_n-e1543863670541.svg\",\"contentUrl\":\"https:\\\/\\\/lisakroeber.com\\\/wp-content\\\/uploads\\\/2024\\\/07\\\/47178367_317322115661289_143956003702964224_n-e1543863670541.svg\",\"width\":1,\"height\":1,\"caption\":\"Lisa Kroeber Jewellery\"},\"image\":{\"@id\":\"https:\\\/\\\/lisakroeber.com\\\/#\\\/schema\\\/logo\\\/image\\\/\"}}]}<\/script>\n<!-- \/ Yoast SEO plugin. -->","yoast_head_json":{"title":"Ohrringe Forma - Lisa Kroeber Jewellery Art","robots":{"index":"index","follow":"follow","max-snippet":"max-snippet:-1","max-image-preview":"max-image-preview:large","max-video-preview":"max-video-preview:-1"},"canonical":"https:\/\/lisakroeber.com\/de\/produkt\/ohrringe-forma\/","og_locale":"de_DE","og_type":"article","og_title":"Ohrringe Forma - Lisa Kroeber Jewellery Art","og_description":"Forma OhrringeMinimalistisch. Skulptural. Zeitlos. Die Forma Ohrringe sind minimalistisch und zugleich ausdrucksstark. Gefertigt aus Sterlingsilber mit einer klar gefalteten Oberfl\u00e4che, die wundersch\u00f6n mit Licht und Schatten spielt. Ihre geometrische Form schafft eine starke und dennoch elegante Pr\u00e4senz und verbindet skulpturalen Ausdruck mit zeitlosem Design.  Die Forma Ohrringe sind in zwei Gr\u00f6\u00dfen erh\u00e4ltlich: Small und Big und erm\u00f6glichen die Wahl zwischen dezenter Zur\u00fcckhaltung und einem markanten Statement. Ein modernes Schmuckst\u00fcck, geschaffen f\u00fcr den Alltag und dar\u00fcber hinaus.","og_url":"https:\/\/lisakroeber.com\/de\/produkt\/ohrringe-forma\/","og_site_name":"Lisa Kroeber Jewellery Art","article_modified_time":"2026-03-09T11:43:59+00:00","og_image":[{"width":2560,"height":1707,"url":"https:\/\/lisakroeber.com\/wp-content\/uploads\/2025\/10\/FormaSuur-1-scaled.jpg","type":"image\/jpeg"}],"twitter_card":"summary_large_image","schema":{"@context":"https:\/\/schema.org","@graph":[{"@type":"WebPage","@id":"https:\/\/lisakroeber.com\/de\/produkt\/ohrringe-forma\/","url":"https:\/\/lisakroeber.com\/de\/produkt\/ohrringe-forma\/","name":"Ohrringe Forma - Lisa Kroeber Jewellery Art","isPartOf":{"@id":"https:\/\/lisakroeber.com\/#website"},"primaryImageOfPage":{"@id":"https:\/\/lisakroeber.com\/de\/produkt\/ohrringe-forma\/#primaryimage"},"image":{"@id":"https:\/\/lisakroeber.com\/de\/produkt\/ohrringe-forma\/#primaryimage"},"thumbnailUrl":"https:\/\/lisakroeber.com\/wp-content\/uploads\/2025\/10\/FormaSuur-1-scaled.jpg","datePublished":"2025-10-22T10:35:37+00:00","dateModified":"2026-03-09T11:43:59+00:00","breadcrumb":{"@id":"https:\/\/lisakroeber.com\/de\/produkt\/ohrringe-forma\/#breadcrumb"},"inLanguage":"de","potentialAction":[{"@type":"ReadAction","target":["https:\/\/lisakroeber.com\/de\/produkt\/ohrringe-forma\/"]}]},{"@type":"ImageObject","inLanguage":"de","@id":"https:\/\/lisakroeber.com\/de\/produkt\/ohrringe-forma\/#primaryimage","url":"https:\/\/lisakroeber.com\/wp-content\/uploads\/2025\/10\/FormaSuur-1-scaled.jpg","contentUrl":"https:\/\/lisakroeber.com\/wp-content\/uploads\/2025\/10\/FormaSuur-1-scaled.jpg","width":2560,"height":1707},{"@type":"BreadcrumbList","@id":"https:\/\/lisakroeber.com\/de\/produkt\/ohrringe-forma\/#breadcrumb","itemListElement":[{"@type":"ListItem","position":1,"name":"Home","item":"https:\/\/lisakroeber.com\/de\/"},{"@type":"ListItem","position":2,"name":"Gesch\u00e4ft","item":"https:\/\/lisakroeber.com\/de\/geschaeft\/"},{"@type":"ListItem","position":3,"name":"Ohrringe Forma"}]},{"@type":"WebSite","@id":"https:\/\/lisakroeber.com\/#website","url":"https:\/\/lisakroeber.com\/","name":"Lisa Kroeber Jewellery Art","description":"Lisa Kroeber Jewellery Art e-shop","publisher":{"@id":"https:\/\/lisakroeber.com\/#organization"},"potentialAction":[{"@type":"SearchAction","target":{"@type":"EntryPoint","urlTemplate":"https:\/\/lisakroeber.com\/?s={search_term_string}"},"query-input":{"@type":"PropertyValueSpecification","valueRequired":true,"valueName":"search_term_string"}}],"inLanguage":"de"},{"@type":"Organization","@id":"https:\/\/lisakroeber.com\/#organization","name":"Lisa Kroeber Jewellery","url":"https:\/\/lisakroeber.com\/","logo":{"@type":"ImageObject","inLanguage":"de","@id":"https:\/\/lisakroeber.com\/#\/schema\/logo\/image\/","url":"https:\/\/lisakroeber.com\/wp-content\/uploads\/2024\/07\/47178367_317322115661289_143956003702964224_n-e1543863670541.svg","contentUrl":"https:\/\/lisakroeber.com\/wp-content\/uploads\/2024\/07\/47178367_317322115661289_143956003702964224_n-e1543863670541.svg","width":1,"height":1,"caption":"Lisa Kroeber Jewellery"},"image":{"@id":"https:\/\/lisakroeber.com\/#\/schema\/logo\/image\/"}}]}},"_links":{"self":[{"href":"https:\/\/lisakroeber.com\/de\/wp-json\/wp\/v2\/product\/309534","targetHints":{"allow":["GET"]}}],"collection":[{"href":"https:\/\/lisakroeber.com\/de\/wp-json\/wp\/v2\/product"}],"about":[{"href":"https:\/\/lisakroeber.com\/de\/wp-json\/wp\/v2\/types\/product"}],"wp:featuredmedia":[{"embeddable":true,"href":"https:\/\/lisakroeber.com\/de\/wp-json\/wp\/v2\/media\/309515"}],"wp:attachment":[{"href":"https:\/\/lisakroeber.com\/de\/wp-json\/wp\/v2\/media?parent=309534"}],"wp:term":[{"taxonomy":"product_brand","embeddable":true,"href":"https:\/\/lisakroeber.com\/de\/wp-json\/wp\/v2\/product_brand?post=309534"},{"taxonomy":"product_cat","embeddable":true,"href":"https:\/\/lisakroeber.com\/de\/wp-json\/wp\/v2\/product_cat?post=309534"},{"taxonomy":"product_tag","embeddable":true,"href":"https:\/\/lisakroeber.com\/de\/wp-json\/wp\/v2\/product_tag?post=309534"}],"curies":[{"name":"wp","href":"https:\/\/api.w.org\/{rel}","templated":true}]}}