{"id":310475,"date":"2026-01-23T14:10:12","date_gmt":"2026-01-23T12:10:12","guid":{"rendered":"https:\/\/lisakroeber.com\/product\/art-ringe-folded\/"},"modified":"2026-03-14T08:46:24","modified_gmt":"2026-03-14T06:46:24","slug":"art-ringe-folded","status":"publish","type":"product","link":"https:\/\/lisakroeber.com\/de\/produkt\/art-ringe-folded\/","title":{"rendered":"ART Ringe Folded"},"content":{"rendered":"","protected":false},"excerpt":{"rendered":"<p data-start=\"0\" data-end=\"46\"><strong data-start=\"0\" data-end=\"16\">Folded Ringe<\/strong><br \/>\n<br data-start=\"16\" data-end=\"19\" \/>Die <em>Folded Ringe<\/em> geh\u00f6ren zur Unique Art Pieces Kollektion. Eine skulpturale Neuinterpretation der ikonischen <em>Folded-Form<\/em>. Ausgehend von einer fr\u00fcheren Serie wurde die vertraute Geometrie durch Ma\u00dfstab und Form neu gedacht und in einen gefalteten Ring \u00fcbersetzt.<\/p>\n<p data-start=\"333\" data-end=\"632\">Jeder Ring ist wie ein kleines architektonisches Objekt gestaltet: klare Linien, pr\u00e4zise Kanten und eine gefaltete Silhouette, die das Licht aus jeder Perspektive anders einf\u00e4ngt. Trotz seiner grafischen Pr\u00e4senz ist der Ring angenehm zu tragen und gut ausbalanciert. Ein Statement-Piece, das sich harmonisch in die Bewegung des Alltags einf\u00fcgt.<\/p>\n<p data-start=\"634\" data-end=\"825\">Erh\u00e4ltlich in verschiedenen Farben und drei Gr\u00f6\u00dfen \u2014 jeder Ring erm\u00f6glicht eine individuelle Wahl und pers\u00f6nlichen Ausdruck.<br data-start=\"757\" data-end=\"760\" \/>Bitte gib deine gew\u00fcnschte Ringgr\u00f6\u00dfe beim Bestellen im Kommentarfeld an.<\/p>\n<p>Limitierte Edition.<\/p>\n","protected":false},"featured_media":310455,"template":"","meta":{"content-type":""},"product_brand":[],"product_cat":[445,1289,1285],"product_tag":[],"class_list":{"0":"post-310475","1":"product","2":"type-product","3":"status-publish","4":"has-post-thumbnail","6":"product_cat-folded-de","7":"product_cat-ringe","8":"product_cat-unikate","10":"first","11":"instock","12":"taxable","13":"shipping-taxable","14":"purchasable","15":"product-type-variable"},"yoast_head":"<!-- This site is optimized with the Yoast SEO plugin v27.3 - https:\/\/yoast.com\/product\/yoast-seo-wordpress\/ -->\n<title>ART Ringe Folded - Lisa Kroeber Jewellery Art<\/title>\n<meta name=\"robots\" content=\"index, follow, max-snippet:-1, max-image-preview:large, max-video-preview:-1\" \/>\n<link rel=\"canonical\" href=\"https:\/\/lisakroeber.com\/de\/produkt\/art-ringe-folded\/\" \/>\n<meta property=\"og:locale\" content=\"de_DE\" \/>\n<meta property=\"og:type\" content=\"article\" \/>\n<meta property=\"og:title\" content=\"ART Ringe Folded - Lisa Kroeber Jewellery Art\" \/>\n<meta property=\"og:description\" content=\"Folded Ringe Die Folded Ringe geh\u00f6ren zur Unique Art Pieces Kollektion. Eine skulpturale Neuinterpretation der ikonischen Folded-Form. Ausgehend von einer fr\u00fcheren Serie wurde die vertraute Geometrie durch Ma\u00dfstab und Form neu gedacht und in einen gefalteten Ring \u00fcbersetzt. Jeder Ring ist wie ein kleines architektonisches Objekt gestaltet: klare Linien, pr\u00e4zise Kanten und eine gefaltete Silhouette, die das Licht aus jeder Perspektive anders einf\u00e4ngt. Trotz seiner grafischen Pr\u00e4senz ist der Ring angenehm zu tragen und gut ausbalanciert. Ein Statement-Piece, das sich harmonisch in die Bewegung des Alltags einf\u00fcgt. Erh\u00e4ltlich in verschiedenen Farben und drei Gr\u00f6\u00dfen \u2014 jeder Ring erm\u00f6glicht eine individuelle Wahl und pers\u00f6nlichen Ausdruck.Bitte gib deine gew\u00fcnschte Ringgr\u00f6\u00dfe beim Bestellen im Kommentarfeld an. Limitierte Edition.\" \/>\n<meta property=\"og:url\" content=\"https:\/\/lisakroeber.com\/de\/produkt\/art-ringe-folded\/\" \/>\n<meta property=\"og:site_name\" content=\"Lisa Kroeber Jewellery Art\" \/>\n<meta property=\"article:modified_time\" content=\"2026-03-14T06:46:24+00:00\" \/>\n<meta property=\"og:image\" content=\"https:\/\/lisakroeber.com\/wp-content\/uploads\/2026\/01\/Rings-ART-scaled.jpg\" \/>\n\t<meta property=\"og:image:width\" content=\"2560\" \/>\n\t<meta property=\"og:image:height\" content=\"2560\" \/>\n\t<meta property=\"og:image:type\" content=\"image\/jpeg\" \/>\n<meta name=\"twitter:card\" content=\"summary_large_image\" \/>\n<meta name=\"twitter:label1\" content=\"Gesch\u00e4tzte Lesezeit\" \/>\n\t<meta name=\"twitter:data1\" content=\"1\u00a0Minute\" \/>\n<script type=\"application\/ld+json\" class=\"yoast-schema-graph\">{\"@context\":\"https:\\\/\\\/schema.org\",\"@graph\":[{\"@type\":\"WebPage\",\"@id\":\"https:\\\/\\\/lisakroeber.com\\\/de\\\/produkt\\\/art-ringe-folded\\\/\",\"url\":\"https:\\\/\\\/lisakroeber.com\\\/de\\\/produkt\\\/art-ringe-folded\\\/\",\"name\":\"ART Ringe Folded - Lisa Kroeber Jewellery Art\",\"isPartOf\":{\"@id\":\"https:\\\/\\\/lisakroeber.com\\\/#website\"},\"primaryImageOfPage\":{\"@id\":\"https:\\\/\\\/lisakroeber.com\\\/de\\\/produkt\\\/art-ringe-folded\\\/#primaryimage\"},\"image\":{\"@id\":\"https:\\\/\\\/lisakroeber.com\\\/de\\\/produkt\\\/art-ringe-folded\\\/#primaryimage\"},\"thumbnailUrl\":\"https:\\\/\\\/lisakroeber.com\\\/wp-content\\\/uploads\\\/2026\\\/01\\\/Rings-ART-scaled.jpg\",\"datePublished\":\"2026-01-23T12:10:12+00:00\",\"dateModified\":\"2026-03-14T06:46:24+00:00\",\"breadcrumb\":{\"@id\":\"https:\\\/\\\/lisakroeber.com\\\/de\\\/produkt\\\/art-ringe-folded\\\/#breadcrumb\"},\"inLanguage\":\"de\",\"potentialAction\":[{\"@type\":\"ReadAction\",\"target\":[\"https:\\\/\\\/lisakroeber.com\\\/de\\\/produkt\\\/art-ringe-folded\\\/\"]}]},{\"@type\":\"ImageObject\",\"inLanguage\":\"de\",\"@id\":\"https:\\\/\\\/lisakroeber.com\\\/de\\\/produkt\\\/art-ringe-folded\\\/#primaryimage\",\"url\":\"https:\\\/\\\/lisakroeber.com\\\/wp-content\\\/uploads\\\/2026\\\/01\\\/Rings-ART-scaled.jpg\",\"contentUrl\":\"https:\\\/\\\/lisakroeber.com\\\/wp-content\\\/uploads\\\/2026\\\/01\\\/Rings-ART-scaled.jpg\",\"width\":2560,\"height\":2560},{\"@type\":\"BreadcrumbList\",\"@id\":\"https:\\\/\\\/lisakroeber.com\\\/de\\\/produkt\\\/art-ringe-folded\\\/#breadcrumb\",\"itemListElement\":[{\"@type\":\"ListItem\",\"position\":1,\"name\":\"Home\",\"item\":\"https:\\\/\\\/lisakroeber.com\\\/de\\\/\"},{\"@type\":\"ListItem\",\"position\":2,\"name\":\"Gesch\u00e4ft\",\"item\":\"https:\\\/\\\/lisakroeber.com\\\/de\\\/geschaeft\\\/\"},{\"@type\":\"ListItem\",\"position\":3,\"name\":\"ART Ringe Folded\"}]},{\"@type\":\"WebSite\",\"@id\":\"https:\\\/\\\/lisakroeber.com\\\/#website\",\"url\":\"https:\\\/\\\/lisakroeber.com\\\/\",\"name\":\"Lisa Kroeber Jewellery Art\",\"description\":\"Lisa Kroeber Jewellery Art e-shop\",\"publisher\":{\"@id\":\"https:\\\/\\\/lisakroeber.com\\\/#organization\"},\"potentialAction\":[{\"@type\":\"SearchAction\",\"target\":{\"@type\":\"EntryPoint\",\"urlTemplate\":\"https:\\\/\\\/lisakroeber.com\\\/?s={search_term_string}\"},\"query-input\":{\"@type\":\"PropertyValueSpecification\",\"valueRequired\":true,\"valueName\":\"search_term_string\"}}],\"inLanguage\":\"de\"},{\"@type\":\"Organization\",\"@id\":\"https:\\\/\\\/lisakroeber.com\\\/#organization\",\"name\":\"Lisa Kroeber Jewellery\",\"url\":\"https:\\\/\\\/lisakroeber.com\\\/\",\"logo\":{\"@type\":\"ImageObject\",\"inLanguage\":\"de\",\"@id\":\"https:\\\/\\\/lisakroeber.com\\\/#\\\/schema\\\/logo\\\/image\\\/\",\"url\":\"https:\\\/\\\/lisakroeber.com\\\/wp-content\\\/uploads\\\/2024\\\/07\\\/47178367_317322115661289_143956003702964224_n-e1543863670541.svg\",\"contentUrl\":\"https:\\\/\\\/lisakroeber.com\\\/wp-content\\\/uploads\\\/2024\\\/07\\\/47178367_317322115661289_143956003702964224_n-e1543863670541.svg\",\"width\":1,\"height\":1,\"caption\":\"Lisa Kroeber Jewellery\"},\"image\":{\"@id\":\"https:\\\/\\\/lisakroeber.com\\\/#\\\/schema\\\/logo\\\/image\\\/\"}}]}<\/script>\n<!-- \/ Yoast SEO plugin. -->","yoast_head_json":{"title":"ART Ringe Folded - Lisa Kroeber Jewellery Art","robots":{"index":"index","follow":"follow","max-snippet":"max-snippet:-1","max-image-preview":"max-image-preview:large","max-video-preview":"max-video-preview:-1"},"canonical":"https:\/\/lisakroeber.com\/de\/produkt\/art-ringe-folded\/","og_locale":"de_DE","og_type":"article","og_title":"ART Ringe Folded - Lisa Kroeber Jewellery Art","og_description":"Folded Ringe Die Folded Ringe geh\u00f6ren zur Unique Art Pieces Kollektion. Eine skulpturale Neuinterpretation der ikonischen Folded-Form. Ausgehend von einer fr\u00fcheren Serie wurde die vertraute Geometrie durch Ma\u00dfstab und Form neu gedacht und in einen gefalteten Ring \u00fcbersetzt. Jeder Ring ist wie ein kleines architektonisches Objekt gestaltet: klare Linien, pr\u00e4zise Kanten und eine gefaltete Silhouette, die das Licht aus jeder Perspektive anders einf\u00e4ngt. Trotz seiner grafischen Pr\u00e4senz ist der Ring angenehm zu tragen und gut ausbalanciert. Ein Statement-Piece, das sich harmonisch in die Bewegung des Alltags einf\u00fcgt. Erh\u00e4ltlich in verschiedenen Farben und drei Gr\u00f6\u00dfen \u2014 jeder Ring erm\u00f6glicht eine individuelle Wahl und pers\u00f6nlichen Ausdruck.Bitte gib deine gew\u00fcnschte Ringgr\u00f6\u00dfe beim Bestellen im Kommentarfeld an. Limitierte Edition.","og_url":"https:\/\/lisakroeber.com\/de\/produkt\/art-ringe-folded\/","og_site_name":"Lisa Kroeber Jewellery Art","article_modified_time":"2026-03-14T06:46:24+00:00","og_image":[{"width":2560,"height":2560,"url":"https:\/\/lisakroeber.com\/wp-content\/uploads\/2026\/01\/Rings-ART-scaled.jpg","type":"image\/jpeg"}],"twitter_card":"summary_large_image","twitter_misc":{"Gesch\u00e4tzte Lesezeit":"1\u00a0Minute"},"schema":{"@context":"https:\/\/schema.org","@graph":[{"@type":"WebPage","@id":"https:\/\/lisakroeber.com\/de\/produkt\/art-ringe-folded\/","url":"https:\/\/lisakroeber.com\/de\/produkt\/art-ringe-folded\/","name":"ART Ringe Folded - Lisa Kroeber Jewellery Art","isPartOf":{"@id":"https:\/\/lisakroeber.com\/#website"},"primaryImageOfPage":{"@id":"https:\/\/lisakroeber.com\/de\/produkt\/art-ringe-folded\/#primaryimage"},"image":{"@id":"https:\/\/lisakroeber.com\/de\/produkt\/art-ringe-folded\/#primaryimage"},"thumbnailUrl":"https:\/\/lisakroeber.com\/wp-content\/uploads\/2026\/01\/Rings-ART-scaled.jpg","datePublished":"2026-01-23T12:10:12+00:00","dateModified":"2026-03-14T06:46:24+00:00","breadcrumb":{"@id":"https:\/\/lisakroeber.com\/de\/produkt\/art-ringe-folded\/#breadcrumb"},"inLanguage":"de","potentialAction":[{"@type":"ReadAction","target":["https:\/\/lisakroeber.com\/de\/produkt\/art-ringe-folded\/"]}]},{"@type":"ImageObject","inLanguage":"de","@id":"https:\/\/lisakroeber.com\/de\/produkt\/art-ringe-folded\/#primaryimage","url":"https:\/\/lisakroeber.com\/wp-content\/uploads\/2026\/01\/Rings-ART-scaled.jpg","contentUrl":"https:\/\/lisakroeber.com\/wp-content\/uploads\/2026\/01\/Rings-ART-scaled.jpg","width":2560,"height":2560},{"@type":"BreadcrumbList","@id":"https:\/\/lisakroeber.com\/de\/produkt\/art-ringe-folded\/#breadcrumb","itemListElement":[{"@type":"ListItem","position":1,"name":"Home","item":"https:\/\/lisakroeber.com\/de\/"},{"@type":"ListItem","position":2,"name":"Gesch\u00e4ft","item":"https:\/\/lisakroeber.com\/de\/geschaeft\/"},{"@type":"ListItem","position":3,"name":"ART Ringe Folded"}]},{"@type":"WebSite","@id":"https:\/\/lisakroeber.com\/#website","url":"https:\/\/lisakroeber.com\/","name":"Lisa Kroeber Jewellery Art","description":"Lisa Kroeber Jewellery Art e-shop","publisher":{"@id":"https:\/\/lisakroeber.com\/#organization"},"potentialAction":[{"@type":"SearchAction","target":{"@type":"EntryPoint","urlTemplate":"https:\/\/lisakroeber.com\/?s={search_term_string}"},"query-input":{"@type":"PropertyValueSpecification","valueRequired":true,"valueName":"search_term_string"}}],"inLanguage":"de"},{"@type":"Organization","@id":"https:\/\/lisakroeber.com\/#organization","name":"Lisa Kroeber Jewellery","url":"https:\/\/lisakroeber.com\/","logo":{"@type":"ImageObject","inLanguage":"de","@id":"https:\/\/lisakroeber.com\/#\/schema\/logo\/image\/","url":"https:\/\/lisakroeber.com\/wp-content\/uploads\/2024\/07\/47178367_317322115661289_143956003702964224_n-e1543863670541.svg","contentUrl":"https:\/\/lisakroeber.com\/wp-content\/uploads\/2024\/07\/47178367_317322115661289_143956003702964224_n-e1543863670541.svg","width":1,"height":1,"caption":"Lisa Kroeber Jewellery"},"image":{"@id":"https:\/\/lisakroeber.com\/#\/schema\/logo\/image\/"}}]}},"_links":{"self":[{"href":"https:\/\/lisakroeber.com\/de\/wp-json\/wp\/v2\/product\/310475","targetHints":{"allow":["GET"]}}],"collection":[{"href":"https:\/\/lisakroeber.com\/de\/wp-json\/wp\/v2\/product"}],"about":[{"href":"https:\/\/lisakroeber.com\/de\/wp-json\/wp\/v2\/types\/product"}],"wp:featuredmedia":[{"embeddable":true,"href":"https:\/\/lisakroeber.com\/de\/wp-json\/wp\/v2\/media\/310455"}],"wp:attachment":[{"href":"https:\/\/lisakroeber.com\/de\/wp-json\/wp\/v2\/media?parent=310475"}],"wp:term":[{"taxonomy":"product_brand","embeddable":true,"href":"https:\/\/lisakroeber.com\/de\/wp-json\/wp\/v2\/product_brand?post=310475"},{"taxonomy":"product_cat","embeddable":true,"href":"https:\/\/lisakroeber.com\/de\/wp-json\/wp\/v2\/product_cat?post=310475"},{"taxonomy":"product_tag","embeddable":true,"href":"https:\/\/lisakroeber.com\/de\/wp-json\/wp\/v2\/product_tag?post=310475"}],"curies":[{"name":"wp","href":"https:\/\/api.w.org\/{rel}","templated":true}]}}