{"id":310493,"date":"2026-01-23T12:54:35","date_gmt":"2026-01-23T10:54:35","guid":{"rendered":"https:\/\/lisakroeber.com\/product\/art-halskette-colour-frames\/"},"modified":"2026-01-23T15:48:26","modified_gmt":"2026-01-23T13:48:26","slug":"art-halskette-colour-frames","status":"publish","type":"product","link":"https:\/\/lisakroeber.com\/de\/produkt\/art-halskette-colour-frames\/","title":{"rendered":"ART Halskette Colour Frames"},"content":{"rendered":"","protected":false},"excerpt":{"rendered":"<p data-start=\"0\" data-end=\"64\"><strong data-start=\"0\" data-end=\"27\">Colour Frames Halsketten<\/strong><br data-start=\"27\" data-end=\"30\">Grafisch. Ausdrucksstark. Zeitgen\u00f6ssisch.  <\/p>\n<p data-start=\"66\" data-end=\"315\">Die <em>Colour Frames <\/em>Halsketten geh\u00f6ren zur <em>Unique Art Pieces<\/em> Kollektion, eine kraftvolle Neuinterpretation der vertrauten Formsprache der <em>Frames<\/em>.<\/p>\n<p data-start=\"317\" data-end=\"534\">Die offenen Rahmenelemente erzeugen einen rhythmischen Verlauf um den Hals: leicht und zugleich pr\u00e4sent, minimalistisch und dennoch voller Charakter.<br \/>Jedes Element wirkt wie eine in den Raum gezeichnete Linie und formt eine tragbare Komposition, die sich mit jeder Bewegung subtil ver\u00e4ndert.  <\/p>\n<p data-start=\"536\" data-end=\"806\">Die Halskette ist nicht zu \u00f6ffnen und wird m\u00fchelos \u00fcber den Kopf getragen, gestaltet als durchgehende, geschlossene Form. Erh\u00e4ltlich in f\u00fcnf verschiedenen Farben. Jedes Schmuckst\u00fcck dieser Kollektion ist ein Unikat.  <\/p>\n","protected":false},"featured_media":310303,"template":"","meta":{"content-type":""},"product_brand":[],"product_cat":[456,349,1285],"product_tag":[],"class_list":{"0":"post-310493","1":"product","2":"type-product","3":"status-publish","4":"has-post-thumbnail","6":"product_cat-colour-frames-de","7":"product_cat-halsschmuck","8":"product_cat-unikate","10":"first","11":"instock","12":"taxable","13":"shipping-taxable","14":"purchasable","15":"product-type-variable"},"yoast_head":"<!-- This site is optimized with the Yoast SEO plugin v27.3 - https:\/\/yoast.com\/product\/yoast-seo-wordpress\/ -->\n<title>ART Halskette Colour Frames - Lisa Kroeber Jewellery Art<\/title>\n<meta name=\"robots\" content=\"index, follow, max-snippet:-1, max-image-preview:large, max-video-preview:-1\" \/>\n<link rel=\"canonical\" href=\"https:\/\/lisakroeber.com\/de\/produkt\/art-halskette-colour-frames\/\" \/>\n<meta property=\"og:locale\" content=\"de_DE\" \/>\n<meta property=\"og:type\" content=\"article\" \/>\n<meta property=\"og:title\" content=\"ART Halskette Colour Frames - Lisa Kroeber Jewellery Art\" \/>\n<meta property=\"og:description\" content=\"Colour Frames HalskettenGrafisch. Ausdrucksstark. Zeitgen\u00f6ssisch.  Die Colour Frames Halsketten geh\u00f6ren zur Unique Art Pieces Kollektion, eine kraftvolle Neuinterpretation der vertrauten Formsprache der Frames. Die offenen Rahmenelemente erzeugen einen rhythmischen Verlauf um den Hals: leicht und zugleich pr\u00e4sent, minimalistisch und dennoch voller Charakter.Jedes Element wirkt wie eine in den Raum gezeichnete Linie und formt eine tragbare Komposition, die sich mit jeder Bewegung subtil ver\u00e4ndert.  Die Halskette ist nicht zu \u00f6ffnen und wird m\u00fchelos \u00fcber den Kopf getragen, gestaltet als durchgehende, geschlossene Form. Erh\u00e4ltlich in f\u00fcnf verschiedenen Farben. Jedes Schmuckst\u00fcck dieser Kollektion ist ein Unikat.\" \/>\n<meta property=\"og:url\" content=\"https:\/\/lisakroeber.com\/de\/produkt\/art-halskette-colour-frames\/\" \/>\n<meta property=\"og:site_name\" content=\"Lisa Kroeber Jewellery Art\" \/>\n<meta property=\"article:modified_time\" content=\"2026-01-23T13:48:26+00:00\" \/>\n<meta property=\"og:image\" content=\"https:\/\/lisakroeber.com\/wp-content\/uploads\/2026\/01\/CF-ART-black-scaled.jpg\" \/>\n\t<meta property=\"og:image:width\" content=\"2560\" \/>\n\t<meta property=\"og:image:height\" content=\"2560\" \/>\n\t<meta property=\"og:image:type\" content=\"image\/jpeg\" \/>\n<meta name=\"twitter:card\" content=\"summary_large_image\" \/>\n<script type=\"application\/ld+json\" class=\"yoast-schema-graph\">{\"@context\":\"https:\\\/\\\/schema.org\",\"@graph\":[{\"@type\":\"WebPage\",\"@id\":\"https:\\\/\\\/lisakroeber.com\\\/de\\\/produkt\\\/art-halskette-colour-frames\\\/\",\"url\":\"https:\\\/\\\/lisakroeber.com\\\/de\\\/produkt\\\/art-halskette-colour-frames\\\/\",\"name\":\"ART Halskette Colour Frames - Lisa Kroeber Jewellery Art\",\"isPartOf\":{\"@id\":\"https:\\\/\\\/lisakroeber.com\\\/#website\"},\"primaryImageOfPage\":{\"@id\":\"https:\\\/\\\/lisakroeber.com\\\/de\\\/produkt\\\/art-halskette-colour-frames\\\/#primaryimage\"},\"image\":{\"@id\":\"https:\\\/\\\/lisakroeber.com\\\/de\\\/produkt\\\/art-halskette-colour-frames\\\/#primaryimage\"},\"thumbnailUrl\":\"https:\\\/\\\/lisakroeber.com\\\/wp-content\\\/uploads\\\/2026\\\/01\\\/CF-ART-black-scaled.jpg\",\"datePublished\":\"2026-01-23T10:54:35+00:00\",\"dateModified\":\"2026-01-23T13:48:26+00:00\",\"breadcrumb\":{\"@id\":\"https:\\\/\\\/lisakroeber.com\\\/de\\\/produkt\\\/art-halskette-colour-frames\\\/#breadcrumb\"},\"inLanguage\":\"de\",\"potentialAction\":[{\"@type\":\"ReadAction\",\"target\":[\"https:\\\/\\\/lisakroeber.com\\\/de\\\/produkt\\\/art-halskette-colour-frames\\\/\"]}]},{\"@type\":\"ImageObject\",\"inLanguage\":\"de\",\"@id\":\"https:\\\/\\\/lisakroeber.com\\\/de\\\/produkt\\\/art-halskette-colour-frames\\\/#primaryimage\",\"url\":\"https:\\\/\\\/lisakroeber.com\\\/wp-content\\\/uploads\\\/2026\\\/01\\\/CF-ART-black-scaled.jpg\",\"contentUrl\":\"https:\\\/\\\/lisakroeber.com\\\/wp-content\\\/uploads\\\/2026\\\/01\\\/CF-ART-black-scaled.jpg\",\"width\":2560,\"height\":2560},{\"@type\":\"BreadcrumbList\",\"@id\":\"https:\\\/\\\/lisakroeber.com\\\/de\\\/produkt\\\/art-halskette-colour-frames\\\/#breadcrumb\",\"itemListElement\":[{\"@type\":\"ListItem\",\"position\":1,\"name\":\"Home\",\"item\":\"https:\\\/\\\/lisakroeber.com\\\/de\\\/\"},{\"@type\":\"ListItem\",\"position\":2,\"name\":\"Gesch\u00e4ft\",\"item\":\"https:\\\/\\\/lisakroeber.com\\\/de\\\/geschaeft\\\/\"},{\"@type\":\"ListItem\",\"position\":3,\"name\":\"ART Halskette Colour Frames\"}]},{\"@type\":\"WebSite\",\"@id\":\"https:\\\/\\\/lisakroeber.com\\\/#website\",\"url\":\"https:\\\/\\\/lisakroeber.com\\\/\",\"name\":\"Lisa Kroeber Jewellery Art\",\"description\":\"Lisa Kroeber Jewellery Art e-shop\",\"publisher\":{\"@id\":\"https:\\\/\\\/lisakroeber.com\\\/#organization\"},\"potentialAction\":[{\"@type\":\"SearchAction\",\"target\":{\"@type\":\"EntryPoint\",\"urlTemplate\":\"https:\\\/\\\/lisakroeber.com\\\/?s={search_term_string}\"},\"query-input\":{\"@type\":\"PropertyValueSpecification\",\"valueRequired\":true,\"valueName\":\"search_term_string\"}}],\"inLanguage\":\"de\"},{\"@type\":\"Organization\",\"@id\":\"https:\\\/\\\/lisakroeber.com\\\/#organization\",\"name\":\"Lisa Kroeber Jewellery\",\"url\":\"https:\\\/\\\/lisakroeber.com\\\/\",\"logo\":{\"@type\":\"ImageObject\",\"inLanguage\":\"de\",\"@id\":\"https:\\\/\\\/lisakroeber.com\\\/#\\\/schema\\\/logo\\\/image\\\/\",\"url\":\"https:\\\/\\\/lisakroeber.com\\\/wp-content\\\/uploads\\\/2024\\\/07\\\/47178367_317322115661289_143956003702964224_n-e1543863670541.svg\",\"contentUrl\":\"https:\\\/\\\/lisakroeber.com\\\/wp-content\\\/uploads\\\/2024\\\/07\\\/47178367_317322115661289_143956003702964224_n-e1543863670541.svg\",\"width\":1,\"height\":1,\"caption\":\"Lisa Kroeber Jewellery\"},\"image\":{\"@id\":\"https:\\\/\\\/lisakroeber.com\\\/#\\\/schema\\\/logo\\\/image\\\/\"}}]}<\/script>\n<!-- \/ Yoast SEO plugin. -->","yoast_head_json":{"title":"ART Halskette Colour Frames - Lisa Kroeber Jewellery Art","robots":{"index":"index","follow":"follow","max-snippet":"max-snippet:-1","max-image-preview":"max-image-preview:large","max-video-preview":"max-video-preview:-1"},"canonical":"https:\/\/lisakroeber.com\/de\/produkt\/art-halskette-colour-frames\/","og_locale":"de_DE","og_type":"article","og_title":"ART Halskette Colour Frames - Lisa Kroeber Jewellery Art","og_description":"Colour Frames HalskettenGrafisch. Ausdrucksstark. Zeitgen\u00f6ssisch.  Die Colour Frames Halsketten geh\u00f6ren zur Unique Art Pieces Kollektion, eine kraftvolle Neuinterpretation der vertrauten Formsprache der Frames. Die offenen Rahmenelemente erzeugen einen rhythmischen Verlauf um den Hals: leicht und zugleich pr\u00e4sent, minimalistisch und dennoch voller Charakter.Jedes Element wirkt wie eine in den Raum gezeichnete Linie und formt eine tragbare Komposition, die sich mit jeder Bewegung subtil ver\u00e4ndert.  Die Halskette ist nicht zu \u00f6ffnen und wird m\u00fchelos \u00fcber den Kopf getragen, gestaltet als durchgehende, geschlossene Form. Erh\u00e4ltlich in f\u00fcnf verschiedenen Farben. Jedes Schmuckst\u00fcck dieser Kollektion ist ein Unikat.","og_url":"https:\/\/lisakroeber.com\/de\/produkt\/art-halskette-colour-frames\/","og_site_name":"Lisa Kroeber Jewellery Art","article_modified_time":"2026-01-23T13:48:26+00:00","og_image":[{"width":2560,"height":2560,"url":"https:\/\/lisakroeber.com\/wp-content\/uploads\/2026\/01\/CF-ART-black-scaled.jpg","type":"image\/jpeg"}],"twitter_card":"summary_large_image","schema":{"@context":"https:\/\/schema.org","@graph":[{"@type":"WebPage","@id":"https:\/\/lisakroeber.com\/de\/produkt\/art-halskette-colour-frames\/","url":"https:\/\/lisakroeber.com\/de\/produkt\/art-halskette-colour-frames\/","name":"ART Halskette Colour Frames - Lisa Kroeber Jewellery Art","isPartOf":{"@id":"https:\/\/lisakroeber.com\/#website"},"primaryImageOfPage":{"@id":"https:\/\/lisakroeber.com\/de\/produkt\/art-halskette-colour-frames\/#primaryimage"},"image":{"@id":"https:\/\/lisakroeber.com\/de\/produkt\/art-halskette-colour-frames\/#primaryimage"},"thumbnailUrl":"https:\/\/lisakroeber.com\/wp-content\/uploads\/2026\/01\/CF-ART-black-scaled.jpg","datePublished":"2026-01-23T10:54:35+00:00","dateModified":"2026-01-23T13:48:26+00:00","breadcrumb":{"@id":"https:\/\/lisakroeber.com\/de\/produkt\/art-halskette-colour-frames\/#breadcrumb"},"inLanguage":"de","potentialAction":[{"@type":"ReadAction","target":["https:\/\/lisakroeber.com\/de\/produkt\/art-halskette-colour-frames\/"]}]},{"@type":"ImageObject","inLanguage":"de","@id":"https:\/\/lisakroeber.com\/de\/produkt\/art-halskette-colour-frames\/#primaryimage","url":"https:\/\/lisakroeber.com\/wp-content\/uploads\/2026\/01\/CF-ART-black-scaled.jpg","contentUrl":"https:\/\/lisakroeber.com\/wp-content\/uploads\/2026\/01\/CF-ART-black-scaled.jpg","width":2560,"height":2560},{"@type":"BreadcrumbList","@id":"https:\/\/lisakroeber.com\/de\/produkt\/art-halskette-colour-frames\/#breadcrumb","itemListElement":[{"@type":"ListItem","position":1,"name":"Home","item":"https:\/\/lisakroeber.com\/de\/"},{"@type":"ListItem","position":2,"name":"Gesch\u00e4ft","item":"https:\/\/lisakroeber.com\/de\/geschaeft\/"},{"@type":"ListItem","position":3,"name":"ART Halskette Colour Frames"}]},{"@type":"WebSite","@id":"https:\/\/lisakroeber.com\/#website","url":"https:\/\/lisakroeber.com\/","name":"Lisa Kroeber Jewellery Art","description":"Lisa Kroeber Jewellery Art e-shop","publisher":{"@id":"https:\/\/lisakroeber.com\/#organization"},"potentialAction":[{"@type":"SearchAction","target":{"@type":"EntryPoint","urlTemplate":"https:\/\/lisakroeber.com\/?s={search_term_string}"},"query-input":{"@type":"PropertyValueSpecification","valueRequired":true,"valueName":"search_term_string"}}],"inLanguage":"de"},{"@type":"Organization","@id":"https:\/\/lisakroeber.com\/#organization","name":"Lisa Kroeber Jewellery","url":"https:\/\/lisakroeber.com\/","logo":{"@type":"ImageObject","inLanguage":"de","@id":"https:\/\/lisakroeber.com\/#\/schema\/logo\/image\/","url":"https:\/\/lisakroeber.com\/wp-content\/uploads\/2024\/07\/47178367_317322115661289_143956003702964224_n-e1543863670541.svg","contentUrl":"https:\/\/lisakroeber.com\/wp-content\/uploads\/2024\/07\/47178367_317322115661289_143956003702964224_n-e1543863670541.svg","width":1,"height":1,"caption":"Lisa Kroeber Jewellery"},"image":{"@id":"https:\/\/lisakroeber.com\/#\/schema\/logo\/image\/"}}]}},"_links":{"self":[{"href":"https:\/\/lisakroeber.com\/de\/wp-json\/wp\/v2\/product\/310493","targetHints":{"allow":["GET"]}}],"collection":[{"href":"https:\/\/lisakroeber.com\/de\/wp-json\/wp\/v2\/product"}],"about":[{"href":"https:\/\/lisakroeber.com\/de\/wp-json\/wp\/v2\/types\/product"}],"wp:featuredmedia":[{"embeddable":true,"href":"https:\/\/lisakroeber.com\/de\/wp-json\/wp\/v2\/media\/310303"}],"wp:attachment":[{"href":"https:\/\/lisakroeber.com\/de\/wp-json\/wp\/v2\/media?parent=310493"}],"wp:term":[{"taxonomy":"product_brand","embeddable":true,"href":"https:\/\/lisakroeber.com\/de\/wp-json\/wp\/v2\/product_brand?post=310493"},{"taxonomy":"product_cat","embeddable":true,"href":"https:\/\/lisakroeber.com\/de\/wp-json\/wp\/v2\/product_cat?post=310493"},{"taxonomy":"product_tag","embeddable":true,"href":"https:\/\/lisakroeber.com\/de\/wp-json\/wp\/v2\/product_tag?post=310493"}],"curies":[{"name":"wp","href":"https:\/\/api.w.org\/{rel}","templated":true}]}}