{"id":310507,"date":"2026-01-23T10:08:18","date_gmt":"2026-01-23T08:08:18","guid":{"rendered":"https:\/\/lisakroeber.com\/product\/art-halsschmuck-tubes\/"},"modified":"2026-01-23T16:18:36","modified_gmt":"2026-01-23T14:18:36","slug":"art-halsschmuck-tubes","status":"publish","type":"product","link":"https:\/\/lisakroeber.com\/de\/produkt\/art-halsschmuck-tubes\/","title":{"rendered":"ART Halsschmuck Tubes"},"content":{"rendered":"","protected":false},"excerpt":{"rendered":"<p data-start=\"0\" data-end=\"51\"><strong data-start=\"0\" data-end=\"18\">Tubes Halsschmuck<\/strong><br data-start=\"18\" data-end=\"21\">Mutig. Verspielt. Voller Rhythmus.  <\/p>\n<p data-start=\"53\" data-end=\"342\">Die <em>Tubes Halskette<\/em> geh\u00f6rt zur <em>Unique Art Pieces Kollektion<\/em>. Ein einzigartiges Schmuckst\u00fcck, entstanden aus Experimenten mit Farbe, Bewegung und Struktur. Inspiriert von meiner fr\u00fcheren Tube-Serie, verwandelt dieses Werk die vertrauten R\u00f6hrenelemente in etwas Ausdrucksstarkes, Lebendiges und Energiegeladenes. <\/p>\n<p data-start=\"344\" data-end=\"564\">Die farbigen R\u00f6hren schaffen eine dynamische Oberfl\u00e4che, die sich mit jeder Bewegung ver\u00e4ndert. Der unregelm\u00e4\u00dfige Rhythmus und die intensive Farbpalette verleihen der Halskette eine fr\u00f6hliche Energie, spontan und zugleich sorgf\u00e4ltig komponiert, verspielt und dennoch ausgewogen. <\/p>\n<p data-start=\"1003\" data-end=\"1117\" data-is-last-node=\"\" data-is-only-node=\"\">Dieses Schmuckst\u00fcck existiert nur ein einziges Mal.<\/p>\n<p>Kollektion: Unique Art Pieces<\/p>\n<p>Materialien: pulverbeschichtetes Messing, vergoldetes Sterlingsilber, Stahldraht<\/p>\n<p>Gr\u00f6\u00dfe: 32,5cm x 30cm<\/p>\n<p>Gewicht: 264g<\/p>\n<p>Der Schmuck wird innerhalb von 1\u20135 Werktagen versendet.<\/p>\n<p>Die Halskette wird in einer Geschenkbox geliefert.<\/p>\n","protected":false},"featured_media":310312,"template":"","meta":{"content-type":""},"product_brand":[],"product_cat":[349,470,1285],"product_tag":[],"class_list":{"0":"post-310507","1":"product","2":"type-product","3":"status-publish","4":"has-post-thumbnail","6":"product_cat-halsschmuck","7":"product_cat-tubes-de","8":"product_cat-unikate","10":"first","11":"instock","12":"taxable","13":"shipping-taxable","14":"purchasable","15":"product-type-simple"},"yoast_head":"<!-- This site is optimized with the Yoast SEO plugin v27.3 - https:\/\/yoast.com\/product\/yoast-seo-wordpress\/ -->\n<title>ART Halsschmuck Tubes - Lisa Kroeber Jewellery Art<\/title>\n<meta name=\"robots\" content=\"index, follow, max-snippet:-1, max-image-preview:large, max-video-preview:-1\" \/>\n<link rel=\"canonical\" href=\"https:\/\/lisakroeber.com\/de\/produkt\/art-halsschmuck-tubes\/\" \/>\n<meta property=\"og:locale\" content=\"de_DE\" \/>\n<meta property=\"og:type\" content=\"article\" \/>\n<meta property=\"og:title\" content=\"ART Halsschmuck Tubes - Lisa Kroeber Jewellery Art\" \/>\n<meta property=\"og:description\" content=\"Tubes HalsschmuckMutig. Verspielt. Voller Rhythmus.  Die Tubes Halskette geh\u00f6rt zur Unique Art Pieces Kollektion. Ein einzigartiges Schmuckst\u00fcck, entstanden aus Experimenten mit Farbe, Bewegung und Struktur. Inspiriert von meiner fr\u00fcheren Tube-Serie, verwandelt dieses Werk die vertrauten R\u00f6hrenelemente in etwas Ausdrucksstarkes, Lebendiges und Energiegeladenes. Die farbigen R\u00f6hren schaffen eine dynamische Oberfl\u00e4che, die sich mit jeder Bewegung ver\u00e4ndert. Der unregelm\u00e4\u00dfige Rhythmus und die intensive Farbpalette verleihen der Halskette eine fr\u00f6hliche Energie, spontan und zugleich sorgf\u00e4ltig komponiert, verspielt und dennoch ausgewogen. Dieses Schmuckst\u00fcck existiert nur ein einziges Mal. Kollektion: Unique Art Pieces Materialien: pulverbeschichtetes Messing, vergoldetes Sterlingsilber, Stahldraht Gr\u00f6\u00dfe: 32,5cm x 30cm Gewicht: 264g Der Schmuck wird innerhalb von 1\u20135 Werktagen versendet. Die Halskette wird in einer Geschenkbox geliefert.\" \/>\n<meta property=\"og:url\" content=\"https:\/\/lisakroeber.com\/de\/produkt\/art-halsschmuck-tubes\/\" \/>\n<meta property=\"og:site_name\" content=\"Lisa Kroeber Jewellery Art\" \/>\n<meta property=\"article:modified_time\" content=\"2026-01-23T14:18:36+00:00\" \/>\n<meta property=\"og:image\" content=\"https:\/\/lisakroeber.com\/wp-content\/uploads\/2026\/01\/Tubes-necklace-ART-scaled.jpg\" \/>\n\t<meta property=\"og:image:width\" content=\"2560\" \/>\n\t<meta property=\"og:image:height\" content=\"2560\" \/>\n\t<meta property=\"og:image:type\" content=\"image\/jpeg\" \/>\n<meta name=\"twitter:card\" content=\"summary_large_image\" \/>\n<script type=\"application\/ld+json\" class=\"yoast-schema-graph\">{\"@context\":\"https:\\\/\\\/schema.org\",\"@graph\":[{\"@type\":\"WebPage\",\"@id\":\"https:\\\/\\\/lisakroeber.com\\\/de\\\/produkt\\\/art-halsschmuck-tubes\\\/\",\"url\":\"https:\\\/\\\/lisakroeber.com\\\/de\\\/produkt\\\/art-halsschmuck-tubes\\\/\",\"name\":\"ART Halsschmuck Tubes - Lisa Kroeber Jewellery Art\",\"isPartOf\":{\"@id\":\"https:\\\/\\\/lisakroeber.com\\\/#website\"},\"primaryImageOfPage\":{\"@id\":\"https:\\\/\\\/lisakroeber.com\\\/de\\\/produkt\\\/art-halsschmuck-tubes\\\/#primaryimage\"},\"image\":{\"@id\":\"https:\\\/\\\/lisakroeber.com\\\/de\\\/produkt\\\/art-halsschmuck-tubes\\\/#primaryimage\"},\"thumbnailUrl\":\"https:\\\/\\\/lisakroeber.com\\\/wp-content\\\/uploads\\\/2026\\\/01\\\/Tubes-necklace-ART-scaled.jpg\",\"datePublished\":\"2026-01-23T08:08:18+00:00\",\"dateModified\":\"2026-01-23T14:18:36+00:00\",\"breadcrumb\":{\"@id\":\"https:\\\/\\\/lisakroeber.com\\\/de\\\/produkt\\\/art-halsschmuck-tubes\\\/#breadcrumb\"},\"inLanguage\":\"de\",\"potentialAction\":[{\"@type\":\"ReadAction\",\"target\":[\"https:\\\/\\\/lisakroeber.com\\\/de\\\/produkt\\\/art-halsschmuck-tubes\\\/\"]}]},{\"@type\":\"ImageObject\",\"inLanguage\":\"de\",\"@id\":\"https:\\\/\\\/lisakroeber.com\\\/de\\\/produkt\\\/art-halsschmuck-tubes\\\/#primaryimage\",\"url\":\"https:\\\/\\\/lisakroeber.com\\\/wp-content\\\/uploads\\\/2026\\\/01\\\/Tubes-necklace-ART-scaled.jpg\",\"contentUrl\":\"https:\\\/\\\/lisakroeber.com\\\/wp-content\\\/uploads\\\/2026\\\/01\\\/Tubes-necklace-ART-scaled.jpg\",\"width\":2560,\"height\":2560},{\"@type\":\"BreadcrumbList\",\"@id\":\"https:\\\/\\\/lisakroeber.com\\\/de\\\/produkt\\\/art-halsschmuck-tubes\\\/#breadcrumb\",\"itemListElement\":[{\"@type\":\"ListItem\",\"position\":1,\"name\":\"Home\",\"item\":\"https:\\\/\\\/lisakroeber.com\\\/de\\\/\"},{\"@type\":\"ListItem\",\"position\":2,\"name\":\"Gesch\u00e4ft\",\"item\":\"https:\\\/\\\/lisakroeber.com\\\/de\\\/geschaeft\\\/\"},{\"@type\":\"ListItem\",\"position\":3,\"name\":\"ART Halsschmuck Tubes\"}]},{\"@type\":\"WebSite\",\"@id\":\"https:\\\/\\\/lisakroeber.com\\\/#website\",\"url\":\"https:\\\/\\\/lisakroeber.com\\\/\",\"name\":\"Lisa Kroeber Jewellery Art\",\"description\":\"Lisa Kroeber Jewellery Art e-shop\",\"publisher\":{\"@id\":\"https:\\\/\\\/lisakroeber.com\\\/#organization\"},\"potentialAction\":[{\"@type\":\"SearchAction\",\"target\":{\"@type\":\"EntryPoint\",\"urlTemplate\":\"https:\\\/\\\/lisakroeber.com\\\/?s={search_term_string}\"},\"query-input\":{\"@type\":\"PropertyValueSpecification\",\"valueRequired\":true,\"valueName\":\"search_term_string\"}}],\"inLanguage\":\"de\"},{\"@type\":\"Organization\",\"@id\":\"https:\\\/\\\/lisakroeber.com\\\/#organization\",\"name\":\"Lisa Kroeber Jewellery\",\"url\":\"https:\\\/\\\/lisakroeber.com\\\/\",\"logo\":{\"@type\":\"ImageObject\",\"inLanguage\":\"de\",\"@id\":\"https:\\\/\\\/lisakroeber.com\\\/#\\\/schema\\\/logo\\\/image\\\/\",\"url\":\"https:\\\/\\\/lisakroeber.com\\\/wp-content\\\/uploads\\\/2024\\\/07\\\/47178367_317322115661289_143956003702964224_n-e1543863670541.svg\",\"contentUrl\":\"https:\\\/\\\/lisakroeber.com\\\/wp-content\\\/uploads\\\/2024\\\/07\\\/47178367_317322115661289_143956003702964224_n-e1543863670541.svg\",\"width\":1,\"height\":1,\"caption\":\"Lisa Kroeber Jewellery\"},\"image\":{\"@id\":\"https:\\\/\\\/lisakroeber.com\\\/#\\\/schema\\\/logo\\\/image\\\/\"}}]}<\/script>\n<!-- \/ Yoast SEO plugin. -->","yoast_head_json":{"title":"ART Halsschmuck Tubes - Lisa Kroeber Jewellery Art","robots":{"index":"index","follow":"follow","max-snippet":"max-snippet:-1","max-image-preview":"max-image-preview:large","max-video-preview":"max-video-preview:-1"},"canonical":"https:\/\/lisakroeber.com\/de\/produkt\/art-halsschmuck-tubes\/","og_locale":"de_DE","og_type":"article","og_title":"ART Halsschmuck Tubes - Lisa Kroeber Jewellery Art","og_description":"Tubes HalsschmuckMutig. Verspielt. Voller Rhythmus.  Die Tubes Halskette geh\u00f6rt zur Unique Art Pieces Kollektion. Ein einzigartiges Schmuckst\u00fcck, entstanden aus Experimenten mit Farbe, Bewegung und Struktur. Inspiriert von meiner fr\u00fcheren Tube-Serie, verwandelt dieses Werk die vertrauten R\u00f6hrenelemente in etwas Ausdrucksstarkes, Lebendiges und Energiegeladenes. Die farbigen R\u00f6hren schaffen eine dynamische Oberfl\u00e4che, die sich mit jeder Bewegung ver\u00e4ndert. Der unregelm\u00e4\u00dfige Rhythmus und die intensive Farbpalette verleihen der Halskette eine fr\u00f6hliche Energie, spontan und zugleich sorgf\u00e4ltig komponiert, verspielt und dennoch ausgewogen. Dieses Schmuckst\u00fcck existiert nur ein einziges Mal. Kollektion: Unique Art Pieces Materialien: pulverbeschichtetes Messing, vergoldetes Sterlingsilber, Stahldraht Gr\u00f6\u00dfe: 32,5cm x 30cm Gewicht: 264g Der Schmuck wird innerhalb von 1\u20135 Werktagen versendet. Die Halskette wird in einer Geschenkbox geliefert.","og_url":"https:\/\/lisakroeber.com\/de\/produkt\/art-halsschmuck-tubes\/","og_site_name":"Lisa Kroeber Jewellery Art","article_modified_time":"2026-01-23T14:18:36+00:00","og_image":[{"width":2560,"height":2560,"url":"https:\/\/lisakroeber.com\/wp-content\/uploads\/2026\/01\/Tubes-necklace-ART-scaled.jpg","type":"image\/jpeg"}],"twitter_card":"summary_large_image","schema":{"@context":"https:\/\/schema.org","@graph":[{"@type":"WebPage","@id":"https:\/\/lisakroeber.com\/de\/produkt\/art-halsschmuck-tubes\/","url":"https:\/\/lisakroeber.com\/de\/produkt\/art-halsschmuck-tubes\/","name":"ART Halsschmuck Tubes - Lisa Kroeber Jewellery Art","isPartOf":{"@id":"https:\/\/lisakroeber.com\/#website"},"primaryImageOfPage":{"@id":"https:\/\/lisakroeber.com\/de\/produkt\/art-halsschmuck-tubes\/#primaryimage"},"image":{"@id":"https:\/\/lisakroeber.com\/de\/produkt\/art-halsschmuck-tubes\/#primaryimage"},"thumbnailUrl":"https:\/\/lisakroeber.com\/wp-content\/uploads\/2026\/01\/Tubes-necklace-ART-scaled.jpg","datePublished":"2026-01-23T08:08:18+00:00","dateModified":"2026-01-23T14:18:36+00:00","breadcrumb":{"@id":"https:\/\/lisakroeber.com\/de\/produkt\/art-halsschmuck-tubes\/#breadcrumb"},"inLanguage":"de","potentialAction":[{"@type":"ReadAction","target":["https:\/\/lisakroeber.com\/de\/produkt\/art-halsschmuck-tubes\/"]}]},{"@type":"ImageObject","inLanguage":"de","@id":"https:\/\/lisakroeber.com\/de\/produkt\/art-halsschmuck-tubes\/#primaryimage","url":"https:\/\/lisakroeber.com\/wp-content\/uploads\/2026\/01\/Tubes-necklace-ART-scaled.jpg","contentUrl":"https:\/\/lisakroeber.com\/wp-content\/uploads\/2026\/01\/Tubes-necklace-ART-scaled.jpg","width":2560,"height":2560},{"@type":"BreadcrumbList","@id":"https:\/\/lisakroeber.com\/de\/produkt\/art-halsschmuck-tubes\/#breadcrumb","itemListElement":[{"@type":"ListItem","position":1,"name":"Home","item":"https:\/\/lisakroeber.com\/de\/"},{"@type":"ListItem","position":2,"name":"Gesch\u00e4ft","item":"https:\/\/lisakroeber.com\/de\/geschaeft\/"},{"@type":"ListItem","position":3,"name":"ART Halsschmuck Tubes"}]},{"@type":"WebSite","@id":"https:\/\/lisakroeber.com\/#website","url":"https:\/\/lisakroeber.com\/","name":"Lisa Kroeber Jewellery Art","description":"Lisa Kroeber Jewellery Art e-shop","publisher":{"@id":"https:\/\/lisakroeber.com\/#organization"},"potentialAction":[{"@type":"SearchAction","target":{"@type":"EntryPoint","urlTemplate":"https:\/\/lisakroeber.com\/?s={search_term_string}"},"query-input":{"@type":"PropertyValueSpecification","valueRequired":true,"valueName":"search_term_string"}}],"inLanguage":"de"},{"@type":"Organization","@id":"https:\/\/lisakroeber.com\/#organization","name":"Lisa Kroeber Jewellery","url":"https:\/\/lisakroeber.com\/","logo":{"@type":"ImageObject","inLanguage":"de","@id":"https:\/\/lisakroeber.com\/#\/schema\/logo\/image\/","url":"https:\/\/lisakroeber.com\/wp-content\/uploads\/2024\/07\/47178367_317322115661289_143956003702964224_n-e1543863670541.svg","contentUrl":"https:\/\/lisakroeber.com\/wp-content\/uploads\/2024\/07\/47178367_317322115661289_143956003702964224_n-e1543863670541.svg","width":1,"height":1,"caption":"Lisa Kroeber Jewellery"},"image":{"@id":"https:\/\/lisakroeber.com\/#\/schema\/logo\/image\/"}}]}},"_links":{"self":[{"href":"https:\/\/lisakroeber.com\/de\/wp-json\/wp\/v2\/product\/310507","targetHints":{"allow":["GET"]}}],"collection":[{"href":"https:\/\/lisakroeber.com\/de\/wp-json\/wp\/v2\/product"}],"about":[{"href":"https:\/\/lisakroeber.com\/de\/wp-json\/wp\/v2\/types\/product"}],"wp:featuredmedia":[{"embeddable":true,"href":"https:\/\/lisakroeber.com\/de\/wp-json\/wp\/v2\/media\/310312"}],"wp:attachment":[{"href":"https:\/\/lisakroeber.com\/de\/wp-json\/wp\/v2\/media?parent=310507"}],"wp:term":[{"taxonomy":"product_brand","embeddable":true,"href":"https:\/\/lisakroeber.com\/de\/wp-json\/wp\/v2\/product_brand?post=310507"},{"taxonomy":"product_cat","embeddable":true,"href":"https:\/\/lisakroeber.com\/de\/wp-json\/wp\/v2\/product_cat?post=310507"},{"taxonomy":"product_tag","embeddable":true,"href":"https:\/\/lisakroeber.com\/de\/wp-json\/wp\/v2\/product_tag?post=310507"}],"curies":[{"name":"wp","href":"https:\/\/api.w.org\/{rel}","templated":true}]}}