{"id":310510,"date":"2026-01-22T16:22:13","date_gmt":"2026-01-22T14:22:13","guid":{"rendered":"https:\/\/lisakroeber.com\/product\/art-halsschmuck-merged\/"},"modified":"2026-01-23T16:38:17","modified_gmt":"2026-01-23T14:38:17","slug":"art-halsschmuck-merged","status":"publish","type":"product","link":"https:\/\/lisakroeber.com\/de\/produkt\/art-halsschmuck-merged\/","title":{"rendered":"ART Halsschmuck Merged"},"content":{"rendered":"","protected":false},"excerpt":{"rendered":"<p data-start=\"0\" data-end=\"50\"><strong data-start=\"0\" data-end=\"18\">Merged Halsschmuck<\/strong><br data-start=\"18\" data-end=\"21\"><em data-start=\"21\" data-end=\"50\">Roh. Ausgewogen. Im Dialog.  <\/em><\/p>\n<p data-start=\"52\" data-end=\"293\">Die <em>Merged Halskette<\/em> geh\u00f6rt zur <em>Unique Art Pieces <\/em>Kollektion \u2014 eine einmalige Neuinterpretation meiner fr\u00fcheren Steinkollektion Merged. Ausgehend von einer klaren, linearen Grundlage erforscht dieses Schmuckst\u00fcck den Kontrast zwischen Struktur und Intuition. <\/p>\n<p data-start=\"295\" data-end=\"555\">Schlanke Silberelemente treffen auf rohe, unpolierte Steine, jeder mit eigener Form, Oberfl\u00e4che und Geschichte. Die Komposition wirkt bewusst unperfekt: ruhige Linien lassen Raum f\u00fcr organische Formen. Eine stille Spannung entsteht zwischen Kontrolle und Freiheit, Ordnung und Entdeckung.  <\/p>\n<p data-start=\"557\" data-end=\"740\">Diese Halskette spiegelt einen Moment im kreativen Prozess wider, in dem das Material selbst beginnt zu f\u00fchren, in dem Entscheidungen nicht nur durch Gestaltung, sondern auch durch Gef\u00fchl, Ber\u00fchrung und Intuition entstehen.<\/p>\n<p data-start=\"742\" data-end=\"933\" data-is-last-node=\"\" data-is-only-node=\"\">Diese Halskette existiert nur ein einziges Mal.<\/p>\n<p>Kollektion: Unique Art Pieces<\/p>\n<p>Materialien: Rosenquarz, Pyrit, Sterlingsilber, Seide<\/p>\n<p>L\u00e4nge: 50cm<\/p>\n<p>Gewicht: 149,89g<\/p>\n<p>Der Schmuck wird innerhalb von 1\u20135 Werktagen versendet.<\/p>\n<p>Die Halskette wird in einer Geschenkbox geliefert.<\/p>\n","protected":false},"featured_media":310424,"template":"","meta":{"content-type":""},"product_brand":[],"product_cat":[349,1285],"product_tag":[],"class_list":{"0":"post-310510","1":"product","2":"type-product","3":"status-publish","4":"has-post-thumbnail","6":"product_cat-halsschmuck","7":"product_cat-unikate","9":"first","10":"instock","11":"taxable","12":"shipping-taxable","13":"purchasable","14":"product-type-simple"},"yoast_head":"<!-- This site is optimized with the Yoast SEO plugin v27.3 - https:\/\/yoast.com\/product\/yoast-seo-wordpress\/ -->\n<title>ART Halsschmuck Merged - Lisa Kroeber Jewellery Art<\/title>\n<meta name=\"robots\" content=\"index, follow, max-snippet:-1, max-image-preview:large, max-video-preview:-1\" \/>\n<link rel=\"canonical\" href=\"https:\/\/lisakroeber.com\/de\/produkt\/art-halsschmuck-merged\/\" \/>\n<meta property=\"og:locale\" content=\"de_DE\" \/>\n<meta property=\"og:type\" content=\"article\" \/>\n<meta property=\"og:title\" content=\"ART Halsschmuck Merged - Lisa Kroeber Jewellery Art\" \/>\n<meta property=\"og:description\" content=\"Merged HalsschmuckRoh. Ausgewogen. Im Dialog.  Die Merged Halskette geh\u00f6rt zur Unique Art Pieces Kollektion \u2014 eine einmalige Neuinterpretation meiner fr\u00fcheren Steinkollektion Merged. Ausgehend von einer klaren, linearen Grundlage erforscht dieses Schmuckst\u00fcck den Kontrast zwischen Struktur und Intuition. Schlanke Silberelemente treffen auf rohe, unpolierte Steine, jeder mit eigener Form, Oberfl\u00e4che und Geschichte. Die Komposition wirkt bewusst unperfekt: ruhige Linien lassen Raum f\u00fcr organische Formen. Eine stille Spannung entsteht zwischen Kontrolle und Freiheit, Ordnung und Entdeckung.  Diese Halskette spiegelt einen Moment im kreativen Prozess wider, in dem das Material selbst beginnt zu f\u00fchren, in dem Entscheidungen nicht nur durch Gestaltung, sondern auch durch Gef\u00fchl, Ber\u00fchrung und Intuition entstehen. Diese Halskette existiert nur ein einziges Mal. Kollektion: Unique Art Pieces Materialien: Rosenquarz, Pyrit, Sterlingsilber, Seide L\u00e4nge: 50cm Gewicht: 149,89g Der Schmuck wird innerhalb von 1\u20135 Werktagen versendet. Die Halskette wird in einer Geschenkbox geliefert.\" \/>\n<meta property=\"og:url\" content=\"https:\/\/lisakroeber.com\/de\/produkt\/art-halsschmuck-merged\/\" \/>\n<meta property=\"og:site_name\" content=\"Lisa Kroeber Jewellery Art\" \/>\n<meta property=\"article:modified_time\" content=\"2026-01-23T14:38:17+00:00\" \/>\n<meta property=\"og:image\" content=\"https:\/\/lisakroeber.com\/wp-content\/uploads\/2026\/01\/Merged-ART-scaled.jpg\" \/>\n\t<meta property=\"og:image:width\" content=\"2560\" \/>\n\t<meta property=\"og:image:height\" content=\"2560\" \/>\n\t<meta property=\"og:image:type\" content=\"image\/jpeg\" \/>\n<meta name=\"twitter:card\" content=\"summary_large_image\" \/>\n<script type=\"application\/ld+json\" class=\"yoast-schema-graph\">{\"@context\":\"https:\\\/\\\/schema.org\",\"@graph\":[{\"@type\":\"WebPage\",\"@id\":\"https:\\\/\\\/lisakroeber.com\\\/de\\\/produkt\\\/art-halsschmuck-merged\\\/\",\"url\":\"https:\\\/\\\/lisakroeber.com\\\/de\\\/produkt\\\/art-halsschmuck-merged\\\/\",\"name\":\"ART Halsschmuck Merged - Lisa Kroeber Jewellery Art\",\"isPartOf\":{\"@id\":\"https:\\\/\\\/lisakroeber.com\\\/#website\"},\"primaryImageOfPage\":{\"@id\":\"https:\\\/\\\/lisakroeber.com\\\/de\\\/produkt\\\/art-halsschmuck-merged\\\/#primaryimage\"},\"image\":{\"@id\":\"https:\\\/\\\/lisakroeber.com\\\/de\\\/produkt\\\/art-halsschmuck-merged\\\/#primaryimage\"},\"thumbnailUrl\":\"https:\\\/\\\/lisakroeber.com\\\/wp-content\\\/uploads\\\/2026\\\/01\\\/Merged-ART-scaled.jpg\",\"datePublished\":\"2026-01-22T14:22:13+00:00\",\"dateModified\":\"2026-01-23T14:38:17+00:00\",\"breadcrumb\":{\"@id\":\"https:\\\/\\\/lisakroeber.com\\\/de\\\/produkt\\\/art-halsschmuck-merged\\\/#breadcrumb\"},\"inLanguage\":\"de\",\"potentialAction\":[{\"@type\":\"ReadAction\",\"target\":[\"https:\\\/\\\/lisakroeber.com\\\/de\\\/produkt\\\/art-halsschmuck-merged\\\/\"]}]},{\"@type\":\"ImageObject\",\"inLanguage\":\"de\",\"@id\":\"https:\\\/\\\/lisakroeber.com\\\/de\\\/produkt\\\/art-halsschmuck-merged\\\/#primaryimage\",\"url\":\"https:\\\/\\\/lisakroeber.com\\\/wp-content\\\/uploads\\\/2026\\\/01\\\/Merged-ART-scaled.jpg\",\"contentUrl\":\"https:\\\/\\\/lisakroeber.com\\\/wp-content\\\/uploads\\\/2026\\\/01\\\/Merged-ART-scaled.jpg\",\"width\":2560,\"height\":2560},{\"@type\":\"BreadcrumbList\",\"@id\":\"https:\\\/\\\/lisakroeber.com\\\/de\\\/produkt\\\/art-halsschmuck-merged\\\/#breadcrumb\",\"itemListElement\":[{\"@type\":\"ListItem\",\"position\":1,\"name\":\"Home\",\"item\":\"https:\\\/\\\/lisakroeber.com\\\/de\\\/\"},{\"@type\":\"ListItem\",\"position\":2,\"name\":\"Gesch\u00e4ft\",\"item\":\"https:\\\/\\\/lisakroeber.com\\\/de\\\/geschaeft\\\/\"},{\"@type\":\"ListItem\",\"position\":3,\"name\":\"ART Halsschmuck Merged\"}]},{\"@type\":\"WebSite\",\"@id\":\"https:\\\/\\\/lisakroeber.com\\\/#website\",\"url\":\"https:\\\/\\\/lisakroeber.com\\\/\",\"name\":\"Lisa Kroeber Jewellery Art\",\"description\":\"Lisa Kroeber Jewellery Art e-shop\",\"publisher\":{\"@id\":\"https:\\\/\\\/lisakroeber.com\\\/#organization\"},\"potentialAction\":[{\"@type\":\"SearchAction\",\"target\":{\"@type\":\"EntryPoint\",\"urlTemplate\":\"https:\\\/\\\/lisakroeber.com\\\/?s={search_term_string}\"},\"query-input\":{\"@type\":\"PropertyValueSpecification\",\"valueRequired\":true,\"valueName\":\"search_term_string\"}}],\"inLanguage\":\"de\"},{\"@type\":\"Organization\",\"@id\":\"https:\\\/\\\/lisakroeber.com\\\/#organization\",\"name\":\"Lisa Kroeber Jewellery\",\"url\":\"https:\\\/\\\/lisakroeber.com\\\/\",\"logo\":{\"@type\":\"ImageObject\",\"inLanguage\":\"de\",\"@id\":\"https:\\\/\\\/lisakroeber.com\\\/#\\\/schema\\\/logo\\\/image\\\/\",\"url\":\"https:\\\/\\\/lisakroeber.com\\\/wp-content\\\/uploads\\\/2024\\\/07\\\/47178367_317322115661289_143956003702964224_n-e1543863670541.svg\",\"contentUrl\":\"https:\\\/\\\/lisakroeber.com\\\/wp-content\\\/uploads\\\/2024\\\/07\\\/47178367_317322115661289_143956003702964224_n-e1543863670541.svg\",\"width\":1,\"height\":1,\"caption\":\"Lisa Kroeber Jewellery\"},\"image\":{\"@id\":\"https:\\\/\\\/lisakroeber.com\\\/#\\\/schema\\\/logo\\\/image\\\/\"}}]}<\/script>\n<!-- \/ Yoast SEO plugin. -->","yoast_head_json":{"title":"ART Halsschmuck Merged - Lisa Kroeber Jewellery Art","robots":{"index":"index","follow":"follow","max-snippet":"max-snippet:-1","max-image-preview":"max-image-preview:large","max-video-preview":"max-video-preview:-1"},"canonical":"https:\/\/lisakroeber.com\/de\/produkt\/art-halsschmuck-merged\/","og_locale":"de_DE","og_type":"article","og_title":"ART Halsschmuck Merged - Lisa Kroeber Jewellery Art","og_description":"Merged HalsschmuckRoh. Ausgewogen. Im Dialog.  Die Merged Halskette geh\u00f6rt zur Unique Art Pieces Kollektion \u2014 eine einmalige Neuinterpretation meiner fr\u00fcheren Steinkollektion Merged. Ausgehend von einer klaren, linearen Grundlage erforscht dieses Schmuckst\u00fcck den Kontrast zwischen Struktur und Intuition. Schlanke Silberelemente treffen auf rohe, unpolierte Steine, jeder mit eigener Form, Oberfl\u00e4che und Geschichte. Die Komposition wirkt bewusst unperfekt: ruhige Linien lassen Raum f\u00fcr organische Formen. Eine stille Spannung entsteht zwischen Kontrolle und Freiheit, Ordnung und Entdeckung.  Diese Halskette spiegelt einen Moment im kreativen Prozess wider, in dem das Material selbst beginnt zu f\u00fchren, in dem Entscheidungen nicht nur durch Gestaltung, sondern auch durch Gef\u00fchl, Ber\u00fchrung und Intuition entstehen. Diese Halskette existiert nur ein einziges Mal. Kollektion: Unique Art Pieces Materialien: Rosenquarz, Pyrit, Sterlingsilber, Seide L\u00e4nge: 50cm Gewicht: 149,89g Der Schmuck wird innerhalb von 1\u20135 Werktagen versendet. Die Halskette wird in einer Geschenkbox geliefert.","og_url":"https:\/\/lisakroeber.com\/de\/produkt\/art-halsschmuck-merged\/","og_site_name":"Lisa Kroeber Jewellery Art","article_modified_time":"2026-01-23T14:38:17+00:00","og_image":[{"width":2560,"height":2560,"url":"https:\/\/lisakroeber.com\/wp-content\/uploads\/2026\/01\/Merged-ART-scaled.jpg","type":"image\/jpeg"}],"twitter_card":"summary_large_image","schema":{"@context":"https:\/\/schema.org","@graph":[{"@type":"WebPage","@id":"https:\/\/lisakroeber.com\/de\/produkt\/art-halsschmuck-merged\/","url":"https:\/\/lisakroeber.com\/de\/produkt\/art-halsschmuck-merged\/","name":"ART Halsschmuck Merged - Lisa Kroeber Jewellery Art","isPartOf":{"@id":"https:\/\/lisakroeber.com\/#website"},"primaryImageOfPage":{"@id":"https:\/\/lisakroeber.com\/de\/produkt\/art-halsschmuck-merged\/#primaryimage"},"image":{"@id":"https:\/\/lisakroeber.com\/de\/produkt\/art-halsschmuck-merged\/#primaryimage"},"thumbnailUrl":"https:\/\/lisakroeber.com\/wp-content\/uploads\/2026\/01\/Merged-ART-scaled.jpg","datePublished":"2026-01-22T14:22:13+00:00","dateModified":"2026-01-23T14:38:17+00:00","breadcrumb":{"@id":"https:\/\/lisakroeber.com\/de\/produkt\/art-halsschmuck-merged\/#breadcrumb"},"inLanguage":"de","potentialAction":[{"@type":"ReadAction","target":["https:\/\/lisakroeber.com\/de\/produkt\/art-halsschmuck-merged\/"]}]},{"@type":"ImageObject","inLanguage":"de","@id":"https:\/\/lisakroeber.com\/de\/produkt\/art-halsschmuck-merged\/#primaryimage","url":"https:\/\/lisakroeber.com\/wp-content\/uploads\/2026\/01\/Merged-ART-scaled.jpg","contentUrl":"https:\/\/lisakroeber.com\/wp-content\/uploads\/2026\/01\/Merged-ART-scaled.jpg","width":2560,"height":2560},{"@type":"BreadcrumbList","@id":"https:\/\/lisakroeber.com\/de\/produkt\/art-halsschmuck-merged\/#breadcrumb","itemListElement":[{"@type":"ListItem","position":1,"name":"Home","item":"https:\/\/lisakroeber.com\/de\/"},{"@type":"ListItem","position":2,"name":"Gesch\u00e4ft","item":"https:\/\/lisakroeber.com\/de\/geschaeft\/"},{"@type":"ListItem","position":3,"name":"ART Halsschmuck Merged"}]},{"@type":"WebSite","@id":"https:\/\/lisakroeber.com\/#website","url":"https:\/\/lisakroeber.com\/","name":"Lisa Kroeber Jewellery Art","description":"Lisa Kroeber Jewellery Art e-shop","publisher":{"@id":"https:\/\/lisakroeber.com\/#organization"},"potentialAction":[{"@type":"SearchAction","target":{"@type":"EntryPoint","urlTemplate":"https:\/\/lisakroeber.com\/?s={search_term_string}"},"query-input":{"@type":"PropertyValueSpecification","valueRequired":true,"valueName":"search_term_string"}}],"inLanguage":"de"},{"@type":"Organization","@id":"https:\/\/lisakroeber.com\/#organization","name":"Lisa Kroeber Jewellery","url":"https:\/\/lisakroeber.com\/","logo":{"@type":"ImageObject","inLanguage":"de","@id":"https:\/\/lisakroeber.com\/#\/schema\/logo\/image\/","url":"https:\/\/lisakroeber.com\/wp-content\/uploads\/2024\/07\/47178367_317322115661289_143956003702964224_n-e1543863670541.svg","contentUrl":"https:\/\/lisakroeber.com\/wp-content\/uploads\/2024\/07\/47178367_317322115661289_143956003702964224_n-e1543863670541.svg","width":1,"height":1,"caption":"Lisa Kroeber Jewellery"},"image":{"@id":"https:\/\/lisakroeber.com\/#\/schema\/logo\/image\/"}}]}},"_links":{"self":[{"href":"https:\/\/lisakroeber.com\/de\/wp-json\/wp\/v2\/product\/310510","targetHints":{"allow":["GET"]}}],"collection":[{"href":"https:\/\/lisakroeber.com\/de\/wp-json\/wp\/v2\/product"}],"about":[{"href":"https:\/\/lisakroeber.com\/de\/wp-json\/wp\/v2\/types\/product"}],"wp:featuredmedia":[{"embeddable":true,"href":"https:\/\/lisakroeber.com\/de\/wp-json\/wp\/v2\/media\/310424"}],"wp:attachment":[{"href":"https:\/\/lisakroeber.com\/de\/wp-json\/wp\/v2\/media?parent=310510"}],"wp:term":[{"taxonomy":"product_brand","embeddable":true,"href":"https:\/\/lisakroeber.com\/de\/wp-json\/wp\/v2\/product_brand?post=310510"},{"taxonomy":"product_cat","embeddable":true,"href":"https:\/\/lisakroeber.com\/de\/wp-json\/wp\/v2\/product_cat?post=310510"},{"taxonomy":"product_tag","embeddable":true,"href":"https:\/\/lisakroeber.com\/de\/wp-json\/wp\/v2\/product_tag?post=310510"}],"curies":[{"name":"wp","href":"https:\/\/api.w.org\/{rel}","templated":true}]}}