{"id":310512,"date":"2026-01-22T16:02:33","date_gmt":"2026-01-22T14:02:33","guid":{"rendered":"https:\/\/lisakroeber.com\/product\/art-ohrringe-lines\/"},"modified":"2026-01-28T14:07:56","modified_gmt":"2026-01-28T12:07:56","slug":"art-ohrringe-lines","status":"publish","type":"product","link":"https:\/\/lisakroeber.com\/de\/produkt\/art-ohrringe-lines\/","title":{"rendered":"ART Ohrringe Lines"},"content":{"rendered":"","protected":false},"excerpt":{"rendered":"<p data-start=\"0\" data-end=\"55\"><strong data-start=\"0\" data-end=\"18\">Line Ohrringe<\/strong><\/p>\n<p>Die Line Ohrringe geh\u00f6ren zur Unique Art Pieces Kollektion und wurden als einzigartige Neuinterpretation meiner fr\u00fcheren Line-Serie geschaffen. Ausgehend von einer vertrauten linearen Form erforscht dieses Schmuckst\u00fcck, wie feine Ver\u00e4nderungen in Material, Winkel und Proportion Schlichtheit in Ausdruck verwandeln k\u00f6nnen.<\/p>\n<p data-start=\"348\" data-end=\"576\">Die sanft gebogene Silberlinie formt eine architektonische Silhouette: kraftvoll und zugleich leicht, strukturiert und dennoch flie\u00dfend. Die offene Form l\u00e4sst Raum Teil des Designs werden und erlaubt Bewegung, Licht und Schatten, das Schmuckst\u00fcck beim Tragen zu vollenden. <\/p>\n<p data-start=\"578\" data-end=\"726\">Diese Ohrringe spiegeln einen stillen Dialog zwischen Vergangenheit und Gegenwart wider, eine verfeinerte Weiterentwicklung einer fr\u00fcheren Idee, neu gedacht durch Zeit und Erfahrung.<\/p>\n<p data-start=\"728\" data-end=\"928\" data-is-last-node=\"\" data-is-only-node=\"\">Dieses Paar existiert nur ein einziges Mal.<\/p>\n<p>Kollektion: Unique Art Pieces<\/p>\n<p>Material: Sterling Silber<\/p>\n<p>Gr\u00f6\u00dfe: 4,7cm x 8,5cm<\/p>\n<p>Gewicht: 11,12g<\/p>\n<p>Der Schmuck wird innerhalb von 1\u20135 Werktagen versendet.<\/p>\n<p>Die Ohrringe werden in einer Geschenkbox geliefert.<\/p>\n","protected":false},"featured_media":310420,"template":"","meta":{"content-type":""},"product_brand":[],"product_cat":[939,344,1285],"product_tag":[],"class_list":{"0":"post-310512","1":"product","2":"type-product","3":"status-publish","4":"has-post-thumbnail","6":"product_cat-lines-de","7":"product_cat-ohrschmuck","8":"product_cat-unikate","10":"first","11":"instock","12":"taxable","13":"shipping-taxable","14":"purchasable","15":"product-type-simple"},"yoast_head":"<!-- This site is optimized with the Yoast SEO plugin v27.3 - https:\/\/yoast.com\/product\/yoast-seo-wordpress\/ -->\n<title>ART Ohrringe Lines - Lisa Kroeber Jewellery Art<\/title>\n<meta name=\"robots\" content=\"index, follow, max-snippet:-1, max-image-preview:large, max-video-preview:-1\" \/>\n<link rel=\"canonical\" href=\"https:\/\/lisakroeber.com\/de\/produkt\/art-ohrringe-lines\/\" \/>\n<meta property=\"og:locale\" content=\"de_DE\" \/>\n<meta property=\"og:type\" content=\"article\" \/>\n<meta property=\"og:title\" content=\"ART Ohrringe Lines - Lisa Kroeber Jewellery Art\" \/>\n<meta property=\"og:description\" content=\"Line OhrringeDie Line Ohrringe geh\u00f6ren zur Unique Art Pieces Kollektion und wurden als einzigartige Neuinterpretation meiner fr\u00fcheren Line-Serie geschaffen. Ausgehend von einer vertrauten linearen Form erforscht dieses Schmuckst\u00fcck, wie feine Ver\u00e4nderungen in Material, Winkel und Proportion Schlichtheit in Ausdruck verwandeln k\u00f6nnen. Die sanft gebogene Silberlinie formt eine architektonische Silhouette: kraftvoll und zugleich leicht, strukturiert und dennoch flie\u00dfend. Die offene Form l\u00e4sst Raum Teil des Designs werden und erlaubt Bewegung, Licht und Schatten, das Schmuckst\u00fcck beim Tragen zu vollenden. Diese Ohrringe spiegeln einen stillen Dialog zwischen Vergangenheit und Gegenwart wider, eine verfeinerte Weiterentwicklung einer fr\u00fcheren Idee, neu gedacht durch Zeit und Erfahrung. Dieses Paar existiert nur ein einziges Mal. Kollektion: Unique Art Pieces Material: Sterling Silber Gr\u00f6\u00dfe: 4,7cm x 8,5cm Gewicht: 11,12g Der Schmuck wird innerhalb von 1\u20135 Werktagen versendet. Die Ohrringe werden in einer Geschenkbox geliefert.\" \/>\n<meta property=\"og:url\" content=\"https:\/\/lisakroeber.com\/de\/produkt\/art-ohrringe-lines\/\" \/>\n<meta property=\"og:site_name\" content=\"Lisa Kroeber Jewellery Art\" \/>\n<meta property=\"article:modified_time\" content=\"2026-01-28T12:07:56+00:00\" \/>\n<meta property=\"og:image\" content=\"https:\/\/lisakroeber.com\/wp-content\/uploads\/2026\/01\/Lines-ART-1-scaled.jpg\" \/>\n\t<meta property=\"og:image:width\" content=\"2560\" \/>\n\t<meta property=\"og:image:height\" content=\"2560\" \/>\n\t<meta property=\"og:image:type\" content=\"image\/jpeg\" \/>\n<meta name=\"twitter:card\" content=\"summary_large_image\" \/>\n<script type=\"application\/ld+json\" class=\"yoast-schema-graph\">{\"@context\":\"https:\\\/\\\/schema.org\",\"@graph\":[{\"@type\":\"WebPage\",\"@id\":\"https:\\\/\\\/lisakroeber.com\\\/de\\\/produkt\\\/art-ohrringe-lines\\\/\",\"url\":\"https:\\\/\\\/lisakroeber.com\\\/de\\\/produkt\\\/art-ohrringe-lines\\\/\",\"name\":\"ART Ohrringe Lines - Lisa Kroeber Jewellery Art\",\"isPartOf\":{\"@id\":\"https:\\\/\\\/lisakroeber.com\\\/#website\"},\"primaryImageOfPage\":{\"@id\":\"https:\\\/\\\/lisakroeber.com\\\/de\\\/produkt\\\/art-ohrringe-lines\\\/#primaryimage\"},\"image\":{\"@id\":\"https:\\\/\\\/lisakroeber.com\\\/de\\\/produkt\\\/art-ohrringe-lines\\\/#primaryimage\"},\"thumbnailUrl\":\"https:\\\/\\\/lisakroeber.com\\\/wp-content\\\/uploads\\\/2026\\\/01\\\/Lines-ART-1-scaled.jpg\",\"datePublished\":\"2026-01-22T14:02:33+00:00\",\"dateModified\":\"2026-01-28T12:07:56+00:00\",\"breadcrumb\":{\"@id\":\"https:\\\/\\\/lisakroeber.com\\\/de\\\/produkt\\\/art-ohrringe-lines\\\/#breadcrumb\"},\"inLanguage\":\"de\",\"potentialAction\":[{\"@type\":\"ReadAction\",\"target\":[\"https:\\\/\\\/lisakroeber.com\\\/de\\\/produkt\\\/art-ohrringe-lines\\\/\"]}]},{\"@type\":\"ImageObject\",\"inLanguage\":\"de\",\"@id\":\"https:\\\/\\\/lisakroeber.com\\\/de\\\/produkt\\\/art-ohrringe-lines\\\/#primaryimage\",\"url\":\"https:\\\/\\\/lisakroeber.com\\\/wp-content\\\/uploads\\\/2026\\\/01\\\/Lines-ART-1-scaled.jpg\",\"contentUrl\":\"https:\\\/\\\/lisakroeber.com\\\/wp-content\\\/uploads\\\/2026\\\/01\\\/Lines-ART-1-scaled.jpg\",\"width\":2560,\"height\":2560},{\"@type\":\"BreadcrumbList\",\"@id\":\"https:\\\/\\\/lisakroeber.com\\\/de\\\/produkt\\\/art-ohrringe-lines\\\/#breadcrumb\",\"itemListElement\":[{\"@type\":\"ListItem\",\"position\":1,\"name\":\"Home\",\"item\":\"https:\\\/\\\/lisakroeber.com\\\/de\\\/\"},{\"@type\":\"ListItem\",\"position\":2,\"name\":\"Gesch\u00e4ft\",\"item\":\"https:\\\/\\\/lisakroeber.com\\\/de\\\/geschaeft\\\/\"},{\"@type\":\"ListItem\",\"position\":3,\"name\":\"ART Ohrringe Lines\"}]},{\"@type\":\"WebSite\",\"@id\":\"https:\\\/\\\/lisakroeber.com\\\/#website\",\"url\":\"https:\\\/\\\/lisakroeber.com\\\/\",\"name\":\"Lisa Kroeber Jewellery Art\",\"description\":\"Lisa Kroeber Jewellery Art e-shop\",\"publisher\":{\"@id\":\"https:\\\/\\\/lisakroeber.com\\\/#organization\"},\"potentialAction\":[{\"@type\":\"SearchAction\",\"target\":{\"@type\":\"EntryPoint\",\"urlTemplate\":\"https:\\\/\\\/lisakroeber.com\\\/?s={search_term_string}\"},\"query-input\":{\"@type\":\"PropertyValueSpecification\",\"valueRequired\":true,\"valueName\":\"search_term_string\"}}],\"inLanguage\":\"de\"},{\"@type\":\"Organization\",\"@id\":\"https:\\\/\\\/lisakroeber.com\\\/#organization\",\"name\":\"Lisa Kroeber Jewellery\",\"url\":\"https:\\\/\\\/lisakroeber.com\\\/\",\"logo\":{\"@type\":\"ImageObject\",\"inLanguage\":\"de\",\"@id\":\"https:\\\/\\\/lisakroeber.com\\\/#\\\/schema\\\/logo\\\/image\\\/\",\"url\":\"https:\\\/\\\/lisakroeber.com\\\/wp-content\\\/uploads\\\/2024\\\/07\\\/47178367_317322115661289_143956003702964224_n-e1543863670541.svg\",\"contentUrl\":\"https:\\\/\\\/lisakroeber.com\\\/wp-content\\\/uploads\\\/2024\\\/07\\\/47178367_317322115661289_143956003702964224_n-e1543863670541.svg\",\"width\":1,\"height\":1,\"caption\":\"Lisa Kroeber Jewellery\"},\"image\":{\"@id\":\"https:\\\/\\\/lisakroeber.com\\\/#\\\/schema\\\/logo\\\/image\\\/\"}}]}<\/script>\n<!-- \/ Yoast SEO plugin. -->","yoast_head_json":{"title":"ART Ohrringe Lines - Lisa Kroeber Jewellery Art","robots":{"index":"index","follow":"follow","max-snippet":"max-snippet:-1","max-image-preview":"max-image-preview:large","max-video-preview":"max-video-preview:-1"},"canonical":"https:\/\/lisakroeber.com\/de\/produkt\/art-ohrringe-lines\/","og_locale":"de_DE","og_type":"article","og_title":"ART Ohrringe Lines - Lisa Kroeber Jewellery Art","og_description":"Line OhrringeDie Line Ohrringe geh\u00f6ren zur Unique Art Pieces Kollektion und wurden als einzigartige Neuinterpretation meiner fr\u00fcheren Line-Serie geschaffen. Ausgehend von einer vertrauten linearen Form erforscht dieses Schmuckst\u00fcck, wie feine Ver\u00e4nderungen in Material, Winkel und Proportion Schlichtheit in Ausdruck verwandeln k\u00f6nnen. Die sanft gebogene Silberlinie formt eine architektonische Silhouette: kraftvoll und zugleich leicht, strukturiert und dennoch flie\u00dfend. Die offene Form l\u00e4sst Raum Teil des Designs werden und erlaubt Bewegung, Licht und Schatten, das Schmuckst\u00fcck beim Tragen zu vollenden. Diese Ohrringe spiegeln einen stillen Dialog zwischen Vergangenheit und Gegenwart wider, eine verfeinerte Weiterentwicklung einer fr\u00fcheren Idee, neu gedacht durch Zeit und Erfahrung. Dieses Paar existiert nur ein einziges Mal. Kollektion: Unique Art Pieces Material: Sterling Silber Gr\u00f6\u00dfe: 4,7cm x 8,5cm Gewicht: 11,12g Der Schmuck wird innerhalb von 1\u20135 Werktagen versendet. Die Ohrringe werden in einer Geschenkbox geliefert.","og_url":"https:\/\/lisakroeber.com\/de\/produkt\/art-ohrringe-lines\/","og_site_name":"Lisa Kroeber Jewellery Art","article_modified_time":"2026-01-28T12:07:56+00:00","og_image":[{"width":2560,"height":2560,"url":"https:\/\/lisakroeber.com\/wp-content\/uploads\/2026\/01\/Lines-ART-1-scaled.jpg","type":"image\/jpeg"}],"twitter_card":"summary_large_image","schema":{"@context":"https:\/\/schema.org","@graph":[{"@type":"WebPage","@id":"https:\/\/lisakroeber.com\/de\/produkt\/art-ohrringe-lines\/","url":"https:\/\/lisakroeber.com\/de\/produkt\/art-ohrringe-lines\/","name":"ART Ohrringe Lines - Lisa Kroeber Jewellery Art","isPartOf":{"@id":"https:\/\/lisakroeber.com\/#website"},"primaryImageOfPage":{"@id":"https:\/\/lisakroeber.com\/de\/produkt\/art-ohrringe-lines\/#primaryimage"},"image":{"@id":"https:\/\/lisakroeber.com\/de\/produkt\/art-ohrringe-lines\/#primaryimage"},"thumbnailUrl":"https:\/\/lisakroeber.com\/wp-content\/uploads\/2026\/01\/Lines-ART-1-scaled.jpg","datePublished":"2026-01-22T14:02:33+00:00","dateModified":"2026-01-28T12:07:56+00:00","breadcrumb":{"@id":"https:\/\/lisakroeber.com\/de\/produkt\/art-ohrringe-lines\/#breadcrumb"},"inLanguage":"de","potentialAction":[{"@type":"ReadAction","target":["https:\/\/lisakroeber.com\/de\/produkt\/art-ohrringe-lines\/"]}]},{"@type":"ImageObject","inLanguage":"de","@id":"https:\/\/lisakroeber.com\/de\/produkt\/art-ohrringe-lines\/#primaryimage","url":"https:\/\/lisakroeber.com\/wp-content\/uploads\/2026\/01\/Lines-ART-1-scaled.jpg","contentUrl":"https:\/\/lisakroeber.com\/wp-content\/uploads\/2026\/01\/Lines-ART-1-scaled.jpg","width":2560,"height":2560},{"@type":"BreadcrumbList","@id":"https:\/\/lisakroeber.com\/de\/produkt\/art-ohrringe-lines\/#breadcrumb","itemListElement":[{"@type":"ListItem","position":1,"name":"Home","item":"https:\/\/lisakroeber.com\/de\/"},{"@type":"ListItem","position":2,"name":"Gesch\u00e4ft","item":"https:\/\/lisakroeber.com\/de\/geschaeft\/"},{"@type":"ListItem","position":3,"name":"ART Ohrringe Lines"}]},{"@type":"WebSite","@id":"https:\/\/lisakroeber.com\/#website","url":"https:\/\/lisakroeber.com\/","name":"Lisa Kroeber Jewellery Art","description":"Lisa Kroeber Jewellery Art e-shop","publisher":{"@id":"https:\/\/lisakroeber.com\/#organization"},"potentialAction":[{"@type":"SearchAction","target":{"@type":"EntryPoint","urlTemplate":"https:\/\/lisakroeber.com\/?s={search_term_string}"},"query-input":{"@type":"PropertyValueSpecification","valueRequired":true,"valueName":"search_term_string"}}],"inLanguage":"de"},{"@type":"Organization","@id":"https:\/\/lisakroeber.com\/#organization","name":"Lisa Kroeber Jewellery","url":"https:\/\/lisakroeber.com\/","logo":{"@type":"ImageObject","inLanguage":"de","@id":"https:\/\/lisakroeber.com\/#\/schema\/logo\/image\/","url":"https:\/\/lisakroeber.com\/wp-content\/uploads\/2024\/07\/47178367_317322115661289_143956003702964224_n-e1543863670541.svg","contentUrl":"https:\/\/lisakroeber.com\/wp-content\/uploads\/2024\/07\/47178367_317322115661289_143956003702964224_n-e1543863670541.svg","width":1,"height":1,"caption":"Lisa Kroeber Jewellery"},"image":{"@id":"https:\/\/lisakroeber.com\/#\/schema\/logo\/image\/"}}]}},"_links":{"self":[{"href":"https:\/\/lisakroeber.com\/de\/wp-json\/wp\/v2\/product\/310512","targetHints":{"allow":["GET"]}}],"collection":[{"href":"https:\/\/lisakroeber.com\/de\/wp-json\/wp\/v2\/product"}],"about":[{"href":"https:\/\/lisakroeber.com\/de\/wp-json\/wp\/v2\/types\/product"}],"wp:featuredmedia":[{"embeddable":true,"href":"https:\/\/lisakroeber.com\/de\/wp-json\/wp\/v2\/media\/310420"}],"wp:attachment":[{"href":"https:\/\/lisakroeber.com\/de\/wp-json\/wp\/v2\/media?parent=310512"}],"wp:term":[{"taxonomy":"product_brand","embeddable":true,"href":"https:\/\/lisakroeber.com\/de\/wp-json\/wp\/v2\/product_brand?post=310512"},{"taxonomy":"product_cat","embeddable":true,"href":"https:\/\/lisakroeber.com\/de\/wp-json\/wp\/v2\/product_cat?post=310512"},{"taxonomy":"product_tag","embeddable":true,"href":"https:\/\/lisakroeber.com\/de\/wp-json\/wp\/v2\/product_tag?post=310512"}],"curies":[{"name":"wp","href":"https:\/\/api.w.org\/{rel}","templated":true}]}}