{"id":310514,"date":"2026-01-22T10:40:26","date_gmt":"2026-01-22T08:40:26","guid":{"rendered":"https:\/\/lisakroeber.com\/product\/art-halsschmuck-pearling\/"},"modified":"2026-01-23T17:11:18","modified_gmt":"2026-01-23T15:11:18","slug":"art-halsschmuck-pearling","status":"publish","type":"product","link":"https:\/\/lisakroeber.com\/de\/produkt\/art-halsschmuck-pearling\/","title":{"rendered":"ART Halsschmuck Pearling"},"content":{"rendered":"","protected":false},"excerpt":{"rendered":"<p data-start=\"0\" data-end=\"57\"><strong data-start=\"0\" data-end=\"22\">Pearlings Halsschmuck<\/strong><br data-start=\"22\" data-end=\"25\">Unique. Poetic. One of a kind.  <\/p>\n<p data-start=\"59\" data-end=\"362\">Die <em data-start=\"63\" data-end=\"74\">Pearlings<\/em> Halskette geh\u00f6rt zur Unique Art Pieces Kollektion. Ein einzigartiges Schmuckst\u00fcck, geschaffen als stiller Dialog zwischen Vergangenheit und Gegenwart. Skulpturale Silberelemente treffen auf organisch geformte S\u00fc\u00dfwasserperlen und verbinden Kontrast und Harmonie zugleich. <\/p>\n<p data-start=\"364\" data-end=\"585\">Geometrische Formen begegnen weichen, unregelm\u00e4\u00dfigen Perlen und erzeugen einen Rhythmus, der zugleich strukturiert und intuitiv wirkt. Jedes Element besitzt seine eigene Stimme, gemeinsam jedoch entsteht ein ausgewogenes Ganzes. <\/p>\n<p data-start=\"587\" data-end=\"807\" data-is-last-node=\"\" data-is-only-node=\"\">Die <em data-start=\"587\" data-end=\"598\">Pearlings<\/em> Kette ist ein Einzelst\u00fcck, ein einzelner Moment, eingefangen in Schmuck, ein St\u00fcck, das den Geist von Entdeckung, Ver\u00e4nderung und Handwerkskunst in sich tr\u00e4gt. Geschaffen, um als Kunstwerk getragen zu werden, nicht nur als Accessoire. <\/p>\n<p>Kollektion: Unique Art Pieces<\/p>\n<p>Materialien: Sterlingsilber, Perlen, Seide<\/p>\n<p>L\u00e4nge: 47,5cm<\/p>\n<p>Gewicht:<\/p>\n<p>Der Schmuck wird innerhalb von 1\u20135 Werktagen versendet.<\/p>\n<p>Die Halskette wird in einer Geschenkbox geliefert.<\/p>\n","protected":false},"featured_media":310268,"template":"","meta":{"content-type":""},"product_brand":[],"product_cat":[349,1285],"product_tag":[],"class_list":{"0":"post-310514","1":"product","2":"type-product","3":"status-publish","4":"has-post-thumbnail","6":"product_cat-halsschmuck","7":"product_cat-unikate","9":"first","10":"instock","11":"taxable","12":"shipping-taxable","13":"purchasable","14":"product-type-simple"},"yoast_head":"<!-- This site is optimized with the Yoast SEO plugin v27.3 - https:\/\/yoast.com\/product\/yoast-seo-wordpress\/ -->\n<title>ART Halsschmuck Pearling - Lisa Kroeber Jewellery Art<\/title>\n<meta name=\"robots\" content=\"index, follow, max-snippet:-1, max-image-preview:large, max-video-preview:-1\" \/>\n<link rel=\"canonical\" href=\"https:\/\/lisakroeber.com\/de\/produkt\/art-halsschmuck-pearling\/\" \/>\n<meta property=\"og:locale\" content=\"de_DE\" \/>\n<meta property=\"og:type\" content=\"article\" \/>\n<meta property=\"og:title\" content=\"ART Halsschmuck Pearling - Lisa Kroeber Jewellery Art\" \/>\n<meta property=\"og:description\" content=\"Pearlings HalsschmuckUnique. Poetic. One of a kind.  Die Pearlings Halskette geh\u00f6rt zur Unique Art Pieces Kollektion. Ein einzigartiges Schmuckst\u00fcck, geschaffen als stiller Dialog zwischen Vergangenheit und Gegenwart. Skulpturale Silberelemente treffen auf organisch geformte S\u00fc\u00dfwasserperlen und verbinden Kontrast und Harmonie zugleich. Geometrische Formen begegnen weichen, unregelm\u00e4\u00dfigen Perlen und erzeugen einen Rhythmus, der zugleich strukturiert und intuitiv wirkt. Jedes Element besitzt seine eigene Stimme, gemeinsam jedoch entsteht ein ausgewogenes Ganzes. Die Pearlings Kette ist ein Einzelst\u00fcck, ein einzelner Moment, eingefangen in Schmuck, ein St\u00fcck, das den Geist von Entdeckung, Ver\u00e4nderung und Handwerkskunst in sich tr\u00e4gt. Geschaffen, um als Kunstwerk getragen zu werden, nicht nur als Accessoire. Kollektion: Unique Art Pieces Materialien: Sterlingsilber, Perlen, Seide L\u00e4nge: 47,5cm Gewicht: Der Schmuck wird innerhalb von 1\u20135 Werktagen versendet. Die Halskette wird in einer Geschenkbox geliefert.\" \/>\n<meta property=\"og:url\" content=\"https:\/\/lisakroeber.com\/de\/produkt\/art-halsschmuck-pearling\/\" \/>\n<meta property=\"og:site_name\" content=\"Lisa Kroeber Jewellery Art\" \/>\n<meta property=\"article:modified_time\" content=\"2026-01-23T15:11:18+00:00\" \/>\n<meta property=\"og:image\" content=\"https:\/\/lisakroeber.com\/wp-content\/uploads\/2026\/01\/Pearlings-ART-scaled.jpg\" \/>\n\t<meta property=\"og:image:width\" content=\"2560\" \/>\n\t<meta property=\"og:image:height\" content=\"2560\" \/>\n\t<meta property=\"og:image:type\" content=\"image\/jpeg\" \/>\n<meta name=\"twitter:card\" content=\"summary_large_image\" \/>\n<script type=\"application\/ld+json\" class=\"yoast-schema-graph\">{\"@context\":\"https:\\\/\\\/schema.org\",\"@graph\":[{\"@type\":\"WebPage\",\"@id\":\"https:\\\/\\\/lisakroeber.com\\\/de\\\/produkt\\\/art-halsschmuck-pearling\\\/\",\"url\":\"https:\\\/\\\/lisakroeber.com\\\/de\\\/produkt\\\/art-halsschmuck-pearling\\\/\",\"name\":\"ART Halsschmuck Pearling - Lisa Kroeber Jewellery Art\",\"isPartOf\":{\"@id\":\"https:\\\/\\\/lisakroeber.com\\\/#website\"},\"primaryImageOfPage\":{\"@id\":\"https:\\\/\\\/lisakroeber.com\\\/de\\\/produkt\\\/art-halsschmuck-pearling\\\/#primaryimage\"},\"image\":{\"@id\":\"https:\\\/\\\/lisakroeber.com\\\/de\\\/produkt\\\/art-halsschmuck-pearling\\\/#primaryimage\"},\"thumbnailUrl\":\"https:\\\/\\\/lisakroeber.com\\\/wp-content\\\/uploads\\\/2026\\\/01\\\/Pearlings-ART-scaled.jpg\",\"datePublished\":\"2026-01-22T08:40:26+00:00\",\"dateModified\":\"2026-01-23T15:11:18+00:00\",\"breadcrumb\":{\"@id\":\"https:\\\/\\\/lisakroeber.com\\\/de\\\/produkt\\\/art-halsschmuck-pearling\\\/#breadcrumb\"},\"inLanguage\":\"de\",\"potentialAction\":[{\"@type\":\"ReadAction\",\"target\":[\"https:\\\/\\\/lisakroeber.com\\\/de\\\/produkt\\\/art-halsschmuck-pearling\\\/\"]}]},{\"@type\":\"ImageObject\",\"inLanguage\":\"de\",\"@id\":\"https:\\\/\\\/lisakroeber.com\\\/de\\\/produkt\\\/art-halsschmuck-pearling\\\/#primaryimage\",\"url\":\"https:\\\/\\\/lisakroeber.com\\\/wp-content\\\/uploads\\\/2026\\\/01\\\/Pearlings-ART-scaled.jpg\",\"contentUrl\":\"https:\\\/\\\/lisakroeber.com\\\/wp-content\\\/uploads\\\/2026\\\/01\\\/Pearlings-ART-scaled.jpg\",\"width\":2560,\"height\":2560},{\"@type\":\"BreadcrumbList\",\"@id\":\"https:\\\/\\\/lisakroeber.com\\\/de\\\/produkt\\\/art-halsschmuck-pearling\\\/#breadcrumb\",\"itemListElement\":[{\"@type\":\"ListItem\",\"position\":1,\"name\":\"Home\",\"item\":\"https:\\\/\\\/lisakroeber.com\\\/de\\\/\"},{\"@type\":\"ListItem\",\"position\":2,\"name\":\"Gesch\u00e4ft\",\"item\":\"https:\\\/\\\/lisakroeber.com\\\/de\\\/geschaeft\\\/\"},{\"@type\":\"ListItem\",\"position\":3,\"name\":\"ART Halsschmuck Pearling\"}]},{\"@type\":\"WebSite\",\"@id\":\"https:\\\/\\\/lisakroeber.com\\\/#website\",\"url\":\"https:\\\/\\\/lisakroeber.com\\\/\",\"name\":\"Lisa Kroeber Jewellery Art\",\"description\":\"Lisa Kroeber Jewellery Art e-shop\",\"publisher\":{\"@id\":\"https:\\\/\\\/lisakroeber.com\\\/#organization\"},\"potentialAction\":[{\"@type\":\"SearchAction\",\"target\":{\"@type\":\"EntryPoint\",\"urlTemplate\":\"https:\\\/\\\/lisakroeber.com\\\/?s={search_term_string}\"},\"query-input\":{\"@type\":\"PropertyValueSpecification\",\"valueRequired\":true,\"valueName\":\"search_term_string\"}}],\"inLanguage\":\"de\"},{\"@type\":\"Organization\",\"@id\":\"https:\\\/\\\/lisakroeber.com\\\/#organization\",\"name\":\"Lisa Kroeber Jewellery\",\"url\":\"https:\\\/\\\/lisakroeber.com\\\/\",\"logo\":{\"@type\":\"ImageObject\",\"inLanguage\":\"de\",\"@id\":\"https:\\\/\\\/lisakroeber.com\\\/#\\\/schema\\\/logo\\\/image\\\/\",\"url\":\"https:\\\/\\\/lisakroeber.com\\\/wp-content\\\/uploads\\\/2024\\\/07\\\/47178367_317322115661289_143956003702964224_n-e1543863670541.svg\",\"contentUrl\":\"https:\\\/\\\/lisakroeber.com\\\/wp-content\\\/uploads\\\/2024\\\/07\\\/47178367_317322115661289_143956003702964224_n-e1543863670541.svg\",\"width\":1,\"height\":1,\"caption\":\"Lisa Kroeber Jewellery\"},\"image\":{\"@id\":\"https:\\\/\\\/lisakroeber.com\\\/#\\\/schema\\\/logo\\\/image\\\/\"}}]}<\/script>\n<!-- \/ Yoast SEO plugin. -->","yoast_head_json":{"title":"ART Halsschmuck Pearling - Lisa Kroeber Jewellery Art","robots":{"index":"index","follow":"follow","max-snippet":"max-snippet:-1","max-image-preview":"max-image-preview:large","max-video-preview":"max-video-preview:-1"},"canonical":"https:\/\/lisakroeber.com\/de\/produkt\/art-halsschmuck-pearling\/","og_locale":"de_DE","og_type":"article","og_title":"ART Halsschmuck Pearling - Lisa Kroeber Jewellery Art","og_description":"Pearlings HalsschmuckUnique. Poetic. One of a kind.  Die Pearlings Halskette geh\u00f6rt zur Unique Art Pieces Kollektion. Ein einzigartiges Schmuckst\u00fcck, geschaffen als stiller Dialog zwischen Vergangenheit und Gegenwart. Skulpturale Silberelemente treffen auf organisch geformte S\u00fc\u00dfwasserperlen und verbinden Kontrast und Harmonie zugleich. Geometrische Formen begegnen weichen, unregelm\u00e4\u00dfigen Perlen und erzeugen einen Rhythmus, der zugleich strukturiert und intuitiv wirkt. Jedes Element besitzt seine eigene Stimme, gemeinsam jedoch entsteht ein ausgewogenes Ganzes. Die Pearlings Kette ist ein Einzelst\u00fcck, ein einzelner Moment, eingefangen in Schmuck, ein St\u00fcck, das den Geist von Entdeckung, Ver\u00e4nderung und Handwerkskunst in sich tr\u00e4gt. Geschaffen, um als Kunstwerk getragen zu werden, nicht nur als Accessoire. Kollektion: Unique Art Pieces Materialien: Sterlingsilber, Perlen, Seide L\u00e4nge: 47,5cm Gewicht: Der Schmuck wird innerhalb von 1\u20135 Werktagen versendet. Die Halskette wird in einer Geschenkbox geliefert.","og_url":"https:\/\/lisakroeber.com\/de\/produkt\/art-halsschmuck-pearling\/","og_site_name":"Lisa Kroeber Jewellery Art","article_modified_time":"2026-01-23T15:11:18+00:00","og_image":[{"width":2560,"height":2560,"url":"https:\/\/lisakroeber.com\/wp-content\/uploads\/2026\/01\/Pearlings-ART-scaled.jpg","type":"image\/jpeg"}],"twitter_card":"summary_large_image","schema":{"@context":"https:\/\/schema.org","@graph":[{"@type":"WebPage","@id":"https:\/\/lisakroeber.com\/de\/produkt\/art-halsschmuck-pearling\/","url":"https:\/\/lisakroeber.com\/de\/produkt\/art-halsschmuck-pearling\/","name":"ART Halsschmuck Pearling - Lisa Kroeber Jewellery Art","isPartOf":{"@id":"https:\/\/lisakroeber.com\/#website"},"primaryImageOfPage":{"@id":"https:\/\/lisakroeber.com\/de\/produkt\/art-halsschmuck-pearling\/#primaryimage"},"image":{"@id":"https:\/\/lisakroeber.com\/de\/produkt\/art-halsschmuck-pearling\/#primaryimage"},"thumbnailUrl":"https:\/\/lisakroeber.com\/wp-content\/uploads\/2026\/01\/Pearlings-ART-scaled.jpg","datePublished":"2026-01-22T08:40:26+00:00","dateModified":"2026-01-23T15:11:18+00:00","breadcrumb":{"@id":"https:\/\/lisakroeber.com\/de\/produkt\/art-halsschmuck-pearling\/#breadcrumb"},"inLanguage":"de","potentialAction":[{"@type":"ReadAction","target":["https:\/\/lisakroeber.com\/de\/produkt\/art-halsschmuck-pearling\/"]}]},{"@type":"ImageObject","inLanguage":"de","@id":"https:\/\/lisakroeber.com\/de\/produkt\/art-halsschmuck-pearling\/#primaryimage","url":"https:\/\/lisakroeber.com\/wp-content\/uploads\/2026\/01\/Pearlings-ART-scaled.jpg","contentUrl":"https:\/\/lisakroeber.com\/wp-content\/uploads\/2026\/01\/Pearlings-ART-scaled.jpg","width":2560,"height":2560},{"@type":"BreadcrumbList","@id":"https:\/\/lisakroeber.com\/de\/produkt\/art-halsschmuck-pearling\/#breadcrumb","itemListElement":[{"@type":"ListItem","position":1,"name":"Home","item":"https:\/\/lisakroeber.com\/de\/"},{"@type":"ListItem","position":2,"name":"Gesch\u00e4ft","item":"https:\/\/lisakroeber.com\/de\/geschaeft\/"},{"@type":"ListItem","position":3,"name":"ART Halsschmuck Pearling"}]},{"@type":"WebSite","@id":"https:\/\/lisakroeber.com\/#website","url":"https:\/\/lisakroeber.com\/","name":"Lisa Kroeber Jewellery Art","description":"Lisa Kroeber Jewellery Art e-shop","publisher":{"@id":"https:\/\/lisakroeber.com\/#organization"},"potentialAction":[{"@type":"SearchAction","target":{"@type":"EntryPoint","urlTemplate":"https:\/\/lisakroeber.com\/?s={search_term_string}"},"query-input":{"@type":"PropertyValueSpecification","valueRequired":true,"valueName":"search_term_string"}}],"inLanguage":"de"},{"@type":"Organization","@id":"https:\/\/lisakroeber.com\/#organization","name":"Lisa Kroeber Jewellery","url":"https:\/\/lisakroeber.com\/","logo":{"@type":"ImageObject","inLanguage":"de","@id":"https:\/\/lisakroeber.com\/#\/schema\/logo\/image\/","url":"https:\/\/lisakroeber.com\/wp-content\/uploads\/2024\/07\/47178367_317322115661289_143956003702964224_n-e1543863670541.svg","contentUrl":"https:\/\/lisakroeber.com\/wp-content\/uploads\/2024\/07\/47178367_317322115661289_143956003702964224_n-e1543863670541.svg","width":1,"height":1,"caption":"Lisa Kroeber Jewellery"},"image":{"@id":"https:\/\/lisakroeber.com\/#\/schema\/logo\/image\/"}}]}},"_links":{"self":[{"href":"https:\/\/lisakroeber.com\/de\/wp-json\/wp\/v2\/product\/310514","targetHints":{"allow":["GET"]}}],"collection":[{"href":"https:\/\/lisakroeber.com\/de\/wp-json\/wp\/v2\/product"}],"about":[{"href":"https:\/\/lisakroeber.com\/de\/wp-json\/wp\/v2\/types\/product"}],"wp:featuredmedia":[{"embeddable":true,"href":"https:\/\/lisakroeber.com\/de\/wp-json\/wp\/v2\/media\/310268"}],"wp:attachment":[{"href":"https:\/\/lisakroeber.com\/de\/wp-json\/wp\/v2\/media?parent=310514"}],"wp:term":[{"taxonomy":"product_brand","embeddable":true,"href":"https:\/\/lisakroeber.com\/de\/wp-json\/wp\/v2\/product_brand?post=310514"},{"taxonomy":"product_cat","embeddable":true,"href":"https:\/\/lisakroeber.com\/de\/wp-json\/wp\/v2\/product_cat?post=310514"},{"taxonomy":"product_tag","embeddable":true,"href":"https:\/\/lisakroeber.com\/de\/wp-json\/wp\/v2\/product_tag?post=310514"}],"curies":[{"name":"wp","href":"https:\/\/api.w.org\/{rel}","templated":true}]}}