{"id":310515,"date":"2026-01-22T16:36:54","date_gmt":"2026-01-22T14:36:54","guid":{"rendered":"https:\/\/lisakroeber.com\/product\/art-halsschmuck-mini\/"},"modified":"2026-01-28T11:38:55","modified_gmt":"2026-01-28T09:38:55","slug":"art-halsschmuck-mini","status":"publish","type":"product","link":"https:\/\/lisakroeber.com\/de\/produkt\/art-halsschmuck-mini\/","title":{"rendered":"ART Halsschmuck Mini"},"content":{"rendered":"","protected":false},"excerpt":{"rendered":"<p data-start=\"0\" data-end=\"53\"><strong data-start=\"0\" data-end=\"17\">Mini Halsschmuck<\/strong><br data-start=\"17\" data-end=\"20\"><br \/>Die Mini Halskette ist Teil der Unique Art Pieces Kollektion und wurde als einzigartiges Experiment mit Rhythmus, Bewegung und Transformation geschaffen. Inspiriert von meiner fr\u00fcheren Mini-Serie spielt dieses Schmuckst\u00fcck mit Wiederholung und Variation und verwandelt die Mini-Elemente in eine flie\u00dfende, lebendige Struktur. <\/p>\n<p data-start=\"350\" data-end=\"641\">Mit ihrer gro\u00dfz\u00fcgigen L\u00e4nge von 228 cm l\u00e4dt die Halskette zur Interaktion ein. Sie ist nicht zu \u00f6ffnen, kann jedoch ein-, zwei- oder dreifach um den Hals getragen werden und erzeugt so v\u00f6llig unterschiedliche Looks: von lang und grafisch bis hin zu geschichtet und skulptural. Jede Trageweise offenbart einen neuen Charakter.  <\/p>\n<p data-start=\"904\" data-end=\"1008\" data-is-last-node=\"\" data-is-only-node=\"\">Diese Halskette existiert nur ein einziges Mal.<br \/>\n<br data-start=\"935\" data-end=\"938\"><\/p>\n<p>Kollektion: Unique Art Pieces<\/p>\n<p>Materialien: pulverbeschichtetes Messing, Edelstahl, Sterlingsilber<\/p>\n<p>L\u00e4nge: 228cm<\/p>\n<p>Gewicht: 168,84g<\/p>\n<p>Der Schmuck wird innerhalb von 1\u20135 Werktagen versendet.<\/p>\n<p>Die Halskette wird in einer Geschenkbox geliefert.<\/p>\n","protected":false},"featured_media":310282,"template":"","meta":{"content-type":""},"product_brand":[],"product_cat":[349,461,1285],"product_tag":[],"class_list":{"0":"post-310515","1":"product","2":"type-product","3":"status-publish","4":"has-post-thumbnail","6":"product_cat-halsschmuck","7":"product_cat-mini-de","8":"product_cat-unikate","10":"first","11":"instock","12":"taxable","13":"shipping-taxable","14":"purchasable","15":"product-type-simple"},"yoast_head":"<!-- This site is optimized with the Yoast SEO plugin v27.3 - https:\/\/yoast.com\/product\/yoast-seo-wordpress\/ -->\n<title>ART Halsschmuck Mini - Lisa Kroeber Jewellery Art<\/title>\n<meta name=\"robots\" content=\"index, follow, max-snippet:-1, max-image-preview:large, max-video-preview:-1\" \/>\n<link rel=\"canonical\" href=\"https:\/\/lisakroeber.com\/de\/produkt\/art-halsschmuck-mini\/\" \/>\n<meta property=\"og:locale\" content=\"de_DE\" \/>\n<meta property=\"og:type\" content=\"article\" \/>\n<meta property=\"og:title\" content=\"ART Halsschmuck Mini - Lisa Kroeber Jewellery Art\" \/>\n<meta property=\"og:description\" content=\"Mini HalsschmuckDie Mini Halskette ist Teil der Unique Art Pieces Kollektion und wurde als einzigartiges Experiment mit Rhythmus, Bewegung und Transformation geschaffen. Inspiriert von meiner fr\u00fcheren Mini-Serie spielt dieses Schmuckst\u00fcck mit Wiederholung und Variation und verwandelt die Mini-Elemente in eine flie\u00dfende, lebendige Struktur. Mit ihrer gro\u00dfz\u00fcgigen L\u00e4nge von 228 cm l\u00e4dt die Halskette zur Interaktion ein. Sie ist nicht zu \u00f6ffnen, kann jedoch ein-, zwei- oder dreifach um den Hals getragen werden und erzeugt so v\u00f6llig unterschiedliche Looks: von lang und grafisch bis hin zu geschichtet und skulptural. Jede Trageweise offenbart einen neuen Charakter.  Diese Halskette existiert nur ein einziges Mal. Kollektion: Unique Art Pieces Materialien: pulverbeschichtetes Messing, Edelstahl, Sterlingsilber L\u00e4nge: 228cm Gewicht: 168,84g Der Schmuck wird innerhalb von 1\u20135 Werktagen versendet. Die Halskette wird in einer Geschenkbox geliefert.\" \/>\n<meta property=\"og:url\" content=\"https:\/\/lisakroeber.com\/de\/produkt\/art-halsschmuck-mini\/\" \/>\n<meta property=\"og:site_name\" content=\"Lisa Kroeber Jewellery Art\" \/>\n<meta property=\"article:modified_time\" content=\"2026-01-28T09:38:55+00:00\" \/>\n<meta property=\"og:image\" content=\"https:\/\/lisakroeber.com\/wp-content\/uploads\/2026\/01\/MN-ART-scaled.jpg\" \/>\n\t<meta property=\"og:image:width\" content=\"2560\" \/>\n\t<meta property=\"og:image:height\" content=\"2560\" \/>\n\t<meta property=\"og:image:type\" content=\"image\/jpeg\" \/>\n<meta name=\"twitter:card\" content=\"summary_large_image\" \/>\n<script type=\"application\/ld+json\" class=\"yoast-schema-graph\">{\"@context\":\"https:\\\/\\\/schema.org\",\"@graph\":[{\"@type\":\"WebPage\",\"@id\":\"https:\\\/\\\/lisakroeber.com\\\/de\\\/produkt\\\/art-halsschmuck-mini\\\/\",\"url\":\"https:\\\/\\\/lisakroeber.com\\\/de\\\/produkt\\\/art-halsschmuck-mini\\\/\",\"name\":\"ART Halsschmuck Mini - Lisa Kroeber Jewellery Art\",\"isPartOf\":{\"@id\":\"https:\\\/\\\/lisakroeber.com\\\/#website\"},\"primaryImageOfPage\":{\"@id\":\"https:\\\/\\\/lisakroeber.com\\\/de\\\/produkt\\\/art-halsschmuck-mini\\\/#primaryimage\"},\"image\":{\"@id\":\"https:\\\/\\\/lisakroeber.com\\\/de\\\/produkt\\\/art-halsschmuck-mini\\\/#primaryimage\"},\"thumbnailUrl\":\"https:\\\/\\\/lisakroeber.com\\\/wp-content\\\/uploads\\\/2026\\\/01\\\/MN-ART-scaled.jpg\",\"datePublished\":\"2026-01-22T14:36:54+00:00\",\"dateModified\":\"2026-01-28T09:38:55+00:00\",\"breadcrumb\":{\"@id\":\"https:\\\/\\\/lisakroeber.com\\\/de\\\/produkt\\\/art-halsschmuck-mini\\\/#breadcrumb\"},\"inLanguage\":\"de\",\"potentialAction\":[{\"@type\":\"ReadAction\",\"target\":[\"https:\\\/\\\/lisakroeber.com\\\/de\\\/produkt\\\/art-halsschmuck-mini\\\/\"]}]},{\"@type\":\"ImageObject\",\"inLanguage\":\"de\",\"@id\":\"https:\\\/\\\/lisakroeber.com\\\/de\\\/produkt\\\/art-halsschmuck-mini\\\/#primaryimage\",\"url\":\"https:\\\/\\\/lisakroeber.com\\\/wp-content\\\/uploads\\\/2026\\\/01\\\/MN-ART-scaled.jpg\",\"contentUrl\":\"https:\\\/\\\/lisakroeber.com\\\/wp-content\\\/uploads\\\/2026\\\/01\\\/MN-ART-scaled.jpg\",\"width\":2560,\"height\":2560},{\"@type\":\"BreadcrumbList\",\"@id\":\"https:\\\/\\\/lisakroeber.com\\\/de\\\/produkt\\\/art-halsschmuck-mini\\\/#breadcrumb\",\"itemListElement\":[{\"@type\":\"ListItem\",\"position\":1,\"name\":\"Home\",\"item\":\"https:\\\/\\\/lisakroeber.com\\\/de\\\/\"},{\"@type\":\"ListItem\",\"position\":2,\"name\":\"Gesch\u00e4ft\",\"item\":\"https:\\\/\\\/lisakroeber.com\\\/de\\\/geschaeft\\\/\"},{\"@type\":\"ListItem\",\"position\":3,\"name\":\"ART Halsschmuck Mini\"}]},{\"@type\":\"WebSite\",\"@id\":\"https:\\\/\\\/lisakroeber.com\\\/#website\",\"url\":\"https:\\\/\\\/lisakroeber.com\\\/\",\"name\":\"Lisa Kroeber Jewellery Art\",\"description\":\"Lisa Kroeber Jewellery Art e-shop\",\"publisher\":{\"@id\":\"https:\\\/\\\/lisakroeber.com\\\/#organization\"},\"potentialAction\":[{\"@type\":\"SearchAction\",\"target\":{\"@type\":\"EntryPoint\",\"urlTemplate\":\"https:\\\/\\\/lisakroeber.com\\\/?s={search_term_string}\"},\"query-input\":{\"@type\":\"PropertyValueSpecification\",\"valueRequired\":true,\"valueName\":\"search_term_string\"}}],\"inLanguage\":\"de\"},{\"@type\":\"Organization\",\"@id\":\"https:\\\/\\\/lisakroeber.com\\\/#organization\",\"name\":\"Lisa Kroeber Jewellery\",\"url\":\"https:\\\/\\\/lisakroeber.com\\\/\",\"logo\":{\"@type\":\"ImageObject\",\"inLanguage\":\"de\",\"@id\":\"https:\\\/\\\/lisakroeber.com\\\/#\\\/schema\\\/logo\\\/image\\\/\",\"url\":\"https:\\\/\\\/lisakroeber.com\\\/wp-content\\\/uploads\\\/2024\\\/07\\\/47178367_317322115661289_143956003702964224_n-e1543863670541.svg\",\"contentUrl\":\"https:\\\/\\\/lisakroeber.com\\\/wp-content\\\/uploads\\\/2024\\\/07\\\/47178367_317322115661289_143956003702964224_n-e1543863670541.svg\",\"width\":1,\"height\":1,\"caption\":\"Lisa Kroeber Jewellery\"},\"image\":{\"@id\":\"https:\\\/\\\/lisakroeber.com\\\/#\\\/schema\\\/logo\\\/image\\\/\"}}]}<\/script>\n<!-- \/ Yoast SEO plugin. -->","yoast_head_json":{"title":"ART Halsschmuck Mini - Lisa Kroeber Jewellery Art","robots":{"index":"index","follow":"follow","max-snippet":"max-snippet:-1","max-image-preview":"max-image-preview:large","max-video-preview":"max-video-preview:-1"},"canonical":"https:\/\/lisakroeber.com\/de\/produkt\/art-halsschmuck-mini\/","og_locale":"de_DE","og_type":"article","og_title":"ART Halsschmuck Mini - Lisa Kroeber Jewellery Art","og_description":"Mini HalsschmuckDie Mini Halskette ist Teil der Unique Art Pieces Kollektion und wurde als einzigartiges Experiment mit Rhythmus, Bewegung und Transformation geschaffen. Inspiriert von meiner fr\u00fcheren Mini-Serie spielt dieses Schmuckst\u00fcck mit Wiederholung und Variation und verwandelt die Mini-Elemente in eine flie\u00dfende, lebendige Struktur. Mit ihrer gro\u00dfz\u00fcgigen L\u00e4nge von 228 cm l\u00e4dt die Halskette zur Interaktion ein. Sie ist nicht zu \u00f6ffnen, kann jedoch ein-, zwei- oder dreifach um den Hals getragen werden und erzeugt so v\u00f6llig unterschiedliche Looks: von lang und grafisch bis hin zu geschichtet und skulptural. Jede Trageweise offenbart einen neuen Charakter.  Diese Halskette existiert nur ein einziges Mal. Kollektion: Unique Art Pieces Materialien: pulverbeschichtetes Messing, Edelstahl, Sterlingsilber L\u00e4nge: 228cm Gewicht: 168,84g Der Schmuck wird innerhalb von 1\u20135 Werktagen versendet. Die Halskette wird in einer Geschenkbox geliefert.","og_url":"https:\/\/lisakroeber.com\/de\/produkt\/art-halsschmuck-mini\/","og_site_name":"Lisa Kroeber Jewellery Art","article_modified_time":"2026-01-28T09:38:55+00:00","og_image":[{"width":2560,"height":2560,"url":"https:\/\/lisakroeber.com\/wp-content\/uploads\/2026\/01\/MN-ART-scaled.jpg","type":"image\/jpeg"}],"twitter_card":"summary_large_image","schema":{"@context":"https:\/\/schema.org","@graph":[{"@type":"WebPage","@id":"https:\/\/lisakroeber.com\/de\/produkt\/art-halsschmuck-mini\/","url":"https:\/\/lisakroeber.com\/de\/produkt\/art-halsschmuck-mini\/","name":"ART Halsschmuck Mini - Lisa Kroeber Jewellery Art","isPartOf":{"@id":"https:\/\/lisakroeber.com\/#website"},"primaryImageOfPage":{"@id":"https:\/\/lisakroeber.com\/de\/produkt\/art-halsschmuck-mini\/#primaryimage"},"image":{"@id":"https:\/\/lisakroeber.com\/de\/produkt\/art-halsschmuck-mini\/#primaryimage"},"thumbnailUrl":"https:\/\/lisakroeber.com\/wp-content\/uploads\/2026\/01\/MN-ART-scaled.jpg","datePublished":"2026-01-22T14:36:54+00:00","dateModified":"2026-01-28T09:38:55+00:00","breadcrumb":{"@id":"https:\/\/lisakroeber.com\/de\/produkt\/art-halsschmuck-mini\/#breadcrumb"},"inLanguage":"de","potentialAction":[{"@type":"ReadAction","target":["https:\/\/lisakroeber.com\/de\/produkt\/art-halsschmuck-mini\/"]}]},{"@type":"ImageObject","inLanguage":"de","@id":"https:\/\/lisakroeber.com\/de\/produkt\/art-halsschmuck-mini\/#primaryimage","url":"https:\/\/lisakroeber.com\/wp-content\/uploads\/2026\/01\/MN-ART-scaled.jpg","contentUrl":"https:\/\/lisakroeber.com\/wp-content\/uploads\/2026\/01\/MN-ART-scaled.jpg","width":2560,"height":2560},{"@type":"BreadcrumbList","@id":"https:\/\/lisakroeber.com\/de\/produkt\/art-halsschmuck-mini\/#breadcrumb","itemListElement":[{"@type":"ListItem","position":1,"name":"Home","item":"https:\/\/lisakroeber.com\/de\/"},{"@type":"ListItem","position":2,"name":"Gesch\u00e4ft","item":"https:\/\/lisakroeber.com\/de\/geschaeft\/"},{"@type":"ListItem","position":3,"name":"ART Halsschmuck Mini"}]},{"@type":"WebSite","@id":"https:\/\/lisakroeber.com\/#website","url":"https:\/\/lisakroeber.com\/","name":"Lisa Kroeber Jewellery Art","description":"Lisa Kroeber Jewellery Art e-shop","publisher":{"@id":"https:\/\/lisakroeber.com\/#organization"},"potentialAction":[{"@type":"SearchAction","target":{"@type":"EntryPoint","urlTemplate":"https:\/\/lisakroeber.com\/?s={search_term_string}"},"query-input":{"@type":"PropertyValueSpecification","valueRequired":true,"valueName":"search_term_string"}}],"inLanguage":"de"},{"@type":"Organization","@id":"https:\/\/lisakroeber.com\/#organization","name":"Lisa Kroeber Jewellery","url":"https:\/\/lisakroeber.com\/","logo":{"@type":"ImageObject","inLanguage":"de","@id":"https:\/\/lisakroeber.com\/#\/schema\/logo\/image\/","url":"https:\/\/lisakroeber.com\/wp-content\/uploads\/2024\/07\/47178367_317322115661289_143956003702964224_n-e1543863670541.svg","contentUrl":"https:\/\/lisakroeber.com\/wp-content\/uploads\/2024\/07\/47178367_317322115661289_143956003702964224_n-e1543863670541.svg","width":1,"height":1,"caption":"Lisa Kroeber Jewellery"},"image":{"@id":"https:\/\/lisakroeber.com\/#\/schema\/logo\/image\/"}}]}},"_links":{"self":[{"href":"https:\/\/lisakroeber.com\/de\/wp-json\/wp\/v2\/product\/310515","targetHints":{"allow":["GET"]}}],"collection":[{"href":"https:\/\/lisakroeber.com\/de\/wp-json\/wp\/v2\/product"}],"about":[{"href":"https:\/\/lisakroeber.com\/de\/wp-json\/wp\/v2\/types\/product"}],"wp:featuredmedia":[{"embeddable":true,"href":"https:\/\/lisakroeber.com\/de\/wp-json\/wp\/v2\/media\/310282"}],"wp:attachment":[{"href":"https:\/\/lisakroeber.com\/de\/wp-json\/wp\/v2\/media?parent=310515"}],"wp:term":[{"taxonomy":"product_brand","embeddable":true,"href":"https:\/\/lisakroeber.com\/de\/wp-json\/wp\/v2\/product_brand?post=310515"},{"taxonomy":"product_cat","embeddable":true,"href":"https:\/\/lisakroeber.com\/de\/wp-json\/wp\/v2\/product_cat?post=310515"},{"taxonomy":"product_tag","embeddable":true,"href":"https:\/\/lisakroeber.com\/de\/wp-json\/wp\/v2\/product_tag?post=310515"}],"curies":[{"name":"wp","href":"https:\/\/api.w.org\/{rel}","templated":true}]}}