{"id":310523,"date":"2026-01-22T11:19:16","date_gmt":"2026-01-22T09:19:16","guid":{"rendered":"https:\/\/lisakroeber.com\/product\/art-ohrschmuck-leaves-i\/"},"modified":"2026-01-28T14:40:15","modified_gmt":"2026-01-28T12:40:15","slug":"art-ohrschmuck-leaves-i","status":"publish","type":"product","link":"https:\/\/lisakroeber.com\/de\/produkt\/art-ohrschmuck-leaves-i\/","title":{"rendered":"ART Ohrschmuck Leaves I"},"content":{"rendered":"","protected":false},"excerpt":{"rendered":"<p data-start=\"0\" data-end=\"47\"><strong data-start=\"0\" data-end=\"19\">Leaves Ohrschmuck I<\/strong><br data-start=\"19\" data-end=\"22\">Einzigartig. Geschichtet. Lebendig.  <\/p>\n<p data-start=\"49\" data-end=\"312\">Leaves Ohrrschmuck ist Teil der Unique Art Pieces Kollektion, die als eine neue, k\u00fcnstlerische Interpretation der bekannten Blattform geschaffen wurde. Verwurzelt in einer fr\u00fcheren Serie, erforscht dieses St\u00fcck, wie sich eine bekannte Form durch Schichtung, Bewegung und Farbe entwickeln kann. <\/p>\n<p data-start=\"314\" data-end=\"577\">Die l\u00e4nglichen Blattelemente \u00fcberlappen und verschieben sich und erzeugen so ein Gef\u00fchl von Rhythmus und nat\u00fcrlicher Bewegung. Leicht und dynamisch f\u00fchlen sich die Ohrringe fast wie in Bewegung an, wie Bl\u00e4tter, die in einer leisen Brise gefangen sind. Der Dialog zwischen Form und Farbe l\u00e4sst jeden Winkel etwas Neues offenbaren.  <\/p>\n<p data-start=\"579\" data-end=\"759\" data-is-last-node=\"\" data-is-only-node=\"\">Diese Ohrringe existieren als ein einzelnes Kunstwerk, das im Geiste des Experimentierens und der Reflexion geschaffen wurde.<\/p>\n<p>Kollektion: Unique Art Pieces<\/p>\n<p>Materialien: pulverbeschichtetes Messing, Sterlingsilber<\/p>\n<p>Gr\u00f6\u00dfe: 2 cm x 11 cm<\/p>\n<p>Gewicht: 11,30 g<\/p>\n<p>Der Schmuck wird innerhalb von 1\u20135 Werktagen versendet.<\/p>\n<p>Die Kette wird in einer Geschenkbox geliefert.<\/p>\n","protected":false},"featured_media":310272,"template":"","meta":{"content-type":""},"product_brand":[],"product_cat":[442,344,1285],"product_tag":[],"class_list":{"0":"post-310523","1":"product","2":"type-product","3":"status-publish","4":"has-post-thumbnail","6":"product_cat-leaves-de","7":"product_cat-ohrschmuck","8":"product_cat-unikate","10":"first","11":"instock","12":"taxable","13":"shipping-taxable","14":"purchasable","15":"product-type-simple"},"yoast_head":"<!-- This site is optimized with the Yoast SEO plugin v27.3 - https:\/\/yoast.com\/product\/yoast-seo-wordpress\/ -->\n<title>ART Ohrschmuck Leaves I - Lisa Kroeber Jewellery Art<\/title>\n<meta name=\"robots\" content=\"index, follow, max-snippet:-1, max-image-preview:large, max-video-preview:-1\" \/>\n<link rel=\"canonical\" href=\"https:\/\/lisakroeber.com\/de\/produkt\/art-ohrschmuck-leaves-i\/\" \/>\n<meta property=\"og:locale\" content=\"de_DE\" \/>\n<meta property=\"og:type\" content=\"article\" \/>\n<meta property=\"og:title\" content=\"ART Ohrschmuck Leaves I - Lisa Kroeber Jewellery Art\" \/>\n<meta property=\"og:description\" content=\"Leaves Ohrschmuck IEinzigartig. Geschichtet. Lebendig.  Leaves Ohrrschmuck ist Teil der Unique Art Pieces Kollektion, die als eine neue, k\u00fcnstlerische Interpretation der bekannten Blattform geschaffen wurde. Verwurzelt in einer fr\u00fcheren Serie, erforscht dieses St\u00fcck, wie sich eine bekannte Form durch Schichtung, Bewegung und Farbe entwickeln kann. Die l\u00e4nglichen Blattelemente \u00fcberlappen und verschieben sich und erzeugen so ein Gef\u00fchl von Rhythmus und nat\u00fcrlicher Bewegung. Leicht und dynamisch f\u00fchlen sich die Ohrringe fast wie in Bewegung an, wie Bl\u00e4tter, die in einer leisen Brise gefangen sind. Der Dialog zwischen Form und Farbe l\u00e4sst jeden Winkel etwas Neues offenbaren.  Diese Ohrringe existieren als ein einzelnes Kunstwerk, das im Geiste des Experimentierens und der Reflexion geschaffen wurde. Kollektion: Unique Art Pieces Materialien: pulverbeschichtetes Messing, Sterlingsilber Gr\u00f6\u00dfe: 2 cm x 11 cm Gewicht: 11,30 g Der Schmuck wird innerhalb von 1\u20135 Werktagen versendet. Die Kette wird in einer Geschenkbox geliefert.\" \/>\n<meta property=\"og:url\" content=\"https:\/\/lisakroeber.com\/de\/produkt\/art-ohrschmuck-leaves-i\/\" \/>\n<meta property=\"og:site_name\" content=\"Lisa Kroeber Jewellery Art\" \/>\n<meta property=\"article:modified_time\" content=\"2026-01-28T12:40:15+00:00\" \/>\n<meta property=\"og:image\" content=\"https:\/\/lisakroeber.com\/wp-content\/uploads\/2026\/01\/Leaves-grun-ART-scaled.jpg\" \/>\n\t<meta property=\"og:image:width\" content=\"2560\" \/>\n\t<meta property=\"og:image:height\" content=\"2560\" \/>\n\t<meta property=\"og:image:type\" content=\"image\/jpeg\" \/>\n<meta name=\"twitter:card\" content=\"summary_large_image\" \/>\n<script type=\"application\/ld+json\" class=\"yoast-schema-graph\">{\"@context\":\"https:\\\/\\\/schema.org\",\"@graph\":[{\"@type\":\"WebPage\",\"@id\":\"https:\\\/\\\/lisakroeber.com\\\/de\\\/produkt\\\/art-ohrschmuck-leaves-i\\\/\",\"url\":\"https:\\\/\\\/lisakroeber.com\\\/de\\\/produkt\\\/art-ohrschmuck-leaves-i\\\/\",\"name\":\"ART Ohrschmuck Leaves I - Lisa Kroeber Jewellery Art\",\"isPartOf\":{\"@id\":\"https:\\\/\\\/lisakroeber.com\\\/#website\"},\"primaryImageOfPage\":{\"@id\":\"https:\\\/\\\/lisakroeber.com\\\/de\\\/produkt\\\/art-ohrschmuck-leaves-i\\\/#primaryimage\"},\"image\":{\"@id\":\"https:\\\/\\\/lisakroeber.com\\\/de\\\/produkt\\\/art-ohrschmuck-leaves-i\\\/#primaryimage\"},\"thumbnailUrl\":\"https:\\\/\\\/lisakroeber.com\\\/wp-content\\\/uploads\\\/2026\\\/01\\\/Leaves-grun-ART-scaled.jpg\",\"datePublished\":\"2026-01-22T09:19:16+00:00\",\"dateModified\":\"2026-01-28T12:40:15+00:00\",\"breadcrumb\":{\"@id\":\"https:\\\/\\\/lisakroeber.com\\\/de\\\/produkt\\\/art-ohrschmuck-leaves-i\\\/#breadcrumb\"},\"inLanguage\":\"de\",\"potentialAction\":[{\"@type\":\"ReadAction\",\"target\":[\"https:\\\/\\\/lisakroeber.com\\\/de\\\/produkt\\\/art-ohrschmuck-leaves-i\\\/\"]}]},{\"@type\":\"ImageObject\",\"inLanguage\":\"de\",\"@id\":\"https:\\\/\\\/lisakroeber.com\\\/de\\\/produkt\\\/art-ohrschmuck-leaves-i\\\/#primaryimage\",\"url\":\"https:\\\/\\\/lisakroeber.com\\\/wp-content\\\/uploads\\\/2026\\\/01\\\/Leaves-grun-ART-scaled.jpg\",\"contentUrl\":\"https:\\\/\\\/lisakroeber.com\\\/wp-content\\\/uploads\\\/2026\\\/01\\\/Leaves-grun-ART-scaled.jpg\",\"width\":2560,\"height\":2560},{\"@type\":\"BreadcrumbList\",\"@id\":\"https:\\\/\\\/lisakroeber.com\\\/de\\\/produkt\\\/art-ohrschmuck-leaves-i\\\/#breadcrumb\",\"itemListElement\":[{\"@type\":\"ListItem\",\"position\":1,\"name\":\"Home\",\"item\":\"https:\\\/\\\/lisakroeber.com\\\/de\\\/\"},{\"@type\":\"ListItem\",\"position\":2,\"name\":\"Gesch\u00e4ft\",\"item\":\"https:\\\/\\\/lisakroeber.com\\\/de\\\/geschaeft\\\/\"},{\"@type\":\"ListItem\",\"position\":3,\"name\":\"ART Ohrschmuck Leaves I\"}]},{\"@type\":\"WebSite\",\"@id\":\"https:\\\/\\\/lisakroeber.com\\\/#website\",\"url\":\"https:\\\/\\\/lisakroeber.com\\\/\",\"name\":\"Lisa Kroeber Jewellery Art\",\"description\":\"Lisa Kroeber Jewellery Art e-shop\",\"publisher\":{\"@id\":\"https:\\\/\\\/lisakroeber.com\\\/#organization\"},\"potentialAction\":[{\"@type\":\"SearchAction\",\"target\":{\"@type\":\"EntryPoint\",\"urlTemplate\":\"https:\\\/\\\/lisakroeber.com\\\/?s={search_term_string}\"},\"query-input\":{\"@type\":\"PropertyValueSpecification\",\"valueRequired\":true,\"valueName\":\"search_term_string\"}}],\"inLanguage\":\"de\"},{\"@type\":\"Organization\",\"@id\":\"https:\\\/\\\/lisakroeber.com\\\/#organization\",\"name\":\"Lisa Kroeber Jewellery\",\"url\":\"https:\\\/\\\/lisakroeber.com\\\/\",\"logo\":{\"@type\":\"ImageObject\",\"inLanguage\":\"de\",\"@id\":\"https:\\\/\\\/lisakroeber.com\\\/#\\\/schema\\\/logo\\\/image\\\/\",\"url\":\"https:\\\/\\\/lisakroeber.com\\\/wp-content\\\/uploads\\\/2024\\\/07\\\/47178367_317322115661289_143956003702964224_n-e1543863670541.svg\",\"contentUrl\":\"https:\\\/\\\/lisakroeber.com\\\/wp-content\\\/uploads\\\/2024\\\/07\\\/47178367_317322115661289_143956003702964224_n-e1543863670541.svg\",\"width\":1,\"height\":1,\"caption\":\"Lisa Kroeber Jewellery\"},\"image\":{\"@id\":\"https:\\\/\\\/lisakroeber.com\\\/#\\\/schema\\\/logo\\\/image\\\/\"}}]}<\/script>\n<!-- \/ Yoast SEO plugin. -->","yoast_head_json":{"title":"ART Ohrschmuck Leaves I - Lisa Kroeber Jewellery Art","robots":{"index":"index","follow":"follow","max-snippet":"max-snippet:-1","max-image-preview":"max-image-preview:large","max-video-preview":"max-video-preview:-1"},"canonical":"https:\/\/lisakroeber.com\/de\/produkt\/art-ohrschmuck-leaves-i\/","og_locale":"de_DE","og_type":"article","og_title":"ART Ohrschmuck Leaves I - Lisa Kroeber Jewellery Art","og_description":"Leaves Ohrschmuck IEinzigartig. Geschichtet. Lebendig.  Leaves Ohrrschmuck ist Teil der Unique Art Pieces Kollektion, die als eine neue, k\u00fcnstlerische Interpretation der bekannten Blattform geschaffen wurde. Verwurzelt in einer fr\u00fcheren Serie, erforscht dieses St\u00fcck, wie sich eine bekannte Form durch Schichtung, Bewegung und Farbe entwickeln kann. Die l\u00e4nglichen Blattelemente \u00fcberlappen und verschieben sich und erzeugen so ein Gef\u00fchl von Rhythmus und nat\u00fcrlicher Bewegung. Leicht und dynamisch f\u00fchlen sich die Ohrringe fast wie in Bewegung an, wie Bl\u00e4tter, die in einer leisen Brise gefangen sind. Der Dialog zwischen Form und Farbe l\u00e4sst jeden Winkel etwas Neues offenbaren.  Diese Ohrringe existieren als ein einzelnes Kunstwerk, das im Geiste des Experimentierens und der Reflexion geschaffen wurde. Kollektion: Unique Art Pieces Materialien: pulverbeschichtetes Messing, Sterlingsilber Gr\u00f6\u00dfe: 2 cm x 11 cm Gewicht: 11,30 g Der Schmuck wird innerhalb von 1\u20135 Werktagen versendet. Die Kette wird in einer Geschenkbox geliefert.","og_url":"https:\/\/lisakroeber.com\/de\/produkt\/art-ohrschmuck-leaves-i\/","og_site_name":"Lisa Kroeber Jewellery Art","article_modified_time":"2026-01-28T12:40:15+00:00","og_image":[{"width":2560,"height":2560,"url":"https:\/\/lisakroeber.com\/wp-content\/uploads\/2026\/01\/Leaves-grun-ART-scaled.jpg","type":"image\/jpeg"}],"twitter_card":"summary_large_image","schema":{"@context":"https:\/\/schema.org","@graph":[{"@type":"WebPage","@id":"https:\/\/lisakroeber.com\/de\/produkt\/art-ohrschmuck-leaves-i\/","url":"https:\/\/lisakroeber.com\/de\/produkt\/art-ohrschmuck-leaves-i\/","name":"ART Ohrschmuck Leaves I - Lisa Kroeber Jewellery Art","isPartOf":{"@id":"https:\/\/lisakroeber.com\/#website"},"primaryImageOfPage":{"@id":"https:\/\/lisakroeber.com\/de\/produkt\/art-ohrschmuck-leaves-i\/#primaryimage"},"image":{"@id":"https:\/\/lisakroeber.com\/de\/produkt\/art-ohrschmuck-leaves-i\/#primaryimage"},"thumbnailUrl":"https:\/\/lisakroeber.com\/wp-content\/uploads\/2026\/01\/Leaves-grun-ART-scaled.jpg","datePublished":"2026-01-22T09:19:16+00:00","dateModified":"2026-01-28T12:40:15+00:00","breadcrumb":{"@id":"https:\/\/lisakroeber.com\/de\/produkt\/art-ohrschmuck-leaves-i\/#breadcrumb"},"inLanguage":"de","potentialAction":[{"@type":"ReadAction","target":["https:\/\/lisakroeber.com\/de\/produkt\/art-ohrschmuck-leaves-i\/"]}]},{"@type":"ImageObject","inLanguage":"de","@id":"https:\/\/lisakroeber.com\/de\/produkt\/art-ohrschmuck-leaves-i\/#primaryimage","url":"https:\/\/lisakroeber.com\/wp-content\/uploads\/2026\/01\/Leaves-grun-ART-scaled.jpg","contentUrl":"https:\/\/lisakroeber.com\/wp-content\/uploads\/2026\/01\/Leaves-grun-ART-scaled.jpg","width":2560,"height":2560},{"@type":"BreadcrumbList","@id":"https:\/\/lisakroeber.com\/de\/produkt\/art-ohrschmuck-leaves-i\/#breadcrumb","itemListElement":[{"@type":"ListItem","position":1,"name":"Home","item":"https:\/\/lisakroeber.com\/de\/"},{"@type":"ListItem","position":2,"name":"Gesch\u00e4ft","item":"https:\/\/lisakroeber.com\/de\/geschaeft\/"},{"@type":"ListItem","position":3,"name":"ART Ohrschmuck Leaves I"}]},{"@type":"WebSite","@id":"https:\/\/lisakroeber.com\/#website","url":"https:\/\/lisakroeber.com\/","name":"Lisa Kroeber Jewellery Art","description":"Lisa Kroeber Jewellery Art e-shop","publisher":{"@id":"https:\/\/lisakroeber.com\/#organization"},"potentialAction":[{"@type":"SearchAction","target":{"@type":"EntryPoint","urlTemplate":"https:\/\/lisakroeber.com\/?s={search_term_string}"},"query-input":{"@type":"PropertyValueSpecification","valueRequired":true,"valueName":"search_term_string"}}],"inLanguage":"de"},{"@type":"Organization","@id":"https:\/\/lisakroeber.com\/#organization","name":"Lisa Kroeber Jewellery","url":"https:\/\/lisakroeber.com\/","logo":{"@type":"ImageObject","inLanguage":"de","@id":"https:\/\/lisakroeber.com\/#\/schema\/logo\/image\/","url":"https:\/\/lisakroeber.com\/wp-content\/uploads\/2024\/07\/47178367_317322115661289_143956003702964224_n-e1543863670541.svg","contentUrl":"https:\/\/lisakroeber.com\/wp-content\/uploads\/2024\/07\/47178367_317322115661289_143956003702964224_n-e1543863670541.svg","width":1,"height":1,"caption":"Lisa Kroeber Jewellery"},"image":{"@id":"https:\/\/lisakroeber.com\/#\/schema\/logo\/image\/"}}]}},"_links":{"self":[{"href":"https:\/\/lisakroeber.com\/de\/wp-json\/wp\/v2\/product\/310523","targetHints":{"allow":["GET"]}}],"collection":[{"href":"https:\/\/lisakroeber.com\/de\/wp-json\/wp\/v2\/product"}],"about":[{"href":"https:\/\/lisakroeber.com\/de\/wp-json\/wp\/v2\/types\/product"}],"wp:featuredmedia":[{"embeddable":true,"href":"https:\/\/lisakroeber.com\/de\/wp-json\/wp\/v2\/media\/310272"}],"wp:attachment":[{"href":"https:\/\/lisakroeber.com\/de\/wp-json\/wp\/v2\/media?parent=310523"}],"wp:term":[{"taxonomy":"product_brand","embeddable":true,"href":"https:\/\/lisakroeber.com\/de\/wp-json\/wp\/v2\/product_brand?post=310523"},{"taxonomy":"product_cat","embeddable":true,"href":"https:\/\/lisakroeber.com\/de\/wp-json\/wp\/v2\/product_cat?post=310523"},{"taxonomy":"product_tag","embeddable":true,"href":"https:\/\/lisakroeber.com\/de\/wp-json\/wp\/v2\/product_tag?post=310523"}],"curies":[{"name":"wp","href":"https:\/\/api.w.org\/{rel}","templated":true}]}}