{"id":310525,"date":"2026-01-22T15:08:40","date_gmt":"2026-01-22T13:08:40","guid":{"rendered":"https:\/\/lisakroeber.com\/product\/art-ohrringe-roundy-gruen\/"},"modified":"2026-01-28T14:26:04","modified_gmt":"2026-01-28T12:26:04","slug":"art-ohrringe-roundy-gruen","status":"publish","type":"product","link":"https:\/\/lisakroeber.com\/de\/produkt\/art-ohrringe-roundy-gruen\/","title":{"rendered":"ART Ohrringe Roundy Gr\u00fcn"},"content":{"rendered":"","protected":false},"excerpt":{"rendered":"<p data-start=\"0\" data-end=\"49\"><strong data-start=\"0\" data-end=\"19\">Roundy Ohrringe<\/strong><br \/>\n<br data-start=\"19\" data-end=\"22\">Die Roundy Ohrringe geh\u00f6ren zur Unique Art Pieces Kollektion und wurden als einzigartige Interpretation meiner fr\u00fcheren Roundy Ohrringe geschaffen. Verwurzelt in einer fr\u00fcheren Serie erforscht dieses Schmuckst\u00fcck Balance, Harmonie und die Sch\u00f6nheit subtiler Kontraste. <\/p>\n<p data-start=\"290\" data-end=\"532\">Zwei kreisf\u00f6rmige Elemente treten in einen ruhigen Dialog: eine sanft get\u00f6nte Oberfl\u00e4che trifft auf einen funkelnden Stein. Die klare Geometrie h\u00e4lt das Design minimalistisch, w\u00e4hrend Licht und Reflexion Tiefe und Emotion verleihen. Eine behutsame Weiterentwicklung einer klassischen Form, transformiert durch Material, Farbe und Proportion.  <\/p>\n<p data-start=\"690\" data-end=\"890\" data-is-last-node=\"\" data-is-only-node=\"\">Dieses Paar existiert nur ein einziges Mal.<\/p>\n<p>Kollektion: Unique Art Pieces<\/p>\n<p>Materials: Corian, Sterlingsilber, Zirkonia<\/p>\n<p>Gr\u00f6\u00dfe: 1,6cm x 2,9cm<\/p>\n<p>Gewicht: 8,28g<\/p>\n<p>Der Schmuck wird innerhalb von 1\u20135 Werktagen versendet.<\/p>\n<p>Die Ohrringe werden in einer Geschenkbox geliefert.<\/p>\n","protected":false},"featured_media":310393,"template":"","meta":{"content-type":""},"product_brand":[],"product_cat":[344,468,1285],"product_tag":[],"class_list":{"0":"post-310525","1":"product","2":"type-product","3":"status-publish","4":"has-post-thumbnail","6":"product_cat-ohrschmuck","7":"product_cat-roundy-de","8":"product_cat-unikate","10":"first","11":"instock","12":"taxable","13":"shipping-taxable","14":"purchasable","15":"product-type-simple"},"yoast_head":"<!-- This site is optimized with the Yoast SEO plugin v27.3 - https:\/\/yoast.com\/product\/yoast-seo-wordpress\/ -->\n<title>ART Ohrringe Roundy Gr\u00fcn - Lisa Kroeber Jewellery Art<\/title>\n<meta name=\"robots\" content=\"index, follow, max-snippet:-1, max-image-preview:large, max-video-preview:-1\" \/>\n<link rel=\"canonical\" href=\"https:\/\/lisakroeber.com\/de\/produkt\/art-ohrringe-roundy-gruen\/\" \/>\n<meta property=\"og:locale\" content=\"de_DE\" \/>\n<meta property=\"og:type\" content=\"article\" \/>\n<meta property=\"og:title\" content=\"ART Ohrringe Roundy Gr\u00fcn - Lisa Kroeber Jewellery Art\" \/>\n<meta property=\"og:description\" content=\"Roundy Ohrringe Die Roundy Ohrringe geh\u00f6ren zur Unique Art Pieces Kollektion und wurden als einzigartige Interpretation meiner fr\u00fcheren Roundy Ohrringe geschaffen. Verwurzelt in einer fr\u00fcheren Serie erforscht dieses Schmuckst\u00fcck Balance, Harmonie und die Sch\u00f6nheit subtiler Kontraste. Zwei kreisf\u00f6rmige Elemente treten in einen ruhigen Dialog: eine sanft get\u00f6nte Oberfl\u00e4che trifft auf einen funkelnden Stein. Die klare Geometrie h\u00e4lt das Design minimalistisch, w\u00e4hrend Licht und Reflexion Tiefe und Emotion verleihen. Eine behutsame Weiterentwicklung einer klassischen Form, transformiert durch Material, Farbe und Proportion.  Dieses Paar existiert nur ein einziges Mal. Kollektion: Unique Art Pieces Materials: Corian, Sterlingsilber, Zirkonia Gr\u00f6\u00dfe: 1,6cm x 2,9cm Gewicht: 8,28g Der Schmuck wird innerhalb von 1\u20135 Werktagen versendet. Die Ohrringe werden in einer Geschenkbox geliefert.\" \/>\n<meta property=\"og:url\" content=\"https:\/\/lisakroeber.com\/de\/produkt\/art-ohrringe-roundy-gruen\/\" \/>\n<meta property=\"og:site_name\" content=\"Lisa Kroeber Jewellery Art\" \/>\n<meta property=\"article:modified_time\" content=\"2026-01-28T12:26:04+00:00\" \/>\n<meta property=\"og:image\" content=\"https:\/\/lisakroeber.com\/wp-content\/uploads\/2026\/01\/Roundy-green-2-scaled.jpg\" \/>\n\t<meta property=\"og:image:width\" content=\"2560\" \/>\n\t<meta property=\"og:image:height\" content=\"2560\" \/>\n\t<meta property=\"og:image:type\" content=\"image\/jpeg\" \/>\n<meta name=\"twitter:card\" content=\"summary_large_image\" \/>\n<script type=\"application\/ld+json\" class=\"yoast-schema-graph\">{\"@context\":\"https:\\\/\\\/schema.org\",\"@graph\":[{\"@type\":\"WebPage\",\"@id\":\"https:\\\/\\\/lisakroeber.com\\\/de\\\/produkt\\\/art-ohrringe-roundy-gruen\\\/\",\"url\":\"https:\\\/\\\/lisakroeber.com\\\/de\\\/produkt\\\/art-ohrringe-roundy-gruen\\\/\",\"name\":\"ART Ohrringe Roundy Gr\u00fcn - Lisa Kroeber Jewellery Art\",\"isPartOf\":{\"@id\":\"https:\\\/\\\/lisakroeber.com\\\/#website\"},\"primaryImageOfPage\":{\"@id\":\"https:\\\/\\\/lisakroeber.com\\\/de\\\/produkt\\\/art-ohrringe-roundy-gruen\\\/#primaryimage\"},\"image\":{\"@id\":\"https:\\\/\\\/lisakroeber.com\\\/de\\\/produkt\\\/art-ohrringe-roundy-gruen\\\/#primaryimage\"},\"thumbnailUrl\":\"https:\\\/\\\/lisakroeber.com\\\/wp-content\\\/uploads\\\/2026\\\/01\\\/Roundy-green-2-scaled.jpg\",\"datePublished\":\"2026-01-22T13:08:40+00:00\",\"dateModified\":\"2026-01-28T12:26:04+00:00\",\"breadcrumb\":{\"@id\":\"https:\\\/\\\/lisakroeber.com\\\/de\\\/produkt\\\/art-ohrringe-roundy-gruen\\\/#breadcrumb\"},\"inLanguage\":\"de\",\"potentialAction\":[{\"@type\":\"ReadAction\",\"target\":[\"https:\\\/\\\/lisakroeber.com\\\/de\\\/produkt\\\/art-ohrringe-roundy-gruen\\\/\"]}]},{\"@type\":\"ImageObject\",\"inLanguage\":\"de\",\"@id\":\"https:\\\/\\\/lisakroeber.com\\\/de\\\/produkt\\\/art-ohrringe-roundy-gruen\\\/#primaryimage\",\"url\":\"https:\\\/\\\/lisakroeber.com\\\/wp-content\\\/uploads\\\/2026\\\/01\\\/Roundy-green-2-scaled.jpg\",\"contentUrl\":\"https:\\\/\\\/lisakroeber.com\\\/wp-content\\\/uploads\\\/2026\\\/01\\\/Roundy-green-2-scaled.jpg\",\"width\":2560,\"height\":2560},{\"@type\":\"BreadcrumbList\",\"@id\":\"https:\\\/\\\/lisakroeber.com\\\/de\\\/produkt\\\/art-ohrringe-roundy-gruen\\\/#breadcrumb\",\"itemListElement\":[{\"@type\":\"ListItem\",\"position\":1,\"name\":\"Home\",\"item\":\"https:\\\/\\\/lisakroeber.com\\\/de\\\/\"},{\"@type\":\"ListItem\",\"position\":2,\"name\":\"Gesch\u00e4ft\",\"item\":\"https:\\\/\\\/lisakroeber.com\\\/de\\\/geschaeft\\\/\"},{\"@type\":\"ListItem\",\"position\":3,\"name\":\"ART Ohrringe Roundy Gr\u00fcn\"}]},{\"@type\":\"WebSite\",\"@id\":\"https:\\\/\\\/lisakroeber.com\\\/#website\",\"url\":\"https:\\\/\\\/lisakroeber.com\\\/\",\"name\":\"Lisa Kroeber Jewellery Art\",\"description\":\"Lisa Kroeber Jewellery Art e-shop\",\"publisher\":{\"@id\":\"https:\\\/\\\/lisakroeber.com\\\/#organization\"},\"potentialAction\":[{\"@type\":\"SearchAction\",\"target\":{\"@type\":\"EntryPoint\",\"urlTemplate\":\"https:\\\/\\\/lisakroeber.com\\\/?s={search_term_string}\"},\"query-input\":{\"@type\":\"PropertyValueSpecification\",\"valueRequired\":true,\"valueName\":\"search_term_string\"}}],\"inLanguage\":\"de\"},{\"@type\":\"Organization\",\"@id\":\"https:\\\/\\\/lisakroeber.com\\\/#organization\",\"name\":\"Lisa Kroeber Jewellery\",\"url\":\"https:\\\/\\\/lisakroeber.com\\\/\",\"logo\":{\"@type\":\"ImageObject\",\"inLanguage\":\"de\",\"@id\":\"https:\\\/\\\/lisakroeber.com\\\/#\\\/schema\\\/logo\\\/image\\\/\",\"url\":\"https:\\\/\\\/lisakroeber.com\\\/wp-content\\\/uploads\\\/2024\\\/07\\\/47178367_317322115661289_143956003702964224_n-e1543863670541.svg\",\"contentUrl\":\"https:\\\/\\\/lisakroeber.com\\\/wp-content\\\/uploads\\\/2024\\\/07\\\/47178367_317322115661289_143956003702964224_n-e1543863670541.svg\",\"width\":1,\"height\":1,\"caption\":\"Lisa Kroeber Jewellery\"},\"image\":{\"@id\":\"https:\\\/\\\/lisakroeber.com\\\/#\\\/schema\\\/logo\\\/image\\\/\"}}]}<\/script>\n<!-- \/ Yoast SEO plugin. -->","yoast_head_json":{"title":"ART Ohrringe Roundy Gr\u00fcn - Lisa Kroeber Jewellery Art","robots":{"index":"index","follow":"follow","max-snippet":"max-snippet:-1","max-image-preview":"max-image-preview:large","max-video-preview":"max-video-preview:-1"},"canonical":"https:\/\/lisakroeber.com\/de\/produkt\/art-ohrringe-roundy-gruen\/","og_locale":"de_DE","og_type":"article","og_title":"ART Ohrringe Roundy Gr\u00fcn - Lisa Kroeber Jewellery Art","og_description":"Roundy Ohrringe Die Roundy Ohrringe geh\u00f6ren zur Unique Art Pieces Kollektion und wurden als einzigartige Interpretation meiner fr\u00fcheren Roundy Ohrringe geschaffen. Verwurzelt in einer fr\u00fcheren Serie erforscht dieses Schmuckst\u00fcck Balance, Harmonie und die Sch\u00f6nheit subtiler Kontraste. Zwei kreisf\u00f6rmige Elemente treten in einen ruhigen Dialog: eine sanft get\u00f6nte Oberfl\u00e4che trifft auf einen funkelnden Stein. Die klare Geometrie h\u00e4lt das Design minimalistisch, w\u00e4hrend Licht und Reflexion Tiefe und Emotion verleihen. Eine behutsame Weiterentwicklung einer klassischen Form, transformiert durch Material, Farbe und Proportion.  Dieses Paar existiert nur ein einziges Mal. Kollektion: Unique Art Pieces Materials: Corian, Sterlingsilber, Zirkonia Gr\u00f6\u00dfe: 1,6cm x 2,9cm Gewicht: 8,28g Der Schmuck wird innerhalb von 1\u20135 Werktagen versendet. Die Ohrringe werden in einer Geschenkbox geliefert.","og_url":"https:\/\/lisakroeber.com\/de\/produkt\/art-ohrringe-roundy-gruen\/","og_site_name":"Lisa Kroeber Jewellery Art","article_modified_time":"2026-01-28T12:26:04+00:00","og_image":[{"width":2560,"height":2560,"url":"https:\/\/lisakroeber.com\/wp-content\/uploads\/2026\/01\/Roundy-green-2-scaled.jpg","type":"image\/jpeg"}],"twitter_card":"summary_large_image","schema":{"@context":"https:\/\/schema.org","@graph":[{"@type":"WebPage","@id":"https:\/\/lisakroeber.com\/de\/produkt\/art-ohrringe-roundy-gruen\/","url":"https:\/\/lisakroeber.com\/de\/produkt\/art-ohrringe-roundy-gruen\/","name":"ART Ohrringe Roundy Gr\u00fcn - Lisa Kroeber Jewellery Art","isPartOf":{"@id":"https:\/\/lisakroeber.com\/#website"},"primaryImageOfPage":{"@id":"https:\/\/lisakroeber.com\/de\/produkt\/art-ohrringe-roundy-gruen\/#primaryimage"},"image":{"@id":"https:\/\/lisakroeber.com\/de\/produkt\/art-ohrringe-roundy-gruen\/#primaryimage"},"thumbnailUrl":"https:\/\/lisakroeber.com\/wp-content\/uploads\/2026\/01\/Roundy-green-2-scaled.jpg","datePublished":"2026-01-22T13:08:40+00:00","dateModified":"2026-01-28T12:26:04+00:00","breadcrumb":{"@id":"https:\/\/lisakroeber.com\/de\/produkt\/art-ohrringe-roundy-gruen\/#breadcrumb"},"inLanguage":"de","potentialAction":[{"@type":"ReadAction","target":["https:\/\/lisakroeber.com\/de\/produkt\/art-ohrringe-roundy-gruen\/"]}]},{"@type":"ImageObject","inLanguage":"de","@id":"https:\/\/lisakroeber.com\/de\/produkt\/art-ohrringe-roundy-gruen\/#primaryimage","url":"https:\/\/lisakroeber.com\/wp-content\/uploads\/2026\/01\/Roundy-green-2-scaled.jpg","contentUrl":"https:\/\/lisakroeber.com\/wp-content\/uploads\/2026\/01\/Roundy-green-2-scaled.jpg","width":2560,"height":2560},{"@type":"BreadcrumbList","@id":"https:\/\/lisakroeber.com\/de\/produkt\/art-ohrringe-roundy-gruen\/#breadcrumb","itemListElement":[{"@type":"ListItem","position":1,"name":"Home","item":"https:\/\/lisakroeber.com\/de\/"},{"@type":"ListItem","position":2,"name":"Gesch\u00e4ft","item":"https:\/\/lisakroeber.com\/de\/geschaeft\/"},{"@type":"ListItem","position":3,"name":"ART Ohrringe Roundy Gr\u00fcn"}]},{"@type":"WebSite","@id":"https:\/\/lisakroeber.com\/#website","url":"https:\/\/lisakroeber.com\/","name":"Lisa Kroeber Jewellery Art","description":"Lisa Kroeber Jewellery Art e-shop","publisher":{"@id":"https:\/\/lisakroeber.com\/#organization"},"potentialAction":[{"@type":"SearchAction","target":{"@type":"EntryPoint","urlTemplate":"https:\/\/lisakroeber.com\/?s={search_term_string}"},"query-input":{"@type":"PropertyValueSpecification","valueRequired":true,"valueName":"search_term_string"}}],"inLanguage":"de"},{"@type":"Organization","@id":"https:\/\/lisakroeber.com\/#organization","name":"Lisa Kroeber Jewellery","url":"https:\/\/lisakroeber.com\/","logo":{"@type":"ImageObject","inLanguage":"de","@id":"https:\/\/lisakroeber.com\/#\/schema\/logo\/image\/","url":"https:\/\/lisakroeber.com\/wp-content\/uploads\/2024\/07\/47178367_317322115661289_143956003702964224_n-e1543863670541.svg","contentUrl":"https:\/\/lisakroeber.com\/wp-content\/uploads\/2024\/07\/47178367_317322115661289_143956003702964224_n-e1543863670541.svg","width":1,"height":1,"caption":"Lisa Kroeber Jewellery"},"image":{"@id":"https:\/\/lisakroeber.com\/#\/schema\/logo\/image\/"}}]}},"_links":{"self":[{"href":"https:\/\/lisakroeber.com\/de\/wp-json\/wp\/v2\/product\/310525","targetHints":{"allow":["GET"]}}],"collection":[{"href":"https:\/\/lisakroeber.com\/de\/wp-json\/wp\/v2\/product"}],"about":[{"href":"https:\/\/lisakroeber.com\/de\/wp-json\/wp\/v2\/types\/product"}],"wp:featuredmedia":[{"embeddable":true,"href":"https:\/\/lisakroeber.com\/de\/wp-json\/wp\/v2\/media\/310393"}],"wp:attachment":[{"href":"https:\/\/lisakroeber.com\/de\/wp-json\/wp\/v2\/media?parent=310525"}],"wp:term":[{"taxonomy":"product_brand","embeddable":true,"href":"https:\/\/lisakroeber.com\/de\/wp-json\/wp\/v2\/product_brand?post=310525"},{"taxonomy":"product_cat","embeddable":true,"href":"https:\/\/lisakroeber.com\/de\/wp-json\/wp\/v2\/product_cat?post=310525"},{"taxonomy":"product_tag","embeddable":true,"href":"https:\/\/lisakroeber.com\/de\/wp-json\/wp\/v2\/product_tag?post=310525"}],"curies":[{"name":"wp","href":"https:\/\/api.w.org\/{rel}","templated":true}]}}