{"id":310531,"date":"2026-01-22T14:46:18","date_gmt":"2026-01-22T12:46:18","guid":{"rendered":"https:\/\/lisakroeber.com\/product\/art-ohrringe-loop-petals\/"},"modified":"2026-01-28T14:34:08","modified_gmt":"2026-01-28T12:34:08","slug":"art-ohrringe-loop-petals","status":"publish","type":"product","link":"https:\/\/lisakroeber.com\/de\/produkt\/art-ohrringe-loop-petals\/","title":{"rendered":"ART Ohrringe Loop-Petals"},"content":{"rendered":"","protected":false},"excerpt":{"rendered":"<p data-start=\"153\" data-end=\"179\"><strong>Loop-Petal Ohrringe<\/strong><\/p>\n<p>Die Loop-Petal Ohrringe geh\u00f6ren zur Unique Art Pieces Kollektion und wurden als einzigartige Neuinterpretation meiner fr\u00fcheren Loop- und Flower-Petal-Ohrringe geschaffen. Vertraute Elemente werden neu zusammengesetzt und umgeformt und er\u00f6ffnen Raum f\u00fcr neue Proportionen, Kontraste und Rhythmus.<\/p>\n<p data-start=\"479\" data-end=\"723\">Weiche, geschwungene Schichten \u00fcberlagern sich in transluzenter Farbe und werden von einer feinen Silberlinie gerahmt, die den Blick durch die Komposition f\u00fchrt. Der tiefschwarze Stein verankert das Design und schafft einen Dialog zwischen Leichtigkeit und Gewicht, Bewegung und Ruhe. <\/p>\n<p data-start=\"725\" data-end=\"1000\">Dieses Paar existiert nur ein einziges Mal. Entstanden im Rahmen einer pers\u00f6nlichen kreativen Reflexion fangen die Ohrringe einen Moment ein, in dem fr\u00fchere Ideen auf gegenw\u00e4rtige Intuition treffen \u2014 mutig und zugleich durchdacht, ausdrucksstark und dennoch ausgewogen.<\/p>\n<p>Kollektion: Unique Art Pieces<\/p>\n<p>Materialien: Plexiglas, Sterlingsilber, schwarzer Turmalin<\/p>\n<p>Gr\u00f6\u00dfe: 4,4cm x 9,5cm<\/p>\n<p>Gewicht: 24<\/p>\n<p>Der Schmuck wird innerhalb von 1\u20135 Werktagen versendet.<\/p>\n<p>Die Ohrringe werden in einer Geschenkbox geliefert.<\/p>\n","protected":false},"featured_media":310368,"template":"","meta":{"content-type":""},"product_brand":[],"product_cat":[526,437,344,1285],"product_tag":[],"class_list":{"0":"post-310531","1":"product","2":"type-product","3":"status-publish","4":"has-post-thumbnail","6":"product_cat-flowerpetals-de","7":"product_cat-loops","8":"product_cat-ohrschmuck","9":"product_cat-unikate","11":"first","12":"instock","13":"taxable","14":"shipping-taxable","15":"purchasable","16":"product-type-simple"},"yoast_head":"<!-- This site is optimized with the Yoast SEO plugin v27.3 - https:\/\/yoast.com\/product\/yoast-seo-wordpress\/ -->\n<title>ART Ohrringe Loop-Petals - Lisa Kroeber Jewellery Art<\/title>\n<meta name=\"robots\" content=\"index, follow, max-snippet:-1, max-image-preview:large, max-video-preview:-1\" \/>\n<link rel=\"canonical\" href=\"https:\/\/lisakroeber.com\/de\/produkt\/art-ohrringe-loop-petals\/\" \/>\n<meta property=\"og:locale\" content=\"de_DE\" \/>\n<meta property=\"og:type\" content=\"article\" \/>\n<meta property=\"og:title\" content=\"ART Ohrringe Loop-Petals - Lisa Kroeber Jewellery Art\" \/>\n<meta property=\"og:description\" content=\"Loop-Petal OhrringeDie Loop-Petal Ohrringe geh\u00f6ren zur Unique Art Pieces Kollektion und wurden als einzigartige Neuinterpretation meiner fr\u00fcheren Loop- und Flower-Petal-Ohrringe geschaffen. Vertraute Elemente werden neu zusammengesetzt und umgeformt und er\u00f6ffnen Raum f\u00fcr neue Proportionen, Kontraste und Rhythmus. Weiche, geschwungene Schichten \u00fcberlagern sich in transluzenter Farbe und werden von einer feinen Silberlinie gerahmt, die den Blick durch die Komposition f\u00fchrt. Der tiefschwarze Stein verankert das Design und schafft einen Dialog zwischen Leichtigkeit und Gewicht, Bewegung und Ruhe. Dieses Paar existiert nur ein einziges Mal. Entstanden im Rahmen einer pers\u00f6nlichen kreativen Reflexion fangen die Ohrringe einen Moment ein, in dem fr\u00fchere Ideen auf gegenw\u00e4rtige Intuition treffen \u2014 mutig und zugleich durchdacht, ausdrucksstark und dennoch ausgewogen. Kollektion: Unique Art Pieces Materialien: Plexiglas, Sterlingsilber, schwarzer Turmalin Gr\u00f6\u00dfe: 4,4cm x 9,5cm Gewicht: 24 Der Schmuck wird innerhalb von 1\u20135 Werktagen versendet. Die Ohrringe werden in einer Geschenkbox geliefert.\" \/>\n<meta property=\"og:url\" content=\"https:\/\/lisakroeber.com\/de\/produkt\/art-ohrringe-loop-petals\/\" \/>\n<meta property=\"og:site_name\" content=\"Lisa Kroeber Jewellery Art\" \/>\n<meta property=\"article:modified_time\" content=\"2026-01-28T12:34:08+00:00\" \/>\n<meta property=\"og:image\" content=\"https:\/\/lisakroeber.com\/wp-content\/uploads\/2026\/01\/DP-ART-2-scaled.jpg\" \/>\n\t<meta property=\"og:image:width\" content=\"2560\" \/>\n\t<meta property=\"og:image:height\" content=\"2560\" \/>\n\t<meta property=\"og:image:type\" content=\"image\/jpeg\" \/>\n<meta name=\"twitter:card\" content=\"summary_large_image\" \/>\n<script type=\"application\/ld+json\" class=\"yoast-schema-graph\">{\"@context\":\"https:\\\/\\\/schema.org\",\"@graph\":[{\"@type\":\"WebPage\",\"@id\":\"https:\\\/\\\/lisakroeber.com\\\/de\\\/produkt\\\/art-ohrringe-loop-petals\\\/\",\"url\":\"https:\\\/\\\/lisakroeber.com\\\/de\\\/produkt\\\/art-ohrringe-loop-petals\\\/\",\"name\":\"ART Ohrringe Loop-Petals - Lisa Kroeber Jewellery Art\",\"isPartOf\":{\"@id\":\"https:\\\/\\\/lisakroeber.com\\\/#website\"},\"primaryImageOfPage\":{\"@id\":\"https:\\\/\\\/lisakroeber.com\\\/de\\\/produkt\\\/art-ohrringe-loop-petals\\\/#primaryimage\"},\"image\":{\"@id\":\"https:\\\/\\\/lisakroeber.com\\\/de\\\/produkt\\\/art-ohrringe-loop-petals\\\/#primaryimage\"},\"thumbnailUrl\":\"https:\\\/\\\/lisakroeber.com\\\/wp-content\\\/uploads\\\/2026\\\/01\\\/DP-ART-2-scaled.jpg\",\"datePublished\":\"2026-01-22T12:46:18+00:00\",\"dateModified\":\"2026-01-28T12:34:08+00:00\",\"breadcrumb\":{\"@id\":\"https:\\\/\\\/lisakroeber.com\\\/de\\\/produkt\\\/art-ohrringe-loop-petals\\\/#breadcrumb\"},\"inLanguage\":\"de\",\"potentialAction\":[{\"@type\":\"ReadAction\",\"target\":[\"https:\\\/\\\/lisakroeber.com\\\/de\\\/produkt\\\/art-ohrringe-loop-petals\\\/\"]}]},{\"@type\":\"ImageObject\",\"inLanguage\":\"de\",\"@id\":\"https:\\\/\\\/lisakroeber.com\\\/de\\\/produkt\\\/art-ohrringe-loop-petals\\\/#primaryimage\",\"url\":\"https:\\\/\\\/lisakroeber.com\\\/wp-content\\\/uploads\\\/2026\\\/01\\\/DP-ART-2-scaled.jpg\",\"contentUrl\":\"https:\\\/\\\/lisakroeber.com\\\/wp-content\\\/uploads\\\/2026\\\/01\\\/DP-ART-2-scaled.jpg\",\"width\":2560,\"height\":2560},{\"@type\":\"BreadcrumbList\",\"@id\":\"https:\\\/\\\/lisakroeber.com\\\/de\\\/produkt\\\/art-ohrringe-loop-petals\\\/#breadcrumb\",\"itemListElement\":[{\"@type\":\"ListItem\",\"position\":1,\"name\":\"Home\",\"item\":\"https:\\\/\\\/lisakroeber.com\\\/de\\\/\"},{\"@type\":\"ListItem\",\"position\":2,\"name\":\"Gesch\u00e4ft\",\"item\":\"https:\\\/\\\/lisakroeber.com\\\/de\\\/geschaeft\\\/\"},{\"@type\":\"ListItem\",\"position\":3,\"name\":\"ART Ohrringe Loop-Petals\"}]},{\"@type\":\"WebSite\",\"@id\":\"https:\\\/\\\/lisakroeber.com\\\/#website\",\"url\":\"https:\\\/\\\/lisakroeber.com\\\/\",\"name\":\"Lisa Kroeber Jewellery Art\",\"description\":\"Lisa Kroeber Jewellery Art e-shop\",\"publisher\":{\"@id\":\"https:\\\/\\\/lisakroeber.com\\\/#organization\"},\"potentialAction\":[{\"@type\":\"SearchAction\",\"target\":{\"@type\":\"EntryPoint\",\"urlTemplate\":\"https:\\\/\\\/lisakroeber.com\\\/?s={search_term_string}\"},\"query-input\":{\"@type\":\"PropertyValueSpecification\",\"valueRequired\":true,\"valueName\":\"search_term_string\"}}],\"inLanguage\":\"de\"},{\"@type\":\"Organization\",\"@id\":\"https:\\\/\\\/lisakroeber.com\\\/#organization\",\"name\":\"Lisa Kroeber Jewellery\",\"url\":\"https:\\\/\\\/lisakroeber.com\\\/\",\"logo\":{\"@type\":\"ImageObject\",\"inLanguage\":\"de\",\"@id\":\"https:\\\/\\\/lisakroeber.com\\\/#\\\/schema\\\/logo\\\/image\\\/\",\"url\":\"https:\\\/\\\/lisakroeber.com\\\/wp-content\\\/uploads\\\/2024\\\/07\\\/47178367_317322115661289_143956003702964224_n-e1543863670541.svg\",\"contentUrl\":\"https:\\\/\\\/lisakroeber.com\\\/wp-content\\\/uploads\\\/2024\\\/07\\\/47178367_317322115661289_143956003702964224_n-e1543863670541.svg\",\"width\":1,\"height\":1,\"caption\":\"Lisa Kroeber Jewellery\"},\"image\":{\"@id\":\"https:\\\/\\\/lisakroeber.com\\\/#\\\/schema\\\/logo\\\/image\\\/\"}}]}<\/script>\n<!-- \/ Yoast SEO plugin. -->","yoast_head_json":{"title":"ART Ohrringe Loop-Petals - Lisa Kroeber Jewellery Art","robots":{"index":"index","follow":"follow","max-snippet":"max-snippet:-1","max-image-preview":"max-image-preview:large","max-video-preview":"max-video-preview:-1"},"canonical":"https:\/\/lisakroeber.com\/de\/produkt\/art-ohrringe-loop-petals\/","og_locale":"de_DE","og_type":"article","og_title":"ART Ohrringe Loop-Petals - Lisa Kroeber Jewellery Art","og_description":"Loop-Petal OhrringeDie Loop-Petal Ohrringe geh\u00f6ren zur Unique Art Pieces Kollektion und wurden als einzigartige Neuinterpretation meiner fr\u00fcheren Loop- und Flower-Petal-Ohrringe geschaffen. Vertraute Elemente werden neu zusammengesetzt und umgeformt und er\u00f6ffnen Raum f\u00fcr neue Proportionen, Kontraste und Rhythmus. Weiche, geschwungene Schichten \u00fcberlagern sich in transluzenter Farbe und werden von einer feinen Silberlinie gerahmt, die den Blick durch die Komposition f\u00fchrt. Der tiefschwarze Stein verankert das Design und schafft einen Dialog zwischen Leichtigkeit und Gewicht, Bewegung und Ruhe. Dieses Paar existiert nur ein einziges Mal. Entstanden im Rahmen einer pers\u00f6nlichen kreativen Reflexion fangen die Ohrringe einen Moment ein, in dem fr\u00fchere Ideen auf gegenw\u00e4rtige Intuition treffen \u2014 mutig und zugleich durchdacht, ausdrucksstark und dennoch ausgewogen. Kollektion: Unique Art Pieces Materialien: Plexiglas, Sterlingsilber, schwarzer Turmalin Gr\u00f6\u00dfe: 4,4cm x 9,5cm Gewicht: 24 Der Schmuck wird innerhalb von 1\u20135 Werktagen versendet. Die Ohrringe werden in einer Geschenkbox geliefert.","og_url":"https:\/\/lisakroeber.com\/de\/produkt\/art-ohrringe-loop-petals\/","og_site_name":"Lisa Kroeber Jewellery Art","article_modified_time":"2026-01-28T12:34:08+00:00","og_image":[{"width":2560,"height":2560,"url":"https:\/\/lisakroeber.com\/wp-content\/uploads\/2026\/01\/DP-ART-2-scaled.jpg","type":"image\/jpeg"}],"twitter_card":"summary_large_image","schema":{"@context":"https:\/\/schema.org","@graph":[{"@type":"WebPage","@id":"https:\/\/lisakroeber.com\/de\/produkt\/art-ohrringe-loop-petals\/","url":"https:\/\/lisakroeber.com\/de\/produkt\/art-ohrringe-loop-petals\/","name":"ART Ohrringe Loop-Petals - Lisa Kroeber Jewellery Art","isPartOf":{"@id":"https:\/\/lisakroeber.com\/#website"},"primaryImageOfPage":{"@id":"https:\/\/lisakroeber.com\/de\/produkt\/art-ohrringe-loop-petals\/#primaryimage"},"image":{"@id":"https:\/\/lisakroeber.com\/de\/produkt\/art-ohrringe-loop-petals\/#primaryimage"},"thumbnailUrl":"https:\/\/lisakroeber.com\/wp-content\/uploads\/2026\/01\/DP-ART-2-scaled.jpg","datePublished":"2026-01-22T12:46:18+00:00","dateModified":"2026-01-28T12:34:08+00:00","breadcrumb":{"@id":"https:\/\/lisakroeber.com\/de\/produkt\/art-ohrringe-loop-petals\/#breadcrumb"},"inLanguage":"de","potentialAction":[{"@type":"ReadAction","target":["https:\/\/lisakroeber.com\/de\/produkt\/art-ohrringe-loop-petals\/"]}]},{"@type":"ImageObject","inLanguage":"de","@id":"https:\/\/lisakroeber.com\/de\/produkt\/art-ohrringe-loop-petals\/#primaryimage","url":"https:\/\/lisakroeber.com\/wp-content\/uploads\/2026\/01\/DP-ART-2-scaled.jpg","contentUrl":"https:\/\/lisakroeber.com\/wp-content\/uploads\/2026\/01\/DP-ART-2-scaled.jpg","width":2560,"height":2560},{"@type":"BreadcrumbList","@id":"https:\/\/lisakroeber.com\/de\/produkt\/art-ohrringe-loop-petals\/#breadcrumb","itemListElement":[{"@type":"ListItem","position":1,"name":"Home","item":"https:\/\/lisakroeber.com\/de\/"},{"@type":"ListItem","position":2,"name":"Gesch\u00e4ft","item":"https:\/\/lisakroeber.com\/de\/geschaeft\/"},{"@type":"ListItem","position":3,"name":"ART Ohrringe Loop-Petals"}]},{"@type":"WebSite","@id":"https:\/\/lisakroeber.com\/#website","url":"https:\/\/lisakroeber.com\/","name":"Lisa Kroeber Jewellery Art","description":"Lisa Kroeber Jewellery Art e-shop","publisher":{"@id":"https:\/\/lisakroeber.com\/#organization"},"potentialAction":[{"@type":"SearchAction","target":{"@type":"EntryPoint","urlTemplate":"https:\/\/lisakroeber.com\/?s={search_term_string}"},"query-input":{"@type":"PropertyValueSpecification","valueRequired":true,"valueName":"search_term_string"}}],"inLanguage":"de"},{"@type":"Organization","@id":"https:\/\/lisakroeber.com\/#organization","name":"Lisa Kroeber Jewellery","url":"https:\/\/lisakroeber.com\/","logo":{"@type":"ImageObject","inLanguage":"de","@id":"https:\/\/lisakroeber.com\/#\/schema\/logo\/image\/","url":"https:\/\/lisakroeber.com\/wp-content\/uploads\/2024\/07\/47178367_317322115661289_143956003702964224_n-e1543863670541.svg","contentUrl":"https:\/\/lisakroeber.com\/wp-content\/uploads\/2024\/07\/47178367_317322115661289_143956003702964224_n-e1543863670541.svg","width":1,"height":1,"caption":"Lisa Kroeber Jewellery"},"image":{"@id":"https:\/\/lisakroeber.com\/#\/schema\/logo\/image\/"}}]}},"_links":{"self":[{"href":"https:\/\/lisakroeber.com\/de\/wp-json\/wp\/v2\/product\/310531","targetHints":{"allow":["GET"]}}],"collection":[{"href":"https:\/\/lisakroeber.com\/de\/wp-json\/wp\/v2\/product"}],"about":[{"href":"https:\/\/lisakroeber.com\/de\/wp-json\/wp\/v2\/types\/product"}],"wp:featuredmedia":[{"embeddable":true,"href":"https:\/\/lisakroeber.com\/de\/wp-json\/wp\/v2\/media\/310368"}],"wp:attachment":[{"href":"https:\/\/lisakroeber.com\/de\/wp-json\/wp\/v2\/media?parent=310531"}],"wp:term":[{"taxonomy":"product_brand","embeddable":true,"href":"https:\/\/lisakroeber.com\/de\/wp-json\/wp\/v2\/product_brand?post=310531"},{"taxonomy":"product_cat","embeddable":true,"href":"https:\/\/lisakroeber.com\/de\/wp-json\/wp\/v2\/product_cat?post=310531"},{"taxonomy":"product_tag","embeddable":true,"href":"https:\/\/lisakroeber.com\/de\/wp-json\/wp\/v2\/product_tag?post=310531"}],"curies":[{"name":"wp","href":"https:\/\/api.w.org\/{rel}","templated":true}]}}