{"id":310535,"date":"2026-01-22T14:19:06","date_gmt":"2026-01-22T12:19:06","guid":{"rendered":"https:\/\/lisakroeber.com\/product\/art-ohrringe-flowers-i\/"},"modified":"2026-01-28T14:39:05","modified_gmt":"2026-01-28T12:39:05","slug":"art-ohrringe-flowers-i","status":"publish","type":"product","link":"https:\/\/lisakroeber.com\/de\/produkt\/art-ohrringe-flowers-i\/","title":{"rendered":"ART Ohrringe Flowers I"},"content":{"rendered":"","protected":false},"excerpt":{"rendered":"<p data-start=\"154\" data-end=\"176\">Flowers Ohrringe I<br \/>Die Flowers Ohrringe geh\u00f6ren zur Unique Art Pieces Kollektion und wurden als einzigartige Neuinterpretation meiner fr\u00fcheren Flower-Ohrringe geschaffen. Aufbauend auf vertrauten Formen erforscht dieses Schmuckst\u00fcck, wie Schichtung, Transparenz und mutige Farbkombinationen eine bekannte Form in etwas vollkommen Neues verwandeln k\u00f6nnen. <\/p>\n<p data-start=\"506\" data-end=\"711\">Mehrere Acrylschichten \u00fcberlagern und durchdringen sich, wodurch Tiefe, Bewegung und wechselnde Farbeindr\u00fccke entstehen. Aus unterschiedlichen Blickwinkeln zeigen die Ohrringe stets neue Details. <\/p>\n<p data-start=\"713\" data-end=\"996\">Dieses Paar existiert nur ein einziges Mal. Als Teil eines fortlaufenden kreativen Dialogs zwischen Vergangenheit und Gegenwart spiegeln die Flowers Ohrringe Neugier, Experimentierfreude und die Freude am Wiederentdecken wider.<\/p>\n<p>Kollektion: Unique Art Pieces<\/p>\n<p>Materialien: Plexiglas, Sterlingsilber<\/p>\n<p>Gr\u00f6\u00dfe: 6,5cm x 9,5cm<\/p>\n<p>Gewicht: 27 g<\/p>\n<p>Der Schmuck wird innerhalb von 1\u20135 Werktagen versendet.<\/p>\n<p>Die Ohrringe werden in einer Geschenkbox geliefert.<\/p>\n","protected":false},"featured_media":310347,"template":"","meta":{"content-type":""},"product_brand":[],"product_cat":[836,344,1285],"product_tag":[],"class_list":{"0":"post-310535","1":"product","2":"type-product","3":"status-publish","4":"has-post-thumbnail","6":"product_cat-flower","7":"product_cat-ohrschmuck","8":"product_cat-unikate","10":"first","11":"instock","12":"taxable","13":"shipping-taxable","14":"purchasable","15":"product-type-simple"},"yoast_head":"<!-- This site is optimized with the Yoast SEO plugin v27.3 - https:\/\/yoast.com\/product\/yoast-seo-wordpress\/ -->\n<title>ART Ohrringe Flowers I - Lisa Kroeber Jewellery Art<\/title>\n<meta name=\"robots\" content=\"index, follow, max-snippet:-1, max-image-preview:large, max-video-preview:-1\" \/>\n<link rel=\"canonical\" href=\"https:\/\/lisakroeber.com\/de\/produkt\/art-ohrringe-flowers-i\/\" \/>\n<meta property=\"og:locale\" content=\"de_DE\" \/>\n<meta property=\"og:type\" content=\"article\" \/>\n<meta property=\"og:title\" content=\"ART Ohrringe Flowers I - Lisa Kroeber Jewellery Art\" \/>\n<meta property=\"og:description\" content=\"Flowers Ohrringe IDie Flowers Ohrringe geh\u00f6ren zur Unique Art Pieces Kollektion und wurden als einzigartige Neuinterpretation meiner fr\u00fcheren Flower-Ohrringe geschaffen. Aufbauend auf vertrauten Formen erforscht dieses Schmuckst\u00fcck, wie Schichtung, Transparenz und mutige Farbkombinationen eine bekannte Form in etwas vollkommen Neues verwandeln k\u00f6nnen. Mehrere Acrylschichten \u00fcberlagern und durchdringen sich, wodurch Tiefe, Bewegung und wechselnde Farbeindr\u00fccke entstehen. Aus unterschiedlichen Blickwinkeln zeigen die Ohrringe stets neue Details. Dieses Paar existiert nur ein einziges Mal. Als Teil eines fortlaufenden kreativen Dialogs zwischen Vergangenheit und Gegenwart spiegeln die Flowers Ohrringe Neugier, Experimentierfreude und die Freude am Wiederentdecken wider. Kollektion: Unique Art Pieces Materialien: Plexiglas, Sterlingsilber Gr\u00f6\u00dfe: 6,5cm x 9,5cm Gewicht: 27 g Der Schmuck wird innerhalb von 1\u20135 Werktagen versendet. Die Ohrringe werden in einer Geschenkbox geliefert.\" \/>\n<meta property=\"og:url\" content=\"https:\/\/lisakroeber.com\/de\/produkt\/art-ohrringe-flowers-i\/\" \/>\n<meta property=\"og:site_name\" content=\"Lisa Kroeber Jewellery Art\" \/>\n<meta property=\"article:modified_time\" content=\"2026-01-28T12:39:05+00:00\" \/>\n<meta property=\"og:image\" content=\"https:\/\/lisakroeber.com\/wp-content\/uploads\/2026\/01\/artFlowerBlue-scaled.jpg\" \/>\n\t<meta property=\"og:image:width\" content=\"2560\" \/>\n\t<meta property=\"og:image:height\" content=\"2560\" \/>\n\t<meta property=\"og:image:type\" content=\"image\/jpeg\" \/>\n<meta name=\"twitter:card\" content=\"summary_large_image\" \/>\n<script type=\"application\/ld+json\" class=\"yoast-schema-graph\">{\"@context\":\"https:\\\/\\\/schema.org\",\"@graph\":[{\"@type\":\"WebPage\",\"@id\":\"https:\\\/\\\/lisakroeber.com\\\/de\\\/produkt\\\/art-ohrringe-flowers-i\\\/\",\"url\":\"https:\\\/\\\/lisakroeber.com\\\/de\\\/produkt\\\/art-ohrringe-flowers-i\\\/\",\"name\":\"ART Ohrringe Flowers I - Lisa Kroeber Jewellery Art\",\"isPartOf\":{\"@id\":\"https:\\\/\\\/lisakroeber.com\\\/#website\"},\"primaryImageOfPage\":{\"@id\":\"https:\\\/\\\/lisakroeber.com\\\/de\\\/produkt\\\/art-ohrringe-flowers-i\\\/#primaryimage\"},\"image\":{\"@id\":\"https:\\\/\\\/lisakroeber.com\\\/de\\\/produkt\\\/art-ohrringe-flowers-i\\\/#primaryimage\"},\"thumbnailUrl\":\"https:\\\/\\\/lisakroeber.com\\\/wp-content\\\/uploads\\\/2026\\\/01\\\/artFlowerBlue-scaled.jpg\",\"datePublished\":\"2026-01-22T12:19:06+00:00\",\"dateModified\":\"2026-01-28T12:39:05+00:00\",\"breadcrumb\":{\"@id\":\"https:\\\/\\\/lisakroeber.com\\\/de\\\/produkt\\\/art-ohrringe-flowers-i\\\/#breadcrumb\"},\"inLanguage\":\"de\",\"potentialAction\":[{\"@type\":\"ReadAction\",\"target\":[\"https:\\\/\\\/lisakroeber.com\\\/de\\\/produkt\\\/art-ohrringe-flowers-i\\\/\"]}]},{\"@type\":\"ImageObject\",\"inLanguage\":\"de\",\"@id\":\"https:\\\/\\\/lisakroeber.com\\\/de\\\/produkt\\\/art-ohrringe-flowers-i\\\/#primaryimage\",\"url\":\"https:\\\/\\\/lisakroeber.com\\\/wp-content\\\/uploads\\\/2026\\\/01\\\/artFlowerBlue-scaled.jpg\",\"contentUrl\":\"https:\\\/\\\/lisakroeber.com\\\/wp-content\\\/uploads\\\/2026\\\/01\\\/artFlowerBlue-scaled.jpg\",\"width\":2560,\"height\":2560},{\"@type\":\"BreadcrumbList\",\"@id\":\"https:\\\/\\\/lisakroeber.com\\\/de\\\/produkt\\\/art-ohrringe-flowers-i\\\/#breadcrumb\",\"itemListElement\":[{\"@type\":\"ListItem\",\"position\":1,\"name\":\"Home\",\"item\":\"https:\\\/\\\/lisakroeber.com\\\/de\\\/\"},{\"@type\":\"ListItem\",\"position\":2,\"name\":\"Gesch\u00e4ft\",\"item\":\"https:\\\/\\\/lisakroeber.com\\\/de\\\/geschaeft\\\/\"},{\"@type\":\"ListItem\",\"position\":3,\"name\":\"ART Ohrringe Flowers I\"}]},{\"@type\":\"WebSite\",\"@id\":\"https:\\\/\\\/lisakroeber.com\\\/#website\",\"url\":\"https:\\\/\\\/lisakroeber.com\\\/\",\"name\":\"Lisa Kroeber Jewellery Art\",\"description\":\"Lisa Kroeber Jewellery Art e-shop\",\"publisher\":{\"@id\":\"https:\\\/\\\/lisakroeber.com\\\/#organization\"},\"potentialAction\":[{\"@type\":\"SearchAction\",\"target\":{\"@type\":\"EntryPoint\",\"urlTemplate\":\"https:\\\/\\\/lisakroeber.com\\\/?s={search_term_string}\"},\"query-input\":{\"@type\":\"PropertyValueSpecification\",\"valueRequired\":true,\"valueName\":\"search_term_string\"}}],\"inLanguage\":\"de\"},{\"@type\":\"Organization\",\"@id\":\"https:\\\/\\\/lisakroeber.com\\\/#organization\",\"name\":\"Lisa Kroeber Jewellery\",\"url\":\"https:\\\/\\\/lisakroeber.com\\\/\",\"logo\":{\"@type\":\"ImageObject\",\"inLanguage\":\"de\",\"@id\":\"https:\\\/\\\/lisakroeber.com\\\/#\\\/schema\\\/logo\\\/image\\\/\",\"url\":\"https:\\\/\\\/lisakroeber.com\\\/wp-content\\\/uploads\\\/2024\\\/07\\\/47178367_317322115661289_143956003702964224_n-e1543863670541.svg\",\"contentUrl\":\"https:\\\/\\\/lisakroeber.com\\\/wp-content\\\/uploads\\\/2024\\\/07\\\/47178367_317322115661289_143956003702964224_n-e1543863670541.svg\",\"width\":1,\"height\":1,\"caption\":\"Lisa Kroeber Jewellery\"},\"image\":{\"@id\":\"https:\\\/\\\/lisakroeber.com\\\/#\\\/schema\\\/logo\\\/image\\\/\"}}]}<\/script>\n<!-- \/ Yoast SEO plugin. -->","yoast_head_json":{"title":"ART Ohrringe Flowers I - Lisa Kroeber Jewellery Art","robots":{"index":"index","follow":"follow","max-snippet":"max-snippet:-1","max-image-preview":"max-image-preview:large","max-video-preview":"max-video-preview:-1"},"canonical":"https:\/\/lisakroeber.com\/de\/produkt\/art-ohrringe-flowers-i\/","og_locale":"de_DE","og_type":"article","og_title":"ART Ohrringe Flowers I - Lisa Kroeber Jewellery Art","og_description":"Flowers Ohrringe IDie Flowers Ohrringe geh\u00f6ren zur Unique Art Pieces Kollektion und wurden als einzigartige Neuinterpretation meiner fr\u00fcheren Flower-Ohrringe geschaffen. Aufbauend auf vertrauten Formen erforscht dieses Schmuckst\u00fcck, wie Schichtung, Transparenz und mutige Farbkombinationen eine bekannte Form in etwas vollkommen Neues verwandeln k\u00f6nnen. Mehrere Acrylschichten \u00fcberlagern und durchdringen sich, wodurch Tiefe, Bewegung und wechselnde Farbeindr\u00fccke entstehen. Aus unterschiedlichen Blickwinkeln zeigen die Ohrringe stets neue Details. Dieses Paar existiert nur ein einziges Mal. Als Teil eines fortlaufenden kreativen Dialogs zwischen Vergangenheit und Gegenwart spiegeln die Flowers Ohrringe Neugier, Experimentierfreude und die Freude am Wiederentdecken wider. Kollektion: Unique Art Pieces Materialien: Plexiglas, Sterlingsilber Gr\u00f6\u00dfe: 6,5cm x 9,5cm Gewicht: 27 g Der Schmuck wird innerhalb von 1\u20135 Werktagen versendet. Die Ohrringe werden in einer Geschenkbox geliefert.","og_url":"https:\/\/lisakroeber.com\/de\/produkt\/art-ohrringe-flowers-i\/","og_site_name":"Lisa Kroeber Jewellery Art","article_modified_time":"2026-01-28T12:39:05+00:00","og_image":[{"width":2560,"height":2560,"url":"https:\/\/lisakroeber.com\/wp-content\/uploads\/2026\/01\/artFlowerBlue-scaled.jpg","type":"image\/jpeg"}],"twitter_card":"summary_large_image","schema":{"@context":"https:\/\/schema.org","@graph":[{"@type":"WebPage","@id":"https:\/\/lisakroeber.com\/de\/produkt\/art-ohrringe-flowers-i\/","url":"https:\/\/lisakroeber.com\/de\/produkt\/art-ohrringe-flowers-i\/","name":"ART Ohrringe Flowers I - Lisa Kroeber Jewellery Art","isPartOf":{"@id":"https:\/\/lisakroeber.com\/#website"},"primaryImageOfPage":{"@id":"https:\/\/lisakroeber.com\/de\/produkt\/art-ohrringe-flowers-i\/#primaryimage"},"image":{"@id":"https:\/\/lisakroeber.com\/de\/produkt\/art-ohrringe-flowers-i\/#primaryimage"},"thumbnailUrl":"https:\/\/lisakroeber.com\/wp-content\/uploads\/2026\/01\/artFlowerBlue-scaled.jpg","datePublished":"2026-01-22T12:19:06+00:00","dateModified":"2026-01-28T12:39:05+00:00","breadcrumb":{"@id":"https:\/\/lisakroeber.com\/de\/produkt\/art-ohrringe-flowers-i\/#breadcrumb"},"inLanguage":"de","potentialAction":[{"@type":"ReadAction","target":["https:\/\/lisakroeber.com\/de\/produkt\/art-ohrringe-flowers-i\/"]}]},{"@type":"ImageObject","inLanguage":"de","@id":"https:\/\/lisakroeber.com\/de\/produkt\/art-ohrringe-flowers-i\/#primaryimage","url":"https:\/\/lisakroeber.com\/wp-content\/uploads\/2026\/01\/artFlowerBlue-scaled.jpg","contentUrl":"https:\/\/lisakroeber.com\/wp-content\/uploads\/2026\/01\/artFlowerBlue-scaled.jpg","width":2560,"height":2560},{"@type":"BreadcrumbList","@id":"https:\/\/lisakroeber.com\/de\/produkt\/art-ohrringe-flowers-i\/#breadcrumb","itemListElement":[{"@type":"ListItem","position":1,"name":"Home","item":"https:\/\/lisakroeber.com\/de\/"},{"@type":"ListItem","position":2,"name":"Gesch\u00e4ft","item":"https:\/\/lisakroeber.com\/de\/geschaeft\/"},{"@type":"ListItem","position":3,"name":"ART Ohrringe Flowers I"}]},{"@type":"WebSite","@id":"https:\/\/lisakroeber.com\/#website","url":"https:\/\/lisakroeber.com\/","name":"Lisa Kroeber Jewellery Art","description":"Lisa Kroeber Jewellery Art e-shop","publisher":{"@id":"https:\/\/lisakroeber.com\/#organization"},"potentialAction":[{"@type":"SearchAction","target":{"@type":"EntryPoint","urlTemplate":"https:\/\/lisakroeber.com\/?s={search_term_string}"},"query-input":{"@type":"PropertyValueSpecification","valueRequired":true,"valueName":"search_term_string"}}],"inLanguage":"de"},{"@type":"Organization","@id":"https:\/\/lisakroeber.com\/#organization","name":"Lisa Kroeber Jewellery","url":"https:\/\/lisakroeber.com\/","logo":{"@type":"ImageObject","inLanguage":"de","@id":"https:\/\/lisakroeber.com\/#\/schema\/logo\/image\/","url":"https:\/\/lisakroeber.com\/wp-content\/uploads\/2024\/07\/47178367_317322115661289_143956003702964224_n-e1543863670541.svg","contentUrl":"https:\/\/lisakroeber.com\/wp-content\/uploads\/2024\/07\/47178367_317322115661289_143956003702964224_n-e1543863670541.svg","width":1,"height":1,"caption":"Lisa Kroeber Jewellery"},"image":{"@id":"https:\/\/lisakroeber.com\/#\/schema\/logo\/image\/"}}]}},"_links":{"self":[{"href":"https:\/\/lisakroeber.com\/de\/wp-json\/wp\/v2\/product\/310535","targetHints":{"allow":["GET"]}}],"collection":[{"href":"https:\/\/lisakroeber.com\/de\/wp-json\/wp\/v2\/product"}],"about":[{"href":"https:\/\/lisakroeber.com\/de\/wp-json\/wp\/v2\/types\/product"}],"wp:featuredmedia":[{"embeddable":true,"href":"https:\/\/lisakroeber.com\/de\/wp-json\/wp\/v2\/media\/310347"}],"wp:attachment":[{"href":"https:\/\/lisakroeber.com\/de\/wp-json\/wp\/v2\/media?parent=310535"}],"wp:term":[{"taxonomy":"product_brand","embeddable":true,"href":"https:\/\/lisakroeber.com\/de\/wp-json\/wp\/v2\/product_brand?post=310535"},{"taxonomy":"product_cat","embeddable":true,"href":"https:\/\/lisakroeber.com\/de\/wp-json\/wp\/v2\/product_cat?post=310535"},{"taxonomy":"product_tag","embeddable":true,"href":"https:\/\/lisakroeber.com\/de\/wp-json\/wp\/v2\/product_tag?post=310535"}],"curies":[{"name":"wp","href":"https:\/\/api.w.org\/{rel}","templated":true}]}}