{"id":310537,"date":"2026-01-22T13:50:23","date_gmt":"2026-01-22T11:50:23","guid":{"rendered":"https:\/\/lisakroeber.com\/product\/art-ohrrine-birds\/"},"modified":"2026-01-23T21:35:08","modified_gmt":"2026-01-23T19:35:08","slug":"art-ohrrine-birds","status":"publish","type":"product","link":"https:\/\/lisakroeber.com\/de\/produkt\/art-ohrrine-birds\/","title":{"rendered":"ART Ohrrine Birds"},"content":{"rendered":"","protected":false},"excerpt":{"rendered":"<p data-start=\"166\" data-end=\"186\">Birds Ohrringe<br \/>\nFrei. Verspielt. Ausdrucksstark.  <\/p>\n<p data-start=\"247\" data-end=\"492\">Die <em>Birds Ohrringe<\/em> sind eine Neuinterpretation meiner Silver Bird Ohrringe. Als Teil der<em data-start=\"374\" data-end=\"393\"> Unique Art Pieces Kollektion<\/em> greifen sie die vertraute Vogel-Form auf und interpretieren sie neu \u2014 durch Farbe, Schichtung und Bewegung. <\/p>\n<p data-start=\"494\" data-end=\"751\">Mehrere Elemente verbinden sich zu einer lebendigen Komposition: Fl\u00fcgel \u00fcberlagern sich, Farben treten in Dialog, und die V\u00f6gel scheinen sich im Flug zu befinden \u2014 leicht, fr\u00f6hlich und voller Energie. <\/p>\n<p data-start=\"753\" data-end=\"965\">Entstanden w\u00e4hrend des reflektierenden Schaffensprozesses der \/15\/ Ausstellung, stehen diese Ohrringe f\u00fcr den Dialog zwischen Vergangenheit und Gegenwart \u2014 und f\u00fcr die Frage, wie sich ein langj\u00e4hriges Design weiterentwickeln kann, ohne seinen Geist zu verlieren.<\/p>\n<p data-start=\"967\" data-end=\"1089\">Jedes Paar existiert nur ein einziges Mal.<br \/>Ein tragbares Kunstwerk, das Freiheit, Fantasie und den Mut feiert, immer weiterzufliegen. <\/p>\n<p>Kollektion: Unique Art Pieces<\/p>\n<p>Materialien: pulverbeschichtetes Messing, Plexiglas, Sterlingsilber<\/p>\n<p>Ma\u00dfe: 8,8 cm \u00d7 6,2 cm<\/p>\n<p>Gewicht: 14,93 g<\/p>\n<p>Der Schmuck wird innerhalb von 1\u20135 Werktagen versendet.<\/p>\n<p>Die Ohrringe werden in einer Geschenkbox geliefert.<\/p>\n","protected":false},"featured_media":310337,"template":"","meta":{"content-type":""},"product_brand":[],"product_cat":[453,344,1285],"product_tag":[],"class_list":{"0":"post-310537","1":"product","2":"type-product","3":"status-publish","4":"has-post-thumbnail","6":"product_cat-birds-de","7":"product_cat-ohrschmuck","8":"product_cat-unikate","10":"first","11":"instock","12":"taxable","13":"shipping-taxable","14":"purchasable","15":"product-type-simple"},"yoast_head":"<!-- This site is optimized with the Yoast SEO plugin v27.3 - https:\/\/yoast.com\/product\/yoast-seo-wordpress\/ -->\n<title>ART Ohrrine Birds - Lisa Kroeber Jewellery Art<\/title>\n<meta name=\"robots\" content=\"index, follow, max-snippet:-1, max-image-preview:large, max-video-preview:-1\" \/>\n<link rel=\"canonical\" href=\"https:\/\/lisakroeber.com\/de\/produkt\/art-ohrrine-birds\/\" \/>\n<meta property=\"og:locale\" content=\"de_DE\" \/>\n<meta property=\"og:type\" content=\"article\" \/>\n<meta property=\"og:title\" content=\"ART Ohrrine Birds - Lisa Kroeber Jewellery Art\" \/>\n<meta property=\"og:description\" content=\"Birds Ohrringe Frei. Verspielt. Ausdrucksstark.  Die Birds Ohrringe sind eine Neuinterpretation meiner Silver Bird Ohrringe. Als Teil der Unique Art Pieces Kollektion greifen sie die vertraute Vogel-Form auf und interpretieren sie neu \u2014 durch Farbe, Schichtung und Bewegung. Mehrere Elemente verbinden sich zu einer lebendigen Komposition: Fl\u00fcgel \u00fcberlagern sich, Farben treten in Dialog, und die V\u00f6gel scheinen sich im Flug zu befinden \u2014 leicht, fr\u00f6hlich und voller Energie. Entstanden w\u00e4hrend des reflektierenden Schaffensprozesses der \/15\/ Ausstellung, stehen diese Ohrringe f\u00fcr den Dialog zwischen Vergangenheit und Gegenwart \u2014 und f\u00fcr die Frage, wie sich ein langj\u00e4hriges Design weiterentwickeln kann, ohne seinen Geist zu verlieren. Jedes Paar existiert nur ein einziges Mal.Ein tragbares Kunstwerk, das Freiheit, Fantasie und den Mut feiert, immer weiterzufliegen. Kollektion: Unique Art Pieces Materialien: pulverbeschichtetes Messing, Plexiglas, Sterlingsilber Ma\u00dfe: 8,8 cm \u00d7 6,2 cm Gewicht: 14,93 g Der Schmuck wird innerhalb von 1\u20135 Werktagen versendet. Die Ohrringe werden in einer Geschenkbox geliefert.\" \/>\n<meta property=\"og:url\" content=\"https:\/\/lisakroeber.com\/de\/produkt\/art-ohrrine-birds\/\" \/>\n<meta property=\"og:site_name\" content=\"Lisa Kroeber Jewellery Art\" \/>\n<meta property=\"article:modified_time\" content=\"2026-01-23T19:35:08+00:00\" \/>\n<meta property=\"og:image\" content=\"https:\/\/lisakroeber.com\/wp-content\/uploads\/2026\/01\/BIRDS-ART-1-scaled.jpg\" \/>\n\t<meta property=\"og:image:width\" content=\"2560\" \/>\n\t<meta property=\"og:image:height\" content=\"2560\" \/>\n\t<meta property=\"og:image:type\" content=\"image\/jpeg\" \/>\n<meta name=\"twitter:card\" content=\"summary_large_image\" \/>\n<script type=\"application\/ld+json\" class=\"yoast-schema-graph\">{\"@context\":\"https:\\\/\\\/schema.org\",\"@graph\":[{\"@type\":\"WebPage\",\"@id\":\"https:\\\/\\\/lisakroeber.com\\\/de\\\/produkt\\\/art-ohrrine-birds\\\/\",\"url\":\"https:\\\/\\\/lisakroeber.com\\\/de\\\/produkt\\\/art-ohrrine-birds\\\/\",\"name\":\"ART Ohrrine Birds - Lisa Kroeber Jewellery Art\",\"isPartOf\":{\"@id\":\"https:\\\/\\\/lisakroeber.com\\\/#website\"},\"primaryImageOfPage\":{\"@id\":\"https:\\\/\\\/lisakroeber.com\\\/de\\\/produkt\\\/art-ohrrine-birds\\\/#primaryimage\"},\"image\":{\"@id\":\"https:\\\/\\\/lisakroeber.com\\\/de\\\/produkt\\\/art-ohrrine-birds\\\/#primaryimage\"},\"thumbnailUrl\":\"https:\\\/\\\/lisakroeber.com\\\/wp-content\\\/uploads\\\/2026\\\/01\\\/BIRDS-ART-1-scaled.jpg\",\"datePublished\":\"2026-01-22T11:50:23+00:00\",\"dateModified\":\"2026-01-23T19:35:08+00:00\",\"breadcrumb\":{\"@id\":\"https:\\\/\\\/lisakroeber.com\\\/de\\\/produkt\\\/art-ohrrine-birds\\\/#breadcrumb\"},\"inLanguage\":\"de\",\"potentialAction\":[{\"@type\":\"ReadAction\",\"target\":[\"https:\\\/\\\/lisakroeber.com\\\/de\\\/produkt\\\/art-ohrrine-birds\\\/\"]}]},{\"@type\":\"ImageObject\",\"inLanguage\":\"de\",\"@id\":\"https:\\\/\\\/lisakroeber.com\\\/de\\\/produkt\\\/art-ohrrine-birds\\\/#primaryimage\",\"url\":\"https:\\\/\\\/lisakroeber.com\\\/wp-content\\\/uploads\\\/2026\\\/01\\\/BIRDS-ART-1-scaled.jpg\",\"contentUrl\":\"https:\\\/\\\/lisakroeber.com\\\/wp-content\\\/uploads\\\/2026\\\/01\\\/BIRDS-ART-1-scaled.jpg\",\"width\":2560,\"height\":2560},{\"@type\":\"BreadcrumbList\",\"@id\":\"https:\\\/\\\/lisakroeber.com\\\/de\\\/produkt\\\/art-ohrrine-birds\\\/#breadcrumb\",\"itemListElement\":[{\"@type\":\"ListItem\",\"position\":1,\"name\":\"Home\",\"item\":\"https:\\\/\\\/lisakroeber.com\\\/de\\\/\"},{\"@type\":\"ListItem\",\"position\":2,\"name\":\"Gesch\u00e4ft\",\"item\":\"https:\\\/\\\/lisakroeber.com\\\/de\\\/geschaeft\\\/\"},{\"@type\":\"ListItem\",\"position\":3,\"name\":\"ART Ohrrine Birds\"}]},{\"@type\":\"WebSite\",\"@id\":\"https:\\\/\\\/lisakroeber.com\\\/#website\",\"url\":\"https:\\\/\\\/lisakroeber.com\\\/\",\"name\":\"Lisa Kroeber Jewellery Art\",\"description\":\"Lisa Kroeber Jewellery Art e-shop\",\"publisher\":{\"@id\":\"https:\\\/\\\/lisakroeber.com\\\/#organization\"},\"potentialAction\":[{\"@type\":\"SearchAction\",\"target\":{\"@type\":\"EntryPoint\",\"urlTemplate\":\"https:\\\/\\\/lisakroeber.com\\\/?s={search_term_string}\"},\"query-input\":{\"@type\":\"PropertyValueSpecification\",\"valueRequired\":true,\"valueName\":\"search_term_string\"}}],\"inLanguage\":\"de\"},{\"@type\":\"Organization\",\"@id\":\"https:\\\/\\\/lisakroeber.com\\\/#organization\",\"name\":\"Lisa Kroeber Jewellery\",\"url\":\"https:\\\/\\\/lisakroeber.com\\\/\",\"logo\":{\"@type\":\"ImageObject\",\"inLanguage\":\"de\",\"@id\":\"https:\\\/\\\/lisakroeber.com\\\/#\\\/schema\\\/logo\\\/image\\\/\",\"url\":\"https:\\\/\\\/lisakroeber.com\\\/wp-content\\\/uploads\\\/2024\\\/07\\\/47178367_317322115661289_143956003702964224_n-e1543863670541.svg\",\"contentUrl\":\"https:\\\/\\\/lisakroeber.com\\\/wp-content\\\/uploads\\\/2024\\\/07\\\/47178367_317322115661289_143956003702964224_n-e1543863670541.svg\",\"width\":1,\"height\":1,\"caption\":\"Lisa Kroeber Jewellery\"},\"image\":{\"@id\":\"https:\\\/\\\/lisakroeber.com\\\/#\\\/schema\\\/logo\\\/image\\\/\"}}]}<\/script>\n<!-- \/ Yoast SEO plugin. -->","yoast_head_json":{"title":"ART Ohrrine Birds - Lisa Kroeber Jewellery Art","robots":{"index":"index","follow":"follow","max-snippet":"max-snippet:-1","max-image-preview":"max-image-preview:large","max-video-preview":"max-video-preview:-1"},"canonical":"https:\/\/lisakroeber.com\/de\/produkt\/art-ohrrine-birds\/","og_locale":"de_DE","og_type":"article","og_title":"ART Ohrrine Birds - Lisa Kroeber Jewellery Art","og_description":"Birds Ohrringe Frei. Verspielt. Ausdrucksstark.  Die Birds Ohrringe sind eine Neuinterpretation meiner Silver Bird Ohrringe. Als Teil der Unique Art Pieces Kollektion greifen sie die vertraute Vogel-Form auf und interpretieren sie neu \u2014 durch Farbe, Schichtung und Bewegung. Mehrere Elemente verbinden sich zu einer lebendigen Komposition: Fl\u00fcgel \u00fcberlagern sich, Farben treten in Dialog, und die V\u00f6gel scheinen sich im Flug zu befinden \u2014 leicht, fr\u00f6hlich und voller Energie. Entstanden w\u00e4hrend des reflektierenden Schaffensprozesses der \/15\/ Ausstellung, stehen diese Ohrringe f\u00fcr den Dialog zwischen Vergangenheit und Gegenwart \u2014 und f\u00fcr die Frage, wie sich ein langj\u00e4hriges Design weiterentwickeln kann, ohne seinen Geist zu verlieren. Jedes Paar existiert nur ein einziges Mal.Ein tragbares Kunstwerk, das Freiheit, Fantasie und den Mut feiert, immer weiterzufliegen. Kollektion: Unique Art Pieces Materialien: pulverbeschichtetes Messing, Plexiglas, Sterlingsilber Ma\u00dfe: 8,8 cm \u00d7 6,2 cm Gewicht: 14,93 g Der Schmuck wird innerhalb von 1\u20135 Werktagen versendet. Die Ohrringe werden in einer Geschenkbox geliefert.","og_url":"https:\/\/lisakroeber.com\/de\/produkt\/art-ohrrine-birds\/","og_site_name":"Lisa Kroeber Jewellery Art","article_modified_time":"2026-01-23T19:35:08+00:00","og_image":[{"width":2560,"height":2560,"url":"https:\/\/lisakroeber.com\/wp-content\/uploads\/2026\/01\/BIRDS-ART-1-scaled.jpg","type":"image\/jpeg"}],"twitter_card":"summary_large_image","schema":{"@context":"https:\/\/schema.org","@graph":[{"@type":"WebPage","@id":"https:\/\/lisakroeber.com\/de\/produkt\/art-ohrrine-birds\/","url":"https:\/\/lisakroeber.com\/de\/produkt\/art-ohrrine-birds\/","name":"ART Ohrrine Birds - Lisa Kroeber Jewellery Art","isPartOf":{"@id":"https:\/\/lisakroeber.com\/#website"},"primaryImageOfPage":{"@id":"https:\/\/lisakroeber.com\/de\/produkt\/art-ohrrine-birds\/#primaryimage"},"image":{"@id":"https:\/\/lisakroeber.com\/de\/produkt\/art-ohrrine-birds\/#primaryimage"},"thumbnailUrl":"https:\/\/lisakroeber.com\/wp-content\/uploads\/2026\/01\/BIRDS-ART-1-scaled.jpg","datePublished":"2026-01-22T11:50:23+00:00","dateModified":"2026-01-23T19:35:08+00:00","breadcrumb":{"@id":"https:\/\/lisakroeber.com\/de\/produkt\/art-ohrrine-birds\/#breadcrumb"},"inLanguage":"de","potentialAction":[{"@type":"ReadAction","target":["https:\/\/lisakroeber.com\/de\/produkt\/art-ohrrine-birds\/"]}]},{"@type":"ImageObject","inLanguage":"de","@id":"https:\/\/lisakroeber.com\/de\/produkt\/art-ohrrine-birds\/#primaryimage","url":"https:\/\/lisakroeber.com\/wp-content\/uploads\/2026\/01\/BIRDS-ART-1-scaled.jpg","contentUrl":"https:\/\/lisakroeber.com\/wp-content\/uploads\/2026\/01\/BIRDS-ART-1-scaled.jpg","width":2560,"height":2560},{"@type":"BreadcrumbList","@id":"https:\/\/lisakroeber.com\/de\/produkt\/art-ohrrine-birds\/#breadcrumb","itemListElement":[{"@type":"ListItem","position":1,"name":"Home","item":"https:\/\/lisakroeber.com\/de\/"},{"@type":"ListItem","position":2,"name":"Gesch\u00e4ft","item":"https:\/\/lisakroeber.com\/de\/geschaeft\/"},{"@type":"ListItem","position":3,"name":"ART Ohrrine Birds"}]},{"@type":"WebSite","@id":"https:\/\/lisakroeber.com\/#website","url":"https:\/\/lisakroeber.com\/","name":"Lisa Kroeber Jewellery Art","description":"Lisa Kroeber Jewellery Art e-shop","publisher":{"@id":"https:\/\/lisakroeber.com\/#organization"},"potentialAction":[{"@type":"SearchAction","target":{"@type":"EntryPoint","urlTemplate":"https:\/\/lisakroeber.com\/?s={search_term_string}"},"query-input":{"@type":"PropertyValueSpecification","valueRequired":true,"valueName":"search_term_string"}}],"inLanguage":"de"},{"@type":"Organization","@id":"https:\/\/lisakroeber.com\/#organization","name":"Lisa Kroeber Jewellery","url":"https:\/\/lisakroeber.com\/","logo":{"@type":"ImageObject","inLanguage":"de","@id":"https:\/\/lisakroeber.com\/#\/schema\/logo\/image\/","url":"https:\/\/lisakroeber.com\/wp-content\/uploads\/2024\/07\/47178367_317322115661289_143956003702964224_n-e1543863670541.svg","contentUrl":"https:\/\/lisakroeber.com\/wp-content\/uploads\/2024\/07\/47178367_317322115661289_143956003702964224_n-e1543863670541.svg","width":1,"height":1,"caption":"Lisa Kroeber Jewellery"},"image":{"@id":"https:\/\/lisakroeber.com\/#\/schema\/logo\/image\/"}}]}},"_links":{"self":[{"href":"https:\/\/lisakroeber.com\/de\/wp-json\/wp\/v2\/product\/310537","targetHints":{"allow":["GET"]}}],"collection":[{"href":"https:\/\/lisakroeber.com\/de\/wp-json\/wp\/v2\/product"}],"about":[{"href":"https:\/\/lisakroeber.com\/de\/wp-json\/wp\/v2\/types\/product"}],"wp:featuredmedia":[{"embeddable":true,"href":"https:\/\/lisakroeber.com\/de\/wp-json\/wp\/v2\/media\/310337"}],"wp:attachment":[{"href":"https:\/\/lisakroeber.com\/de\/wp-json\/wp\/v2\/media?parent=310537"}],"wp:term":[{"taxonomy":"product_brand","embeddable":true,"href":"https:\/\/lisakroeber.com\/de\/wp-json\/wp\/v2\/product_brand?post=310537"},{"taxonomy":"product_cat","embeddable":true,"href":"https:\/\/lisakroeber.com\/de\/wp-json\/wp\/v2\/product_cat?post=310537"},{"taxonomy":"product_tag","embeddable":true,"href":"https:\/\/lisakroeber.com\/de\/wp-json\/wp\/v2\/product_tag?post=310537"}],"curies":[{"name":"wp","href":"https:\/\/api.w.org\/{rel}","templated":true}]}}