{"id":310539,"date":"2026-01-22T13:25:45","date_gmt":"2026-01-22T11:25:45","guid":{"rendered":"https:\/\/lisakroeber.com\/product\/art-broschetubes-ii\/"},"modified":"2026-03-15T20:29:12","modified_gmt":"2026-03-15T18:29:12","slug":"art-broschetubes-ii","status":"publish","type":"product","link":"https:\/\/lisakroeber.com\/de\/produkt\/art-broschetubes-ii\/","title":{"rendered":"ART BroscheTubes II"},"content":{"rendered":"","protected":false},"excerpt":{"rendered":"<p data-start=\"0\" data-end=\"17\"><strong>Tube Brosche II<\/strong><br \/>\nGrafisch. Verspielt. Einzigartig.  <\/p>\n<p data-start=\"84\" data-end=\"354\">Die <em>Tube Brosche<\/em> aus der <em data-start=\"113\" data-end=\"132\">Unique Art Pieces Kollektion<\/em> ist eine farbenfrohe Neuinterpretation der klassischen Tubes-Serie. Schlanke, pulverbeschichtete R\u00f6hren sind zu einer geschichteten, beinahe rhythmischen Komposition angeordnet, in der Farbe, L\u00e4nge und Abst\u00e4nde Bewegung und visuelle Spannung erzeugen. <\/p>\n<p data-start=\"356\" data-end=\"647\">Entstanden im Kontext der \/<strong data-start=\"386\" data-end=\"394\">15<\/strong>\/ Ausstellung, spiegelt dieses Schmuckst\u00fcck einen Moment wider, in dem R\u00fcckblick und Aufbruch gleichzeitig stattfinden. Eine vertraute Serie wird zum Ausgangspunkt f\u00fcr Experimente \u2014 die Komposition ist freier, das Ergebnis skulpturaler als je zuvor. <\/p>\n<p data-start=\"649\" data-end=\"908\">Trotz ihrer grafischen Pr\u00e4senz bleibt die Brosche leicht und angenehm zu tragen. Jede Tube Brosche wird von Hand gefertigt und existiert als Unikat \u2014 ein kleines tragbares Kunstwerk, das Prozess, Neugier und die Freude am Wiederentdecken von Form durch Farbe feiert. <\/p>\n<p>Kollektion: Unique Art Pieces<\/p>\n<p>Materialien: pulverbeschichtetes Messing, Sterlingsilber, Edelstahl<\/p>\n<p>Ma\u00dfe: 6,5cm x 2,5cm<\/p>\n<p>Gewicht: 15,16g<\/p>\n<p>Der Schmuck wird innerhalb von 1\u20135 Werktagen versendet.<\/p>\n<p>Die Brosche wird in einer Geschenkbox geliefert.<\/p>\n","protected":false},"featured_media":310323,"template":"","meta":{"content-type":""},"product_brand":[],"product_cat":[339,470,1285],"product_tag":[],"class_list":{"0":"post-310539","1":"product","2":"type-product","3":"status-publish","4":"has-post-thumbnail","6":"product_cat-broschen","7":"product_cat-tubes-de","8":"product_cat-unikate","10":"first","11":"outofstock","12":"taxable","13":"shipping-taxable","14":"purchasable","15":"product-type-simple"},"yoast_head":"<!-- This site is optimized with the Yoast SEO plugin v27.3 - https:\/\/yoast.com\/product\/yoast-seo-wordpress\/ -->\n<title>ART BroscheTubes II - Lisa Kroeber Jewellery Art<\/title>\n<meta name=\"robots\" content=\"index, follow, max-snippet:-1, max-image-preview:large, max-video-preview:-1\" \/>\n<link rel=\"canonical\" href=\"https:\/\/lisakroeber.com\/de\/produkt\/art-broschetubes-ii\/\" \/>\n<meta property=\"og:locale\" content=\"de_DE\" \/>\n<meta property=\"og:type\" content=\"article\" \/>\n<meta property=\"og:title\" content=\"ART BroscheTubes II - Lisa Kroeber Jewellery Art\" \/>\n<meta property=\"og:description\" content=\"Tube Brosche II Grafisch. Verspielt. Einzigartig.  Die Tube Brosche aus der Unique Art Pieces Kollektion ist eine farbenfrohe Neuinterpretation der klassischen Tubes-Serie. Schlanke, pulverbeschichtete R\u00f6hren sind zu einer geschichteten, beinahe rhythmischen Komposition angeordnet, in der Farbe, L\u00e4nge und Abst\u00e4nde Bewegung und visuelle Spannung erzeugen. Entstanden im Kontext der \/15\/ Ausstellung, spiegelt dieses Schmuckst\u00fcck einen Moment wider, in dem R\u00fcckblick und Aufbruch gleichzeitig stattfinden. Eine vertraute Serie wird zum Ausgangspunkt f\u00fcr Experimente \u2014 die Komposition ist freier, das Ergebnis skulpturaler als je zuvor. Trotz ihrer grafischen Pr\u00e4senz bleibt die Brosche leicht und angenehm zu tragen. Jede Tube Brosche wird von Hand gefertigt und existiert als Unikat \u2014 ein kleines tragbares Kunstwerk, das Prozess, Neugier und die Freude am Wiederentdecken von Form durch Farbe feiert. Kollektion: Unique Art Pieces Materialien: pulverbeschichtetes Messing, Sterlingsilber, Edelstahl Ma\u00dfe: 6,5cm x 2,5cm Gewicht: 15,16g Der Schmuck wird innerhalb von 1\u20135 Werktagen versendet. Die Brosche wird in einer Geschenkbox geliefert.\" \/>\n<meta property=\"og:url\" content=\"https:\/\/lisakroeber.com\/de\/produkt\/art-broschetubes-ii\/\" \/>\n<meta property=\"og:site_name\" content=\"Lisa Kroeber Jewellery Art\" \/>\n<meta property=\"article:modified_time\" content=\"2026-03-15T18:29:12+00:00\" \/>\n<meta property=\"og:image\" content=\"https:\/\/lisakroeber.com\/wp-content\/uploads\/2026\/01\/Pross2-ART-scaled.jpg\" \/>\n\t<meta property=\"og:image:width\" content=\"2560\" \/>\n\t<meta property=\"og:image:height\" content=\"2560\" \/>\n\t<meta property=\"og:image:type\" content=\"image\/jpeg\" \/>\n<meta name=\"twitter:card\" content=\"summary_large_image\" \/>\n<script type=\"application\/ld+json\" class=\"yoast-schema-graph\">{\"@context\":\"https:\\\/\\\/schema.org\",\"@graph\":[{\"@type\":\"WebPage\",\"@id\":\"https:\\\/\\\/lisakroeber.com\\\/de\\\/produkt\\\/art-broschetubes-ii\\\/\",\"url\":\"https:\\\/\\\/lisakroeber.com\\\/de\\\/produkt\\\/art-broschetubes-ii\\\/\",\"name\":\"ART BroscheTubes II - Lisa Kroeber Jewellery Art\",\"isPartOf\":{\"@id\":\"https:\\\/\\\/lisakroeber.com\\\/#website\"},\"primaryImageOfPage\":{\"@id\":\"https:\\\/\\\/lisakroeber.com\\\/de\\\/produkt\\\/art-broschetubes-ii\\\/#primaryimage\"},\"image\":{\"@id\":\"https:\\\/\\\/lisakroeber.com\\\/de\\\/produkt\\\/art-broschetubes-ii\\\/#primaryimage\"},\"thumbnailUrl\":\"https:\\\/\\\/lisakroeber.com\\\/wp-content\\\/uploads\\\/2026\\\/01\\\/Pross2-ART-scaled.jpg\",\"datePublished\":\"2026-01-22T11:25:45+00:00\",\"dateModified\":\"2026-03-15T18:29:12+00:00\",\"breadcrumb\":{\"@id\":\"https:\\\/\\\/lisakroeber.com\\\/de\\\/produkt\\\/art-broschetubes-ii\\\/#breadcrumb\"},\"inLanguage\":\"de\",\"potentialAction\":[{\"@type\":\"ReadAction\",\"target\":[\"https:\\\/\\\/lisakroeber.com\\\/de\\\/produkt\\\/art-broschetubes-ii\\\/\"]}]},{\"@type\":\"ImageObject\",\"inLanguage\":\"de\",\"@id\":\"https:\\\/\\\/lisakroeber.com\\\/de\\\/produkt\\\/art-broschetubes-ii\\\/#primaryimage\",\"url\":\"https:\\\/\\\/lisakroeber.com\\\/wp-content\\\/uploads\\\/2026\\\/01\\\/Pross2-ART-scaled.jpg\",\"contentUrl\":\"https:\\\/\\\/lisakroeber.com\\\/wp-content\\\/uploads\\\/2026\\\/01\\\/Pross2-ART-scaled.jpg\",\"width\":2560,\"height\":2560},{\"@type\":\"BreadcrumbList\",\"@id\":\"https:\\\/\\\/lisakroeber.com\\\/de\\\/produkt\\\/art-broschetubes-ii\\\/#breadcrumb\",\"itemListElement\":[{\"@type\":\"ListItem\",\"position\":1,\"name\":\"Home\",\"item\":\"https:\\\/\\\/lisakroeber.com\\\/de\\\/\"},{\"@type\":\"ListItem\",\"position\":2,\"name\":\"Gesch\u00e4ft\",\"item\":\"https:\\\/\\\/lisakroeber.com\\\/de\\\/geschaeft\\\/\"},{\"@type\":\"ListItem\",\"position\":3,\"name\":\"ART BroscheTubes II\"}]},{\"@type\":\"WebSite\",\"@id\":\"https:\\\/\\\/lisakroeber.com\\\/#website\",\"url\":\"https:\\\/\\\/lisakroeber.com\\\/\",\"name\":\"Lisa Kroeber Jewellery Art\",\"description\":\"Lisa Kroeber Jewellery Art e-shop\",\"publisher\":{\"@id\":\"https:\\\/\\\/lisakroeber.com\\\/#organization\"},\"potentialAction\":[{\"@type\":\"SearchAction\",\"target\":{\"@type\":\"EntryPoint\",\"urlTemplate\":\"https:\\\/\\\/lisakroeber.com\\\/?s={search_term_string}\"},\"query-input\":{\"@type\":\"PropertyValueSpecification\",\"valueRequired\":true,\"valueName\":\"search_term_string\"}}],\"inLanguage\":\"de\"},{\"@type\":\"Organization\",\"@id\":\"https:\\\/\\\/lisakroeber.com\\\/#organization\",\"name\":\"Lisa Kroeber Jewellery\",\"url\":\"https:\\\/\\\/lisakroeber.com\\\/\",\"logo\":{\"@type\":\"ImageObject\",\"inLanguage\":\"de\",\"@id\":\"https:\\\/\\\/lisakroeber.com\\\/#\\\/schema\\\/logo\\\/image\\\/\",\"url\":\"https:\\\/\\\/lisakroeber.com\\\/wp-content\\\/uploads\\\/2024\\\/07\\\/47178367_317322115661289_143956003702964224_n-e1543863670541.svg\",\"contentUrl\":\"https:\\\/\\\/lisakroeber.com\\\/wp-content\\\/uploads\\\/2024\\\/07\\\/47178367_317322115661289_143956003702964224_n-e1543863670541.svg\",\"width\":1,\"height\":1,\"caption\":\"Lisa Kroeber Jewellery\"},\"image\":{\"@id\":\"https:\\\/\\\/lisakroeber.com\\\/#\\\/schema\\\/logo\\\/image\\\/\"}}]}<\/script>\n<!-- \/ Yoast SEO plugin. -->","yoast_head_json":{"title":"ART BroscheTubes II - Lisa Kroeber Jewellery Art","robots":{"index":"index","follow":"follow","max-snippet":"max-snippet:-1","max-image-preview":"max-image-preview:large","max-video-preview":"max-video-preview:-1"},"canonical":"https:\/\/lisakroeber.com\/de\/produkt\/art-broschetubes-ii\/","og_locale":"de_DE","og_type":"article","og_title":"ART BroscheTubes II - Lisa Kroeber Jewellery Art","og_description":"Tube Brosche II Grafisch. Verspielt. Einzigartig.  Die Tube Brosche aus der Unique Art Pieces Kollektion ist eine farbenfrohe Neuinterpretation der klassischen Tubes-Serie. Schlanke, pulverbeschichtete R\u00f6hren sind zu einer geschichteten, beinahe rhythmischen Komposition angeordnet, in der Farbe, L\u00e4nge und Abst\u00e4nde Bewegung und visuelle Spannung erzeugen. Entstanden im Kontext der \/15\/ Ausstellung, spiegelt dieses Schmuckst\u00fcck einen Moment wider, in dem R\u00fcckblick und Aufbruch gleichzeitig stattfinden. Eine vertraute Serie wird zum Ausgangspunkt f\u00fcr Experimente \u2014 die Komposition ist freier, das Ergebnis skulpturaler als je zuvor. Trotz ihrer grafischen Pr\u00e4senz bleibt die Brosche leicht und angenehm zu tragen. Jede Tube Brosche wird von Hand gefertigt und existiert als Unikat \u2014 ein kleines tragbares Kunstwerk, das Prozess, Neugier und die Freude am Wiederentdecken von Form durch Farbe feiert. Kollektion: Unique Art Pieces Materialien: pulverbeschichtetes Messing, Sterlingsilber, Edelstahl Ma\u00dfe: 6,5cm x 2,5cm Gewicht: 15,16g Der Schmuck wird innerhalb von 1\u20135 Werktagen versendet. Die Brosche wird in einer Geschenkbox geliefert.","og_url":"https:\/\/lisakroeber.com\/de\/produkt\/art-broschetubes-ii\/","og_site_name":"Lisa Kroeber Jewellery Art","article_modified_time":"2026-03-15T18:29:12+00:00","og_image":[{"width":2560,"height":2560,"url":"https:\/\/lisakroeber.com\/wp-content\/uploads\/2026\/01\/Pross2-ART-scaled.jpg","type":"image\/jpeg"}],"twitter_card":"summary_large_image","schema":{"@context":"https:\/\/schema.org","@graph":[{"@type":"WebPage","@id":"https:\/\/lisakroeber.com\/de\/produkt\/art-broschetubes-ii\/","url":"https:\/\/lisakroeber.com\/de\/produkt\/art-broschetubes-ii\/","name":"ART BroscheTubes II - Lisa Kroeber Jewellery Art","isPartOf":{"@id":"https:\/\/lisakroeber.com\/#website"},"primaryImageOfPage":{"@id":"https:\/\/lisakroeber.com\/de\/produkt\/art-broschetubes-ii\/#primaryimage"},"image":{"@id":"https:\/\/lisakroeber.com\/de\/produkt\/art-broschetubes-ii\/#primaryimage"},"thumbnailUrl":"https:\/\/lisakroeber.com\/wp-content\/uploads\/2026\/01\/Pross2-ART-scaled.jpg","datePublished":"2026-01-22T11:25:45+00:00","dateModified":"2026-03-15T18:29:12+00:00","breadcrumb":{"@id":"https:\/\/lisakroeber.com\/de\/produkt\/art-broschetubes-ii\/#breadcrumb"},"inLanguage":"de","potentialAction":[{"@type":"ReadAction","target":["https:\/\/lisakroeber.com\/de\/produkt\/art-broschetubes-ii\/"]}]},{"@type":"ImageObject","inLanguage":"de","@id":"https:\/\/lisakroeber.com\/de\/produkt\/art-broschetubes-ii\/#primaryimage","url":"https:\/\/lisakroeber.com\/wp-content\/uploads\/2026\/01\/Pross2-ART-scaled.jpg","contentUrl":"https:\/\/lisakroeber.com\/wp-content\/uploads\/2026\/01\/Pross2-ART-scaled.jpg","width":2560,"height":2560},{"@type":"BreadcrumbList","@id":"https:\/\/lisakroeber.com\/de\/produkt\/art-broschetubes-ii\/#breadcrumb","itemListElement":[{"@type":"ListItem","position":1,"name":"Home","item":"https:\/\/lisakroeber.com\/de\/"},{"@type":"ListItem","position":2,"name":"Gesch\u00e4ft","item":"https:\/\/lisakroeber.com\/de\/geschaeft\/"},{"@type":"ListItem","position":3,"name":"ART BroscheTubes II"}]},{"@type":"WebSite","@id":"https:\/\/lisakroeber.com\/#website","url":"https:\/\/lisakroeber.com\/","name":"Lisa Kroeber Jewellery Art","description":"Lisa Kroeber Jewellery Art e-shop","publisher":{"@id":"https:\/\/lisakroeber.com\/#organization"},"potentialAction":[{"@type":"SearchAction","target":{"@type":"EntryPoint","urlTemplate":"https:\/\/lisakroeber.com\/?s={search_term_string}"},"query-input":{"@type":"PropertyValueSpecification","valueRequired":true,"valueName":"search_term_string"}}],"inLanguage":"de"},{"@type":"Organization","@id":"https:\/\/lisakroeber.com\/#organization","name":"Lisa Kroeber Jewellery","url":"https:\/\/lisakroeber.com\/","logo":{"@type":"ImageObject","inLanguage":"de","@id":"https:\/\/lisakroeber.com\/#\/schema\/logo\/image\/","url":"https:\/\/lisakroeber.com\/wp-content\/uploads\/2024\/07\/47178367_317322115661289_143956003702964224_n-e1543863670541.svg","contentUrl":"https:\/\/lisakroeber.com\/wp-content\/uploads\/2024\/07\/47178367_317322115661289_143956003702964224_n-e1543863670541.svg","width":1,"height":1,"caption":"Lisa Kroeber Jewellery"},"image":{"@id":"https:\/\/lisakroeber.com\/#\/schema\/logo\/image\/"}}]}},"_links":{"self":[{"href":"https:\/\/lisakroeber.com\/de\/wp-json\/wp\/v2\/product\/310539","targetHints":{"allow":["GET"]}}],"collection":[{"href":"https:\/\/lisakroeber.com\/de\/wp-json\/wp\/v2\/product"}],"about":[{"href":"https:\/\/lisakroeber.com\/de\/wp-json\/wp\/v2\/types\/product"}],"wp:featuredmedia":[{"embeddable":true,"href":"https:\/\/lisakroeber.com\/de\/wp-json\/wp\/v2\/media\/310323"}],"wp:attachment":[{"href":"https:\/\/lisakroeber.com\/de\/wp-json\/wp\/v2\/media?parent=310539"}],"wp:term":[{"taxonomy":"product_brand","embeddable":true,"href":"https:\/\/lisakroeber.com\/de\/wp-json\/wp\/v2\/product_brand?post=310539"},{"taxonomy":"product_cat","embeddable":true,"href":"https:\/\/lisakroeber.com\/de\/wp-json\/wp\/v2\/product_cat?post=310539"},{"taxonomy":"product_tag","embeddable":true,"href":"https:\/\/lisakroeber.com\/de\/wp-json\/wp\/v2\/product_tag?post=310539"}],"curies":[{"name":"wp","href":"https:\/\/api.w.org\/{rel}","templated":true}]}}