{"id":310541,"date":"2026-01-22T11:50:49","date_gmt":"2026-01-22T09:50:49","guid":{"rendered":"https:\/\/lisakroeber.com\/product\/art-brosche-tube-i\/"},"modified":"2026-01-23T22:03:20","modified_gmt":"2026-01-23T20:03:20","slug":"art-brosche-tube-i","status":"publish","type":"product","link":"https:\/\/lisakroeber.com\/de\/produkt\/art-brosche-tube-i\/","title":{"rendered":"ART Brosche Tube I"},"content":{"rendered":"","protected":false},"excerpt":{"rendered":"<p data-start=\"196\" data-end=\"213\"><strong>Tube Brosche I<\/strong><br \/>\nGrafisch. Skulptural. Durchdacht.<\/p>\n<p data-start=\"278\" data-end=\"502\">Die Tube Brosche ist eine skulpturale Komposition aus linearen Elementen \u2014 reduziert auf Rhythmus, Struktur und Balance. Schlanke R\u00f6hren formen eine ruhige und zugleich ausdrucksstarke grafische Oberfl\u00e4che mit architektonischer Tiefe. <\/p>\n<p data-start=\"504\" data-end=\"740\">Entstanden als Teil der \/<strong data-start=\"527\" data-end=\"535\">15<\/strong>\/ Ausstellung, spiegelt dieses Schmuckst\u00fcck einen Moment der Neuinterpretation und des Dialogs zwischen Vergangenheit und Gegenwart wider. Eine vertraute Form wird aus ihrem urspr\u00fcnglichen Kontext gel\u00f6st und in ein eigenst\u00e4ndiges k\u00fcnstlerisches Objekt verwandelt. <\/p>\n<p data-start=\"742\" data-end=\"958\">In der Farbe minimal, im Ausdruck kraftvoll, die Brosche wird zu einem tragbaren Statement: mutig und zugleich leise, strukturiert und dennoch poetisch. Im Rahmen eines reflektierenden kreativen Prozesses entstanden, existiert diese Brosche nur ein einziges Mal. Ein kleines tragbares Kunstwerk, das Experimentierfreude, Neugier und die Freude am Wiederentdecken von Form einf\u00e4ngt.  <\/p>\n<p>Kollektion: Unique Art Pieces<\/p>\n<p>Materialien: pulverbeschichtetes Messing, Sterlingsilber, Edelstahl<\/p>\n<p>Ma\u00dfe: 9,5cm x 4,7cm<\/p>\n<p>Gewicht: 31,10g<\/p>\n<p>Der Schmuck wird innerhalb von 1\u20135 Werktagen versendet.<\/p>\n<p>Die Brosche wird in einer Geschenkbox geliefert.<\/p>\n","protected":false},"featured_media":310317,"template":"","meta":{"content-type":""},"product_brand":[],"product_cat":[339,470,1285],"product_tag":[],"class_list":{"0":"post-310541","1":"product","2":"type-product","3":"status-publish","4":"has-post-thumbnail","6":"product_cat-broschen","7":"product_cat-tubes-de","8":"product_cat-unikate","10":"first","11":"instock","12":"taxable","13":"shipping-taxable","14":"purchasable","15":"product-type-simple"},"yoast_head":"<!-- This site is optimized with the Yoast SEO plugin v27.3 - https:\/\/yoast.com\/product\/yoast-seo-wordpress\/ -->\n<title>ART Brosche Tube I - Lisa Kroeber Jewellery Art<\/title>\n<meta name=\"robots\" content=\"index, follow, max-snippet:-1, max-image-preview:large, max-video-preview:-1\" \/>\n<link rel=\"canonical\" href=\"https:\/\/lisakroeber.com\/de\/produkt\/art-brosche-tube-i\/\" \/>\n<meta property=\"og:locale\" content=\"de_DE\" \/>\n<meta property=\"og:type\" content=\"article\" \/>\n<meta property=\"og:title\" content=\"ART Brosche Tube I - Lisa Kroeber Jewellery Art\" \/>\n<meta property=\"og:description\" content=\"Tube Brosche I Grafisch. Skulptural. Durchdacht. Die Tube Brosche ist eine skulpturale Komposition aus linearen Elementen \u2014 reduziert auf Rhythmus, Struktur und Balance. Schlanke R\u00f6hren formen eine ruhige und zugleich ausdrucksstarke grafische Oberfl\u00e4che mit architektonischer Tiefe. Entstanden als Teil der \/15\/ Ausstellung, spiegelt dieses Schmuckst\u00fcck einen Moment der Neuinterpretation und des Dialogs zwischen Vergangenheit und Gegenwart wider. Eine vertraute Form wird aus ihrem urspr\u00fcnglichen Kontext gel\u00f6st und in ein eigenst\u00e4ndiges k\u00fcnstlerisches Objekt verwandelt. In der Farbe minimal, im Ausdruck kraftvoll, die Brosche wird zu einem tragbaren Statement: mutig und zugleich leise, strukturiert und dennoch poetisch. Im Rahmen eines reflektierenden kreativen Prozesses entstanden, existiert diese Brosche nur ein einziges Mal. Ein kleines tragbares Kunstwerk, das Experimentierfreude, Neugier und die Freude am Wiederentdecken von Form einf\u00e4ngt.  Kollektion: Unique Art Pieces Materialien: pulverbeschichtetes Messing, Sterlingsilber, Edelstahl Ma\u00dfe: 9,5cm x 4,7cm Gewicht: 31,10g Der Schmuck wird innerhalb von 1\u20135 Werktagen versendet. Die Brosche wird in einer Geschenkbox geliefert.\" \/>\n<meta property=\"og:url\" content=\"https:\/\/lisakroeber.com\/de\/produkt\/art-brosche-tube-i\/\" \/>\n<meta property=\"og:site_name\" content=\"Lisa Kroeber Jewellery Art\" \/>\n<meta property=\"article:modified_time\" content=\"2026-01-23T20:03:20+00:00\" \/>\n<meta property=\"og:image\" content=\"https:\/\/lisakroeber.com\/wp-content\/uploads\/2026\/01\/Pross-black-2-ART.jpg\" \/>\n\t<meta property=\"og:image:width\" content=\"2540\" \/>\n\t<meta property=\"og:image:height\" content=\"2540\" \/>\n\t<meta property=\"og:image:type\" content=\"image\/jpeg\" \/>\n<meta name=\"twitter:card\" content=\"summary_large_image\" \/>\n<script type=\"application\/ld+json\" class=\"yoast-schema-graph\">{\"@context\":\"https:\\\/\\\/schema.org\",\"@graph\":[{\"@type\":\"WebPage\",\"@id\":\"https:\\\/\\\/lisakroeber.com\\\/de\\\/produkt\\\/art-brosche-tube-i\\\/\",\"url\":\"https:\\\/\\\/lisakroeber.com\\\/de\\\/produkt\\\/art-brosche-tube-i\\\/\",\"name\":\"ART Brosche Tube I - Lisa Kroeber Jewellery Art\",\"isPartOf\":{\"@id\":\"https:\\\/\\\/lisakroeber.com\\\/#website\"},\"primaryImageOfPage\":{\"@id\":\"https:\\\/\\\/lisakroeber.com\\\/de\\\/produkt\\\/art-brosche-tube-i\\\/#primaryimage\"},\"image\":{\"@id\":\"https:\\\/\\\/lisakroeber.com\\\/de\\\/produkt\\\/art-brosche-tube-i\\\/#primaryimage\"},\"thumbnailUrl\":\"https:\\\/\\\/lisakroeber.com\\\/wp-content\\\/uploads\\\/2026\\\/01\\\/Pross-black-2-ART.jpg\",\"datePublished\":\"2026-01-22T09:50:49+00:00\",\"dateModified\":\"2026-01-23T20:03:20+00:00\",\"breadcrumb\":{\"@id\":\"https:\\\/\\\/lisakroeber.com\\\/de\\\/produkt\\\/art-brosche-tube-i\\\/#breadcrumb\"},\"inLanguage\":\"de\",\"potentialAction\":[{\"@type\":\"ReadAction\",\"target\":[\"https:\\\/\\\/lisakroeber.com\\\/de\\\/produkt\\\/art-brosche-tube-i\\\/\"]}]},{\"@type\":\"ImageObject\",\"inLanguage\":\"de\",\"@id\":\"https:\\\/\\\/lisakroeber.com\\\/de\\\/produkt\\\/art-brosche-tube-i\\\/#primaryimage\",\"url\":\"https:\\\/\\\/lisakroeber.com\\\/wp-content\\\/uploads\\\/2026\\\/01\\\/Pross-black-2-ART.jpg\",\"contentUrl\":\"https:\\\/\\\/lisakroeber.com\\\/wp-content\\\/uploads\\\/2026\\\/01\\\/Pross-black-2-ART.jpg\",\"width\":2540,\"height\":2540},{\"@type\":\"BreadcrumbList\",\"@id\":\"https:\\\/\\\/lisakroeber.com\\\/de\\\/produkt\\\/art-brosche-tube-i\\\/#breadcrumb\",\"itemListElement\":[{\"@type\":\"ListItem\",\"position\":1,\"name\":\"Home\",\"item\":\"https:\\\/\\\/lisakroeber.com\\\/de\\\/\"},{\"@type\":\"ListItem\",\"position\":2,\"name\":\"Gesch\u00e4ft\",\"item\":\"https:\\\/\\\/lisakroeber.com\\\/de\\\/geschaeft\\\/\"},{\"@type\":\"ListItem\",\"position\":3,\"name\":\"ART Brosche Tube I\"}]},{\"@type\":\"WebSite\",\"@id\":\"https:\\\/\\\/lisakroeber.com\\\/#website\",\"url\":\"https:\\\/\\\/lisakroeber.com\\\/\",\"name\":\"Lisa Kroeber Jewellery Art\",\"description\":\"Lisa Kroeber Jewellery Art e-shop\",\"publisher\":{\"@id\":\"https:\\\/\\\/lisakroeber.com\\\/#organization\"},\"potentialAction\":[{\"@type\":\"SearchAction\",\"target\":{\"@type\":\"EntryPoint\",\"urlTemplate\":\"https:\\\/\\\/lisakroeber.com\\\/?s={search_term_string}\"},\"query-input\":{\"@type\":\"PropertyValueSpecification\",\"valueRequired\":true,\"valueName\":\"search_term_string\"}}],\"inLanguage\":\"de\"},{\"@type\":\"Organization\",\"@id\":\"https:\\\/\\\/lisakroeber.com\\\/#organization\",\"name\":\"Lisa Kroeber Jewellery\",\"url\":\"https:\\\/\\\/lisakroeber.com\\\/\",\"logo\":{\"@type\":\"ImageObject\",\"inLanguage\":\"de\",\"@id\":\"https:\\\/\\\/lisakroeber.com\\\/#\\\/schema\\\/logo\\\/image\\\/\",\"url\":\"https:\\\/\\\/lisakroeber.com\\\/wp-content\\\/uploads\\\/2024\\\/07\\\/47178367_317322115661289_143956003702964224_n-e1543863670541.svg\",\"contentUrl\":\"https:\\\/\\\/lisakroeber.com\\\/wp-content\\\/uploads\\\/2024\\\/07\\\/47178367_317322115661289_143956003702964224_n-e1543863670541.svg\",\"width\":1,\"height\":1,\"caption\":\"Lisa Kroeber Jewellery\"},\"image\":{\"@id\":\"https:\\\/\\\/lisakroeber.com\\\/#\\\/schema\\\/logo\\\/image\\\/\"}}]}<\/script>\n<!-- \/ Yoast SEO plugin. -->","yoast_head_json":{"title":"ART Brosche Tube I - Lisa Kroeber Jewellery Art","robots":{"index":"index","follow":"follow","max-snippet":"max-snippet:-1","max-image-preview":"max-image-preview:large","max-video-preview":"max-video-preview:-1"},"canonical":"https:\/\/lisakroeber.com\/de\/produkt\/art-brosche-tube-i\/","og_locale":"de_DE","og_type":"article","og_title":"ART Brosche Tube I - Lisa Kroeber Jewellery Art","og_description":"Tube Brosche I Grafisch. Skulptural. Durchdacht. Die Tube Brosche ist eine skulpturale Komposition aus linearen Elementen \u2014 reduziert auf Rhythmus, Struktur und Balance. Schlanke R\u00f6hren formen eine ruhige und zugleich ausdrucksstarke grafische Oberfl\u00e4che mit architektonischer Tiefe. Entstanden als Teil der \/15\/ Ausstellung, spiegelt dieses Schmuckst\u00fcck einen Moment der Neuinterpretation und des Dialogs zwischen Vergangenheit und Gegenwart wider. Eine vertraute Form wird aus ihrem urspr\u00fcnglichen Kontext gel\u00f6st und in ein eigenst\u00e4ndiges k\u00fcnstlerisches Objekt verwandelt. In der Farbe minimal, im Ausdruck kraftvoll, die Brosche wird zu einem tragbaren Statement: mutig und zugleich leise, strukturiert und dennoch poetisch. Im Rahmen eines reflektierenden kreativen Prozesses entstanden, existiert diese Brosche nur ein einziges Mal. Ein kleines tragbares Kunstwerk, das Experimentierfreude, Neugier und die Freude am Wiederentdecken von Form einf\u00e4ngt.  Kollektion: Unique Art Pieces Materialien: pulverbeschichtetes Messing, Sterlingsilber, Edelstahl Ma\u00dfe: 9,5cm x 4,7cm Gewicht: 31,10g Der Schmuck wird innerhalb von 1\u20135 Werktagen versendet. Die Brosche wird in einer Geschenkbox geliefert.","og_url":"https:\/\/lisakroeber.com\/de\/produkt\/art-brosche-tube-i\/","og_site_name":"Lisa Kroeber Jewellery Art","article_modified_time":"2026-01-23T20:03:20+00:00","og_image":[{"width":2540,"height":2540,"url":"https:\/\/lisakroeber.com\/wp-content\/uploads\/2026\/01\/Pross-black-2-ART.jpg","type":"image\/jpeg"}],"twitter_card":"summary_large_image","schema":{"@context":"https:\/\/schema.org","@graph":[{"@type":"WebPage","@id":"https:\/\/lisakroeber.com\/de\/produkt\/art-brosche-tube-i\/","url":"https:\/\/lisakroeber.com\/de\/produkt\/art-brosche-tube-i\/","name":"ART Brosche Tube I - Lisa Kroeber Jewellery Art","isPartOf":{"@id":"https:\/\/lisakroeber.com\/#website"},"primaryImageOfPage":{"@id":"https:\/\/lisakroeber.com\/de\/produkt\/art-brosche-tube-i\/#primaryimage"},"image":{"@id":"https:\/\/lisakroeber.com\/de\/produkt\/art-brosche-tube-i\/#primaryimage"},"thumbnailUrl":"https:\/\/lisakroeber.com\/wp-content\/uploads\/2026\/01\/Pross-black-2-ART.jpg","datePublished":"2026-01-22T09:50:49+00:00","dateModified":"2026-01-23T20:03:20+00:00","breadcrumb":{"@id":"https:\/\/lisakroeber.com\/de\/produkt\/art-brosche-tube-i\/#breadcrumb"},"inLanguage":"de","potentialAction":[{"@type":"ReadAction","target":["https:\/\/lisakroeber.com\/de\/produkt\/art-brosche-tube-i\/"]}]},{"@type":"ImageObject","inLanguage":"de","@id":"https:\/\/lisakroeber.com\/de\/produkt\/art-brosche-tube-i\/#primaryimage","url":"https:\/\/lisakroeber.com\/wp-content\/uploads\/2026\/01\/Pross-black-2-ART.jpg","contentUrl":"https:\/\/lisakroeber.com\/wp-content\/uploads\/2026\/01\/Pross-black-2-ART.jpg","width":2540,"height":2540},{"@type":"BreadcrumbList","@id":"https:\/\/lisakroeber.com\/de\/produkt\/art-brosche-tube-i\/#breadcrumb","itemListElement":[{"@type":"ListItem","position":1,"name":"Home","item":"https:\/\/lisakroeber.com\/de\/"},{"@type":"ListItem","position":2,"name":"Gesch\u00e4ft","item":"https:\/\/lisakroeber.com\/de\/geschaeft\/"},{"@type":"ListItem","position":3,"name":"ART Brosche Tube I"}]},{"@type":"WebSite","@id":"https:\/\/lisakroeber.com\/#website","url":"https:\/\/lisakroeber.com\/","name":"Lisa Kroeber Jewellery Art","description":"Lisa Kroeber Jewellery Art e-shop","publisher":{"@id":"https:\/\/lisakroeber.com\/#organization"},"potentialAction":[{"@type":"SearchAction","target":{"@type":"EntryPoint","urlTemplate":"https:\/\/lisakroeber.com\/?s={search_term_string}"},"query-input":{"@type":"PropertyValueSpecification","valueRequired":true,"valueName":"search_term_string"}}],"inLanguage":"de"},{"@type":"Organization","@id":"https:\/\/lisakroeber.com\/#organization","name":"Lisa Kroeber Jewellery","url":"https:\/\/lisakroeber.com\/","logo":{"@type":"ImageObject","inLanguage":"de","@id":"https:\/\/lisakroeber.com\/#\/schema\/logo\/image\/","url":"https:\/\/lisakroeber.com\/wp-content\/uploads\/2024\/07\/47178367_317322115661289_143956003702964224_n-e1543863670541.svg","contentUrl":"https:\/\/lisakroeber.com\/wp-content\/uploads\/2024\/07\/47178367_317322115661289_143956003702964224_n-e1543863670541.svg","width":1,"height":1,"caption":"Lisa Kroeber Jewellery"},"image":{"@id":"https:\/\/lisakroeber.com\/#\/schema\/logo\/image\/"}}]}},"_links":{"self":[{"href":"https:\/\/lisakroeber.com\/de\/wp-json\/wp\/v2\/product\/310541","targetHints":{"allow":["GET"]}}],"collection":[{"href":"https:\/\/lisakroeber.com\/de\/wp-json\/wp\/v2\/product"}],"about":[{"href":"https:\/\/lisakroeber.com\/de\/wp-json\/wp\/v2\/types\/product"}],"wp:featuredmedia":[{"embeddable":true,"href":"https:\/\/lisakroeber.com\/de\/wp-json\/wp\/v2\/media\/310317"}],"wp:attachment":[{"href":"https:\/\/lisakroeber.com\/de\/wp-json\/wp\/v2\/media?parent=310541"}],"wp:term":[{"taxonomy":"product_brand","embeddable":true,"href":"https:\/\/lisakroeber.com\/de\/wp-json\/wp\/v2\/product_brand?post=310541"},{"taxonomy":"product_cat","embeddable":true,"href":"https:\/\/lisakroeber.com\/de\/wp-json\/wp\/v2\/product_cat?post=310541"},{"taxonomy":"product_tag","embeddable":true,"href":"https:\/\/lisakroeber.com\/de\/wp-json\/wp\/v2\/product_tag?post=310541"}],"curies":[{"name":"wp","href":"https:\/\/api.w.org\/{rel}","templated":true}]}}