{"id":310545,"date":"2026-01-22T11:28:41","date_gmt":"2026-01-22T09:28:41","guid":{"rendered":"https:\/\/lisakroeber.com\/product\/art-ohrringe-leaves-ii\/"},"modified":"2026-01-23T22:25:45","modified_gmt":"2026-01-23T20:25:45","slug":"art-ohrringe-leaves-ii","status":"publish","type":"product","link":"https:\/\/lisakroeber.com\/de\/produkt\/art-ohrringe-leaves-ii\/","title":{"rendered":"ART Ohrringe Leaves II"},"content":{"rendered":"","protected":false},"excerpt":{"rendered":"<p data-start=\"0\" data-end=\"53\"><strong data-start=\"0\" data-end=\"19\">Leaves Ohrringe II<\/strong><br data-start=\"19\" data-end=\"22\">Einzigartig. Warm. Wandelbar.  <\/p>\n<p data-start=\"55\" data-end=\"320\">Die <em data-start=\"59\" data-end=\"67\">Leaves Ohrringe <\/em>geh\u00f6ren zur Unique Art Pieces Kollektion, eine neue Interpretation der vertrauten Leaves-Form. Inspiriert von fr\u00fcheren Entw\u00fcrfen erforscht dieses Schmuckst\u00fcck, wie Farbe und Proportion eine bekannte Form in etwas v\u00f6llig Neues verwandeln k\u00f6nnen. <\/p>\n<p data-start=\"322\" data-end=\"557\">Sanft gebogene Blattsilhouetten entfalten sich in warmen, erdigen Farbt\u00f6nen und erzeugen Tiefe sowie ein feines Gef\u00fchl von Bewegung. Die verlaufende Oberfl\u00e4che verleiht dem Schmuck emotionale Wirkung und Atmosph\u00e4re, jede Ohrringform wird zu einer stillen visuellen Reise zwischen Licht und Schatten. <\/p>\n<p data-start=\"559\" data-end=\"760\" data-is-last-node=\"\" data-is-only-node=\"\">Dieses Paar existiert als einzigartiges Kunstwerk. Schmuck, geschaffen als Moment in der Zeit \u2014 gedacht, um als Kunst getragen zu werden, nicht nur als Accessoire. <\/p>\n<p>Kollektion: Unique Art Pieces<\/p>\n<p>Materialien: pulverbeschichtetes Messing, Sterlingsilber<\/p>\n<p>Ma\u00dfe: 3,5cm x 11cm<\/p>\n<p>Gewicht: 12,8g<\/p>\n<p>Der Schmuck wird innerhalb von 1\u20135 Werktagen versendet.<\/p>\n<p>Die Ohrringe werden in einer Geschenkbox geliefert.<\/p>\n","protected":false},"featured_media":310291,"template":"","meta":{"content-type":""},"product_brand":[],"product_cat":[442,344,1285],"product_tag":[],"class_list":{"0":"post-310545","1":"product","2":"type-product","3":"status-publish","4":"has-post-thumbnail","6":"product_cat-leaves-de","7":"product_cat-ohrschmuck","8":"product_cat-unikate","10":"first","11":"instock","12":"taxable","13":"shipping-taxable","14":"purchasable","15":"product-type-simple"},"yoast_head":"<!-- This site is optimized with the Yoast SEO plugin v27.3 - https:\/\/yoast.com\/product\/yoast-seo-wordpress\/ -->\n<title>ART Ohrringe Leaves II - Lisa Kroeber Jewellery Art<\/title>\n<meta name=\"robots\" content=\"index, follow, max-snippet:-1, max-image-preview:large, max-video-preview:-1\" \/>\n<link rel=\"canonical\" href=\"https:\/\/lisakroeber.com\/de\/produkt\/art-ohrringe-leaves-ii\/\" \/>\n<meta property=\"og:locale\" content=\"de_DE\" \/>\n<meta property=\"og:type\" content=\"article\" \/>\n<meta property=\"og:title\" content=\"ART Ohrringe Leaves II - Lisa Kroeber Jewellery Art\" \/>\n<meta property=\"og:description\" content=\"Leaves Ohrringe IIEinzigartig. Warm. Wandelbar.  Die Leaves Ohrringe geh\u00f6ren zur Unique Art Pieces Kollektion, eine neue Interpretation der vertrauten Leaves-Form. Inspiriert von fr\u00fcheren Entw\u00fcrfen erforscht dieses Schmuckst\u00fcck, wie Farbe und Proportion eine bekannte Form in etwas v\u00f6llig Neues verwandeln k\u00f6nnen. Sanft gebogene Blattsilhouetten entfalten sich in warmen, erdigen Farbt\u00f6nen und erzeugen Tiefe sowie ein feines Gef\u00fchl von Bewegung. Die verlaufende Oberfl\u00e4che verleiht dem Schmuck emotionale Wirkung und Atmosph\u00e4re, jede Ohrringform wird zu einer stillen visuellen Reise zwischen Licht und Schatten. Dieses Paar existiert als einzigartiges Kunstwerk. Schmuck, geschaffen als Moment in der Zeit \u2014 gedacht, um als Kunst getragen zu werden, nicht nur als Accessoire. Kollektion: Unique Art Pieces Materialien: pulverbeschichtetes Messing, Sterlingsilber Ma\u00dfe: 3,5cm x 11cm Gewicht: 12,8g Der Schmuck wird innerhalb von 1\u20135 Werktagen versendet. Die Ohrringe werden in einer Geschenkbox geliefert.\" \/>\n<meta property=\"og:url\" content=\"https:\/\/lisakroeber.com\/de\/produkt\/art-ohrringe-leaves-ii\/\" \/>\n<meta property=\"og:site_name\" content=\"Lisa Kroeber Jewellery Art\" \/>\n<meta property=\"article:modified_time\" content=\"2026-01-23T20:25:45+00:00\" \/>\n<meta property=\"og:image\" content=\"https:\/\/lisakroeber.com\/wp-content\/uploads\/2026\/01\/Leaves-braun-ART-scaled.jpg\" \/>\n\t<meta property=\"og:image:width\" content=\"2560\" \/>\n\t<meta property=\"og:image:height\" content=\"2560\" \/>\n\t<meta property=\"og:image:type\" content=\"image\/jpeg\" \/>\n<meta name=\"twitter:card\" content=\"summary_large_image\" \/>\n<script type=\"application\/ld+json\" class=\"yoast-schema-graph\">{\"@context\":\"https:\\\/\\\/schema.org\",\"@graph\":[{\"@type\":\"WebPage\",\"@id\":\"https:\\\/\\\/lisakroeber.com\\\/de\\\/produkt\\\/art-ohrringe-leaves-ii\\\/\",\"url\":\"https:\\\/\\\/lisakroeber.com\\\/de\\\/produkt\\\/art-ohrringe-leaves-ii\\\/\",\"name\":\"ART Ohrringe Leaves II - Lisa Kroeber Jewellery Art\",\"isPartOf\":{\"@id\":\"https:\\\/\\\/lisakroeber.com\\\/#website\"},\"primaryImageOfPage\":{\"@id\":\"https:\\\/\\\/lisakroeber.com\\\/de\\\/produkt\\\/art-ohrringe-leaves-ii\\\/#primaryimage\"},\"image\":{\"@id\":\"https:\\\/\\\/lisakroeber.com\\\/de\\\/produkt\\\/art-ohrringe-leaves-ii\\\/#primaryimage\"},\"thumbnailUrl\":\"https:\\\/\\\/lisakroeber.com\\\/wp-content\\\/uploads\\\/2026\\\/01\\\/Leaves-braun-ART-scaled.jpg\",\"datePublished\":\"2026-01-22T09:28:41+00:00\",\"dateModified\":\"2026-01-23T20:25:45+00:00\",\"breadcrumb\":{\"@id\":\"https:\\\/\\\/lisakroeber.com\\\/de\\\/produkt\\\/art-ohrringe-leaves-ii\\\/#breadcrumb\"},\"inLanguage\":\"de\",\"potentialAction\":[{\"@type\":\"ReadAction\",\"target\":[\"https:\\\/\\\/lisakroeber.com\\\/de\\\/produkt\\\/art-ohrringe-leaves-ii\\\/\"]}]},{\"@type\":\"ImageObject\",\"inLanguage\":\"de\",\"@id\":\"https:\\\/\\\/lisakroeber.com\\\/de\\\/produkt\\\/art-ohrringe-leaves-ii\\\/#primaryimage\",\"url\":\"https:\\\/\\\/lisakroeber.com\\\/wp-content\\\/uploads\\\/2026\\\/01\\\/Leaves-braun-ART-scaled.jpg\",\"contentUrl\":\"https:\\\/\\\/lisakroeber.com\\\/wp-content\\\/uploads\\\/2026\\\/01\\\/Leaves-braun-ART-scaled.jpg\",\"width\":2560,\"height\":2560},{\"@type\":\"BreadcrumbList\",\"@id\":\"https:\\\/\\\/lisakroeber.com\\\/de\\\/produkt\\\/art-ohrringe-leaves-ii\\\/#breadcrumb\",\"itemListElement\":[{\"@type\":\"ListItem\",\"position\":1,\"name\":\"Home\",\"item\":\"https:\\\/\\\/lisakroeber.com\\\/de\\\/\"},{\"@type\":\"ListItem\",\"position\":2,\"name\":\"Gesch\u00e4ft\",\"item\":\"https:\\\/\\\/lisakroeber.com\\\/de\\\/geschaeft\\\/\"},{\"@type\":\"ListItem\",\"position\":3,\"name\":\"ART Ohrringe Leaves II\"}]},{\"@type\":\"WebSite\",\"@id\":\"https:\\\/\\\/lisakroeber.com\\\/#website\",\"url\":\"https:\\\/\\\/lisakroeber.com\\\/\",\"name\":\"Lisa Kroeber Jewellery Art\",\"description\":\"Lisa Kroeber Jewellery Art e-shop\",\"publisher\":{\"@id\":\"https:\\\/\\\/lisakroeber.com\\\/#organization\"},\"potentialAction\":[{\"@type\":\"SearchAction\",\"target\":{\"@type\":\"EntryPoint\",\"urlTemplate\":\"https:\\\/\\\/lisakroeber.com\\\/?s={search_term_string}\"},\"query-input\":{\"@type\":\"PropertyValueSpecification\",\"valueRequired\":true,\"valueName\":\"search_term_string\"}}],\"inLanguage\":\"de\"},{\"@type\":\"Organization\",\"@id\":\"https:\\\/\\\/lisakroeber.com\\\/#organization\",\"name\":\"Lisa Kroeber Jewellery\",\"url\":\"https:\\\/\\\/lisakroeber.com\\\/\",\"logo\":{\"@type\":\"ImageObject\",\"inLanguage\":\"de\",\"@id\":\"https:\\\/\\\/lisakroeber.com\\\/#\\\/schema\\\/logo\\\/image\\\/\",\"url\":\"https:\\\/\\\/lisakroeber.com\\\/wp-content\\\/uploads\\\/2024\\\/07\\\/47178367_317322115661289_143956003702964224_n-e1543863670541.svg\",\"contentUrl\":\"https:\\\/\\\/lisakroeber.com\\\/wp-content\\\/uploads\\\/2024\\\/07\\\/47178367_317322115661289_143956003702964224_n-e1543863670541.svg\",\"width\":1,\"height\":1,\"caption\":\"Lisa Kroeber Jewellery\"},\"image\":{\"@id\":\"https:\\\/\\\/lisakroeber.com\\\/#\\\/schema\\\/logo\\\/image\\\/\"}}]}<\/script>\n<!-- \/ Yoast SEO plugin. -->","yoast_head_json":{"title":"ART Ohrringe Leaves II - Lisa Kroeber Jewellery Art","robots":{"index":"index","follow":"follow","max-snippet":"max-snippet:-1","max-image-preview":"max-image-preview:large","max-video-preview":"max-video-preview:-1"},"canonical":"https:\/\/lisakroeber.com\/de\/produkt\/art-ohrringe-leaves-ii\/","og_locale":"de_DE","og_type":"article","og_title":"ART Ohrringe Leaves II - Lisa Kroeber Jewellery Art","og_description":"Leaves Ohrringe IIEinzigartig. Warm. Wandelbar.  Die Leaves Ohrringe geh\u00f6ren zur Unique Art Pieces Kollektion, eine neue Interpretation der vertrauten Leaves-Form. Inspiriert von fr\u00fcheren Entw\u00fcrfen erforscht dieses Schmuckst\u00fcck, wie Farbe und Proportion eine bekannte Form in etwas v\u00f6llig Neues verwandeln k\u00f6nnen. Sanft gebogene Blattsilhouetten entfalten sich in warmen, erdigen Farbt\u00f6nen und erzeugen Tiefe sowie ein feines Gef\u00fchl von Bewegung. Die verlaufende Oberfl\u00e4che verleiht dem Schmuck emotionale Wirkung und Atmosph\u00e4re, jede Ohrringform wird zu einer stillen visuellen Reise zwischen Licht und Schatten. Dieses Paar existiert als einzigartiges Kunstwerk. Schmuck, geschaffen als Moment in der Zeit \u2014 gedacht, um als Kunst getragen zu werden, nicht nur als Accessoire. Kollektion: Unique Art Pieces Materialien: pulverbeschichtetes Messing, Sterlingsilber Ma\u00dfe: 3,5cm x 11cm Gewicht: 12,8g Der Schmuck wird innerhalb von 1\u20135 Werktagen versendet. Die Ohrringe werden in einer Geschenkbox geliefert.","og_url":"https:\/\/lisakroeber.com\/de\/produkt\/art-ohrringe-leaves-ii\/","og_site_name":"Lisa Kroeber Jewellery Art","article_modified_time":"2026-01-23T20:25:45+00:00","og_image":[{"width":2560,"height":2560,"url":"https:\/\/lisakroeber.com\/wp-content\/uploads\/2026\/01\/Leaves-braun-ART-scaled.jpg","type":"image\/jpeg"}],"twitter_card":"summary_large_image","schema":{"@context":"https:\/\/schema.org","@graph":[{"@type":"WebPage","@id":"https:\/\/lisakroeber.com\/de\/produkt\/art-ohrringe-leaves-ii\/","url":"https:\/\/lisakroeber.com\/de\/produkt\/art-ohrringe-leaves-ii\/","name":"ART Ohrringe Leaves II - Lisa Kroeber Jewellery Art","isPartOf":{"@id":"https:\/\/lisakroeber.com\/#website"},"primaryImageOfPage":{"@id":"https:\/\/lisakroeber.com\/de\/produkt\/art-ohrringe-leaves-ii\/#primaryimage"},"image":{"@id":"https:\/\/lisakroeber.com\/de\/produkt\/art-ohrringe-leaves-ii\/#primaryimage"},"thumbnailUrl":"https:\/\/lisakroeber.com\/wp-content\/uploads\/2026\/01\/Leaves-braun-ART-scaled.jpg","datePublished":"2026-01-22T09:28:41+00:00","dateModified":"2026-01-23T20:25:45+00:00","breadcrumb":{"@id":"https:\/\/lisakroeber.com\/de\/produkt\/art-ohrringe-leaves-ii\/#breadcrumb"},"inLanguage":"de","potentialAction":[{"@type":"ReadAction","target":["https:\/\/lisakroeber.com\/de\/produkt\/art-ohrringe-leaves-ii\/"]}]},{"@type":"ImageObject","inLanguage":"de","@id":"https:\/\/lisakroeber.com\/de\/produkt\/art-ohrringe-leaves-ii\/#primaryimage","url":"https:\/\/lisakroeber.com\/wp-content\/uploads\/2026\/01\/Leaves-braun-ART-scaled.jpg","contentUrl":"https:\/\/lisakroeber.com\/wp-content\/uploads\/2026\/01\/Leaves-braun-ART-scaled.jpg","width":2560,"height":2560},{"@type":"BreadcrumbList","@id":"https:\/\/lisakroeber.com\/de\/produkt\/art-ohrringe-leaves-ii\/#breadcrumb","itemListElement":[{"@type":"ListItem","position":1,"name":"Home","item":"https:\/\/lisakroeber.com\/de\/"},{"@type":"ListItem","position":2,"name":"Gesch\u00e4ft","item":"https:\/\/lisakroeber.com\/de\/geschaeft\/"},{"@type":"ListItem","position":3,"name":"ART Ohrringe Leaves II"}]},{"@type":"WebSite","@id":"https:\/\/lisakroeber.com\/#website","url":"https:\/\/lisakroeber.com\/","name":"Lisa Kroeber Jewellery Art","description":"Lisa Kroeber Jewellery Art e-shop","publisher":{"@id":"https:\/\/lisakroeber.com\/#organization"},"potentialAction":[{"@type":"SearchAction","target":{"@type":"EntryPoint","urlTemplate":"https:\/\/lisakroeber.com\/?s={search_term_string}"},"query-input":{"@type":"PropertyValueSpecification","valueRequired":true,"valueName":"search_term_string"}}],"inLanguage":"de"},{"@type":"Organization","@id":"https:\/\/lisakroeber.com\/#organization","name":"Lisa Kroeber Jewellery","url":"https:\/\/lisakroeber.com\/","logo":{"@type":"ImageObject","inLanguage":"de","@id":"https:\/\/lisakroeber.com\/#\/schema\/logo\/image\/","url":"https:\/\/lisakroeber.com\/wp-content\/uploads\/2024\/07\/47178367_317322115661289_143956003702964224_n-e1543863670541.svg","contentUrl":"https:\/\/lisakroeber.com\/wp-content\/uploads\/2024\/07\/47178367_317322115661289_143956003702964224_n-e1543863670541.svg","width":1,"height":1,"caption":"Lisa Kroeber Jewellery"},"image":{"@id":"https:\/\/lisakroeber.com\/#\/schema\/logo\/image\/"}}]}},"_links":{"self":[{"href":"https:\/\/lisakroeber.com\/de\/wp-json\/wp\/v2\/product\/310545","targetHints":{"allow":["GET"]}}],"collection":[{"href":"https:\/\/lisakroeber.com\/de\/wp-json\/wp\/v2\/product"}],"about":[{"href":"https:\/\/lisakroeber.com\/de\/wp-json\/wp\/v2\/types\/product"}],"wp:featuredmedia":[{"embeddable":true,"href":"https:\/\/lisakroeber.com\/de\/wp-json\/wp\/v2\/media\/310291"}],"wp:attachment":[{"href":"https:\/\/lisakroeber.com\/de\/wp-json\/wp\/v2\/media?parent=310545"}],"wp:term":[{"taxonomy":"product_brand","embeddable":true,"href":"https:\/\/lisakroeber.com\/de\/wp-json\/wp\/v2\/product_brand?post=310545"},{"taxonomy":"product_cat","embeddable":true,"href":"https:\/\/lisakroeber.com\/de\/wp-json\/wp\/v2\/product_cat?post=310545"},{"taxonomy":"product_tag","embeddable":true,"href":"https:\/\/lisakroeber.com\/de\/wp-json\/wp\/v2\/product_tag?post=310545"}],"curies":[{"name":"wp","href":"https:\/\/api.w.org\/{rel}","templated":true}]}}