{"id":310759,"date":"2026-03-10T11:52:57","date_gmt":"2026-03-10T09:52:57","guid":{"rendered":"https:\/\/lisakroeber.com\/?post_type=product&#038;p=310759"},"modified":"2026-03-14T08:44:54","modified_gmt":"2026-03-14T06:44:54","slug":"ring_leaves","status":"publish","type":"product","link":"https:\/\/lisakroeber.com\/de\/produkt\/ring_leaves\/","title":{"rendered":"Ringe Leaves"},"content":{"rendered":"","protected":false},"excerpt":{"rendered":"<p data-start=\"0\" data-end=\"50\"><strong data-start=\"0\" data-end=\"14\">Leaves Ringe<\/strong><br data-start=\"14\" data-end=\"17\" \/>Spiel. Farbe. Zeige deinen Stil.<\/p>\n<p data-start=\"52\" data-end=\"188\">Die <em>Leaves Ringe<\/em> sind markante, skulpturale Ringe mit einer sanft geschwungenen Form, die sich um den Finger legt und ein starkes, zugleich elegantes Statement setzt.<\/p>\n<p data-start=\"190\" data-end=\"290\">Der Ring ist auf der R\u00fcckseite offen, sodass die Ringgr\u00f6\u00dfe individuell angepasst werden kann und angenehm zu tragen ist.<\/p>\n<p data-start=\"292\" data-end=\"525\" data-is-last-node=\"\" data-is-only-node=\"\">Erh\u00e4ltlich in 28 verschiedenen Farben laden die Leaves Ringe dazu ein, mit Farbe, Stimmung und Stil zu spielen \u2014 von dezenten T\u00f6nen bis hin zu kr\u00e4ftigen Kontrasten. Jeder Ring setzt einen kleinen architektonischen Akzent an der Hand und bleibt dabei angenehm zu tragen.<\/p>\n","protected":false},"featured_media":311018,"template":"","meta":{"content-type":""},"product_brand":[],"product_cat":[341,442,1289],"product_tag":[1069],"class_list":{"0":"post-310759","1":"product","2":"type-product","3":"status-publish","4":"has-post-thumbnail","6":"product_cat-kollektionen","7":"product_cat-leaves-de","8":"product_cat-ringe","9":"product_tag-neu","11":"first","12":"instock","13":"taxable","14":"shipping-taxable","15":"purchasable","16":"product-type-variable"},"yoast_head":"<!-- This site is optimized with the Yoast SEO plugin v27.3 - https:\/\/yoast.com\/product\/yoast-seo-wordpress\/ -->\n<title>Ringe Leaves - Lisa Kroeber Jewellery Art<\/title>\n<meta name=\"robots\" content=\"index, follow, max-snippet:-1, max-image-preview:large, max-video-preview:-1\" \/>\n<link rel=\"canonical\" href=\"https:\/\/lisakroeber.com\/de\/produkt\/ring_leaves\/\" \/>\n<meta property=\"og:locale\" content=\"de_DE\" \/>\n<meta property=\"og:type\" content=\"article\" \/>\n<meta property=\"og:title\" content=\"Ringe Leaves - Lisa Kroeber Jewellery Art\" \/>\n<meta property=\"og:description\" content=\"Leaves RingeSpiel. Farbe. Zeige deinen Stil. Die Leaves Ringe sind markante, skulpturale Ringe mit einer sanft geschwungenen Form, die sich um den Finger legt und ein starkes, zugleich elegantes Statement setzt. Der Ring ist auf der R\u00fcckseite offen, sodass die Ringgr\u00f6\u00dfe individuell angepasst werden kann und angenehm zu tragen ist. Erh\u00e4ltlich in 28 verschiedenen Farben laden die Leaves Ringe dazu ein, mit Farbe, Stimmung und Stil zu spielen \u2014 von dezenten T\u00f6nen bis hin zu kr\u00e4ftigen Kontrasten. Jeder Ring setzt einen kleinen architektonischen Akzent an der Hand und bleibt dabei angenehm zu tragen.\" \/>\n<meta property=\"og:url\" content=\"https:\/\/lisakroeber.com\/de\/produkt\/ring_leaves\/\" \/>\n<meta property=\"og:site_name\" content=\"Lisa Kroeber Jewellery Art\" \/>\n<meta property=\"article:modified_time\" content=\"2026-03-14T06:44:54+00:00\" \/>\n<meta property=\"og:image\" content=\"https:\/\/lisakroeber.com\/wp-content\/uploads\/2026\/03\/Rings-4006-all-scaled.jpg\" \/>\n\t<meta property=\"og:image:width\" content=\"2560\" \/>\n\t<meta property=\"og:image:height\" content=\"2560\" \/>\n\t<meta property=\"og:image:type\" content=\"image\/jpeg\" \/>\n<meta name=\"twitter:card\" content=\"summary_large_image\" \/>\n<meta name=\"twitter:label1\" content=\"Gesch\u00e4tzte Lesezeit\" \/>\n\t<meta name=\"twitter:data1\" content=\"1\u00a0Minute\" \/>\n<script type=\"application\/ld+json\" class=\"yoast-schema-graph\">{\"@context\":\"https:\\\/\\\/schema.org\",\"@graph\":[{\"@type\":\"WebPage\",\"@id\":\"https:\\\/\\\/lisakroeber.com\\\/de\\\/produkt\\\/ring_leaves\\\/\",\"url\":\"https:\\\/\\\/lisakroeber.com\\\/de\\\/produkt\\\/ring_leaves\\\/\",\"name\":\"Ringe Leaves - Lisa Kroeber Jewellery Art\",\"isPartOf\":{\"@id\":\"https:\\\/\\\/lisakroeber.com\\\/#website\"},\"primaryImageOfPage\":{\"@id\":\"https:\\\/\\\/lisakroeber.com\\\/de\\\/produkt\\\/ring_leaves\\\/#primaryimage\"},\"image\":{\"@id\":\"https:\\\/\\\/lisakroeber.com\\\/de\\\/produkt\\\/ring_leaves\\\/#primaryimage\"},\"thumbnailUrl\":\"https:\\\/\\\/lisakroeber.com\\\/wp-content\\\/uploads\\\/2026\\\/03\\\/Rings-4006-all-scaled.jpg\",\"datePublished\":\"2026-03-10T09:52:57+00:00\",\"dateModified\":\"2026-03-14T06:44:54+00:00\",\"breadcrumb\":{\"@id\":\"https:\\\/\\\/lisakroeber.com\\\/de\\\/produkt\\\/ring_leaves\\\/#breadcrumb\"},\"inLanguage\":\"de\",\"potentialAction\":[{\"@type\":\"ReadAction\",\"target\":[\"https:\\\/\\\/lisakroeber.com\\\/de\\\/produkt\\\/ring_leaves\\\/\"]}]},{\"@type\":\"ImageObject\",\"inLanguage\":\"de\",\"@id\":\"https:\\\/\\\/lisakroeber.com\\\/de\\\/produkt\\\/ring_leaves\\\/#primaryimage\",\"url\":\"https:\\\/\\\/lisakroeber.com\\\/wp-content\\\/uploads\\\/2026\\\/03\\\/Rings-4006-all-scaled.jpg\",\"contentUrl\":\"https:\\\/\\\/lisakroeber.com\\\/wp-content\\\/uploads\\\/2026\\\/03\\\/Rings-4006-all-scaled.jpg\",\"width\":2560,\"height\":2560},{\"@type\":\"BreadcrumbList\",\"@id\":\"https:\\\/\\\/lisakroeber.com\\\/de\\\/produkt\\\/ring_leaves\\\/#breadcrumb\",\"itemListElement\":[{\"@type\":\"ListItem\",\"position\":1,\"name\":\"Home\",\"item\":\"https:\\\/\\\/lisakroeber.com\\\/de\\\/\"},{\"@type\":\"ListItem\",\"position\":2,\"name\":\"Gesch\u00e4ft\",\"item\":\"https:\\\/\\\/lisakroeber.com\\\/de\\\/geschaeft\\\/\"},{\"@type\":\"ListItem\",\"position\":3,\"name\":\"Ringe Leaves\"}]},{\"@type\":\"WebSite\",\"@id\":\"https:\\\/\\\/lisakroeber.com\\\/#website\",\"url\":\"https:\\\/\\\/lisakroeber.com\\\/\",\"name\":\"Lisa Kroeber Jewellery Art\",\"description\":\"Lisa Kroeber Jewellery Art e-shop\",\"publisher\":{\"@id\":\"https:\\\/\\\/lisakroeber.com\\\/#organization\"},\"potentialAction\":[{\"@type\":\"SearchAction\",\"target\":{\"@type\":\"EntryPoint\",\"urlTemplate\":\"https:\\\/\\\/lisakroeber.com\\\/?s={search_term_string}\"},\"query-input\":{\"@type\":\"PropertyValueSpecification\",\"valueRequired\":true,\"valueName\":\"search_term_string\"}}],\"inLanguage\":\"de\"},{\"@type\":\"Organization\",\"@id\":\"https:\\\/\\\/lisakroeber.com\\\/#organization\",\"name\":\"Lisa Kroeber Jewellery\",\"url\":\"https:\\\/\\\/lisakroeber.com\\\/\",\"logo\":{\"@type\":\"ImageObject\",\"inLanguage\":\"de\",\"@id\":\"https:\\\/\\\/lisakroeber.com\\\/#\\\/schema\\\/logo\\\/image\\\/\",\"url\":\"https:\\\/\\\/lisakroeber.com\\\/wp-content\\\/uploads\\\/2024\\\/07\\\/47178367_317322115661289_143956003702964224_n-e1543863670541.svg\",\"contentUrl\":\"https:\\\/\\\/lisakroeber.com\\\/wp-content\\\/uploads\\\/2024\\\/07\\\/47178367_317322115661289_143956003702964224_n-e1543863670541.svg\",\"width\":1,\"height\":1,\"caption\":\"Lisa Kroeber Jewellery\"},\"image\":{\"@id\":\"https:\\\/\\\/lisakroeber.com\\\/#\\\/schema\\\/logo\\\/image\\\/\"}}]}<\/script>\n<!-- \/ Yoast SEO plugin. -->","yoast_head_json":{"title":"Ringe Leaves - Lisa Kroeber Jewellery Art","robots":{"index":"index","follow":"follow","max-snippet":"max-snippet:-1","max-image-preview":"max-image-preview:large","max-video-preview":"max-video-preview:-1"},"canonical":"https:\/\/lisakroeber.com\/de\/produkt\/ring_leaves\/","og_locale":"de_DE","og_type":"article","og_title":"Ringe Leaves - Lisa Kroeber Jewellery Art","og_description":"Leaves RingeSpiel. Farbe. Zeige deinen Stil. Die Leaves Ringe sind markante, skulpturale Ringe mit einer sanft geschwungenen Form, die sich um den Finger legt und ein starkes, zugleich elegantes Statement setzt. Der Ring ist auf der R\u00fcckseite offen, sodass die Ringgr\u00f6\u00dfe individuell angepasst werden kann und angenehm zu tragen ist. Erh\u00e4ltlich in 28 verschiedenen Farben laden die Leaves Ringe dazu ein, mit Farbe, Stimmung und Stil zu spielen \u2014 von dezenten T\u00f6nen bis hin zu kr\u00e4ftigen Kontrasten. Jeder Ring setzt einen kleinen architektonischen Akzent an der Hand und bleibt dabei angenehm zu tragen.","og_url":"https:\/\/lisakroeber.com\/de\/produkt\/ring_leaves\/","og_site_name":"Lisa Kroeber Jewellery Art","article_modified_time":"2026-03-14T06:44:54+00:00","og_image":[{"width":2560,"height":2560,"url":"https:\/\/lisakroeber.com\/wp-content\/uploads\/2026\/03\/Rings-4006-all-scaled.jpg","type":"image\/jpeg"}],"twitter_card":"summary_large_image","twitter_misc":{"Gesch\u00e4tzte Lesezeit":"1\u00a0Minute"},"schema":{"@context":"https:\/\/schema.org","@graph":[{"@type":"WebPage","@id":"https:\/\/lisakroeber.com\/de\/produkt\/ring_leaves\/","url":"https:\/\/lisakroeber.com\/de\/produkt\/ring_leaves\/","name":"Ringe Leaves - Lisa Kroeber Jewellery Art","isPartOf":{"@id":"https:\/\/lisakroeber.com\/#website"},"primaryImageOfPage":{"@id":"https:\/\/lisakroeber.com\/de\/produkt\/ring_leaves\/#primaryimage"},"image":{"@id":"https:\/\/lisakroeber.com\/de\/produkt\/ring_leaves\/#primaryimage"},"thumbnailUrl":"https:\/\/lisakroeber.com\/wp-content\/uploads\/2026\/03\/Rings-4006-all-scaled.jpg","datePublished":"2026-03-10T09:52:57+00:00","dateModified":"2026-03-14T06:44:54+00:00","breadcrumb":{"@id":"https:\/\/lisakroeber.com\/de\/produkt\/ring_leaves\/#breadcrumb"},"inLanguage":"de","potentialAction":[{"@type":"ReadAction","target":["https:\/\/lisakroeber.com\/de\/produkt\/ring_leaves\/"]}]},{"@type":"ImageObject","inLanguage":"de","@id":"https:\/\/lisakroeber.com\/de\/produkt\/ring_leaves\/#primaryimage","url":"https:\/\/lisakroeber.com\/wp-content\/uploads\/2026\/03\/Rings-4006-all-scaled.jpg","contentUrl":"https:\/\/lisakroeber.com\/wp-content\/uploads\/2026\/03\/Rings-4006-all-scaled.jpg","width":2560,"height":2560},{"@type":"BreadcrumbList","@id":"https:\/\/lisakroeber.com\/de\/produkt\/ring_leaves\/#breadcrumb","itemListElement":[{"@type":"ListItem","position":1,"name":"Home","item":"https:\/\/lisakroeber.com\/de\/"},{"@type":"ListItem","position":2,"name":"Gesch\u00e4ft","item":"https:\/\/lisakroeber.com\/de\/geschaeft\/"},{"@type":"ListItem","position":3,"name":"Ringe Leaves"}]},{"@type":"WebSite","@id":"https:\/\/lisakroeber.com\/#website","url":"https:\/\/lisakroeber.com\/","name":"Lisa Kroeber Jewellery Art","description":"Lisa Kroeber Jewellery Art e-shop","publisher":{"@id":"https:\/\/lisakroeber.com\/#organization"},"potentialAction":[{"@type":"SearchAction","target":{"@type":"EntryPoint","urlTemplate":"https:\/\/lisakroeber.com\/?s={search_term_string}"},"query-input":{"@type":"PropertyValueSpecification","valueRequired":true,"valueName":"search_term_string"}}],"inLanguage":"de"},{"@type":"Organization","@id":"https:\/\/lisakroeber.com\/#organization","name":"Lisa Kroeber Jewellery","url":"https:\/\/lisakroeber.com\/","logo":{"@type":"ImageObject","inLanguage":"de","@id":"https:\/\/lisakroeber.com\/#\/schema\/logo\/image\/","url":"https:\/\/lisakroeber.com\/wp-content\/uploads\/2024\/07\/47178367_317322115661289_143956003702964224_n-e1543863670541.svg","contentUrl":"https:\/\/lisakroeber.com\/wp-content\/uploads\/2024\/07\/47178367_317322115661289_143956003702964224_n-e1543863670541.svg","width":1,"height":1,"caption":"Lisa Kroeber Jewellery"},"image":{"@id":"https:\/\/lisakroeber.com\/#\/schema\/logo\/image\/"}}]}},"_links":{"self":[{"href":"https:\/\/lisakroeber.com\/de\/wp-json\/wp\/v2\/product\/310759","targetHints":{"allow":["GET"]}}],"collection":[{"href":"https:\/\/lisakroeber.com\/de\/wp-json\/wp\/v2\/product"}],"about":[{"href":"https:\/\/lisakroeber.com\/de\/wp-json\/wp\/v2\/types\/product"}],"wp:featuredmedia":[{"embeddable":true,"href":"https:\/\/lisakroeber.com\/de\/wp-json\/wp\/v2\/media\/311018"}],"wp:attachment":[{"href":"https:\/\/lisakroeber.com\/de\/wp-json\/wp\/v2\/media?parent=310759"}],"wp:term":[{"taxonomy":"product_brand","embeddable":true,"href":"https:\/\/lisakroeber.com\/de\/wp-json\/wp\/v2\/product_brand?post=310759"},{"taxonomy":"product_cat","embeddable":true,"href":"https:\/\/lisakroeber.com\/de\/wp-json\/wp\/v2\/product_cat?post=310759"},{"taxonomy":"product_tag","embeddable":true,"href":"https:\/\/lisakroeber.com\/de\/wp-json\/wp\/v2\/product_tag?post=310759"}],"curies":[{"name":"wp","href":"https:\/\/api.w.org\/{rel}","templated":true}]}}