{"id":23506,"date":"2023-06-20T11:20:46","date_gmt":"2023-06-20T09:20:46","guid":{"rendered":"https:\/\/lisakroeber.com\/uus\/?page_id=23506"},"modified":"2024-07-22T12:34:47","modified_gmt":"2024-07-22T10:34:47","slug":"muugitingimused","status":"publish","type":"page","link":"https:\/\/lisakroeber.com\/et\/muugitingimused\/","title":{"rendered":"M\u00fc\u00fcgitingimused"},"content":{"rendered":"\n\n\t<section class=\"section\" id=\"section_1885158512\">\n\t\t<div class=\"section-bg fill\" >\n\t\t\t\t\t\t\t\t\t\n\t\t\t\n\n\t\t<\/div>\n\n\t\t\n\n\t\t<div class=\"section-content relative\">\n\t\t\t\n\n\t<div id=\"gap-902561719\" class=\"gap-element clearfix\" style=\"display:block; height:auto;\">\n\t\t\n<style>\n#gap-902561719 {\n  padding-top: 30px;\n}\n<\/style>\n\t<\/div>\n\t\n\n<div class=\"container section-title-container\" ><h1 class=\"section-title section-title-center\"><b aria-hidden=\"true\"><\/b><span class=\"section-title-main\" >M\u00fc\u00fcgitingimused<\/span><b aria-hidden=\"true\"><\/b><\/h1><\/div>\n\n\n\t\t<\/div>\n\n\t\t\n<style>\n#section_1885158512 {\n  padding-top: 30px;\n  padding-bottom: 30px;\n}\n<\/style>\n\t<\/section>\n\t\n\n\t<section class=\"section\" id=\"section_1112792110\">\n\t\t<div class=\"section-bg fill\" >\n\t\t\t\t\t\t\t\t\t\n\t\t\t\n\n\t\t<\/div>\n\n\t\t\n\n\t\t<div class=\"section-content relative\">\n\t\t\t\n\n<div class=\"row\"  id=\"row-1398660136\">\n\n\n\t<div id=\"col-1897033442\" class=\"col small-12 large-12\"  >\n\t\t\t\t<div class=\"col-inner\"  >\n\t\t\t\n\t\t\t\n\n<p>Veebipoe Lisa Kroeber Jewellery (shop.lisakroeber.com) (edaspidi veebipood) omanik on LKJ O\u00dc (registrikood 14196277), asukohaga Lohu talu, Sinialliku k\u00fcla, 84, 71105, Eesti.<\/p>\n<p>M\u00fc\u00fcgilepingu kehtivus, toote- ja hinnainfo<\/p>\n<p>M\u00fc\u00fcgitingimused kehtivad e-poest kaupade ostmisel.<\/p>\n<p>Veebipoes m\u00fc\u00fcdavate toodete hinnad on m\u00e4rgitud toodete juurde. Hinnale lisandub saatmistasu.<\/p>\n<p>Saatekulu s\u00f5ltub ostja asukohast ja saatmisviisist. Saatekulu kuvatakse ostja poolt tellimuse esitamisel.<\/p>\n<p>Tooteinfo on e-poes kohe toote k\u00f5rval.<\/p>\n<p>Tellimuse esitamine<\/p>\n<p>Tellimiseks lisage soovitud tooted ostukorvi. T\u00e4itke k\u00f5ik n\u00f5utud v\u00e4ljad ja valige tellimuse vormistamiseks sobivaim saatmisviis. Seej\u00e4rel kuvatakse ekraanil kogumaksumus eurodes (\u20ac). Tasuda saab internetipanga \u00fclekandega, kasutades pangalinke (COOP Pank, LHV Pank, Liisi J\u00e4relmaks, Luminor, POCO Pay, SEB, Swedbank), PayPal v\u00f5i Krediitkaart (Mastercard, Visa).<\/p>\n<p>Leping j\u00f5ustub tasumisele kuuluva summa \u00fclekandmisest ja laekumisest e-poe pangakontole v\u00f5i e-makse kinnistamisel makseviisiga.<\/p>\n<p>Kui meil ei ole v\u00f5imalik tellitud kaupa tarnida laoseisu l\u00f5ppemise t\u00f5ttu v\u00f5i muul p\u00f5hjusel, teavitatakse sellest ostjat esimesel v\u00f5imalusel ja tagastatakse tasutud raha (koos saatekuluga) viivitamata, kuid mitte hiljem kui 14 p\u00e4eva jooksul kauba ostmisest peale teate saamist.<\/p>\n<p>Saadetis<\/p>\n<p>Kaupu toimetatakse j\u00e4rgmistesse riikidesse: Eesti, Euroopa ja \u00fcle maailma. <\/p>\n<p>Saatmiseks kasutame j\u00e4rgmisi partnereid: Omniva, SmartPost, tavapost ja vajadusel ja kliendiga kokkulepitud saatmispartnerid. <\/p>\n<p>Ostja kannab saatmiskulu ning vastav hinnainfo kuvatakse saatmisviisi juures.<\/p>\n<p>K\u00f5ik Eesti-sisesed saadetised j\u00f5uavad \u00fcldjuhul ostja m\u00e4\u00e4ratud sihtkohta 3-7 t\u00f6\u00f6p\u00e4eva jooksul alates m\u00fc\u00fcgilepingu j\u00f5ustumise kuup\u00e4evast.<\/p>\n<p>K\u00f5ik saadetised v\u00e4ljaspool Eestit on garanteeritud 30 kalendrip\u00e4eva jooksul.<\/p>\n<p>Meil on \u00f5igus erandjuhtudel kaubad kohale toimetada kuni 45 kalendrip\u00e4eva jooksul<\/p>\n<p>Taganemis\u00f5igus<\/p>\n<p>P\u00e4rast tellimuse k\u00e4ttesaamist on ostjal \u00f5igus e-poega s\u00f5lmitud lepingust taganeda 14 p\u00e4eva jooksul. (S\u00f5ltuvalt tootest ei pruugi ostjal olla taganemis\u00f5igust, sellisel juhul peavad vastavad tooted ja teenused olema loetletud ning need peavad vastama v\u00f5la\u00f5igusseaduse \u00a7 53 l\u00f5ikes 4 s\u00e4testatud tingimustele .)<\/p>\n<p>Taganemis\u00f5igus ei kehti, kui ostjaks on juriidiline isik.<\/p>\n<p>14-p\u00e4evase taganemis\u00f5iguse kasutamiseks ei tohi te tellitud kaupa kasutada muul viisil, kui see on vajalik kauba olemuse, omaduste ja toimimise tagamiseks samal viisil, kui teil oleks lubatud kaupa tegelikus tingimustes testida. kauplus.<\/p>\n<p>Kui kaupa on kasutatud muul otstarbel, kui on vajalik kauba olemuse, omaduste ja toimimise tagamiseks v\u00f5i kui sellel on kasutus- v\u00f5i kulumisj\u00e4lgi, on veebipoel \u00f5igus alandada kauba tagastatavat summat. vastavalt kauba v\u00e4\u00e4rtuse v\u00e4henemisele.<\/p>\n<p>Kauba tagastamiseks tuleb 14 p\u00e4eva jooksul kauba k\u00e4ttesaamisest e-posti aadressile esitada kauba ostmisest taganemise avaldus (mille vormi leiab siit: taganemisavaldus).<\/p>\n<p>Kauba tagastamise kulud kannab ostja, v\u00e4lja arvatud juhtudel, kui tagastamise p\u00f5hjus seisneb selles, et tagastamisele kuuluv toode ei vasta tellimusele (nt vale v\u00f5i defektiga toode).<\/p>\n<p>Ostja peab kauba tagastama 14 p\u00e4eva jooksul taganemisavalduse esitamisest v\u00f5i esitama t\u00f5endid selle kohta, et ta andis kauba eelnimetatud t\u00e4htaja jooksul \u00fcle vedajale.<\/p>\n<p>Veebipood tagastab tagastatava kauba k\u00e4ttesaamisel ostjale viivitamata, kuid mitte hiljem kui 14 p\u00e4eva m\u00f6\u00f6dumisel, k\u00f5ik ostjalt lepingu alusel laekunud maksed.<\/p>\n<p>Veebipoel on \u00f5igus keelduda raha tagastamisest kuni tagastatava kauba k\u00e4ttesaamiseni v\u00f5i kuni ostja on esitanud t\u00f5endi toodete tagastamise kohta, olenevalt sellest, kumb toimub varem.<\/p>\n<p>Kui ostja on selgelt valinud e-poe pakutavast soodsaimast tavap\u00e4rasest saatmisviisist erineva saatmisviisi, ei ole pood kohustatud h\u00fcvitama tavap\u00e4rast saatekulu \u00fcletavat kulu.<\/p>\n<p>Veebipoel on \u00f5igus m\u00fc\u00fcgist taganeda ja n\u00f5uda ostjalt kauba tagastamist, kui e-poes m\u00e4rgitud kauba hind on eksituse t\u00f5ttu oluliselt madalam kauba turuhinnast.<\/p>\n<p>Defektne kaup<\/p>\n<p>Veebipood vastutab ostjale m\u00fc\u00fcdud kauba lepingutingimustele mittevastavuse v\u00f5i puuduste eest, mis olid olemas juba \u00fcleandmise hetkel ja ilmnevad kahe aasta jooksul kauba ostjale \u00fcleandmisest. esimese kuue tarnekuu jooksul eeldatakse, et defekt esines \u00fcleandmise ajal. Veebipoe kohustus on t\u00f5estada vastupidist.<\/p>\n<p>Ostjal on \u00f5igus puuduse ilmnemisest kahe kuu jooksul p\u00f6\u00f6rduda e-poe poole, saates e-kirja aadressile info@lisakroeber.com.<\/p>\n<p>Veebipood ei vastuta puuduste eest, mis tekivad p\u00e4rast kauba \u00fcleandmist ostjale.<\/p>\n<p>Kui veebipoest ostetud kaubal on puudused, mille eest veebipood vastutab, parandab v\u00f5i asendab veebipood puudusega kauba. Kui kaupa ei ole v\u00f5imalik parandada v\u00f5i asendada, tagastab veebipood ostjale k\u00f5ik m\u00fc\u00fcgilepinguga kaasnenud maksed.<\/p>\n<p>Veebipood vastab tarbija kaebusele kirjalikult v\u00f5i kirjalikku taasesitamist v\u00f5imaldavas vormis 15 p\u00e4eva jooksul.<\/p>\n<p>Otseturundus ja isikuandmete t\u00f6\u00f6tlemine<\/p>\n<p>Veebipood kasutab ostja poolt sisestatud isikuandmeid (sh nimi, telefoninumber, aadress, e-post ja pangarekvisiidid) ainult tellimuse t\u00f6\u00f6tlemiseks ja kauba ostjale saatmiseks. Veebipood edastab isikuandmed transporditeenuse osutajale kauba kohaletoimetamiseks.<\/p>\n<p>Veebipood saadab uudiskirju ja pakkumisi ostja e-posti aadressile ainult juhul, kui ostja on avaldanud soovi neid saada, sisestades veebilehel oma e-posti aadressi ja andnud teada oma soovist otsepostituse saamiseks.<\/p>\n<p>Ostjal on igal ajal v\u00f5imalik loobuda tema e-posti aadressile saadetud pakkumistest ja uudiskirjadest, andes sellest meile teada e-posti teel v\u00f5i j\u00e4rgides pakkumist sisaldavas e-kirjas toodud juhiseid.<\/p>\n<p>Vaidluste lahendamine<\/p>\n<p>K\u00f5ik ostja poolt veebipoe kohta esitatud pretensioonid tuleb saata e-posti aadressile info@lisakroeber.com.<\/p>\n<p>Kui ostja ja veebipood ei suuda vaidlust kokkuleppe teel lahendada, v\u00f5ib ostja p\u00f6\u00f6rduda Tarbijavaidluste komisjoni poole. Menetlusreeglitega saate tutvuda ja kaebuse esitada siin. Tarbijavaidluste komisjoni p\u00e4devuses on lahendada ostja ja veebipoe vahelisest lepingust tulenevaid vaidlusi. Vaidluste lahendamine tarbijavaidluste komisjonis on ostjale tasuta.<\/p>\n<p>Ostja v\u00f5ib p\u00f6\u00f6rduda ka Euroopa Liidu vaidluste lahendamise organite poole.<\/p>\n\n\n\t\t<\/div>\n\t\t\t\t\t<\/div>\n\n\t\n\n<\/div>\n\n\t\t<\/div>\n\n\t\t\n<style>\n#section_1112792110 {\n  padding-top: 0px;\n  padding-bottom: 0px;\n}\n<\/style>\n\t<\/section>\n\t\n\n","protected":false},"excerpt":{"rendered":"","protected":false},"author":1,"featured_media":0,"parent":0,"menu_order":0,"comment_status":"closed","ping_status":"closed","template":"page-blank.php","meta":{"content-type":"","footnotes":""},"class_list":["post-23506","page","type-page","status-publish","hentry"],"yoast_head":"<!-- This site is optimized with the Yoast SEO plugin v27.4 - https:\/\/yoast.com\/product\/yoast-seo-wordpress\/ -->\n<title>M\u00fc\u00fcgitingimused - Lisa Kroeber Jewellery Art<\/title>\n<meta name=\"robots\" content=\"index, follow, max-snippet:-1, max-image-preview:large, max-video-preview:-1\" \/>\n<link rel=\"canonical\" href=\"https:\/\/lisakroeber.com\/et\/muugitingimused\/\" \/>\n<meta property=\"og:locale\" content=\"et_EE\" \/>\n<meta property=\"og:type\" content=\"article\" \/>\n<meta property=\"og:title\" content=\"M\u00fc\u00fcgitingimused - Lisa Kroeber Jewellery Art\" \/>\n<meta property=\"og:url\" content=\"https:\/\/lisakroeber.com\/et\/muugitingimused\/\" \/>\n<meta property=\"og:site_name\" content=\"Lisa Kroeber Jewellery Art\" \/>\n<meta property=\"article:modified_time\" content=\"2024-07-22T10:34:47+00:00\" \/>\n<meta name=\"twitter:card\" content=\"summary_large_image\" \/>\n<meta name=\"twitter:label1\" content=\"Est. reading time\" \/>\n\t<meta name=\"twitter:data1\" content=\"4 minutit\" \/>\n<script type=\"application\/ld+json\" class=\"yoast-schema-graph\">{\"@context\":\"https:\\\/\\\/schema.org\",\"@graph\":[{\"@type\":\"WebPage\",\"@id\":\"https:\\\/\\\/lisakroeber.com\\\/et\\\/muugitingimused\\\/\",\"url\":\"https:\\\/\\\/lisakroeber.com\\\/et\\\/muugitingimused\\\/\",\"name\":\"M\u00fc\u00fcgitingimused - Lisa Kroeber Jewellery Art\",\"isPartOf\":{\"@id\":\"https:\\\/\\\/lisakroeber.com\\\/#website\"},\"datePublished\":\"2023-06-20T09:20:46+00:00\",\"dateModified\":\"2024-07-22T10:34:47+00:00\",\"breadcrumb\":{\"@id\":\"https:\\\/\\\/lisakroeber.com\\\/et\\\/muugitingimused\\\/#breadcrumb\"},\"inLanguage\":\"et\",\"potentialAction\":[{\"@type\":\"ReadAction\",\"target\":[\"https:\\\/\\\/lisakroeber.com\\\/et\\\/muugitingimused\\\/\"]}]},{\"@type\":\"BreadcrumbList\",\"@id\":\"https:\\\/\\\/lisakroeber.com\\\/et\\\/muugitingimused\\\/#breadcrumb\",\"itemListElement\":[{\"@type\":\"ListItem\",\"position\":1,\"name\":\"Home\",\"item\":\"https:\\\/\\\/lisakroeber.com\\\/et\\\/\"},{\"@type\":\"ListItem\",\"position\":2,\"name\":\"M\u00fc\u00fcgitingimused\"}]},{\"@type\":\"WebSite\",\"@id\":\"https:\\\/\\\/lisakroeber.com\\\/#website\",\"url\":\"https:\\\/\\\/lisakroeber.com\\\/\",\"name\":\"Lisa Kroeber Jewellery Art\",\"description\":\"Lisa Kroeber Jewellery Art e-shop\",\"publisher\":{\"@id\":\"https:\\\/\\\/lisakroeber.com\\\/#organization\"},\"potentialAction\":[{\"@type\":\"SearchAction\",\"target\":{\"@type\":\"EntryPoint\",\"urlTemplate\":\"https:\\\/\\\/lisakroeber.com\\\/?s={search_term_string}\"},\"query-input\":{\"@type\":\"PropertyValueSpecification\",\"valueRequired\":true,\"valueName\":\"search_term_string\"}}],\"inLanguage\":\"et\"},{\"@type\":\"Organization\",\"@id\":\"https:\\\/\\\/lisakroeber.com\\\/#organization\",\"name\":\"Lisa Kroeber Jewellery\",\"url\":\"https:\\\/\\\/lisakroeber.com\\\/\",\"logo\":{\"@type\":\"ImageObject\",\"inLanguage\":\"et\",\"@id\":\"https:\\\/\\\/lisakroeber.com\\\/#\\\/schema\\\/logo\\\/image\\\/\",\"url\":\"https:\\\/\\\/lisakroeber.com\\\/wp-content\\\/uploads\\\/2024\\\/07\\\/47178367_317322115661289_143956003702964224_n-e1543863670541.svg\",\"contentUrl\":\"https:\\\/\\\/lisakroeber.com\\\/wp-content\\\/uploads\\\/2024\\\/07\\\/47178367_317322115661289_143956003702964224_n-e1543863670541.svg\",\"width\":1,\"height\":1,\"caption\":\"Lisa Kroeber Jewellery\"},\"image\":{\"@id\":\"https:\\\/\\\/lisakroeber.com\\\/#\\\/schema\\\/logo\\\/image\\\/\"}}]}<\/script>\n<!-- \/ Yoast SEO plugin. -->","yoast_head_json":{"title":"M\u00fc\u00fcgitingimused - Lisa Kroeber Jewellery Art","robots":{"index":"index","follow":"follow","max-snippet":"max-snippet:-1","max-image-preview":"max-image-preview:large","max-video-preview":"max-video-preview:-1"},"canonical":"https:\/\/lisakroeber.com\/et\/muugitingimused\/","og_locale":"et_EE","og_type":"article","og_title":"M\u00fc\u00fcgitingimused - Lisa Kroeber Jewellery Art","og_url":"https:\/\/lisakroeber.com\/et\/muugitingimused\/","og_site_name":"Lisa Kroeber Jewellery Art","article_modified_time":"2024-07-22T10:34:47+00:00","twitter_card":"summary_large_image","twitter_misc":{"Est. reading time":"4 minutit"},"schema":{"@context":"https:\/\/schema.org","@graph":[{"@type":"WebPage","@id":"https:\/\/lisakroeber.com\/et\/muugitingimused\/","url":"https:\/\/lisakroeber.com\/et\/muugitingimused\/","name":"M\u00fc\u00fcgitingimused - Lisa Kroeber Jewellery Art","isPartOf":{"@id":"https:\/\/lisakroeber.com\/#website"},"datePublished":"2023-06-20T09:20:46+00:00","dateModified":"2024-07-22T10:34:47+00:00","breadcrumb":{"@id":"https:\/\/lisakroeber.com\/et\/muugitingimused\/#breadcrumb"},"inLanguage":"et","potentialAction":[{"@type":"ReadAction","target":["https:\/\/lisakroeber.com\/et\/muugitingimused\/"]}]},{"@type":"BreadcrumbList","@id":"https:\/\/lisakroeber.com\/et\/muugitingimused\/#breadcrumb","itemListElement":[{"@type":"ListItem","position":1,"name":"Home","item":"https:\/\/lisakroeber.com\/et\/"},{"@type":"ListItem","position":2,"name":"M\u00fc\u00fcgitingimused"}]},{"@type":"WebSite","@id":"https:\/\/lisakroeber.com\/#website","url":"https:\/\/lisakroeber.com\/","name":"Lisa Kroeber Jewellery Art","description":"Lisa Kroeber Jewellery Art e-shop","publisher":{"@id":"https:\/\/lisakroeber.com\/#organization"},"potentialAction":[{"@type":"SearchAction","target":{"@type":"EntryPoint","urlTemplate":"https:\/\/lisakroeber.com\/?s={search_term_string}"},"query-input":{"@type":"PropertyValueSpecification","valueRequired":true,"valueName":"search_term_string"}}],"inLanguage":"et"},{"@type":"Organization","@id":"https:\/\/lisakroeber.com\/#organization","name":"Lisa Kroeber Jewellery","url":"https:\/\/lisakroeber.com\/","logo":{"@type":"ImageObject","inLanguage":"et","@id":"https:\/\/lisakroeber.com\/#\/schema\/logo\/image\/","url":"https:\/\/lisakroeber.com\/wp-content\/uploads\/2024\/07\/47178367_317322115661289_143956003702964224_n-e1543863670541.svg","contentUrl":"https:\/\/lisakroeber.com\/wp-content\/uploads\/2024\/07\/47178367_317322115661289_143956003702964224_n-e1543863670541.svg","width":1,"height":1,"caption":"Lisa Kroeber Jewellery"},"image":{"@id":"https:\/\/lisakroeber.com\/#\/schema\/logo\/image\/"}}]}},"_links":{"self":[{"href":"https:\/\/lisakroeber.com\/et\/wp-json\/wp\/v2\/pages\/23506","targetHints":{"allow":["GET"]}}],"collection":[{"href":"https:\/\/lisakroeber.com\/et\/wp-json\/wp\/v2\/pages"}],"about":[{"href":"https:\/\/lisakroeber.com\/et\/wp-json\/wp\/v2\/types\/page"}],"author":[{"embeddable":true,"href":"https:\/\/lisakroeber.com\/et\/wp-json\/wp\/v2\/users\/1"}],"replies":[{"embeddable":true,"href":"https:\/\/lisakroeber.com\/et\/wp-json\/wp\/v2\/comments?post=23506"}],"version-history":[{"count":0,"href":"https:\/\/lisakroeber.com\/et\/wp-json\/wp\/v2\/pages\/23506\/revisions"}],"wp:attachment":[{"href":"https:\/\/lisakroeber.com\/et\/wp-json\/wp\/v2\/media?parent=23506"}],"curies":[{"name":"wp","href":"https:\/\/api.w.org\/{rel}","templated":true}]}}