{"id":23514,"date":"2023-06-20T11:26:53","date_gmt":"2023-06-20T09:26:53","guid":{"rendered":"https:\/\/lisakroeber.com\/uus\/?page_id=23514"},"modified":"2024-11-21T17:19:11","modified_gmt":"2024-11-21T15:19:11","slug":"privaatsuspoliitika","status":"publish","type":"page","link":"https:\/\/lisakroeber.com\/et\/privaatsuspoliitika\/","title":{"rendered":"Privaatsuspoliitika"},"content":{"rendered":"\n\t<div id=\"gap-184406354\" class=\"gap-element clearfix\" style=\"display:block; height:auto;\">\n\t\t\n<style>\n#gap-184406354 {\n  padding-top: 30px;\n}\n<\/style>\n\t<\/div>\n\t\n\n\n\t<section class=\"section\" id=\"section_194416924\">\n\t\t<div class=\"section-bg fill\" >\n\t\t\t\t\t\t\t\t\t\n\t\t\t\n\n\t\t<\/div>\n\n\t\t\n\n\t\t<div class=\"section-content relative\">\n\t\t\t\n\n<div class=\"container section-title-container\" ><h1 class=\"section-title section-title-center\"><b aria-hidden=\"true\"><\/b><span class=\"section-title-main\" >Privaatsuspoliitika<\/span><b aria-hidden=\"true\"><\/b><\/h1><\/div>\n\n\n\t\t<\/div>\n\n\t\t\n<style>\n#section_194416924 {\n  padding-top: 30px;\n  padding-bottom: 30px;\n}\n<\/style>\n\t<\/section>\n\t\n\n\t<section class=\"section\" id=\"section_580758942\">\n\t\t<div class=\"section-bg fill\" >\n\t\t\t\t\t\t\t\t\t\n\t\t\t\n\n\t\t<\/div>\n\n\t\t\n\n\t\t<div class=\"section-content relative\">\n\t\t\t\n\n<div class=\"row\"  id=\"row-466689609\">\n\n\n\t<div id=\"col-422567692\" class=\"col small-12 large-12\"  >\n\t\t\t\t<div class=\"col-inner\"  >\n\t\t\t\n\t\t\t\n\n<p>LKJ O\u00dc Privaatsuspoliitika<\/p>\n<p>See privaatsuspoliitika kirjeldab, kuidas teie isikuandmeid kogutakse, kasutatakse ja jagatakse, kui k\u00fclastate v\u00f5i sooritate ostu saidil shop.lisakroeber.com (\u201csait\u201d).<\/p>\n<p>Vastutavaks t\u00f6\u00f6tlejaks on LKJ O\u00dc.<\/p>\n<p>ISIKUANDMED, mida KOGUME<\/p>\n<p>Kui k\u00fclastate saiti, kogume automaatselt teie seadme kohta teatud teavet, sealhulgas teavet teie veebibrauseri, IP-aadressi, ajav\u00f6\u00f6ndi ja m\u00f5nede teie seadmesse installitud k\u00fcpsiste kohta. Lisaks kogume saiti sirvides teavet \u00fcksikute veebilehtede v\u00f5i toodete kohta, mida vaatate, millised veebisaidid v\u00f5i otsinguterminid teid saidile viitasid, ja teavet selle kohta, kuidas te saidiga suhtlete. Me nimetame seda automaatselt kogutud teavet \u201cseadme teabeks\u201d.<\/p>\n<p>Kogume seadme teavet j\u00e4rgmiste tehnoloogiate abil:<\/p>\n<p>\u201eK\u00fcpsised\u201d on andmefailid, mis paigutatakse teie seadmesse v\u00f5i arvutisse ja sisaldavad sageli anon\u00fc\u00fcmset kordumatut identifikaatorit. Lisateavet k\u00fcpsiste ja k\u00fcpsiste keelamise kohta leiate aadressilt http:\/\/www.allaboutcookies.org.<br> \u201cLogifailid\u201d j\u00e4lgivad saidil toimuvaid toiminguid ja koguvad andmeid, sealhulgas teie IP-aadressi, brauseri t\u00fc\u00fcpi, Interneti-teenuse pakkujat, viite-\/v\u00e4ljumise lehti ja kuup\u00e4eva\/kellaaja templeid.<br> \u201eVeebimajakad\u201d, \u201esildid\u201d ja \u201epikslid\u201d on elektroonilised failid, mida kasutatakse saidi sirvimise kohta teabe salvestamiseks.<br> Lisaks kogume saidi kaudu ostu sooritamisel v\u00f5i ostu sooritamisel teilt teatud teavet, sealhulgas teie nime, arveldusaadressi, tarneaadressi, makseteavet (sh krediitkaardi numbrid), e-posti aadressi ja telefoninumbrit. Nimetame seda teavet kui \u201ctellimusteavet\u201d.<\/p>\n<p>Kui me r\u00e4\u00e4gime k\u00e4esolevas privaatsuspoliitikas isikuandmetest, siis r\u00e4\u00e4gime nii seadme teabest kui ka tellimuse teabest.<\/p>\n<p>KUIDAS ME TEIE ISIKUANDMET KASUTAMME?<\/p>\n<p>Me kasutame kogutavat tellimusteavet \u00fcldiselt k\u00f5igi saidi kaudu tehtud tellimuste t\u00e4itmiseks (sealhulgas teie makseteabe t\u00f6\u00f6tlemine, kohaletoimetamise korraldamine ning arvete ja\/v\u00f5i tellimuse kinnituste esitamine). Lisaks kasutame seda tellimuse teavet selleks, et:<br>Teiega suhelda;<br>Kontrollige meie tellimusi v\u00f5imalike riskide v\u00f5i pettuste suhtes; ja<br>Kui olete meiega jagatud eelistustega koosk\u00f5las, edastage teile meie toodete v\u00f5i teenustega seotud teavet v\u00f5i reklaame.<br>Kasutame kogutud seadmeteavet, et aidata meil kontrollida v\u00f5imalikke riske ja pettusi (eriti teie IP-aadressi) ning \u00fcldisemalt oma saidi t\u00e4iustamiseks ja optimeerimiseks (n\u00e4iteks luues anal\u00fc\u00fcsi selle kohta, kuidas meie kliendid sirvivad ja suhtlevad saiti ning hinnata meie turundus- ja reklaamikampaaniate edukust).<\/p>\n<p>OMA ISIKLIKKU TEABE JAGAMINE<\/p>\n<p>Jagame teie isikuandmeid kolmandate osapooltega, et aidata meil teie isikuandmeid \u00fclalkirjeldatud viisil kasutada. Kasutame Google Analyticsit, et aidata meil m\u00f5ista, kuidas meie kliendid seda saiti kasutavad. Lisateavet selle kohta, kuidas Google teie isikuandmeid kasutab, leiate siit: https:\/\/www.google.com\/intl\/et\/policies\/privacy\/. Samuti saate Google Analyticsist loobuda siin: https:\/\/tools.google.com\/dlpage\/gaoptout.<\/p>\n<p>L\u00f5puks v\u00f5ime teie isikuandmeid jagada ka selleks, et j\u00e4rgida kehtivaid seadusi ja m\u00e4\u00e4rusi, vastata kohtukutsele, l\u00e4biotsimism\u00e4\u00e4rusele v\u00f5i muule seaduslikule p\u00e4ringule saadava teabe saamiseks v\u00f5i muul viisil oma \u00f5iguste kaitsmiseks.<\/p>\n<p>LKJ O\u00dc on isikuandmete vastutav t\u00f6\u00f6tleja, kes edastab maksete teostamiseks vajalikud isikuandmed maksete t\u00f6\u00f6tleja Montonio.<\/p>\n<p>K\u00c4ITUMISE REKLAAM<br>Nagu \u00fclalpool kirjeldatud, kasutame teie isikuandmeid teile suunatud reklaamide v\u00f5i turundusteadete edastamiseks, mis meie arvates v\u00f5ivad teile huvi pakkuda. Sihitud reklaamimise toimimise kohta lisateabe saamiseks k\u00fclastage Network Advertising Initiative\u2019i (\u201cNAI\u201d) hariduslehte aadressil http:\/\/www.networkadvertising.org\/understanding-online-advertising\/how-does-it-work.<\/p>\n<p>Saate sihitud reklaamist loobuda j\u00e4rgmiselt:<br>\u00dcHISED LINGID ON:<br>FACEBOOK \u2013 https:\/\/www.facebook.com\/settings\/?tab=ads<br>GOOGLE \u2013 https:\/\/www.google.com\/settings\/ads\/anonymous<br>BING \u2013 https:\/\/advertise.bingads.microsoft.com\/en-us\/resources\/policies\/personalized-ads<\/p>\n<p>Lisaks saate m\u00f5nest neist teenustest loobuda, k\u00fclastades Digital Advertising Alliance\u2019i loobumisportaali aadressil http:\/\/optout.aboutads.info\/.<\/p>\n<p>\u00c4RA J\u00c4LGI<br>Pange t\u00e4hele, et me ei muuda oma saidi andmete kogumise ja kasutamise tavasid, kui n\u00e4eme teie brauserist signaali \u00c4ra j\u00e4lgi. TEIE \u00d5IGUSED<br>Kui olete Euroopa elanik, on teil \u00f5igus juurde p\u00e4\u00e4seda teie kohta hoitavale isikuandmetele ja paluda oma isikuandmete parandamist, ajakohastamist v\u00f5i kustutamist. Kui soovite seda \u00f5igust kasutada, v\u00f5tke meiega \u00fchendust allolevate kontaktandmete kaudu.<\/p>\n<p>Lisaks paneme t\u00e4hele, et kui olete Euroopa resident, siis me t\u00f6\u00f6tleme teie teavet teiega s\u00f5lmitud lepingute t\u00e4itmiseks (n\u00e4iteks kui teete saidi kaudu tellimuse) v\u00f5i muul viisil \u00fclalnimetatud \u00f5igustatud \u00e4rihuvide t\u00e4itmiseks. Lisaks pange t\u00e4hele, et teie teave edastatakse v\u00e4ljapoole Euroopat, sealhulgas Kanadasse ja Ameerika \u00dchendriikidesse.<\/p>\n<p>ANDMETE S\u00c4ILITAMINE<br>Kui esitate saidi kaudu tellimuse, s\u00e4ilitame teie tellimusteavet meie jaoks, v\u00e4lja arvatud juhul, kui palute meil selle teabe kustutada.<\/p>\n<p>CHANGES<br>We may update this privacy policy from time to time in order to reflect, for example, changes to our practices or for other operational, legal or regulatory reasons.<\/p>\n<p>V\u00d5TKE MEIEGA \u00dcHENDUST<br>Lisateabe saamiseks meie privaatsustavade kohta, kui teil on k\u00fcsimusi v\u00f5i kui soovite esitada kaebuse, v\u00f5tke meiega \u00fchendust e-posti teel aadressil info@lisakroeber.com v\u00f5i posti teel, kasutades allpool toodud andmeid:<\/p>\n<p>Lohu talu, Sinialliku k\u00fcla, 84, 71105, Eesti<\/p>\n\n\n\t\t<\/div>\n\t\t\t\t\t<\/div>\n\n\t\n\n<\/div>\n\n\t\t<\/div>\n\n\t\t\n<style>\n#section_580758942 {\n  padding-top: 0px;\n  padding-bottom: 0px;\n}\n<\/style>\n\t<\/section>\n\t\n\n","protected":false},"excerpt":{"rendered":"","protected":false},"author":1,"featured_media":0,"parent":0,"menu_order":0,"comment_status":"closed","ping_status":"closed","template":"page-blank.php","meta":{"content-type":"","footnotes":""},"class_list":["post-23514","page","type-page","status-publish","hentry"],"yoast_head":"<!-- This site is optimized with the Yoast SEO plugin v27.4 - https:\/\/yoast.com\/product\/yoast-seo-wordpress\/ -->\n<title>Privaatsuspoliitika - Lisa Kroeber Jewellery Art<\/title>\n<meta name=\"robots\" content=\"index, follow, max-snippet:-1, max-image-preview:large, max-video-preview:-1\" \/>\n<link rel=\"canonical\" href=\"https:\/\/lisakroeber.com\/et\/privaatsuspoliitika\/\" \/>\n<meta property=\"og:locale\" content=\"et_EE\" \/>\n<meta property=\"og:type\" content=\"article\" \/>\n<meta property=\"og:title\" content=\"Privaatsuspoliitika - Lisa Kroeber Jewellery Art\" \/>\n<meta property=\"og:url\" content=\"https:\/\/lisakroeber.com\/et\/privaatsuspoliitika\/\" \/>\n<meta property=\"og:site_name\" content=\"Lisa Kroeber Jewellery Art\" \/>\n<meta property=\"article:modified_time\" content=\"2024-11-21T15:19:11+00:00\" \/>\n<meta name=\"twitter:card\" content=\"summary_large_image\" \/>\n<meta name=\"twitter:label1\" content=\"Est. reading time\" \/>\n\t<meta name=\"twitter:data1\" content=\"3 minutit\" \/>\n<script type=\"application\/ld+json\" class=\"yoast-schema-graph\">{\"@context\":\"https:\\\/\\\/schema.org\",\"@graph\":[{\"@type\":\"WebPage\",\"@id\":\"https:\\\/\\\/lisakroeber.com\\\/et\\\/privaatsuspoliitika\\\/\",\"url\":\"https:\\\/\\\/lisakroeber.com\\\/et\\\/privaatsuspoliitika\\\/\",\"name\":\"Privaatsuspoliitika - Lisa Kroeber Jewellery Art\",\"isPartOf\":{\"@id\":\"https:\\\/\\\/lisakroeber.com\\\/#website\"},\"datePublished\":\"2023-06-20T09:26:53+00:00\",\"dateModified\":\"2024-11-21T15:19:11+00:00\",\"breadcrumb\":{\"@id\":\"https:\\\/\\\/lisakroeber.com\\\/et\\\/privaatsuspoliitika\\\/#breadcrumb\"},\"inLanguage\":\"et\",\"potentialAction\":[{\"@type\":\"ReadAction\",\"target\":[\"https:\\\/\\\/lisakroeber.com\\\/et\\\/privaatsuspoliitika\\\/\"]}]},{\"@type\":\"BreadcrumbList\",\"@id\":\"https:\\\/\\\/lisakroeber.com\\\/et\\\/privaatsuspoliitika\\\/#breadcrumb\",\"itemListElement\":[{\"@type\":\"ListItem\",\"position\":1,\"name\":\"Home\",\"item\":\"https:\\\/\\\/lisakroeber.com\\\/et\\\/\"},{\"@type\":\"ListItem\",\"position\":2,\"name\":\"Privaatsuspoliitika\"}]},{\"@type\":\"WebSite\",\"@id\":\"https:\\\/\\\/lisakroeber.com\\\/#website\",\"url\":\"https:\\\/\\\/lisakroeber.com\\\/\",\"name\":\"Lisa Kroeber Jewellery Art\",\"description\":\"Lisa Kroeber Jewellery Art e-shop\",\"publisher\":{\"@id\":\"https:\\\/\\\/lisakroeber.com\\\/#organization\"},\"potentialAction\":[{\"@type\":\"SearchAction\",\"target\":{\"@type\":\"EntryPoint\",\"urlTemplate\":\"https:\\\/\\\/lisakroeber.com\\\/?s={search_term_string}\"},\"query-input\":{\"@type\":\"PropertyValueSpecification\",\"valueRequired\":true,\"valueName\":\"search_term_string\"}}],\"inLanguage\":\"et\"},{\"@type\":\"Organization\",\"@id\":\"https:\\\/\\\/lisakroeber.com\\\/#organization\",\"name\":\"Lisa Kroeber Jewellery\",\"url\":\"https:\\\/\\\/lisakroeber.com\\\/\",\"logo\":{\"@type\":\"ImageObject\",\"inLanguage\":\"et\",\"@id\":\"https:\\\/\\\/lisakroeber.com\\\/#\\\/schema\\\/logo\\\/image\\\/\",\"url\":\"https:\\\/\\\/lisakroeber.com\\\/wp-content\\\/uploads\\\/2024\\\/07\\\/47178367_317322115661289_143956003702964224_n-e1543863670541.svg\",\"contentUrl\":\"https:\\\/\\\/lisakroeber.com\\\/wp-content\\\/uploads\\\/2024\\\/07\\\/47178367_317322115661289_143956003702964224_n-e1543863670541.svg\",\"width\":1,\"height\":1,\"caption\":\"Lisa Kroeber Jewellery\"},\"image\":{\"@id\":\"https:\\\/\\\/lisakroeber.com\\\/#\\\/schema\\\/logo\\\/image\\\/\"}}]}<\/script>\n<!-- \/ Yoast SEO plugin. -->","yoast_head_json":{"title":"Privaatsuspoliitika - Lisa Kroeber Jewellery Art","robots":{"index":"index","follow":"follow","max-snippet":"max-snippet:-1","max-image-preview":"max-image-preview:large","max-video-preview":"max-video-preview:-1"},"canonical":"https:\/\/lisakroeber.com\/et\/privaatsuspoliitika\/","og_locale":"et_EE","og_type":"article","og_title":"Privaatsuspoliitika - Lisa Kroeber Jewellery Art","og_url":"https:\/\/lisakroeber.com\/et\/privaatsuspoliitika\/","og_site_name":"Lisa Kroeber Jewellery Art","article_modified_time":"2024-11-21T15:19:11+00:00","twitter_card":"summary_large_image","twitter_misc":{"Est. reading time":"3 minutit"},"schema":{"@context":"https:\/\/schema.org","@graph":[{"@type":"WebPage","@id":"https:\/\/lisakroeber.com\/et\/privaatsuspoliitika\/","url":"https:\/\/lisakroeber.com\/et\/privaatsuspoliitika\/","name":"Privaatsuspoliitika - Lisa Kroeber Jewellery Art","isPartOf":{"@id":"https:\/\/lisakroeber.com\/#website"},"datePublished":"2023-06-20T09:26:53+00:00","dateModified":"2024-11-21T15:19:11+00:00","breadcrumb":{"@id":"https:\/\/lisakroeber.com\/et\/privaatsuspoliitika\/#breadcrumb"},"inLanguage":"et","potentialAction":[{"@type":"ReadAction","target":["https:\/\/lisakroeber.com\/et\/privaatsuspoliitika\/"]}]},{"@type":"BreadcrumbList","@id":"https:\/\/lisakroeber.com\/et\/privaatsuspoliitika\/#breadcrumb","itemListElement":[{"@type":"ListItem","position":1,"name":"Home","item":"https:\/\/lisakroeber.com\/et\/"},{"@type":"ListItem","position":2,"name":"Privaatsuspoliitika"}]},{"@type":"WebSite","@id":"https:\/\/lisakroeber.com\/#website","url":"https:\/\/lisakroeber.com\/","name":"Lisa Kroeber Jewellery Art","description":"Lisa Kroeber Jewellery Art e-shop","publisher":{"@id":"https:\/\/lisakroeber.com\/#organization"},"potentialAction":[{"@type":"SearchAction","target":{"@type":"EntryPoint","urlTemplate":"https:\/\/lisakroeber.com\/?s={search_term_string}"},"query-input":{"@type":"PropertyValueSpecification","valueRequired":true,"valueName":"search_term_string"}}],"inLanguage":"et"},{"@type":"Organization","@id":"https:\/\/lisakroeber.com\/#organization","name":"Lisa Kroeber Jewellery","url":"https:\/\/lisakroeber.com\/","logo":{"@type":"ImageObject","inLanguage":"et","@id":"https:\/\/lisakroeber.com\/#\/schema\/logo\/image\/","url":"https:\/\/lisakroeber.com\/wp-content\/uploads\/2024\/07\/47178367_317322115661289_143956003702964224_n-e1543863670541.svg","contentUrl":"https:\/\/lisakroeber.com\/wp-content\/uploads\/2024\/07\/47178367_317322115661289_143956003702964224_n-e1543863670541.svg","width":1,"height":1,"caption":"Lisa Kroeber Jewellery"},"image":{"@id":"https:\/\/lisakroeber.com\/#\/schema\/logo\/image\/"}}]}},"_links":{"self":[{"href":"https:\/\/lisakroeber.com\/et\/wp-json\/wp\/v2\/pages\/23514","targetHints":{"allow":["GET"]}}],"collection":[{"href":"https:\/\/lisakroeber.com\/et\/wp-json\/wp\/v2\/pages"}],"about":[{"href":"https:\/\/lisakroeber.com\/et\/wp-json\/wp\/v2\/types\/page"}],"author":[{"embeddable":true,"href":"https:\/\/lisakroeber.com\/et\/wp-json\/wp\/v2\/users\/1"}],"replies":[{"embeddable":true,"href":"https:\/\/lisakroeber.com\/et\/wp-json\/wp\/v2\/comments?post=23514"}],"version-history":[{"count":4,"href":"https:\/\/lisakroeber.com\/et\/wp-json\/wp\/v2\/pages\/23514\/revisions"}],"predecessor-version":[{"id":307170,"href":"https:\/\/lisakroeber.com\/et\/wp-json\/wp\/v2\/pages\/23514\/revisions\/307170"}],"wp:attachment":[{"href":"https:\/\/lisakroeber.com\/et\/wp-json\/wp\/v2\/media?parent=23514"}],"curies":[{"name":"wp","href":"https:\/\/api.w.org\/{rel}","templated":true}]}}