{"id":307211,"date":"2024-11-21T18:42:19","date_gmt":"2024-11-21T16:42:19","guid":{"rendered":"https:\/\/lisakroeber.com\/meist\/"},"modified":"2024-11-21T19:01:23","modified_gmt":"2024-11-21T17:01:23","slug":"meist","status":"publish","type":"page","link":"https:\/\/lisakroeber.com\/et\/meist\/","title":{"rendered":"Meist"},"content":{"rendered":"\n\n\t<section class=\"section\" id=\"section_188632246\">\n\t\t<div class=\"section-bg fill\" >\n\t\t\t\t\t\t\t\t\t\n\t\t\t\n\n\t\t<\/div>\n\n\t\t\n\n\t\t<div class=\"section-content relative\">\n\t\t\t\n\n\t<div id=\"gap-1878545951\" class=\"gap-element clearfix\" style=\"display:block; height:auto;\">\n\t\t\n<style>\n#gap-1878545951 {\n  padding-top: 30px;\n}\n<\/style>\n\t<\/div>\n\t\n\n<div class=\"container section-title-container\" ><h1 class=\"section-title section-title-center\"><b aria-hidden=\"true\"><\/b><span class=\"section-title-main\" >Meist<\/span><b aria-hidden=\"true\"><\/b><\/h1><\/div>\n\n\n\t\t<\/div>\n\n\t\t\n<style>\n#section_188632246 {\n  padding-top: 30px;\n  padding-bottom: 30px;\n}\n<\/style>\n\t<\/section>\n\t\n\n\t<section class=\"section\" id=\"section_691222024\">\n\t\t<div class=\"section-bg fill\" >\n\t\t\t\t\t\t\t\t\t\n\t\t\t\n\n\t\t<\/div>\n\n\t\t\n\n\t\t<div class=\"section-content relative\">\n\t\t\t\n\n<div class=\"row align-middle align-center row-about\"  id=\"row-1386444508\">\n\n\n\t<div id=\"col-1073443466\" class=\"col small-12 large-12\"  >\n\t\t\t\t<div class=\"col-inner\"  >\n\t\t\t\n\t\t\t\n\n\n  <div class=\"banner has-hover about-banner\" id=\"banner-1595890397\">\n          <div class=\"banner-inner fill\">\n        <div class=\"banner-bg fill\" >\n            <img decoding=\"async\" width=\"1707\" height=\"2560\" src=\"https:\/\/lisakroeber.com\/wp-content\/uploads\/2024\/09\/IMG_6476-scaled.jpg\" class=\"bg attachment-original size-original\" alt=\"\" \/>                                    \n            <div class=\"effect-sparkle bg-effect fill no-click\"><\/div>        <\/div>\n\t\t\n        <div class=\"banner-layers container\">\n            <div class=\"fill banner-link\"><\/div>            \n\n   <div id=\"text-box-1230168295\" class=\"text-box banner-layer x50 md-x50 lg-x50 y90 md-y90 lg-y90 res-text\">\n                                <div class=\"text-box-content text dark\">\n              \n              <div class=\"text-inner text-center\">\n                  \n\n\t<div id=\"text-1524288296\" class=\"text\">\n\t\t\n\n<h4>&#8220;Olen Lisa, sakslanna Eestis, kahe imearmsa poisi ema, naine, loodusearmastaja, kokandusf\u00e4nn, meie kassi &#8220;Mau&#8221; omanik ja Lisa Kroeber Jewellery looja.&#8221;<\/h4>\n\t\t\n<style>\n#text-1524288296 {\n  text-align: center;\n  color: rgb(255,255,255);\n}\n#text-1524288296 > * {\n  color: rgb(255,255,255);\n}\n<\/style>\n\t<\/div>\n\t\n\n              <\/div>\n           <\/div>\n                            \n<style>\n#text-box-1230168295 {\n  width: 77%;\n}\n#text-box-1230168295 .text-box-content {\n  font-size: 100%;\n}\n<\/style>\n    <\/div>\n \n\n        <\/div>\n      <\/div>\n\n            \n<style>\n#banner-1595890397 {\n  padding-top: 420px;\n  background-color: rgba(255, 255, 255, 0);\n}\n#banner-1595890397 .banner-bg img {\n  object-position: 0% 50%;\n}\n@media (min-width:850px) {\n  #banner-1595890397 {\n    padding-top: 544px;\n  }\n}\n<\/style>\n  <\/div>\n\n\n\t<div id=\"gap-1801155000\" class=\"gap-element clearfix\" style=\"display:block; height:auto;\">\n\t\t\n<style>\n#gap-1801155000 {\n  padding-top: 100px;\n}\n<\/style>\n\t<\/div>\n\t\n\n<div class=\"row align-middle\"  id=\"row-873818366\">\n\n\n\t<div id=\"col-1062999814\" class=\"col small-12 large-12\"  >\n\t\t\t\t<div class=\"col-inner\"  >\n\t\t\t\n\t\t\t\n\n<p>Panustame oma ehete loomisesse k\u00f5ik oma m\u00f5tted, aja ja armastuse ning arendame tooteid, mis vastavad m\u00f5nele lihtsale kriteeriumile, peavad olema vastupidavad, kvaliteetsed, valmistatud lihtsustatud, j\u00e4tkusuutliku ja eetilise l\u00e4henemisega. Tooted, mis peavad vastu ajaproovile, vananevad h\u00e4sti, kasutades parimaid materjale ega ole m\u00e4\u00e4ratud pr\u00fcgim\u00e4ele. Eluaegne garantii garanteeritud!<\/p>\n<p>Eluaegne karantii tagatud!<\/p>\n\n\t\t<\/div>\n\t\t\t\t\t<\/div>\n\n\t\n\n<\/div>\n\t<div id=\"gap-1266432251\" class=\"gap-element clearfix\" style=\"display:block; height:auto;\">\n\t\t\n<style>\n#gap-1266432251 {\n  padding-top: 20px;\n}\n<\/style>\n\t<\/div>\n\t\n\n<div class=\"row align-middle align-center\"  id=\"row-1378476430\">\n\n\n\t<div id=\"col-936828541\" class=\"col medium-6 small-12 large-6\"  >\n\t\t\t\t<div class=\"col-inner\"  >\n\t\t\t\n\t\t\t\n\n\t<div class=\"img has-hover x md-x lg-x y md-y lg-y\" id=\"image_1458801037\">\n\t\t\t\t\t\t\t\t<div class=\"img-inner dark\" >\n\t\t\t<img decoding=\"async\" width=\"1020\" height=\"734\" src=\"https:\/\/lisakroeber.com\/wp-content\/uploads\/2023\/04\/Lisa-3-edit-1205x800-1-1112x800.png\" class=\"attachment-large size-large\" alt=\"\" srcset=\"https:\/\/lisakroeber.com\/wp-content\/uploads\/2023\/04\/Lisa-3-edit-1205x800-1-1112x800.png 1112w, https:\/\/lisakroeber.com\/wp-content\/uploads\/2023\/04\/Lisa-3-edit-1205x800-1-510x367.png 510w, https:\/\/lisakroeber.com\/wp-content\/uploads\/2023\/04\/Lisa-3-edit-1205x800-1-556x400.png 556w, https:\/\/lisakroeber.com\/wp-content\/uploads\/2023\/04\/Lisa-3-edit-1205x800-1-768x553.png 768w, https:\/\/lisakroeber.com\/wp-content\/uploads\/2023\/04\/Lisa-3-edit-1205x800-1-1536x1105.png 1536w, https:\/\/lisakroeber.com\/wp-content\/uploads\/2023\/04\/Lisa-3-edit-1205x800-1.png 1740w\" sizes=\"(max-width: 1020px) 100vw, 1020px\" \/>\t\t\t\t\t\t\n\t\t\t\t\t<\/div>\n\t\t\t\t\t\t\t\t\n<style>\n#image_1458801037 {\n  width: 92%;\n}\n<\/style>\n\t<\/div>\n\t\n\n\n\t\t<\/div>\n\t\t\t\t\t<\/div>\n\n\t\n\n\t<div id=\"col-1608833461\" class=\"col medium-6 small-12 large-6\"  >\n\t\t\t\t<div class=\"col-inner\"  >\n\t\t\t\n\t\t\t\n\n<p>Mina olen Lisa Kroeber Jewellery disainer, saksa ehtekunstnik Lisa Lohu, kes leidis oma armastuse ja elu Eestis. <\/p>\n<p>2010. aastal p\u00e4rast ehte- ja v\u00e4\u00e4riskividisaini \u00f5pingute l\u00f5petamist Saksamaal (Idar-Oberstein) kolisin Eestisse ja asusin \u00fchisest Tallinna stuudiost oma ehtesarja kallale. Tol ajal oli minu nimi Lisa Kr\u00f6ber ja nii ma l\u00f5in selle nime all oma kaubam\u00e4rgi \u2013 s\u00fcndis Lisa Kroeber Jewellery. <\/p>\n<p>2018. aastal kolisin koos abikaasa Viljari ja meie esiklapse Ekkega Eestisse maale. Sellest ajast peale asume L\u00f5una-Eestis, elame keset loodust Viljandi l\u00e4hedal. Ja mitte ainult meie pere ei ole kasvanud meie teise poja Uku ja kass Mauga, vaid arenes ka minu br\u00e4nd ja see on n\u00fc\u00fcd v\u00e4ike pereettev\u00f5te: koos Viljariga juhin meie t\u00f6\u00f6koda Viljandis ja t\u00f6\u00f6tan koos kahe t\u00f6\u00f6taja, Maarja ja Hannaga. &#8211; Elisabeth.  <\/p>\n\n\t\t<\/div>\n\t\t\t\t\t<\/div>\n\n\t\n\n<\/div>\n\t<div id=\"gap-181201892\" class=\"gap-element clearfix\" style=\"display:block; height:auto;\">\n\t\t\n<style>\n#gap-181201892 {\n  padding-top: 50px;\n}\n<\/style>\n\t<\/div>\n\t\n\n<div class=\"row align-middle align-center\"  id=\"row-1202229777\">\n\n\n\t<div id=\"col-2059540735\" class=\"col medium-6 small-12 large-6\"  >\n\t\t\t\t<div class=\"col-inner\"  >\n\t\t\t\n\t\t\t\n\n<p>Mina ja Maarja jagame kullassepat\u00f6\u00f6d, kus loon uusi protot\u00fc\u00fcpe ja seeriaid, korraldan t\u00f6\u00f6protsessi ja klienditellimusi, t\u00f6\u00f6tan arvutis ja pingi taga.<\/p>\n<p>Maarja aitab nii valmistamisel kui ka t\u00fckkide viimistlemisel. Samuti annab ta meie t\u00f6\u00f6kojas ehtekunsti kursusi.<\/p>\n<p>Kullasepakoja k\u00f5rval on Viljari t\u00f6\u00f6koda, kus ta tegeleb l\u00f5ike- ja v\u00e4rvimise masinatega. Ta tegeleb ka kogu logistikaga ja aitab mind igasugustes k\u00fcsimustes.<\/p>\n<p>Hanna vastutab meie sotsiaalmeedia esinemiste eest, k\u00e4ib meie stuudios pilte ja videoid tegemas ning aitab turundusstrateegiaid v\u00e4lja m\u00f5elda.<\/p>\n\n\t\t<\/div>\n\t\t\t\t\t<\/div>\n\n\t\n\n\t<div id=\"col-727882565\" class=\"col medium-6 small-12 large-6\"  >\n\t\t\t\t<div class=\"col-inner\"  >\n\t\t\t\n\t\t\t\n\n\t<div class=\"img has-hover x md-x lg-x y md-y lg-y\" id=\"image_1179802229\">\n\t\t\t\t\t\t\t\t<div class=\"img-inner dark\" >\n\t\t\t<img decoding=\"async\" width=\"1020\" height=\"697\" src=\"https:\/\/lisakroeber.com\/wp-content\/uploads\/2024\/09\/Rauas-11-41-1170x800.jpg\" class=\"attachment-large size-large\" alt=\"\" srcset=\"https:\/\/lisakroeber.com\/wp-content\/uploads\/2024\/09\/Rauas-11-41-1170x800.jpg 1170w, https:\/\/lisakroeber.com\/wp-content\/uploads\/2024\/09\/Rauas-11-41-585x400.jpg 585w, https:\/\/lisakroeber.com\/wp-content\/uploads\/2024\/09\/Rauas-11-41-768x525.jpg 768w, https:\/\/lisakroeber.com\/wp-content\/uploads\/2024\/09\/Rauas-11-41-1536x1050.jpg 1536w, https:\/\/lisakroeber.com\/wp-content\/uploads\/2024\/09\/Rauas-11-41-2048x1400.jpg 2048w, https:\/\/lisakroeber.com\/wp-content\/uploads\/2024\/09\/Rauas-11-41-510x349.jpg 510w\" sizes=\"(max-width: 1020px) 100vw, 1020px\" \/>\t\t\t\t\t\t\n\t\t\t\t\t<\/div>\n\t\t\t\t\t\t\t\t\n<style>\n#image_1179802229 {\n  width: 100%;\n}\n<\/style>\n\t<\/div>\n\t\n\n\n\t\t<\/div>\n\t\t\t\t\t<\/div>\n\n\t\n\n<\/div>\n\t<div id=\"gap-2017535110\" class=\"gap-element clearfix\" style=\"display:block; height:auto;\">\n\t\t\n<style>\n#gap-2017535110 {\n  padding-top: 50px;\n}\n<\/style>\n\t<\/div>\n\t\n\n<div class=\"row\"  id=\"row-1238858376\">\n\n\n\t<div id=\"col-1670562789\" class=\"col medium-4 small-12 large-4\"  >\n\t\t\t\t<div class=\"col-inner\"  >\n\t\t\t\n\t\t\t\n\n\t<div class=\"img has-hover x md-x lg-x y md-y lg-y\" id=\"image_1444873748\">\n\t\t\t\t\t\t\t\t<div class=\"img-inner dark\" >\n\t\t\t<img decoding=\"async\" width=\"616\" height=\"800\" src=\"https:\/\/lisakroeber.com\/wp-content\/uploads\/2023\/04\/IMG_6194-1-616x800.png\" class=\"attachment-large size-large\" alt=\"\" srcset=\"https:\/\/lisakroeber.com\/wp-content\/uploads\/2023\/04\/IMG_6194-1-616x800.png 616w, https:\/\/lisakroeber.com\/wp-content\/uploads\/2023\/04\/IMG_6194-1-510x663.png 510w, https:\/\/lisakroeber.com\/wp-content\/uploads\/2023\/04\/IMG_6194-1-308x400.png 308w, https:\/\/lisakroeber.com\/wp-content\/uploads\/2023\/04\/IMG_6194-1-768x998.png 768w, https:\/\/lisakroeber.com\/wp-content\/uploads\/2023\/04\/IMG_6194-1-1182x1536.png 1182w, https:\/\/lisakroeber.com\/wp-content\/uploads\/2023\/04\/IMG_6194-1.png 1588w\" sizes=\"(max-width: 616px) 100vw, 616px\" \/>\t\t\t\t\t\t\n\t\t\t\t\t<\/div>\n\t\t\t\t\t\t\t\t\n<style>\n#image_1444873748 {\n  width: 100%;\n}\n<\/style>\n\t<\/div>\n\t\n\n\n\t\t<\/div>\n\t\t\t\t\t<\/div>\n\n\t\n\n\t<div id=\"col-693342043\" class=\"col medium-4 small-12 large-4\"  >\n\t\t\t\t<div class=\"col-inner\"  >\n\t\t\t\n\t\t\t\n\n\t<div class=\"img has-hover image-smaller x md-x lg-x y md-y lg-y\" id=\"image_138920593\">\n\t\t\t\t\t\t\t\t<div class=\"img-inner dark\" >\n\t\t\t<img decoding=\"async\" width=\"549\" height=\"800\" src=\"https:\/\/lisakroeber.com\/wp-content\/uploads\/2023\/04\/IMG_6251-1-549x800.png\" class=\"attachment-large size-large\" alt=\"\" srcset=\"https:\/\/lisakroeber.com\/wp-content\/uploads\/2023\/04\/IMG_6251-1-549x800.png 549w, https:\/\/lisakroeber.com\/wp-content\/uploads\/2023\/04\/IMG_6251-1-510x744.png 510w, https:\/\/lisakroeber.com\/wp-content\/uploads\/2023\/04\/IMG_6251-1-274x400.png 274w, https:\/\/lisakroeber.com\/wp-content\/uploads\/2023\/04\/IMG_6251-1-768x1120.png 768w, https:\/\/lisakroeber.com\/wp-content\/uploads\/2023\/04\/IMG_6251-1-1053x1536.png 1053w, https:\/\/lisakroeber.com\/wp-content\/uploads\/2023\/04\/IMG_6251-1.png 1100w\" sizes=\"(max-width: 549px) 100vw, 549px\" \/>\t\t\t\t\t\t\n\t\t\t\t\t<\/div>\n\t\t\t\t\t\t\t\t\n<style>\n#image_138920593 {\n  width: 100%;\n}\n<\/style>\n\t<\/div>\n\t\n\n\n\t\t<\/div>\n\t\t\t\t\t<\/div>\n\n\t\n\n\t<div id=\"col-733344091\" class=\"col medium-4 small-12 large-4\"  >\n\t\t\t\t<div class=\"col-inner\"  >\n\t\t\t\n\t\t\t\n\n\t<div class=\"img has-hover x md-x lg-x y md-y lg-y\" id=\"image_1290634487\">\n\t\t\t\t\t\t\t\t<div class=\"img-inner dark\" >\n\t\t\t<img decoding=\"async\" width=\"397\" height=\"516\" src=\"https:\/\/lisakroeber.com\/wp-content\/uploads\/2023\/04\/IMG_6206-1.png\" class=\"attachment-large size-large\" alt=\"\" srcset=\"https:\/\/lisakroeber.com\/wp-content\/uploads\/2023\/04\/IMG_6206-1.png 397w, https:\/\/lisakroeber.com\/wp-content\/uploads\/2023\/04\/IMG_6206-1-308x400.png 308w, https:\/\/lisakroeber.com\/wp-content\/uploads\/2023\/04\/IMG_6206-1-300x390.png 300w\" sizes=\"(max-width: 397px) 100vw, 397px\" \/>\t\t\t\t\t\t\n\t\t\t\t\t<\/div>\n\t\t\t\t\t\t\t\t\n<style>\n#image_1290634487 {\n  width: 100%;\n}\n<\/style>\n\t<\/div>\n\t\n\n\n\t\t<\/div>\n\t\t\t\t\t<\/div>\n\n\t\n\n<\/div>\n\n\t\t<\/div>\n\t\t\t\t\t<\/div>\n\n\t\n\n\t<div id=\"col-2184557\" class=\"col medium-8 small-12 large-8\"  >\n\t\t\t\t<div class=\"col-inner text-center\"  >\n\t\t\t\n\t\t\t\n\n\t<div id=\"text-99609496\" class=\"text\">\n\t\t\n\n<p>Usume luua tooteid, mis on meie maailma jaoks paremad, muutudes osaks teie eluloost, moodustades teie ja teie asjade vahel intiimsuse, mida hellitada ja hoida. K\u00f5ik tooted on teadlikult valmistatud, vastutustundlikult ja eetiliselt p\u00e4rit keskkonnas\u00f5bralikuma ja s\u00e4\u00e4stva elustiili jaoks.<\/p>\n<p>Usume ausa p\u00e4ritoluga kvaliteetsetesse kaupadesse, ehetesse, mis on valmistatud armastuse ja hoolega ning ei kahjusta keskkonda. Me hoolitseme selle eest, et k\u00f5ik meie ehted oleksid toodetud kohapeal ja parimates t\u00f6\u00f6tingimustes.<\/p>\n\t\t\n<style>\n#text-99609496 {\n  text-align: center;\n}\n<\/style>\n\t<\/div>\n\t\n\n\t\t<\/div>\n\t\t\t\t\t<\/div>\n\n\t\n\n<\/div>\n\n\t\t<\/div>\n\n\t\t\n<style>\n#section_691222024 {\n  padding-top: 30px;\n  padding-bottom: 30px;\n}\n<\/style>\n\t<\/section>\n\t\n\n","protected":false},"excerpt":{"rendered":"","protected":false},"author":1,"featured_media":0,"parent":0,"menu_order":0,"comment_status":"closed","ping_status":"open","template":"page-blank.php","meta":{"content-type":"","footnotes":""},"class_list":["post-307211","page","type-page","status-publish","hentry"],"yoast_head":"<!-- This site is optimized with the Yoast SEO plugin v27.4 - https:\/\/yoast.com\/product\/yoast-seo-wordpress\/ -->\n<title>Meist - Lisa Kroeber Jewellery Art<\/title>\n<meta name=\"robots\" content=\"index, follow, max-snippet:-1, max-image-preview:large, max-video-preview:-1\" \/>\n<link rel=\"canonical\" href=\"https:\/\/lisakroeber.com\/et\/meist\/\" \/>\n<meta property=\"og:locale\" content=\"et_EE\" \/>\n<meta property=\"og:type\" content=\"article\" \/>\n<meta property=\"og:title\" content=\"Meist - Lisa Kroeber Jewellery Art\" \/>\n<meta property=\"og:url\" content=\"https:\/\/lisakroeber.com\/et\/meist\/\" \/>\n<meta property=\"og:site_name\" content=\"Lisa Kroeber Jewellery Art\" \/>\n<meta property=\"article:modified_time\" content=\"2024-11-21T17:01:23+00:00\" \/>\n<meta name=\"twitter:card\" content=\"summary_large_image\" \/>\n<meta name=\"twitter:label1\" content=\"Est. reading time\" \/>\n\t<meta name=\"twitter:data1\" content=\"3 minutit\" \/>\n<script type=\"application\/ld+json\" class=\"yoast-schema-graph\">{\"@context\":\"https:\\\/\\\/schema.org\",\"@graph\":[{\"@type\":\"WebPage\",\"@id\":\"https:\\\/\\\/lisakroeber.com\\\/et\\\/meist\\\/\",\"url\":\"https:\\\/\\\/lisakroeber.com\\\/et\\\/meist\\\/\",\"name\":\"Meist - Lisa Kroeber Jewellery Art\",\"isPartOf\":{\"@id\":\"https:\\\/\\\/lisakroeber.com\\\/#website\"},\"datePublished\":\"2024-11-21T16:42:19+00:00\",\"dateModified\":\"2024-11-21T17:01:23+00:00\",\"breadcrumb\":{\"@id\":\"https:\\\/\\\/lisakroeber.com\\\/et\\\/meist\\\/#breadcrumb\"},\"inLanguage\":\"et\",\"potentialAction\":[{\"@type\":\"ReadAction\",\"target\":[\"https:\\\/\\\/lisakroeber.com\\\/et\\\/meist\\\/\"]}]},{\"@type\":\"BreadcrumbList\",\"@id\":\"https:\\\/\\\/lisakroeber.com\\\/et\\\/meist\\\/#breadcrumb\",\"itemListElement\":[{\"@type\":\"ListItem\",\"position\":1,\"name\":\"Home\",\"item\":\"https:\\\/\\\/lisakroeber.com\\\/et\\\/\"},{\"@type\":\"ListItem\",\"position\":2,\"name\":\"Meist\"}]},{\"@type\":\"WebSite\",\"@id\":\"https:\\\/\\\/lisakroeber.com\\\/#website\",\"url\":\"https:\\\/\\\/lisakroeber.com\\\/\",\"name\":\"Lisa Kroeber Jewellery Art\",\"description\":\"Lisa Kroeber Jewellery Art e-shop\",\"publisher\":{\"@id\":\"https:\\\/\\\/lisakroeber.com\\\/#organization\"},\"potentialAction\":[{\"@type\":\"SearchAction\",\"target\":{\"@type\":\"EntryPoint\",\"urlTemplate\":\"https:\\\/\\\/lisakroeber.com\\\/?s={search_term_string}\"},\"query-input\":{\"@type\":\"PropertyValueSpecification\",\"valueRequired\":true,\"valueName\":\"search_term_string\"}}],\"inLanguage\":\"et\"},{\"@type\":\"Organization\",\"@id\":\"https:\\\/\\\/lisakroeber.com\\\/#organization\",\"name\":\"Lisa Kroeber Jewellery\",\"url\":\"https:\\\/\\\/lisakroeber.com\\\/\",\"logo\":{\"@type\":\"ImageObject\",\"inLanguage\":\"et\",\"@id\":\"https:\\\/\\\/lisakroeber.com\\\/#\\\/schema\\\/logo\\\/image\\\/\",\"url\":\"https:\\\/\\\/lisakroeber.com\\\/wp-content\\\/uploads\\\/2024\\\/07\\\/47178367_317322115661289_143956003702964224_n-e1543863670541.svg\",\"contentUrl\":\"https:\\\/\\\/lisakroeber.com\\\/wp-content\\\/uploads\\\/2024\\\/07\\\/47178367_317322115661289_143956003702964224_n-e1543863670541.svg\",\"width\":1,\"height\":1,\"caption\":\"Lisa Kroeber Jewellery\"},\"image\":{\"@id\":\"https:\\\/\\\/lisakroeber.com\\\/#\\\/schema\\\/logo\\\/image\\\/\"}}]}<\/script>\n<!-- \/ Yoast SEO plugin. -->","yoast_head_json":{"title":"Meist - Lisa Kroeber Jewellery Art","robots":{"index":"index","follow":"follow","max-snippet":"max-snippet:-1","max-image-preview":"max-image-preview:large","max-video-preview":"max-video-preview:-1"},"canonical":"https:\/\/lisakroeber.com\/et\/meist\/","og_locale":"et_EE","og_type":"article","og_title":"Meist - Lisa Kroeber Jewellery Art","og_url":"https:\/\/lisakroeber.com\/et\/meist\/","og_site_name":"Lisa Kroeber Jewellery Art","article_modified_time":"2024-11-21T17:01:23+00:00","twitter_card":"summary_large_image","twitter_misc":{"Est. reading time":"3 minutit"},"schema":{"@context":"https:\/\/schema.org","@graph":[{"@type":"WebPage","@id":"https:\/\/lisakroeber.com\/et\/meist\/","url":"https:\/\/lisakroeber.com\/et\/meist\/","name":"Meist - Lisa Kroeber Jewellery Art","isPartOf":{"@id":"https:\/\/lisakroeber.com\/#website"},"datePublished":"2024-11-21T16:42:19+00:00","dateModified":"2024-11-21T17:01:23+00:00","breadcrumb":{"@id":"https:\/\/lisakroeber.com\/et\/meist\/#breadcrumb"},"inLanguage":"et","potentialAction":[{"@type":"ReadAction","target":["https:\/\/lisakroeber.com\/et\/meist\/"]}]},{"@type":"BreadcrumbList","@id":"https:\/\/lisakroeber.com\/et\/meist\/#breadcrumb","itemListElement":[{"@type":"ListItem","position":1,"name":"Home","item":"https:\/\/lisakroeber.com\/et\/"},{"@type":"ListItem","position":2,"name":"Meist"}]},{"@type":"WebSite","@id":"https:\/\/lisakroeber.com\/#website","url":"https:\/\/lisakroeber.com\/","name":"Lisa Kroeber Jewellery Art","description":"Lisa Kroeber Jewellery Art e-shop","publisher":{"@id":"https:\/\/lisakroeber.com\/#organization"},"potentialAction":[{"@type":"SearchAction","target":{"@type":"EntryPoint","urlTemplate":"https:\/\/lisakroeber.com\/?s={search_term_string}"},"query-input":{"@type":"PropertyValueSpecification","valueRequired":true,"valueName":"search_term_string"}}],"inLanguage":"et"},{"@type":"Organization","@id":"https:\/\/lisakroeber.com\/#organization","name":"Lisa Kroeber Jewellery","url":"https:\/\/lisakroeber.com\/","logo":{"@type":"ImageObject","inLanguage":"et","@id":"https:\/\/lisakroeber.com\/#\/schema\/logo\/image\/","url":"https:\/\/lisakroeber.com\/wp-content\/uploads\/2024\/07\/47178367_317322115661289_143956003702964224_n-e1543863670541.svg","contentUrl":"https:\/\/lisakroeber.com\/wp-content\/uploads\/2024\/07\/47178367_317322115661289_143956003702964224_n-e1543863670541.svg","width":1,"height":1,"caption":"Lisa Kroeber Jewellery"},"image":{"@id":"https:\/\/lisakroeber.com\/#\/schema\/logo\/image\/"}}]}},"_links":{"self":[{"href":"https:\/\/lisakroeber.com\/et\/wp-json\/wp\/v2\/pages\/307211","targetHints":{"allow":["GET"]}}],"collection":[{"href":"https:\/\/lisakroeber.com\/et\/wp-json\/wp\/v2\/pages"}],"about":[{"href":"https:\/\/lisakroeber.com\/et\/wp-json\/wp\/v2\/types\/page"}],"author":[{"embeddable":true,"href":"https:\/\/lisakroeber.com\/et\/wp-json\/wp\/v2\/users\/1"}],"replies":[{"embeddable":true,"href":"https:\/\/lisakroeber.com\/et\/wp-json\/wp\/v2\/comments?post=307211"}],"version-history":[{"count":7,"href":"https:\/\/lisakroeber.com\/et\/wp-json\/wp\/v2\/pages\/307211\/revisions"}],"predecessor-version":[{"id":307228,"href":"https:\/\/lisakroeber.com\/et\/wp-json\/wp\/v2\/pages\/307211\/revisions\/307228"}],"wp:attachment":[{"href":"https:\/\/lisakroeber.com\/et\/wp-json\/wp\/v2\/media?parent=307211"}],"curies":[{"name":"wp","href":"https:\/\/api.w.org\/{rel}","templated":true}]}}