{"id":308196,"date":"2025-03-24T17:50:31","date_gmt":"2025-03-24T15:50:31","guid":{"rendered":"https:\/\/lisakroeber.com\/tootuba-gruppidele\/"},"modified":"2025-09-11T12:03:01","modified_gmt":"2025-09-11T10:03:01","slug":"tootuba-gruppidele","status":"publish","type":"page","link":"https:\/\/lisakroeber.com\/et\/tootuba-gruppidele\/","title":{"rendered":"T\u00f6\u00f6tuba gruppidele"},"content":{"rendered":"\n<div class=\"row\"  id=\"row-349645710\">\n\n\n\t<div id=\"col-2011723765\" class=\"col medium-5 small-12 large-5\"  >\n\t\t\t\t<div class=\"col-inner\"  >\n\t\t\t\n\t\t\t\n\n\t<div class=\"img has-hover x md-x lg-x y md-y lg-y\" id=\"image_75977764\">\n\t\t<a class=\"image-lightbox lightbox-gallery\" title=\"\" href=\"https:\/\/lisakroeber.com\/wp-content\/uploads\/2025\/05\/IMG_3661-800x800.jpg\">\t\t\t\t\t\t<div class=\"img-inner dark\" >\n\t\t\t<img decoding=\"async\" width=\"1536\" height=\"1536\" src=\"https:\/\/lisakroeber.com\/wp-content\/uploads\/2025\/05\/IMG_3661.jpg\" class=\"attachment-original size-original\" alt=\"\" srcset=\"https:\/\/lisakroeber.com\/wp-content\/uploads\/2025\/05\/IMG_3661.jpg 1536w, https:\/\/lisakroeber.com\/wp-content\/uploads\/2025\/05\/IMG_3661-400x400.jpg 400w, https:\/\/lisakroeber.com\/wp-content\/uploads\/2025\/05\/IMG_3661-800x800.jpg 800w, https:\/\/lisakroeber.com\/wp-content\/uploads\/2025\/05\/IMG_3661-280x280.jpg 280w, https:\/\/lisakroeber.com\/wp-content\/uploads\/2025\/05\/IMG_3661-768x768.jpg 768w, https:\/\/lisakroeber.com\/wp-content\/uploads\/2025\/05\/IMG_3661-247x247.jpg 247w, https:\/\/lisakroeber.com\/wp-content\/uploads\/2025\/05\/IMG_3661-510x510.jpg 510w, https:\/\/lisakroeber.com\/wp-content\/uploads\/2025\/05\/IMG_3661-100x100.jpg 100w\" sizes=\"(max-width: 1536px) 100vw, 1536px\" \/>\t\t\t\t\t\t\n\t\t\t\t\t<\/div>\n\t\t\t\t\t\t<\/a>\t\t\n<style>\n#image_75977764 {\n  width: 100%;\n}\n<\/style>\n\t<\/div>\n\t\n\n\n\t\t<\/div>\n\t\t\t\t\n<style>\n#col-2011723765 > .col-inner {\n  padding: 0px 0px 0px 0px;\n  margin: 0px 0px -10px 0px;\n}\n<\/style>\n\t<\/div>\n\n\t\n\n\t<div id=\"col-1864937001\" class=\"col medium-7 small-12 large-7\"  >\n\t\t\t\t<div class=\"col-inner\"  >\n\t\t\t\n\t\t\t\n\n<div class=\"container section-title-container\" ><h1 class=\"section-title section-title-normal\"><b aria-hidden=\"true\"><\/b><span class=\"section-title-main\" >T\u00f6\u00f6tuba gruppidele<\/span><b aria-hidden=\"true\"><\/b><\/h1><\/div>\n\n<p>T\u00f6\u00f6toas valmib igal osaleja isikup\u00e4rane s\u00f5numiga h\u00f5bedast ripats, s\u00f5rmus v\u00f5i k\u00f5rvar\u00f5ngad.<\/p>\n<p>Kas plaanite s\u00fcnnip\u00e4eva, t\u00fcdrukutepidu v\u00f5i v\u00e4ikest firma\u00fcritust? Pakume ehtekunsti kursusi osalejate arvuga kuni 4-10 osalejat. <\/p>\n<p>Valminud ehted saab koju viia kaunis kinkekotis.<\/p>\n\t<div id=\"text-2211748401\" class=\"text\">\n\t\t\n\n<p><b>Koolitus kestab ~2.5 hours<\/b><\/p>\n<p>4-10 osalejale<\/p>\n<p>hind inimese kohta 75\u20ac<\/p>\n\t\t\n<style>\n#text-2211748401 {\n  text-align: left;\n}\n<\/style>\n\t<\/div>\n\t\n\t<div id=\"text-1390681000\" class=\"text\">\n\t\t\n\n<p><b>KUS<br><\/b>Meie ehtekunsti kursused toimuvad Lisa Kroeber Jewellery ja Maarja Palu stuudios, Raua 4 Loomehoovikus, Viljandis.<\/p>\n\t\t\n<style>\n#text-1390681000 {\n  text-align: left;\n}\n<\/style>\n\t<\/div>\n\t\n\t<div id=\"text-3217545277\" class=\"text\">\n\t\t\n\n<p><b>KES<br><\/b>Kursusi viib l\u00e4bi Viljandi Kultuuriakadeemias ehtekunsti \u00f5ppinud Maarja Palu. Maarja ei kuulu n\u00fc\u00fcd mitte ainult Lisa Kroeber Jewellery meeskonda, vaid t\u00f6\u00f6tab ka iseseisvalt ehtekunstnikuna. Seet\u00f5ttu on tal laialdased kogemused ja suurep\u00e4rased teadmised teid juhendada, aidata ja vastata k\u00f5ikidele teie k\u00fcsimustele.  <\/p>\n\t\t\n<style>\n#text-3217545277 {\n  text-align: left;\n}\n<\/style>\n\t<\/div>\n\t\n\n\t\t<\/div>\n\t\t\t\t\t<\/div>\n\n\t\n\n<\/div>\n<div class=\"row\"  id=\"row-271906445\">\n\n\n\t<div id=\"col-1284800727\" class=\"col small-12 large-12\"  >\n\t\t\t\t<div class=\"col-inner\"  >\n\t\t\t\n\t\t\t\n\n\t<div id=\"gap-1167215813\" class=\"gap-element clearfix\" style=\"display:block; height:auto;\">\n\t\t\n<style>\n#gap-1167215813 {\n  padding-top: 0px;\n}\n@media (min-width:550px) {\n  #gap-1167215813 {\n    padding-top: 30px;\n  }\n}\n<\/style>\n\t<\/div>\n\t\n\n<div class=\"container section-title-container\" ><h2 class=\"section-title section-title-normal\"><b aria-hidden=\"true\"><\/b><span class=\"section-title-main\" >Saada p\u00e4ring<\/span><b aria-hidden=\"true\"><\/b><\/h2><\/div>\n\n\n\n<style id=\"wpforms-css-vars-308178\">\n\t\t\t\t#wpforms-308178 {\n\t\t\t\t\n\t\t\t}\n\t\t\t<\/style><div class=\"wpforms-container wpforms-container-full wpforms-render-modern\" id=\"wpforms-308178\"><form id=\"wpforms-form-308178\" class=\"wpforms-validate wpforms-form wpforms-ajax-form\" data-formid=\"308178\" method=\"post\" enctype=\"multipart\/form-data\" action=\"\/et\/wp-json\/wp\/v2\/pages\/308196\" data-token=\"1d0615dee03ac07d96452a264df7b2fd\" data-token-time=\"1776759367\"><noscript class=\"wpforms-error-noscript\">Please enable JavaScript in your browser to complete this form.<\/noscript><div id=\"wpforms-error-noscript\" style=\"display: none;\">Please enable JavaScript in your browser to complete this form.<\/div><div class=\"wpforms-field-container\">\t\t<div id=\"wpforms-308178-field_4-container\"\n\t\t\tclass=\"wpforms-field wpforms-field-text\"\n\t\t\tdata-field-type=\"text\"\n\t\t\tdata-field-id=\"4\"\n\t\t\t>\n\t\t\t<label class=\"wpforms-field-label\" for=\"wpforms-308178-field_4\" >(millal soovid mitu<\/label>\n\t\t\t<input type=\"text\" id=\"wpforms-308178-field_4\" class=\"wpforms-field-medium\" name=\"wpforms[fields][4]\" >\n\t\t<\/div>\n\t\t<div id=\"wpforms-308178-field_1-container\" class=\"wpforms-field wpforms-field-name\" data-field-id=\"1\"><fieldset><legend class=\"wpforms-field-label\">Nimi <span class=\"wpforms-required-label\" aria-hidden=\"true\">*<\/span><\/legend><div class=\"wpforms-field-row wpforms-field-large\"><div class=\"wpforms-field-row-block wpforms-first wpforms-one-half\"><input type=\"text\" id=\"wpforms-308178-field_1\" class=\"wpforms-field-name-first wpforms-field-required\" name=\"wpforms[fields][1][first]\" aria-errormessage=\"wpforms-308178-field_1-error\" required><label for=\"wpforms-308178-field_1\" class=\"wpforms-field-sublabel after\">Eesnimi<\/label><\/div><div class=\"wpforms-field-row-block wpforms-one-half\"><input type=\"text\" id=\"wpforms-308178-field_1-last\" class=\"wpforms-field-name-last wpforms-field-required\" name=\"wpforms[fields][1][last]\" aria-errormessage=\"wpforms-308178-field_1-last-error\" required><label for=\"wpforms-308178-field_1-last\" class=\"wpforms-field-sublabel after\">Perekonnanimi<\/label><\/div><\/div><\/fieldset><\/div><div id=\"wpforms-308178-field_2-container\" class=\"wpforms-field wpforms-field-email\" data-field-id=\"2\"><label class=\"wpforms-field-label\" for=\"wpforms-308178-field_2\">E-post <span class=\"wpforms-required-label\" aria-hidden=\"true\">*<\/span><\/label><input type=\"email\" id=\"wpforms-308178-field_2\" class=\"wpforms-field-large wpforms-field-required\" name=\"wpforms[fields][2]\" spellcheck=\"false\" aria-errormessage=\"wpforms-308178-field_2-error\" required><\/div><div id=\"wpforms-308178-field_3-container\" class=\"wpforms-field wpforms-field-textarea\" data-field-id=\"3\"><label class=\"wpforms-field-label\" for=\"wpforms-308178-field_3\">Sinu s\u00f5num (millal soovid tulla, mitu inimest, jne.) <span class=\"wpforms-required-label\" aria-hidden=\"true\">*<\/span><\/label><textarea id=\"wpforms-308178-field_3\" class=\"wpforms-field-medium wpforms-field-required\" name=\"wpforms[fields][3]\" aria-errormessage=\"wpforms-308178-field_3-error\" required><\/textarea><\/div><script>\n\t\t\t\t( function() {\n\t\t\t\t\tconst style = document.createElement( 'style' );\n\t\t\t\t\tstyle.appendChild( document.createTextNode( '#wpforms-308178-field_4-container { position: absolute !important; overflow: hidden !important; display: inline !important; height: 1px !important; width: 1px !important; z-index: -1000 !important; padding: 0 !important; } #wpforms-308178-field_4-container input { visibility: hidden; } #wpforms-conversational-form-page #wpforms-308178-field_4-container label { counter-increment: none; }' ) );\n\t\t\t\t\tdocument.head.appendChild( style );\n\t\t\t\t\tdocument.currentScript?.remove();\n\t\t\t\t} )();\n\t\t\t<\/script><\/div><!-- .wpforms-field-container --><div class=\"wpforms-submit-container\" ><input type=\"hidden\" name=\"wpforms[id]\" value=\"308178\"><input type=\"hidden\" name=\"page_title\" value=\"\"><input type=\"hidden\" name=\"page_url\" value=\"https:\/\/lisakroeber.com\/et\/wp-json\/wp\/v2\/pages\/308196\"><input type=\"hidden\" name=\"url_referer\" value=\"\"><button type=\"submit\" name=\"wpforms[submit]\" id=\"wpforms-submit-308178\" class=\"wpforms-submit\" data-alt-text=\"Saadab...\" data-submit-text=\"Saada\" aria-live=\"assertive\" value=\"wpforms-submit\">Saada<\/button><img decoding=\"async\" src=\"https:\/\/lisakroeber.com\/wp-content\/plugins\/wpforms-lite\/assets\/images\/submit-spin.svg\" class=\"wpforms-submit-spinner\" style=\"display: none;\" width=\"26\" height=\"26\" alt=\"Loading\"><\/div><\/form><\/div>  <!-- .wpforms-container -->\n\n\n\t\t<\/div>\n\t\t\t\t\t<\/div>\n\n\t\n\n<\/div>\n\n","protected":false},"excerpt":{"rendered":"","protected":false},"author":1401,"featured_media":0,"parent":0,"menu_order":0,"comment_status":"closed","ping_status":"closed","template":"","meta":{"content-type":"","footnotes":""},"class_list":["post-308196","page","type-page","status-publish","hentry"],"yoast_head":"<!-- This site is optimized with the Yoast SEO plugin v27.4 - https:\/\/yoast.com\/product\/yoast-seo-wordpress\/ -->\n<title>T\u00f6\u00f6tuba gruppidele - Lisa Kroeber Jewellery Art<\/title>\n<meta name=\"robots\" content=\"index, follow, max-snippet:-1, max-image-preview:large, max-video-preview:-1\" \/>\n<link rel=\"canonical\" href=\"https:\/\/lisakroeber.com\/et\/tootuba-gruppidele\/\" \/>\n<meta property=\"og:locale\" content=\"et_EE\" \/>\n<meta property=\"og:type\" content=\"article\" \/>\n<meta property=\"og:title\" content=\"T\u00f6\u00f6tuba gruppidele - Lisa Kroeber Jewellery Art\" \/>\n<meta property=\"og:url\" content=\"https:\/\/lisakroeber.com\/et\/tootuba-gruppidele\/\" \/>\n<meta property=\"og:site_name\" content=\"Lisa Kroeber Jewellery Art\" \/>\n<meta property=\"article:modified_time\" content=\"2025-09-11T10:03:01+00:00\" \/>\n<meta name=\"twitter:card\" content=\"summary_large_image\" \/>\n<meta name=\"twitter:label1\" content=\"Est. reading time\" \/>\n\t<meta name=\"twitter:data1\" content=\"1 minut\" \/>\n<script type=\"application\/ld+json\" class=\"yoast-schema-graph\">{\"@context\":\"https:\\\/\\\/schema.org\",\"@graph\":[{\"@type\":\"WebPage\",\"@id\":\"https:\\\/\\\/lisakroeber.com\\\/et\\\/tootuba-gruppidele\\\/\",\"url\":\"https:\\\/\\\/lisakroeber.com\\\/et\\\/tootuba-gruppidele\\\/\",\"name\":\"T\u00f6\u00f6tuba gruppidele - Lisa Kroeber Jewellery Art\",\"isPartOf\":{\"@id\":\"https:\\\/\\\/lisakroeber.com\\\/#website\"},\"datePublished\":\"2025-03-24T15:50:31+00:00\",\"dateModified\":\"2025-09-11T10:03:01+00:00\",\"breadcrumb\":{\"@id\":\"https:\\\/\\\/lisakroeber.com\\\/et\\\/tootuba-gruppidele\\\/#breadcrumb\"},\"inLanguage\":\"et\",\"potentialAction\":[{\"@type\":\"ReadAction\",\"target\":[\"https:\\\/\\\/lisakroeber.com\\\/et\\\/tootuba-gruppidele\\\/\"]}]},{\"@type\":\"BreadcrumbList\",\"@id\":\"https:\\\/\\\/lisakroeber.com\\\/et\\\/tootuba-gruppidele\\\/#breadcrumb\",\"itemListElement\":[{\"@type\":\"ListItem\",\"position\":1,\"name\":\"Home\",\"item\":\"https:\\\/\\\/lisakroeber.com\\\/et\\\/\"},{\"@type\":\"ListItem\",\"position\":2,\"name\":\"T\u00f6\u00f6tuba gruppidele\"}]},{\"@type\":\"WebSite\",\"@id\":\"https:\\\/\\\/lisakroeber.com\\\/#website\",\"url\":\"https:\\\/\\\/lisakroeber.com\\\/\",\"name\":\"Lisa Kroeber Jewellery Art\",\"description\":\"Lisa Kroeber Jewellery Art e-shop\",\"publisher\":{\"@id\":\"https:\\\/\\\/lisakroeber.com\\\/#organization\"},\"potentialAction\":[{\"@type\":\"SearchAction\",\"target\":{\"@type\":\"EntryPoint\",\"urlTemplate\":\"https:\\\/\\\/lisakroeber.com\\\/?s={search_term_string}\"},\"query-input\":{\"@type\":\"PropertyValueSpecification\",\"valueRequired\":true,\"valueName\":\"search_term_string\"}}],\"inLanguage\":\"et\"},{\"@type\":\"Organization\",\"@id\":\"https:\\\/\\\/lisakroeber.com\\\/#organization\",\"name\":\"Lisa Kroeber Jewellery\",\"url\":\"https:\\\/\\\/lisakroeber.com\\\/\",\"logo\":{\"@type\":\"ImageObject\",\"inLanguage\":\"et\",\"@id\":\"https:\\\/\\\/lisakroeber.com\\\/#\\\/schema\\\/logo\\\/image\\\/\",\"url\":\"https:\\\/\\\/lisakroeber.com\\\/wp-content\\\/uploads\\\/2024\\\/07\\\/47178367_317322115661289_143956003702964224_n-e1543863670541.svg\",\"contentUrl\":\"https:\\\/\\\/lisakroeber.com\\\/wp-content\\\/uploads\\\/2024\\\/07\\\/47178367_317322115661289_143956003702964224_n-e1543863670541.svg\",\"width\":1,\"height\":1,\"caption\":\"Lisa Kroeber Jewellery\"},\"image\":{\"@id\":\"https:\\\/\\\/lisakroeber.com\\\/#\\\/schema\\\/logo\\\/image\\\/\"}}]}<\/script>\n<!-- \/ Yoast SEO plugin. -->","yoast_head_json":{"title":"T\u00f6\u00f6tuba gruppidele - Lisa Kroeber Jewellery Art","robots":{"index":"index","follow":"follow","max-snippet":"max-snippet:-1","max-image-preview":"max-image-preview:large","max-video-preview":"max-video-preview:-1"},"canonical":"https:\/\/lisakroeber.com\/et\/tootuba-gruppidele\/","og_locale":"et_EE","og_type":"article","og_title":"T\u00f6\u00f6tuba gruppidele - Lisa Kroeber Jewellery Art","og_url":"https:\/\/lisakroeber.com\/et\/tootuba-gruppidele\/","og_site_name":"Lisa Kroeber Jewellery Art","article_modified_time":"2025-09-11T10:03:01+00:00","twitter_card":"summary_large_image","twitter_misc":{"Est. reading time":"1 minut"},"schema":{"@context":"https:\/\/schema.org","@graph":[{"@type":"WebPage","@id":"https:\/\/lisakroeber.com\/et\/tootuba-gruppidele\/","url":"https:\/\/lisakroeber.com\/et\/tootuba-gruppidele\/","name":"T\u00f6\u00f6tuba gruppidele - Lisa Kroeber Jewellery Art","isPartOf":{"@id":"https:\/\/lisakroeber.com\/#website"},"datePublished":"2025-03-24T15:50:31+00:00","dateModified":"2025-09-11T10:03:01+00:00","breadcrumb":{"@id":"https:\/\/lisakroeber.com\/et\/tootuba-gruppidele\/#breadcrumb"},"inLanguage":"et","potentialAction":[{"@type":"ReadAction","target":["https:\/\/lisakroeber.com\/et\/tootuba-gruppidele\/"]}]},{"@type":"BreadcrumbList","@id":"https:\/\/lisakroeber.com\/et\/tootuba-gruppidele\/#breadcrumb","itemListElement":[{"@type":"ListItem","position":1,"name":"Home","item":"https:\/\/lisakroeber.com\/et\/"},{"@type":"ListItem","position":2,"name":"T\u00f6\u00f6tuba gruppidele"}]},{"@type":"WebSite","@id":"https:\/\/lisakroeber.com\/#website","url":"https:\/\/lisakroeber.com\/","name":"Lisa Kroeber Jewellery Art","description":"Lisa Kroeber Jewellery Art e-shop","publisher":{"@id":"https:\/\/lisakroeber.com\/#organization"},"potentialAction":[{"@type":"SearchAction","target":{"@type":"EntryPoint","urlTemplate":"https:\/\/lisakroeber.com\/?s={search_term_string}"},"query-input":{"@type":"PropertyValueSpecification","valueRequired":true,"valueName":"search_term_string"}}],"inLanguage":"et"},{"@type":"Organization","@id":"https:\/\/lisakroeber.com\/#organization","name":"Lisa Kroeber Jewellery","url":"https:\/\/lisakroeber.com\/","logo":{"@type":"ImageObject","inLanguage":"et","@id":"https:\/\/lisakroeber.com\/#\/schema\/logo\/image\/","url":"https:\/\/lisakroeber.com\/wp-content\/uploads\/2024\/07\/47178367_317322115661289_143956003702964224_n-e1543863670541.svg","contentUrl":"https:\/\/lisakroeber.com\/wp-content\/uploads\/2024\/07\/47178367_317322115661289_143956003702964224_n-e1543863670541.svg","width":1,"height":1,"caption":"Lisa Kroeber Jewellery"},"image":{"@id":"https:\/\/lisakroeber.com\/#\/schema\/logo\/image\/"}}]}},"_links":{"self":[{"href":"https:\/\/lisakroeber.com\/et\/wp-json\/wp\/v2\/pages\/308196","targetHints":{"allow":["GET"]}}],"collection":[{"href":"https:\/\/lisakroeber.com\/et\/wp-json\/wp\/v2\/pages"}],"about":[{"href":"https:\/\/lisakroeber.com\/et\/wp-json\/wp\/v2\/types\/page"}],"author":[{"embeddable":true,"href":"https:\/\/lisakroeber.com\/et\/wp-json\/wp\/v2\/users\/1401"}],"replies":[{"embeddable":true,"href":"https:\/\/lisakroeber.com\/et\/wp-json\/wp\/v2\/comments?post=308196"}],"version-history":[{"count":13,"href":"https:\/\/lisakroeber.com\/et\/wp-json\/wp\/v2\/pages\/308196\/revisions"}],"predecessor-version":[{"id":309240,"href":"https:\/\/lisakroeber.com\/et\/wp-json\/wp\/v2\/pages\/308196\/revisions\/309240"}],"wp:attachment":[{"href":"https:\/\/lisakroeber.com\/et\/wp-json\/wp\/v2\/media?parent=308196"}],"curies":[{"name":"wp","href":"https:\/\/api.w.org\/{rel}","templated":true}]}}