{"id":308685,"date":"2025-04-10T15:47:44","date_gmt":"2025-04-10T13:47:44","guid":{"rendered":"https:\/\/lisakroeber.com\/tootoad\/"},"modified":"2025-05-19T09:36:39","modified_gmt":"2025-05-19T07:36:39","slug":"tootoad","status":"publish","type":"page","link":"https:\/\/lisakroeber.com\/et\/tootoad\/","title":{"rendered":"T\u00f6\u00f6toad"},"content":{"rendered":"\n\n\t<section class=\"section\" id=\"section_771563823\">\n\t\t<div class=\"section-bg fill\" >\n\t\t\t\t\t\t\t\t\t\n\t\t\t\n\n\t\t<\/div>\n\n\t\t\n\n\t\t<div class=\"section-content relative\">\n\t\t\t\n\n\t<div id=\"gap-855247552\" class=\"gap-element clearfix\" style=\"display:block; height:auto;\">\n\t\t\n<style>\n#gap-855247552 {\n  padding-top: 30px;\n}\n<\/style>\n\t<\/div>\n\t\n\n<div class=\"container section-title-container\" ><h1 class=\"section-title section-title-center\"><b aria-hidden=\"true\"><\/b><span class=\"section-title-main\" >T\u00f6\u00f6toad<\/span><b aria-hidden=\"true\"><\/b><\/h1><\/div>\n\n\n\t\t<\/div>\n\n\t\t\n<style>\n#section_771563823 {\n  padding-top: 30px;\n  padding-bottom: 30px;\n}\n<\/style>\n\t<\/section>\n\t\n<div class=\"row\"  id=\"row-717583867\">\n\n\n\t<div id=\"col-1900969384\" class=\"col medium-4 small-12 large-4 col-divided\"  >\n\t\t\t\t<div class=\"col-inner\"  >\n\t\t\t\n\t\t\t\n\n\t<div class=\"img has-hover x md-x lg-x y md-y lg-y\" id=\"image_1882434373\">\n\t\t\t\t\t\t\t\t<div class=\"img-inner image-cover dark\" style=\"padding-top:400px;\">\n\t\t\t<img decoding=\"async\" width=\"971\" height=\"1096\" src=\"https:\/\/lisakroeber.com\/wp-content\/uploads\/2025\/05\/IMG_5175.jpg\" class=\"attachment-original size-original\" alt=\"\" srcset=\"https:\/\/lisakroeber.com\/wp-content\/uploads\/2025\/05\/IMG_5175.jpg 971w, https:\/\/lisakroeber.com\/wp-content\/uploads\/2025\/05\/IMG_5175-354x400.jpg 354w, https:\/\/lisakroeber.com\/wp-content\/uploads\/2025\/05\/IMG_5175-709x800.jpg 709w, https:\/\/lisakroeber.com\/wp-content\/uploads\/2025\/05\/IMG_5175-768x867.jpg 768w, https:\/\/lisakroeber.com\/wp-content\/uploads\/2025\/05\/IMG_5175-510x576.jpg 510w\" sizes=\"(max-width: 971px) 100vw, 971px\" \/>\t\t\t\t\t\t\n\t\t\t\t\t<\/div>\n\t\t\t\t\t\t\t\t\n<style>\n#image_1882434373 {\n  width: 100%;\n}\n<\/style>\n\t<\/div>\n\t\n\n<div class=\"container section-title-container head\" ><h3 class=\"section-title section-title-normal\"><b aria-hidden=\"true\"><\/b><span class=\"section-title-main\" >Ainulaadsete ehete t\u00f6\u00f6tuba<\/span><b aria-hidden=\"true\"><\/b><\/h3><\/div>\n\n\t<div id=\"text-1654192442\" class=\"text\">\n\t\t\n\n<p>Meie asjatundliku juhendamise all saad luua oma uue lemmik h\u00f5beehte vastavalt oma maitsele ja stiilile. T\u00f5eliselt ainulaadne t\u00fckk, mis saadab sind kogu sinu elu. Kas s\u00f5rmus, k\u00f5rvar\u00f5ngad v\u00f5i ripats \u2013 v\u00f5imalused on peaaegu l\u00f5putud.  <\/p>\n\t\t\n<style>\n#text-1654192442 {\n  line-height: 1.8;\n}\n<\/style>\n\t<\/div>\n\t\n<a href=\"https:\/\/lisakroeber.com\/et\/omanaolise-disaini-tootuba\/\" class=\"button primary\" >\n\t\t<span>Vaata veel<\/span>\n\t<\/a>\n\n\n\n\t\t<\/div>\n\t\t\t\t\n<style>\n#col-1900969384 > .col-inner {\n  padding: 0px 0px 0px 0px;\n  margin: 0px 0px 0px 0px;\n}\n<\/style>\n\t<\/div>\n\n\t\n\n\t<div id=\"col-1415504570\" class=\"col medium-4 small-12 large-4 col-divided\"  >\n\t\t\t\t<div class=\"col-inner\"  >\n\t\t\t\n\t\t\t\n\n\t<div class=\"img has-hover x md-x lg-x y md-y lg-y\" id=\"image_634282683\">\n\t\t\t\t\t\t\t\t<div class=\"img-inner image-cover dark\" style=\"padding-top:400px;\">\n\t\t\t<img decoding=\"async\" width=\"1536\" height=\"1536\" src=\"https:\/\/lisakroeber.com\/wp-content\/uploads\/2025\/05\/IMG_3661.jpg\" class=\"attachment-original size-original\" alt=\"\" srcset=\"https:\/\/lisakroeber.com\/wp-content\/uploads\/2025\/05\/IMG_3661.jpg 1536w, https:\/\/lisakroeber.com\/wp-content\/uploads\/2025\/05\/IMG_3661-400x400.jpg 400w, https:\/\/lisakroeber.com\/wp-content\/uploads\/2025\/05\/IMG_3661-800x800.jpg 800w, https:\/\/lisakroeber.com\/wp-content\/uploads\/2025\/05\/IMG_3661-280x280.jpg 280w, https:\/\/lisakroeber.com\/wp-content\/uploads\/2025\/05\/IMG_3661-768x768.jpg 768w, https:\/\/lisakroeber.com\/wp-content\/uploads\/2025\/05\/IMG_3661-247x247.jpg 247w, https:\/\/lisakroeber.com\/wp-content\/uploads\/2025\/05\/IMG_3661-510x510.jpg 510w, https:\/\/lisakroeber.com\/wp-content\/uploads\/2025\/05\/IMG_3661-100x100.jpg 100w\" sizes=\"(max-width: 1536px) 100vw, 1536px\" \/>\t\t\t\t\t\t\n\t\t\t\t\t<\/div>\n\t\t\t\t\t\t\t\t\n<style>\n#image_634282683 {\n  width: 100%;\n}\n<\/style>\n\t<\/div>\n\t\n\n<div class=\"container section-title-container head\" ><h3 class=\"section-title section-title-normal\"><b aria-hidden=\"true\"><\/b><span class=\"section-title-main\" >T\u00f6\u00f6tuba gruppidele<\/span><b aria-hidden=\"true\"><\/b><\/h3><\/div>\n\n\t<div id=\"text-1511275553\" class=\"text\">\n\t\t\n\n<p>Kas plaanite s\u00fcnnip\u00e4eva, t\u00fcdrukutepidu v\u00f5i v\u00e4ikest firma\u00fcritust? Pakume ehtekunsti kursusi osalejate arvuga kuni 4-10 osalejat. <\/p>\n\t\t\n<style>\n#text-1511275553 {\n  line-height: 1.8;\n}\n<\/style>\n\t<\/div>\n\t\n<a href=\"https:\/\/lisakroeber.com\/et\/tootuba-gruppidele\/\" class=\"button primary\" >\n\t\t<span>Vaata veel<\/span>\n\t<\/a>\n\n\n\n\t\t<\/div>\n\t\t\t\t\n<style>\n#col-1415504570 > .col-inner {\n  padding: 0px 0px 0px 0px;\n  margin: 0px 0px 0px 0px;\n}\n<\/style>\n\t<\/div>\n\n\t\n\n\t<div id=\"col-1339277005\" class=\"col medium-4 small-12 large-4 col-divided\"  >\n\t\t\t\t<div class=\"col-inner\"  >\n\t\t\t\n\t\t\t\n\n\t<div class=\"img has-hover x md-x lg-x y md-y lg-y\" id=\"image_137511417\">\n\t\t\t\t\t\t\t\t<div class=\"img-inner image-cover dark\" style=\"padding-top:400px;\">\n\t\t\t<img decoding=\"async\" width=\"1922\" height=\"2560\" src=\"https:\/\/lisakroeber.com\/wp-content\/uploads\/2025\/05\/abielus6rmus-kursus-1-scaled.jpg\" class=\"attachment-original size-original\" alt=\"\" srcset=\"https:\/\/lisakroeber.com\/wp-content\/uploads\/2025\/05\/abielus6rmus-kursus-1-scaled.jpg 1922w, https:\/\/lisakroeber.com\/wp-content\/uploads\/2025\/05\/abielus6rmus-kursus-1-300x400.jpg 300w, https:\/\/lisakroeber.com\/wp-content\/uploads\/2025\/05\/abielus6rmus-kursus-1-601x800.jpg 601w, https:\/\/lisakroeber.com\/wp-content\/uploads\/2025\/05\/abielus6rmus-kursus-1-768x1023.jpg 768w, https:\/\/lisakroeber.com\/wp-content\/uploads\/2025\/05\/abielus6rmus-kursus-1-1153x1536.jpg 1153w, https:\/\/lisakroeber.com\/wp-content\/uploads\/2025\/05\/abielus6rmus-kursus-1-1538x2048.jpg 1538w, https:\/\/lisakroeber.com\/wp-content\/uploads\/2025\/05\/abielus6rmus-kursus-1-510x679.jpg 510w\" sizes=\"(max-width: 1922px) 100vw, 1922px\" \/>\t\t\t\t\t\t\n\t\t\t\t\t<\/div>\n\t\t\t\t\t\t\t\t\n<style>\n#image_137511417 {\n  width: 100%;\n}\n<\/style>\n\t<\/div>\n\t\n\n<div class=\"container section-title-container head\" ><h3 class=\"section-title section-title-normal\"><b aria-hidden=\"true\"><\/b><span class=\"section-title-main\" >Abielus\u00f5rmuste t\u00f6\u00f6tuba<\/span><b aria-hidden=\"true\"><\/b><\/h3><\/div>\n\n\t<div id=\"text-2931779894\" class=\"text\">\n\t\t\n\n<p>Kui teile meeldib m\u00f5te valmistada oma abielus\u00f5rmused \u00fcksteisele, siis olete meie juures \u00f5iges kohas. Meie juhendamise all saate luua \u00fcksteisele kuldsed klassikalised, lihtsad, kuid elegantsed abielus\u00f5rmused, millele lisandub isikup\u00e4rane puudutus. <\/p>\n\t\t\n<style>\n#text-2931779894 {\n  line-height: 1.8;\n}\n<\/style>\n\t<\/div>\n\t\n<a href=\"https:\/\/lisakroeber.com\/et\/abielusormuste-tootuba\/\" class=\"button primary\" >\n\t\t<span>Vaata veel<\/span>\n\t<\/a>\n\n\n\n\t\t<\/div>\n\t\t\t\t\n<style>\n#col-1339277005 > .col-inner {\n  padding: 0px 0px 0px 0px;\n  margin: 0px 0px 0px 0px;\n}\n<\/style>\n\t<\/div>\n\n\t\n\n<\/div>\n\n","protected":false},"excerpt":{"rendered":"","protected":false},"author":1401,"featured_media":0,"parent":0,"menu_order":0,"comment_status":"closed","ping_status":"closed","template":"","meta":{"content-type":"","footnotes":""},"class_list":["post-308685","page","type-page","status-publish","hentry"],"yoast_head":"<!-- This site is optimized with the Yoast SEO plugin v27.4 - https:\/\/yoast.com\/product\/yoast-seo-wordpress\/ -->\n<title>T\u00f6\u00f6toad - Lisa Kroeber Jewellery Art<\/title>\n<meta name=\"robots\" content=\"index, follow, max-snippet:-1, max-image-preview:large, max-video-preview:-1\" \/>\n<link rel=\"canonical\" href=\"https:\/\/lisakroeber.com\/et\/tootoad\/\" \/>\n<meta property=\"og:locale\" content=\"et_EE\" \/>\n<meta property=\"og:type\" content=\"article\" \/>\n<meta property=\"og:title\" content=\"T\u00f6\u00f6toad - Lisa Kroeber Jewellery Art\" \/>\n<meta property=\"og:url\" content=\"https:\/\/lisakroeber.com\/et\/tootoad\/\" \/>\n<meta property=\"og:site_name\" content=\"Lisa Kroeber Jewellery Art\" \/>\n<meta property=\"article:modified_time\" content=\"2025-05-19T07:36:39+00:00\" \/>\n<meta name=\"twitter:card\" content=\"summary_large_image\" \/>\n<script type=\"application\/ld+json\" class=\"yoast-schema-graph\">{\"@context\":\"https:\\\/\\\/schema.org\",\"@graph\":[{\"@type\":\"WebPage\",\"@id\":\"https:\\\/\\\/lisakroeber.com\\\/et\\\/tootoad\\\/\",\"url\":\"https:\\\/\\\/lisakroeber.com\\\/et\\\/tootoad\\\/\",\"name\":\"T\u00f6\u00f6toad - Lisa Kroeber Jewellery Art\",\"isPartOf\":{\"@id\":\"https:\\\/\\\/lisakroeber.com\\\/#website\"},\"datePublished\":\"2025-04-10T13:47:44+00:00\",\"dateModified\":\"2025-05-19T07:36:39+00:00\",\"breadcrumb\":{\"@id\":\"https:\\\/\\\/lisakroeber.com\\\/et\\\/tootoad\\\/#breadcrumb\"},\"inLanguage\":\"et\",\"potentialAction\":[{\"@type\":\"ReadAction\",\"target\":[\"https:\\\/\\\/lisakroeber.com\\\/et\\\/tootoad\\\/\"]}]},{\"@type\":\"BreadcrumbList\",\"@id\":\"https:\\\/\\\/lisakroeber.com\\\/et\\\/tootoad\\\/#breadcrumb\",\"itemListElement\":[{\"@type\":\"ListItem\",\"position\":1,\"name\":\"Home\",\"item\":\"https:\\\/\\\/lisakroeber.com\\\/et\\\/\"},{\"@type\":\"ListItem\",\"position\":2,\"name\":\"T\u00f6\u00f6toad\"}]},{\"@type\":\"WebSite\",\"@id\":\"https:\\\/\\\/lisakroeber.com\\\/#website\",\"url\":\"https:\\\/\\\/lisakroeber.com\\\/\",\"name\":\"Lisa Kroeber Jewellery Art\",\"description\":\"Lisa Kroeber Jewellery Art e-shop\",\"publisher\":{\"@id\":\"https:\\\/\\\/lisakroeber.com\\\/#organization\"},\"potentialAction\":[{\"@type\":\"SearchAction\",\"target\":{\"@type\":\"EntryPoint\",\"urlTemplate\":\"https:\\\/\\\/lisakroeber.com\\\/?s={search_term_string}\"},\"query-input\":{\"@type\":\"PropertyValueSpecification\",\"valueRequired\":true,\"valueName\":\"search_term_string\"}}],\"inLanguage\":\"et\"},{\"@type\":\"Organization\",\"@id\":\"https:\\\/\\\/lisakroeber.com\\\/#organization\",\"name\":\"Lisa Kroeber Jewellery\",\"url\":\"https:\\\/\\\/lisakroeber.com\\\/\",\"logo\":{\"@type\":\"ImageObject\",\"inLanguage\":\"et\",\"@id\":\"https:\\\/\\\/lisakroeber.com\\\/#\\\/schema\\\/logo\\\/image\\\/\",\"url\":\"https:\\\/\\\/lisakroeber.com\\\/wp-content\\\/uploads\\\/2024\\\/07\\\/47178367_317322115661289_143956003702964224_n-e1543863670541.svg\",\"contentUrl\":\"https:\\\/\\\/lisakroeber.com\\\/wp-content\\\/uploads\\\/2024\\\/07\\\/47178367_317322115661289_143956003702964224_n-e1543863670541.svg\",\"width\":1,\"height\":1,\"caption\":\"Lisa Kroeber Jewellery\"},\"image\":{\"@id\":\"https:\\\/\\\/lisakroeber.com\\\/#\\\/schema\\\/logo\\\/image\\\/\"}}]}<\/script>\n<!-- \/ Yoast SEO plugin. -->","yoast_head_json":{"title":"T\u00f6\u00f6toad - Lisa Kroeber Jewellery Art","robots":{"index":"index","follow":"follow","max-snippet":"max-snippet:-1","max-image-preview":"max-image-preview:large","max-video-preview":"max-video-preview:-1"},"canonical":"https:\/\/lisakroeber.com\/et\/tootoad\/","og_locale":"et_EE","og_type":"article","og_title":"T\u00f6\u00f6toad - Lisa Kroeber Jewellery Art","og_url":"https:\/\/lisakroeber.com\/et\/tootoad\/","og_site_name":"Lisa Kroeber Jewellery Art","article_modified_time":"2025-05-19T07:36:39+00:00","twitter_card":"summary_large_image","schema":{"@context":"https:\/\/schema.org","@graph":[{"@type":"WebPage","@id":"https:\/\/lisakroeber.com\/et\/tootoad\/","url":"https:\/\/lisakroeber.com\/et\/tootoad\/","name":"T\u00f6\u00f6toad - Lisa Kroeber Jewellery Art","isPartOf":{"@id":"https:\/\/lisakroeber.com\/#website"},"datePublished":"2025-04-10T13:47:44+00:00","dateModified":"2025-05-19T07:36:39+00:00","breadcrumb":{"@id":"https:\/\/lisakroeber.com\/et\/tootoad\/#breadcrumb"},"inLanguage":"et","potentialAction":[{"@type":"ReadAction","target":["https:\/\/lisakroeber.com\/et\/tootoad\/"]}]},{"@type":"BreadcrumbList","@id":"https:\/\/lisakroeber.com\/et\/tootoad\/#breadcrumb","itemListElement":[{"@type":"ListItem","position":1,"name":"Home","item":"https:\/\/lisakroeber.com\/et\/"},{"@type":"ListItem","position":2,"name":"T\u00f6\u00f6toad"}]},{"@type":"WebSite","@id":"https:\/\/lisakroeber.com\/#website","url":"https:\/\/lisakroeber.com\/","name":"Lisa Kroeber Jewellery Art","description":"Lisa Kroeber Jewellery Art e-shop","publisher":{"@id":"https:\/\/lisakroeber.com\/#organization"},"potentialAction":[{"@type":"SearchAction","target":{"@type":"EntryPoint","urlTemplate":"https:\/\/lisakroeber.com\/?s={search_term_string}"},"query-input":{"@type":"PropertyValueSpecification","valueRequired":true,"valueName":"search_term_string"}}],"inLanguage":"et"},{"@type":"Organization","@id":"https:\/\/lisakroeber.com\/#organization","name":"Lisa Kroeber Jewellery","url":"https:\/\/lisakroeber.com\/","logo":{"@type":"ImageObject","inLanguage":"et","@id":"https:\/\/lisakroeber.com\/#\/schema\/logo\/image\/","url":"https:\/\/lisakroeber.com\/wp-content\/uploads\/2024\/07\/47178367_317322115661289_143956003702964224_n-e1543863670541.svg","contentUrl":"https:\/\/lisakroeber.com\/wp-content\/uploads\/2024\/07\/47178367_317322115661289_143956003702964224_n-e1543863670541.svg","width":1,"height":1,"caption":"Lisa Kroeber Jewellery"},"image":{"@id":"https:\/\/lisakroeber.com\/#\/schema\/logo\/image\/"}}]}},"_links":{"self":[{"href":"https:\/\/lisakroeber.com\/et\/wp-json\/wp\/v2\/pages\/308685","targetHints":{"allow":["GET"]}}],"collection":[{"href":"https:\/\/lisakroeber.com\/et\/wp-json\/wp\/v2\/pages"}],"about":[{"href":"https:\/\/lisakroeber.com\/et\/wp-json\/wp\/v2\/types\/page"}],"author":[{"embeddable":true,"href":"https:\/\/lisakroeber.com\/et\/wp-json\/wp\/v2\/users\/1401"}],"replies":[{"embeddable":true,"href":"https:\/\/lisakroeber.com\/et\/wp-json\/wp\/v2\/comments?post=308685"}],"version-history":[{"count":13,"href":"https:\/\/lisakroeber.com\/et\/wp-json\/wp\/v2\/pages\/308685\/revisions"}],"predecessor-version":[{"id":308884,"href":"https:\/\/lisakroeber.com\/et\/wp-json\/wp\/v2\/pages\/308685\/revisions\/308884"}],"wp:attachment":[{"href":"https:\/\/lisakroeber.com\/et\/wp-json\/wp\/v2\/media?parent=308685"}],"curies":[{"name":"wp","href":"https:\/\/api.w.org\/{rel}","templated":true}]}}